{"id":24080,"date":"2026-02-06T17:04:09","date_gmt":"2026-02-06T17:04:09","guid":{"rendered":"https:\/\/www.ghostysky.com\/?post_type=product&#038;p=24080"},"modified":"2026-02-08T10:54:49","modified_gmt":"2026-02-08T10:54:49","slug":"gdu-s400-pvl-8k-gimbal-camera","status":"publish","type":"product","link":"https:\/\/www.ghostysky.com\/fr\/product\/gdu-s400-pvl-8k-gimbal-camera\/","title":{"rendered":"GDU S400 PVL-8K Cam\u00e9ra \u00e0 nacelle"},"content":{"rendered":"<h3 data-path-to-node=\"2\">Principales fonctionnalit\u00e9s et capacit\u00e9s<\/h3>\n<ul data-path-to-node=\"3\">\n<li>\n<p data-path-to-node=\"3,0,0\"><b data-path-to-node=\"3,0,0\" data-index-in-node=\"0\">R\u00e9solution 8K Ultra HD\u00a0:<\/b> Capturez chaque d\u00e9tail gr\u00e2ce \u00e0 un capteur 8K offrant un zoom exceptionnel sans perte de nettet\u00e9. Un atout essentiel pour rep\u00e9rer les microfissures sur les ponts ou lire les num\u00e9ros de s\u00e9rie sur les isolateurs de lignes \u00e9lectriques.<\/p>\n<\/li>\n<li>\n<p data-path-to-node=\"3,1,0\"><b data-path-to-node=\"3,1,0\" data-index-in-node=\"0\">T\u00e9l\u00e9m\u00e8tre laser int\u00e9gr\u00e9\u00a0:<\/b> Mesurez les distances avec pr\u00e9cision depuis les airs. Cette fonctionnalit\u00e9 permet un positionnement pr\u00e9cis des cibles et la collecte de donn\u00e9es spatiales, ce qui en fait un outil puissant pour les lev\u00e9s topographiques et la cartographie tactique.<\/p>\n<\/li>\n<li>\n<p data-path-to-node=\"3,2,0\"><b data-path-to-node=\"3,2,0\" data-index-in-node=\"0\"><span class=\"citation-67\">Stabilisation sur 3 axes :<\/span><\/b><span class=\"citation-67 citation-end-67\"> La nacelle stabilis\u00e9e de qualit\u00e9 industrielle compense les vols \u00e0 grande vitesse et la r\u00e9sistance au vent, garantissant ainsi des images d&#039;une stabilit\u00e9 \u00e0 toute \u00e9preuve m\u00eame dans des conditions m\u00e9t\u00e9orologiques difficiles.<\/span><\/p>\n<\/li>\n<li>\n<p data-path-to-node=\"3,3,0\"><b data-path-to-node=\"3,3,0\" data-index-in-node=\"0\">Suivi intelligent et IA\u00a0:<\/b><span class=\"citation-66 citation-end-66\"> Dot\u00e9 d&#039;algorithmes avanc\u00e9s permettant de verrouiller et de suivre automatiquement des cibles mobiles (v\u00e9hicules, personnes ou navires), il offre une surveillance mains libres aux \u00e9quipes de surveillance.<\/span><\/p>\n<p>&nbsp;<\/li>\n<\/ul>\n<h3 data-path-to-node=\"5\">Sp\u00e9cifications techniques<\/h3>\n<table data-path-to-node=\"6\">\n<thead>\n<tr>\n<td><strong>Fonctionnalit\u00e9<\/strong><\/td>\n<td><strong>Sp\u00e9cification<\/strong><\/td>\n<\/tr>\n<\/thead>\n<tbody>\n<tr>\n<td><span data-path-to-node=\"6,1,0,0\"><b data-path-to-node=\"6,1,0,0\" data-index-in-node=\"0\">Capteur<\/b><\/span><\/td>\n<td><span data-path-to-node=\"6,1,1,0\">Capteur CMOS 1\/1,28 pouce<\/span><\/td>\n<\/tr>\n<tr>\n<td><span data-path-to-node=\"6,2,0,0\"><b data-path-to-node=\"6,2,0,0\" data-index-in-node=\"0\">R\u00e9solution maximale<\/b><\/span><\/td>\n<td><span data-path-to-node=\"6,2,1,0\">7680 \u00d7 4320 (8K)<\/span><\/td>\n<\/tr>\n<tr>\n<td><span data-path-to-node=\"6,3,0,0\"><b data-path-to-node=\"6,3,0,0\" data-index-in-node=\"0\">t\u00e9l\u00e9m\u00e8tre laser<\/b><\/span><\/td>\n<td><span data-path-to-node=\"6,3,1,0\">Pr\u00e9cision jusqu&#039;\u00e0 1500 m<\/span><\/td>\n<\/tr>\n<tr>\n<td><span data-path-to-node=\"6,4,0,0\"><b data-path-to-node=\"6,4,0,0\" data-index-in-node=\"0\">Format vid\u00e9o<\/b><\/span><\/td>\n<td><span data-path-to-node=\"6,4,1,0\">MP4 \/ MOV<\/span><\/td>\n<\/tr>\n<tr>\n<td><span data-path-to-node=\"6,5,0,0\"><b data-path-to-node=\"6,5,0,0\" data-index-in-node=\"0\">Rotation du cardan<\/b><\/span><\/td>\n<td><span data-path-to-node=\"6,5,1,0\">Tangage : -120\u00b0 \u00e0 +30\u00b0 ; Lacet : \u00b1160\u00b0<\/span><\/td>\n<\/tr>\n<tr>\n<td><span data-path-to-node=\"6,6,0,0\"><b data-path-to-node=\"6,6,0,0\" data-index-in-node=\"0\">Poids<\/b><\/span><\/td>\n<td><span data-path-to-node=\"6,6,1,0\">Optimis\u00e9 pour la baie de chargement du S400<\/span><\/td>\n<\/tr>\n<\/tbody>\n<\/table>\n<p>&nbsp;<\/p>\n<h3 data-path-to-node=\"8\">Ce qui le distingue<\/h3>\n<p data-path-to-node=\"9\">Contrairement aux appareils photo grand public classiques, le <b data-path-to-node=\"9\" data-index-in-node=\"38\">PVL-8K<\/b> Con\u00e7u sp\u00e9cifiquement pour le flux de travail de \u00ab\u00a0localisation visuelle de pr\u00e9cision\u00a0\u00bb (PVL), ce syst\u00e8me combine l&#039;imagerie 8K et la t\u00e9l\u00e9m\u00e9trie laser pour ne pas se contenter de visualiser une cible et d\u00e9terminer pr\u00e9cis\u00e9ment sa position dans l&#039;espace 3D.<\/p>","protected":false},"excerpt":{"rendered":"<p><span class=\"citation-68\">Le <\/span><b data-path-to-node=\"0\" data-index-in-node=\"4\"><span class=\"citation-68\">GDU S400 PVL-8K<\/span><\/b><span class=\"citation-68 citation-end-68\"> est une charge utile d&#039;imagerie a\u00e9rienne de qualit\u00e9 professionnelle con\u00e7ue sp\u00e9cifiquement pour le quadricopt\u00e8re GDU S400.<\/span> Il est con\u00e7u pour les op\u00e9rateurs qui ont besoin d&#039;une pr\u00e9cision en haute altitude et de donn\u00e9es ultra-nettes, qu&#039;il s&#039;agisse d&#039;inspections d&#039;infrastructures complexes ou de missions de s\u00e9curit\u00e9 publique \u00e0 haut risque.<\/p>","protected":false},"featured_media":24087,"comment_status":"open","ping_status":"closed","template":"","meta":[],"product_brand":[1369],"product_cat":[29,1378,1363,1359],"product_tag":[1380,1375,1371],"class_list":{"0":"post-24080","1":"product","2":"type-product","3":"status-publish","4":"has-post-thumbnail","6":"product_brand-gdu-tech","7":"product_cat-drones","8":"product_cat-gdu-s400-payloads","9":"product_cat-gdu-s400-series","10":"product_cat-gdu-tech","11":"product_tag-gdu-s400-payloads","12":"product_tag-gdu-s400-series","13":"product_tag-gdu-tech","15":"first","16":"outofstock","17":"taxable","18":"shipping-taxable","19":"purchasable","20":"product-type-simple"},"yoast_head":"<!-- This site is optimized with the Yoast SEO plugin v27.4 - https:\/\/yoast.com\/product\/yoast-seo-wordpress\/ -->\n<title>GDU S400 PVL-8K Gimbal Camera - Ghostysky<\/title>\n<meta name=\"description\" content=\"The GDU S400 PVL-8K is a professional-grade aerial imaging payload designed specifically for the GDU S400 quadcopter. It\u2019s built for operators who need high-altitude precision and ultra-clear data, whether you&#039;re performing complex infrastructure inspections or high-stakes public safety missions.\" \/>\n<meta name=\"robots\" content=\"index, follow, max-snippet:-1, max-image-preview:large, max-video-preview:-1\" \/>\n<link rel=\"canonical\" href=\"https:\/\/www.ghostysky.com\/fr\/product\/gdu-s400-pvl-8k-gimbal-camera\/\" \/>\n<meta property=\"og:locale\" content=\"fr_FR\" \/>\n<meta property=\"og:type\" content=\"article\" \/>\n<meta property=\"og:title\" content=\"GDU S400 PVL-8K Gimbal Camera - Ghostysky\" \/>\n<meta property=\"og:description\" content=\"The GDU S400 PVL-8K is a professional-grade aerial imaging payload designed specifically for the GDU S400 quadcopter. It\u2019s built for operators who need high-altitude precision and ultra-clear data, whether you&#039;re performing complex infrastructure inspections or high-stakes public safety missions.\" \/>\n<meta property=\"og:url\" content=\"https:\/\/www.ghostysky.com\/fr\/product\/gdu-s400-pvl-8k-gimbal-camera\/\" \/>\n<meta property=\"og:site_name\" content=\"Ghostysky\" \/>\n<meta property=\"article:publisher\" content=\"https:\/\/www.facebook.com\/people\/Ghostysky\/100057676170234\/\" \/>\n<meta property=\"article:modified_time\" content=\"2026-02-08T10:54:49+00:00\" \/>\n<meta property=\"og:image\" content=\"https:\/\/www.ghostysky.com\/wp-content\/uploads\/2026\/02\/GH_PVL-8K-Camera_1.webp\" \/>\n\t<meta property=\"og:image:width\" content=\"343\" \/>\n\t<meta property=\"og:image:height\" content=\"320\" \/>\n\t<meta property=\"og:image:type\" content=\"image\/webp\" \/>\n<meta name=\"twitter:card\" content=\"summary_large_image\" \/>\n<meta name=\"twitter:site\" content=\"@Gh0stysky\" \/>\n<meta name=\"twitter:label1\" content=\"Dur\u00e9e de lecture estim\u00e9e\" \/>\n\t<meta name=\"twitter:data1\" content=\"2 minutes\" \/>\n<script type=\"application\/ld+json\" class=\"yoast-schema-graph\">{\"@context\":\"https:\\\/\\\/schema.org\",\"@graph\":[{\"@type\":\"WebPage\",\"@id\":\"https:\\\/\\\/www.ghostysky.com\\\/product\\\/gdu-s400-pvl-8k-gimbal-camera\\\/\",\"url\":\"https:\\\/\\\/www.ghostysky.com\\\/product\\\/gdu-s400-pvl-8k-gimbal-camera\\\/\",\"name\":\"GDU S400 PVL-8K Gimbal Camera - Ghostysky\",\"isPartOf\":{\"@id\":\"https:\\\/\\\/www.ghostysky.com\\\/#website\"},\"primaryImageOfPage\":{\"@id\":\"https:\\\/\\\/www.ghostysky.com\\\/product\\\/gdu-s400-pvl-8k-gimbal-camera\\\/#primaryimage\"},\"image\":{\"@id\":\"https:\\\/\\\/www.ghostysky.com\\\/product\\\/gdu-s400-pvl-8k-gimbal-camera\\\/#primaryimage\"},\"thumbnailUrl\":\"https:\\\/\\\/www.ghostysky.com\\\/wp-content\\\/uploads\\\/2026\\\/02\\\/GH_PVL-8K-Camera_1.webp\",\"datePublished\":\"2026-02-06T17:04:09+00:00\",\"dateModified\":\"2026-02-08T10:54:49+00:00\",\"description\":\"The GDU S400 PVL-8K is a professional-grade aerial imaging payload designed specifically for the GDU S400 quadcopter. It\u2019s built for operators who need high-altitude precision and ultra-clear data, whether you're performing complex infrastructure inspections or high-stakes public safety missions.\",\"breadcrumb\":{\"@id\":\"https:\\\/\\\/www.ghostysky.com\\\/product\\\/gdu-s400-pvl-8k-gimbal-camera\\\/#breadcrumb\"},\"inLanguage\":\"fr-FR\",\"potentialAction\":[{\"@type\":\"ReadAction\",\"target\":[\"https:\\\/\\\/www.ghostysky.com\\\/product\\\/gdu-s400-pvl-8k-gimbal-camera\\\/\"]}]},{\"@type\":\"ImageObject\",\"inLanguage\":\"fr-FR\",\"@id\":\"https:\\\/\\\/www.ghostysky.com\\\/product\\\/gdu-s400-pvl-8k-gimbal-camera\\\/#primaryimage\",\"url\":\"https:\\\/\\\/www.ghostysky.com\\\/wp-content\\\/uploads\\\/2026\\\/02\\\/GH_PVL-8K-Camera_1.webp\",\"contentUrl\":\"https:\\\/\\\/www.ghostysky.com\\\/wp-content\\\/uploads\\\/2026\\\/02\\\/GH_PVL-8K-Camera_1.webp\",\"width\":343,\"height\":320},{\"@type\":\"BreadcrumbList\",\"@id\":\"https:\\\/\\\/www.ghostysky.com\\\/product\\\/gdu-s400-pvl-8k-gimbal-camera\\\/#breadcrumb\",\"itemListElement\":[{\"@type\":\"ListItem\",\"position\":1,\"name\":\"Home\",\"item\":\"https:\\\/\\\/www.ghostysky.com\\\/\"},{\"@type\":\"ListItem\",\"position\":2,\"name\":\"Shop\",\"item\":\"https:\\\/\\\/www.ghostysky.com\\\/shop\\\/\"},{\"@type\":\"ListItem\",\"position\":3,\"name\":\"GDU S400 PVL-8K Gimbal Camera\"}]},{\"@type\":\"WebSite\",\"@id\":\"https:\\\/\\\/www.ghostysky.com\\\/#website\",\"url\":\"https:\\\/\\\/www.ghostysky.com\\\/\",\"name\":\"Ghostysky\",\"description\":\"Delivering professional drones and services\",\"publisher\":{\"@id\":\"https:\\\/\\\/www.ghostysky.com\\\/#organization\"},\"potentialAction\":[{\"@type\":\"SearchAction\",\"target\":{\"@type\":\"EntryPoint\",\"urlTemplate\":\"https:\\\/\\\/www.ghostysky.com\\\/?s={search_term_string}\"},\"query-input\":{\"@type\":\"PropertyValueSpecification\",\"valueRequired\":true,\"valueName\":\"search_term_string\"}}],\"inLanguage\":\"fr-FR\"},{\"@type\":\"Organization\",\"@id\":\"https:\\\/\\\/www.ghostysky.com\\\/#organization\",\"name\":\"Ghostysky\",\"url\":\"https:\\\/\\\/www.ghostysky.com\\\/\",\"logo\":{\"@type\":\"ImageObject\",\"inLanguage\":\"fr-FR\",\"@id\":\"https:\\\/\\\/www.ghostysky.com\\\/#\\\/schema\\\/logo\\\/image\\\/\",\"url\":\"https:\\\/\\\/www.ghostysky.com\\\/wp-content\\\/uploads\\\/2020\\\/06\\\/cropped-ghostyskylogo_text_white2.png\",\"contentUrl\":\"https:\\\/\\\/www.ghostysky.com\\\/wp-content\\\/uploads\\\/2020\\\/06\\\/cropped-ghostyskylogo_text_white2.png\",\"width\":169,\"height\":56,\"caption\":\"Ghostysky\"},\"image\":{\"@id\":\"https:\\\/\\\/www.ghostysky.com\\\/#\\\/schema\\\/logo\\\/image\\\/\"},\"sameAs\":[\"https:\\\/\\\/www.facebook.com\\\/people\\\/Ghostysky\\\/100057676170234\\\/\",\"https:\\\/\\\/x.com\\\/Gh0stysky\",\"https:\\\/\\\/www.linkedin.com\\\/company\\\/34739653\",\"https:\\\/\\\/www.instagram.com\\\/gh0stysky\"]}]}<\/script>\n<!-- \/ Yoast SEO plugin. -->","yoast_head_json":{"title":"Cam\u00e9ra stabilis\u00e9e GDU S400 PVL-8K - Ghostysky","description":"Le GDU S400 PVL-8K est un syst\u00e8me d&#039;imagerie a\u00e9rienne professionnel con\u00e7u sp\u00e9cifiquement pour le drone GDU S400. Il est destin\u00e9 aux op\u00e9rateurs exigeant une pr\u00e9cision en haute altitude et des donn\u00e9es d&#039;une nettet\u00e9 exceptionnelle, que ce soit pour des inspections d&#039;infrastructures complexes ou des missions de s\u00e9curit\u00e9 publique \u00e0 haut risque.","robots":{"index":"index","follow":"follow","max-snippet":"max-snippet:-1","max-image-preview":"max-image-preview:large","max-video-preview":"max-video-preview:-1"},"canonical":"https:\/\/www.ghostysky.com\/fr\/product\/gdu-s400-pvl-8k-gimbal-camera\/","og_locale":"fr_FR","og_type":"article","og_title":"GDU S400 PVL-8K Gimbal Camera - Ghostysky","og_description":"The GDU S400 PVL-8K is a professional-grade aerial imaging payload designed specifically for the GDU S400 quadcopter. It\u2019s built for operators who need high-altitude precision and ultra-clear data, whether you're performing complex infrastructure inspections or high-stakes public safety missions.","og_url":"https:\/\/www.ghostysky.com\/fr\/product\/gdu-s400-pvl-8k-gimbal-camera\/","og_site_name":"Ghostysky","article_publisher":"https:\/\/www.facebook.com\/people\/Ghostysky\/100057676170234\/","article_modified_time":"2026-02-08T10:54:49+00:00","og_image":[{"width":343,"height":320,"url":"https:\/\/www.ghostysky.com\/wp-content\/uploads\/2026\/02\/GH_PVL-8K-Camera_1.webp","type":"image\/webp"}],"twitter_card":"summary_large_image","twitter_site":"@Gh0stysky","twitter_misc":{"Dur\u00e9e de lecture estim\u00e9e":"2 minutes"},"schema":{"@context":"https:\/\/schema.org","@graph":[{"@type":"WebPage","@id":"https:\/\/www.ghostysky.com\/product\/gdu-s400-pvl-8k-gimbal-camera\/","url":"https:\/\/www.ghostysky.com\/product\/gdu-s400-pvl-8k-gimbal-camera\/","name":"Cam\u00e9ra stabilis\u00e9e GDU S400 PVL-8K - Ghostysky","isPartOf":{"@id":"https:\/\/www.ghostysky.com\/#website"},"primaryImageOfPage":{"@id":"https:\/\/www.ghostysky.com\/product\/gdu-s400-pvl-8k-gimbal-camera\/#primaryimage"},"image":{"@id":"https:\/\/www.ghostysky.com\/product\/gdu-s400-pvl-8k-gimbal-camera\/#primaryimage"},"thumbnailUrl":"https:\/\/www.ghostysky.com\/wp-content\/uploads\/2026\/02\/GH_PVL-8K-Camera_1.webp","datePublished":"2026-02-06T17:04:09+00:00","dateModified":"2026-02-08T10:54:49+00:00","description":"Le GDU S400 PVL-8K est un syst\u00e8me d&#039;imagerie a\u00e9rienne professionnel con\u00e7u sp\u00e9cifiquement pour le drone GDU S400. Il est destin\u00e9 aux op\u00e9rateurs exigeant une pr\u00e9cision en haute altitude et des donn\u00e9es d&#039;une nettet\u00e9 exceptionnelle, que ce soit pour des inspections d&#039;infrastructures complexes ou des missions de s\u00e9curit\u00e9 publique \u00e0 haut risque.","breadcrumb":{"@id":"https:\/\/www.ghostysky.com\/product\/gdu-s400-pvl-8k-gimbal-camera\/#breadcrumb"},"inLanguage":"fr-FR","potentialAction":[{"@type":"ReadAction","target":["https:\/\/www.ghostysky.com\/product\/gdu-s400-pvl-8k-gimbal-camera\/"]}]},{"@type":"ImageObject","inLanguage":"fr-FR","@id":"https:\/\/www.ghostysky.com\/product\/gdu-s400-pvl-8k-gimbal-camera\/#primaryimage","url":"https:\/\/www.ghostysky.com\/wp-content\/uploads\/2026\/02\/GH_PVL-8K-Camera_1.webp","contentUrl":"https:\/\/www.ghostysky.com\/wp-content\/uploads\/2026\/02\/GH_PVL-8K-Camera_1.webp","width":343,"height":320},{"@type":"BreadcrumbList","@id":"https:\/\/www.ghostysky.com\/product\/gdu-s400-pvl-8k-gimbal-camera\/#breadcrumb","itemListElement":[{"@type":"ListItem","position":1,"name":"Home","item":"https:\/\/www.ghostysky.com\/"},{"@type":"ListItem","position":2,"name":"Shop","item":"https:\/\/www.ghostysky.com\/shop\/"},{"@type":"ListItem","position":3,"name":"GDU S400 PVL-8K Gimbal Camera"}]},{"@type":"WebSite","@id":"https:\/\/www.ghostysky.com\/#website","url":"https:\/\/www.ghostysky.com\/","name":"Ghostysky","description":"Livraison de drones et de services professionnels","publisher":{"@id":"https:\/\/www.ghostysky.com\/#organization"},"potentialAction":[{"@type":"SearchAction","target":{"@type":"EntryPoint","urlTemplate":"https:\/\/www.ghostysky.com\/?s={search_term_string}"},"query-input":{"@type":"PropertyValueSpecification","valueRequired":true,"valueName":"search_term_string"}}],"inLanguage":"fr-FR"},{"@type":"Organization","@id":"https:\/\/www.ghostysky.com\/#organization","name":"Ghostysky","url":"https:\/\/www.ghostysky.com\/","logo":{"@type":"ImageObject","inLanguage":"fr-FR","@id":"https:\/\/www.ghostysky.com\/#\/schema\/logo\/image\/","url":"https:\/\/www.ghostysky.com\/wp-content\/uploads\/2020\/06\/cropped-ghostyskylogo_text_white2.png","contentUrl":"https:\/\/www.ghostysky.com\/wp-content\/uploads\/2020\/06\/cropped-ghostyskylogo_text_white2.png","width":169,"height":56,"caption":"Ghostysky"},"image":{"@id":"https:\/\/www.ghostysky.com\/#\/schema\/logo\/image\/"},"sameAs":["https:\/\/www.facebook.com\/people\/Ghostysky\/100057676170234\/","https:\/\/x.com\/Gh0stysky","https:\/\/www.linkedin.com\/company\/34739653","https:\/\/www.instagram.com\/gh0stysky"]}]}},"_links":{"self":[{"href":"https:\/\/www.ghostysky.com\/fr\/wp-json\/wp\/v2\/product\/24080","targetHints":{"allow":["GET"]}}],"collection":[{"href":"https:\/\/www.ghostysky.com\/fr\/wp-json\/wp\/v2\/product"}],"about":[{"href":"https:\/\/www.ghostysky.com\/fr\/wp-json\/wp\/v2\/types\/product"}],"replies":[{"embeddable":true,"href":"https:\/\/www.ghostysky.com\/fr\/wp-json\/wp\/v2\/comments?post=24080"}],"wp:featuredmedia":[{"embeddable":true,"href":"https:\/\/www.ghostysky.com\/fr\/wp-json\/wp\/v2\/media\/24087"}],"wp:attachment":[{"href":"https:\/\/www.ghostysky.com\/fr\/wp-json\/wp\/v2\/media?parent=24080"}],"wp:term":[{"taxonomy":"product_brand","embeddable":true,"href":"https:\/\/www.ghostysky.com\/fr\/wp-json\/wp\/v2\/product_brand?post=24080"},{"taxonomy":"product_cat","embeddable":true,"href":"https:\/\/www.ghostysky.com\/fr\/wp-json\/wp\/v2\/product_cat?post=24080"},{"taxonomy":"product_tag","embeddable":true,"href":"https:\/\/www.ghostysky.com\/fr\/wp-json\/wp\/v2\/product_tag?post=24080"}],"curies":[{"name":"wp","href":"https:\/\/api.w.org\/{rel}","templated":true}]}}