{"id":24095,"date":"2026-02-06T17:26:39","date_gmt":"2026-02-06T17:26:39","guid":{"rendered":"https:\/\/www.ghostysky.com\/?post_type=product&#038;p=24095"},"modified":"2026-02-06T17:31:43","modified_gmt":"2026-02-06T17:31:43","slug":"gdu-ttz-200-spotlight-for-s200-series","status":"publish","type":"product","link":"https:\/\/www.ghostysky.com\/fr\/product\/gdu-ttz-200-spotlight-for-s200-series\/","title":{"rendered":"Projecteur GDU TTZ-200 pour la s\u00e9rie S200"},"content":{"rendered":"<h3 data-path-to-node=\"3\">Caract\u00e9ristiques principales<\/h3>\n<ul data-path-to-node=\"4\">\n<li>\n<p data-path-to-node=\"4,0,0\"><b data-path-to-node=\"4,0,0\" data-index-in-node=\"0\">\u00c9clairage puissant :<\/b> Livraison massive <b data-path-to-node=\"4,0,0\" data-index-in-node=\"44\">10 200 lumens<\/b> (environ <span class=\"citation-75 citation-end-75\">Avec une puissance de 200 W, le TTZ-200 peut illuminer des cibles depuis des hauteurs allant jusqu&#039;\u00e0 150 m\u00e8tres avec une pr\u00e9cision chirurgicale.<\/span><\/p>\n<\/li>\n<li>\n<p data-path-to-node=\"4,1,0\"><b data-path-to-node=\"4,1,0\" data-index-in-node=\"0\">Int\u00e9gration de pr\u00e9cision du cardan :<\/b> Mont\u00e9 sur une nacelle stabilis\u00e9e \u00e0 3 axes, le projecteur se synchronise parfaitement avec les mouvements de vol du drone et peut \u00eatre contr\u00f4l\u00e9 ind\u00e9pendamment pour suivre des cibles mobiles.<\/p>\n<\/li>\n<li>\n<p data-path-to-node=\"4,2,0\"><b data-path-to-node=\"4,2,0\" data-index-in-node=\"0\">Modes d&#039;\u00e9clairage adaptatifs\u00a0:<\/b><\/p>\n<ul data-path-to-node=\"4,2,1\">\n<li>\n<p data-path-to-node=\"4,2,1,0,0\"><b data-path-to-node=\"4,2,1,0,0\" data-index-in-node=\"0\">Projecteur:<\/b> Pour une connaissance situationnelle \u00e0 grande \u00e9chelle.<\/p>\n<\/li>\n<li>\n<p data-path-to-node=\"4,2,1,1,0\"><b data-path-to-node=\"4,2,1,1,0\" data-index-in-node=\"0\">Mettre en lumi\u00e8re:<\/b> Pour un suivi pr\u00e9cis \u00e0 longue port\u00e9e.<\/p>\n<\/li>\n<li>\n<p data-path-to-node=\"4,2,1,2,0\"><b data-path-to-node=\"4,2,1,2,0\" data-index-in-node=\"0\">Stroboscope :<\/b> Pour la signalisation d&#039;urgence et la dissuasion tactique.<\/p>\n<\/li>\n<\/ul>\n<\/li>\n<li>\n<p data-path-to-node=\"4,3,0\"><b data-path-to-node=\"4,3,0\" data-index-in-node=\"0\">Gestion de la chaleur\u00a0:<\/b> Il est dot\u00e9 d&#039;un syst\u00e8me de refroidissement intelligent int\u00e9gr\u00e9 pour \u00e9viter la surchauffe lors de missions prolong\u00e9es \u00e0 haut rendement.<\/p>\n<\/li>\n<li>\n<p data-path-to-node=\"4,4,0\"><b data-path-to-node=\"4,4,0\" data-index-in-node=\"0\">Contr\u00f4le transparent\u00a0:<\/b> Int\u00e9gr\u00e9e int\u00e9gralement \u00e0 l&#039;application de contr\u00f4le de vol GDU, elle permet aux pilotes de r\u00e9gler la luminosit\u00e9 et l&#039;angle du faisceau en temps r\u00e9el.<\/p>\n<\/li>\n<\/ul>\n<h3 data-path-to-node=\"6\">Sp\u00e9cifications techniques<\/h3>\n<table data-path-to-node=\"7\">\n<thead>\n<tr>\n<td><strong>Fonctionnalit\u00e9<\/strong><\/td>\n<td><strong>Sp\u00e9cification<\/strong><\/td>\n<\/tr>\n<\/thead>\n<tbody>\n<tr>\n<td><span data-path-to-node=\"7,1,0,0\"><b data-path-to-node=\"7,1,0,0\" data-index-in-node=\"0\">Puissance totale<\/b><\/span><\/td>\n<td><span data-path-to-node=\"7,1,1,0\">200 W<\/span><\/td>\n<\/tr>\n<tr>\n<td><span data-path-to-node=\"7,2,0,0\"><b data-path-to-node=\"7,2,0,0\" data-index-in-node=\"0\">Flux lumineux<\/b><\/span><\/td>\n<td><span data-path-to-node=\"7,2,1,0\">10 200 lm<\/span><\/td>\n<\/tr>\n<tr>\n<td><span data-path-to-node=\"7,3,0,0\"><b data-path-to-node=\"7,3,0,0\" data-index-in-node=\"0\">Distance d&#039;\u00e9clairage<\/b><\/span><\/td>\n<td><span data-path-to-node=\"7,3,1,0\">Efficace jusqu&#039;\u00e0 plus de 150 m<\/span><\/td>\n<\/tr>\n<tr>\n<td><span data-path-to-node=\"7,4,0,0\"><b data-path-to-node=\"7,4,0,0\" data-index-in-node=\"0\">Gamme de cardan<\/b><\/span><\/td>\n<td><span data-path-to-node=\"7,4,1,0\">Tangage : -120\u00b0 \u00e0 +30\u00b0 ; Lacet : \u00b1150\u00b0<\/span><\/td>\n<\/tr>\n<tr>\n<td><span data-path-to-node=\"7,5,0,0\"><b data-path-to-node=\"7,5,0,0\" data-index-in-node=\"0\">Poids<\/b><\/span><\/td>\n<td><span data-path-to-node=\"7,5,1,0\">~1,2 kg<\/span><\/td>\n<\/tr>\n<tr>\n<td><span data-path-to-node=\"7,6,0,0\"><b data-path-to-node=\"7,6,0,0\" data-index-in-node=\"0\">Compatibilit\u00e9<\/b><\/span><\/td>\n<td><span data-path-to-node=\"7,6,1,0\">S\u00e9rie GDU S200<\/span><\/td>\n<\/tr>\n<\/tbody>\n<\/table>\n<p>&nbsp;<\/p>\n<h3 data-path-to-node=\"9\">Pourquoi le TTZ-200 ?<\/h3>\n<p data-path-to-node=\"10\">Qu\u2019il s\u2019agisse de se d\u00e9placer dans une zone sinistr\u00e9e complexe ou de s\u00e9curiser un p\u00e9rim\u00e8tre dans l\u2019obscurit\u00e9 totale, le TTZ-200 \u00e9limine les angles morts. Sa capacit\u00e9 \u00e0 p\u00e9n\u00e9trer l\u2019obscurit\u00e9 garantit aux \u00e9quipes sur le terrain le soutien visuel n\u00e9cessaire pour op\u00e9rer en toute s\u00e9curit\u00e9 et avec efficacit\u00e9.<\/p>","protected":false},"excerpt":{"rendered":"<p><span class=\"citation-77\">Le <\/span><b data-path-to-node=\"1\" data-index-in-node=\"4\"><span class=\"citation-77\">Projecteur GDU TTZ-200<\/span><\/b><span class=\"citation-77\"> est un syst\u00e8me d&#039;\u00e9clairage a\u00e9rien \u00e0 haute intensit\u00e9 sp\u00e9cialement con\u00e7u pour <\/span><b data-path-to-node=\"1\" data-index-in-node=\"101\"><span class=\"citation-77\">S\u00e9rie GDU S200<\/span><\/b><span class=\"citation-77 citation-end-77\"> drones.<\/span> <span class=\"citation-76 citation-end-76\">Con\u00e7ue pour les op\u00e9rations critiques, cette charge utile transforme votre drone en un puissant phare mobile, offrant une visibilit\u00e9 exceptionnelle pour les op\u00e9rations de recherche et de sauvetage, les forces de l&#039;ordre et les inspections industrielles.<\/span><\/p>","protected":false},"featured_media":24099,"comment_status":"open","ping_status":"closed","template":"","meta":[],"product_brand":[1369],"product_cat":[29,1379,1360,1359],"product_tag":[1370,1380,1371],"class_list":{"0":"post-24095","1":"product","2":"type-product","3":"status-publish","4":"has-post-thumbnail","6":"product_brand-gdu-tech","7":"product_cat-drones","8":"product_cat-gdu-s200-payloads","9":"product_cat-gdu-s200-series","10":"product_cat-gdu-tech","11":"product_tag-gdu-s200-series","12":"product_tag-gdu-s400-payloads","13":"product_tag-gdu-tech","15":"first","16":"outofstock","17":"taxable","18":"shipping-taxable","19":"purchasable","20":"product-type-simple"},"yoast_head":"<!-- This site is optimized with the Yoast SEO plugin v27.1.1 - https:\/\/yoast.com\/product\/yoast-seo-wordpress\/ -->\n<title>GDU TTZ-200 Spotlight for S200 Series - Ghostysky<\/title>\n<meta name=\"description\" content=\"The GDU TTZ-200 Spotlight is a high-intensity aerial lighting system specifically engineered for the GDU S200 Series drones. Designed for mission-critical operations, this payload transforms your drone into a powerful mobile lighthouse, providing exceptional visibility for search and rescue, law enforcement, and industrial inspections.\" \/>\n<meta name=\"robots\" content=\"index, follow, max-snippet:-1, max-image-preview:large, max-video-preview:-1\" \/>\n<link rel=\"canonical\" href=\"https:\/\/www.ghostysky.com\/fr\/product\/gdu-ttz-200-spotlight-for-s200-series\/\" \/>\n<meta property=\"og:locale\" content=\"fr_FR\" \/>\n<meta property=\"og:type\" content=\"article\" \/>\n<meta property=\"og:title\" content=\"GDU TTZ-200 Spotlight for S200 Series - Ghostysky\" \/>\n<meta property=\"og:description\" content=\"The GDU TTZ-200 Spotlight is a high-intensity aerial lighting system specifically engineered for the GDU S200 Series drones. Designed for mission-critical operations, this payload transforms your drone into a powerful mobile lighthouse, providing exceptional visibility for search and rescue, law enforcement, and industrial inspections.\" \/>\n<meta property=\"og:url\" content=\"https:\/\/www.ghostysky.com\/fr\/product\/gdu-ttz-200-spotlight-for-s200-series\/\" \/>\n<meta property=\"og:site_name\" content=\"Ghostysky\" \/>\n<meta property=\"article:publisher\" content=\"https:\/\/www.facebook.com\/people\/Ghostysky\/100057676170234\/\" \/>\n<meta property=\"article:modified_time\" content=\"2026-02-06T17:31:43+00:00\" \/>\n<meta property=\"og:image\" content=\"https:\/\/www.ghostysky.com\/wp-content\/uploads\/2026\/02\/GH_TTZ-200-Spotlight-for-S200-Series-Drone_1.webp\" \/>\n\t<meta property=\"og:image:width\" content=\"1200\" \/>\n\t<meta property=\"og:image:height\" content=\"1200\" \/>\n\t<meta property=\"og:image:type\" content=\"image\/webp\" \/>\n<meta name=\"twitter:card\" content=\"summary_large_image\" \/>\n<meta name=\"twitter:site\" content=\"@Gh0stysky\" \/>\n<meta name=\"twitter:label1\" content=\"Dur\u00e9e de lecture estim\u00e9e\" \/>\n\t<meta name=\"twitter:data1\" content=\"2 minutes\" \/>\n<script type=\"application\/ld+json\" class=\"yoast-schema-graph\">{\"@context\":\"https:\/\/schema.org\",\"@graph\":[{\"@type\":\"WebPage\",\"@id\":\"https:\/\/www.ghostysky.com\/product\/gdu-ttz-200-spotlight-for-s200-series\/\",\"url\":\"https:\/\/www.ghostysky.com\/product\/gdu-ttz-200-spotlight-for-s200-series\/\",\"name\":\"GDU TTZ-200 Spotlight for S200 Series - Ghostysky\",\"isPartOf\":{\"@id\":\"https:\/\/www.ghostysky.com\/#website\"},\"primaryImageOfPage\":{\"@id\":\"https:\/\/www.ghostysky.com\/product\/gdu-ttz-200-spotlight-for-s200-series\/#primaryimage\"},\"image\":{\"@id\":\"https:\/\/www.ghostysky.com\/product\/gdu-ttz-200-spotlight-for-s200-series\/#primaryimage\"},\"thumbnailUrl\":\"https:\/\/www.ghostysky.com\/wp-content\/uploads\/2026\/02\/GH_TTZ-200-Spotlight-for-S200-Series-Drone_1.webp\",\"datePublished\":\"2026-02-06T17:26:39+00:00\",\"dateModified\":\"2026-02-06T17:31:43+00:00\",\"description\":\"The GDU TTZ-200 Spotlight is a high-intensity aerial lighting system specifically engineered for the GDU S200 Series drones. Designed for mission-critical operations, this payload transforms your drone into a powerful mobile lighthouse, providing exceptional visibility for search and rescue, law enforcement, and industrial inspections.\",\"breadcrumb\":{\"@id\":\"https:\/\/www.ghostysky.com\/product\/gdu-ttz-200-spotlight-for-s200-series\/#breadcrumb\"},\"inLanguage\":\"fr-FR\",\"potentialAction\":[{\"@type\":\"ReadAction\",\"target\":[\"https:\/\/www.ghostysky.com\/product\/gdu-ttz-200-spotlight-for-s200-series\/\"]}]},{\"@type\":\"ImageObject\",\"inLanguage\":\"fr-FR\",\"@id\":\"https:\/\/www.ghostysky.com\/product\/gdu-ttz-200-spotlight-for-s200-series\/#primaryimage\",\"url\":\"https:\/\/www.ghostysky.com\/wp-content\/uploads\/2026\/02\/GH_TTZ-200-Spotlight-for-S200-Series-Drone_1.webp\",\"contentUrl\":\"https:\/\/www.ghostysky.com\/wp-content\/uploads\/2026\/02\/GH_TTZ-200-Spotlight-for-S200-Series-Drone_1.webp\",\"width\":1200,\"height\":1200},{\"@type\":\"BreadcrumbList\",\"@id\":\"https:\/\/www.ghostysky.com\/product\/gdu-ttz-200-spotlight-for-s200-series\/#breadcrumb\",\"itemListElement\":[{\"@type\":\"ListItem\",\"position\":1,\"name\":\"Home\",\"item\":\"https:\/\/www.ghostysky.com\/\"},{\"@type\":\"ListItem\",\"position\":2,\"name\":\"Shop\",\"item\":\"https:\/\/www.ghostysky.com\/shop\/\"},{\"@type\":\"ListItem\",\"position\":3,\"name\":\"GDU TTZ-200 Spotlight for S200 Series\"}]},{\"@type\":\"WebSite\",\"@id\":\"https:\/\/www.ghostysky.com\/#website\",\"url\":\"https:\/\/www.ghostysky.com\/\",\"name\":\"Ghostysky\",\"description\":\"Delivering professional drones and services\",\"publisher\":{\"@id\":\"https:\/\/www.ghostysky.com\/#organization\"},\"potentialAction\":[{\"@type\":\"SearchAction\",\"target\":{\"@type\":\"EntryPoint\",\"urlTemplate\":\"https:\/\/www.ghostysky.com\/?s={search_term_string}\"},\"query-input\":{\"@type\":\"PropertyValueSpecification\",\"valueRequired\":true,\"valueName\":\"search_term_string\"}}],\"inLanguage\":\"fr-FR\"},{\"@type\":\"Organization\",\"@id\":\"https:\/\/www.ghostysky.com\/#organization\",\"name\":\"Ghostysky\",\"url\":\"https:\/\/www.ghostysky.com\/\",\"logo\":{\"@type\":\"ImageObject\",\"inLanguage\":\"fr-FR\",\"@id\":\"https:\/\/www.ghostysky.com\/#\/schema\/logo\/image\/\",\"url\":\"https:\/\/www.ghostysky.com\/wp-content\/uploads\/2020\/06\/cropped-ghostyskylogo_text_white2.png\",\"contentUrl\":\"https:\/\/www.ghostysky.com\/wp-content\/uploads\/2020\/06\/cropped-ghostyskylogo_text_white2.png\",\"width\":169,\"height\":56,\"caption\":\"Ghostysky\"},\"image\":{\"@id\":\"https:\/\/www.ghostysky.com\/#\/schema\/logo\/image\/\"},\"sameAs\":[\"https:\/\/www.facebook.com\/people\/Ghostysky\/100057676170234\/\",\"https:\/\/x.com\/Gh0stysky\",\"https:\/\/www.linkedin.com\/company\/34739653\",\"https:\/\/www.instagram.com\/gh0stysky\"]}]}<\/script>\n<!-- \/ Yoast SEO plugin. -->","yoast_head_json":{"title":"Projecteur GDU TTZ-200 pour la s\u00e9rie S200 - Ghostysky","description":"Le projecteur GDU TTZ-200 est un syst\u00e8me d&#039;\u00e9clairage a\u00e9rien haute intensit\u00e9 con\u00e7u sp\u00e9cifiquement pour les drones de la s\u00e9rie GDU S200. Destin\u00e9 aux op\u00e9rations critiques, cet accessoire transforme votre drone en un puissant phare mobile, offrant une visibilit\u00e9 exceptionnelle pour les missions de recherche et de sauvetage, les forces de l&#039;ordre et les inspections industrielles.","robots":{"index":"index","follow":"follow","max-snippet":"max-snippet:-1","max-image-preview":"max-image-preview:large","max-video-preview":"max-video-preview:-1"},"canonical":"https:\/\/www.ghostysky.com\/fr\/product\/gdu-ttz-200-spotlight-for-s200-series\/","og_locale":"fr_FR","og_type":"article","og_title":"GDU TTZ-200 Spotlight for S200 Series - Ghostysky","og_description":"The GDU TTZ-200 Spotlight is a high-intensity aerial lighting system specifically engineered for the GDU S200 Series drones. Designed for mission-critical operations, this payload transforms your drone into a powerful mobile lighthouse, providing exceptional visibility for search and rescue, law enforcement, and industrial inspections.","og_url":"https:\/\/www.ghostysky.com\/fr\/product\/gdu-ttz-200-spotlight-for-s200-series\/","og_site_name":"Ghostysky","article_publisher":"https:\/\/www.facebook.com\/people\/Ghostysky\/100057676170234\/","article_modified_time":"2026-02-06T17:31:43+00:00","og_image":[{"width":1200,"height":1200,"url":"https:\/\/www.ghostysky.com\/wp-content\/uploads\/2026\/02\/GH_TTZ-200-Spotlight-for-S200-Series-Drone_1.webp","type":"image\/webp"}],"twitter_card":"summary_large_image","twitter_site":"@Gh0stysky","twitter_misc":{"Dur\u00e9e de lecture estim\u00e9e":"2 minutes"},"schema":{"@context":"https:\/\/schema.org","@graph":[{"@type":"WebPage","@id":"https:\/\/www.ghostysky.com\/product\/gdu-ttz-200-spotlight-for-s200-series\/","url":"https:\/\/www.ghostysky.com\/product\/gdu-ttz-200-spotlight-for-s200-series\/","name":"Projecteur GDU TTZ-200 pour la s\u00e9rie S200 - Ghostysky","isPartOf":{"@id":"https:\/\/www.ghostysky.com\/#website"},"primaryImageOfPage":{"@id":"https:\/\/www.ghostysky.com\/product\/gdu-ttz-200-spotlight-for-s200-series\/#primaryimage"},"image":{"@id":"https:\/\/www.ghostysky.com\/product\/gdu-ttz-200-spotlight-for-s200-series\/#primaryimage"},"thumbnailUrl":"https:\/\/www.ghostysky.com\/wp-content\/uploads\/2026\/02\/GH_TTZ-200-Spotlight-for-S200-Series-Drone_1.webp","datePublished":"2026-02-06T17:26:39+00:00","dateModified":"2026-02-06T17:31:43+00:00","description":"Le projecteur GDU TTZ-200 est un syst\u00e8me d&#039;\u00e9clairage a\u00e9rien haute intensit\u00e9 con\u00e7u sp\u00e9cifiquement pour les drones de la s\u00e9rie GDU S200. Destin\u00e9 aux op\u00e9rations critiques, cet accessoire transforme votre drone en un puissant phare mobile, offrant une visibilit\u00e9 exceptionnelle pour les missions de recherche et de sauvetage, les forces de l&#039;ordre et les inspections industrielles.","breadcrumb":{"@id":"https:\/\/www.ghostysky.com\/product\/gdu-ttz-200-spotlight-for-s200-series\/#breadcrumb"},"inLanguage":"fr-FR","potentialAction":[{"@type":"ReadAction","target":["https:\/\/www.ghostysky.com\/product\/gdu-ttz-200-spotlight-for-s200-series\/"]}]},{"@type":"ImageObject","inLanguage":"fr-FR","@id":"https:\/\/www.ghostysky.com\/product\/gdu-ttz-200-spotlight-for-s200-series\/#primaryimage","url":"https:\/\/www.ghostysky.com\/wp-content\/uploads\/2026\/02\/GH_TTZ-200-Spotlight-for-S200-Series-Drone_1.webp","contentUrl":"https:\/\/www.ghostysky.com\/wp-content\/uploads\/2026\/02\/GH_TTZ-200-Spotlight-for-S200-Series-Drone_1.webp","width":1200,"height":1200},{"@type":"BreadcrumbList","@id":"https:\/\/www.ghostysky.com\/product\/gdu-ttz-200-spotlight-for-s200-series\/#breadcrumb","itemListElement":[{"@type":"ListItem","position":1,"name":"Home","item":"https:\/\/www.ghostysky.com\/"},{"@type":"ListItem","position":2,"name":"Shop","item":"https:\/\/www.ghostysky.com\/shop\/"},{"@type":"ListItem","position":3,"name":"GDU TTZ-200 Spotlight for S200 Series"}]},{"@type":"WebSite","@id":"https:\/\/www.ghostysky.com\/#website","url":"https:\/\/www.ghostysky.com\/","name":"Ghostysky","description":"Livraison de drones et de services professionnels","publisher":{"@id":"https:\/\/www.ghostysky.com\/#organization"},"potentialAction":[{"@type":"SearchAction","target":{"@type":"EntryPoint","urlTemplate":"https:\/\/www.ghostysky.com\/?s={search_term_string}"},"query-input":{"@type":"PropertyValueSpecification","valueRequired":true,"valueName":"search_term_string"}}],"inLanguage":"fr-FR"},{"@type":"Organization","@id":"https:\/\/www.ghostysky.com\/#organization","name":"Ghostysky","url":"https:\/\/www.ghostysky.com\/","logo":{"@type":"ImageObject","inLanguage":"fr-FR","@id":"https:\/\/www.ghostysky.com\/#\/schema\/logo\/image\/","url":"https:\/\/www.ghostysky.com\/wp-content\/uploads\/2020\/06\/cropped-ghostyskylogo_text_white2.png","contentUrl":"https:\/\/www.ghostysky.com\/wp-content\/uploads\/2020\/06\/cropped-ghostyskylogo_text_white2.png","width":169,"height":56,"caption":"Ghostysky"},"image":{"@id":"https:\/\/www.ghostysky.com\/#\/schema\/logo\/image\/"},"sameAs":["https:\/\/www.facebook.com\/people\/Ghostysky\/100057676170234\/","https:\/\/x.com\/Gh0stysky","https:\/\/www.linkedin.com\/company\/34739653","https:\/\/www.instagram.com\/gh0stysky"]}]}},"_links":{"self":[{"href":"https:\/\/www.ghostysky.com\/fr\/wp-json\/wp\/v2\/product\/24095","targetHints":{"allow":["GET"]}}],"collection":[{"href":"https:\/\/www.ghostysky.com\/fr\/wp-json\/wp\/v2\/product"}],"about":[{"href":"https:\/\/www.ghostysky.com\/fr\/wp-json\/wp\/v2\/types\/product"}],"replies":[{"embeddable":true,"href":"https:\/\/www.ghostysky.com\/fr\/wp-json\/wp\/v2\/comments?post=24095"}],"wp:featuredmedia":[{"embeddable":true,"href":"https:\/\/www.ghostysky.com\/fr\/wp-json\/wp\/v2\/media\/24099"}],"wp:attachment":[{"href":"https:\/\/www.ghostysky.com\/fr\/wp-json\/wp\/v2\/media?parent=24095"}],"wp:term":[{"taxonomy":"product_brand","embeddable":true,"href":"https:\/\/www.ghostysky.com\/fr\/wp-json\/wp\/v2\/product_brand?post=24095"},{"taxonomy":"product_cat","embeddable":true,"href":"https:\/\/www.ghostysky.com\/fr\/wp-json\/wp\/v2\/product_cat?post=24095"},{"taxonomy":"product_tag","embeddable":true,"href":"https:\/\/www.ghostysky.com\/fr\/wp-json\/wp\/v2\/product_tag?post=24095"}],"curies":[{"name":"wp","href":"https:\/\/api.w.org\/{rel}","templated":true}]}}