{"id":24104,"date":"2026-02-08T08:09:51","date_gmt":"2026-02-08T08:09:51","guid":{"rendered":"https:\/\/www.ghostysky.com\/?post_type=product&#038;p=24104"},"modified":"2026-02-08T08:17:21","modified_gmt":"2026-02-08T08:17:21","slug":"gdu-charger-for-s200-series-drone-battery","status":"publish","type":"product","link":"https:\/\/www.ghostysky.com\/fr\/product\/gdu-charger-for-s200-series-drone-battery\/","title":{"rendered":"Chargeur GDU pour batterie de drone s\u00e9rie S200"},"content":{"rendered":"<h3 data-path-to-node=\"2\"><b data-path-to-node=\"2\" data-index-in-node=\"0\">Pr\u00e9sentation du produit<\/b><\/h3>\n<p data-path-to-node=\"3\">Le chargeur GDU s\u00e9rie S200 est disponible en deux configurations principales selon les besoins de votre mission\u00a0:<\/p>\n<ol start=\"1\" data-path-to-node=\"4\">\n<li>\n<p data-path-to-node=\"4,0,0\"><b data-path-to-node=\"4,0,0\" data-index-in-node=\"0\"><span class=\"citation-17\">ACD-200 \/ ACD-200DC\u00a0:<\/span><\/b><span class=\"citation-17 citation-end-17\"> Base de chargement monocellulaire haute puissance pour la prise en charge individuelle des batteries et des t\u00e9l\u00e9commandes.<\/span><\/p>\n<\/li>\n<li>\n<p data-path-to-node=\"4,1,0\"><b data-path-to-node=\"4,1,0\" data-index-in-node=\"0\"><span class=\"citation-16\">Hub intelligent ACD-200GJ\u00a0:<\/span><\/b><span class=\"citation-16 citation-end-16\"> Une station de charge s\u00e9quentielle capable de g\u00e9rer jusqu&#039;\u00e0 trois batteries de vol.<\/span><\/p>\n<\/li>\n<\/ol>\n<h3 data-path-to-node=\"5\"><b data-path-to-node=\"5\" data-index-in-node=\"0\">Caract\u00e9ristiques principales<\/b><\/h3>\n<ul data-path-to-node=\"6\">\n<li>\n<p data-path-to-node=\"6,0,0\"><b data-path-to-node=\"6,0,0\" data-index-in-node=\"0\">Charge rapide :<\/b><span class=\"citation-15\"> B\u00e9n\u00e9ficiant d&#039;un <\/span><b data-path-to-node=\"6,0,0\" data-index-in-node=\"27\"><span class=\"citation-15\">Puissance de sortie de 272 W<\/span><\/b><span class=\"citation-15\">, le chargeur peut recharger compl\u00e8tement une batterie de vol S200 en environ <\/span><b data-path-to-node=\"6,0,0\" data-index-in-node=\"118\"><span class=\"citation-15\">60 minutes<\/span><\/b><span class=\"citation-15 citation-end-15\">.<\/span> Pour les missions urgentes, il peut recharger une batterie de 20% \u00e0 90% en un temps record. <b data-path-to-node=\"6,0,0\" data-index-in-node=\"198\">25 minutes<\/b>.<\/p>\n<\/li>\n<li>\n<p data-path-to-node=\"6,1,0\"><b data-path-to-node=\"6,1,0\" data-index-in-node=\"0\"><span class=\"citation-14\">Polyvalence \u00e0 double port\u00a0:<\/span><\/b><span class=\"citation-14 citation-end-14\"> De nombreux mod\u00e8les sont dot\u00e9s de deux sorties, vous permettant de charger simultan\u00e9ment une batterie d&#039;avion et une t\u00e9l\u00e9commande (via USB Type-C).<\/span><\/p>\n<\/li>\n<li>\n<p data-path-to-node=\"6,2,0\"><b data-path-to-node=\"6,2,0\" data-index-in-node=\"0\"><span class=\"citation-13\">S\u00e9quen\u00e7age intelligent (mod\u00e8le Hub)\u00a0:<\/span><\/b><span class=\"citation-13 citation-end-13\"> Le hub ACD-200GJ d\u00e9tecte automatiquement les niveaux de batterie et privil\u00e9gie la batterie ayant la charge restante la plus \u00e9lev\u00e9e, vous permettant ainsi de reprendre les airs le plus rapidement possible.<\/span><\/p>\n<\/li>\n<li>\n<p data-path-to-node=\"6,3,0\"><b data-path-to-node=\"6,3,0\" data-index-in-node=\"0\"><span class=\"citation-12\">Protection compl\u00e8te :<\/span><\/b><span class=\"citation-12 citation-end-12\"> Les dispositifs de s\u00e9curit\u00e9 int\u00e9gr\u00e9s comprennent une protection contre le reflux, les courts-circuits, les surtensions, les surintensit\u00e9s et les surchauffes.<\/span><\/p>\n<\/li>\n<li>\n<p data-path-to-node=\"6,4,0\"><b data-path-to-node=\"6,4,0\" data-index-in-node=\"0\">Durabilit\u00e9 industrielle :<\/b><span class=\"citation-11\"> Con\u00e7u pour fonctionner dans des environnements difficiles, il conserve son efficacit\u00e9 \u00e0 des temp\u00e9ratures allant de <\/span><b data-path-to-node=\"6,4,0\" data-index-in-node=\"121\"><span class=\"citation-11\">-20\u00b0C \u00e0 +55\u00b0C<\/span><\/b><span class=\"citation-11 citation-end-11\"> (en fonctionnement).<\/span><\/p>\n<p>&nbsp;<\/li>\n<\/ul>\n<h3 data-path-to-node=\"8\"><b data-path-to-node=\"8\" data-index-in-node=\"0\">Sp\u00e9cifications techniques<\/b><\/h3>\n<table data-path-to-node=\"9\">\n<thead>\n<tr>\n<td><strong>Sp\u00e9cification<\/strong><\/td>\n<td><strong>D\u00e9tail<\/strong><\/td>\n<\/tr>\n<\/thead>\n<tbody>\n<tr>\n<td><span data-path-to-node=\"9,1,0,0\"><b data-path-to-node=\"9,1,0,0\" data-index-in-node=\"0\">Compatibilit\u00e9<\/b><\/span><\/td>\n<td><span data-path-to-node=\"9,1,1,0\">Batteries de vol intelligentes s\u00e9rie GDU S200 (ADC-200A)<\/span><\/td>\n<\/tr>\n<tr>\n<td><span data-path-to-node=\"9,2,0,0\"><b data-path-to-node=\"9,2,0,0\" data-index-in-node=\"0\">Puissance de sortie<\/b><\/span><\/td>\n<td><span data-path-to-node=\"9,2,1,0\">272 W<\/span><\/td>\n<\/tr>\n<tr>\n<td><span data-path-to-node=\"9,3,0,0\"><b data-path-to-node=\"9,3,0,0\" data-index-in-node=\"0\">Tension d&#039;entr\u00e9e<\/b><\/span><\/td>\n<td><span data-path-to-node=\"9,3,1,0\">90\u2013264 V CA, 47\u201363 Hz<\/span><\/td>\n<\/tr>\n<tr>\n<td><span data-path-to-node=\"9,4,0,0\"><b data-path-to-node=\"9,4,0,0\" data-index-in-node=\"0\">Temps de charge<\/b><\/span><\/td>\n<td><span data-path-to-node=\"9,4,1,0\">~60 min (Complet) \/ ~25 min (20% \u00e0 90%)<\/span><\/td>\n<\/tr>\n<tr>\n<td><span data-path-to-node=\"9,5,0,0\"><b data-path-to-node=\"9,5,0,0\" data-index-in-node=\"0\">Poids<\/b><\/span><\/td>\n<td><span data-path-to-node=\"9,5,1,0\">79 g (base simple) \/ 220 g (Smart Hub)<\/span><\/td>\n<\/tr>\n<tr>\n<td><span data-path-to-node=\"9,6,0,0\"><b data-path-to-node=\"9,6,0,0\" data-index-in-node=\"0\">Indicateurs<\/b><\/span><\/td>\n<td><span data-path-to-node=\"9,6,1,0\">Voyants LED indiquant la charge, la fin de la charge et un dysfonctionnement<\/span><\/td>\n<\/tr>\n<\/tbody>\n<\/table>","protected":false},"excerpt":{"rendered":"<p><span class=\"\">Le <\/span><b class=\"\" data-path-to-node=\"0\" data-index-in-node=\"4\">Chargeur GDU ACD-200<\/b><span class=\"\"> (et sa variante \u00e0 moyeu,<\/span><span class=\"\"> le <\/span><b class=\"\" data-path-to-node=\"0\" data-index-in-node=\"50\">ACD-200GJ<\/b><span class=\"\">) est une solution d&#039;alimentation de qualit\u00e9 professionnelle sp\u00e9cialement con\u00e7ue pour les drones industriels de la s\u00e9rie S200.<\/span><span class=\"\"> Con\u00e7u pour une intervention rapide sur le terrain,<\/span><span class=\"\"> Ce chargeur allie une puissance de sortie \u00e9lev\u00e9e \u00e0 des protocoles de s\u00e9curit\u00e9 avanc\u00e9s pour assurer la continuit\u00e9 de vos op\u00e9rations de vol.<\/span><\/p>","protected":false},"featured_media":24105,"comment_status":"open","ping_status":"closed","template":"","meta":[],"product_brand":[1369],"product_cat":[29,1360,1362,1359],"product_tag":[1370,1374,1371],"class_list":{"0":"post-24104","1":"product","2":"type-product","3":"status-publish","4":"has-post-thumbnail","6":"product_brand-gdu-tech","7":"product_cat-drones","8":"product_cat-gdu-s200-series","9":"product_cat-gdu-s200-series-accessories","10":"product_cat-gdu-tech","11":"product_tag-gdu-s200-series","12":"product_tag-gdu-s200-series-accessories","13":"product_tag-gdu-tech","15":"first","16":"outofstock","17":"taxable","18":"shipping-taxable","19":"purchasable","20":"product-type-simple"},"yoast_head":"<!-- This site is optimized with the Yoast SEO plugin v27.4 - https:\/\/yoast.com\/product\/yoast-seo-wordpress\/ -->\n<title>GDU Charger for S200 Series Drone Battery - Ghostysky<\/title>\n<meta name=\"description\" content=\"The GDU ACD-200 Charger (and its hub variant, the ACD-200GJ) is a professional-grade power solution specifically engineered for the S200 Series industrial drones. Designed for rapid turnaround in the field, this charger balances high power output with advanced safety protocols to keep your flight operations moving.\" \/>\n<meta name=\"robots\" content=\"index, follow, max-snippet:-1, max-image-preview:large, max-video-preview:-1\" \/>\n<link rel=\"canonical\" href=\"https:\/\/www.ghostysky.com\/fr\/product\/gdu-charger-for-s200-series-drone-battery\/\" \/>\n<meta property=\"og:locale\" content=\"fr_FR\" \/>\n<meta property=\"og:type\" content=\"article\" \/>\n<meta property=\"og:title\" content=\"GDU Charger for S200 Series Drone Battery - Ghostysky\" \/>\n<meta property=\"og:description\" content=\"The GDU ACD-200 Charger (and its hub variant, the ACD-200GJ) is a professional-grade power solution specifically engineered for the S200 Series industrial drones. Designed for rapid turnaround in the field, this charger balances high power output with advanced safety protocols to keep your flight operations moving.\" \/>\n<meta property=\"og:url\" content=\"https:\/\/www.ghostysky.com\/fr\/product\/gdu-charger-for-s200-series-drone-battery\/\" \/>\n<meta property=\"og:site_name\" content=\"Ghostysky\" \/>\n<meta property=\"article:publisher\" content=\"https:\/\/www.facebook.com\/people\/Ghostysky\/100057676170234\/\" \/>\n<meta property=\"article:modified_time\" content=\"2026-02-08T08:17:21+00:00\" \/>\n<meta property=\"og:image\" content=\"https:\/\/www.ghostysky.com\/wp-content\/uploads\/2026\/02\/GH_GDU-Charger-for-S200-Series-Drone-Battery_1.webp\" \/>\n\t<meta property=\"og:image:width\" content=\"1200\" \/>\n\t<meta property=\"og:image:height\" content=\"1200\" \/>\n\t<meta property=\"og:image:type\" content=\"image\/webp\" \/>\n<meta name=\"twitter:card\" content=\"summary_large_image\" \/>\n<meta name=\"twitter:site\" content=\"@Gh0stysky\" \/>\n<meta name=\"twitter:label1\" content=\"Dur\u00e9e de lecture estim\u00e9e\" \/>\n\t<meta name=\"twitter:data1\" content=\"2 minutes\" \/>\n<script type=\"application\/ld+json\" class=\"yoast-schema-graph\">{\"@context\":\"https:\\\/\\\/schema.org\",\"@graph\":[{\"@type\":\"WebPage\",\"@id\":\"https:\\\/\\\/www.ghostysky.com\\\/product\\\/gdu-charger-for-s200-series-drone-battery\\\/\",\"url\":\"https:\\\/\\\/www.ghostysky.com\\\/product\\\/gdu-charger-for-s200-series-drone-battery\\\/\",\"name\":\"GDU Charger for S200 Series Drone Battery - Ghostysky\",\"isPartOf\":{\"@id\":\"https:\\\/\\\/www.ghostysky.com\\\/#website\"},\"primaryImageOfPage\":{\"@id\":\"https:\\\/\\\/www.ghostysky.com\\\/product\\\/gdu-charger-for-s200-series-drone-battery\\\/#primaryimage\"},\"image\":{\"@id\":\"https:\\\/\\\/www.ghostysky.com\\\/product\\\/gdu-charger-for-s200-series-drone-battery\\\/#primaryimage\"},\"thumbnailUrl\":\"https:\\\/\\\/www.ghostysky.com\\\/wp-content\\\/uploads\\\/2026\\\/02\\\/GH_GDU-Charger-for-S200-Series-Drone-Battery_1.webp\",\"datePublished\":\"2026-02-08T08:09:51+00:00\",\"dateModified\":\"2026-02-08T08:17:21+00:00\",\"description\":\"The GDU ACD-200 Charger (and its hub variant, the ACD-200GJ) is a professional-grade power solution specifically engineered for the S200 Series industrial drones. Designed for rapid turnaround in the field, this charger balances high power output with advanced safety protocols to keep your flight operations moving.\",\"breadcrumb\":{\"@id\":\"https:\\\/\\\/www.ghostysky.com\\\/product\\\/gdu-charger-for-s200-series-drone-battery\\\/#breadcrumb\"},\"inLanguage\":\"fr-FR\",\"potentialAction\":[{\"@type\":\"ReadAction\",\"target\":[\"https:\\\/\\\/www.ghostysky.com\\\/product\\\/gdu-charger-for-s200-series-drone-battery\\\/\"]}]},{\"@type\":\"ImageObject\",\"inLanguage\":\"fr-FR\",\"@id\":\"https:\\\/\\\/www.ghostysky.com\\\/product\\\/gdu-charger-for-s200-series-drone-battery\\\/#primaryimage\",\"url\":\"https:\\\/\\\/www.ghostysky.com\\\/wp-content\\\/uploads\\\/2026\\\/02\\\/GH_GDU-Charger-for-S200-Series-Drone-Battery_1.webp\",\"contentUrl\":\"https:\\\/\\\/www.ghostysky.com\\\/wp-content\\\/uploads\\\/2026\\\/02\\\/GH_GDU-Charger-for-S200-Series-Drone-Battery_1.webp\",\"width\":1200,\"height\":1200},{\"@type\":\"BreadcrumbList\",\"@id\":\"https:\\\/\\\/www.ghostysky.com\\\/product\\\/gdu-charger-for-s200-series-drone-battery\\\/#breadcrumb\",\"itemListElement\":[{\"@type\":\"ListItem\",\"position\":1,\"name\":\"Home\",\"item\":\"https:\\\/\\\/www.ghostysky.com\\\/\"},{\"@type\":\"ListItem\",\"position\":2,\"name\":\"Shop\",\"item\":\"https:\\\/\\\/www.ghostysky.com\\\/shop\\\/\"},{\"@type\":\"ListItem\",\"position\":3,\"name\":\"GDU Charger for S200 Series Drone Battery\"}]},{\"@type\":\"WebSite\",\"@id\":\"https:\\\/\\\/www.ghostysky.com\\\/#website\",\"url\":\"https:\\\/\\\/www.ghostysky.com\\\/\",\"name\":\"Ghostysky\",\"description\":\"Delivering professional drones and services\",\"publisher\":{\"@id\":\"https:\\\/\\\/www.ghostysky.com\\\/#organization\"},\"potentialAction\":[{\"@type\":\"SearchAction\",\"target\":{\"@type\":\"EntryPoint\",\"urlTemplate\":\"https:\\\/\\\/www.ghostysky.com\\\/?s={search_term_string}\"},\"query-input\":{\"@type\":\"PropertyValueSpecification\",\"valueRequired\":true,\"valueName\":\"search_term_string\"}}],\"inLanguage\":\"fr-FR\"},{\"@type\":\"Organization\",\"@id\":\"https:\\\/\\\/www.ghostysky.com\\\/#organization\",\"name\":\"Ghostysky\",\"url\":\"https:\\\/\\\/www.ghostysky.com\\\/\",\"logo\":{\"@type\":\"ImageObject\",\"inLanguage\":\"fr-FR\",\"@id\":\"https:\\\/\\\/www.ghostysky.com\\\/#\\\/schema\\\/logo\\\/image\\\/\",\"url\":\"https:\\\/\\\/www.ghostysky.com\\\/wp-content\\\/uploads\\\/2020\\\/06\\\/cropped-ghostyskylogo_text_white2.png\",\"contentUrl\":\"https:\\\/\\\/www.ghostysky.com\\\/wp-content\\\/uploads\\\/2020\\\/06\\\/cropped-ghostyskylogo_text_white2.png\",\"width\":169,\"height\":56,\"caption\":\"Ghostysky\"},\"image\":{\"@id\":\"https:\\\/\\\/www.ghostysky.com\\\/#\\\/schema\\\/logo\\\/image\\\/\"},\"sameAs\":[\"https:\\\/\\\/www.facebook.com\\\/people\\\/Ghostysky\\\/100057676170234\\\/\",\"https:\\\/\\\/x.com\\\/Gh0stysky\",\"https:\\\/\\\/www.linkedin.com\\\/company\\\/34739653\",\"https:\\\/\\\/www.instagram.com\\\/gh0stysky\"]}]}<\/script>\n<!-- \/ Yoast SEO plugin. -->","yoast_head_json":{"title":"Chargeur GDU pour batterie de drone s\u00e9rie S200 - Ghostysky","description":"Le chargeur GDU ACD-200 (et sa variante pour hub, l&#039;ACD-200GJ) est une solution d&#039;alimentation professionnelle con\u00e7ue sp\u00e9cifiquement pour les drones industriels de la s\u00e9rie S200. Con\u00e7u pour une mise en service rapide sur le terrain, ce chargeur allie une puissance de sortie \u00e9lev\u00e9e \u00e0 des protocoles de s\u00e9curit\u00e9 avanc\u00e9s afin de garantir la continuit\u00e9 de vos op\u00e9rations de vol.","robots":{"index":"index","follow":"follow","max-snippet":"max-snippet:-1","max-image-preview":"max-image-preview:large","max-video-preview":"max-video-preview:-1"},"canonical":"https:\/\/www.ghostysky.com\/fr\/product\/gdu-charger-for-s200-series-drone-battery\/","og_locale":"fr_FR","og_type":"article","og_title":"GDU Charger for S200 Series Drone Battery - Ghostysky","og_description":"The GDU ACD-200 Charger (and its hub variant, the ACD-200GJ) is a professional-grade power solution specifically engineered for the S200 Series industrial drones. Designed for rapid turnaround in the field, this charger balances high power output with advanced safety protocols to keep your flight operations moving.","og_url":"https:\/\/www.ghostysky.com\/fr\/product\/gdu-charger-for-s200-series-drone-battery\/","og_site_name":"Ghostysky","article_publisher":"https:\/\/www.facebook.com\/people\/Ghostysky\/100057676170234\/","article_modified_time":"2026-02-08T08:17:21+00:00","og_image":[{"width":1200,"height":1200,"url":"https:\/\/www.ghostysky.com\/wp-content\/uploads\/2026\/02\/GH_GDU-Charger-for-S200-Series-Drone-Battery_1.webp","type":"image\/webp"}],"twitter_card":"summary_large_image","twitter_site":"@Gh0stysky","twitter_misc":{"Dur\u00e9e de lecture estim\u00e9e":"2 minutes"},"schema":{"@context":"https:\/\/schema.org","@graph":[{"@type":"WebPage","@id":"https:\/\/www.ghostysky.com\/product\/gdu-charger-for-s200-series-drone-battery\/","url":"https:\/\/www.ghostysky.com\/product\/gdu-charger-for-s200-series-drone-battery\/","name":"Chargeur GDU pour batterie de drone s\u00e9rie S200 - Ghostysky","isPartOf":{"@id":"https:\/\/www.ghostysky.com\/#website"},"primaryImageOfPage":{"@id":"https:\/\/www.ghostysky.com\/product\/gdu-charger-for-s200-series-drone-battery\/#primaryimage"},"image":{"@id":"https:\/\/www.ghostysky.com\/product\/gdu-charger-for-s200-series-drone-battery\/#primaryimage"},"thumbnailUrl":"https:\/\/www.ghostysky.com\/wp-content\/uploads\/2026\/02\/GH_GDU-Charger-for-S200-Series-Drone-Battery_1.webp","datePublished":"2026-02-08T08:09:51+00:00","dateModified":"2026-02-08T08:17:21+00:00","description":"Le chargeur GDU ACD-200 (et sa variante pour hub, l&#039;ACD-200GJ) est une solution d&#039;alimentation professionnelle con\u00e7ue sp\u00e9cifiquement pour les drones industriels de la s\u00e9rie S200. Con\u00e7u pour une mise en service rapide sur le terrain, ce chargeur allie une puissance de sortie \u00e9lev\u00e9e \u00e0 des protocoles de s\u00e9curit\u00e9 avanc\u00e9s afin de garantir la continuit\u00e9 de vos op\u00e9rations de vol.","breadcrumb":{"@id":"https:\/\/www.ghostysky.com\/product\/gdu-charger-for-s200-series-drone-battery\/#breadcrumb"},"inLanguage":"fr-FR","potentialAction":[{"@type":"ReadAction","target":["https:\/\/www.ghostysky.com\/product\/gdu-charger-for-s200-series-drone-battery\/"]}]},{"@type":"ImageObject","inLanguage":"fr-FR","@id":"https:\/\/www.ghostysky.com\/product\/gdu-charger-for-s200-series-drone-battery\/#primaryimage","url":"https:\/\/www.ghostysky.com\/wp-content\/uploads\/2026\/02\/GH_GDU-Charger-for-S200-Series-Drone-Battery_1.webp","contentUrl":"https:\/\/www.ghostysky.com\/wp-content\/uploads\/2026\/02\/GH_GDU-Charger-for-S200-Series-Drone-Battery_1.webp","width":1200,"height":1200},{"@type":"BreadcrumbList","@id":"https:\/\/www.ghostysky.com\/product\/gdu-charger-for-s200-series-drone-battery\/#breadcrumb","itemListElement":[{"@type":"ListItem","position":1,"name":"Home","item":"https:\/\/www.ghostysky.com\/"},{"@type":"ListItem","position":2,"name":"Shop","item":"https:\/\/www.ghostysky.com\/shop\/"},{"@type":"ListItem","position":3,"name":"GDU Charger for S200 Series Drone Battery"}]},{"@type":"WebSite","@id":"https:\/\/www.ghostysky.com\/#website","url":"https:\/\/www.ghostysky.com\/","name":"Ghostysky","description":"Livraison de drones et de services professionnels","publisher":{"@id":"https:\/\/www.ghostysky.com\/#organization"},"potentialAction":[{"@type":"SearchAction","target":{"@type":"EntryPoint","urlTemplate":"https:\/\/www.ghostysky.com\/?s={search_term_string}"},"query-input":{"@type":"PropertyValueSpecification","valueRequired":true,"valueName":"search_term_string"}}],"inLanguage":"fr-FR"},{"@type":"Organization","@id":"https:\/\/www.ghostysky.com\/#organization","name":"Ghostysky","url":"https:\/\/www.ghostysky.com\/","logo":{"@type":"ImageObject","inLanguage":"fr-FR","@id":"https:\/\/www.ghostysky.com\/#\/schema\/logo\/image\/","url":"https:\/\/www.ghostysky.com\/wp-content\/uploads\/2020\/06\/cropped-ghostyskylogo_text_white2.png","contentUrl":"https:\/\/www.ghostysky.com\/wp-content\/uploads\/2020\/06\/cropped-ghostyskylogo_text_white2.png","width":169,"height":56,"caption":"Ghostysky"},"image":{"@id":"https:\/\/www.ghostysky.com\/#\/schema\/logo\/image\/"},"sameAs":["https:\/\/www.facebook.com\/people\/Ghostysky\/100057676170234\/","https:\/\/x.com\/Gh0stysky","https:\/\/www.linkedin.com\/company\/34739653","https:\/\/www.instagram.com\/gh0stysky"]}]}},"_links":{"self":[{"href":"https:\/\/www.ghostysky.com\/fr\/wp-json\/wp\/v2\/product\/24104","targetHints":{"allow":["GET"]}}],"collection":[{"href":"https:\/\/www.ghostysky.com\/fr\/wp-json\/wp\/v2\/product"}],"about":[{"href":"https:\/\/www.ghostysky.com\/fr\/wp-json\/wp\/v2\/types\/product"}],"replies":[{"embeddable":true,"href":"https:\/\/www.ghostysky.com\/fr\/wp-json\/wp\/v2\/comments?post=24104"}],"version-history":[{"count":0,"href":"https:\/\/www.ghostysky.com\/fr\/wp-json\/wp\/v2\/product\/24104\/revisions"}],"wp:featuredmedia":[{"embeddable":true,"href":"https:\/\/www.ghostysky.com\/fr\/wp-json\/wp\/v2\/media\/24105"}],"wp:attachment":[{"href":"https:\/\/www.ghostysky.com\/fr\/wp-json\/wp\/v2\/media?parent=24104"}],"wp:term":[{"taxonomy":"product_brand","embeddable":true,"href":"https:\/\/www.ghostysky.com\/fr\/wp-json\/wp\/v2\/product_brand?post=24104"},{"taxonomy":"product_cat","embeddable":true,"href":"https:\/\/www.ghostysky.com\/fr\/wp-json\/wp\/v2\/product_cat?post=24104"},{"taxonomy":"product_tag","embeddable":true,"href":"https:\/\/www.ghostysky.com\/fr\/wp-json\/wp\/v2\/product_tag?post=24104"}],"curies":[{"name":"wp","href":"https:\/\/api.w.org\/{rel}","templated":true}]}}