{"id":24106,"date":"2026-02-08T08:19:09","date_gmt":"2026-02-08T08:19:09","guid":{"rendered":"https:\/\/www.ghostysky.com\/?post_type=product&#038;p=24106"},"modified":"2026-02-08T08:34:49","modified_gmt":"2026-02-08T08:34:49","slug":"gdu-s200-smart-charging-hub","status":"publish","type":"product","link":"https:\/\/www.ghostysky.com\/fr\/product\/gdu-s200-smart-charging-hub\/","title":{"rendered":"Centre de recharge intelligent GDU S200"},"content":{"rendered":"<h3 data-path-to-node=\"2\"><b data-path-to-node=\"2\" data-index-in-node=\"0\">Caract\u00e9ristiques principales<\/b><\/h3>\n<ul data-path-to-node=\"3\">\n<li>\n<p data-path-to-node=\"3,0,0\"><b data-path-to-node=\"3,0,0\" data-index-in-node=\"0\">Recharge s\u00e9quentielle intelligente\u00a0:<\/b><span class=\"citation-49\"> Le hub peut accueillir jusqu&#039;\u00e0 <\/span><b data-path-to-node=\"3,0,0\" data-index-in-node=\"63\"><span class=\"citation-49\">trois batteries de vol S200<\/span><\/b><span class=\"citation-49 citation-end-49\">.<\/span> <span class=\"citation-48 citation-end-48\">Il d\u00e9tecte intelligemment les niveaux de charge restants et privil\u00e9gie la batterie la plus charg\u00e9e, vous permettant ainsi de reprendre les airs le plus rapidement possible.<\/span><\/p>\n<\/li>\n<li>\n<p data-path-to-node=\"3,1,0\"><b data-path-to-node=\"3,1,0\" data-index-in-node=\"0\"><span class=\"citation-47\">Fourniture rapide d&#039;\u00e9nergie :<\/span><\/b><span class=\"citation-47\"> Avec une puissance de sortie \u00e9lev\u00e9e pouvant atteindre <\/span><b data-path-to-node=\"3,1,0\" data-index-in-node=\"56\"><span class=\"citation-47\">272 W<\/span><\/b><span class=\"citation-47\">, le hub peut recharger compl\u00e8tement une seule batterie de vol en environ <\/span><b data-path-to-node=\"3,1,0\" data-index-in-node=\"128\"><span class=\"citation-47\">60 minutes<\/span><\/b><span class=\"citation-47 citation-end-47\">.<\/span> <span class=\"citation-46\">Pour les besoins urgents, il peut recharger une batterie de 20% \u00e0 90% en un temps record. <\/span><b data-path-to-node=\"3,1,0\" data-index-in-node=\"211\"><span class=\"citation-46\">25 minutes<\/span><\/b><span class=\"citation-46 citation-end-46\">.<\/span><\/p>\n<\/li>\n<li>\n<p data-path-to-node=\"3,2,0\"><b data-path-to-node=\"3,2,0\" data-index-in-node=\"0\">Syst\u00e8mes de s\u00e9curit\u00e9 complets\u00a0:<\/b> Con\u00e7u pour une fiabilit\u00e9 industrielle, le hub comprend des protections int\u00e9gr\u00e9es contre\u00a0:<\/p>\n<ul data-path-to-node=\"3,2,1\">\n<li>\n<p data-path-to-node=\"3,2,1,0,0\"><span class=\"citation-45 citation-end-45\">Courts-circuits<\/span><\/p>\n<\/li>\n<li>\n<p data-path-to-node=\"3,2,1,1,0\">Surtension et surintensit\u00e9<\/p>\n<\/li>\n<li>\n<p data-path-to-node=\"3,2,1,2,0\"><span class=\"citation-44 citation-end-44\">Surchauffe<\/span><\/p>\n<\/li>\n<li>\n<p data-path-to-node=\"3,2,1,3,0\">Protection anti-refoulement<\/p>\n<\/li>\n<\/ul>\n<\/li>\n<li>\n<p data-path-to-node=\"3,3,0\"><b data-path-to-node=\"3,3,0\" data-index-in-node=\"0\"><span class=\"citation-43\">Portable et l\u00e9ger :<\/span><\/b><span class=\"citation-43\"> Pes\u00e9e uniquement <\/span><b data-path-to-node=\"3,3,0\" data-index-in-node=\"38\"><span class=\"citation-43\">220 g (7,76 oz)<\/span><\/b><span class=\"citation-43 citation-end-43\">, Le hub est con\u00e7u pour \u00eatre facilement transport\u00e9 dans des \u00e9tuis pour drones ou des sacs \u00e0 dos, ce qui le rend id\u00e9al pour les inspections \u00e0 distance et les missions de s\u00e9curit\u00e9 publique.<\/span><\/p>\n<\/li>\n<li>\n<p data-path-to-node=\"3,4,0\"><b data-path-to-node=\"3,4,0\" data-index-in-node=\"0\"><span class=\"citation-42\">Indicateurs LED intelligents\u00a0:<\/span><\/b><span class=\"citation-42 citation-end-42\"> Des mises \u00e0 jour claires et en temps r\u00e9el informent l&#039;utilisateur en un coup d&#039;\u0153il de l&#039;\u00e9tat de la charge, de son ach\u00e8vement, des alertes de temp\u00e9rature ou des dysfonctionnements potentiels.<\/span><\/p>\n<p>&nbsp;<\/li>\n<\/ul>\n<h3 data-path-to-node=\"5\"><b data-path-to-node=\"5\" data-index-in-node=\"0\">Sp\u00e9cifications techniques<\/b><\/h3>\n<table data-path-to-node=\"6\">\n<thead>\n<tr>\n<td><strong>Sp\u00e9cification<\/strong><\/td>\n<td><strong>D\u00e9tails<\/strong><\/td>\n<\/tr>\n<\/thead>\n<tbody>\n<tr>\n<td><span data-path-to-node=\"6,1,0,0\"><b data-path-to-node=\"6,1,0,0\" data-index-in-node=\"0\">Mod\u00e8le<\/b><\/span><\/td>\n<td><span data-path-to-node=\"6,1,1,0\">ACD-200GJ<\/span><\/td>\n<\/tr>\n<tr>\n<td><span data-path-to-node=\"6,2,0,0\"><b data-path-to-node=\"6,2,0,0\" data-index-in-node=\"0\">Compatibilit\u00e9<\/b><\/span><\/td>\n<td><span data-path-to-node=\"6,2,1,0\">Batteries GDU S200, S220 et S220 Pro<\/span><\/td>\n<\/tr>\n<tr>\n<td><span data-path-to-node=\"6,3,0,0\"><b data-path-to-node=\"6,3,0,0\" data-index-in-node=\"0\">Puissance de sortie maximale<\/b><\/span><\/td>\n<td><span data-path-to-node=\"6,3,1,0\">272 W<\/span><\/td>\n<\/tr>\n<tr>\n<td><span data-path-to-node=\"6,4,0,0\"><b data-path-to-node=\"6,4,0,0\" data-index-in-node=\"0\">Emplacements de chargement<\/b><\/span><\/td>\n<td><span data-path-to-node=\"6,4,1,0\">3 (S\u00e9quentiel)<\/span><\/td>\n<\/tr>\n<tr>\n<td><span data-path-to-node=\"6,5,0,0\"><b data-path-to-node=\"6,5,0,0\" data-index-in-node=\"0\">Poids<\/b><\/span><\/td>\n<td><span data-path-to-node=\"6,5,1,0\">220 g<\/span><\/td>\n<\/tr>\n<tr>\n<td><span data-path-to-node=\"6,6,0,0\"><b data-path-to-node=\"6,6,0,0\" data-index-in-node=\"0\">Temp\u00e9rature de fonctionnement<\/b><\/span><\/td>\n<td><span data-path-to-node=\"6,6,1,0\"><span class=\"math-inline\" data-math=\"5^\\circ\\text{C}\" data-index-in-node=\"0\">5\u00baC \u00e0 <\/span><span class=\"math-inline\" data-math=\"40^\\circ\\text{C}\" data-index-in-node=\"19\">40\u00baC<\/span> (<span class=\"math-inline\" data-math=\"41^\\circ\\text{F}\" data-index-in-node=\"37\">41\u00baF <\/span>\u00e0 <span class=\"math-inline\" data-math=\"104^\\circ\\text{F}\" data-index-in-node=\"57\">104\u00baF<\/span>)<\/span><\/td>\n<\/tr>\n<tr>\n<td><span data-path-to-node=\"6,7,0,0\"><b data-path-to-node=\"6,7,0,0\" data-index-in-node=\"0\">Temps de charge complet<\/b><\/span><\/td>\n<td><span data-path-to-node=\"6,7,1,0\">Environ 60 minutes par batterie<\/span><\/td>\n<\/tr>\n<\/tbody>\n<\/table>\n<p>&nbsp;<\/p>\n<h3 data-path-to-node=\"8\"><b data-path-to-node=\"8\" data-index-in-node=\"0\">Pourquoi choisir ce hub ?<\/b><\/h3>\n<p data-path-to-node=\"9\">Contrairement aux chargeurs simples classiques, le Smart Charging Hub \u00e9limine le besoin d&#039;intervention manuelle. <span class=\"citation-41 citation-end-41\">Vous pouvez brancher l&#039;ensemble de vos batteries \u00e0 la fin d&#039;une mission et laisser le hub g\u00e9rer la distribution de l&#039;\u00e9nergie, garantissant ainsi que votre batterie la plus \u201c fra\u00eeche \u201d soit toujours pr\u00eate en premier.<\/span><\/p>","protected":false},"excerpt":{"rendered":"<p><span class=\"citation-51\">Le <\/span><b data-path-to-node=\"0\" data-index-in-node=\"4\"><span class=\"citation-51\">Centre de recharge intelligent GDU ACD-200GJ<\/span><\/b><span class=\"citation-51\"> est une solution de gestion de l&#039;\u00e9nergie \u00e0 haut rendement con\u00e7ue sp\u00e9cifiquement pour <\/span><b data-path-to-node=\"0\" data-index-in-node=\"114\"><span class=\"citation-51\">S\u00e9rie GDU S200<\/span><\/b><span class=\"citation-51 citation-end-51\"> Drones industriels.<\/span> <span class=\"citation-50 citation-end-50\">C&#039;est un accessoire indispensable pour les op\u00e9rateurs professionnels qui ont besoin de minimiser les temps d&#039;arr\u00eat et de maintenir un flux de travail de vol continu sur le terrain.<\/span><\/p>","protected":false},"featured_media":24112,"comment_status":"open","ping_status":"closed","template":"","meta":[],"product_brand":[1369],"product_cat":[29,1360,1362,1359],"product_tag":[1370,1374,1371],"class_list":{"0":"post-24106","1":"product","2":"type-product","3":"status-publish","4":"has-post-thumbnail","6":"product_brand-gdu-tech","7":"product_cat-drones","8":"product_cat-gdu-s200-series","9":"product_cat-gdu-s200-series-accessories","10":"product_cat-gdu-tech","11":"product_tag-gdu-s200-series","12":"product_tag-gdu-s200-series-accessories","13":"product_tag-gdu-tech","15":"first","16":"outofstock","17":"taxable","18":"shipping-taxable","19":"purchasable","20":"product-type-simple"},"yoast_head":"<!-- This site is optimized with the Yoast SEO plugin v27.1.1 - https:\/\/yoast.com\/product\/yoast-seo-wordpress\/ -->\n<title>GDU S200 smart charging hub - Ghostysky<\/title>\n<meta name=\"description\" content=\"The GDU ACD-200GJ Smart Charging Hub is a high-efficiency power management solution designed specifically for the GDU S200 Series industrial drones. It is an essential accessory for professional operators who need to minimize downtime and maintain a continuous flight workflow in the field.\" \/>\n<meta name=\"robots\" content=\"index, follow, max-snippet:-1, max-image-preview:large, max-video-preview:-1\" \/>\n<link rel=\"canonical\" href=\"https:\/\/www.ghostysky.com\/fr\/product\/gdu-s200-smart-charging-hub\/\" \/>\n<meta property=\"og:locale\" content=\"fr_FR\" \/>\n<meta property=\"og:type\" content=\"article\" \/>\n<meta property=\"og:title\" content=\"GDU S200 smart charging hub - Ghostysky\" \/>\n<meta property=\"og:description\" content=\"The GDU ACD-200GJ Smart Charging Hub is a high-efficiency power management solution designed specifically for the GDU S200 Series industrial drones. It is an essential accessory for professional operators who need to minimize downtime and maintain a continuous flight workflow in the field.\" \/>\n<meta property=\"og:url\" content=\"https:\/\/www.ghostysky.com\/fr\/product\/gdu-s200-smart-charging-hub\/\" \/>\n<meta property=\"og:site_name\" content=\"Ghostysky\" \/>\n<meta property=\"article:publisher\" content=\"https:\/\/www.facebook.com\/people\/Ghostysky\/100057676170234\/\" \/>\n<meta property=\"article:modified_time\" content=\"2026-02-08T08:34:49+00:00\" \/>\n<meta property=\"og:image\" content=\"https:\/\/www.ghostysky.com\/wp-content\/uploads\/2026\/02\/GH_GDU-S200-smart-charging-hub1_.webp\" \/>\n\t<meta property=\"og:image:width\" content=\"1200\" \/>\n\t<meta property=\"og:image:height\" content=\"1200\" \/>\n\t<meta property=\"og:image:type\" content=\"image\/webp\" \/>\n<meta name=\"twitter:card\" content=\"summary_large_image\" \/>\n<meta name=\"twitter:site\" content=\"@Gh0stysky\" \/>\n<meta name=\"twitter:label1\" content=\"Dur\u00e9e de lecture estim\u00e9e\" \/>\n\t<meta name=\"twitter:data1\" content=\"2 minutes\" \/>\n<script type=\"application\/ld+json\" class=\"yoast-schema-graph\">{\"@context\":\"https:\/\/schema.org\",\"@graph\":[{\"@type\":\"WebPage\",\"@id\":\"https:\/\/www.ghostysky.com\/product\/gdu-s200-smart-charging-hub\/\",\"url\":\"https:\/\/www.ghostysky.com\/product\/gdu-s200-smart-charging-hub\/\",\"name\":\"GDU S200 smart charging hub - Ghostysky\",\"isPartOf\":{\"@id\":\"https:\/\/www.ghostysky.com\/#website\"},\"primaryImageOfPage\":{\"@id\":\"https:\/\/www.ghostysky.com\/product\/gdu-s200-smart-charging-hub\/#primaryimage\"},\"image\":{\"@id\":\"https:\/\/www.ghostysky.com\/product\/gdu-s200-smart-charging-hub\/#primaryimage\"},\"thumbnailUrl\":\"https:\/\/www.ghostysky.com\/wp-content\/uploads\/2026\/02\/GH_GDU-S200-smart-charging-hub1_.webp\",\"datePublished\":\"2026-02-08T08:19:09+00:00\",\"dateModified\":\"2026-02-08T08:34:49+00:00\",\"description\":\"The GDU ACD-200GJ Smart Charging Hub is a high-efficiency power management solution designed specifically for the GDU S200 Series industrial drones. It is an essential accessory for professional operators who need to minimize downtime and maintain a continuous flight workflow in the field.\",\"breadcrumb\":{\"@id\":\"https:\/\/www.ghostysky.com\/product\/gdu-s200-smart-charging-hub\/#breadcrumb\"},\"inLanguage\":\"fr-FR\",\"potentialAction\":[{\"@type\":\"ReadAction\",\"target\":[\"https:\/\/www.ghostysky.com\/product\/gdu-s200-smart-charging-hub\/\"]}]},{\"@type\":\"ImageObject\",\"inLanguage\":\"fr-FR\",\"@id\":\"https:\/\/www.ghostysky.com\/product\/gdu-s200-smart-charging-hub\/#primaryimage\",\"url\":\"https:\/\/www.ghostysky.com\/wp-content\/uploads\/2026\/02\/GH_GDU-S200-smart-charging-hub1_.webp\",\"contentUrl\":\"https:\/\/www.ghostysky.com\/wp-content\/uploads\/2026\/02\/GH_GDU-S200-smart-charging-hub1_.webp\",\"width\":1200,\"height\":1200},{\"@type\":\"BreadcrumbList\",\"@id\":\"https:\/\/www.ghostysky.com\/product\/gdu-s200-smart-charging-hub\/#breadcrumb\",\"itemListElement\":[{\"@type\":\"ListItem\",\"position\":1,\"name\":\"Home\",\"item\":\"https:\/\/www.ghostysky.com\/\"},{\"@type\":\"ListItem\",\"position\":2,\"name\":\"Shop\",\"item\":\"https:\/\/www.ghostysky.com\/shop\/\"},{\"@type\":\"ListItem\",\"position\":3,\"name\":\"GDU S200 smart charging hub\"}]},{\"@type\":\"WebSite\",\"@id\":\"https:\/\/www.ghostysky.com\/#website\",\"url\":\"https:\/\/www.ghostysky.com\/\",\"name\":\"Ghostysky\",\"description\":\"Delivering professional drones and services\",\"publisher\":{\"@id\":\"https:\/\/www.ghostysky.com\/#organization\"},\"potentialAction\":[{\"@type\":\"SearchAction\",\"target\":{\"@type\":\"EntryPoint\",\"urlTemplate\":\"https:\/\/www.ghostysky.com\/?s={search_term_string}\"},\"query-input\":{\"@type\":\"PropertyValueSpecification\",\"valueRequired\":true,\"valueName\":\"search_term_string\"}}],\"inLanguage\":\"fr-FR\"},{\"@type\":\"Organization\",\"@id\":\"https:\/\/www.ghostysky.com\/#organization\",\"name\":\"Ghostysky\",\"url\":\"https:\/\/www.ghostysky.com\/\",\"logo\":{\"@type\":\"ImageObject\",\"inLanguage\":\"fr-FR\",\"@id\":\"https:\/\/www.ghostysky.com\/#\/schema\/logo\/image\/\",\"url\":\"https:\/\/www.ghostysky.com\/wp-content\/uploads\/2020\/06\/cropped-ghostyskylogo_text_white2.png\",\"contentUrl\":\"https:\/\/www.ghostysky.com\/wp-content\/uploads\/2020\/06\/cropped-ghostyskylogo_text_white2.png\",\"width\":169,\"height\":56,\"caption\":\"Ghostysky\"},\"image\":{\"@id\":\"https:\/\/www.ghostysky.com\/#\/schema\/logo\/image\/\"},\"sameAs\":[\"https:\/\/www.facebook.com\/people\/Ghostysky\/100057676170234\/\",\"https:\/\/x.com\/Gh0stysky\",\"https:\/\/www.linkedin.com\/company\/34739653\",\"https:\/\/www.instagram.com\/gh0stysky\"]}]}<\/script>\n<!-- \/ Yoast SEO plugin. -->","yoast_head_json":{"title":"Station de recharge intelligente GDU S200 - Ghostysky","description":"Le hub de charge intelligent GDU ACD-200GJ est une solution de gestion de l&#039;\u00e9nergie haute performance con\u00e7ue sp\u00e9cifiquement pour les drones industriels de la s\u00e9rie GDU S200. C&#039;est un accessoire indispensable pour les op\u00e9rateurs professionnels qui doivent minimiser les temps d&#039;arr\u00eat et assurer la continuit\u00e9 de leurs vols sur le terrain.","robots":{"index":"index","follow":"follow","max-snippet":"max-snippet:-1","max-image-preview":"max-image-preview:large","max-video-preview":"max-video-preview:-1"},"canonical":"https:\/\/www.ghostysky.com\/fr\/product\/gdu-s200-smart-charging-hub\/","og_locale":"fr_FR","og_type":"article","og_title":"GDU S200 smart charging hub - Ghostysky","og_description":"The GDU ACD-200GJ Smart Charging Hub is a high-efficiency power management solution designed specifically for the GDU S200 Series industrial drones. It is an essential accessory for professional operators who need to minimize downtime and maintain a continuous flight workflow in the field.","og_url":"https:\/\/www.ghostysky.com\/fr\/product\/gdu-s200-smart-charging-hub\/","og_site_name":"Ghostysky","article_publisher":"https:\/\/www.facebook.com\/people\/Ghostysky\/100057676170234\/","article_modified_time":"2026-02-08T08:34:49+00:00","og_image":[{"width":1200,"height":1200,"url":"https:\/\/www.ghostysky.com\/wp-content\/uploads\/2026\/02\/GH_GDU-S200-smart-charging-hub1_.webp","type":"image\/webp"}],"twitter_card":"summary_large_image","twitter_site":"@Gh0stysky","twitter_misc":{"Dur\u00e9e de lecture estim\u00e9e":"2 minutes"},"schema":{"@context":"https:\/\/schema.org","@graph":[{"@type":"WebPage","@id":"https:\/\/www.ghostysky.com\/product\/gdu-s200-smart-charging-hub\/","url":"https:\/\/www.ghostysky.com\/product\/gdu-s200-smart-charging-hub\/","name":"Station de recharge intelligente GDU S200 - Ghostysky","isPartOf":{"@id":"https:\/\/www.ghostysky.com\/#website"},"primaryImageOfPage":{"@id":"https:\/\/www.ghostysky.com\/product\/gdu-s200-smart-charging-hub\/#primaryimage"},"image":{"@id":"https:\/\/www.ghostysky.com\/product\/gdu-s200-smart-charging-hub\/#primaryimage"},"thumbnailUrl":"https:\/\/www.ghostysky.com\/wp-content\/uploads\/2026\/02\/GH_GDU-S200-smart-charging-hub1_.webp","datePublished":"2026-02-08T08:19:09+00:00","dateModified":"2026-02-08T08:34:49+00:00","description":"Le hub de charge intelligent GDU ACD-200GJ est une solution de gestion de l&#039;\u00e9nergie haute performance con\u00e7ue sp\u00e9cifiquement pour les drones industriels de la s\u00e9rie GDU S200. C&#039;est un accessoire indispensable pour les op\u00e9rateurs professionnels qui doivent minimiser les temps d&#039;arr\u00eat et assurer la continuit\u00e9 de leurs vols sur le terrain.","breadcrumb":{"@id":"https:\/\/www.ghostysky.com\/product\/gdu-s200-smart-charging-hub\/#breadcrumb"},"inLanguage":"fr-FR","potentialAction":[{"@type":"ReadAction","target":["https:\/\/www.ghostysky.com\/product\/gdu-s200-smart-charging-hub\/"]}]},{"@type":"ImageObject","inLanguage":"fr-FR","@id":"https:\/\/www.ghostysky.com\/product\/gdu-s200-smart-charging-hub\/#primaryimage","url":"https:\/\/www.ghostysky.com\/wp-content\/uploads\/2026\/02\/GH_GDU-S200-smart-charging-hub1_.webp","contentUrl":"https:\/\/www.ghostysky.com\/wp-content\/uploads\/2026\/02\/GH_GDU-S200-smart-charging-hub1_.webp","width":1200,"height":1200},{"@type":"BreadcrumbList","@id":"https:\/\/www.ghostysky.com\/product\/gdu-s200-smart-charging-hub\/#breadcrumb","itemListElement":[{"@type":"ListItem","position":1,"name":"Home","item":"https:\/\/www.ghostysky.com\/"},{"@type":"ListItem","position":2,"name":"Shop","item":"https:\/\/www.ghostysky.com\/shop\/"},{"@type":"ListItem","position":3,"name":"GDU S200 smart charging hub"}]},{"@type":"WebSite","@id":"https:\/\/www.ghostysky.com\/#website","url":"https:\/\/www.ghostysky.com\/","name":"Ghostysky","description":"Livraison de drones et de services professionnels","publisher":{"@id":"https:\/\/www.ghostysky.com\/#organization"},"potentialAction":[{"@type":"SearchAction","target":{"@type":"EntryPoint","urlTemplate":"https:\/\/www.ghostysky.com\/?s={search_term_string}"},"query-input":{"@type":"PropertyValueSpecification","valueRequired":true,"valueName":"search_term_string"}}],"inLanguage":"fr-FR"},{"@type":"Organization","@id":"https:\/\/www.ghostysky.com\/#organization","name":"Ghostysky","url":"https:\/\/www.ghostysky.com\/","logo":{"@type":"ImageObject","inLanguage":"fr-FR","@id":"https:\/\/www.ghostysky.com\/#\/schema\/logo\/image\/","url":"https:\/\/www.ghostysky.com\/wp-content\/uploads\/2020\/06\/cropped-ghostyskylogo_text_white2.png","contentUrl":"https:\/\/www.ghostysky.com\/wp-content\/uploads\/2020\/06\/cropped-ghostyskylogo_text_white2.png","width":169,"height":56,"caption":"Ghostysky"},"image":{"@id":"https:\/\/www.ghostysky.com\/#\/schema\/logo\/image\/"},"sameAs":["https:\/\/www.facebook.com\/people\/Ghostysky\/100057676170234\/","https:\/\/x.com\/Gh0stysky","https:\/\/www.linkedin.com\/company\/34739653","https:\/\/www.instagram.com\/gh0stysky"]}]}},"_links":{"self":[{"href":"https:\/\/www.ghostysky.com\/fr\/wp-json\/wp\/v2\/product\/24106","targetHints":{"allow":["GET"]}}],"collection":[{"href":"https:\/\/www.ghostysky.com\/fr\/wp-json\/wp\/v2\/product"}],"about":[{"href":"https:\/\/www.ghostysky.com\/fr\/wp-json\/wp\/v2\/types\/product"}],"replies":[{"embeddable":true,"href":"https:\/\/www.ghostysky.com\/fr\/wp-json\/wp\/v2\/comments?post=24106"}],"wp:featuredmedia":[{"embeddable":true,"href":"https:\/\/www.ghostysky.com\/fr\/wp-json\/wp\/v2\/media\/24112"}],"wp:attachment":[{"href":"https:\/\/www.ghostysky.com\/fr\/wp-json\/wp\/v2\/media?parent=24106"}],"wp:term":[{"taxonomy":"product_brand","embeddable":true,"href":"https:\/\/www.ghostysky.com\/fr\/wp-json\/wp\/v2\/product_brand?post=24106"},{"taxonomy":"product_cat","embeddable":true,"href":"https:\/\/www.ghostysky.com\/fr\/wp-json\/wp\/v2\/product_cat?post=24106"},{"taxonomy":"product_tag","embeddable":true,"href":"https:\/\/www.ghostysky.com\/fr\/wp-json\/wp\/v2\/product_tag?post=24106"}],"curies":[{"name":"wp","href":"https:\/\/api.w.org\/{rel}","templated":true}]}}