{"id":24109,"date":"2026-02-08T08:27:15","date_gmt":"2026-02-08T08:27:15","guid":{"rendered":"https:\/\/www.ghostysky.com\/?post_type=product&#038;p=24109"},"modified":"2026-02-08T08:33:05","modified_gmt":"2026-02-08T08:33:05","slug":"gdu-s200-intelligent-flight-battery","status":"publish","type":"product","link":"https:\/\/www.ghostysky.com\/fr\/product\/gdu-s200-intelligent-flight-battery\/","title":{"rendered":"Batterie de vol intelligente GDU S200"},"content":{"rendered":"<h3 data-path-to-node=\"1\"><b data-path-to-node=\"1\" data-index-in-node=\"0\">Caract\u00e9ristiques techniques cl\u00e9s<\/b><\/h3>\n<ul data-path-to-node=\"2\">\n<li>\n<p data-path-to-node=\"2,0,0\"><b data-path-to-node=\"2,0,0\" data-index-in-node=\"0\"><span class=\"citation-88\">Capacit\u00e9:<\/span><\/b><span class=\"citation-88 citation-end-88\"> 8000 mAh<\/span><\/p>\n<\/li>\n<li>\n<p data-path-to-node=\"2,1,0\"><b data-path-to-node=\"2,1,0\" data-index-in-node=\"0\"><span class=\"citation-87\">\u00c9nergie:<\/span><\/b><span class=\"citation-87 citation-end-87\"> 115 Wh<\/span><\/p>\n<\/li>\n<li>\n<p data-path-to-node=\"2,2,0\"><b data-path-to-node=\"2,2,0\" data-index-in-node=\"0\"><span class=\"citation-86\">tension:<\/span><\/b><span class=\"citation-86 citation-end-86\"> 14,8 V (nominal)<\/span><\/p>\n<\/li>\n<li>\n<p data-path-to-node=\"2,3,0\"><b data-path-to-node=\"2,3,0\" data-index-in-node=\"0\">Type de batterie :<\/b><span class=\"citation-85 citation-end-85\"> LiPo 4S<\/span><\/p>\n<\/li>\n<li>\n<p data-path-to-node=\"2,4,0\"><b data-path-to-node=\"2,4,0\" data-index-in-node=\"0\">Dur\u00e9e du vol :<\/b><span class=\"citation-84\"> Jusqu&#039;\u00e0 <\/span><b data-path-to-node=\"2,4,0\" data-index-in-node=\"19\"><span class=\"citation-84\">45 minutes<\/span><\/b><span class=\"citation-84 citation-end-84\"> (sur les plateformes S200\/S220, en fonction de la charge utile et des conditions)<\/span><\/p>\n<\/li>\n<li>\n<p data-path-to-node=\"2,5,0\"><b data-path-to-node=\"2,5,0\" data-index-in-node=\"0\">Poids:<\/b> Environ 800 g<\/p>\n<\/li>\n<\/ul>\n<h3 data-path-to-node=\"4\"><b data-path-to-node=\"4\" data-index-in-node=\"0\">Fonctionnalit\u00e9s principales<\/b><\/h3>\n<ul data-path-to-node=\"5\">\n<li>\n<p data-path-to-node=\"5,0,0\"><b data-path-to-node=\"5,0,0\" data-index-in-node=\"0\">Syst\u00e8me intelligent de gestion de batterie (BMS)\u00a0:<\/b> Le terme \u201c intelligent \u201d dans son nom provient du syst\u00e8me de gestion de batterie embarqu\u00e9 qui surveille l&#039;\u00e9tat des cellules en temps r\u00e9el. <span class=\"citation-83\">Il offre une protection int\u00e9gr\u00e9e contre <\/span><b data-path-to-node=\"5,0,0\" data-index-in-node=\"182\"><span class=\"citation-83\">surcharge, d\u00e9charge excessive, surtension et surchauffe<\/span><\/b><span class=\"citation-83 citation-end-83\">, garantissant ainsi la bonne sant\u00e9 de la batterie pendant des centaines de cycles.<\/span><\/p>\n<\/li>\n<li>\n<p data-path-to-node=\"5,1,0\"><b data-path-to-node=\"5,1,0\" data-index-in-node=\"0\">Auto-chauffage par temps froid :<\/b><span class=\"citation-82\"> Con\u00e7ue pour les environnements difficiles, la batterie fonctionne \u00e0 des temp\u00e9ratures allant de <\/span><b data-path-to-node=\"5,1,0\" data-index-in-node=\"117\"><span class=\"citation-82\">-20\u00b0C \u00e0 55\u00b0C<\/span><\/b><span class=\"citation-82 citation-end-82\">.<\/span> Par grand froid, il peut utiliser un syst\u00e8me de chauffage interne pour maintenir des performances de d\u00e9charge optimales, \u00e9vitant ainsi les chutes de tension soudaines.<\/p>\n<\/li>\n<li>\n<p data-path-to-node=\"5,2,0\"><b data-path-to-node=\"5,2,0\" data-index-in-node=\"0\"><span class=\"citation-81\">Charge rapide :<\/span><\/b><span class=\"citation-81\"> Utilis\u00e9 avec le hub de charge officiel GDU, il prend en charge une puissance de charge maximale de <\/span><b data-path-to-node=\"5,2,0\" data-index-in-node=\"102\"><span class=\"citation-81\">272 W<\/span><\/b><span class=\"citation-81 citation-end-81\">.<\/span> <span class=\"citation-80\">Cela permet \u00e0 la batterie d&#039;atteindre une charge compl\u00e8te en environ <\/span><b data-path-to-node=\"5,2,0\" data-index-in-node=\"172\"><span class=\"citation-80\">50 \u00e0 60 minutes<\/span><\/b><span class=\"citation-80 citation-end-80\">, ou une \u201c recharge sur le terrain \u201d rapide (20% \u00e0 90%) en seulement 25 minutes.<\/span><\/p>\n<\/li>\n<li>\n<p data-path-to-node=\"5,3,0\"><b data-path-to-node=\"5,3,0\" data-index-in-node=\"0\"><span class=\"citation-79\">Voyants d&#039;\u00e9tat LED\u00a0:<\/span><\/b><span class=\"citation-79 citation-end-79\"> Des voyants LED int\u00e9gr\u00e9s permettent aux pilotes de v\u00e9rifier le niveau de charge actuel et l&#039;\u00e9tat de sant\u00e9 de la batterie d&#039;une simple pression sur un bouton, m\u00eame lorsque la batterie n&#039;est pas install\u00e9e dans l&#039;a\u00e9ronef.<\/span><\/p>\n<\/li>\n<li>\n<p data-path-to-node=\"5,4,0\"><b data-path-to-node=\"5,4,0\" data-index-in-node=\"0\">Conception s\u00e9curis\u00e9e par clic :<\/b> Il est dot\u00e9 d&#039;un m\u00e9canisme de verrouillage m\u00e9canique robuste pour assurer une connexion \u00e9lectrique stable lors de man\u0153uvres \u00e0 grande vitesse (jusqu&#039;\u00e0 21 m\/s) et dans des conditions de vent fort.<\/p>\n<\/li>\n<\/ul>\n<h3 data-path-to-node=\"7\"><b data-path-to-node=\"7\" data-index-in-node=\"0\">Compatibilit\u00e9<\/b><\/h3>\n<p data-path-to-node=\"8\">Cette batterie constitue l&#039;unit\u00e9 d&#039;alimentation standard pour les mod\u00e8les GDU suivants\u00a0:<\/p>\n<ul data-path-to-node=\"9\">\n<li>\n<p data-path-to-node=\"9,0,0\"><b data-path-to-node=\"9,0,0\" data-index-in-node=\"0\"><span class=\"citation-78\">S200<\/span><\/b><span class=\"citation-78 citation-end-78\"> (Standard \/ Double cam\u00e9ra)<\/span><\/p>\n<\/li>\n<li>\n<p data-path-to-node=\"9,1,0\"><b data-path-to-node=\"9,1,0\" data-index-in-node=\"0\"><span class=\"citation-77\">S220 \/ S220 Pro<\/span><\/b><span class=\"citation-77 citation-end-77\"> (Mod\u00e8les \u00e0 triple cam\u00e9ra\/thermique)<\/span><\/p>\n<\/li>\n<\/ul>\n<blockquote data-path-to-node=\"10\">\n<p data-path-to-node=\"10,0\"><b data-path-to-node=\"10,0\" data-index-in-node=\"0\">Conseil de pro\u00a0:<\/b> Pour une dur\u00e9e de vie optimale, GDU recommande de stocker ces batteries \u00e0 une charge d&#039;environ 50% si elles ne sont pas utilis\u00e9es pendant plus de 10 jours.<\/p>\n<\/blockquote>","protected":false},"excerpt":{"rendered":"<p><span class=\"citation-90\">Le <\/span><b data-path-to-node=\"0\" data-index-in-node=\"4\"><span class=\"citation-90\">Batterie de vol intelligente GDU ADC-200A<\/span><\/b><span class=\"citation-90 citation-end-90\"> est une source d&#039;alimentation haute capacit\u00e9 con\u00e7ue sp\u00e9cifiquement pour les drones industriels de la s\u00e9rie GDU S200.<\/span> <span class=\"citation-89 citation-end-89\">Con\u00e7u pour les op\u00e9rations critiques telles que l&#039;inspection des infrastructures, les interventions d&#039;urgence et la s\u00e9curit\u00e9 publique, il allie densit\u00e9 de puissance et gestion avanc\u00e9e de la s\u00e9curit\u00e9.<\/span><\/p>","protected":false},"featured_media":24111,"comment_status":"open","ping_status":"closed","template":"","meta":[],"product_brand":[1369],"product_cat":[29,1360,1362,1359],"product_tag":[1370,1374,1371],"class_list":{"0":"post-24109","1":"product","2":"type-product","3":"status-publish","4":"has-post-thumbnail","6":"product_brand-gdu-tech","7":"product_cat-drones","8":"product_cat-gdu-s200-series","9":"product_cat-gdu-s200-series-accessories","10":"product_cat-gdu-tech","11":"product_tag-gdu-s200-series","12":"product_tag-gdu-s200-series-accessories","13":"product_tag-gdu-tech","15":"first","16":"outofstock","17":"taxable","18":"shipping-taxable","19":"purchasable","20":"product-type-simple"},"yoast_head":"<!-- This site is optimized with the Yoast SEO plugin v27.4 - https:\/\/yoast.com\/product\/yoast-seo-wordpress\/ -->\n<title>GDU S200 intelligent flight battery - Ghostysky<\/title>\n<meta name=\"description\" content=\"The GDU ADC-200A Intelligent Flight Battery is a high-capacity power source engineered specifically for the GDU S200 Series industrial drones. Designed for mission-critical operations such as infrastructure inspection, emergency response, and public safety, it balances power density with advanced safety management.\" \/>\n<meta name=\"robots\" content=\"index, follow, max-snippet:-1, max-image-preview:large, max-video-preview:-1\" \/>\n<link rel=\"canonical\" href=\"https:\/\/www.ghostysky.com\/fr\/product\/gdu-s200-intelligent-flight-battery\/\" \/>\n<meta property=\"og:locale\" content=\"fr_FR\" \/>\n<meta property=\"og:type\" content=\"article\" \/>\n<meta property=\"og:title\" content=\"GDU S200 intelligent flight battery - Ghostysky\" \/>\n<meta property=\"og:description\" content=\"The GDU ADC-200A Intelligent Flight Battery is a high-capacity power source engineered specifically for the GDU S200 Series industrial drones. Designed for mission-critical operations such as infrastructure inspection, emergency response, and public safety, it balances power density with advanced safety management.\" \/>\n<meta property=\"og:url\" content=\"https:\/\/www.ghostysky.com\/fr\/product\/gdu-s200-intelligent-flight-battery\/\" \/>\n<meta property=\"og:site_name\" content=\"Ghostysky\" \/>\n<meta property=\"article:publisher\" content=\"https:\/\/www.facebook.com\/people\/Ghostysky\/100057676170234\/\" \/>\n<meta property=\"article:modified_time\" content=\"2026-02-08T08:33:05+00:00\" \/>\n<meta property=\"og:image\" content=\"https:\/\/www.ghostysky.com\/wp-content\/uploads\/2026\/02\/GH_S200-intelligent-flight-battery_1.webp\" \/>\n\t<meta property=\"og:image:width\" content=\"1200\" \/>\n\t<meta property=\"og:image:height\" content=\"1200\" \/>\n\t<meta property=\"og:image:type\" content=\"image\/webp\" \/>\n<meta name=\"twitter:card\" content=\"summary_large_image\" \/>\n<meta name=\"twitter:site\" content=\"@Gh0stysky\" \/>\n<meta name=\"twitter:label1\" content=\"Dur\u00e9e de lecture estim\u00e9e\" \/>\n\t<meta name=\"twitter:data1\" content=\"2 minutes\" \/>\n<script type=\"application\/ld+json\" class=\"yoast-schema-graph\">{\"@context\":\"https:\\\/\\\/schema.org\",\"@graph\":[{\"@type\":\"WebPage\",\"@id\":\"https:\\\/\\\/www.ghostysky.com\\\/product\\\/gdu-s200-intelligent-flight-battery\\\/\",\"url\":\"https:\\\/\\\/www.ghostysky.com\\\/product\\\/gdu-s200-intelligent-flight-battery\\\/\",\"name\":\"GDU S200 intelligent flight battery - Ghostysky\",\"isPartOf\":{\"@id\":\"https:\\\/\\\/www.ghostysky.com\\\/#website\"},\"primaryImageOfPage\":{\"@id\":\"https:\\\/\\\/www.ghostysky.com\\\/product\\\/gdu-s200-intelligent-flight-battery\\\/#primaryimage\"},\"image\":{\"@id\":\"https:\\\/\\\/www.ghostysky.com\\\/product\\\/gdu-s200-intelligent-flight-battery\\\/#primaryimage\"},\"thumbnailUrl\":\"https:\\\/\\\/www.ghostysky.com\\\/wp-content\\\/uploads\\\/2026\\\/02\\\/GH_S200-intelligent-flight-battery_1.webp\",\"datePublished\":\"2026-02-08T08:27:15+00:00\",\"dateModified\":\"2026-02-08T08:33:05+00:00\",\"description\":\"The GDU ADC-200A Intelligent Flight Battery is a high-capacity power source engineered specifically for the GDU S200 Series industrial drones. Designed for mission-critical operations such as infrastructure inspection, emergency response, and public safety, it balances power density with advanced safety management.\",\"breadcrumb\":{\"@id\":\"https:\\\/\\\/www.ghostysky.com\\\/product\\\/gdu-s200-intelligent-flight-battery\\\/#breadcrumb\"},\"inLanguage\":\"fr-FR\",\"potentialAction\":[{\"@type\":\"ReadAction\",\"target\":[\"https:\\\/\\\/www.ghostysky.com\\\/product\\\/gdu-s200-intelligent-flight-battery\\\/\"]}]},{\"@type\":\"ImageObject\",\"inLanguage\":\"fr-FR\",\"@id\":\"https:\\\/\\\/www.ghostysky.com\\\/product\\\/gdu-s200-intelligent-flight-battery\\\/#primaryimage\",\"url\":\"https:\\\/\\\/www.ghostysky.com\\\/wp-content\\\/uploads\\\/2026\\\/02\\\/GH_S200-intelligent-flight-battery_1.webp\",\"contentUrl\":\"https:\\\/\\\/www.ghostysky.com\\\/wp-content\\\/uploads\\\/2026\\\/02\\\/GH_S200-intelligent-flight-battery_1.webp\",\"width\":1200,\"height\":1200},{\"@type\":\"BreadcrumbList\",\"@id\":\"https:\\\/\\\/www.ghostysky.com\\\/product\\\/gdu-s200-intelligent-flight-battery\\\/#breadcrumb\",\"itemListElement\":[{\"@type\":\"ListItem\",\"position\":1,\"name\":\"Home\",\"item\":\"https:\\\/\\\/www.ghostysky.com\\\/\"},{\"@type\":\"ListItem\",\"position\":2,\"name\":\"Shop\",\"item\":\"https:\\\/\\\/www.ghostysky.com\\\/shop\\\/\"},{\"@type\":\"ListItem\",\"position\":3,\"name\":\"GDU S200 intelligent flight battery\"}]},{\"@type\":\"WebSite\",\"@id\":\"https:\\\/\\\/www.ghostysky.com\\\/#website\",\"url\":\"https:\\\/\\\/www.ghostysky.com\\\/\",\"name\":\"Ghostysky\",\"description\":\"Delivering professional drones and services\",\"publisher\":{\"@id\":\"https:\\\/\\\/www.ghostysky.com\\\/#organization\"},\"potentialAction\":[{\"@type\":\"SearchAction\",\"target\":{\"@type\":\"EntryPoint\",\"urlTemplate\":\"https:\\\/\\\/www.ghostysky.com\\\/?s={search_term_string}\"},\"query-input\":{\"@type\":\"PropertyValueSpecification\",\"valueRequired\":true,\"valueName\":\"search_term_string\"}}],\"inLanguage\":\"fr-FR\"},{\"@type\":\"Organization\",\"@id\":\"https:\\\/\\\/www.ghostysky.com\\\/#organization\",\"name\":\"Ghostysky\",\"url\":\"https:\\\/\\\/www.ghostysky.com\\\/\",\"logo\":{\"@type\":\"ImageObject\",\"inLanguage\":\"fr-FR\",\"@id\":\"https:\\\/\\\/www.ghostysky.com\\\/#\\\/schema\\\/logo\\\/image\\\/\",\"url\":\"https:\\\/\\\/www.ghostysky.com\\\/wp-content\\\/uploads\\\/2020\\\/06\\\/cropped-ghostyskylogo_text_white2.png\",\"contentUrl\":\"https:\\\/\\\/www.ghostysky.com\\\/wp-content\\\/uploads\\\/2020\\\/06\\\/cropped-ghostyskylogo_text_white2.png\",\"width\":169,\"height\":56,\"caption\":\"Ghostysky\"},\"image\":{\"@id\":\"https:\\\/\\\/www.ghostysky.com\\\/#\\\/schema\\\/logo\\\/image\\\/\"},\"sameAs\":[\"https:\\\/\\\/www.facebook.com\\\/people\\\/Ghostysky\\\/100057676170234\\\/\",\"https:\\\/\\\/x.com\\\/Gh0stysky\",\"https:\\\/\\\/www.linkedin.com\\\/company\\\/34739653\",\"https:\\\/\\\/www.instagram.com\\\/gh0stysky\"]}]}<\/script>\n<!-- \/ Yoast SEO plugin. -->","yoast_head_json":{"title":"Batterie de vol intelligente GDU S200 - Ghostysky","description":"La batterie de vol intelligente GDU ADC-200A est une source d&#039;alimentation haute capacit\u00e9 con\u00e7ue sp\u00e9cifiquement pour les drones industriels de la s\u00e9rie GDU S200. Destin\u00e9e aux missions critiques telles que l&#039;inspection d&#039;infrastructures, les interventions d&#039;urgence et la s\u00e9curit\u00e9 publique, elle offre un \u00e9quilibre optimal entre densit\u00e9 \u00e9nerg\u00e9tique et gestion avanc\u00e9e de la s\u00e9curit\u00e9.","robots":{"index":"index","follow":"follow","max-snippet":"max-snippet:-1","max-image-preview":"max-image-preview:large","max-video-preview":"max-video-preview:-1"},"canonical":"https:\/\/www.ghostysky.com\/fr\/product\/gdu-s200-intelligent-flight-battery\/","og_locale":"fr_FR","og_type":"article","og_title":"GDU S200 intelligent flight battery - Ghostysky","og_description":"The GDU ADC-200A Intelligent Flight Battery is a high-capacity power source engineered specifically for the GDU S200 Series industrial drones. Designed for mission-critical operations such as infrastructure inspection, emergency response, and public safety, it balances power density with advanced safety management.","og_url":"https:\/\/www.ghostysky.com\/fr\/product\/gdu-s200-intelligent-flight-battery\/","og_site_name":"Ghostysky","article_publisher":"https:\/\/www.facebook.com\/people\/Ghostysky\/100057676170234\/","article_modified_time":"2026-02-08T08:33:05+00:00","og_image":[{"width":1200,"height":1200,"url":"https:\/\/www.ghostysky.com\/wp-content\/uploads\/2026\/02\/GH_S200-intelligent-flight-battery_1.webp","type":"image\/webp"}],"twitter_card":"summary_large_image","twitter_site":"@Gh0stysky","twitter_misc":{"Dur\u00e9e de lecture estim\u00e9e":"2 minutes"},"schema":{"@context":"https:\/\/schema.org","@graph":[{"@type":"WebPage","@id":"https:\/\/www.ghostysky.com\/product\/gdu-s200-intelligent-flight-battery\/","url":"https:\/\/www.ghostysky.com\/product\/gdu-s200-intelligent-flight-battery\/","name":"Batterie de vol intelligente GDU S200 - Ghostysky","isPartOf":{"@id":"https:\/\/www.ghostysky.com\/#website"},"primaryImageOfPage":{"@id":"https:\/\/www.ghostysky.com\/product\/gdu-s200-intelligent-flight-battery\/#primaryimage"},"image":{"@id":"https:\/\/www.ghostysky.com\/product\/gdu-s200-intelligent-flight-battery\/#primaryimage"},"thumbnailUrl":"https:\/\/www.ghostysky.com\/wp-content\/uploads\/2026\/02\/GH_S200-intelligent-flight-battery_1.webp","datePublished":"2026-02-08T08:27:15+00:00","dateModified":"2026-02-08T08:33:05+00:00","description":"La batterie de vol intelligente GDU ADC-200A est une source d&#039;alimentation haute capacit\u00e9 con\u00e7ue sp\u00e9cifiquement pour les drones industriels de la s\u00e9rie GDU S200. Destin\u00e9e aux missions critiques telles que l&#039;inspection d&#039;infrastructures, les interventions d&#039;urgence et la s\u00e9curit\u00e9 publique, elle offre un \u00e9quilibre optimal entre densit\u00e9 \u00e9nerg\u00e9tique et gestion avanc\u00e9e de la s\u00e9curit\u00e9.","breadcrumb":{"@id":"https:\/\/www.ghostysky.com\/product\/gdu-s200-intelligent-flight-battery\/#breadcrumb"},"inLanguage":"fr-FR","potentialAction":[{"@type":"ReadAction","target":["https:\/\/www.ghostysky.com\/product\/gdu-s200-intelligent-flight-battery\/"]}]},{"@type":"ImageObject","inLanguage":"fr-FR","@id":"https:\/\/www.ghostysky.com\/product\/gdu-s200-intelligent-flight-battery\/#primaryimage","url":"https:\/\/www.ghostysky.com\/wp-content\/uploads\/2026\/02\/GH_S200-intelligent-flight-battery_1.webp","contentUrl":"https:\/\/www.ghostysky.com\/wp-content\/uploads\/2026\/02\/GH_S200-intelligent-flight-battery_1.webp","width":1200,"height":1200},{"@type":"BreadcrumbList","@id":"https:\/\/www.ghostysky.com\/product\/gdu-s200-intelligent-flight-battery\/#breadcrumb","itemListElement":[{"@type":"ListItem","position":1,"name":"Home","item":"https:\/\/www.ghostysky.com\/"},{"@type":"ListItem","position":2,"name":"Shop","item":"https:\/\/www.ghostysky.com\/shop\/"},{"@type":"ListItem","position":3,"name":"GDU S200 intelligent flight battery"}]},{"@type":"WebSite","@id":"https:\/\/www.ghostysky.com\/#website","url":"https:\/\/www.ghostysky.com\/","name":"Ghostysky","description":"Livraison de drones et de services professionnels","publisher":{"@id":"https:\/\/www.ghostysky.com\/#organization"},"potentialAction":[{"@type":"SearchAction","target":{"@type":"EntryPoint","urlTemplate":"https:\/\/www.ghostysky.com\/?s={search_term_string}"},"query-input":{"@type":"PropertyValueSpecification","valueRequired":true,"valueName":"search_term_string"}}],"inLanguage":"fr-FR"},{"@type":"Organization","@id":"https:\/\/www.ghostysky.com\/#organization","name":"Ghostysky","url":"https:\/\/www.ghostysky.com\/","logo":{"@type":"ImageObject","inLanguage":"fr-FR","@id":"https:\/\/www.ghostysky.com\/#\/schema\/logo\/image\/","url":"https:\/\/www.ghostysky.com\/wp-content\/uploads\/2020\/06\/cropped-ghostyskylogo_text_white2.png","contentUrl":"https:\/\/www.ghostysky.com\/wp-content\/uploads\/2020\/06\/cropped-ghostyskylogo_text_white2.png","width":169,"height":56,"caption":"Ghostysky"},"image":{"@id":"https:\/\/www.ghostysky.com\/#\/schema\/logo\/image\/"},"sameAs":["https:\/\/www.facebook.com\/people\/Ghostysky\/100057676170234\/","https:\/\/x.com\/Gh0stysky","https:\/\/www.linkedin.com\/company\/34739653","https:\/\/www.instagram.com\/gh0stysky"]}]}},"_links":{"self":[{"href":"https:\/\/www.ghostysky.com\/fr\/wp-json\/wp\/v2\/product\/24109","targetHints":{"allow":["GET"]}}],"collection":[{"href":"https:\/\/www.ghostysky.com\/fr\/wp-json\/wp\/v2\/product"}],"about":[{"href":"https:\/\/www.ghostysky.com\/fr\/wp-json\/wp\/v2\/types\/product"}],"replies":[{"embeddable":true,"href":"https:\/\/www.ghostysky.com\/fr\/wp-json\/wp\/v2\/comments?post=24109"}],"wp:featuredmedia":[{"embeddable":true,"href":"https:\/\/www.ghostysky.com\/fr\/wp-json\/wp\/v2\/media\/24111"}],"wp:attachment":[{"href":"https:\/\/www.ghostysky.com\/fr\/wp-json\/wp\/v2\/media?parent=24109"}],"wp:term":[{"taxonomy":"product_brand","embeddable":true,"href":"https:\/\/www.ghostysky.com\/fr\/wp-json\/wp\/v2\/product_brand?post=24109"},{"taxonomy":"product_cat","embeddable":true,"href":"https:\/\/www.ghostysky.com\/fr\/wp-json\/wp\/v2\/product_cat?post=24109"},{"taxonomy":"product_tag","embeddable":true,"href":"https:\/\/www.ghostysky.com\/fr\/wp-json\/wp\/v2\/product_tag?post=24109"}],"curies":[{"name":"wp","href":"https:\/\/api.w.org\/{rel}","templated":true}]}}