{"id":24113,"date":"2026-02-08T08:34:05","date_gmt":"2026-02-08T08:34:05","guid":{"rendered":"https:\/\/www.ghostysky.com\/?post_type=product&#038;p=24113"},"modified":"2026-02-08T08:44:23","modified_gmt":"2026-02-08T08:44:23","slug":"gdu-s200-remote-controller-battery","status":"publish","type":"product","link":"https:\/\/www.ghostysky.com\/fr\/product\/gdu-s200-remote-controller-battery\/","title":{"rendered":"Parachute GDU S200"},"content":{"rendered":"<h3 data-path-to-node=\"2\">Principales caract\u00e9ristiques et performances<\/h3>\n<ul data-path-to-node=\"3\">\n<li>\n<p data-path-to-node=\"3,0,0\"><b data-path-to-node=\"3,0,0\" data-index-in-node=\"0\">Logique de s\u00e9curit\u00e9 int\u00e9gr\u00e9e :<\/b> Le syst\u00e8me est dot\u00e9 d&#039;un ensemble de capteurs embarqu\u00e9s qui surveillent l&#039;assiette de vol en temps r\u00e9el. Il peut d\u00e9tecter de mani\u00e8re autonome les anomalies telles que les pertes de puissance, les pannes de moteur ou les inclinaisons extr\u00eames.<\/p>\n<\/li>\n<li>\n<p data-path-to-node=\"3,1,0\"><b data-path-to-node=\"3,1,0\" data-index-in-node=\"0\">D\u00e9ploiement rapide\u00a0:<\/b> Utilise un m\u00e9canisme de d\u00e9ploiement m\u00e9canique ou actionn\u00e9 par CO2 (selon la version sp\u00e9cifique) pour \u00e9jecter instantan\u00e9ment la voilure, assurant une efficacit\u00e9 m\u00eame \u00e0 basse altitude.<\/p>\n<\/li>\n<li>\n<p data-path-to-node=\"3,2,0\"><b data-path-to-node=\"3,2,0\" data-index-in-node=\"0\">Faible taux de descente\u00a0:<\/b> Con\u00e7u pour ralentir la chute de l&#039;a\u00e9ronef \u00e0 une vitesse s\u00fbre, r\u00e9duisant g\u00e9n\u00e9ralement l&#039;\u00e9nergie d&#039;impact de plus de <b data-path-to-node=\"3,2,0\" data-index-in-node=\"113\">90%<\/b>, ce qui est essentiel pour prot\u00e9ger les syst\u00e8mes de nacelle \u00e0 quatre capteurs sensibles du S200.<\/p>\n<\/li>\n<li>\n<p data-path-to-node=\"3,3,0\"><b data-path-to-node=\"3,3,0\" data-index-in-node=\"0\"><span class=\"citation-118\">Int\u00e9gration Plug-and-Play\u00a0:<\/span><\/b><span class=\"citation-118\"> Comprend un syst\u00e8me d\u00e9di\u00e9 <\/span><b data-path-to-node=\"3,3,0\" data-index-in-node=\"48\"><span class=\"citation-118\">Interface PSDK\/Parachute<\/span><\/b><span class=\"citation-118 citation-end-118\"> sur la cellule du S200, permettant une communication fluide avec le contr\u00f4leur de vol du drone et une installation facile sans c\u00e2blage complexe.<\/span><\/p>\n<p>&nbsp;<\/li>\n<\/ul>\n<h3 data-path-to-node=\"5\">Sp\u00e9cifications techniques<\/h3>\n<table data-path-to-node=\"6\">\n<thead>\n<tr>\n<td><strong>Fonctionnalit\u00e9<\/strong><\/td>\n<td><strong>D\u00e9tails<\/strong><\/td>\n<\/tr>\n<\/thead>\n<tbody>\n<tr>\n<td><span data-path-to-node=\"6,1,0,0\"><b data-path-to-node=\"6,1,0,0\" data-index-in-node=\"0\">Compatibilit\u00e9<\/b><\/span><\/td>\n<td><span data-path-to-node=\"6,1,1,0\">S\u00e9ries GDU S200, S220 et S220 Pro<\/span><\/td>\n<\/tr>\n<tr>\n<td><span data-path-to-node=\"6,2,0,0\"><b data-path-to-node=\"6,2,0,0\" data-index-in-node=\"0\">m\u00e9canisme de d\u00e9clenchement<\/b><\/span><\/td>\n<td><span data-path-to-node=\"6,2,1,0\">Automatique (par capteur) ou manuel (par t\u00e9l\u00e9commande)<\/span><\/td>\n<\/tr>\n<tr>\n<td><span data-path-to-node=\"6,3,0,0\"><b data-path-to-node=\"6,3,0,0\" data-index-in-node=\"0\">Altitude minimale de d\u00e9ploiement<\/b><\/span><\/td>\n<td><span data-path-to-node=\"6,3,1,0\">Environ 15 \u00e0 20 m\u00e8tres<\/span><\/td>\n<\/tr>\n<tr>\n<td><span data-path-to-node=\"6,4,0,0\"><b data-path-to-node=\"6,4,0,0\" data-index-in-node=\"0\">Interface<\/b><\/span><\/td>\n<td><span data-path-to-node=\"6,4,1,0\">Port de parachute d\u00e9di\u00e9 aux GDU<\/span><\/td>\n<\/tr>\n<tr>\n<td><span data-path-to-node=\"6,5,0,0\"><b data-path-to-node=\"6,5,0,0\" data-index-in-node=\"0\">Norme de s\u00e9curit\u00e9<\/b><\/span><\/td>\n<td><span data-path-to-node=\"6,5,1,0\">Con\u00e7u pour se conformer aux r\u00e9glementations de s\u00e9curit\u00e9 a\u00e9rienne industrielle<\/span><\/td>\n<\/tr>\n<\/tbody>\n<\/table>\n<p>&nbsp;<\/p>\n<h3 data-path-to-node=\"8\">Pourquoi c&#039;est n\u00e9cessaire<\/h3>\n<p data-path-to-node=\"9\">Le GDU S200 est souvent d\u00e9ploy\u00e9 dans des environnements \u00e0 haut risque, tels que\u2026 <b data-path-to-node=\"9\" data-index-in-node=\"67\">inspections de lignes \u00e9lectriques, s\u00e9curit\u00e9 urbaine et recherche et sauvetage<\/b>. Dans ces situations, le parachute est souvent une exigence r\u00e9glementaire pour les \u201c vols au-dessus des personnes \u201d ou pour l&#039;obtention de d\u00e9rogations de vol, car il att\u00e9nue le risque d&#039;impact cin\u00e9tique en cas de dysfonctionnement.<\/p>\n<blockquote data-path-to-node=\"10\">\n<p data-path-to-node=\"10,0\"><b data-path-to-node=\"10,0\" data-index-in-node=\"0\">Note:<\/b> Apr\u00e8s chaque d\u00e9ploiement, le conteneur du parachute doit g\u00e9n\u00e9ralement \u00eatre reconditionn\u00e9 ou remplac\u00e9 par un technicien agr\u00e9\u00e9 afin de garantir une fiabilit\u00e9 continue.<\/p>\n<\/blockquote>","protected":false},"excerpt":{"rendered":"<p>Le <b data-path-to-node=\"0\" data-index-in-node=\"4\">Parachute GDU S200<\/b> Il s&#039;agit d&#039;un syst\u00e8me de r\u00e9cup\u00e9ration d&#039;urgence con\u00e7u sp\u00e9cifiquement pour les drones industriels de la s\u00e9rie GDU S200. Ce dispositif de s\u00e9curit\u00e9 critique se d\u00e9ploie automatiquement en cas de panne de vol grave afin de prot\u00e9ger l&#039;a\u00e9ronef, sa charge utile de haute technologie et les personnes au sol.<\/p>","protected":false},"featured_media":24115,"comment_status":"open","ping_status":"closed","template":"","meta":[],"product_brand":[1369],"product_cat":[29,1360,1362,1359],"product_tag":[1370,1374,1371],"class_list":{"0":"post-24113","1":"product","2":"type-product","3":"status-publish","4":"has-post-thumbnail","6":"product_brand-gdu-tech","7":"product_cat-drones","8":"product_cat-gdu-s200-series","9":"product_cat-gdu-s200-series-accessories","10":"product_cat-gdu-tech","11":"product_tag-gdu-s200-series","12":"product_tag-gdu-s200-series-accessories","13":"product_tag-gdu-tech","15":"first","16":"outofstock","17":"taxable","18":"shipping-taxable","19":"product-type-simple"},"yoast_head":"<!-- This site is optimized with the Yoast SEO plugin v27.1.1 - https:\/\/yoast.com\/product\/yoast-seo-wordpress\/ -->\n<title>GDU S200 Parachute - Ghostysky<\/title>\n<meta name=\"description\" content=\"The GDU S200 Parachute is an emergency recovery system specifically designed for the GDU S200 series industrial drones. It serves as a critical safety fail-safe, designed to deploy automatically in the event of a critical flight failure to protect the aircraft, its high-end payloads, and bystanders on the ground.\" \/>\n<meta name=\"robots\" content=\"index, follow, max-snippet:-1, max-image-preview:large, max-video-preview:-1\" \/>\n<link rel=\"canonical\" href=\"https:\/\/www.ghostysky.com\/fr\/product\/gdu-s200-remote-controller-battery\/\" \/>\n<meta property=\"og:locale\" content=\"fr_FR\" \/>\n<meta property=\"og:type\" content=\"article\" \/>\n<meta property=\"og:title\" content=\"GDU S200 Parachute - Ghostysky\" \/>\n<meta property=\"og:description\" content=\"The GDU S200 Parachute is an emergency recovery system specifically designed for the GDU S200 series industrial drones. It serves as a critical safety fail-safe, designed to deploy automatically in the event of a critical flight failure to protect the aircraft, its high-end payloads, and bystanders on the ground.\" \/>\n<meta property=\"og:url\" content=\"https:\/\/www.ghostysky.com\/fr\/product\/gdu-s200-remote-controller-battery\/\" \/>\n<meta property=\"og:site_name\" content=\"Ghostysky\" \/>\n<meta property=\"article:publisher\" content=\"https:\/\/www.facebook.com\/people\/Ghostysky\/100057676170234\/\" \/>\n<meta property=\"article:modified_time\" content=\"2026-02-08T08:44:23+00:00\" \/>\n<meta property=\"og:image\" content=\"https:\/\/www.ghostysky.com\/wp-content\/uploads\/2026\/02\/GH_GDU-S200-parachute_-scaled.jpg\" \/>\n\t<meta property=\"og:image:width\" content=\"2560\" \/>\n\t<meta property=\"og:image:height\" content=\"2560\" \/>\n\t<meta property=\"og:image:type\" content=\"image\/jpeg\" \/>\n<meta name=\"twitter:card\" content=\"summary_large_image\" \/>\n<meta name=\"twitter:site\" content=\"@Gh0stysky\" \/>\n<meta name=\"twitter:label1\" content=\"Dur\u00e9e de lecture estim\u00e9e\" \/>\n\t<meta name=\"twitter:data1\" content=\"2 minutes\" \/>\n<script type=\"application\/ld+json\" class=\"yoast-schema-graph\">{\"@context\":\"https:\/\/schema.org\",\"@graph\":[{\"@type\":\"WebPage\",\"@id\":\"https:\/\/www.ghostysky.com\/product\/gdu-s200-remote-controller-battery\/\",\"url\":\"https:\/\/www.ghostysky.com\/product\/gdu-s200-remote-controller-battery\/\",\"name\":\"GDU S200 Parachute - Ghostysky\",\"isPartOf\":{\"@id\":\"https:\/\/www.ghostysky.com\/#website\"},\"primaryImageOfPage\":{\"@id\":\"https:\/\/www.ghostysky.com\/product\/gdu-s200-remote-controller-battery\/#primaryimage\"},\"image\":{\"@id\":\"https:\/\/www.ghostysky.com\/product\/gdu-s200-remote-controller-battery\/#primaryimage\"},\"thumbnailUrl\":\"https:\/\/www.ghostysky.com\/wp-content\/uploads\/2026\/02\/GH_GDU-S200-parachute_-scaled.jpg\",\"datePublished\":\"2026-02-08T08:34:05+00:00\",\"dateModified\":\"2026-02-08T08:44:23+00:00\",\"description\":\"The GDU S200 Parachute is an emergency recovery system specifically designed for the GDU S200 series industrial drones. It serves as a critical safety fail-safe, designed to deploy automatically in the event of a critical flight failure to protect the aircraft, its high-end payloads, and bystanders on the ground.\",\"breadcrumb\":{\"@id\":\"https:\/\/www.ghostysky.com\/product\/gdu-s200-remote-controller-battery\/#breadcrumb\"},\"inLanguage\":\"fr-FR\",\"potentialAction\":[{\"@type\":\"ReadAction\",\"target\":[\"https:\/\/www.ghostysky.com\/product\/gdu-s200-remote-controller-battery\/\"]}]},{\"@type\":\"ImageObject\",\"inLanguage\":\"fr-FR\",\"@id\":\"https:\/\/www.ghostysky.com\/product\/gdu-s200-remote-controller-battery\/#primaryimage\",\"url\":\"https:\/\/www.ghostysky.com\/wp-content\/uploads\/2026\/02\/GH_GDU-S200-parachute_-scaled.jpg\",\"contentUrl\":\"https:\/\/www.ghostysky.com\/wp-content\/uploads\/2026\/02\/GH_GDU-S200-parachute_-scaled.jpg\",\"width\":2560,\"height\":2560},{\"@type\":\"BreadcrumbList\",\"@id\":\"https:\/\/www.ghostysky.com\/product\/gdu-s200-remote-controller-battery\/#breadcrumb\",\"itemListElement\":[{\"@type\":\"ListItem\",\"position\":1,\"name\":\"Home\",\"item\":\"https:\/\/www.ghostysky.com\/\"},{\"@type\":\"ListItem\",\"position\":2,\"name\":\"Shop\",\"item\":\"https:\/\/www.ghostysky.com\/shop\/\"},{\"@type\":\"ListItem\",\"position\":3,\"name\":\"GDU S200 Parachute\"}]},{\"@type\":\"WebSite\",\"@id\":\"https:\/\/www.ghostysky.com\/#website\",\"url\":\"https:\/\/www.ghostysky.com\/\",\"name\":\"Ghostysky\",\"description\":\"Delivering professional drones and services\",\"publisher\":{\"@id\":\"https:\/\/www.ghostysky.com\/#organization\"},\"potentialAction\":[{\"@type\":\"SearchAction\",\"target\":{\"@type\":\"EntryPoint\",\"urlTemplate\":\"https:\/\/www.ghostysky.com\/?s={search_term_string}\"},\"query-input\":{\"@type\":\"PropertyValueSpecification\",\"valueRequired\":true,\"valueName\":\"search_term_string\"}}],\"inLanguage\":\"fr-FR\"},{\"@type\":\"Organization\",\"@id\":\"https:\/\/www.ghostysky.com\/#organization\",\"name\":\"Ghostysky\",\"url\":\"https:\/\/www.ghostysky.com\/\",\"logo\":{\"@type\":\"ImageObject\",\"inLanguage\":\"fr-FR\",\"@id\":\"https:\/\/www.ghostysky.com\/#\/schema\/logo\/image\/\",\"url\":\"https:\/\/www.ghostysky.com\/wp-content\/uploads\/2020\/06\/cropped-ghostyskylogo_text_white2.png\",\"contentUrl\":\"https:\/\/www.ghostysky.com\/wp-content\/uploads\/2020\/06\/cropped-ghostyskylogo_text_white2.png\",\"width\":169,\"height\":56,\"caption\":\"Ghostysky\"},\"image\":{\"@id\":\"https:\/\/www.ghostysky.com\/#\/schema\/logo\/image\/\"},\"sameAs\":[\"https:\/\/www.facebook.com\/people\/Ghostysky\/100057676170234\/\",\"https:\/\/x.com\/Gh0stysky\",\"https:\/\/www.linkedin.com\/company\/34739653\",\"https:\/\/www.instagram.com\/gh0stysky\"]}]}<\/script>\n<!-- \/ Yoast SEO plugin. -->","yoast_head_json":{"title":"Parachute GDU S200 - Ghostysky","description":"Le parachute GDU S200 est un syst\u00e8me de r\u00e9cup\u00e9ration d&#039;urgence con\u00e7u sp\u00e9cifiquement pour les drones industriels de la s\u00e9rie GDU S200. Il constitue un dispositif de s\u00e9curit\u00e9 essentiel, con\u00e7u pour se d\u00e9ployer automatiquement en cas de panne de vol critique afin de prot\u00e9ger l&#039;a\u00e9ronef, sa charge utile de haute technologie et les personnes au sol.","robots":{"index":"index","follow":"follow","max-snippet":"max-snippet:-1","max-image-preview":"max-image-preview:large","max-video-preview":"max-video-preview:-1"},"canonical":"https:\/\/www.ghostysky.com\/fr\/product\/gdu-s200-remote-controller-battery\/","og_locale":"fr_FR","og_type":"article","og_title":"GDU S200 Parachute - Ghostysky","og_description":"The GDU S200 Parachute is an emergency recovery system specifically designed for the GDU S200 series industrial drones. It serves as a critical safety fail-safe, designed to deploy automatically in the event of a critical flight failure to protect the aircraft, its high-end payloads, and bystanders on the ground.","og_url":"https:\/\/www.ghostysky.com\/fr\/product\/gdu-s200-remote-controller-battery\/","og_site_name":"Ghostysky","article_publisher":"https:\/\/www.facebook.com\/people\/Ghostysky\/100057676170234\/","article_modified_time":"2026-02-08T08:44:23+00:00","og_image":[{"width":2560,"height":2560,"url":"https:\/\/www.ghostysky.com\/wp-content\/uploads\/2026\/02\/GH_GDU-S200-parachute_-scaled.jpg","type":"image\/jpeg"}],"twitter_card":"summary_large_image","twitter_site":"@Gh0stysky","twitter_misc":{"Dur\u00e9e de lecture estim\u00e9e":"2 minutes"},"schema":{"@context":"https:\/\/schema.org","@graph":[{"@type":"WebPage","@id":"https:\/\/www.ghostysky.com\/product\/gdu-s200-remote-controller-battery\/","url":"https:\/\/www.ghostysky.com\/product\/gdu-s200-remote-controller-battery\/","name":"Parachute GDU S200 - Ghostysky","isPartOf":{"@id":"https:\/\/www.ghostysky.com\/#website"},"primaryImageOfPage":{"@id":"https:\/\/www.ghostysky.com\/product\/gdu-s200-remote-controller-battery\/#primaryimage"},"image":{"@id":"https:\/\/www.ghostysky.com\/product\/gdu-s200-remote-controller-battery\/#primaryimage"},"thumbnailUrl":"https:\/\/www.ghostysky.com\/wp-content\/uploads\/2026\/02\/GH_GDU-S200-parachute_-scaled.jpg","datePublished":"2026-02-08T08:34:05+00:00","dateModified":"2026-02-08T08:44:23+00:00","description":"Le parachute GDU S200 est un syst\u00e8me de r\u00e9cup\u00e9ration d&#039;urgence con\u00e7u sp\u00e9cifiquement pour les drones industriels de la s\u00e9rie GDU S200. Il constitue un dispositif de s\u00e9curit\u00e9 essentiel, con\u00e7u pour se d\u00e9ployer automatiquement en cas de panne de vol critique afin de prot\u00e9ger l&#039;a\u00e9ronef, sa charge utile de haute technologie et les personnes au sol.","breadcrumb":{"@id":"https:\/\/www.ghostysky.com\/product\/gdu-s200-remote-controller-battery\/#breadcrumb"},"inLanguage":"fr-FR","potentialAction":[{"@type":"ReadAction","target":["https:\/\/www.ghostysky.com\/product\/gdu-s200-remote-controller-battery\/"]}]},{"@type":"ImageObject","inLanguage":"fr-FR","@id":"https:\/\/www.ghostysky.com\/product\/gdu-s200-remote-controller-battery\/#primaryimage","url":"https:\/\/www.ghostysky.com\/wp-content\/uploads\/2026\/02\/GH_GDU-S200-parachute_-scaled.jpg","contentUrl":"https:\/\/www.ghostysky.com\/wp-content\/uploads\/2026\/02\/GH_GDU-S200-parachute_-scaled.jpg","width":2560,"height":2560},{"@type":"BreadcrumbList","@id":"https:\/\/www.ghostysky.com\/product\/gdu-s200-remote-controller-battery\/#breadcrumb","itemListElement":[{"@type":"ListItem","position":1,"name":"Home","item":"https:\/\/www.ghostysky.com\/"},{"@type":"ListItem","position":2,"name":"Shop","item":"https:\/\/www.ghostysky.com\/shop\/"},{"@type":"ListItem","position":3,"name":"GDU S200 Parachute"}]},{"@type":"WebSite","@id":"https:\/\/www.ghostysky.com\/#website","url":"https:\/\/www.ghostysky.com\/","name":"Ghostysky","description":"Livraison de drones et de services professionnels","publisher":{"@id":"https:\/\/www.ghostysky.com\/#organization"},"potentialAction":[{"@type":"SearchAction","target":{"@type":"EntryPoint","urlTemplate":"https:\/\/www.ghostysky.com\/?s={search_term_string}"},"query-input":{"@type":"PropertyValueSpecification","valueRequired":true,"valueName":"search_term_string"}}],"inLanguage":"fr-FR"},{"@type":"Organization","@id":"https:\/\/www.ghostysky.com\/#organization","name":"Ghostysky","url":"https:\/\/www.ghostysky.com\/","logo":{"@type":"ImageObject","inLanguage":"fr-FR","@id":"https:\/\/www.ghostysky.com\/#\/schema\/logo\/image\/","url":"https:\/\/www.ghostysky.com\/wp-content\/uploads\/2020\/06\/cropped-ghostyskylogo_text_white2.png","contentUrl":"https:\/\/www.ghostysky.com\/wp-content\/uploads\/2020\/06\/cropped-ghostyskylogo_text_white2.png","width":169,"height":56,"caption":"Ghostysky"},"image":{"@id":"https:\/\/www.ghostysky.com\/#\/schema\/logo\/image\/"},"sameAs":["https:\/\/www.facebook.com\/people\/Ghostysky\/100057676170234\/","https:\/\/x.com\/Gh0stysky","https:\/\/www.linkedin.com\/company\/34739653","https:\/\/www.instagram.com\/gh0stysky"]}]}},"_links":{"self":[{"href":"https:\/\/www.ghostysky.com\/fr\/wp-json\/wp\/v2\/product\/24113","targetHints":{"allow":["GET"]}}],"collection":[{"href":"https:\/\/www.ghostysky.com\/fr\/wp-json\/wp\/v2\/product"}],"about":[{"href":"https:\/\/www.ghostysky.com\/fr\/wp-json\/wp\/v2\/types\/product"}],"replies":[{"embeddable":true,"href":"https:\/\/www.ghostysky.com\/fr\/wp-json\/wp\/v2\/comments?post=24113"}],"wp:featuredmedia":[{"embeddable":true,"href":"https:\/\/www.ghostysky.com\/fr\/wp-json\/wp\/v2\/media\/24115"}],"wp:attachment":[{"href":"https:\/\/www.ghostysky.com\/fr\/wp-json\/wp\/v2\/media?parent=24113"}],"wp:term":[{"taxonomy":"product_brand","embeddable":true,"href":"https:\/\/www.ghostysky.com\/fr\/wp-json\/wp\/v2\/product_brand?post=24113"},{"taxonomy":"product_cat","embeddable":true,"href":"https:\/\/www.ghostysky.com\/fr\/wp-json\/wp\/v2\/product_cat?post=24113"},{"taxonomy":"product_tag","embeddable":true,"href":"https:\/\/www.ghostysky.com\/fr\/wp-json\/wp\/v2\/product_tag?post=24113"}],"curies":[{"name":"wp","href":"https:\/\/api.w.org\/{rel}","templated":true}]}}