{"id":24117,"date":"2026-02-08T08:46:04","date_gmt":"2026-02-08T08:46:04","guid":{"rendered":"https:\/\/www.ghostysky.com\/?post_type=product&#038;p=24117"},"modified":"2026-02-08T08:52:06","modified_gmt":"2026-02-08T08:52:06","slug":"gdu-5g-expansion-module-for-s200","status":"publish","type":"product","link":"https:\/\/www.ghostysky.com\/fr\/product\/gdu-5g-expansion-module-for-s200\/","title":{"rendered":"Module d&#039;extension 5G GDU pour S200"},"content":{"rendered":"<h3 data-path-to-node=\"1\">Fonctions et caract\u00e9ristiques principales<\/h3>\n<ul data-path-to-node=\"2\">\n<li>\n<p data-path-to-node=\"2,0,0\"><b data-path-to-node=\"2,0,0\" data-index-in-node=\"0\"><span class=\"citation-129\">Au-del\u00e0 de la ligne de vis\u00e9e visuelle (BVLOS) :<\/span><\/b><span class=\"citation-129 citation-end-129\"> En tirant parti des r\u00e9seaux 5G\/LTE, le module permet au drone de maintenir une connexion stable m\u00eame lorsque des obstacles physiques (comme des b\u00e2timents ou des collines) bloquent le signal direct de la t\u00e9l\u00e9commande.<\/span><\/p>\n<\/li>\n<li>\n<p data-path-to-node=\"2,1,0\"><b data-path-to-node=\"2,1,0\" data-index-in-node=\"0\">Diffusion en continu 4K \u00e0 latence ultra-faible\u00a0:<\/b><span class=\"citation-128 citation-end-128\"> Elle prend en charge la transmission vid\u00e9o 4K en temps r\u00e9el avec une latence g\u00e9n\u00e9ralement inf\u00e9rieure \u00e0 300 ms, ce qui la rend id\u00e9ale pour les interventions d&#039;urgence en direct ou les inspections \u00e0 distance.<\/span><\/p>\n<\/li>\n<li>\n<p data-path-to-node=\"2,2,0\"><b data-path-to-node=\"2,2,0\" data-index-in-node=\"0\">Port\u00e9e infinie (d\u00e9pendante du r\u00e9seau)\u00a0:<\/b><span class=\"citation-127 citation-end-127\"> Tant que le drone se trouve dans la zone de couverture 5G\/4G, il peut transmettre des donn\u00e9es t\u00e9l\u00e9m\u00e9triques et vid\u00e9o au centre de commande depuis pratiquement n&#039;importe quelle distance.<\/span><\/p>\n<\/li>\n<li>\n<p data-path-to-node=\"2,3,0\"><b data-path-to-node=\"2,3,0\" data-index-in-node=\"0\">Liaison de donn\u00e9es chiffr\u00e9e\u00a0:<\/b><span class=\"citation-126 citation-end-126\"> Il int\u00e8gre un cryptage AES-256 pour garantir la s\u00e9curit\u00e9 du flux de donn\u00e9es cellulaires contre l&#039;interception, r\u00e9pondant ainsi aux normes de s\u00e9curit\u00e9 industrielles et publiques.<\/span><\/p>\n<\/li>\n<\/ul>\n<h3 data-path-to-node=\"3\">Sp\u00e9cifications techniques<\/h3>\n<table data-path-to-node=\"4\">\n<thead>\n<tr>\n<td><strong>Fonctionnalit\u00e9<\/strong><\/td>\n<td><strong>D\u00e9tails<\/strong><\/td>\n<\/tr>\n<\/thead>\n<tbody>\n<tr>\n<td><span data-path-to-node=\"4,1,0,0\"><b data-path-to-node=\"4,1,0,0\" data-index-in-node=\"0\">Compatibilit\u00e9<\/b><\/span><\/td>\n<td><span data-path-to-node=\"4,1,1,0\">GDU S200, S220, S220 Pro<\/span><\/td>\n<\/tr>\n<tr>\n<td><span data-path-to-node=\"4,2,0,0\"><b data-path-to-node=\"4,2,0,0\" data-index-in-node=\"0\">Connectivit\u00e9<\/b><\/span><\/td>\n<td><span data-path-to-node=\"4,2,1,0\">5G NR (sub-6 GHz), 4G LTE<\/span><\/td>\n<\/tr>\n<tr>\n<td><span data-path-to-node=\"4,3,0,0\"><b data-path-to-node=\"4,3,0,0\" data-index-in-node=\"0\">Interface<\/b><\/span><\/td>\n<td><span data-path-to-node=\"4,3,1,0\">Port d&#039;extension 5G\/4G d\u00e9di\u00e9 sur le fuselage du S200<\/span><\/td>\n<\/tr>\n<tr>\n<td><span data-path-to-node=\"4,4,0,0\"><b data-path-to-node=\"4,4,0,0\" data-index-in-node=\"0\">Principaux cas d&#039;utilisation<\/b><\/span><\/td>\n<td><span data-path-to-node=\"4,4,1,0\">Gestion du trafic, secours d&#039;urgence, inspection BVLOS<\/span><\/td>\n<\/tr>\n<tr>\n<td><span data-path-to-node=\"4,5,0,0\"><b data-path-to-node=\"4,5,0,0\" data-index-in-node=\"0\">D\u00e9bit de donn\u00e9es<\/b><\/span><\/td>\n<td><span data-path-to-node=\"4,5,1,0\">Vid\u00e9o 4K \u00e0 large bande passante + t\u00e9l\u00e9m\u00e9trie en temps r\u00e9el<\/span><\/td>\n<\/tr>\n<\/tbody>\n<\/table>\n<p>&nbsp;<\/p>\n<h3 data-path-to-node=\"6\">Pourquoi l&#039;utiliser ?<\/h3>\n<p data-path-to-node=\"7\">Le S200 est d\u00e9j\u00e0 un drone tr\u00e8s performant avec sa port\u00e9e de 15 km (type OcuSync), mais le module 5G constitue un atout majeur pour les environnements urbains et industriels complexes. Il garantit que, m\u00eame en cas de brouillage ou d&#039;interruption du signal radio standard, le drone reste contr\u00f4lable et la transmission en direct est ininterrompue.<\/p>","protected":false},"excerpt":{"rendered":"<p><span class=\"citation-131\">Le <\/span><b data-path-to-node=\"0\" data-index-in-node=\"4\"><span class=\"citation-131\">Module d&#039;extension GDU 5G<\/span><\/b><span class=\"citation-131\"> (souvent appel\u00e9 le <\/span><b data-path-to-node=\"0\" data-index-in-node=\"54\"><span class=\"citation-131\">TTX-01<\/span><\/b><span class=\"citation-131 citation-end-131\"> Le module) est un p\u00e9riph\u00e9rique de communication haute performance con\u00e7u pour les drones industriels des s\u00e9ries GDU S200 et S220.<\/span> <span class=\"citation-130 citation-end-130\">Il sert de pont pour contourner les limitations des liaisons RF (radiofr\u00e9quence) traditionnelles, permettant ainsi au drone de fonctionner sur les r\u00e9seaux cellulaires.<\/span><\/p>\n<div class=\"source-inline-chip-container ng-star-inserted\"><\/div>","protected":false},"featured_media":24118,"comment_status":"open","ping_status":"closed","template":"","meta":[],"product_brand":[1369],"product_cat":[29,1360,1362,1359],"product_tag":[1370,1374,1371],"class_list":{"0":"post-24117","1":"product","2":"type-product","3":"status-publish","4":"has-post-thumbnail","6":"product_brand-gdu-tech","7":"product_cat-drones","8":"product_cat-gdu-s200-series","9":"product_cat-gdu-s200-series-accessories","10":"product_cat-gdu-tech","11":"product_tag-gdu-s200-series","12":"product_tag-gdu-s200-series-accessories","13":"product_tag-gdu-tech","15":"first","16":"outofstock","17":"taxable","18":"shipping-taxable","19":"product-type-simple"},"yoast_head":"<!-- This site is optimized with the Yoast SEO plugin v27.1.1 - https:\/\/yoast.com\/product\/yoast-seo-wordpress\/ -->\n<title>GDU 5G Expansion Module for S200 - Ghostysky<\/title>\n<meta name=\"description\" content=\"The GDU 5G Expansion Module (often referred to as the TTX-01 module) is a high-performance communication peripheral designed for the GDU S200 and S220 series industrial drones. It acts as a bridge to bypass the limitations of traditional RF (Radio Frequency) links, allowing the drone to operate over cellular networks.\" \/>\n<meta name=\"robots\" content=\"index, follow, max-snippet:-1, max-image-preview:large, max-video-preview:-1\" \/>\n<link rel=\"canonical\" href=\"https:\/\/www.ghostysky.com\/fr\/product\/gdu-5g-expansion-module-for-s200\/\" \/>\n<meta property=\"og:locale\" content=\"fr_FR\" \/>\n<meta property=\"og:type\" content=\"article\" \/>\n<meta property=\"og:title\" content=\"GDU 5G Expansion Module for S200 - Ghostysky\" \/>\n<meta property=\"og:description\" content=\"The GDU 5G Expansion Module (often referred to as the TTX-01 module) is a high-performance communication peripheral designed for the GDU S200 and S220 series industrial drones. It acts as a bridge to bypass the limitations of traditional RF (Radio Frequency) links, allowing the drone to operate over cellular networks.\" \/>\n<meta property=\"og:url\" content=\"https:\/\/www.ghostysky.com\/fr\/product\/gdu-5g-expansion-module-for-s200\/\" \/>\n<meta property=\"og:site_name\" content=\"Ghostysky\" \/>\n<meta property=\"article:publisher\" content=\"https:\/\/www.facebook.com\/people\/Ghostysky\/100057676170234\/\" \/>\n<meta property=\"article:modified_time\" content=\"2026-02-08T08:52:06+00:00\" \/>\n<meta property=\"og:image\" content=\"https:\/\/www.ghostysky.com\/wp-content\/uploads\/2026\/02\/GH_GDU-5G-Expansion-Module-for-S200_1.webp\" \/>\n\t<meta property=\"og:image:width\" content=\"1200\" \/>\n\t<meta property=\"og:image:height\" content=\"1200\" \/>\n\t<meta property=\"og:image:type\" content=\"image\/webp\" \/>\n<meta name=\"twitter:card\" content=\"summary_large_image\" \/>\n<meta name=\"twitter:site\" content=\"@Gh0stysky\" \/>\n<meta name=\"twitter:label1\" content=\"Dur\u00e9e de lecture estim\u00e9e\" \/>\n\t<meta name=\"twitter:data1\" content=\"2 minutes\" \/>\n<script type=\"application\/ld+json\" class=\"yoast-schema-graph\">{\"@context\":\"https:\/\/schema.org\",\"@graph\":[{\"@type\":\"WebPage\",\"@id\":\"https:\/\/www.ghostysky.com\/product\/gdu-5g-expansion-module-for-s200\/\",\"url\":\"https:\/\/www.ghostysky.com\/product\/gdu-5g-expansion-module-for-s200\/\",\"name\":\"GDU 5G Expansion Module for S200 - Ghostysky\",\"isPartOf\":{\"@id\":\"https:\/\/www.ghostysky.com\/#website\"},\"primaryImageOfPage\":{\"@id\":\"https:\/\/www.ghostysky.com\/product\/gdu-5g-expansion-module-for-s200\/#primaryimage\"},\"image\":{\"@id\":\"https:\/\/www.ghostysky.com\/product\/gdu-5g-expansion-module-for-s200\/#primaryimage\"},\"thumbnailUrl\":\"https:\/\/www.ghostysky.com\/wp-content\/uploads\/2026\/02\/GH_GDU-5G-Expansion-Module-for-S200_1.webp\",\"datePublished\":\"2026-02-08T08:46:04+00:00\",\"dateModified\":\"2026-02-08T08:52:06+00:00\",\"description\":\"The GDU 5G Expansion Module (often referred to as the TTX-01 module) is a high-performance communication peripheral designed for the GDU S200 and S220 series industrial drones. It acts as a bridge to bypass the limitations of traditional RF (Radio Frequency) links, allowing the drone to operate over cellular networks.\",\"breadcrumb\":{\"@id\":\"https:\/\/www.ghostysky.com\/product\/gdu-5g-expansion-module-for-s200\/#breadcrumb\"},\"inLanguage\":\"fr-FR\",\"potentialAction\":[{\"@type\":\"ReadAction\",\"target\":[\"https:\/\/www.ghostysky.com\/product\/gdu-5g-expansion-module-for-s200\/\"]}]},{\"@type\":\"ImageObject\",\"inLanguage\":\"fr-FR\",\"@id\":\"https:\/\/www.ghostysky.com\/product\/gdu-5g-expansion-module-for-s200\/#primaryimage\",\"url\":\"https:\/\/www.ghostysky.com\/wp-content\/uploads\/2026\/02\/GH_GDU-5G-Expansion-Module-for-S200_1.webp\",\"contentUrl\":\"https:\/\/www.ghostysky.com\/wp-content\/uploads\/2026\/02\/GH_GDU-5G-Expansion-Module-for-S200_1.webp\",\"width\":1200,\"height\":1200},{\"@type\":\"BreadcrumbList\",\"@id\":\"https:\/\/www.ghostysky.com\/product\/gdu-5g-expansion-module-for-s200\/#breadcrumb\",\"itemListElement\":[{\"@type\":\"ListItem\",\"position\":1,\"name\":\"Home\",\"item\":\"https:\/\/www.ghostysky.com\/\"},{\"@type\":\"ListItem\",\"position\":2,\"name\":\"Shop\",\"item\":\"https:\/\/www.ghostysky.com\/shop\/\"},{\"@type\":\"ListItem\",\"position\":3,\"name\":\"GDU 5G Expansion Module for S200\"}]},{\"@type\":\"WebSite\",\"@id\":\"https:\/\/www.ghostysky.com\/#website\",\"url\":\"https:\/\/www.ghostysky.com\/\",\"name\":\"Ghostysky\",\"description\":\"Delivering professional drones and services\",\"publisher\":{\"@id\":\"https:\/\/www.ghostysky.com\/#organization\"},\"potentialAction\":[{\"@type\":\"SearchAction\",\"target\":{\"@type\":\"EntryPoint\",\"urlTemplate\":\"https:\/\/www.ghostysky.com\/?s={search_term_string}\"},\"query-input\":{\"@type\":\"PropertyValueSpecification\",\"valueRequired\":true,\"valueName\":\"search_term_string\"}}],\"inLanguage\":\"fr-FR\"},{\"@type\":\"Organization\",\"@id\":\"https:\/\/www.ghostysky.com\/#organization\",\"name\":\"Ghostysky\",\"url\":\"https:\/\/www.ghostysky.com\/\",\"logo\":{\"@type\":\"ImageObject\",\"inLanguage\":\"fr-FR\",\"@id\":\"https:\/\/www.ghostysky.com\/#\/schema\/logo\/image\/\",\"url\":\"https:\/\/www.ghostysky.com\/wp-content\/uploads\/2020\/06\/cropped-ghostyskylogo_text_white2.png\",\"contentUrl\":\"https:\/\/www.ghostysky.com\/wp-content\/uploads\/2020\/06\/cropped-ghostyskylogo_text_white2.png\",\"width\":169,\"height\":56,\"caption\":\"Ghostysky\"},\"image\":{\"@id\":\"https:\/\/www.ghostysky.com\/#\/schema\/logo\/image\/\"},\"sameAs\":[\"https:\/\/www.facebook.com\/people\/Ghostysky\/100057676170234\/\",\"https:\/\/x.com\/Gh0stysky\",\"https:\/\/www.linkedin.com\/company\/34739653\",\"https:\/\/www.instagram.com\/gh0stysky\"]}]}<\/script>\n<!-- \/ Yoast SEO plugin. -->","yoast_head_json":{"title":"Module d&#039;extension 5G GDU pour S200 - Ghostysky","description":"Le module d&#039;extension 5G GDU (souvent appel\u00e9 module TTX-01) est un p\u00e9riph\u00e9rique de communication haute performance con\u00e7u pour les drones industriels des s\u00e9ries GDU S200 et S220. Il sert de passerelle pour contourner les limitations des liaisons radiofr\u00e9quences traditionnelles, permettant ainsi au drone de fonctionner sur les r\u00e9seaux cellulaires.","robots":{"index":"index","follow":"follow","max-snippet":"max-snippet:-1","max-image-preview":"max-image-preview:large","max-video-preview":"max-video-preview:-1"},"canonical":"https:\/\/www.ghostysky.com\/fr\/product\/gdu-5g-expansion-module-for-s200\/","og_locale":"fr_FR","og_type":"article","og_title":"GDU 5G Expansion Module for S200 - Ghostysky","og_description":"The GDU 5G Expansion Module (often referred to as the TTX-01 module) is a high-performance communication peripheral designed for the GDU S200 and S220 series industrial drones. It acts as a bridge to bypass the limitations of traditional RF (Radio Frequency) links, allowing the drone to operate over cellular networks.","og_url":"https:\/\/www.ghostysky.com\/fr\/product\/gdu-5g-expansion-module-for-s200\/","og_site_name":"Ghostysky","article_publisher":"https:\/\/www.facebook.com\/people\/Ghostysky\/100057676170234\/","article_modified_time":"2026-02-08T08:52:06+00:00","og_image":[{"width":1200,"height":1200,"url":"https:\/\/www.ghostysky.com\/wp-content\/uploads\/2026\/02\/GH_GDU-5G-Expansion-Module-for-S200_1.webp","type":"image\/webp"}],"twitter_card":"summary_large_image","twitter_site":"@Gh0stysky","twitter_misc":{"Dur\u00e9e de lecture estim\u00e9e":"2 minutes"},"schema":{"@context":"https:\/\/schema.org","@graph":[{"@type":"WebPage","@id":"https:\/\/www.ghostysky.com\/product\/gdu-5g-expansion-module-for-s200\/","url":"https:\/\/www.ghostysky.com\/product\/gdu-5g-expansion-module-for-s200\/","name":"Module d&#039;extension 5G GDU pour S200 - Ghostysky","isPartOf":{"@id":"https:\/\/www.ghostysky.com\/#website"},"primaryImageOfPage":{"@id":"https:\/\/www.ghostysky.com\/product\/gdu-5g-expansion-module-for-s200\/#primaryimage"},"image":{"@id":"https:\/\/www.ghostysky.com\/product\/gdu-5g-expansion-module-for-s200\/#primaryimage"},"thumbnailUrl":"https:\/\/www.ghostysky.com\/wp-content\/uploads\/2026\/02\/GH_GDU-5G-Expansion-Module-for-S200_1.webp","datePublished":"2026-02-08T08:46:04+00:00","dateModified":"2026-02-08T08:52:06+00:00","description":"Le module d&#039;extension 5G GDU (souvent appel\u00e9 module TTX-01) est un p\u00e9riph\u00e9rique de communication haute performance con\u00e7u pour les drones industriels des s\u00e9ries GDU S200 et S220. Il sert de passerelle pour contourner les limitations des liaisons radiofr\u00e9quences traditionnelles, permettant ainsi au drone de fonctionner sur les r\u00e9seaux cellulaires.","breadcrumb":{"@id":"https:\/\/www.ghostysky.com\/product\/gdu-5g-expansion-module-for-s200\/#breadcrumb"},"inLanguage":"fr-FR","potentialAction":[{"@type":"ReadAction","target":["https:\/\/www.ghostysky.com\/product\/gdu-5g-expansion-module-for-s200\/"]}]},{"@type":"ImageObject","inLanguage":"fr-FR","@id":"https:\/\/www.ghostysky.com\/product\/gdu-5g-expansion-module-for-s200\/#primaryimage","url":"https:\/\/www.ghostysky.com\/wp-content\/uploads\/2026\/02\/GH_GDU-5G-Expansion-Module-for-S200_1.webp","contentUrl":"https:\/\/www.ghostysky.com\/wp-content\/uploads\/2026\/02\/GH_GDU-5G-Expansion-Module-for-S200_1.webp","width":1200,"height":1200},{"@type":"BreadcrumbList","@id":"https:\/\/www.ghostysky.com\/product\/gdu-5g-expansion-module-for-s200\/#breadcrumb","itemListElement":[{"@type":"ListItem","position":1,"name":"Home","item":"https:\/\/www.ghostysky.com\/"},{"@type":"ListItem","position":2,"name":"Shop","item":"https:\/\/www.ghostysky.com\/shop\/"},{"@type":"ListItem","position":3,"name":"GDU 5G Expansion Module for S200"}]},{"@type":"WebSite","@id":"https:\/\/www.ghostysky.com\/#website","url":"https:\/\/www.ghostysky.com\/","name":"Ghostysky","description":"Livraison de drones et de services professionnels","publisher":{"@id":"https:\/\/www.ghostysky.com\/#organization"},"potentialAction":[{"@type":"SearchAction","target":{"@type":"EntryPoint","urlTemplate":"https:\/\/www.ghostysky.com\/?s={search_term_string}"},"query-input":{"@type":"PropertyValueSpecification","valueRequired":true,"valueName":"search_term_string"}}],"inLanguage":"fr-FR"},{"@type":"Organization","@id":"https:\/\/www.ghostysky.com\/#organization","name":"Ghostysky","url":"https:\/\/www.ghostysky.com\/","logo":{"@type":"ImageObject","inLanguage":"fr-FR","@id":"https:\/\/www.ghostysky.com\/#\/schema\/logo\/image\/","url":"https:\/\/www.ghostysky.com\/wp-content\/uploads\/2020\/06\/cropped-ghostyskylogo_text_white2.png","contentUrl":"https:\/\/www.ghostysky.com\/wp-content\/uploads\/2020\/06\/cropped-ghostyskylogo_text_white2.png","width":169,"height":56,"caption":"Ghostysky"},"image":{"@id":"https:\/\/www.ghostysky.com\/#\/schema\/logo\/image\/"},"sameAs":["https:\/\/www.facebook.com\/people\/Ghostysky\/100057676170234\/","https:\/\/x.com\/Gh0stysky","https:\/\/www.linkedin.com\/company\/34739653","https:\/\/www.instagram.com\/gh0stysky"]}]}},"_links":{"self":[{"href":"https:\/\/www.ghostysky.com\/fr\/wp-json\/wp\/v2\/product\/24117","targetHints":{"allow":["GET"]}}],"collection":[{"href":"https:\/\/www.ghostysky.com\/fr\/wp-json\/wp\/v2\/product"}],"about":[{"href":"https:\/\/www.ghostysky.com\/fr\/wp-json\/wp\/v2\/types\/product"}],"replies":[{"embeddable":true,"href":"https:\/\/www.ghostysky.com\/fr\/wp-json\/wp\/v2\/comments?post=24117"}],"wp:featuredmedia":[{"embeddable":true,"href":"https:\/\/www.ghostysky.com\/fr\/wp-json\/wp\/v2\/media\/24118"}],"wp:attachment":[{"href":"https:\/\/www.ghostysky.com\/fr\/wp-json\/wp\/v2\/media?parent=24117"}],"wp:term":[{"taxonomy":"product_brand","embeddable":true,"href":"https:\/\/www.ghostysky.com\/fr\/wp-json\/wp\/v2\/product_brand?post=24117"},{"taxonomy":"product_cat","embeddable":true,"href":"https:\/\/www.ghostysky.com\/fr\/wp-json\/wp\/v2\/product_cat?post=24117"},{"taxonomy":"product_tag","embeddable":true,"href":"https:\/\/www.ghostysky.com\/fr\/wp-json\/wp\/v2\/product_tag?post=24117"}],"curies":[{"name":"wp","href":"https:\/\/api.w.org\/{rel}","templated":true}]}}