{"id":24119,"date":"2026-02-08T08:52:55","date_gmt":"2026-02-08T08:52:55","guid":{"rendered":"https:\/\/www.ghostysky.com\/?post_type=product&#038;p=24119"},"modified":"2026-02-08T09:01:53","modified_gmt":"2026-02-08T09:01:53","slug":"gdu-s200-4g-expansion-module","status":"publish","type":"product","link":"https:\/\/www.ghostysky.com\/fr\/product\/gdu-s200-4g-expansion-module\/","title":{"rendered":"Module d&#039;extension GDU S200 4G"},"content":{"rendered":"<h3 data-path-to-node=\"1\">Caract\u00e9ristiques principales<\/h3>\n<ul data-path-to-node=\"2\">\n<li>\n<p data-path-to-node=\"2,0,0\"><b data-path-to-node=\"2,0,0\" data-index-in-node=\"0\"><span class=\"citation-146\">Au-del\u00e0 de la ligne de vis\u00e9e visuelle (BVLOS) :<\/span><\/b><span class=\"citation-146 citation-end-146\"> En utilisant les r\u00e9seaux 4G\/LTE, le module \u00e9limine les contraintes de distance des t\u00e9l\u00e9commandes standard, permettant des op\u00e9rations \u00e0 longue port\u00e9e partout o\u00f9 une couverture cellulaire est disponible.<\/span><\/p>\n<\/li>\n<li>\n<p data-path-to-node=\"2,1,0\"><b data-path-to-node=\"2,1,0\" data-index-in-node=\"0\">Stabilit\u00e9 de transmission am\u00e9lior\u00e9e\u00a0:<\/b> Il fournit une liaison de donn\u00e9es redondante. <span class=\"citation-145 citation-end-145\">Si le signal principal de type OcuSync est obstru\u00e9 par des b\u00e2timents ou le terrain, le module 4G maintient le flux vid\u00e9o et la t\u00e9l\u00e9m\u00e9trie.<\/span><\/p>\n<\/li>\n<li>\n<p data-path-to-node=\"2,2,0\"><b data-path-to-node=\"2,2,0\" data-index-in-node=\"0\"><span class=\"citation-144\">Synchronisation avec le cloud\u00a0:<\/span><\/b><span class=\"citation-144 citation-end-144\"> Permet le t\u00e9l\u00e9chargement de donn\u00e9es en temps r\u00e9el et la surveillance \u00e0 distance des missions via les plateformes cloud de GDU, ce qui est essentiel pour la coordination du centre de commandement.<\/span><\/p>\n<\/li>\n<li>\n<p data-path-to-node=\"2,3,0\"><b data-path-to-node=\"2,3,0\" data-index-in-node=\"0\">Int\u00e9gration Plug-and-Play\u00a0:<\/b> Con\u00e7u pour le port d&#039;extension d\u00e9di\u00e9 du S200, le module est compact et l\u00e9ger afin de ne pas impacter significativement l&#039;autonomie en vol.<\/p>\n<\/li>\n<\/ul>\n<h3 data-path-to-node=\"4\">Sp\u00e9cifications techniques<\/h3>\n<table data-path-to-node=\"5\">\n<thead>\n<tr>\n<td><strong>Fonctionnalit\u00e9<\/strong><\/td>\n<td><strong>D\u00e9tails<\/strong><\/td>\n<\/tr>\n<\/thead>\n<tbody>\n<tr>\n<td><span data-path-to-node=\"5,1,0,0\"><b data-path-to-node=\"5,1,0,0\" data-index-in-node=\"0\">Mod\u00e8le<\/b><\/span><\/td>\n<td><span data-path-to-node=\"5,1,1,0\">A4G-200A<\/span><\/td>\n<\/tr>\n<tr>\n<td><span data-path-to-node=\"5,2,0,0\"><b data-path-to-node=\"5,2,0,0\" data-index-in-node=\"0\">Compatibilit\u00e9<\/b><\/span><\/td>\n<td><span data-path-to-node=\"5,2,1,0\">GDU S200, S220, S220 Pro<\/span><\/td>\n<\/tr>\n<tr>\n<td><span data-path-to-node=\"5,3,0,0\"><b data-path-to-node=\"5,3,0,0\" data-index-in-node=\"0\">Interface<\/b><\/span><\/td>\n<td><span data-path-to-node=\"5,3,1,0\">Port d&#039;extension Type-C d\u00e9di\u00e9<\/span><\/td>\n<\/tr>\n<tr>\n<td><span data-path-to-node=\"5,4,0,0\"><b data-path-to-node=\"5,4,0,0\" data-index-in-node=\"0\">Assistance r\u00e9seau<\/b><\/span><\/td>\n<td><span data-path-to-node=\"5,4,1,0\">4G LTE (n\u00e9cessite une carte Nano-SIM)<\/span><\/td>\n<\/tr>\n<tr>\n<td><span data-path-to-node=\"5,5,0,0\"><b data-path-to-node=\"5,5,0,0\" data-index-in-node=\"0\">Fonctions principales<\/b><\/span><\/td>\n<td><span data-path-to-node=\"5,5,1,0\">Transmission en temps r\u00e9el, contr\u00f4le \u00e0 distance en r\u00e9seau, synchronisation avec le cloud<\/span><\/td>\n<\/tr>\n<tr>\n<td><span data-path-to-node=\"5,6,0,0\"><b data-path-to-node=\"5,6,0,0\" data-index-in-node=\"0\">Temp\u00e9rature de fonctionnement<\/b><\/span><\/td>\n<td><span data-path-to-node=\"5,6,1,0\">-20\u00b0C \u00e0 50\u00b0C (qualit\u00e9 industrielle)<\/span><\/td>\n<\/tr>\n<\/tbody>\n<\/table>\n<p>&nbsp;<\/p>\n<h3 data-path-to-node=\"7\">Pourquoi l&#039;utiliser ?<\/h3>\n<p data-path-to-node=\"8\">Dans des contextes industriels comme <b data-path-to-node=\"8\" data-index-in-node=\"29\">inspections des lignes \u00e9lectriques<\/b>, <b data-path-to-node=\"8\" data-index-in-node=\"53\">s\u00e9curit\u00e9 urbaine<\/b>, ou <b data-path-to-node=\"8\" data-index-in-node=\"72\">recherche et sauvetage<\/b>, Les interf\u00e9rences de signal ou les obstacles physiques interrompent souvent la connexion entre le pilote et le drone. Le module 4G du S200 agit comme un filet de s\u00e9curit\u00e9, garantissant la continuit\u00e9 du flux vid\u00e9o 8K et des donn\u00e9es de reconnaissance par IA, m\u00eame dans des environnements complexes et obstru\u00e9s.<\/p>","protected":false},"excerpt":{"rendered":"<p><span class=\"citation-147\">Le <\/span><b data-path-to-node=\"0\" data-index-in-node=\"4\"><span class=\"citation-147\">Module d&#039;extension GDU S200 4G<\/span><\/b><span class=\"citation-147\"> (Mod\u00e8le: <\/span><b data-path-to-node=\"0\" data-index-in-node=\"41\"><span class=\"citation-147\">A4G-200A<\/span><\/b><span class=\"citation-147 citation-end-147\">) est un terminal a\u00e9roport\u00e9 sp\u00e9cialis\u00e9 con\u00e7u sp\u00e9cifiquement pour les drones industriels de la s\u00e9rie GDU S200.<\/span> Il sert de pont de communication \u00e0 haut d\u00e9bit qui assure la transition de la connectivit\u00e9 du drone des liaisons radiofr\u00e9quences (RF) traditionnelles aux r\u00e9seaux cellulaires.<\/p>","protected":false},"featured_media":24121,"comment_status":"open","ping_status":"closed","template":"","meta":[],"product_brand":[1369],"product_cat":[29,1360,1362,1359],"product_tag":[1370,1374,1371],"class_list":{"0":"post-24119","1":"product","2":"type-product","3":"status-publish","4":"has-post-thumbnail","6":"product_brand-gdu-tech","7":"product_cat-drones","8":"product_cat-gdu-s200-series","9":"product_cat-gdu-s200-series-accessories","10":"product_cat-gdu-tech","11":"product_tag-gdu-s200-series","12":"product_tag-gdu-s200-series-accessories","13":"product_tag-gdu-tech","15":"first","16":"outofstock","17":"taxable","18":"shipping-taxable","19":"product-type-simple"},"yoast_head":"<!-- This site is optimized with the Yoast SEO plugin v27.4 - https:\/\/yoast.com\/product\/yoast-seo-wordpress\/ -->\n<title>GDU S200 4G Expansion Module - Ghostysky<\/title>\n<meta name=\"description\" content=\"The GDU S200 4G Expansion Module (Model: A4G-200A) is a specialized airborne terminal designed specifically for the GDU S200 series industrial drones. It serves as a high-speed communication bridge that transitions the drone&#039;s connectivity from traditional radio frequency (RF) links to cellular networks.\" \/>\n<meta name=\"robots\" content=\"index, follow, max-snippet:-1, max-image-preview:large, max-video-preview:-1\" \/>\n<link rel=\"canonical\" href=\"https:\/\/www.ghostysky.com\/fr\/product\/gdu-s200-4g-expansion-module\/\" \/>\n<meta property=\"og:locale\" content=\"fr_FR\" \/>\n<meta property=\"og:type\" content=\"article\" \/>\n<meta property=\"og:title\" content=\"GDU S200 4G Expansion Module - Ghostysky\" \/>\n<meta property=\"og:description\" content=\"The GDU S200 4G Expansion Module (Model: A4G-200A) is a specialized airborne terminal designed specifically for the GDU S200 series industrial drones. It serves as a high-speed communication bridge that transitions the drone&#039;s connectivity from traditional radio frequency (RF) links to cellular networks.\" \/>\n<meta property=\"og:url\" content=\"https:\/\/www.ghostysky.com\/fr\/product\/gdu-s200-4g-expansion-module\/\" \/>\n<meta property=\"og:site_name\" content=\"Ghostysky\" \/>\n<meta property=\"article:publisher\" content=\"https:\/\/www.facebook.com\/people\/Ghostysky\/100057676170234\/\" \/>\n<meta property=\"article:modified_time\" content=\"2026-02-08T09:01:53+00:00\" \/>\n<meta property=\"og:image\" content=\"https:\/\/www.ghostysky.com\/wp-content\/uploads\/2026\/02\/GH_GDU-S200-4G-Expansion-Module_1.webp\" \/>\n\t<meta property=\"og:image:width\" content=\"1200\" \/>\n\t<meta property=\"og:image:height\" content=\"1200\" \/>\n\t<meta property=\"og:image:type\" content=\"image\/webp\" \/>\n<meta name=\"twitter:card\" content=\"summary_large_image\" \/>\n<meta name=\"twitter:site\" content=\"@Gh0stysky\" \/>\n<meta name=\"twitter:label1\" content=\"Dur\u00e9e de lecture estim\u00e9e\" \/>\n\t<meta name=\"twitter:data1\" content=\"2 minutes\" \/>\n<script type=\"application\/ld+json\" class=\"yoast-schema-graph\">{\"@context\":\"https:\\\/\\\/schema.org\",\"@graph\":[{\"@type\":\"WebPage\",\"@id\":\"https:\\\/\\\/www.ghostysky.com\\\/product\\\/gdu-s200-4g-expansion-module\\\/\",\"url\":\"https:\\\/\\\/www.ghostysky.com\\\/product\\\/gdu-s200-4g-expansion-module\\\/\",\"name\":\"GDU S200 4G Expansion Module - Ghostysky\",\"isPartOf\":{\"@id\":\"https:\\\/\\\/www.ghostysky.com\\\/#website\"},\"primaryImageOfPage\":{\"@id\":\"https:\\\/\\\/www.ghostysky.com\\\/product\\\/gdu-s200-4g-expansion-module\\\/#primaryimage\"},\"image\":{\"@id\":\"https:\\\/\\\/www.ghostysky.com\\\/product\\\/gdu-s200-4g-expansion-module\\\/#primaryimage\"},\"thumbnailUrl\":\"https:\\\/\\\/www.ghostysky.com\\\/wp-content\\\/uploads\\\/2026\\\/02\\\/GH_GDU-S200-4G-Expansion-Module_1.webp\",\"datePublished\":\"2026-02-08T08:52:55+00:00\",\"dateModified\":\"2026-02-08T09:01:53+00:00\",\"description\":\"The GDU S200 4G Expansion Module (Model: A4G-200A) is a specialized airborne terminal designed specifically for the GDU S200 series industrial drones. It serves as a high-speed communication bridge that transitions the drone's connectivity from traditional radio frequency (RF) links to cellular networks.\",\"breadcrumb\":{\"@id\":\"https:\\\/\\\/www.ghostysky.com\\\/product\\\/gdu-s200-4g-expansion-module\\\/#breadcrumb\"},\"inLanguage\":\"fr-FR\",\"potentialAction\":[{\"@type\":\"ReadAction\",\"target\":[\"https:\\\/\\\/www.ghostysky.com\\\/product\\\/gdu-s200-4g-expansion-module\\\/\"]}]},{\"@type\":\"ImageObject\",\"inLanguage\":\"fr-FR\",\"@id\":\"https:\\\/\\\/www.ghostysky.com\\\/product\\\/gdu-s200-4g-expansion-module\\\/#primaryimage\",\"url\":\"https:\\\/\\\/www.ghostysky.com\\\/wp-content\\\/uploads\\\/2026\\\/02\\\/GH_GDU-S200-4G-Expansion-Module_1.webp\",\"contentUrl\":\"https:\\\/\\\/www.ghostysky.com\\\/wp-content\\\/uploads\\\/2026\\\/02\\\/GH_GDU-S200-4G-Expansion-Module_1.webp\",\"width\":1200,\"height\":1200},{\"@type\":\"BreadcrumbList\",\"@id\":\"https:\\\/\\\/www.ghostysky.com\\\/product\\\/gdu-s200-4g-expansion-module\\\/#breadcrumb\",\"itemListElement\":[{\"@type\":\"ListItem\",\"position\":1,\"name\":\"Home\",\"item\":\"https:\\\/\\\/www.ghostysky.com\\\/\"},{\"@type\":\"ListItem\",\"position\":2,\"name\":\"Shop\",\"item\":\"https:\\\/\\\/www.ghostysky.com\\\/shop\\\/\"},{\"@type\":\"ListItem\",\"position\":3,\"name\":\"GDU S200 4G Expansion Module\"}]},{\"@type\":\"WebSite\",\"@id\":\"https:\\\/\\\/www.ghostysky.com\\\/#website\",\"url\":\"https:\\\/\\\/www.ghostysky.com\\\/\",\"name\":\"Ghostysky\",\"description\":\"Delivering professional drones and services\",\"publisher\":{\"@id\":\"https:\\\/\\\/www.ghostysky.com\\\/#organization\"},\"potentialAction\":[{\"@type\":\"SearchAction\",\"target\":{\"@type\":\"EntryPoint\",\"urlTemplate\":\"https:\\\/\\\/www.ghostysky.com\\\/?s={search_term_string}\"},\"query-input\":{\"@type\":\"PropertyValueSpecification\",\"valueRequired\":true,\"valueName\":\"search_term_string\"}}],\"inLanguage\":\"fr-FR\"},{\"@type\":\"Organization\",\"@id\":\"https:\\\/\\\/www.ghostysky.com\\\/#organization\",\"name\":\"Ghostysky\",\"url\":\"https:\\\/\\\/www.ghostysky.com\\\/\",\"logo\":{\"@type\":\"ImageObject\",\"inLanguage\":\"fr-FR\",\"@id\":\"https:\\\/\\\/www.ghostysky.com\\\/#\\\/schema\\\/logo\\\/image\\\/\",\"url\":\"https:\\\/\\\/www.ghostysky.com\\\/wp-content\\\/uploads\\\/2020\\\/06\\\/cropped-ghostyskylogo_text_white2.png\",\"contentUrl\":\"https:\\\/\\\/www.ghostysky.com\\\/wp-content\\\/uploads\\\/2020\\\/06\\\/cropped-ghostyskylogo_text_white2.png\",\"width\":169,\"height\":56,\"caption\":\"Ghostysky\"},\"image\":{\"@id\":\"https:\\\/\\\/www.ghostysky.com\\\/#\\\/schema\\\/logo\\\/image\\\/\"},\"sameAs\":[\"https:\\\/\\\/www.facebook.com\\\/people\\\/Ghostysky\\\/100057676170234\\\/\",\"https:\\\/\\\/x.com\\\/Gh0stysky\",\"https:\\\/\\\/www.linkedin.com\\\/company\\\/34739653\",\"https:\\\/\\\/www.instagram.com\\\/gh0stysky\"]}]}<\/script>\n<!-- \/ Yoast SEO plugin. -->","yoast_head_json":{"title":"Module d&#039;extension GDU S200 4G - Ghostysky","description":"Le module d&#039;extension 4G GDU S200 (mod\u00e8le\u00a0: A4G-200A) est un terminal a\u00e9roport\u00e9 sp\u00e9cialis\u00e9, con\u00e7u sp\u00e9cifiquement pour les drones industriels de la s\u00e9rie GDU S200. Il sert de pont de communication haut d\u00e9bit, assurant la transition de la connectivit\u00e9 du drone des liaisons radiofr\u00e9quences (RF) traditionnelles aux r\u00e9seaux cellulaires.","robots":{"index":"index","follow":"follow","max-snippet":"max-snippet:-1","max-image-preview":"max-image-preview:large","max-video-preview":"max-video-preview:-1"},"canonical":"https:\/\/www.ghostysky.com\/fr\/product\/gdu-s200-4g-expansion-module\/","og_locale":"fr_FR","og_type":"article","og_title":"GDU S200 4G Expansion Module - Ghostysky","og_description":"The GDU S200 4G Expansion Module (Model: A4G-200A) is a specialized airborne terminal designed specifically for the GDU S200 series industrial drones. It serves as a high-speed communication bridge that transitions the drone's connectivity from traditional radio frequency (RF) links to cellular networks.","og_url":"https:\/\/www.ghostysky.com\/fr\/product\/gdu-s200-4g-expansion-module\/","og_site_name":"Ghostysky","article_publisher":"https:\/\/www.facebook.com\/people\/Ghostysky\/100057676170234\/","article_modified_time":"2026-02-08T09:01:53+00:00","og_image":[{"width":1200,"height":1200,"url":"https:\/\/www.ghostysky.com\/wp-content\/uploads\/2026\/02\/GH_GDU-S200-4G-Expansion-Module_1.webp","type":"image\/webp"}],"twitter_card":"summary_large_image","twitter_site":"@Gh0stysky","twitter_misc":{"Dur\u00e9e de lecture estim\u00e9e":"2 minutes"},"schema":{"@context":"https:\/\/schema.org","@graph":[{"@type":"WebPage","@id":"https:\/\/www.ghostysky.com\/product\/gdu-s200-4g-expansion-module\/","url":"https:\/\/www.ghostysky.com\/product\/gdu-s200-4g-expansion-module\/","name":"Module d&#039;extension GDU S200 4G - Ghostysky","isPartOf":{"@id":"https:\/\/www.ghostysky.com\/#website"},"primaryImageOfPage":{"@id":"https:\/\/www.ghostysky.com\/product\/gdu-s200-4g-expansion-module\/#primaryimage"},"image":{"@id":"https:\/\/www.ghostysky.com\/product\/gdu-s200-4g-expansion-module\/#primaryimage"},"thumbnailUrl":"https:\/\/www.ghostysky.com\/wp-content\/uploads\/2026\/02\/GH_GDU-S200-4G-Expansion-Module_1.webp","datePublished":"2026-02-08T08:52:55+00:00","dateModified":"2026-02-08T09:01:53+00:00","description":"Le module d&#039;extension 4G GDU S200 (mod\u00e8le\u00a0: A4G-200A) est un terminal a\u00e9roport\u00e9 sp\u00e9cialis\u00e9, con\u00e7u sp\u00e9cifiquement pour les drones industriels de la s\u00e9rie GDU S200. Il sert de pont de communication haut d\u00e9bit, assurant la transition de la connectivit\u00e9 du drone des liaisons radiofr\u00e9quences (RF) traditionnelles aux r\u00e9seaux cellulaires.","breadcrumb":{"@id":"https:\/\/www.ghostysky.com\/product\/gdu-s200-4g-expansion-module\/#breadcrumb"},"inLanguage":"fr-FR","potentialAction":[{"@type":"ReadAction","target":["https:\/\/www.ghostysky.com\/product\/gdu-s200-4g-expansion-module\/"]}]},{"@type":"ImageObject","inLanguage":"fr-FR","@id":"https:\/\/www.ghostysky.com\/product\/gdu-s200-4g-expansion-module\/#primaryimage","url":"https:\/\/www.ghostysky.com\/wp-content\/uploads\/2026\/02\/GH_GDU-S200-4G-Expansion-Module_1.webp","contentUrl":"https:\/\/www.ghostysky.com\/wp-content\/uploads\/2026\/02\/GH_GDU-S200-4G-Expansion-Module_1.webp","width":1200,"height":1200},{"@type":"BreadcrumbList","@id":"https:\/\/www.ghostysky.com\/product\/gdu-s200-4g-expansion-module\/#breadcrumb","itemListElement":[{"@type":"ListItem","position":1,"name":"Home","item":"https:\/\/www.ghostysky.com\/"},{"@type":"ListItem","position":2,"name":"Shop","item":"https:\/\/www.ghostysky.com\/shop\/"},{"@type":"ListItem","position":3,"name":"GDU S200 4G Expansion Module"}]},{"@type":"WebSite","@id":"https:\/\/www.ghostysky.com\/#website","url":"https:\/\/www.ghostysky.com\/","name":"Ghostysky","description":"Livraison de drones et de services professionnels","publisher":{"@id":"https:\/\/www.ghostysky.com\/#organization"},"potentialAction":[{"@type":"SearchAction","target":{"@type":"EntryPoint","urlTemplate":"https:\/\/www.ghostysky.com\/?s={search_term_string}"},"query-input":{"@type":"PropertyValueSpecification","valueRequired":true,"valueName":"search_term_string"}}],"inLanguage":"fr-FR"},{"@type":"Organization","@id":"https:\/\/www.ghostysky.com\/#organization","name":"Ghostysky","url":"https:\/\/www.ghostysky.com\/","logo":{"@type":"ImageObject","inLanguage":"fr-FR","@id":"https:\/\/www.ghostysky.com\/#\/schema\/logo\/image\/","url":"https:\/\/www.ghostysky.com\/wp-content\/uploads\/2020\/06\/cropped-ghostyskylogo_text_white2.png","contentUrl":"https:\/\/www.ghostysky.com\/wp-content\/uploads\/2020\/06\/cropped-ghostyskylogo_text_white2.png","width":169,"height":56,"caption":"Ghostysky"},"image":{"@id":"https:\/\/www.ghostysky.com\/#\/schema\/logo\/image\/"},"sameAs":["https:\/\/www.facebook.com\/people\/Ghostysky\/100057676170234\/","https:\/\/x.com\/Gh0stysky","https:\/\/www.linkedin.com\/company\/34739653","https:\/\/www.instagram.com\/gh0stysky"]}]}},"_links":{"self":[{"href":"https:\/\/www.ghostysky.com\/fr\/wp-json\/wp\/v2\/product\/24119","targetHints":{"allow":["GET"]}}],"collection":[{"href":"https:\/\/www.ghostysky.com\/fr\/wp-json\/wp\/v2\/product"}],"about":[{"href":"https:\/\/www.ghostysky.com\/fr\/wp-json\/wp\/v2\/types\/product"}],"replies":[{"embeddable":true,"href":"https:\/\/www.ghostysky.com\/fr\/wp-json\/wp\/v2\/comments?post=24119"}],"version-history":[{"count":0,"href":"https:\/\/www.ghostysky.com\/fr\/wp-json\/wp\/v2\/product\/24119\/revisions"}],"wp:featuredmedia":[{"embeddable":true,"href":"https:\/\/www.ghostysky.com\/fr\/wp-json\/wp\/v2\/media\/24121"}],"wp:attachment":[{"href":"https:\/\/www.ghostysky.com\/fr\/wp-json\/wp\/v2\/media?parent=24119"}],"wp:term":[{"taxonomy":"product_brand","embeddable":true,"href":"https:\/\/www.ghostysky.com\/fr\/wp-json\/wp\/v2\/product_brand?post=24119"},{"taxonomy":"product_cat","embeddable":true,"href":"https:\/\/www.ghostysky.com\/fr\/wp-json\/wp\/v2\/product_cat?post=24119"},{"taxonomy":"product_tag","embeddable":true,"href":"https:\/\/www.ghostysky.com\/fr\/wp-json\/wp\/v2\/product_tag?post=24119"}],"curies":[{"name":"wp","href":"https:\/\/api.w.org\/{rel}","templated":true}]}}