{"id":24125,"date":"2026-02-08T09:01:28","date_gmt":"2026-02-08T09:01:28","guid":{"rendered":"https:\/\/www.ghostysky.com\/?post_type=product&#038;p=24125"},"modified":"2026-02-08T09:48:48","modified_gmt":"2026-02-08T09:48:48","slug":"gdu-400-lidar-sensor","status":"publish","type":"product","link":"https:\/\/www.ghostysky.com\/fr\/product\/gdu-400-lidar-sensor\/","title":{"rendered":"Capteur lidar GDU 400"},"content":{"rendered":"<h3 data-path-to-node=\"6\">Caract\u00e9ristiques principales<\/h3>\n<ul data-path-to-node=\"7\">\n<li>\n<p data-path-to-node=\"7,0,0\"><b data-path-to-node=\"7,0,0\" data-index-in-node=\"0\"><span class=\"citation-245\">Technologie Triple Echo :<\/span><\/b><span class=\"citation-245\"> Capable de capturer jusqu&#039;\u00e0 <\/span><b data-path-to-node=\"7,0,0\" data-index-in-node=\"51\"><span class=\"citation-245\">720 000 points par seconde<\/span><\/b><span class=\"citation-245 citation-end-245\">.<\/span> La capacit\u00e9 de triple retour permet au laser de p\u00e9n\u00e9trer la v\u00e9g\u00e9tation dense pour cartographier la v\u00e9ritable surface du sol (DEM) sous la canop\u00e9e foresti\u00e8re.<\/p>\n<\/li>\n<li>\n<p data-path-to-node=\"7,1,0\"><b data-path-to-node=\"7,1,0\" data-index-in-node=\"0\">Pr\u00e9cision de haute pr\u00e9cision\u00a0:<\/b><span class=\"citation-244\"> Dot\u00e9 d&#039;un GNSS de qualit\u00e9 professionnelle et d&#039;une centrale inertielle de haute pr\u00e9cision, le syst\u00e8me offre <\/span><b data-path-to-node=\"7,1,0\" data-index-in-node=\"109\"><span class=\"citation-244\">niveau centim\u00e9trique<\/span><\/b><span class=\"citation-244 citation-end-244\"> Pr\u00e9cision du nuage de points.<\/span><\/p>\n<\/li>\n<li>\n<p data-path-to-node=\"7,2,0\"><b data-path-to-node=\"7,2,0\" data-index-in-node=\"0\">Efficacit\u00e9 op\u00e9rationnelle :<\/b><span class=\"citation-243\"> Le capteur peut d\u00e9tecter des objets jusqu&#039;\u00e0 <\/span><b data-path-to-node=\"7,2,0\" data-index-in-node=\"60\"><span class=\"citation-243\">450 m\u00e8tres<\/span><\/b><span class=\"citation-243\"> (\u00e0 une r\u00e9flectivit\u00e9 de 80%) et est capable de couvrir jusqu&#039;\u00e0 <\/span><b data-path-to-node=\"7,2,0\" data-index-in-node=\"126\"><span class=\"citation-243\">2 kilom\u00e8tres carr\u00e9s<\/span><\/b><span class=\"citation-243 citation-end-243\"> en un seul vol.<\/span><\/p>\n<\/li>\n<li>\n<p data-path-to-node=\"7,3,0\"><b data-path-to-node=\"7,3,0\" data-index-in-node=\"0\">Imagerie int\u00e9gr\u00e9e\u00a0:<\/b><span class=\"citation-242 citation-end-242\"> Elle est dot\u00e9e d&#039;une cam\u00e9ra de cartographie int\u00e9gr\u00e9e qui capture simultan\u00e9ment des images RVB riches en d\u00e9tails, permettant la cr\u00e9ation de nuages de points 3D en \u201c vraies couleurs \u201d.<\/span><\/p>\n<\/li>\n<li>\n<p data-path-to-node=\"7,4,0\"><b data-path-to-node=\"7,4,0\" data-index-in-node=\"0\">Conception l\u00e9g\u00e8re :<\/b> Pes\u00e9e uniquement <b data-path-to-node=\"7,4,0\" data-index-in-node=\"34\">1,07 kg<\/b>, il maximise le temps de vol du drone S400 (jusqu&#039;\u00e0 ~50+ minutes selon les conditions).<\/p>\n<\/li>\n<\/ul>\n<h3 data-path-to-node=\"8\">Sp\u00e9cifications techniques<\/h3>\n<table data-path-to-node=\"9\">\n<thead>\n<tr>\n<td><strong>Fonctionnalit\u00e9<\/strong><\/td>\n<td><strong>Sp\u00e9cification<\/strong><\/td>\n<\/tr>\n<\/thead>\n<tbody>\n<tr>\n<td><span data-path-to-node=\"9,1,0,0\"><b data-path-to-node=\"9,1,0,0\" data-index-in-node=\"0\">Longueur d&#039;onde du laser<\/b><\/span><\/td>\n<td><span data-path-to-node=\"9,1,1,0\">905 nm<\/span><\/td>\n<\/tr>\n<tr>\n<td><span data-path-to-node=\"9,2,0,0\"><b data-path-to-node=\"9,2,0,0\" data-index-in-node=\"0\">Taux de points<\/b><\/span><\/td>\n<td><span data-path-to-node=\"9,2,1,0\">720 000 pts\/s (Triple Echo)<\/span><\/td>\n<\/tr>\n<tr>\n<td><span data-path-to-node=\"9,3,0,0\"><b data-path-to-node=\"9,3,0,0\" data-index-in-node=\"0\">Plage de d\u00e9tection<\/b><\/span><\/td>\n<td><span data-path-to-node=\"9,3,1,0\">450 m<\/span><\/td>\n<\/tr>\n<tr>\n<td><span data-path-to-node=\"9,4,0,0\"><b data-path-to-node=\"9,4,0,0\" data-index-in-node=\"0\">Champ de vision (FOV)<\/b><\/span><\/td>\n<td><span data-path-to-node=\"9,4,1,0\">70,4\u00b0 x 4,5\u00b0 (R\u00e9p\u00e9ter le balayage)<\/span><\/td>\n<\/tr>\n<tr>\n<td><span data-path-to-node=\"9,5,0,0\"><b data-path-to-node=\"9,5,0,0\" data-index-in-node=\"0\">Protection contre les intrusions<\/b><\/span><\/td>\n<td><span data-path-to-node=\"9,5,1,0\">IP54 (R\u00e9sistant aux intemp\u00e9ries)<\/span><\/td>\n<\/tr>\n<tr>\n<td><span data-path-to-node=\"9,6,0,0\"><b data-path-to-node=\"9,6,0,0\" data-index-in-node=\"0\">Stockage<\/b><\/span><\/td>\n<td><span data-path-to-node=\"9,6,1,0\">M\u00e9moire interne de 64 Go + prise en charge des cartes SD jusqu&#039;\u00e0 128 Go<\/span><\/td>\n<\/tr>\n<\/tbody>\n<\/table>\n<p>&nbsp;<\/p>\n<h3 data-path-to-node=\"11\">Applications courantes<\/h3>\n<ul data-path-to-node=\"12\">\n<li>\n<p data-path-to-node=\"12,0,0\"><b data-path-to-node=\"12,0,0\" data-index-in-node=\"0\"><span class=\"citation-241\">Inspection des lignes \u00e9lectriques :<\/span><\/b><span class=\"citation-241 citation-end-241\"> D\u00e9tection de l&#039;envahissement par la v\u00e9g\u00e9tation et de l&#039;affaissement structurel gr\u00e2ce \u00e0 des mod\u00e8les 3D haute d\u00e9finition.<\/span><\/p>\n<\/li>\n<li>\n<p data-path-to-node=\"12,1,0\"><b data-path-to-node=\"12,1,0\" data-index-in-node=\"0\">Lev\u00e9s topographiques :<\/b><span class=\"citation-240 citation-end-240\"> G\u00e9n\u00e9rer des mod\u00e8les num\u00e9riques d&#039;\u00e9l\u00e9vation (MNE) en terrain forestier ou accident\u00e9.<\/span><\/p>\n<\/li>\n<li>\n<p data-path-to-node=\"12,2,0\"><b data-path-to-node=\"12,2,0\" data-index-in-node=\"0\">Gestion foresti\u00e8re :<\/b> Mesure de la hauteur des arbres, de la densit\u00e9 de la canop\u00e9e et de la biomasse.<\/p>\n<\/li>\n<li>\n<p data-path-to-node=\"12,3,0\"><b data-path-to-node=\"12,3,0\" data-index-in-node=\"0\"><span class=\"citation-239\">Secours en cas de catastrophe :<\/span><\/b><span class=\"citation-239 citation-end-239\"> Reconstruction 3D rapide des zones de glissements de terrain ou des zones sismiques.<\/span><\/p>\n<\/li>\n<\/ul>\n<p data-path-to-node=\"13\"><b data-path-to-node=\"13\" data-index-in-node=\"0\">Note:<\/b><span class=\"citation-238\"> Si vous recherchiez sp\u00e9cifiquement des informations sur <\/span><b data-path-to-node=\"13\" data-index-in-node=\"62\"><span class=\"citation-238\">DJI Matrice 400<\/span><\/b><span class=\"citation-238\"> LiDAR de d\u00e9tection d&#039;obstacles (le capteur interne utilis\u00e9 pour la s\u00e9curit\u00e9 des vols), c&#039;est-\u00e0-dire un syst\u00e8me int\u00e9gr\u00e9 <\/span><b data-path-to-node=\"13\" data-index-in-node=\"168\"><span class=\"citation-238\">LiDAR rotatif \u00e0 360\u00b0<\/span><\/b><span class=\"citation-238 citation-end-238\"> Utilis\u00e9 pour l&#039;\u00e9vitement d&#039;obstacles omnidirectionnel plut\u00f4t que pour la cartographie.<\/span><\/p>","protected":false},"excerpt":{"rendered":"<p><span class=\"citation-247\">Le <\/span><b data-path-to-node=\"5\" data-index-in-node=\"4\"><span class=\"citation-247\">GDU PLI01<\/span><\/b><span class=\"citation-247\"> est un syst\u00e8me LiDAR l\u00e9ger et de haute pr\u00e9cision con\u00e7u sp\u00e9cifiquement pour <\/span><b data-path-to-node=\"5\" data-index-in-node=\"92\"><span class=\"citation-247\">GDU S400E<\/span><\/b><span class=\"citation-247 citation-end-247\"> et les drones industriels de la s\u00e9rie S400.<\/span> <span class=\"citation-246 citation-end-246\">Il int\u00e8gre un scanner laser, un syst\u00e8me de navigation inertielle (IMU) et une cam\u00e9ra de cartographie haute r\u00e9solution dans une seule unit\u00e9 de cardan d\u00e9tachable.<\/span><\/p>","protected":false},"featured_media":24139,"comment_status":"open","ping_status":"closed","template":"","meta":[],"product_brand":[1369],"product_cat":[29,1378,1363,1359],"product_tag":[1380,1375,1371],"class_list":{"0":"post-24125","1":"product","2":"type-product","3":"status-publish","4":"has-post-thumbnail","6":"product_brand-gdu-tech","7":"product_cat-drones","8":"product_cat-gdu-s400-payloads","9":"product_cat-gdu-s400-series","10":"product_cat-gdu-tech","11":"product_tag-gdu-s400-payloads","12":"product_tag-gdu-s400-series","13":"product_tag-gdu-tech","15":"first","16":"outofstock","17":"taxable","18":"shipping-taxable","19":"purchasable","20":"product-type-simple"},"yoast_head":"<!-- This site is optimized with the Yoast SEO plugin v27.4 - https:\/\/yoast.com\/product\/yoast-seo-wordpress\/ -->\n<title>GDU 400 Lidar Sensor - Ghostysky<\/title>\n<meta name=\"description\" content=\"The GDU PLI01 is a high-precision, lightweight LiDAR system engineered specifically for the GDU S400E and S400 series industrial drones. It integrates a laser scanner, an inertial navigation system (IMU), and a high-resolution mapping camera into a single, detachable gimbal unit.\" \/>\n<meta name=\"robots\" content=\"index, follow, max-snippet:-1, max-image-preview:large, max-video-preview:-1\" \/>\n<link rel=\"canonical\" href=\"https:\/\/www.ghostysky.com\/fr\/product\/gdu-400-lidar-sensor\/\" \/>\n<meta property=\"og:locale\" content=\"fr_FR\" \/>\n<meta property=\"og:type\" content=\"article\" \/>\n<meta property=\"og:title\" content=\"GDU 400 Lidar Sensor - Ghostysky\" \/>\n<meta property=\"og:description\" content=\"The GDU PLI01 is a high-precision, lightweight LiDAR system engineered specifically for the GDU S400E and S400 series industrial drones. It integrates a laser scanner, an inertial navigation system (IMU), and a high-resolution mapping camera into a single, detachable gimbal unit.\" \/>\n<meta property=\"og:url\" content=\"https:\/\/www.ghostysky.com\/fr\/product\/gdu-400-lidar-sensor\/\" \/>\n<meta property=\"og:site_name\" content=\"Ghostysky\" \/>\n<meta property=\"article:publisher\" content=\"https:\/\/www.facebook.com\/people\/Ghostysky\/100057676170234\/\" \/>\n<meta property=\"article:modified_time\" content=\"2026-02-08T09:48:48+00:00\" \/>\n<meta property=\"og:image\" content=\"https:\/\/www.ghostysky.com\/wp-content\/uploads\/2026\/02\/GH_GDU-400-Lidar-Sensor_1.webp\" \/>\n\t<meta property=\"og:image:width\" content=\"1200\" \/>\n\t<meta property=\"og:image:height\" content=\"1200\" \/>\n\t<meta property=\"og:image:type\" content=\"image\/webp\" \/>\n<meta name=\"twitter:card\" content=\"summary_large_image\" \/>\n<meta name=\"twitter:site\" content=\"@Gh0stysky\" \/>\n<meta name=\"twitter:label1\" content=\"Dur\u00e9e de lecture estim\u00e9e\" \/>\n\t<meta name=\"twitter:data1\" content=\"2 minutes\" \/>\n<script type=\"application\/ld+json\" class=\"yoast-schema-graph\">{\"@context\":\"https:\\\/\\\/schema.org\",\"@graph\":[{\"@type\":\"WebPage\",\"@id\":\"https:\\\/\\\/www.ghostysky.com\\\/product\\\/gdu-400-lidar-sensor\\\/\",\"url\":\"https:\\\/\\\/www.ghostysky.com\\\/product\\\/gdu-400-lidar-sensor\\\/\",\"name\":\"GDU 400 Lidar Sensor - Ghostysky\",\"isPartOf\":{\"@id\":\"https:\\\/\\\/www.ghostysky.com\\\/#website\"},\"primaryImageOfPage\":{\"@id\":\"https:\\\/\\\/www.ghostysky.com\\\/product\\\/gdu-400-lidar-sensor\\\/#primaryimage\"},\"image\":{\"@id\":\"https:\\\/\\\/www.ghostysky.com\\\/product\\\/gdu-400-lidar-sensor\\\/#primaryimage\"},\"thumbnailUrl\":\"https:\\\/\\\/www.ghostysky.com\\\/wp-content\\\/uploads\\\/2026\\\/02\\\/GH_GDU-400-Lidar-Sensor_1.webp\",\"datePublished\":\"2026-02-08T09:01:28+00:00\",\"dateModified\":\"2026-02-08T09:48:48+00:00\",\"description\":\"The GDU PLI01 is a high-precision, lightweight LiDAR system engineered specifically for the GDU S400E and S400 series industrial drones. It integrates a laser scanner, an inertial navigation system (IMU), and a high-resolution mapping camera into a single, detachable gimbal unit.\",\"breadcrumb\":{\"@id\":\"https:\\\/\\\/www.ghostysky.com\\\/product\\\/gdu-400-lidar-sensor\\\/#breadcrumb\"},\"inLanguage\":\"fr-FR\",\"potentialAction\":[{\"@type\":\"ReadAction\",\"target\":[\"https:\\\/\\\/www.ghostysky.com\\\/product\\\/gdu-400-lidar-sensor\\\/\"]}]},{\"@type\":\"ImageObject\",\"inLanguage\":\"fr-FR\",\"@id\":\"https:\\\/\\\/www.ghostysky.com\\\/product\\\/gdu-400-lidar-sensor\\\/#primaryimage\",\"url\":\"https:\\\/\\\/www.ghostysky.com\\\/wp-content\\\/uploads\\\/2026\\\/02\\\/GH_GDU-400-Lidar-Sensor_1.webp\",\"contentUrl\":\"https:\\\/\\\/www.ghostysky.com\\\/wp-content\\\/uploads\\\/2026\\\/02\\\/GH_GDU-400-Lidar-Sensor_1.webp\",\"width\":1200,\"height\":1200},{\"@type\":\"BreadcrumbList\",\"@id\":\"https:\\\/\\\/www.ghostysky.com\\\/product\\\/gdu-400-lidar-sensor\\\/#breadcrumb\",\"itemListElement\":[{\"@type\":\"ListItem\",\"position\":1,\"name\":\"Home\",\"item\":\"https:\\\/\\\/www.ghostysky.com\\\/\"},{\"@type\":\"ListItem\",\"position\":2,\"name\":\"Shop\",\"item\":\"https:\\\/\\\/www.ghostysky.com\\\/shop\\\/\"},{\"@type\":\"ListItem\",\"position\":3,\"name\":\"GDU 400 Lidar Sensor\"}]},{\"@type\":\"WebSite\",\"@id\":\"https:\\\/\\\/www.ghostysky.com\\\/#website\",\"url\":\"https:\\\/\\\/www.ghostysky.com\\\/\",\"name\":\"Ghostysky\",\"description\":\"Delivering professional drones and services\",\"publisher\":{\"@id\":\"https:\\\/\\\/www.ghostysky.com\\\/#organization\"},\"potentialAction\":[{\"@type\":\"SearchAction\",\"target\":{\"@type\":\"EntryPoint\",\"urlTemplate\":\"https:\\\/\\\/www.ghostysky.com\\\/?s={search_term_string}\"},\"query-input\":{\"@type\":\"PropertyValueSpecification\",\"valueRequired\":true,\"valueName\":\"search_term_string\"}}],\"inLanguage\":\"fr-FR\"},{\"@type\":\"Organization\",\"@id\":\"https:\\\/\\\/www.ghostysky.com\\\/#organization\",\"name\":\"Ghostysky\",\"url\":\"https:\\\/\\\/www.ghostysky.com\\\/\",\"logo\":{\"@type\":\"ImageObject\",\"inLanguage\":\"fr-FR\",\"@id\":\"https:\\\/\\\/www.ghostysky.com\\\/#\\\/schema\\\/logo\\\/image\\\/\",\"url\":\"https:\\\/\\\/www.ghostysky.com\\\/wp-content\\\/uploads\\\/2020\\\/06\\\/cropped-ghostyskylogo_text_white2.png\",\"contentUrl\":\"https:\\\/\\\/www.ghostysky.com\\\/wp-content\\\/uploads\\\/2020\\\/06\\\/cropped-ghostyskylogo_text_white2.png\",\"width\":169,\"height\":56,\"caption\":\"Ghostysky\"},\"image\":{\"@id\":\"https:\\\/\\\/www.ghostysky.com\\\/#\\\/schema\\\/logo\\\/image\\\/\"},\"sameAs\":[\"https:\\\/\\\/www.facebook.com\\\/people\\\/Ghostysky\\\/100057676170234\\\/\",\"https:\\\/\\\/x.com\\\/Gh0stysky\",\"https:\\\/\\\/www.linkedin.com\\\/company\\\/34739653\",\"https:\\\/\\\/www.instagram.com\\\/gh0stysky\"]}]}<\/script>\n<!-- \/ Yoast SEO plugin. -->","yoast_head_json":{"title":"Capteur Lidar GDU 400 - Ghostysky","description":"Le GDU PLI01 est un syst\u00e8me LiDAR l\u00e9ger et de haute pr\u00e9cision, con\u00e7u sp\u00e9cifiquement pour les drones industriels des s\u00e9ries GDU S400E et S400. Il int\u00e8gre un scanner laser, un syst\u00e8me de navigation inertielle (IMU) et une cam\u00e9ra de cartographie haute r\u00e9solution dans une seule nacelle d\u00e9tachable.","robots":{"index":"index","follow":"follow","max-snippet":"max-snippet:-1","max-image-preview":"max-image-preview:large","max-video-preview":"max-video-preview:-1"},"canonical":"https:\/\/www.ghostysky.com\/fr\/product\/gdu-400-lidar-sensor\/","og_locale":"fr_FR","og_type":"article","og_title":"GDU 400 Lidar Sensor - Ghostysky","og_description":"The GDU PLI01 is a high-precision, lightweight LiDAR system engineered specifically for the GDU S400E and S400 series industrial drones. It integrates a laser scanner, an inertial navigation system (IMU), and a high-resolution mapping camera into a single, detachable gimbal unit.","og_url":"https:\/\/www.ghostysky.com\/fr\/product\/gdu-400-lidar-sensor\/","og_site_name":"Ghostysky","article_publisher":"https:\/\/www.facebook.com\/people\/Ghostysky\/100057676170234\/","article_modified_time":"2026-02-08T09:48:48+00:00","og_image":[{"width":1200,"height":1200,"url":"https:\/\/www.ghostysky.com\/wp-content\/uploads\/2026\/02\/GH_GDU-400-Lidar-Sensor_1.webp","type":"image\/webp"}],"twitter_card":"summary_large_image","twitter_site":"@Gh0stysky","twitter_misc":{"Dur\u00e9e de lecture estim\u00e9e":"2 minutes"},"schema":{"@context":"https:\/\/schema.org","@graph":[{"@type":"WebPage","@id":"https:\/\/www.ghostysky.com\/product\/gdu-400-lidar-sensor\/","url":"https:\/\/www.ghostysky.com\/product\/gdu-400-lidar-sensor\/","name":"Capteur Lidar GDU 400 - Ghostysky","isPartOf":{"@id":"https:\/\/www.ghostysky.com\/#website"},"primaryImageOfPage":{"@id":"https:\/\/www.ghostysky.com\/product\/gdu-400-lidar-sensor\/#primaryimage"},"image":{"@id":"https:\/\/www.ghostysky.com\/product\/gdu-400-lidar-sensor\/#primaryimage"},"thumbnailUrl":"https:\/\/www.ghostysky.com\/wp-content\/uploads\/2026\/02\/GH_GDU-400-Lidar-Sensor_1.webp","datePublished":"2026-02-08T09:01:28+00:00","dateModified":"2026-02-08T09:48:48+00:00","description":"Le GDU PLI01 est un syst\u00e8me LiDAR l\u00e9ger et de haute pr\u00e9cision, con\u00e7u sp\u00e9cifiquement pour les drones industriels des s\u00e9ries GDU S400E et S400. Il int\u00e8gre un scanner laser, un syst\u00e8me de navigation inertielle (IMU) et une cam\u00e9ra de cartographie haute r\u00e9solution dans une seule nacelle d\u00e9tachable.","breadcrumb":{"@id":"https:\/\/www.ghostysky.com\/product\/gdu-400-lidar-sensor\/#breadcrumb"},"inLanguage":"fr-FR","potentialAction":[{"@type":"ReadAction","target":["https:\/\/www.ghostysky.com\/product\/gdu-400-lidar-sensor\/"]}]},{"@type":"ImageObject","inLanguage":"fr-FR","@id":"https:\/\/www.ghostysky.com\/product\/gdu-400-lidar-sensor\/#primaryimage","url":"https:\/\/www.ghostysky.com\/wp-content\/uploads\/2026\/02\/GH_GDU-400-Lidar-Sensor_1.webp","contentUrl":"https:\/\/www.ghostysky.com\/wp-content\/uploads\/2026\/02\/GH_GDU-400-Lidar-Sensor_1.webp","width":1200,"height":1200},{"@type":"BreadcrumbList","@id":"https:\/\/www.ghostysky.com\/product\/gdu-400-lidar-sensor\/#breadcrumb","itemListElement":[{"@type":"ListItem","position":1,"name":"Home","item":"https:\/\/www.ghostysky.com\/"},{"@type":"ListItem","position":2,"name":"Shop","item":"https:\/\/www.ghostysky.com\/shop\/"},{"@type":"ListItem","position":3,"name":"GDU 400 Lidar Sensor"}]},{"@type":"WebSite","@id":"https:\/\/www.ghostysky.com\/#website","url":"https:\/\/www.ghostysky.com\/","name":"Ghostysky","description":"Livraison de drones et de services professionnels","publisher":{"@id":"https:\/\/www.ghostysky.com\/#organization"},"potentialAction":[{"@type":"SearchAction","target":{"@type":"EntryPoint","urlTemplate":"https:\/\/www.ghostysky.com\/?s={search_term_string}"},"query-input":{"@type":"PropertyValueSpecification","valueRequired":true,"valueName":"search_term_string"}}],"inLanguage":"fr-FR"},{"@type":"Organization","@id":"https:\/\/www.ghostysky.com\/#organization","name":"Ghostysky","url":"https:\/\/www.ghostysky.com\/","logo":{"@type":"ImageObject","inLanguage":"fr-FR","@id":"https:\/\/www.ghostysky.com\/#\/schema\/logo\/image\/","url":"https:\/\/www.ghostysky.com\/wp-content\/uploads\/2020\/06\/cropped-ghostyskylogo_text_white2.png","contentUrl":"https:\/\/www.ghostysky.com\/wp-content\/uploads\/2020\/06\/cropped-ghostyskylogo_text_white2.png","width":169,"height":56,"caption":"Ghostysky"},"image":{"@id":"https:\/\/www.ghostysky.com\/#\/schema\/logo\/image\/"},"sameAs":["https:\/\/www.facebook.com\/people\/Ghostysky\/100057676170234\/","https:\/\/x.com\/Gh0stysky","https:\/\/www.linkedin.com\/company\/34739653","https:\/\/www.instagram.com\/gh0stysky"]}]}},"_links":{"self":[{"href":"https:\/\/www.ghostysky.com\/fr\/wp-json\/wp\/v2\/product\/24125","targetHints":{"allow":["GET"]}}],"collection":[{"href":"https:\/\/www.ghostysky.com\/fr\/wp-json\/wp\/v2\/product"}],"about":[{"href":"https:\/\/www.ghostysky.com\/fr\/wp-json\/wp\/v2\/types\/product"}],"replies":[{"embeddable":true,"href":"https:\/\/www.ghostysky.com\/fr\/wp-json\/wp\/v2\/comments?post=24125"}],"version-history":[{"count":0,"href":"https:\/\/www.ghostysky.com\/fr\/wp-json\/wp\/v2\/product\/24125\/revisions"}],"wp:featuredmedia":[{"embeddable":true,"href":"https:\/\/www.ghostysky.com\/fr\/wp-json\/wp\/v2\/media\/24139"}],"wp:attachment":[{"href":"https:\/\/www.ghostysky.com\/fr\/wp-json\/wp\/v2\/media?parent=24125"}],"wp:term":[{"taxonomy":"product_brand","embeddable":true,"href":"https:\/\/www.ghostysky.com\/fr\/wp-json\/wp\/v2\/product_brand?post=24125"},{"taxonomy":"product_cat","embeddable":true,"href":"https:\/\/www.ghostysky.com\/fr\/wp-json\/wp\/v2\/product_cat?post=24125"},{"taxonomy":"product_tag","embeddable":true,"href":"https:\/\/www.ghostysky.com\/fr\/wp-json\/wp\/v2\/product_tag?post=24125"}],"curies":[{"name":"wp","href":"https:\/\/api.w.org\/{rel}","templated":true}]}}