{"id":24128,"date":"2026-02-08T09:11:29","date_gmt":"2026-02-08T09:11:29","guid":{"rendered":"https:\/\/www.ghostysky.com\/?post_type=product&#038;p=24128"},"modified":"2026-02-08T09:17:35","modified_gmt":"2026-02-08T09:17:35","slug":"gdu-propeller-set-for-s200-1a-1b","status":"publish","type":"product","link":"https:\/\/www.ghostysky.com\/fr\/product\/gdu-propeller-set-for-s200-1a-1b\/","title":{"rendered":"Jeu d&#039;h\u00e9lices GDU pour S200 (1A 1B)"},"content":{"rendered":"<h3 data-path-to-node=\"1\"><b data-path-to-node=\"1\" data-index-in-node=\"0\">Caract\u00e9ristiques principales<\/b><\/h3>\n<ul data-path-to-node=\"2\">\n<li>\n<p data-path-to-node=\"2,0,0\"><b data-path-to-node=\"2,0,0\" data-index-in-node=\"0\">\u00c9quilibrage de pr\u00e9cision\u00a0:<\/b><span class=\"citation-192 citation-end-192\"> Chaque pale est \u00e9quilibr\u00e9e en usine afin de minimiser les vibrations, garantissant ainsi des performances de vol plus fluides et des donn\u00e9es d&#039;imagerie plus nettes.<\/span><\/p>\n<\/li>\n<li>\n<p data-path-to-node=\"2,1,0\"><b data-path-to-node=\"2,1,0\" data-index-in-node=\"0\">Composite haute r\u00e9sistance :<\/b><span class=\"citation-191 citation-end-191\"> Fabriqu\u00e9 \u00e0 partir de mat\u00e9riaux durables et l\u00e9gers, con\u00e7us pour r\u00e9sister aux rigueurs des environnements industriels et aux variations des conditions de vent.<\/span><\/p>\n<\/li>\n<li>\n<p data-path-to-node=\"2,2,0\"><b data-path-to-node=\"2,2,0\" data-index-in-node=\"0\"><span class=\"citation-190\">Syst\u00e8me de montage rapide\u00a0:<\/span><\/b><span class=\"citation-190 citation-end-190\"> Con\u00e7ue pour un remplacement rapide ou sans outil, elle vous permet de changer les pales endommag\u00e9es sur le terrain et de reprendre les airs en quelques minutes.<\/span><\/p>\n<\/li>\n<li>\n<p data-path-to-node=\"2,3,0\"><b data-path-to-node=\"2,3,0\" data-index-in-node=\"0\">Pr\u00e9cision directionnelle\u00a0:<\/b><span class=\"citation-189\"> L&#039;ensemble comprend un <\/span><b data-path-to-node=\"2,3,0\" data-index-in-node=\"43\"><span class=\"citation-189\">1A (sens horaire)<\/span><\/b><span class=\"citation-189\"> et un <\/span><b data-path-to-node=\"2,3,0\" data-index-in-node=\"66\"><span class=\"citation-189\">1B (sens antihoraire)<\/span><\/b><span class=\"citation-189 citation-end-189\"> H\u00e9lice, clairement marqu\u00e9e pour une installation sans erreur.<\/span><\/p>\n<p>&nbsp;<\/li>\n<\/ul>\n<h3 data-path-to-node=\"4\"><b data-path-to-node=\"4\" data-index-in-node=\"0\">Sp\u00e9cifications du produit<\/b><\/h3>\n<table data-path-to-node=\"5\">\n<thead>\n<tr>\n<td><strong>Fonctionnalit\u00e9<\/strong><\/td>\n<td><strong>D\u00e9tails<\/strong><\/td>\n<\/tr>\n<\/thead>\n<tbody>\n<tr>\n<td><span data-path-to-node=\"5,1,0,0\"><b data-path-to-node=\"5,1,0,0\" data-index-in-node=\"0\">Compatibilit\u00e9<\/b><\/span><\/td>\n<td><span data-path-to-node=\"5,1,1,0\">S\u00e9ries GDU S200, S220 et S220 Pro<\/span><\/td>\n<\/tr>\n<tr>\n<td><span data-path-to-node=\"5,2,0,0\"><b data-path-to-node=\"5,2,0,0\" data-index-in-node=\"0\">Mat\u00e9riel<\/b><\/span><\/td>\n<td><span data-path-to-node=\"5,2,1,0\">Composite renforc\u00e9 de fibres de carbone haute r\u00e9sistance<\/span><\/td>\n<\/tr>\n<tr>\n<td><span data-path-to-node=\"5,3,0,0\"><b data-path-to-node=\"5,3,0,0\" data-index-in-node=\"0\">Poids<\/b><\/span><\/td>\n<td><span data-path-to-node=\"5,3,1,0\">~20 g par lame<\/span><\/td>\n<\/tr>\n<tr>\n<td><span data-path-to-node=\"5,4,0,0\"><b data-path-to-node=\"5,4,0,0\" data-index-in-node=\"0\">Configuration<\/b><\/span><\/td>\n<td><span data-path-to-node=\"5,4,1,0\">1 x CW (A), 1 x CCW (B)<\/span><\/td>\n<\/tr>\n<tr>\n<td><span data-path-to-node=\"5,5,0,0\"><b data-path-to-node=\"5,5,0,0\" data-index-in-node=\"0\">Montage<\/b><\/span><\/td>\n<td><span data-path-to-node=\"5,5,1,0\">Syst\u00e8me de d\u00e9verrouillage rapide \/ Verrouillage par vis (selon le mod\u00e8le)<\/span><\/td>\n<\/tr>\n<\/tbody>\n<\/table>\n<h3 data-path-to-node=\"6\"><b data-path-to-node=\"6\" data-index-in-node=\"0\">Dans la bo\u00eete<\/b><\/h3>\n<ul data-path-to-node=\"7\">\n<li>\n<p data-path-to-node=\"7,0,0\"><span class=\"citation-188 citation-end-188\">1 \u00d7 H\u00e9lice GDU S200 \u00e0 rotation horaire (1A)<\/span><\/p>\n<\/li>\n<li>\n<p data-path-to-node=\"7,1,0\"><span class=\"citation-187 citation-end-187\">1 \u00d7 H\u00e9lice GDU S200 \u00e0 sens antihoraire (1B)<\/span><\/p>\n<\/li>\n<\/ul>\n<blockquote data-path-to-node=\"8\">\n<p data-path-to-node=\"8,0\"><b data-path-to-node=\"8,0\" data-index-in-node=\"0\">Conseil de pro\u00a0:<\/b> Avant chaque d\u00e9collage, inspectez vos h\u00e9lices \u00e0 la recherche de microfissures ou d&#039;\u00e9br\u00e9chures. Le remplacement des pales, m\u00eame l\u00e9g\u00e8rement endommag\u00e9es, constitue la meilleure protection, \u00e0 moindre co\u00fbt, pour votre pr\u00e9cieux syst\u00e8me de capteurs quadruples.<\/p>\n<\/blockquote>","protected":false},"excerpt":{"rendered":"<p>Gardez votre flotte pr\u00eate \u00e0 la mission gr\u00e2ce \u00e0 <b data-path-to-node=\"0\" data-index-in-node=\"39\">Jeu d&#039;h\u00e9lices GDU pour S200 (1A 1B)<\/b>. <span class=\"citation-193 citation-end-193\">Sp\u00e9cialement con\u00e7ues pour les s\u00e9ries industrielles S200 et S220, ces deux h\u00e9lices de rechange garantissent que votre drone conserve la stabilit\u00e9 et l&#039;efficacit\u00e9 requises pour les inspections \u00e0 haut risque et les op\u00e9rations tactiques.<\/span><\/p>","protected":false},"featured_media":24130,"comment_status":"open","ping_status":"closed","template":"","meta":[],"product_brand":[1369],"product_cat":[29,1360,1362,1359],"product_tag":[1370,1374,1371],"class_list":{"0":"post-24128","1":"product","2":"type-product","3":"status-publish","4":"has-post-thumbnail","6":"product_brand-gdu-tech","7":"product_cat-drones","8":"product_cat-gdu-s200-series","9":"product_cat-gdu-s200-series-accessories","10":"product_cat-gdu-tech","11":"product_tag-gdu-s200-series","12":"product_tag-gdu-s200-series-accessories","13":"product_tag-gdu-tech","15":"first","16":"outofstock","17":"taxable","18":"shipping-taxable","19":"purchasable","20":"product-type-simple"},"yoast_head":"<!-- This site is optimized with the Yoast SEO plugin v27.4 - https:\/\/yoast.com\/product\/yoast-seo-wordpress\/ -->\n<title>GDU Propeller Set for S200 (1A 1B) - Ghostysky<\/title>\n<meta name=\"description\" content=\"Keep your fleet mission-ready with the GDU Propeller Set for S200 (1A 1B). Specifically engineered for the S200 and S220 industrial series, this pair of replacement blades ensures your drone maintains the stability and efficiency required for high-stakes inspections and tactical operations.\" \/>\n<meta name=\"robots\" content=\"index, follow, max-snippet:-1, max-image-preview:large, max-video-preview:-1\" \/>\n<link rel=\"canonical\" href=\"https:\/\/www.ghostysky.com\/fr\/product\/gdu-propeller-set-for-s200-1a-1b\/\" \/>\n<meta property=\"og:locale\" content=\"fr_FR\" \/>\n<meta property=\"og:type\" content=\"article\" \/>\n<meta property=\"og:title\" content=\"GDU Propeller Set for S200 (1A 1B) - Ghostysky\" \/>\n<meta property=\"og:description\" content=\"Keep your fleet mission-ready with the GDU Propeller Set for S200 (1A 1B). Specifically engineered for the S200 and S220 industrial series, this pair of replacement blades ensures your drone maintains the stability and efficiency required for high-stakes inspections and tactical operations.\" \/>\n<meta property=\"og:url\" content=\"https:\/\/www.ghostysky.com\/fr\/product\/gdu-propeller-set-for-s200-1a-1b\/\" \/>\n<meta property=\"og:site_name\" content=\"Ghostysky\" \/>\n<meta property=\"article:publisher\" content=\"https:\/\/www.facebook.com\/people\/Ghostysky\/100057676170234\/\" \/>\n<meta property=\"article:modified_time\" content=\"2026-02-08T09:17:35+00:00\" \/>\n<meta property=\"og:image\" content=\"https:\/\/www.ghostysky.com\/wp-content\/uploads\/2026\/02\/GH_GDU-Propeller-Set-for-S200-1A-1B_1.webp\" \/>\n\t<meta property=\"og:image:width\" content=\"1200\" \/>\n\t<meta property=\"og:image:height\" content=\"1200\" \/>\n\t<meta property=\"og:image:type\" content=\"image\/webp\" \/>\n<meta name=\"twitter:card\" content=\"summary_large_image\" \/>\n<meta name=\"twitter:site\" content=\"@Gh0stysky\" \/>\n<meta name=\"twitter:label1\" content=\"Dur\u00e9e de lecture estim\u00e9e\" \/>\n\t<meta name=\"twitter:data1\" content=\"1 minute\" \/>\n<script type=\"application\/ld+json\" class=\"yoast-schema-graph\">{\"@context\":\"https:\\\/\\\/schema.org\",\"@graph\":[{\"@type\":\"WebPage\",\"@id\":\"https:\\\/\\\/www.ghostysky.com\\\/product\\\/gdu-propeller-set-for-s200-1a-1b\\\/\",\"url\":\"https:\\\/\\\/www.ghostysky.com\\\/product\\\/gdu-propeller-set-for-s200-1a-1b\\\/\",\"name\":\"GDU Propeller Set for S200 (1A 1B) - Ghostysky\",\"isPartOf\":{\"@id\":\"https:\\\/\\\/www.ghostysky.com\\\/#website\"},\"primaryImageOfPage\":{\"@id\":\"https:\\\/\\\/www.ghostysky.com\\\/product\\\/gdu-propeller-set-for-s200-1a-1b\\\/#primaryimage\"},\"image\":{\"@id\":\"https:\\\/\\\/www.ghostysky.com\\\/product\\\/gdu-propeller-set-for-s200-1a-1b\\\/#primaryimage\"},\"thumbnailUrl\":\"https:\\\/\\\/www.ghostysky.com\\\/wp-content\\\/uploads\\\/2026\\\/02\\\/GH_GDU-Propeller-Set-for-S200-1A-1B_1.webp\",\"datePublished\":\"2026-02-08T09:11:29+00:00\",\"dateModified\":\"2026-02-08T09:17:35+00:00\",\"description\":\"Keep your fleet mission-ready with the GDU Propeller Set for S200 (1A 1B). Specifically engineered for the S200 and S220 industrial series, this pair of replacement blades ensures your drone maintains the stability and efficiency required for high-stakes inspections and tactical operations.\",\"breadcrumb\":{\"@id\":\"https:\\\/\\\/www.ghostysky.com\\\/product\\\/gdu-propeller-set-for-s200-1a-1b\\\/#breadcrumb\"},\"inLanguage\":\"fr-FR\",\"potentialAction\":[{\"@type\":\"ReadAction\",\"target\":[\"https:\\\/\\\/www.ghostysky.com\\\/product\\\/gdu-propeller-set-for-s200-1a-1b\\\/\"]}]},{\"@type\":\"ImageObject\",\"inLanguage\":\"fr-FR\",\"@id\":\"https:\\\/\\\/www.ghostysky.com\\\/product\\\/gdu-propeller-set-for-s200-1a-1b\\\/#primaryimage\",\"url\":\"https:\\\/\\\/www.ghostysky.com\\\/wp-content\\\/uploads\\\/2026\\\/02\\\/GH_GDU-Propeller-Set-for-S200-1A-1B_1.webp\",\"contentUrl\":\"https:\\\/\\\/www.ghostysky.com\\\/wp-content\\\/uploads\\\/2026\\\/02\\\/GH_GDU-Propeller-Set-for-S200-1A-1B_1.webp\",\"width\":1200,\"height\":1200},{\"@type\":\"BreadcrumbList\",\"@id\":\"https:\\\/\\\/www.ghostysky.com\\\/product\\\/gdu-propeller-set-for-s200-1a-1b\\\/#breadcrumb\",\"itemListElement\":[{\"@type\":\"ListItem\",\"position\":1,\"name\":\"Home\",\"item\":\"https:\\\/\\\/www.ghostysky.com\\\/\"},{\"@type\":\"ListItem\",\"position\":2,\"name\":\"Shop\",\"item\":\"https:\\\/\\\/www.ghostysky.com\\\/shop\\\/\"},{\"@type\":\"ListItem\",\"position\":3,\"name\":\"GDU Propeller Set for S200 (1A 1B)\"}]},{\"@type\":\"WebSite\",\"@id\":\"https:\\\/\\\/www.ghostysky.com\\\/#website\",\"url\":\"https:\\\/\\\/www.ghostysky.com\\\/\",\"name\":\"Ghostysky\",\"description\":\"Delivering professional drones and services\",\"publisher\":{\"@id\":\"https:\\\/\\\/www.ghostysky.com\\\/#organization\"},\"potentialAction\":[{\"@type\":\"SearchAction\",\"target\":{\"@type\":\"EntryPoint\",\"urlTemplate\":\"https:\\\/\\\/www.ghostysky.com\\\/?s={search_term_string}\"},\"query-input\":{\"@type\":\"PropertyValueSpecification\",\"valueRequired\":true,\"valueName\":\"search_term_string\"}}],\"inLanguage\":\"fr-FR\"},{\"@type\":\"Organization\",\"@id\":\"https:\\\/\\\/www.ghostysky.com\\\/#organization\",\"name\":\"Ghostysky\",\"url\":\"https:\\\/\\\/www.ghostysky.com\\\/\",\"logo\":{\"@type\":\"ImageObject\",\"inLanguage\":\"fr-FR\",\"@id\":\"https:\\\/\\\/www.ghostysky.com\\\/#\\\/schema\\\/logo\\\/image\\\/\",\"url\":\"https:\\\/\\\/www.ghostysky.com\\\/wp-content\\\/uploads\\\/2020\\\/06\\\/cropped-ghostyskylogo_text_white2.png\",\"contentUrl\":\"https:\\\/\\\/www.ghostysky.com\\\/wp-content\\\/uploads\\\/2020\\\/06\\\/cropped-ghostyskylogo_text_white2.png\",\"width\":169,\"height\":56,\"caption\":\"Ghostysky\"},\"image\":{\"@id\":\"https:\\\/\\\/www.ghostysky.com\\\/#\\\/schema\\\/logo\\\/image\\\/\"},\"sameAs\":[\"https:\\\/\\\/www.facebook.com\\\/people\\\/Ghostysky\\\/100057676170234\\\/\",\"https:\\\/\\\/x.com\\\/Gh0stysky\",\"https:\\\/\\\/www.linkedin.com\\\/company\\\/34739653\",\"https:\\\/\\\/www.instagram.com\\\/gh0stysky\"]}]}<\/script>\n<!-- \/ Yoast SEO plugin. -->","yoast_head_json":{"title":"Jeu d&#039;h\u00e9lices GDU pour S200 (1A 1B) - Ghostysky","description":"Maintenez votre flotte op\u00e9rationnelle gr\u00e2ce au kit d&#039;h\u00e9lices GDU pour S200 (1A 1B). Sp\u00e9cialement con\u00e7ues pour les s\u00e9ries industrielles S200 et S220, ces h\u00e9lices de rechange garantissent \u00e0 votre drone la stabilit\u00e9 et l&#039;efficacit\u00e9 n\u00e9cessaires aux inspections critiques et aux op\u00e9rations tactiques.","robots":{"index":"index","follow":"follow","max-snippet":"max-snippet:-1","max-image-preview":"max-image-preview:large","max-video-preview":"max-video-preview:-1"},"canonical":"https:\/\/www.ghostysky.com\/fr\/product\/gdu-propeller-set-for-s200-1a-1b\/","og_locale":"fr_FR","og_type":"article","og_title":"GDU Propeller Set for S200 (1A 1B) - Ghostysky","og_description":"Keep your fleet mission-ready with the GDU Propeller Set for S200 (1A 1B). Specifically engineered for the S200 and S220 industrial series, this pair of replacement blades ensures your drone maintains the stability and efficiency required for high-stakes inspections and tactical operations.","og_url":"https:\/\/www.ghostysky.com\/fr\/product\/gdu-propeller-set-for-s200-1a-1b\/","og_site_name":"Ghostysky","article_publisher":"https:\/\/www.facebook.com\/people\/Ghostysky\/100057676170234\/","article_modified_time":"2026-02-08T09:17:35+00:00","og_image":[{"width":1200,"height":1200,"url":"https:\/\/www.ghostysky.com\/wp-content\/uploads\/2026\/02\/GH_GDU-Propeller-Set-for-S200-1A-1B_1.webp","type":"image\/webp"}],"twitter_card":"summary_large_image","twitter_site":"@Gh0stysky","twitter_misc":{"Dur\u00e9e de lecture estim\u00e9e":"1 minute"},"schema":{"@context":"https:\/\/schema.org","@graph":[{"@type":"WebPage","@id":"https:\/\/www.ghostysky.com\/product\/gdu-propeller-set-for-s200-1a-1b\/","url":"https:\/\/www.ghostysky.com\/product\/gdu-propeller-set-for-s200-1a-1b\/","name":"Jeu d&#039;h\u00e9lices GDU pour S200 (1A 1B) - Ghostysky","isPartOf":{"@id":"https:\/\/www.ghostysky.com\/#website"},"primaryImageOfPage":{"@id":"https:\/\/www.ghostysky.com\/product\/gdu-propeller-set-for-s200-1a-1b\/#primaryimage"},"image":{"@id":"https:\/\/www.ghostysky.com\/product\/gdu-propeller-set-for-s200-1a-1b\/#primaryimage"},"thumbnailUrl":"https:\/\/www.ghostysky.com\/wp-content\/uploads\/2026\/02\/GH_GDU-Propeller-Set-for-S200-1A-1B_1.webp","datePublished":"2026-02-08T09:11:29+00:00","dateModified":"2026-02-08T09:17:35+00:00","description":"Maintenez votre flotte op\u00e9rationnelle gr\u00e2ce au kit d&#039;h\u00e9lices GDU pour S200 (1A 1B). Sp\u00e9cialement con\u00e7ues pour les s\u00e9ries industrielles S200 et S220, ces h\u00e9lices de rechange garantissent \u00e0 votre drone la stabilit\u00e9 et l&#039;efficacit\u00e9 n\u00e9cessaires aux inspections critiques et aux op\u00e9rations tactiques.","breadcrumb":{"@id":"https:\/\/www.ghostysky.com\/product\/gdu-propeller-set-for-s200-1a-1b\/#breadcrumb"},"inLanguage":"fr-FR","potentialAction":[{"@type":"ReadAction","target":["https:\/\/www.ghostysky.com\/product\/gdu-propeller-set-for-s200-1a-1b\/"]}]},{"@type":"ImageObject","inLanguage":"fr-FR","@id":"https:\/\/www.ghostysky.com\/product\/gdu-propeller-set-for-s200-1a-1b\/#primaryimage","url":"https:\/\/www.ghostysky.com\/wp-content\/uploads\/2026\/02\/GH_GDU-Propeller-Set-for-S200-1A-1B_1.webp","contentUrl":"https:\/\/www.ghostysky.com\/wp-content\/uploads\/2026\/02\/GH_GDU-Propeller-Set-for-S200-1A-1B_1.webp","width":1200,"height":1200},{"@type":"BreadcrumbList","@id":"https:\/\/www.ghostysky.com\/product\/gdu-propeller-set-for-s200-1a-1b\/#breadcrumb","itemListElement":[{"@type":"ListItem","position":1,"name":"Home","item":"https:\/\/www.ghostysky.com\/"},{"@type":"ListItem","position":2,"name":"Shop","item":"https:\/\/www.ghostysky.com\/shop\/"},{"@type":"ListItem","position":3,"name":"GDU Propeller Set for S200 (1A 1B)"}]},{"@type":"WebSite","@id":"https:\/\/www.ghostysky.com\/#website","url":"https:\/\/www.ghostysky.com\/","name":"Ghostysky","description":"Livraison de drones et de services professionnels","publisher":{"@id":"https:\/\/www.ghostysky.com\/#organization"},"potentialAction":[{"@type":"SearchAction","target":{"@type":"EntryPoint","urlTemplate":"https:\/\/www.ghostysky.com\/?s={search_term_string}"},"query-input":{"@type":"PropertyValueSpecification","valueRequired":true,"valueName":"search_term_string"}}],"inLanguage":"fr-FR"},{"@type":"Organization","@id":"https:\/\/www.ghostysky.com\/#organization","name":"Ghostysky","url":"https:\/\/www.ghostysky.com\/","logo":{"@type":"ImageObject","inLanguage":"fr-FR","@id":"https:\/\/www.ghostysky.com\/#\/schema\/logo\/image\/","url":"https:\/\/www.ghostysky.com\/wp-content\/uploads\/2020\/06\/cropped-ghostyskylogo_text_white2.png","contentUrl":"https:\/\/www.ghostysky.com\/wp-content\/uploads\/2020\/06\/cropped-ghostyskylogo_text_white2.png","width":169,"height":56,"caption":"Ghostysky"},"image":{"@id":"https:\/\/www.ghostysky.com\/#\/schema\/logo\/image\/"},"sameAs":["https:\/\/www.facebook.com\/people\/Ghostysky\/100057676170234\/","https:\/\/x.com\/Gh0stysky","https:\/\/www.linkedin.com\/company\/34739653","https:\/\/www.instagram.com\/gh0stysky"]}]}},"_links":{"self":[{"href":"https:\/\/www.ghostysky.com\/fr\/wp-json\/wp\/v2\/product\/24128","targetHints":{"allow":["GET"]}}],"collection":[{"href":"https:\/\/www.ghostysky.com\/fr\/wp-json\/wp\/v2\/product"}],"about":[{"href":"https:\/\/www.ghostysky.com\/fr\/wp-json\/wp\/v2\/types\/product"}],"replies":[{"embeddable":true,"href":"https:\/\/www.ghostysky.com\/fr\/wp-json\/wp\/v2\/comments?post=24128"}],"version-history":[{"count":0,"href":"https:\/\/www.ghostysky.com\/fr\/wp-json\/wp\/v2\/product\/24128\/revisions"}],"wp:featuredmedia":[{"embeddable":true,"href":"https:\/\/www.ghostysky.com\/fr\/wp-json\/wp\/v2\/media\/24130"}],"wp:attachment":[{"href":"https:\/\/www.ghostysky.com\/fr\/wp-json\/wp\/v2\/media?parent=24128"}],"wp:term":[{"taxonomy":"product_brand","embeddable":true,"href":"https:\/\/www.ghostysky.com\/fr\/wp-json\/wp\/v2\/product_brand?post=24128"},{"taxonomy":"product_cat","embeddable":true,"href":"https:\/\/www.ghostysky.com\/fr\/wp-json\/wp\/v2\/product_cat?post=24128"},{"taxonomy":"product_tag","embeddable":true,"href":"https:\/\/www.ghostysky.com\/fr\/wp-json\/wp\/v2\/product_tag?post=24128"}],"curies":[{"name":"wp","href":"https:\/\/api.w.org\/{rel}","templated":true}]}}