{"id":24131,"date":"2026-02-08T09:23:23","date_gmt":"2026-02-08T09:23:23","guid":{"rendered":"https:\/\/www.ghostysky.com\/?post_type=product&#038;p=24131"},"modified":"2026-02-08T09:29:20","modified_gmt":"2026-02-08T09:29:20","slug":"gdu-s200-loudspeaker","status":"publish","type":"product","link":"https:\/\/www.ghostysky.com\/fr\/product\/gdu-s200-loudspeaker\/","title":{"rendered":"Haut-parleur GDU S200"},"content":{"rendered":"<h3 data-path-to-node=\"2\">Principales fonctionnalit\u00e9s et capacit\u00e9s<\/h3>\n<ul data-path-to-node=\"3\">\n<li>\n<p data-path-to-node=\"3,0,0\"><b data-path-to-node=\"3,0,0\" data-index-in-node=\"0\">Modes audio polyvalents\u00a0:<\/b><span class=\"citation-214\"> Soutient <\/span><b data-path-to-node=\"3,0,0\" data-index-in-node=\"32\"><span class=\"citation-214\">voix en temps r\u00e9el<\/span><\/b><span class=\"citation-214\"> diffusion, lecture audio pr\u00e9enregistr\u00e9e et <\/span><b data-path-to-node=\"3,0,0\" data-index-in-node=\"95\"><span class=\"citation-214\">Synth\u00e8se vocale (TTS)<\/span><\/b><span class=\"citation-214 citation-end-214\"> fonctionnalit\u00e9.<\/span><\/p>\n<\/li>\n<li>\n<p data-path-to-node=\"3,1,0\"><b data-path-to-node=\"3,1,0\" data-index-in-node=\"0\">Signalisation \u00e0 haute intensit\u00e9\u00a0:<\/b><span class=\"citation-213\"> Comprend un syst\u00e8me int\u00e9gr\u00e9 <\/span><b data-path-to-node=\"3,1,0\" data-index-in-node=\"49\"><span class=\"citation-213\">gyrophare de police<\/span><\/b><span class=\"citation-213 citation-end-213\"> Syst\u00e8me avec modes rouge, bleu ou bicolore pour fournir des alertes visuelles accompagn\u00e9es d&#039;instructions audio.<\/span><\/p>\n<\/li>\n<li>\n<p data-path-to-node=\"3,2,0\"><b data-path-to-node=\"3,2,0\" data-index-in-node=\"0\"><span class=\"citation-212\">Int\u00e9gration transparente :<\/span><\/b><span class=\"citation-212\"> Utilise le <\/span><b data-path-to-node=\"3,2,0\" data-index-in-node=\"35\"><span class=\"citation-212\">PSDK (Kit de d\u00e9veloppement logiciel de charge utile)<\/span><\/b><span class=\"citation-212 citation-end-212\"> liaison de communication permettant aux op\u00e9rateurs de contr\u00f4ler toutes les fonctions directement via l&#039;interface de l&#039;application native du drone.<\/span><\/p>\n<\/li>\n<li>\n<p data-path-to-node=\"3,3,0\"><b data-path-to-node=\"3,3,0\" data-index-in-node=\"0\"><span class=\"citation-211\">Conception compacte et sans outil\u00a0:<\/span><\/b><span class=\"citation-211 citation-end-211\"> Il est dot\u00e9 d&#039;un syst\u00e8me de fixation \u00e0 vis manuelle pour une installation rapide sur le terrain et d&#039;une conception l\u00e9g\u00e8re qui minimise l&#039;impact sur l&#039;autonomie du drone.<\/span><\/p>\n<p>&nbsp;<\/li>\n<\/ul>\n<h3 data-path-to-node=\"5\">Sp\u00e9cifications techniques<\/h3>\n<table data-path-to-node=\"6\">\n<thead>\n<tr>\n<td><strong>Fonctionnalit\u00e9<\/strong><\/td>\n<td><strong>D\u00e9tails<\/strong><\/td>\n<\/tr>\n<\/thead>\n<tbody>\n<tr>\n<td><span data-path-to-node=\"6,1,0,0\"><b data-path-to-node=\"6,1,0,0\" data-index-in-node=\"0\">Pression acoustique maximale<\/b><\/span><\/td>\n<td><span data-path-to-node=\"6,1,1,0\"><span class=\"math-inline\" data-math=\"\\ge 110 \\text{ dB at } 1 \\text{ m}\" data-index-in-node=\"0\">\u2265 110 dB \u00e0 1 m<\/span><\/span><\/td>\n<\/tr>\n<tr>\n<td><span data-path-to-node=\"6,2,0,0\"><b data-path-to-node=\"6,2,0,0\" data-index-in-node=\"0\">Port\u00e9e efficace<\/b><\/span><\/td>\n<td><span data-path-to-node=\"6,2,1,0\">Jusqu&#039;\u00e0 <b data-path-to-node=\"6,2,1,0\" data-index-in-node=\"6\">350 m<\/b> (environ 1 148 pieds)<\/span><\/td>\n<\/tr>\n<tr>\n<td><span data-path-to-node=\"6,3,0,0\"><b data-path-to-node=\"6,3,0,0\" data-index-in-node=\"0\">Poids<\/b><\/span><\/td>\n<td><span data-path-to-node=\"6,3,1,0\">~<b data-path-to-node=\"6,3,1,0\" data-index-in-node=\"1\">105 g<\/b> (3,7 oz)<\/span><\/td>\n<\/tr>\n<tr>\n<td><span data-path-to-node=\"6,4,0,0\"><b data-path-to-node=\"6,4,0,0\" data-index-in-node=\"0\">Formats audio<\/b><\/span><\/td>\n<td><span data-path-to-node=\"6,4,1,0\">MP3, WAV, FLAC, AAC<\/span><\/td>\n<\/tr>\n<tr>\n<td><span data-path-to-node=\"6,5,0,0\"><b data-path-to-node=\"6,5,0,0\" data-index-in-node=\"0\">Temp\u00e9rature de fonctionnement<\/b><\/span><\/td>\n<td><span data-path-to-node=\"6,5,1,0\"><span class=\"math-inline\" data-math=\"-10^\\circ\\text{C}\" data-index-in-node=\"0\">-10\u00baC<\/span> \u00e0 +<span class=\"math-inline\" data-math=\"+40^\\circ\\text{C}\" data-index-in-node=\"21\">40\u00baC<\/span>\u00a0(<span class=\"math-inline\" data-math=\"14^\\circ\\text{F}\" data-index-in-node=\"40\">14\u00baF<\/span> \u00e0 <span class=\"math-inline\" data-math=\"104^\\circ\\text{F}\" data-index-in-node=\"60\">104\u00baF<\/span>)<\/span><\/td>\n<\/tr>\n<tr>\n<td><span data-path-to-node=\"6,6,0,0\"><b data-path-to-node=\"6,6,0,0\" data-index-in-node=\"0\">Type de montage<\/b><\/span><\/td>\n<td><span data-path-to-node=\"6,6,1,0\">Vis \u00e0 main \u00e0 d\u00e9gagement rapide<\/span><\/td>\n<\/tr>\n<\/tbody>\n<\/table>\n<p>&nbsp;<\/p>\n<h3 data-path-to-node=\"8\">Cas d&#039;utilisation id\u00e9aux<\/h3>\n<ul data-path-to-node=\"9\">\n<li>\n<p data-path-to-node=\"9,0,0\"><b data-path-to-node=\"9,0,0\" data-index-in-node=\"0\"><span class=\"citation-210\">S\u00e9curit\u00e9 publique :<\/span><\/b><span class=\"citation-210 citation-end-210\"> Gestion des foules, \u00e9mission d&#039;ordres d&#039;\u00e9vacuation ou direction de la circulation lors de grands \u00e9v\u00e9nements.<\/span><\/p>\n<\/li>\n<li>\n<p data-path-to-node=\"9,1,0\"><b data-path-to-node=\"9,1,0\" data-index-in-node=\"0\">Recherche et sauvetage :<\/b> Communiquer avec des personnes disparues dans des zones recul\u00e9es o\u00f9 l&#039;acc\u00e8s terrestre est limit\u00e9.<\/p>\n<\/li>\n<li>\n<p data-path-to-node=\"9,2,0\"><b data-path-to-node=\"9,2,0\" data-index-in-node=\"0\">Inspection industrielle :<\/b> Diffuser des avertissements de s\u00e9curit\u00e9 au personnel se trouvant dans des zones \u00e0 haut risque (par exemple, les lignes \u00e9lectriques ou les chantiers de construction).<\/p>\n<\/li>\n<li>\n<p data-path-to-node=\"9,3,0\"><b data-path-to-node=\"9,3,0\" data-index-in-node=\"0\"><span class=\"citation-209\">Intervention d&#039;urgence :<\/span><\/b><span class=\"citation-209 citation-end-209\"> Fournir des instructions en temps r\u00e9el aux survivants lors de catastrophes naturelles.<\/span><\/p>\n<\/li>\n<\/ul>","protected":false},"excerpt":{"rendered":"<p><span class=\"citation-216\">Le <\/span><b data-path-to-node=\"0\" data-index-in-node=\"4\"><span class=\"citation-216\">Haut-parleur GDU S200<\/span><\/b><span class=\"citation-216\"> (souvent d\u00e9sign\u00e9 par le num\u00e9ro de mod\u00e8le) <\/span><b data-path-to-node=\"0\" data-index-in-node=\"64\"><span class=\"citation-216\">MP120V<\/span><\/b><span class=\"citation-216 citation-end-216\">) est une charge utile de diffusion audio sp\u00e9cialis\u00e9e et l\u00e9g\u00e8re con\u00e7ue sp\u00e9cifiquement pour les drones industriels des s\u00e9ries GDU S200 et S220.<\/span> <span class=\"citation-215 citation-end-215\">Il est con\u00e7u pour les missions de s\u00e9curit\u00e9 publique, de recherche et de sauvetage (SAR) et d&#039;intervention d&#039;urgence o\u00f9 une communication a\u00e9rienne claire est essentielle.<\/span><\/p>","protected":false},"featured_media":24132,"comment_status":"open","ping_status":"closed","template":"","meta":[],"product_brand":[1369],"product_cat":[29,1379,1360,1359],"product_tag":[1370,1380,1371],"class_list":{"0":"post-24131","1":"product","2":"type-product","3":"status-publish","4":"has-post-thumbnail","6":"product_brand-gdu-tech","7":"product_cat-drones","8":"product_cat-gdu-s200-payloads","9":"product_cat-gdu-s200-series","10":"product_cat-gdu-tech","11":"product_tag-gdu-s200-series","12":"product_tag-gdu-s400-payloads","13":"product_tag-gdu-tech","15":"first","16":"outofstock","17":"taxable","18":"shipping-taxable","19":"purchasable","20":"product-type-simple"},"yoast_head":"<!-- This site is optimized with the Yoast SEO plugin v27.1.1 - https:\/\/yoast.com\/product\/yoast-seo-wordpress\/ -->\n<title>GDU S200 Loudspeaker - Ghostysky<\/title>\n<meta name=\"description\" content=\"The GDU S200 Loudspeaker (often referred to by the model number MP120V) is a specialized, lightweight audio broadcasting payload designed specifically for the GDU S200 and S220 series industrial drones. It is engineered for public safety, search and rescue (SAR), and emergency response missions where clear aerial communication is critical.\" \/>\n<meta name=\"robots\" content=\"index, follow, max-snippet:-1, max-image-preview:large, max-video-preview:-1\" \/>\n<link rel=\"canonical\" href=\"https:\/\/www.ghostysky.com\/fr\/product\/gdu-s200-loudspeaker\/\" \/>\n<meta property=\"og:locale\" content=\"fr_FR\" \/>\n<meta property=\"og:type\" content=\"article\" \/>\n<meta property=\"og:title\" content=\"GDU S200 Loudspeaker - Ghostysky\" \/>\n<meta property=\"og:description\" content=\"The GDU S200 Loudspeaker (often referred to by the model number MP120V) is a specialized, lightweight audio broadcasting payload designed specifically for the GDU S200 and S220 series industrial drones. It is engineered for public safety, search and rescue (SAR), and emergency response missions where clear aerial communication is critical.\" \/>\n<meta property=\"og:url\" content=\"https:\/\/www.ghostysky.com\/fr\/product\/gdu-s200-loudspeaker\/\" \/>\n<meta property=\"og:site_name\" content=\"Ghostysky\" \/>\n<meta property=\"article:publisher\" content=\"https:\/\/www.facebook.com\/people\/Ghostysky\/100057676170234\/\" \/>\n<meta property=\"article:modified_time\" content=\"2026-02-08T09:29:20+00:00\" \/>\n<meta property=\"og:image\" content=\"https:\/\/www.ghostysky.com\/wp-content\/uploads\/2026\/02\/GH_GDU-S200-Loudspeaker_1.webp\" \/>\n\t<meta property=\"og:image:width\" content=\"600\" \/>\n\t<meta property=\"og:image:height\" content=\"600\" \/>\n\t<meta property=\"og:image:type\" content=\"image\/webp\" \/>\n<meta name=\"twitter:card\" content=\"summary_large_image\" \/>\n<meta name=\"twitter:site\" content=\"@Gh0stysky\" \/>\n<meta name=\"twitter:label1\" content=\"Dur\u00e9e de lecture estim\u00e9e\" \/>\n\t<meta name=\"twitter:data1\" content=\"2 minutes\" \/>\n<script type=\"application\/ld+json\" class=\"yoast-schema-graph\">{\"@context\":\"https:\/\/schema.org\",\"@graph\":[{\"@type\":\"WebPage\",\"@id\":\"https:\/\/www.ghostysky.com\/product\/gdu-s200-loudspeaker\/\",\"url\":\"https:\/\/www.ghostysky.com\/product\/gdu-s200-loudspeaker\/\",\"name\":\"GDU S200 Loudspeaker - Ghostysky\",\"isPartOf\":{\"@id\":\"https:\/\/www.ghostysky.com\/#website\"},\"primaryImageOfPage\":{\"@id\":\"https:\/\/www.ghostysky.com\/product\/gdu-s200-loudspeaker\/#primaryimage\"},\"image\":{\"@id\":\"https:\/\/www.ghostysky.com\/product\/gdu-s200-loudspeaker\/#primaryimage\"},\"thumbnailUrl\":\"https:\/\/www.ghostysky.com\/wp-content\/uploads\/2026\/02\/GH_GDU-S200-Loudspeaker_1.webp\",\"datePublished\":\"2026-02-08T09:23:23+00:00\",\"dateModified\":\"2026-02-08T09:29:20+00:00\",\"description\":\"The GDU S200 Loudspeaker (often referred to by the model number MP120V) is a specialized, lightweight audio broadcasting payload designed specifically for the GDU S200 and S220 series industrial drones. It is engineered for public safety, search and rescue (SAR), and emergency response missions where clear aerial communication is critical.\",\"breadcrumb\":{\"@id\":\"https:\/\/www.ghostysky.com\/product\/gdu-s200-loudspeaker\/#breadcrumb\"},\"inLanguage\":\"fr-FR\",\"potentialAction\":[{\"@type\":\"ReadAction\",\"target\":[\"https:\/\/www.ghostysky.com\/product\/gdu-s200-loudspeaker\/\"]}]},{\"@type\":\"ImageObject\",\"inLanguage\":\"fr-FR\",\"@id\":\"https:\/\/www.ghostysky.com\/product\/gdu-s200-loudspeaker\/#primaryimage\",\"url\":\"https:\/\/www.ghostysky.com\/wp-content\/uploads\/2026\/02\/GH_GDU-S200-Loudspeaker_1.webp\",\"contentUrl\":\"https:\/\/www.ghostysky.com\/wp-content\/uploads\/2026\/02\/GH_GDU-S200-Loudspeaker_1.webp\",\"width\":600,\"height\":600},{\"@type\":\"BreadcrumbList\",\"@id\":\"https:\/\/www.ghostysky.com\/product\/gdu-s200-loudspeaker\/#breadcrumb\",\"itemListElement\":[{\"@type\":\"ListItem\",\"position\":1,\"name\":\"Home\",\"item\":\"https:\/\/www.ghostysky.com\/\"},{\"@type\":\"ListItem\",\"position\":2,\"name\":\"Shop\",\"item\":\"https:\/\/www.ghostysky.com\/shop\/\"},{\"@type\":\"ListItem\",\"position\":3,\"name\":\"GDU S200 Loudspeaker\"}]},{\"@type\":\"WebSite\",\"@id\":\"https:\/\/www.ghostysky.com\/#website\",\"url\":\"https:\/\/www.ghostysky.com\/\",\"name\":\"Ghostysky\",\"description\":\"Delivering professional drones and services\",\"publisher\":{\"@id\":\"https:\/\/www.ghostysky.com\/#organization\"},\"potentialAction\":[{\"@type\":\"SearchAction\",\"target\":{\"@type\":\"EntryPoint\",\"urlTemplate\":\"https:\/\/www.ghostysky.com\/?s={search_term_string}\"},\"query-input\":{\"@type\":\"PropertyValueSpecification\",\"valueRequired\":true,\"valueName\":\"search_term_string\"}}],\"inLanguage\":\"fr-FR\"},{\"@type\":\"Organization\",\"@id\":\"https:\/\/www.ghostysky.com\/#organization\",\"name\":\"Ghostysky\",\"url\":\"https:\/\/www.ghostysky.com\/\",\"logo\":{\"@type\":\"ImageObject\",\"inLanguage\":\"fr-FR\",\"@id\":\"https:\/\/www.ghostysky.com\/#\/schema\/logo\/image\/\",\"url\":\"https:\/\/www.ghostysky.com\/wp-content\/uploads\/2020\/06\/cropped-ghostyskylogo_text_white2.png\",\"contentUrl\":\"https:\/\/www.ghostysky.com\/wp-content\/uploads\/2020\/06\/cropped-ghostyskylogo_text_white2.png\",\"width\":169,\"height\":56,\"caption\":\"Ghostysky\"},\"image\":{\"@id\":\"https:\/\/www.ghostysky.com\/#\/schema\/logo\/image\/\"},\"sameAs\":[\"https:\/\/www.facebook.com\/people\/Ghostysky\/100057676170234\/\",\"https:\/\/x.com\/Gh0stysky\",\"https:\/\/www.linkedin.com\/company\/34739653\",\"https:\/\/www.instagram.com\/gh0stysky\"]}]}<\/script>\n<!-- \/ Yoast SEO plugin. -->","yoast_head_json":{"title":"Haut-parleur GDU S200 - Ghostysky","description":"Le haut-parleur GDU S200 (souvent d\u00e9sign\u00e9 par la r\u00e9f\u00e9rence MP120V) est un module audio l\u00e9ger et sp\u00e9cialis\u00e9, con\u00e7u sp\u00e9cifiquement pour les drones industriels des s\u00e9ries GDU S200 et S220. Il est destin\u00e9 aux missions de s\u00e9curit\u00e9 publique, de recherche et de sauvetage (SAR) et d&#039;intervention d&#039;urgence o\u00f9 une communication a\u00e9rienne claire est essentielle.","robots":{"index":"index","follow":"follow","max-snippet":"max-snippet:-1","max-image-preview":"max-image-preview:large","max-video-preview":"max-video-preview:-1"},"canonical":"https:\/\/www.ghostysky.com\/fr\/product\/gdu-s200-loudspeaker\/","og_locale":"fr_FR","og_type":"article","og_title":"GDU S200 Loudspeaker - Ghostysky","og_description":"The GDU S200 Loudspeaker (often referred to by the model number MP120V) is a specialized, lightweight audio broadcasting payload designed specifically for the GDU S200 and S220 series industrial drones. It is engineered for public safety, search and rescue (SAR), and emergency response missions where clear aerial communication is critical.","og_url":"https:\/\/www.ghostysky.com\/fr\/product\/gdu-s200-loudspeaker\/","og_site_name":"Ghostysky","article_publisher":"https:\/\/www.facebook.com\/people\/Ghostysky\/100057676170234\/","article_modified_time":"2026-02-08T09:29:20+00:00","og_image":[{"width":600,"height":600,"url":"https:\/\/www.ghostysky.com\/wp-content\/uploads\/2026\/02\/GH_GDU-S200-Loudspeaker_1.webp","type":"image\/webp"}],"twitter_card":"summary_large_image","twitter_site":"@Gh0stysky","twitter_misc":{"Dur\u00e9e de lecture estim\u00e9e":"2 minutes"},"schema":{"@context":"https:\/\/schema.org","@graph":[{"@type":"WebPage","@id":"https:\/\/www.ghostysky.com\/product\/gdu-s200-loudspeaker\/","url":"https:\/\/www.ghostysky.com\/product\/gdu-s200-loudspeaker\/","name":"Haut-parleur GDU S200 - Ghostysky","isPartOf":{"@id":"https:\/\/www.ghostysky.com\/#website"},"primaryImageOfPage":{"@id":"https:\/\/www.ghostysky.com\/product\/gdu-s200-loudspeaker\/#primaryimage"},"image":{"@id":"https:\/\/www.ghostysky.com\/product\/gdu-s200-loudspeaker\/#primaryimage"},"thumbnailUrl":"https:\/\/www.ghostysky.com\/wp-content\/uploads\/2026\/02\/GH_GDU-S200-Loudspeaker_1.webp","datePublished":"2026-02-08T09:23:23+00:00","dateModified":"2026-02-08T09:29:20+00:00","description":"Le haut-parleur GDU S200 (souvent d\u00e9sign\u00e9 par la r\u00e9f\u00e9rence MP120V) est un module audio l\u00e9ger et sp\u00e9cialis\u00e9, con\u00e7u sp\u00e9cifiquement pour les drones industriels des s\u00e9ries GDU S200 et S220. Il est destin\u00e9 aux missions de s\u00e9curit\u00e9 publique, de recherche et de sauvetage (SAR) et d&#039;intervention d&#039;urgence o\u00f9 une communication a\u00e9rienne claire est essentielle.","breadcrumb":{"@id":"https:\/\/www.ghostysky.com\/product\/gdu-s200-loudspeaker\/#breadcrumb"},"inLanguage":"fr-FR","potentialAction":[{"@type":"ReadAction","target":["https:\/\/www.ghostysky.com\/product\/gdu-s200-loudspeaker\/"]}]},{"@type":"ImageObject","inLanguage":"fr-FR","@id":"https:\/\/www.ghostysky.com\/product\/gdu-s200-loudspeaker\/#primaryimage","url":"https:\/\/www.ghostysky.com\/wp-content\/uploads\/2026\/02\/GH_GDU-S200-Loudspeaker_1.webp","contentUrl":"https:\/\/www.ghostysky.com\/wp-content\/uploads\/2026\/02\/GH_GDU-S200-Loudspeaker_1.webp","width":600,"height":600},{"@type":"BreadcrumbList","@id":"https:\/\/www.ghostysky.com\/product\/gdu-s200-loudspeaker\/#breadcrumb","itemListElement":[{"@type":"ListItem","position":1,"name":"Home","item":"https:\/\/www.ghostysky.com\/"},{"@type":"ListItem","position":2,"name":"Shop","item":"https:\/\/www.ghostysky.com\/shop\/"},{"@type":"ListItem","position":3,"name":"GDU S200 Loudspeaker"}]},{"@type":"WebSite","@id":"https:\/\/www.ghostysky.com\/#website","url":"https:\/\/www.ghostysky.com\/","name":"Ghostysky","description":"Livraison de drones et de services professionnels","publisher":{"@id":"https:\/\/www.ghostysky.com\/#organization"},"potentialAction":[{"@type":"SearchAction","target":{"@type":"EntryPoint","urlTemplate":"https:\/\/www.ghostysky.com\/?s={search_term_string}"},"query-input":{"@type":"PropertyValueSpecification","valueRequired":true,"valueName":"search_term_string"}}],"inLanguage":"fr-FR"},{"@type":"Organization","@id":"https:\/\/www.ghostysky.com\/#organization","name":"Ghostysky","url":"https:\/\/www.ghostysky.com\/","logo":{"@type":"ImageObject","inLanguage":"fr-FR","@id":"https:\/\/www.ghostysky.com\/#\/schema\/logo\/image\/","url":"https:\/\/www.ghostysky.com\/wp-content\/uploads\/2020\/06\/cropped-ghostyskylogo_text_white2.png","contentUrl":"https:\/\/www.ghostysky.com\/wp-content\/uploads\/2020\/06\/cropped-ghostyskylogo_text_white2.png","width":169,"height":56,"caption":"Ghostysky"},"image":{"@id":"https:\/\/www.ghostysky.com\/#\/schema\/logo\/image\/"},"sameAs":["https:\/\/www.facebook.com\/people\/Ghostysky\/100057676170234\/","https:\/\/x.com\/Gh0stysky","https:\/\/www.linkedin.com\/company\/34739653","https:\/\/www.instagram.com\/gh0stysky"]}]}},"_links":{"self":[{"href":"https:\/\/www.ghostysky.com\/fr\/wp-json\/wp\/v2\/product\/24131","targetHints":{"allow":["GET"]}}],"collection":[{"href":"https:\/\/www.ghostysky.com\/fr\/wp-json\/wp\/v2\/product"}],"about":[{"href":"https:\/\/www.ghostysky.com\/fr\/wp-json\/wp\/v2\/types\/product"}],"replies":[{"embeddable":true,"href":"https:\/\/www.ghostysky.com\/fr\/wp-json\/wp\/v2\/comments?post=24131"}],"wp:featuredmedia":[{"embeddable":true,"href":"https:\/\/www.ghostysky.com\/fr\/wp-json\/wp\/v2\/media\/24132"}],"wp:attachment":[{"href":"https:\/\/www.ghostysky.com\/fr\/wp-json\/wp\/v2\/media?parent=24131"}],"wp:term":[{"taxonomy":"product_brand","embeddable":true,"href":"https:\/\/www.ghostysky.com\/fr\/wp-json\/wp\/v2\/product_brand?post=24131"},{"taxonomy":"product_cat","embeddable":true,"href":"https:\/\/www.ghostysky.com\/fr\/wp-json\/wp\/v2\/product_cat?post=24131"},{"taxonomy":"product_tag","embeddable":true,"href":"https:\/\/www.ghostysky.com\/fr\/wp-json\/wp\/v2\/product_tag?post=24131"}],"curies":[{"name":"wp","href":"https:\/\/api.w.org\/{rel}","templated":true}]}}