{"id":24141,"date":"2026-02-08T09:55:42","date_gmt":"2026-02-08T09:55:42","guid":{"rendered":"https:\/\/www.ghostysky.com\/?post_type=product&#038;p=24141"},"modified":"2026-02-08T10:07:15","modified_gmt":"2026-02-08T10:07:15","slug":"gdu-pdl-300-dual-sensor-camera","status":"publish","type":"product","link":"https:\/\/www.ghostysky.com\/fr\/product\/gdu-pdl-300-dual-sensor-camera\/","title":{"rendered":"Cam\u00e9ra \u00e0 double capteur GDU PDL-300"},"content":{"rendered":"<h3 data-path-to-node=\"3\">Fonctionnalit\u00e9s principales<\/h3>\n<ul data-path-to-node=\"4\">\n<li>\n<p data-path-to-node=\"4,0,0\"><b data-path-to-node=\"4,0,0\" data-index-in-node=\"0\">Imagerie \u00e0 double \u00e9clairage\u00a0:<\/b><span class=\"citation-285 citation-end-285\"> Il est dot\u00e9 \u00e0 la fois d&#039;un capteur thermique infrarouge et d&#039;un capteur CMOS \u00e0 lumi\u00e8re visible, permettant une imagerie c\u00f4te \u00e0 c\u00f4te ou fusionn\u00e9e pour identifier simultan\u00e9ment les signatures thermiques et les d\u00e9tails structurels.<\/span><\/p>\n<\/li>\n<li>\n<p data-path-to-node=\"4,1,0\"><b data-path-to-node=\"4,1,0\" data-index-in-node=\"0\"><span class=\"citation-284 citation-end-284\">Clart\u00e9 visible de 48 MP\u00a0:<\/span><\/b><span class=\"citation-283 citation-end-283\"> La cam\u00e9ra \u00e0 lumi\u00e8re visible capture des photos ultra haute d\u00e9finition de 48 m\u00e9gapixels, garantissant que m\u00eame les petits d\u00e9fauts (comme les fissures ou la corrosion) sont visibles \u00e0 distance.<\/span><\/p>\n<\/li>\n<li>\n<p data-path-to-node=\"4,2,0\"><b data-path-to-node=\"4,2,0\" data-index-in-node=\"0\">Thermographie de pr\u00e9cision\u00a0:<\/b><span class=\"citation-282 citation-end-282\"> Dot\u00e9 d&#039;un syst\u00e8me de mesure de temp\u00e9rature infrarouge avanc\u00e9, il peut d\u00e9tecter avec une grande sensibilit\u00e9 les points chauds dans les lignes \u00e9lectriques, les panneaux solaires ou les sols forestiers.<\/span><\/p>\n<\/li>\n<li>\n<p data-path-to-node=\"4,3,0\"><b data-path-to-node=\"4,3,0\" data-index-in-node=\"0\">Robuste et l\u00e9ger :<\/b> Pesant seulement ~420 g, il est con\u00e7u pour <b data-path-to-node=\"4,3,0\" data-index-in-node=\"66\">GDU S400E<\/b> et des plateformes similaires, en maintenant l&#039;efficacit\u00e9 du vol sans sacrifier la qualit\u00e9 des capteurs.<\/p>\n<\/li>\n<li>\n<p data-path-to-node=\"4,4,0\"><b data-path-to-node=\"4,4,0\" data-index-in-node=\"0\"><span class=\"citation-281\">Stabilisation sur 3 axes :<\/span><\/b><span class=\"citation-281 citation-end-281\"> Int\u00e9gr\u00e9 avec un cardan de haute pr\u00e9cision (<\/span><span class=\"math-inline\" data-math=\"\u2264 0.01\u00b0\" data-index-in-node=\"63\">$\u2264 0,01\u00b0$<\/span><span class=\"citation-280 citation-end-280\"> (pr\u00e9cision) pour garantir des images fluides et stables m\u00eame lors de man\u0153uvres \u00e0 grande vitesse.<\/span><\/p>\n<p>&nbsp;<\/li>\n<\/ul>\n<h3 data-path-to-node=\"6\">Sp\u00e9cifications techniques<\/h3>\n<table data-path-to-node=\"7\">\n<thead>\n<tr>\n<td><strong>Cat\u00e9gorie<\/strong><\/td>\n<td><strong>Sp\u00e9cification<\/strong><\/td>\n<\/tr>\n<\/thead>\n<tbody>\n<tr>\n<td><span data-path-to-node=\"7,1,0,0\"><b data-path-to-node=\"7,1,0,0\" data-index-in-node=\"0\">Poids<\/b><\/span><\/td>\n<td><span data-path-to-node=\"7,1,1,0\">~420 g<\/span><\/td>\n<\/tr>\n<tr>\n<td><span data-path-to-node=\"7,2,0,0\"><b data-path-to-node=\"7,2,0,0\" data-index-in-node=\"0\">Stabilisation<\/b><\/span><\/td>\n<td><span data-path-to-node=\"7,2,1,0\">3 axes (tangage, roulis, lacet)<\/span><\/td>\n<\/tr>\n<tr>\n<td><span data-path-to-node=\"7,3,0,0\"><b data-path-to-node=\"7,3,0,0\" data-index-in-node=\"0\">Capteur visible<\/b><\/span><\/td>\n<td><span data-path-to-node=\"7,3,1,0\">Capteur CMOS 1 pouce<\/span><\/td>\n<\/tr>\n<tr>\n<td><span data-path-to-node=\"7,4,0,0\"><b data-path-to-node=\"7,4,0,0\" data-index-in-node=\"0\">R\u00e9solution visible<\/b><\/span><\/td>\n<td><span data-path-to-node=\"7,4,1,0\">48 MP (<span class=\"math-inline\" data-math=\"8000 \\times 6000\" data-index-in-node=\"7\">8000 fois 6000<\/span>) \/ Vid\u00e9o 4K \u00e0 30 images\/seconde<\/span><\/td>\n<\/tr>\n<tr>\n<td><span data-path-to-node=\"7,5,0,0\"><b data-path-to-node=\"7,5,0,0\" data-index-in-node=\"0\">R\u00e9solution infrarouge<\/b><\/span><\/td>\n<td><span data-path-to-node=\"7,5,1,0\"><span class=\"math-inline\" data-math=\"640 \\times 512\" data-index-in-node=\"0\">640 x 512<\/span><\/span><\/td>\n<\/tr>\n<tr>\n<td><span data-path-to-node=\"7,6,0,0\"><b data-path-to-node=\"7,6,0,0\" data-index-in-node=\"0\">lentille thermique<\/b><\/span><\/td>\n<td><span data-path-to-node=\"7,6,1,0\">Mise au point fixe de 13 mm<\/span><\/td>\n<\/tr>\n<tr>\n<td><span data-path-to-node=\"7,7,0,0\"><b data-path-to-node=\"7,7,0,0\" data-index-in-node=\"0\">Plage de temp\u00e9rature<\/b><\/span><\/td>\n<td><span data-path-to-node=\"7,7,1,0\"><span class=\"math-inline\" data-math=\"-40\u00b0C\" data-index-in-node=\"0\">-40\u00b0C<\/span> \u00e0 <span class=\"math-inline\" data-math=\"150\u00b0C\" data-index-in-node=\"9\">150\u00b0C <\/span>(Gain \u00e9lev\u00e9) ; <span class=\"math-inline\" data-math=\"-40\u00b0C\" data-index-in-node=\"28\">-40\u00b0C<\/span> \u00e0 <span class=\"math-inline\" data-math=\"550\u00b0C\" data-index-in-node=\"37\">550 \u00b0C<\/span>\u00a0(Faible gain)<\/span><\/td>\n<\/tr>\n<tr>\n<td><span data-path-to-node=\"7,8,0,0\"><b data-path-to-node=\"7,8,0,0\" data-index-in-node=\"0\">Pr\u00e9cision de mesure<\/b><\/span><\/td>\n<td><span data-path-to-node=\"7,8,1,0\"><span class=\"math-inline\" data-math=\"\u00b12\u00b0C\" data-index-in-node=\"0\">\u00b12\u00b0C<\/span> ou <span class=\"math-inline\" data-math=\"\u00b12\\%\" data-index-in-node=\"8\">\u00b12%<\/span><\/span><\/td>\n<\/tr>\n<tr>\n<td><span data-path-to-node=\"7,9,0,0\"><b data-path-to-node=\"7,9,0,0\" data-index-in-node=\"0\">Zoom num\u00e9rique<\/b><\/span><\/td>\n<td><span data-path-to-node=\"7,9,1,0\">Jusqu&#039;\u00e0 16x (visible) \/ 8x (infrarouge)<\/span><\/td>\n<\/tr>\n<\/tbody>\n<\/table>\n<p>&nbsp;<\/p>\n<h3 data-path-to-node=\"9\">Applications cl\u00e9s<\/h3>\n<ul data-path-to-node=\"10\">\n<li>\n<p data-path-to-node=\"10,0,0\"><b data-path-to-node=\"10,0,0\" data-index-in-node=\"0\">Inspection du r\u00e9seau \u00e9lectrique\u00a0:<\/b> D\u00e9tection de la surchauffe des isolateurs et des \u00e9quipements sur les pyl\u00f4nes de transport d&#039;\u00e9nergie.<\/p>\n<\/li>\n<li>\n<p data-path-to-node=\"10,1,0\"><b data-path-to-node=\"10,1,0\" data-index-in-node=\"0\">Maintenance des centrales solaires :<\/b><span class=\"citation-279 citation-end-279\"> Identification des \u201c cellules chaudes \u201d ou des panneaux fissur\u00e9s sur de vastes r\u00e9seaux.<\/span><\/p>\n<\/li>\n<li>\n<p data-path-to-node=\"10,2,0\"><b data-path-to-node=\"10,2,0\" data-index-in-node=\"0\">Recherche et sauvetage (SAR) :<\/b> Utilisation du capteur thermique pour d\u00e9tecter les signatures thermiques en conditions de faible visibilit\u00e9 ou de nuit.<\/p>\n<\/li>\n<li>\n<p data-path-to-node=\"10,3,0\"><b data-path-to-node=\"10,3,0\" data-index-in-node=\"0\"><span class=\"citation-278\">Lutte contre les incendies :<\/span><\/b><span class=\"citation-278 citation-end-278\"> P\u00e9n\u00e9trer la fum\u00e9e pour localiser le foyer d&#039;un incendie ou surveiller les points chauds lors des op\u00e9rations d&#039;extinction.<\/span><\/p>\n<p>&nbsp;<\/li>\n<\/ul>\n<blockquote data-path-to-node=\"12\">\n<p data-path-to-node=\"12,0\"><b data-path-to-node=\"12,0\" data-index-in-node=\"0\">Note:<\/b><span class=\"citation-277 interactive-span-hovered\"> Si vous avez besoin d&#039;une pr\u00e9cision thermique encore plus \u00e9lev\u00e9e, GDU propose \u00e9galement <\/span><b data-path-to-node=\"12,0\" data-index-in-node=\"72\"><span class=\"citation-277 interactive-span-hovered\">PDL-1K<\/span><\/b><span class=\"citation-277 citation-end-277 interactive-span-hovered\">, ce qui am\u00e9liore la r\u00e9solution infrarouge \u00e0 <\/span><span class=\"math-inline\" data-math=\"1280 \\times 1024\" data-index-in-node=\"122\">$1280 fois 1024$<\/span><span class=\"citation-276 citation-end-276 interactive-span-hovered\"> (1K) pour 4 fois plus de d\u00e9tails thermiques.<\/span><\/p>\n<div class=\"source-inline-chip-container ng-star-inserted\"><\/div>\n<p>&nbsp;<\/p><\/blockquote>","protected":false},"excerpt":{"rendered":"<p><span class=\"citation-287\">Le <\/span><b data-path-to-node=\"0\" data-index-in-node=\"4\"><span class=\"citation-287\">GDU PDL-300<\/span><\/b><span class=\"citation-287 citation-end-287\"> il s&#039;agit d&#039;une charge utile professionnelle \u00e0 double canal con\u00e7ue pour les op\u00e9rations de drones industriels.<\/span> <span class=\"citation-286 citation-end-286\">Elle combine l&#039;imagerie en lumi\u00e8re visible haute r\u00e9solution avec des capacit\u00e9s infrarouges thermiques, ce qui en fait un outil \u201c utilisable 24 heures sur 24 \u201d pour l&#039;inspection et la s\u00e9curit\u00e9 publique.<\/span><\/p>","protected":false},"featured_media":24142,"comment_status":"open","ping_status":"closed","template":"","meta":[],"product_brand":[1369],"product_cat":[29,1378,1363,1359],"product_tag":[1380,1375,1371],"class_list":{"0":"post-24141","1":"product","2":"type-product","3":"status-publish","4":"has-post-thumbnail","6":"product_brand-gdu-tech","7":"product_cat-drones","8":"product_cat-gdu-s400-payloads","9":"product_cat-gdu-s400-series","10":"product_cat-gdu-tech","11":"product_tag-gdu-s400-payloads","12":"product_tag-gdu-s400-series","13":"product_tag-gdu-tech","15":"first","16":"outofstock","17":"taxable","18":"shipping-taxable","19":"purchasable","20":"product-type-simple"},"yoast_head":"<!-- This site is optimized with the Yoast SEO plugin v27.1.1 - https:\/\/yoast.com\/product\/yoast-seo-wordpress\/ -->\n<title>GDU PDL-300 Dual sensor camera - Ghostysky<\/title>\n<meta name=\"description\" content=\"The GDU PDL-300 is a professional-grade, dual-channel payload designed for industrial drone operations. It combines high-resolution visible light imaging with thermal infrared capabilities, making it a &quot;24-hour&quot; tool for inspection and public safety.\" \/>\n<meta name=\"robots\" content=\"index, follow, max-snippet:-1, max-image-preview:large, max-video-preview:-1\" \/>\n<link rel=\"canonical\" href=\"https:\/\/www.ghostysky.com\/fr\/product\/gdu-pdl-300-dual-sensor-camera\/\" \/>\n<meta property=\"og:locale\" content=\"fr_FR\" \/>\n<meta property=\"og:type\" content=\"article\" \/>\n<meta property=\"og:title\" content=\"GDU PDL-300 Dual sensor camera - Ghostysky\" \/>\n<meta property=\"og:description\" content=\"The GDU PDL-300 is a professional-grade, dual-channel payload designed for industrial drone operations. It combines high-resolution visible light imaging with thermal infrared capabilities, making it a &quot;24-hour&quot; tool for inspection and public safety.\" \/>\n<meta property=\"og:url\" content=\"https:\/\/www.ghostysky.com\/fr\/product\/gdu-pdl-300-dual-sensor-camera\/\" \/>\n<meta property=\"og:site_name\" content=\"Ghostysky\" \/>\n<meta property=\"article:publisher\" content=\"https:\/\/www.facebook.com\/people\/Ghostysky\/100057676170234\/\" \/>\n<meta property=\"article:modified_time\" content=\"2026-02-08T10:07:15+00:00\" \/>\n<meta property=\"og:image\" content=\"https:\/\/www.ghostysky.com\/wp-content\/uploads\/2026\/02\/GH_GDUPDL300_1.webp\" \/>\n\t<meta property=\"og:image:width\" content=\"1000\" \/>\n\t<meta property=\"og:image:height\" content=\"1000\" \/>\n\t<meta property=\"og:image:type\" content=\"image\/webp\" \/>\n<meta name=\"twitter:card\" content=\"summary_large_image\" \/>\n<meta name=\"twitter:site\" content=\"@Gh0stysky\" \/>\n<meta name=\"twitter:label1\" content=\"Dur\u00e9e de lecture estim\u00e9e\" \/>\n\t<meta name=\"twitter:data1\" content=\"2 minutes\" \/>\n<script type=\"application\/ld+json\" class=\"yoast-schema-graph\">{\"@context\":\"https:\/\/schema.org\",\"@graph\":[{\"@type\":\"WebPage\",\"@id\":\"https:\/\/www.ghostysky.com\/product\/gdu-pdl-300-dual-sensor-camera\/\",\"url\":\"https:\/\/www.ghostysky.com\/product\/gdu-pdl-300-dual-sensor-camera\/\",\"name\":\"GDU PDL-300 Dual sensor camera - Ghostysky\",\"isPartOf\":{\"@id\":\"https:\/\/www.ghostysky.com\/#website\"},\"primaryImageOfPage\":{\"@id\":\"https:\/\/www.ghostysky.com\/product\/gdu-pdl-300-dual-sensor-camera\/#primaryimage\"},\"image\":{\"@id\":\"https:\/\/www.ghostysky.com\/product\/gdu-pdl-300-dual-sensor-camera\/#primaryimage\"},\"thumbnailUrl\":\"https:\/\/www.ghostysky.com\/wp-content\/uploads\/2026\/02\/GH_GDUPDL300_1.webp\",\"datePublished\":\"2026-02-08T09:55:42+00:00\",\"dateModified\":\"2026-02-08T10:07:15+00:00\",\"description\":\"The GDU PDL-300 is a professional-grade, dual-channel payload designed for industrial drone operations. It combines high-resolution visible light imaging with thermal infrared capabilities, making it a \\\"24-hour\\\" tool for inspection and public safety.\",\"breadcrumb\":{\"@id\":\"https:\/\/www.ghostysky.com\/product\/gdu-pdl-300-dual-sensor-camera\/#breadcrumb\"},\"inLanguage\":\"fr-FR\",\"potentialAction\":[{\"@type\":\"ReadAction\",\"target\":[\"https:\/\/www.ghostysky.com\/product\/gdu-pdl-300-dual-sensor-camera\/\"]}]},{\"@type\":\"ImageObject\",\"inLanguage\":\"fr-FR\",\"@id\":\"https:\/\/www.ghostysky.com\/product\/gdu-pdl-300-dual-sensor-camera\/#primaryimage\",\"url\":\"https:\/\/www.ghostysky.com\/wp-content\/uploads\/2026\/02\/GH_GDUPDL300_1.webp\",\"contentUrl\":\"https:\/\/www.ghostysky.com\/wp-content\/uploads\/2026\/02\/GH_GDUPDL300_1.webp\",\"width\":1000,\"height\":1000},{\"@type\":\"BreadcrumbList\",\"@id\":\"https:\/\/www.ghostysky.com\/product\/gdu-pdl-300-dual-sensor-camera\/#breadcrumb\",\"itemListElement\":[{\"@type\":\"ListItem\",\"position\":1,\"name\":\"Home\",\"item\":\"https:\/\/www.ghostysky.com\/\"},{\"@type\":\"ListItem\",\"position\":2,\"name\":\"Shop\",\"item\":\"https:\/\/www.ghostysky.com\/shop\/\"},{\"@type\":\"ListItem\",\"position\":3,\"name\":\"GDU PDL-300 Dual sensor camera\"}]},{\"@type\":\"WebSite\",\"@id\":\"https:\/\/www.ghostysky.com\/#website\",\"url\":\"https:\/\/www.ghostysky.com\/\",\"name\":\"Ghostysky\",\"description\":\"Delivering professional drones and services\",\"publisher\":{\"@id\":\"https:\/\/www.ghostysky.com\/#organization\"},\"potentialAction\":[{\"@type\":\"SearchAction\",\"target\":{\"@type\":\"EntryPoint\",\"urlTemplate\":\"https:\/\/www.ghostysky.com\/?s={search_term_string}\"},\"query-input\":{\"@type\":\"PropertyValueSpecification\",\"valueRequired\":true,\"valueName\":\"search_term_string\"}}],\"inLanguage\":\"fr-FR\"},{\"@type\":\"Organization\",\"@id\":\"https:\/\/www.ghostysky.com\/#organization\",\"name\":\"Ghostysky\",\"url\":\"https:\/\/www.ghostysky.com\/\",\"logo\":{\"@type\":\"ImageObject\",\"inLanguage\":\"fr-FR\",\"@id\":\"https:\/\/www.ghostysky.com\/#\/schema\/logo\/image\/\",\"url\":\"https:\/\/www.ghostysky.com\/wp-content\/uploads\/2020\/06\/cropped-ghostyskylogo_text_white2.png\",\"contentUrl\":\"https:\/\/www.ghostysky.com\/wp-content\/uploads\/2020\/06\/cropped-ghostyskylogo_text_white2.png\",\"width\":169,\"height\":56,\"caption\":\"Ghostysky\"},\"image\":{\"@id\":\"https:\/\/www.ghostysky.com\/#\/schema\/logo\/image\/\"},\"sameAs\":[\"https:\/\/www.facebook.com\/people\/Ghostysky\/100057676170234\/\",\"https:\/\/x.com\/Gh0stysky\",\"https:\/\/www.linkedin.com\/company\/34739653\",\"https:\/\/www.instagram.com\/gh0stysky\"]}]}<\/script>\n<!-- \/ Yoast SEO plugin. -->","yoast_head_json":{"title":"Cam\u00e9ra \u00e0 double capteur GDU PDL-300 - Ghostysky","description":"La GDU PDL-300 est une charge utile professionnelle \u00e0 deux canaux con\u00e7ue pour les op\u00e9rations de drones industriels. Elle combine l&#039;imagerie en lumi\u00e8re visible haute r\u00e9solution avec des capacit\u00e9s infrarouges thermiques, ce qui en fait un outil op\u00e9rationnel 24 h\/24 pour l&#039;inspection et la s\u00e9curit\u00e9 publique.","robots":{"index":"index","follow":"follow","max-snippet":"max-snippet:-1","max-image-preview":"max-image-preview:large","max-video-preview":"max-video-preview:-1"},"canonical":"https:\/\/www.ghostysky.com\/fr\/product\/gdu-pdl-300-dual-sensor-camera\/","og_locale":"fr_FR","og_type":"article","og_title":"GDU PDL-300 Dual sensor camera - Ghostysky","og_description":"The GDU PDL-300 is a professional-grade, dual-channel payload designed for industrial drone operations. It combines high-resolution visible light imaging with thermal infrared capabilities, making it a \"24-hour\" tool for inspection and public safety.","og_url":"https:\/\/www.ghostysky.com\/fr\/product\/gdu-pdl-300-dual-sensor-camera\/","og_site_name":"Ghostysky","article_publisher":"https:\/\/www.facebook.com\/people\/Ghostysky\/100057676170234\/","article_modified_time":"2026-02-08T10:07:15+00:00","og_image":[{"width":1000,"height":1000,"url":"https:\/\/www.ghostysky.com\/wp-content\/uploads\/2026\/02\/GH_GDUPDL300_1.webp","type":"image\/webp"}],"twitter_card":"summary_large_image","twitter_site":"@Gh0stysky","twitter_misc":{"Dur\u00e9e de lecture estim\u00e9e":"2 minutes"},"schema":{"@context":"https:\/\/schema.org","@graph":[{"@type":"WebPage","@id":"https:\/\/www.ghostysky.com\/product\/gdu-pdl-300-dual-sensor-camera\/","url":"https:\/\/www.ghostysky.com\/product\/gdu-pdl-300-dual-sensor-camera\/","name":"Cam\u00e9ra \u00e0 double capteur GDU PDL-300 - Ghostysky","isPartOf":{"@id":"https:\/\/www.ghostysky.com\/#website"},"primaryImageOfPage":{"@id":"https:\/\/www.ghostysky.com\/product\/gdu-pdl-300-dual-sensor-camera\/#primaryimage"},"image":{"@id":"https:\/\/www.ghostysky.com\/product\/gdu-pdl-300-dual-sensor-camera\/#primaryimage"},"thumbnailUrl":"https:\/\/www.ghostysky.com\/wp-content\/uploads\/2026\/02\/GH_GDUPDL300_1.webp","datePublished":"2026-02-08T09:55:42+00:00","dateModified":"2026-02-08T10:07:15+00:00","description":"La GDU PDL-300 est une charge utile professionnelle \u00e0 deux canaux con\u00e7ue pour les op\u00e9rations de drones industriels. Elle combine l&#039;imagerie en lumi\u00e8re visible haute r\u00e9solution avec des capacit\u00e9s infrarouges thermiques, ce qui en fait un outil op\u00e9rationnel 24 h\/24 pour l&#039;inspection et la s\u00e9curit\u00e9 publique.","breadcrumb":{"@id":"https:\/\/www.ghostysky.com\/product\/gdu-pdl-300-dual-sensor-camera\/#breadcrumb"},"inLanguage":"fr-FR","potentialAction":[{"@type":"ReadAction","target":["https:\/\/www.ghostysky.com\/product\/gdu-pdl-300-dual-sensor-camera\/"]}]},{"@type":"ImageObject","inLanguage":"fr-FR","@id":"https:\/\/www.ghostysky.com\/product\/gdu-pdl-300-dual-sensor-camera\/#primaryimage","url":"https:\/\/www.ghostysky.com\/wp-content\/uploads\/2026\/02\/GH_GDUPDL300_1.webp","contentUrl":"https:\/\/www.ghostysky.com\/wp-content\/uploads\/2026\/02\/GH_GDUPDL300_1.webp","width":1000,"height":1000},{"@type":"BreadcrumbList","@id":"https:\/\/www.ghostysky.com\/product\/gdu-pdl-300-dual-sensor-camera\/#breadcrumb","itemListElement":[{"@type":"ListItem","position":1,"name":"Home","item":"https:\/\/www.ghostysky.com\/"},{"@type":"ListItem","position":2,"name":"Shop","item":"https:\/\/www.ghostysky.com\/shop\/"},{"@type":"ListItem","position":3,"name":"GDU PDL-300 Dual sensor camera"}]},{"@type":"WebSite","@id":"https:\/\/www.ghostysky.com\/#website","url":"https:\/\/www.ghostysky.com\/","name":"Ghostysky","description":"Livraison de drones et de services professionnels","publisher":{"@id":"https:\/\/www.ghostysky.com\/#organization"},"potentialAction":[{"@type":"SearchAction","target":{"@type":"EntryPoint","urlTemplate":"https:\/\/www.ghostysky.com\/?s={search_term_string}"},"query-input":{"@type":"PropertyValueSpecification","valueRequired":true,"valueName":"search_term_string"}}],"inLanguage":"fr-FR"},{"@type":"Organization","@id":"https:\/\/www.ghostysky.com\/#organization","name":"Ghostysky","url":"https:\/\/www.ghostysky.com\/","logo":{"@type":"ImageObject","inLanguage":"fr-FR","@id":"https:\/\/www.ghostysky.com\/#\/schema\/logo\/image\/","url":"https:\/\/www.ghostysky.com\/wp-content\/uploads\/2020\/06\/cropped-ghostyskylogo_text_white2.png","contentUrl":"https:\/\/www.ghostysky.com\/wp-content\/uploads\/2020\/06\/cropped-ghostyskylogo_text_white2.png","width":169,"height":56,"caption":"Ghostysky"},"image":{"@id":"https:\/\/www.ghostysky.com\/#\/schema\/logo\/image\/"},"sameAs":["https:\/\/www.facebook.com\/people\/Ghostysky\/100057676170234\/","https:\/\/x.com\/Gh0stysky","https:\/\/www.linkedin.com\/company\/34739653","https:\/\/www.instagram.com\/gh0stysky"]}]}},"_links":{"self":[{"href":"https:\/\/www.ghostysky.com\/fr\/wp-json\/wp\/v2\/product\/24141","targetHints":{"allow":["GET"]}}],"collection":[{"href":"https:\/\/www.ghostysky.com\/fr\/wp-json\/wp\/v2\/product"}],"about":[{"href":"https:\/\/www.ghostysky.com\/fr\/wp-json\/wp\/v2\/types\/product"}],"replies":[{"embeddable":true,"href":"https:\/\/www.ghostysky.com\/fr\/wp-json\/wp\/v2\/comments?post=24141"}],"wp:featuredmedia":[{"embeddable":true,"href":"https:\/\/www.ghostysky.com\/fr\/wp-json\/wp\/v2\/media\/24142"}],"wp:attachment":[{"href":"https:\/\/www.ghostysky.com\/fr\/wp-json\/wp\/v2\/media?parent=24141"}],"wp:term":[{"taxonomy":"product_brand","embeddable":true,"href":"https:\/\/www.ghostysky.com\/fr\/wp-json\/wp\/v2\/product_brand?post=24141"},{"taxonomy":"product_cat","embeddable":true,"href":"https:\/\/www.ghostysky.com\/fr\/wp-json\/wp\/v2\/product_cat?post=24141"},{"taxonomy":"product_tag","embeddable":true,"href":"https:\/\/www.ghostysky.com\/fr\/wp-json\/wp\/v2\/product_tag?post=24141"}],"curies":[{"name":"wp","href":"https:\/\/api.w.org\/{rel}","templated":true}]}}