{"id":24145,"date":"2026-02-08T10:11:02","date_gmt":"2026-02-08T10:11:02","guid":{"rendered":"https:\/\/www.ghostysky.com\/?post_type=product&#038;p=24145"},"modified":"2026-02-08T10:20:59","modified_gmt":"2026-02-08T10:20:59","slug":"gdu-pdl-1k-dual-sensor-camera","status":"publish","type":"product","link":"https:\/\/www.ghostysky.com\/fr\/product\/gdu-pdl-1k-dual-sensor-camera\/","title":{"rendered":"Cam\u00e9ra \u00e0 double capteur GDU PDL-1K"},"content":{"rendered":"<h3 data-path-to-node=\"2\">Principales fonctionnalit\u00e9s et capacit\u00e9s<\/h3>\n<ul data-path-to-node=\"3\">\n<li>\n<p data-path-to-node=\"3,0,0\"><b data-path-to-node=\"3,0,0\" data-index-in-node=\"0\">Imagerie thermique ultra-haute r\u00e9solution 1K\u00a0:<\/b><span class=\"citation-317\"> Equip\u00e9 d&#039;un <\/span><b data-path-to-node=\"3,0,0\" data-index-in-node=\"58\"><span class=\"citation-317\">1280 \u00d7 1024<\/span><\/b><span class=\"citation-317 citation-end-317\"> Capteur infrarouge.<\/span> <span class=\"citation-316 citation-end-316\">Cette r\u00e9solution \u201c leader du secteur \u201d permet aux op\u00e9rateurs de d\u00e9tecter des anomalies thermiques minimes \u00e0 de plus grandes distances avec une clart\u00e9 bien sup\u00e9rieure \u00e0 celle des capteurs traditionnels 640 \u00d7 512.<\/span><\/p>\n<\/li>\n<li>\n<p data-path-to-node=\"3,1,0\"><b data-path-to-node=\"3,1,0\" data-index-in-node=\"0\"><span class=\"citation-315\">Cam\u00e9ra visible haute d\u00e9finition 48 MP\u00a0:<\/span><\/b><span class=\"citation-315\"> Comprend un <\/span><b data-path-to-node=\"3,1,0\" data-index-in-node=\"48\"><span class=\"citation-315\">Capteur CMOS de 1 pouce<\/span><\/b><span class=\"citation-315\"> capable de capturer des photos en 8K\/6K et <\/span><b data-path-to-node=\"3,1,0\" data-index-in-node=\"102\"><span class=\"citation-315\">Vid\u00e9o 4K \u00e0 30 images par seconde<\/span><\/b><span class=\"citation-315 citation-end-315\">.<\/span> Il supporte jusqu&#039;\u00e0 <b data-path-to-node=\"3,1,0\" data-index-in-node=\"139\">Zoom num\u00e9rique 16x<\/b> pour des inspections rapproch\u00e9es sans s&#039;approcher des structures dangereuses.<\/p>\n<\/li>\n<li>\n<p data-path-to-node=\"3,2,0\"><b data-path-to-node=\"3,2,0\" data-index-in-node=\"0\">Technologie de fusion \u00e0 double lumi\u00e8re\u00a0:<\/b><span class=\"citation-314 citation-end-314\"> La cam\u00e9ra peut superposer des donn\u00e9es thermiques \u00e0 des images en lumi\u00e8re visible (mode image dans l&#039;image ou fusion).<\/span> Cela cr\u00e9e une vue \u201c \u00e0 double canal \u201d, fournissant les donn\u00e9es thermiques du capteur infrarouge avec les contours nets et le contexte de la cam\u00e9ra visible.<\/p>\n<\/li>\n<li>\n<p data-path-to-node=\"3,3,0\"><b data-path-to-node=\"3,3,0\" data-index-in-node=\"0\">Mesure avanc\u00e9e de la temp\u00e9rature\u00a0:<\/b><span class=\"citation-313\"> Il est dot\u00e9 d&#039;un d\u00e9tecteur encapsul\u00e9 dans du m\u00e9tal avec une sensibilit\u00e9 de <\/span><b data-path-to-node=\"3,3,0\" data-index-in-node=\"95\"><span class=\"citation-313\">NETD \u2264 30 mK<\/span><\/b><span class=\"citation-313 citation-end-313\">.<\/span> <span class=\"citation-312\">Il prend en charge la mesure de temp\u00e9rature globale et r\u00e9gionale, avec une pr\u00e9cision de l&#039;ordre de <\/span><b data-path-to-node=\"3,3,0\" data-index-in-node=\"193\"><span class=\"citation-312\">\u00b12\u00b0C<\/span><\/b><span class=\"citation-312\"> ou <\/span><b data-path-to-node=\"3,3,0\" data-index-in-node=\"201\"><span class=\"citation-312\">\u00b12%<\/span><\/b><span class=\"citation-312 citation-end-312\">.<\/span><\/p>\n<\/li>\n<li>\n<p data-path-to-node=\"3,4,0\"><b data-path-to-node=\"3,4,0\" data-index-in-node=\"0\"><span class=\"citation-311\">Stabilisation sur 3 axes :<\/span><\/b><span class=\"citation-311\"> Un syst\u00e8me de nacelle de haute pr\u00e9cision assure des images stables m\u00eame lors de man\u0153uvres \u00e0 grande vitesse ou par temps venteux, avec une pr\u00e9cision de stabilisation de <\/span><b data-path-to-node=\"3,4,0\" data-index-in-node=\"166\"><span class=\"citation-311\">\u2264 0,01\u00b0<\/span><\/b><span class=\"citation-311 citation-end-311\">.<\/span><\/p>\n<p>&nbsp;<\/li>\n<\/ul>\n<h3 data-path-to-node=\"5\">Sp\u00e9cifications techniques<\/h3>\n<table data-path-to-node=\"6\">\n<thead>\n<tr>\n<td><strong>Fonctionnalit\u00e9<\/strong><\/td>\n<td><strong>Sp\u00e9cification<\/strong><\/td>\n<\/tr>\n<\/thead>\n<tbody>\n<tr>\n<td><span data-path-to-node=\"6,1,0,0\"><b data-path-to-node=\"6,1,0,0\" data-index-in-node=\"0\">R\u00e9solution thermique<\/b><\/span><\/td>\n<td><span data-path-to-node=\"6,1,1,0\">1280 \u00d7 1024 (1,3 m\u00e9gapixels)<\/span><\/td>\n<\/tr>\n<tr>\n<td><span data-path-to-node=\"6,2,0,0\"><b data-path-to-node=\"6,2,0,0\" data-index-in-node=\"0\">R\u00e9solution visible<\/b><\/span><\/td>\n<td><span data-path-to-node=\"6,2,1,0\">48 m\u00e9gapixels (CMOS 1 pouce)<\/span><\/td>\n<\/tr>\n<tr>\n<td><span data-path-to-node=\"6,3,0,0\"><b data-path-to-node=\"6,3,0,0\" data-index-in-node=\"0\">Champ de vision thermique<\/b><\/span><\/td>\n<td><span data-path-to-node=\"6,3,1,0\">57,5\u00b0 \u00d7 47,4\u00b0<\/span><\/td>\n<\/tr>\n<tr>\n<td><span data-path-to-node=\"6,4,0,0\"><b data-path-to-node=\"6,4,0,0\" data-index-in-node=\"0\">Zoom num\u00e9rique<\/b><\/span><\/td>\n<td><span data-path-to-node=\"6,4,1,0\">16x (visible) \/ 8x (infrarouge)<\/span><\/td>\n<\/tr>\n<tr>\n<td><span data-path-to-node=\"6,5,0,0\"><b data-path-to-node=\"6,5,0,0\" data-index-in-node=\"0\">Enregistrement vid\u00e9o<\/b><\/span><\/td>\n<td><span data-path-to-node=\"6,5,1,0\">4K \u00e0 30 images\/s (visible) \/ 1280 \u00d7 1024 \u00e0 30 images\/s (thermique)<\/span><\/td>\n<\/tr>\n<tr>\n<td><span data-path-to-node=\"6,6,0,0\"><b data-path-to-node=\"6,6,0,0\" data-index-in-node=\"0\">Plage de temp\u00e9rature<\/b><\/span><\/td>\n<td><span data-path-to-node=\"6,6,1,0\">-20\u00b0C \u00e0 150\u00b0C \/ 0\u00b0C \u00e0 550\u00b0C (Double gain)<\/span><\/td>\n<\/tr>\n<tr>\n<td><span data-path-to-node=\"6,7,0,0\"><b data-path-to-node=\"6,7,0,0\" data-index-in-node=\"0\">Poids<\/b><\/span><\/td>\n<td><span data-path-to-node=\"6,7,1,0\">~1200 g<\/span><\/td>\n<\/tr>\n<tr>\n<td><span data-path-to-node=\"6,8,0,0\"><b data-path-to-node=\"6,8,0,0\" data-index-in-node=\"0\">Compatibilit\u00e9<\/b><\/span><\/td>\n<td><span data-path-to-node=\"6,8,1,0\">Drones industriels GDU S400 et S400E<\/span><\/td>\n<\/tr>\n<\/tbody>\n<\/table>\n<p>&nbsp;<\/p>\n<h3 data-path-to-node=\"8\">Principaux cas d&#039;utilisation<\/h3>\n<ul data-path-to-node=\"9\">\n<li>\n<p data-path-to-node=\"9,0,0\"><b data-path-to-node=\"9,0,0\" data-index-in-node=\"0\"><span class=\"citation-310\">Inspection des r\u00e9seaux \u00e9lectriques et solaires\u00a0:<\/span><\/b><span class=\"citation-310 citation-end-310\"> Identification des \u201c points chauds \u201d dans les lignes et panneaux \u00e0 haute tension gr\u00e2ce \u00e0 une reconnaissance de d\u00e9fauts par IA de haute pr\u00e9cision.<\/span><\/p>\n<\/li>\n<li>\n<p data-path-to-node=\"9,1,0\"><b data-path-to-node=\"9,1,0\" data-index-in-node=\"0\">Recherche et sauvetage (SAR) :<\/b> La r\u00e9solution 1K \u00e9tend consid\u00e9rablement la port\u00e9e \u00e0 laquelle une signature thermique humaine peut \u00eatre identifi\u00e9e la nuit.<\/p>\n<\/li>\n<li>\n<p data-path-to-node=\"9,2,0\"><b data-path-to-node=\"9,2,0\" data-index-in-node=\"0\">Lutte contre les incendies :<\/b> P\u00e9n\u00e9trer la fum\u00e9e pour localiser le foyer d&#039;un incendie ou surveiller la progression du refroidissement sur les sites industriels.<\/p>\n<\/li>\n<li>\n<p data-path-to-node=\"9,3,0\"><b data-path-to-node=\"9,3,0\" data-index-in-node=\"0\">P\u00e9trole et gaz :<\/b> Surveillance des pipelines pour d\u00e9tecter les fuites ou v\u00e9rifier leur int\u00e9grit\u00e9 structurelle gr\u00e2ce \u00e0 l&#039;analyse des signatures thermiques.<\/p>\n<\/li>\n<\/ul>","protected":false},"excerpt":{"rendered":"<p><span class=\"citation-319\">Le <\/span><b data-path-to-node=\"0\" data-index-in-node=\"4\"><span class=\"citation-319\">GDU PDL-1K<\/span><\/b><span class=\"citation-319 citation-end-319\"> Il s&#039;agit d&#039;une cam\u00e9ra stabilis\u00e9e \u00e0 double capteur de qualit\u00e9 professionnelle, con\u00e7ue pour les op\u00e9rations de drones industriels, telles que l&#039;inspection des lignes \u00e9lectriques, la lutte contre les incendies et les op\u00e9rations de recherche et de sauvetage.<\/span> <span class=\"citation-318 citation-end-318\">Sa caract\u00e9ristique principale est son capteur thermique haute r\u00e9solution, qui offre quatre fois plus de d\u00e9tails que les cam\u00e9ras thermiques industrielles standard.<\/span><\/p>","protected":false},"featured_media":24146,"comment_status":"open","ping_status":"closed","template":"","meta":[],"product_brand":[1369],"product_cat":[29,1378,1363,1359],"product_tag":[1380,1375,1371],"class_list":{"0":"post-24145","1":"product","2":"type-product","3":"status-publish","4":"has-post-thumbnail","6":"product_brand-gdu-tech","7":"product_cat-drones","8":"product_cat-gdu-s400-payloads","9":"product_cat-gdu-s400-series","10":"product_cat-gdu-tech","11":"product_tag-gdu-s400-payloads","12":"product_tag-gdu-s400-series","13":"product_tag-gdu-tech","15":"first","16":"outofstock","17":"taxable","18":"shipping-taxable","19":"purchasable","20":"product-type-simple"},"yoast_head":"<!-- This site is optimized with the Yoast SEO plugin v27.4 - https:\/\/yoast.com\/product\/yoast-seo-wordpress\/ -->\n<title>GDU PDL-1K Dual sensor camera - Ghostysky<\/title>\n<meta name=\"description\" content=\"The GDU PDL-1K is a professional-grade, dual-sensor gimbal camera designed for industrial drone operations, such as power line inspections, firefighting, and search and rescue. Its standout feature is its high-resolution thermal sensor, which provides four times the detail of standard industrial thermal cameras.\" \/>\n<meta name=\"robots\" content=\"index, follow, max-snippet:-1, max-image-preview:large, max-video-preview:-1\" \/>\n<link rel=\"canonical\" href=\"https:\/\/www.ghostysky.com\/fr\/product\/gdu-pdl-1k-dual-sensor-camera\/\" \/>\n<meta property=\"og:locale\" content=\"fr_FR\" \/>\n<meta property=\"og:type\" content=\"article\" \/>\n<meta property=\"og:title\" content=\"GDU PDL-1K Dual sensor camera - Ghostysky\" \/>\n<meta property=\"og:description\" content=\"The GDU PDL-1K is a professional-grade, dual-sensor gimbal camera designed for industrial drone operations, such as power line inspections, firefighting, and search and rescue. Its standout feature is its high-resolution thermal sensor, which provides four times the detail of standard industrial thermal cameras.\" \/>\n<meta property=\"og:url\" content=\"https:\/\/www.ghostysky.com\/fr\/product\/gdu-pdl-1k-dual-sensor-camera\/\" \/>\n<meta property=\"og:site_name\" content=\"Ghostysky\" \/>\n<meta property=\"article:publisher\" content=\"https:\/\/www.facebook.com\/people\/Ghostysky\/100057676170234\/\" \/>\n<meta property=\"article:modified_time\" content=\"2026-02-08T10:20:59+00:00\" \/>\n<meta property=\"og:image\" content=\"https:\/\/www.ghostysky.com\/wp-content\/uploads\/2026\/02\/GH_GDU-PDL-1K-Dual-sensor-camera_1.webp\" \/>\n\t<meta property=\"og:image:width\" content=\"698\" \/>\n\t<meta property=\"og:image:height\" content=\"698\" \/>\n\t<meta property=\"og:image:type\" content=\"image\/webp\" \/>\n<meta name=\"twitter:card\" content=\"summary_large_image\" \/>\n<meta name=\"twitter:site\" content=\"@Gh0stysky\" \/>\n<meta name=\"twitter:label1\" content=\"Dur\u00e9e de lecture estim\u00e9e\" \/>\n\t<meta name=\"twitter:data1\" content=\"2 minutes\" \/>\n<script type=\"application\/ld+json\" class=\"yoast-schema-graph\">{\"@context\":\"https:\\\/\\\/schema.org\",\"@graph\":[{\"@type\":\"WebPage\",\"@id\":\"https:\\\/\\\/www.ghostysky.com\\\/product\\\/gdu-pdl-1k-dual-sensor-camera\\\/\",\"url\":\"https:\\\/\\\/www.ghostysky.com\\\/product\\\/gdu-pdl-1k-dual-sensor-camera\\\/\",\"name\":\"GDU PDL-1K Dual sensor camera - Ghostysky\",\"isPartOf\":{\"@id\":\"https:\\\/\\\/www.ghostysky.com\\\/#website\"},\"primaryImageOfPage\":{\"@id\":\"https:\\\/\\\/www.ghostysky.com\\\/product\\\/gdu-pdl-1k-dual-sensor-camera\\\/#primaryimage\"},\"image\":{\"@id\":\"https:\\\/\\\/www.ghostysky.com\\\/product\\\/gdu-pdl-1k-dual-sensor-camera\\\/#primaryimage\"},\"thumbnailUrl\":\"https:\\\/\\\/www.ghostysky.com\\\/wp-content\\\/uploads\\\/2026\\\/02\\\/GH_GDU-PDL-1K-Dual-sensor-camera_1.webp\",\"datePublished\":\"2026-02-08T10:11:02+00:00\",\"dateModified\":\"2026-02-08T10:20:59+00:00\",\"description\":\"The GDU PDL-1K is a professional-grade, dual-sensor gimbal camera designed for industrial drone operations, such as power line inspections, firefighting, and search and rescue. Its standout feature is its high-resolution thermal sensor, which provides four times the detail of standard industrial thermal cameras.\",\"breadcrumb\":{\"@id\":\"https:\\\/\\\/www.ghostysky.com\\\/product\\\/gdu-pdl-1k-dual-sensor-camera\\\/#breadcrumb\"},\"inLanguage\":\"fr-FR\",\"potentialAction\":[{\"@type\":\"ReadAction\",\"target\":[\"https:\\\/\\\/www.ghostysky.com\\\/product\\\/gdu-pdl-1k-dual-sensor-camera\\\/\"]}]},{\"@type\":\"ImageObject\",\"inLanguage\":\"fr-FR\",\"@id\":\"https:\\\/\\\/www.ghostysky.com\\\/product\\\/gdu-pdl-1k-dual-sensor-camera\\\/#primaryimage\",\"url\":\"https:\\\/\\\/www.ghostysky.com\\\/wp-content\\\/uploads\\\/2026\\\/02\\\/GH_GDU-PDL-1K-Dual-sensor-camera_1.webp\",\"contentUrl\":\"https:\\\/\\\/www.ghostysky.com\\\/wp-content\\\/uploads\\\/2026\\\/02\\\/GH_GDU-PDL-1K-Dual-sensor-camera_1.webp\",\"width\":698,\"height\":698},{\"@type\":\"BreadcrumbList\",\"@id\":\"https:\\\/\\\/www.ghostysky.com\\\/product\\\/gdu-pdl-1k-dual-sensor-camera\\\/#breadcrumb\",\"itemListElement\":[{\"@type\":\"ListItem\",\"position\":1,\"name\":\"Home\",\"item\":\"https:\\\/\\\/www.ghostysky.com\\\/\"},{\"@type\":\"ListItem\",\"position\":2,\"name\":\"Shop\",\"item\":\"https:\\\/\\\/www.ghostysky.com\\\/shop\\\/\"},{\"@type\":\"ListItem\",\"position\":3,\"name\":\"GDU PDL-1K Dual sensor camera\"}]},{\"@type\":\"WebSite\",\"@id\":\"https:\\\/\\\/www.ghostysky.com\\\/#website\",\"url\":\"https:\\\/\\\/www.ghostysky.com\\\/\",\"name\":\"Ghostysky\",\"description\":\"Delivering professional drones and robotics solutions\",\"publisher\":{\"@id\":\"https:\\\/\\\/www.ghostysky.com\\\/#organization\"},\"potentialAction\":[{\"@type\":\"SearchAction\",\"target\":{\"@type\":\"EntryPoint\",\"urlTemplate\":\"https:\\\/\\\/www.ghostysky.com\\\/?s={search_term_string}\"},\"query-input\":{\"@type\":\"PropertyValueSpecification\",\"valueRequired\":true,\"valueName\":\"search_term_string\"}}],\"inLanguage\":\"fr-FR\"},{\"@type\":\"Organization\",\"@id\":\"https:\\\/\\\/www.ghostysky.com\\\/#organization\",\"name\":\"Ghostysky\",\"url\":\"https:\\\/\\\/www.ghostysky.com\\\/\",\"logo\":{\"@type\":\"ImageObject\",\"inLanguage\":\"fr-FR\",\"@id\":\"https:\\\/\\\/www.ghostysky.com\\\/#\\\/schema\\\/logo\\\/image\\\/\",\"url\":\"https:\\\/\\\/www.ghostysky.com\\\/wp-content\\\/uploads\\\/2020\\\/06\\\/cropped-ghostyskylogo_text_white2.png\",\"contentUrl\":\"https:\\\/\\\/www.ghostysky.com\\\/wp-content\\\/uploads\\\/2020\\\/06\\\/cropped-ghostyskylogo_text_white2.png\",\"width\":169,\"height\":56,\"caption\":\"Ghostysky\"},\"image\":{\"@id\":\"https:\\\/\\\/www.ghostysky.com\\\/#\\\/schema\\\/logo\\\/image\\\/\"},\"sameAs\":[\"https:\\\/\\\/www.facebook.com\\\/people\\\/Ghostysky\\\/100057676170234\\\/\",\"https:\\\/\\\/x.com\\\/Gh0stysky\",\"https:\\\/\\\/www.linkedin.com\\\/company\\\/34739653\",\"https:\\\/\\\/www.instagram.com\\\/gh0stysky\"]}]}<\/script>\n<!-- \/ Yoast SEO plugin. -->","yoast_head_json":{"title":"Cam\u00e9ra \u00e0 double capteur GDU PDL-1K - Ghostysky","description":"La GDU PDL-1K est une cam\u00e9ra stabilis\u00e9e professionnelle \u00e0 double capteur con\u00e7ue pour les op\u00e9rations de drones industriels, telles que l&#039;inspection des lignes \u00e9lectriques, la lutte contre les incendies et les op\u00e9rations de recherche et de sauvetage. Son atout majeur r\u00e9side dans son capteur thermique haute r\u00e9solution, qui offre une r\u00e9solution quatre fois sup\u00e9rieure \u00e0 celle des cam\u00e9ras thermiques industrielles standard.","robots":{"index":"index","follow":"follow","max-snippet":"max-snippet:-1","max-image-preview":"max-image-preview:large","max-video-preview":"max-video-preview:-1"},"canonical":"https:\/\/www.ghostysky.com\/fr\/product\/gdu-pdl-1k-dual-sensor-camera\/","og_locale":"fr_FR","og_type":"article","og_title":"GDU PDL-1K Dual sensor camera - Ghostysky","og_description":"The GDU PDL-1K is a professional-grade, dual-sensor gimbal camera designed for industrial drone operations, such as power line inspections, firefighting, and search and rescue. Its standout feature is its high-resolution thermal sensor, which provides four times the detail of standard industrial thermal cameras.","og_url":"https:\/\/www.ghostysky.com\/fr\/product\/gdu-pdl-1k-dual-sensor-camera\/","og_site_name":"Ghostysky","article_publisher":"https:\/\/www.facebook.com\/people\/Ghostysky\/100057676170234\/","article_modified_time":"2026-02-08T10:20:59+00:00","og_image":[{"width":698,"height":698,"url":"https:\/\/www.ghostysky.com\/wp-content\/uploads\/2026\/02\/GH_GDU-PDL-1K-Dual-sensor-camera_1.webp","type":"image\/webp"}],"twitter_card":"summary_large_image","twitter_site":"@Gh0stysky","twitter_misc":{"Dur\u00e9e de lecture estim\u00e9e":"2 minutes"},"schema":{"@context":"https:\/\/schema.org","@graph":[{"@type":"WebPage","@id":"https:\/\/www.ghostysky.com\/product\/gdu-pdl-1k-dual-sensor-camera\/","url":"https:\/\/www.ghostysky.com\/product\/gdu-pdl-1k-dual-sensor-camera\/","name":"Cam\u00e9ra \u00e0 double capteur GDU PDL-1K - Ghostysky","isPartOf":{"@id":"https:\/\/www.ghostysky.com\/#website"},"primaryImageOfPage":{"@id":"https:\/\/www.ghostysky.com\/product\/gdu-pdl-1k-dual-sensor-camera\/#primaryimage"},"image":{"@id":"https:\/\/www.ghostysky.com\/product\/gdu-pdl-1k-dual-sensor-camera\/#primaryimage"},"thumbnailUrl":"https:\/\/www.ghostysky.com\/wp-content\/uploads\/2026\/02\/GH_GDU-PDL-1K-Dual-sensor-camera_1.webp","datePublished":"2026-02-08T10:11:02+00:00","dateModified":"2026-02-08T10:20:59+00:00","description":"La GDU PDL-1K est une cam\u00e9ra stabilis\u00e9e professionnelle \u00e0 double capteur con\u00e7ue pour les op\u00e9rations de drones industriels, telles que l&#039;inspection des lignes \u00e9lectriques, la lutte contre les incendies et les op\u00e9rations de recherche et de sauvetage. Son atout majeur r\u00e9side dans son capteur thermique haute r\u00e9solution, qui offre une r\u00e9solution quatre fois sup\u00e9rieure \u00e0 celle des cam\u00e9ras thermiques industrielles standard.","breadcrumb":{"@id":"https:\/\/www.ghostysky.com\/product\/gdu-pdl-1k-dual-sensor-camera\/#breadcrumb"},"inLanguage":"fr-FR","potentialAction":[{"@type":"ReadAction","target":["https:\/\/www.ghostysky.com\/product\/gdu-pdl-1k-dual-sensor-camera\/"]}]},{"@type":"ImageObject","inLanguage":"fr-FR","@id":"https:\/\/www.ghostysky.com\/product\/gdu-pdl-1k-dual-sensor-camera\/#primaryimage","url":"https:\/\/www.ghostysky.com\/wp-content\/uploads\/2026\/02\/GH_GDU-PDL-1K-Dual-sensor-camera_1.webp","contentUrl":"https:\/\/www.ghostysky.com\/wp-content\/uploads\/2026\/02\/GH_GDU-PDL-1K-Dual-sensor-camera_1.webp","width":698,"height":698},{"@type":"BreadcrumbList","@id":"https:\/\/www.ghostysky.com\/product\/gdu-pdl-1k-dual-sensor-camera\/#breadcrumb","itemListElement":[{"@type":"ListItem","position":1,"name":"Home","item":"https:\/\/www.ghostysky.com\/"},{"@type":"ListItem","position":2,"name":"Shop","item":"https:\/\/www.ghostysky.com\/shop\/"},{"@type":"ListItem","position":3,"name":"GDU PDL-1K Dual sensor camera"}]},{"@type":"WebSite","@id":"https:\/\/www.ghostysky.com\/#website","url":"https:\/\/www.ghostysky.com\/","name":"Ghostysky","description":"Fourniture de solutions professionnelles en mati\u00e8re de drones et de robotique","publisher":{"@id":"https:\/\/www.ghostysky.com\/#organization"},"potentialAction":[{"@type":"SearchAction","target":{"@type":"EntryPoint","urlTemplate":"https:\/\/www.ghostysky.com\/?s={search_term_string}"},"query-input":{"@type":"PropertyValueSpecification","valueRequired":true,"valueName":"search_term_string"}}],"inLanguage":"fr-FR"},{"@type":"Organization","@id":"https:\/\/www.ghostysky.com\/#organization","name":"Ghostysky","url":"https:\/\/www.ghostysky.com\/","logo":{"@type":"ImageObject","inLanguage":"fr-FR","@id":"https:\/\/www.ghostysky.com\/#\/schema\/logo\/image\/","url":"https:\/\/www.ghostysky.com\/wp-content\/uploads\/2020\/06\/cropped-ghostyskylogo_text_white2.png","contentUrl":"https:\/\/www.ghostysky.com\/wp-content\/uploads\/2020\/06\/cropped-ghostyskylogo_text_white2.png","width":169,"height":56,"caption":"Ghostysky"},"image":{"@id":"https:\/\/www.ghostysky.com\/#\/schema\/logo\/image\/"},"sameAs":["https:\/\/www.facebook.com\/people\/Ghostysky\/100057676170234\/","https:\/\/x.com\/Gh0stysky","https:\/\/www.linkedin.com\/company\/34739653","https:\/\/www.instagram.com\/gh0stysky"]}]}},"_links":{"self":[{"href":"https:\/\/www.ghostysky.com\/fr\/wp-json\/wp\/v2\/product\/24145","targetHints":{"allow":["GET"]}}],"collection":[{"href":"https:\/\/www.ghostysky.com\/fr\/wp-json\/wp\/v2\/product"}],"about":[{"href":"https:\/\/www.ghostysky.com\/fr\/wp-json\/wp\/v2\/types\/product"}],"replies":[{"embeddable":true,"href":"https:\/\/www.ghostysky.com\/fr\/wp-json\/wp\/v2\/comments?post=24145"}],"version-history":[{"count":0,"href":"https:\/\/www.ghostysky.com\/fr\/wp-json\/wp\/v2\/product\/24145\/revisions"}],"wp:featuredmedia":[{"embeddable":true,"href":"https:\/\/www.ghostysky.com\/fr\/wp-json\/wp\/v2\/media\/24146"}],"wp:attachment":[{"href":"https:\/\/www.ghostysky.com\/fr\/wp-json\/wp\/v2\/media?parent=24145"}],"wp:term":[{"taxonomy":"product_brand","embeddable":true,"href":"https:\/\/www.ghostysky.com\/fr\/wp-json\/wp\/v2\/product_brand?post=24145"},{"taxonomy":"product_cat","embeddable":true,"href":"https:\/\/www.ghostysky.com\/fr\/wp-json\/wp\/v2\/product_cat?post=24145"},{"taxonomy":"product_tag","embeddable":true,"href":"https:\/\/www.ghostysky.com\/fr\/wp-json\/wp\/v2\/product_tag?post=24145"}],"curies":[{"name":"wp","href":"https:\/\/api.w.org\/{rel}","templated":true}]}}