{"id":24156,"date":"2026-02-08T10:48:02","date_gmt":"2026-02-08T10:48:02","guid":{"rendered":"https:\/\/www.ghostysky.com\/?post_type=product&#038;p=24156"},"modified":"2026-02-08T11:32:38","modified_gmt":"2026-02-08T11:32:38","slug":"gdu-amm01-multi-payload-mount","status":"publish","type":"product","link":"https:\/\/www.ghostysky.com\/fr\/product\/gdu-amm01-multi-payload-mount\/","title":{"rendered":"Support multicharge utile GDU AMM01"},"content":{"rendered":"<h3 data-path-to-node=\"2\">Principales caract\u00e9ristiques et fonctionnalit\u00e9s<\/h3>\n<h3 data-path-to-node=\"3\">1. Capacit\u00e9 de double charge utile<\/h3>\n<p data-path-to-node=\"4\">L&#039;AMM01 sert de pont permettant au S400E de transporter et de contr\u00f4ler <b data-path-to-node=\"4\" data-index-in-node=\"71\">deux charges utiles ind\u00e9pendantes<\/b> simultan\u00e9ment. Cela \u00e9limine la n\u00e9cessit\u00e9 d&#039;effectuer plusieurs vols pour recueillir diff\u00e9rents types de donn\u00e9es (par exemple, thermiques et LiDAR).<\/p>\n<h3 data-path-to-node=\"5\">2. Support de charge utile \u00e9lev\u00e9e<\/h3>\n<p data-path-to-node=\"6\">Sp\u00e9cialement con\u00e7u pour supporter la puissance de levage \u00e9lev\u00e9e du S400E, le support permet au drone de supporter une charge externe maximale allant jusqu&#039;\u00e0 <b data-path-to-node=\"6\" data-index-in-node=\"133\">3 kg<\/b>. Cela le rend compatible avec les capteurs lourds, notamment\u00a0:<\/p>\n<ul data-path-to-node=\"7\">\n<li>\n<p data-path-to-node=\"7,0,0\"><b data-path-to-node=\"7,0,0\" data-index-in-node=\"0\">Cam\u00e9ras \u00e0 quatre capteurs PQL01\/PQL02<\/b> (Grand angle + Zoom + Thermique + T\u00e9l\u00e9m\u00e8tre laser)<\/p>\n<\/li>\n<li>\n<p data-path-to-node=\"7,1,0\"><b data-path-to-node=\"7,1,0\" data-index-in-node=\"0\"><span class=\"citation-381 citation-end-381\">Scanners LiDAR PLI01<\/span><\/b><\/p>\n<\/li>\n<li>\n<p data-path-to-node=\"7,2,0\"><b data-path-to-node=\"7,2,0\" data-index-in-node=\"0\"><span class=\"citation-380 citation-end-380\">Cam\u00e9ras \u00e0 double capteur PDL-1K\/300<\/span><\/b><\/p>\n<\/li>\n<li>\n<p data-path-to-node=\"7,3,0\"><b data-path-to-node=\"7,3,0\" data-index-in-node=\"0\">Outils sp\u00e9cialis\u00e9s<\/b> comme des m\u00e9gaphones ou des projecteurs.<\/p>\n<\/li>\n<\/ul>\n<h3 data-path-to-node=\"8\">3. Alimentation et donn\u00e9es int\u00e9gr\u00e9es<\/h3>\n<p data-path-to-node=\"9\">Le support n&#039;est pas qu&#039;un simple support physique ; il comporte un <b data-path-to-node=\"9\" data-index-in-node=\"57\">c\u00e2ble d&#039;alimentation int\u00e9gr\u00e9<\/b> qui se branche sur le port d&#039;alimentation externe du S400E. Cela permet\u00a0:<\/p>\n<ul data-path-to-node=\"10\">\n<li>\n<p data-path-to-node=\"10,0,0\">Alimentation directe des deux charges utiles \u00e0 partir de la batterie principale du drone.<\/p>\n<\/li>\n<li>\n<p data-path-to-node=\"10,1,0\">Transmission de donn\u00e9es sans interruption vers l&#039;application GDU Flight II pour une surveillance en temps r\u00e9el des deux flux.<\/p>\n<\/li>\n<\/ul>\n<h3 data-path-to-node=\"11\">4. Construction industrielle robuste<\/h3>\n<p data-path-to-node=\"12\">Conform\u00e9ment \u00e0 l&#039;indice de protection IP45 du S400E, l&#039;AMM01 est construit avec des mat\u00e9riaux de qualit\u00e9 a\u00e9ronautique (probablement un alliage de magn\u00e9sium ou d&#039;aluminium) pour garantir stabilit\u00e9 et durabilit\u00e9 dans des conditions m\u00e9t\u00e9orologiques difficiles.<\/p>\n<h3 data-path-to-node=\"14\">Sp\u00e9cifications techniques (en un coup d&#039;\u0153il)<\/h3>\n<table data-path-to-node=\"15\">\n<thead>\n<tr>\n<td><strong>Fonctionnalit\u00e9<\/strong><\/td>\n<td><strong>D\u00e9tails<\/strong><\/td>\n<\/tr>\n<\/thead>\n<tbody>\n<tr>\n<td><span data-path-to-node=\"15,1,0,0\"><b data-path-to-node=\"15,1,0,0\" data-index-in-node=\"0\">Compatibilit\u00e9<\/b><\/span><\/td>\n<td><span data-path-to-node=\"15,1,1,0\">S\u00e9rie GDU S400E<\/span><\/td>\n<\/tr>\n<tr>\n<td><span data-path-to-node=\"15,2,0,0\"><b data-path-to-node=\"15,2,0,0\" data-index-in-node=\"0\">Type de montage<\/b><\/span><\/td>\n<td><span data-path-to-node=\"15,2,1,0\">Interface \u00e0 double cardan vers le bas<\/span><\/td>\n<\/tr>\n<tr>\n<td><span data-path-to-node=\"15,3,0,0\"><b data-path-to-node=\"15,3,0,0\" data-index-in-node=\"0\">Charge combin\u00e9e maximale<\/b><\/span><\/td>\n<td><span data-path-to-node=\"15,3,1,0\">3 kg (limite pour les a\u00e9ronefs)<\/span><\/td>\n<\/tr>\n<tr>\n<td><span data-path-to-node=\"15,4,0,0\"><b data-path-to-node=\"15,4,0,0\" data-index-in-node=\"0\">Connectivit\u00e9<\/b><\/span><\/td>\n<td><span data-path-to-node=\"15,4,1,0\">Bague rotative \u00e0 d\u00e9gagement rapide avec c\u00e2ble d&#039;alimentation externe<\/span><\/td>\n<\/tr>\n<tr>\n<td><span data-path-to-node=\"15,5,0,0\"><b data-path-to-node=\"15,5,0,0\" data-index-in-node=\"0\">Mat\u00e9riel<\/b><\/span><\/td>\n<td><span data-path-to-node=\"15,5,1,0\">Alliage industriel l\u00e9ger et \u00e0 haute r\u00e9sistance<\/span><\/td>\n<\/tr>\n<\/tbody>\n<\/table>\n<p>&nbsp;<\/p>\n<h3 data-path-to-node=\"17\">Installation et utilisation<\/h3>\n<p data-path-to-node=\"18\">Le support utilise un <b data-path-to-node=\"18\" data-index-in-node=\"17\">m\u00e9canisme de d\u00e9gagement rapide<\/b> pour une efficacit\u00e9 optimale sur le terrain :<\/p>\n<ol start=\"1\" data-path-to-node=\"19\">\n<li>\n<p data-path-to-node=\"19,0,0\"><b data-path-to-node=\"19,0,0\" data-index-in-node=\"0\">Alignement:<\/b> Alignez le point rouge sur l&#039;AMM01 avec l&#039;interface de charge utile du drone.<\/p>\n<\/li>\n<li>\n<p data-path-to-node=\"19,1,0\"><b data-path-to-node=\"19,1,0\" data-index-in-node=\"0\">Verrouillage:<\/b> Appuyez sur la bague de verrouillage et faites-la pivoter de 90\u00b0 dans le sens horaire jusqu&#039;\u00e0 ce qu&#039;elle s&#039;enclenche.<\/p>\n<\/li>\n<li>\n<p data-path-to-node=\"19,2,0\"><b data-path-to-node=\"19,2,0\" data-index-in-node=\"0\">Alimentation :<\/b> Raccordez le c\u00e2ble int\u00e9gr\u00e9 au port d&#039;alimentation de l&#039;a\u00e9ronef pour activer les capteurs \u00e0 double montage.<\/p>\n<\/li>\n<\/ol>\n<blockquote data-path-to-node=\"20\">\n<p data-path-to-node=\"20,0\"><b data-path-to-node=\"20,0\" data-index-in-node=\"0\"><span class=\"citation-379\">Note:<\/span><\/b><span class=\"citation-379\"> Lors de vols avec une charge utile maximale via l&#039;AMM01, il est recommand\u00e9 de maintenir les vitesses de vol en dessous de <\/span><b data-path-to-node=\"20,0\" data-index-in-node=\"101\"><span class=\"citation-379\">15 m\/s<\/span><\/b><span class=\"citation-379 citation-end-379\"> pour garantir une stabilit\u00e9 optimale du cardan et la s\u00e9curit\u00e9 de l&#039;a\u00e9ronef.<\/span><\/p>\n<\/blockquote>","protected":false},"excerpt":{"rendered":"<p><span class=\"citation-382\">Le <\/span><b data-path-to-node=\"0\" data-index-in-node=\"4\"><span class=\"citation-382\">Support multicharge utile GDU AMM01<\/span><\/b><span class=\"citation-382\"> est un accessoire d&#039;extension sp\u00e9cialis\u00e9 con\u00e7u pour le <\/span><b data-path-to-node=\"0\" data-index-in-node=\"88\"><span class=\"citation-382\">GDU S400E<\/span><\/b><span class=\"citation-382 citation-end-382\"> Drone industriel.<\/span> Il transforme la nacelle unique du drone en un syst\u00e8me \u00e0 double port, permettant aux op\u00e9rateurs de d\u00e9ployer simultan\u00e9ment plusieurs capteurs pour des missions complexes telles que la recherche et le sauvetage, l&#039;inspection des lignes \u00e9lectriques et la surveillance environnementale.<\/p>","protected":false},"featured_media":24166,"comment_status":"open","ping_status":"closed","template":"","meta":[],"product_brand":[1369],"product_cat":[29,1363,1365,1359],"product_tag":[1375,1377,1371],"class_list":{"0":"post-24156","1":"product","2":"type-product","3":"status-publish","4":"has-post-thumbnail","6":"product_brand-gdu-tech","7":"product_cat-drones","8":"product_cat-gdu-s400-series","9":"product_cat-gdu-s400-series-accessories","10":"product_cat-gdu-tech","11":"product_tag-gdu-s400-series","12":"product_tag-gdu-s400-series-accessories","13":"product_tag-gdu-tech","15":"first","16":"outofstock","17":"taxable","18":"shipping-taxable","19":"purchasable","20":"product-type-simple"},"yoast_head":"<!-- This site is optimized with the Yoast SEO plugin v27.1.1 - https:\/\/yoast.com\/product\/yoast-seo-wordpress\/ -->\n<title>GDU AMM01 Multi-Payload Mount - Ghostysky<\/title>\n<meta name=\"description\" content=\"The GDU AMM01 Multi-Payload Mount is a specialized expansion accessory designed for the GDU S400E industrial drone. It transforms the drone\u2019s single gimbal capability into a dual-port system, allowing operators to deploy multiple sensors simultaneously for complex missions like search and rescue, power line inspection, and environmental monitoring.\" \/>\n<meta name=\"robots\" content=\"index, follow, max-snippet:-1, max-image-preview:large, max-video-preview:-1\" \/>\n<link rel=\"canonical\" href=\"https:\/\/www.ghostysky.com\/fr\/product\/gdu-amm01-multi-payload-mount\/\" \/>\n<meta property=\"og:locale\" content=\"fr_FR\" \/>\n<meta property=\"og:type\" content=\"article\" \/>\n<meta property=\"og:title\" content=\"GDU AMM01 Multi-Payload Mount - Ghostysky\" \/>\n<meta property=\"og:description\" content=\"The GDU AMM01 Multi-Payload Mount is a specialized expansion accessory designed for the GDU S400E industrial drone. It transforms the drone\u2019s single gimbal capability into a dual-port system, allowing operators to deploy multiple sensors simultaneously for complex missions like search and rescue, power line inspection, and environmental monitoring.\" \/>\n<meta property=\"og:url\" content=\"https:\/\/www.ghostysky.com\/fr\/product\/gdu-amm01-multi-payload-mount\/\" \/>\n<meta property=\"og:site_name\" content=\"Ghostysky\" \/>\n<meta property=\"article:publisher\" content=\"https:\/\/www.facebook.com\/people\/Ghostysky\/100057676170234\/\" \/>\n<meta property=\"article:modified_time\" content=\"2026-02-08T11:32:38+00:00\" \/>\n<meta property=\"og:image\" content=\"https:\/\/www.ghostysky.com\/wp-content\/uploads\/2026\/02\/GH_AMM01_1.webp\" \/>\n\t<meta property=\"og:image:width\" content=\"1200\" \/>\n\t<meta property=\"og:image:height\" content=\"1200\" \/>\n\t<meta property=\"og:image:type\" content=\"image\/webp\" \/>\n<meta name=\"twitter:card\" content=\"summary_large_image\" \/>\n<meta name=\"twitter:site\" content=\"@Gh0stysky\" \/>\n<meta name=\"twitter:label1\" content=\"Dur\u00e9e de lecture estim\u00e9e\" \/>\n\t<meta name=\"twitter:data1\" content=\"2 minutes\" \/>\n<script type=\"application\/ld+json\" class=\"yoast-schema-graph\">{\"@context\":\"https:\/\/schema.org\",\"@graph\":[{\"@type\":\"WebPage\",\"@id\":\"https:\/\/www.ghostysky.com\/product\/gdu-amm01-multi-payload-mount\/\",\"url\":\"https:\/\/www.ghostysky.com\/product\/gdu-amm01-multi-payload-mount\/\",\"name\":\"GDU AMM01 Multi-Payload Mount - Ghostysky\",\"isPartOf\":{\"@id\":\"https:\/\/www.ghostysky.com\/#website\"},\"primaryImageOfPage\":{\"@id\":\"https:\/\/www.ghostysky.com\/product\/gdu-amm01-multi-payload-mount\/#primaryimage\"},\"image\":{\"@id\":\"https:\/\/www.ghostysky.com\/product\/gdu-amm01-multi-payload-mount\/#primaryimage\"},\"thumbnailUrl\":\"https:\/\/www.ghostysky.com\/wp-content\/uploads\/2026\/02\/GH_AMM01_1.webp\",\"datePublished\":\"2026-02-08T10:48:02+00:00\",\"dateModified\":\"2026-02-08T11:32:38+00:00\",\"description\":\"The GDU AMM01 Multi-Payload Mount is a specialized expansion accessory designed for the GDU S400E industrial drone. It transforms the drone\u2019s single gimbal capability into a dual-port system, allowing operators to deploy multiple sensors simultaneously for complex missions like search and rescue, power line inspection, and environmental monitoring.\",\"breadcrumb\":{\"@id\":\"https:\/\/www.ghostysky.com\/product\/gdu-amm01-multi-payload-mount\/#breadcrumb\"},\"inLanguage\":\"fr-FR\",\"potentialAction\":[{\"@type\":\"ReadAction\",\"target\":[\"https:\/\/www.ghostysky.com\/product\/gdu-amm01-multi-payload-mount\/\"]}]},{\"@type\":\"ImageObject\",\"inLanguage\":\"fr-FR\",\"@id\":\"https:\/\/www.ghostysky.com\/product\/gdu-amm01-multi-payload-mount\/#primaryimage\",\"url\":\"https:\/\/www.ghostysky.com\/wp-content\/uploads\/2026\/02\/GH_AMM01_1.webp\",\"contentUrl\":\"https:\/\/www.ghostysky.com\/wp-content\/uploads\/2026\/02\/GH_AMM01_1.webp\",\"width\":1200,\"height\":1200},{\"@type\":\"BreadcrumbList\",\"@id\":\"https:\/\/www.ghostysky.com\/product\/gdu-amm01-multi-payload-mount\/#breadcrumb\",\"itemListElement\":[{\"@type\":\"ListItem\",\"position\":1,\"name\":\"Home\",\"item\":\"https:\/\/www.ghostysky.com\/\"},{\"@type\":\"ListItem\",\"position\":2,\"name\":\"Shop\",\"item\":\"https:\/\/www.ghostysky.com\/shop\/\"},{\"@type\":\"ListItem\",\"position\":3,\"name\":\"GDU AMM01 Multi-Payload Mount\"}]},{\"@type\":\"WebSite\",\"@id\":\"https:\/\/www.ghostysky.com\/#website\",\"url\":\"https:\/\/www.ghostysky.com\/\",\"name\":\"Ghostysky\",\"description\":\"Delivering professional drones and services\",\"publisher\":{\"@id\":\"https:\/\/www.ghostysky.com\/#organization\"},\"potentialAction\":[{\"@type\":\"SearchAction\",\"target\":{\"@type\":\"EntryPoint\",\"urlTemplate\":\"https:\/\/www.ghostysky.com\/?s={search_term_string}\"},\"query-input\":{\"@type\":\"PropertyValueSpecification\",\"valueRequired\":true,\"valueName\":\"search_term_string\"}}],\"inLanguage\":\"fr-FR\"},{\"@type\":\"Organization\",\"@id\":\"https:\/\/www.ghostysky.com\/#organization\",\"name\":\"Ghostysky\",\"url\":\"https:\/\/www.ghostysky.com\/\",\"logo\":{\"@type\":\"ImageObject\",\"inLanguage\":\"fr-FR\",\"@id\":\"https:\/\/www.ghostysky.com\/#\/schema\/logo\/image\/\",\"url\":\"https:\/\/www.ghostysky.com\/wp-content\/uploads\/2020\/06\/cropped-ghostyskylogo_text_white2.png\",\"contentUrl\":\"https:\/\/www.ghostysky.com\/wp-content\/uploads\/2020\/06\/cropped-ghostyskylogo_text_white2.png\",\"width\":169,\"height\":56,\"caption\":\"Ghostysky\"},\"image\":{\"@id\":\"https:\/\/www.ghostysky.com\/#\/schema\/logo\/image\/\"},\"sameAs\":[\"https:\/\/www.facebook.com\/people\/Ghostysky\/100057676170234\/\",\"https:\/\/x.com\/Gh0stysky\",\"https:\/\/www.linkedin.com\/company\/34739653\",\"https:\/\/www.instagram.com\/gh0stysky\"]}]}<\/script>\n<!-- \/ Yoast SEO plugin. -->","yoast_head_json":{"title":"Support multicharge utile GDU AMM01 - Ghostysky","description":"Le support multi-charge utile GDU AMM01 est un accessoire d&#039;extension sp\u00e9cialis\u00e9 con\u00e7u pour le drone industriel GDU S400E. Il transforme la nacelle unique du drone en un syst\u00e8me \u00e0 double port, permettant aux op\u00e9rateurs de d\u00e9ployer simultan\u00e9ment plusieurs capteurs pour des missions complexes telles que la recherche et le sauvetage, l&#039;inspection des lignes \u00e9lectriques et la surveillance environnementale.","robots":{"index":"index","follow":"follow","max-snippet":"max-snippet:-1","max-image-preview":"max-image-preview:large","max-video-preview":"max-video-preview:-1"},"canonical":"https:\/\/www.ghostysky.com\/fr\/product\/gdu-amm01-multi-payload-mount\/","og_locale":"fr_FR","og_type":"article","og_title":"GDU AMM01 Multi-Payload Mount - Ghostysky","og_description":"The GDU AMM01 Multi-Payload Mount is a specialized expansion accessory designed for the GDU S400E industrial drone. It transforms the drone\u2019s single gimbal capability into a dual-port system, allowing operators to deploy multiple sensors simultaneously for complex missions like search and rescue, power line inspection, and environmental monitoring.","og_url":"https:\/\/www.ghostysky.com\/fr\/product\/gdu-amm01-multi-payload-mount\/","og_site_name":"Ghostysky","article_publisher":"https:\/\/www.facebook.com\/people\/Ghostysky\/100057676170234\/","article_modified_time":"2026-02-08T11:32:38+00:00","og_image":[{"width":1200,"height":1200,"url":"https:\/\/www.ghostysky.com\/wp-content\/uploads\/2026\/02\/GH_AMM01_1.webp","type":"image\/webp"}],"twitter_card":"summary_large_image","twitter_site":"@Gh0stysky","twitter_misc":{"Dur\u00e9e de lecture estim\u00e9e":"2 minutes"},"schema":{"@context":"https:\/\/schema.org","@graph":[{"@type":"WebPage","@id":"https:\/\/www.ghostysky.com\/product\/gdu-amm01-multi-payload-mount\/","url":"https:\/\/www.ghostysky.com\/product\/gdu-amm01-multi-payload-mount\/","name":"Support multicharge utile GDU AMM01 - Ghostysky","isPartOf":{"@id":"https:\/\/www.ghostysky.com\/#website"},"primaryImageOfPage":{"@id":"https:\/\/www.ghostysky.com\/product\/gdu-amm01-multi-payload-mount\/#primaryimage"},"image":{"@id":"https:\/\/www.ghostysky.com\/product\/gdu-amm01-multi-payload-mount\/#primaryimage"},"thumbnailUrl":"https:\/\/www.ghostysky.com\/wp-content\/uploads\/2026\/02\/GH_AMM01_1.webp","datePublished":"2026-02-08T10:48:02+00:00","dateModified":"2026-02-08T11:32:38+00:00","description":"Le support multi-charge utile GDU AMM01 est un accessoire d&#039;extension sp\u00e9cialis\u00e9 con\u00e7u pour le drone industriel GDU S400E. Il transforme la nacelle unique du drone en un syst\u00e8me \u00e0 double port, permettant aux op\u00e9rateurs de d\u00e9ployer simultan\u00e9ment plusieurs capteurs pour des missions complexes telles que la recherche et le sauvetage, l&#039;inspection des lignes \u00e9lectriques et la surveillance environnementale.","breadcrumb":{"@id":"https:\/\/www.ghostysky.com\/product\/gdu-amm01-multi-payload-mount\/#breadcrumb"},"inLanguage":"fr-FR","potentialAction":[{"@type":"ReadAction","target":["https:\/\/www.ghostysky.com\/product\/gdu-amm01-multi-payload-mount\/"]}]},{"@type":"ImageObject","inLanguage":"fr-FR","@id":"https:\/\/www.ghostysky.com\/product\/gdu-amm01-multi-payload-mount\/#primaryimage","url":"https:\/\/www.ghostysky.com\/wp-content\/uploads\/2026\/02\/GH_AMM01_1.webp","contentUrl":"https:\/\/www.ghostysky.com\/wp-content\/uploads\/2026\/02\/GH_AMM01_1.webp","width":1200,"height":1200},{"@type":"BreadcrumbList","@id":"https:\/\/www.ghostysky.com\/product\/gdu-amm01-multi-payload-mount\/#breadcrumb","itemListElement":[{"@type":"ListItem","position":1,"name":"Home","item":"https:\/\/www.ghostysky.com\/"},{"@type":"ListItem","position":2,"name":"Shop","item":"https:\/\/www.ghostysky.com\/shop\/"},{"@type":"ListItem","position":3,"name":"GDU AMM01 Multi-Payload Mount"}]},{"@type":"WebSite","@id":"https:\/\/www.ghostysky.com\/#website","url":"https:\/\/www.ghostysky.com\/","name":"Ghostysky","description":"Livraison de drones et de services professionnels","publisher":{"@id":"https:\/\/www.ghostysky.com\/#organization"},"potentialAction":[{"@type":"SearchAction","target":{"@type":"EntryPoint","urlTemplate":"https:\/\/www.ghostysky.com\/?s={search_term_string}"},"query-input":{"@type":"PropertyValueSpecification","valueRequired":true,"valueName":"search_term_string"}}],"inLanguage":"fr-FR"},{"@type":"Organization","@id":"https:\/\/www.ghostysky.com\/#organization","name":"Ghostysky","url":"https:\/\/www.ghostysky.com\/","logo":{"@type":"ImageObject","inLanguage":"fr-FR","@id":"https:\/\/www.ghostysky.com\/#\/schema\/logo\/image\/","url":"https:\/\/www.ghostysky.com\/wp-content\/uploads\/2020\/06\/cropped-ghostyskylogo_text_white2.png","contentUrl":"https:\/\/www.ghostysky.com\/wp-content\/uploads\/2020\/06\/cropped-ghostyskylogo_text_white2.png","width":169,"height":56,"caption":"Ghostysky"},"image":{"@id":"https:\/\/www.ghostysky.com\/#\/schema\/logo\/image\/"},"sameAs":["https:\/\/www.facebook.com\/people\/Ghostysky\/100057676170234\/","https:\/\/x.com\/Gh0stysky","https:\/\/www.linkedin.com\/company\/34739653","https:\/\/www.instagram.com\/gh0stysky"]}]}},"_links":{"self":[{"href":"https:\/\/www.ghostysky.com\/fr\/wp-json\/wp\/v2\/product\/24156","targetHints":{"allow":["GET"]}}],"collection":[{"href":"https:\/\/www.ghostysky.com\/fr\/wp-json\/wp\/v2\/product"}],"about":[{"href":"https:\/\/www.ghostysky.com\/fr\/wp-json\/wp\/v2\/types\/product"}],"replies":[{"embeddable":true,"href":"https:\/\/www.ghostysky.com\/fr\/wp-json\/wp\/v2\/comments?post=24156"}],"wp:featuredmedia":[{"embeddable":true,"href":"https:\/\/www.ghostysky.com\/fr\/wp-json\/wp\/v2\/media\/24166"}],"wp:attachment":[{"href":"https:\/\/www.ghostysky.com\/fr\/wp-json\/wp\/v2\/media?parent=24156"}],"wp:term":[{"taxonomy":"product_brand","embeddable":true,"href":"https:\/\/www.ghostysky.com\/fr\/wp-json\/wp\/v2\/product_brand?post=24156"},{"taxonomy":"product_cat","embeddable":true,"href":"https:\/\/www.ghostysky.com\/fr\/wp-json\/wp\/v2\/product_cat?post=24156"},{"taxonomy":"product_tag","embeddable":true,"href":"https:\/\/www.ghostysky.com\/fr\/wp-json\/wp\/v2\/product_tag?post=24156"}],"curies":[{"name":"wp","href":"https:\/\/api.w.org\/{rel}","templated":true}]}}