{"id":24259,"date":"2026-02-24T15:52:00","date_gmt":"2026-02-24T15:52:00","guid":{"rendered":"https:\/\/www.ghostysky.com\/?post_type=product&#038;p=24259"},"modified":"2026-02-24T15:52:42","modified_gmt":"2026-02-24T15:52:42","slug":"brainco-revo2-basic","status":"publish","type":"product","link":"https:\/\/www.ghostysky.com\/fr\/product\/brainco-revo2-basic\/","title":{"rendered":"BrainCo Revo2 Basic"},"content":{"rendered":"<h2 data-path-to-node=\"3\">Principales caract\u00e9ristiques et sp\u00e9cifications<\/h2>\n<table data-path-to-node=\"4\">\n<thead>\n<tr>\n<td><strong>Fonctionnalit\u00e9<\/strong><\/td>\n<td><strong>Sp\u00e9cification<\/strong><\/td>\n<\/tr>\n<\/thead>\n<tbody>\n<tr>\n<td><span data-path-to-node=\"4,1,0,0\"><b data-path-to-node=\"4,1,0,0\" data-index-in-node=\"0\">Poids<\/b><\/span><\/td>\n<td><span data-path-to-node=\"4,1,1,0\">383 g (Poids approximatif de 6 \u0153ufs)<\/span><\/td>\n<\/tr>\n<tr>\n<td><span data-path-to-node=\"4,2,0,0\"><b data-path-to-node=\"4,2,0,0\" data-index-in-node=\"0\">Dimensions<\/b><\/span><\/td>\n<td><span data-path-to-node=\"4,2,1,0\">160 mm (hauteur) x 76 mm (largeur)<\/span><\/td>\n<\/tr>\n<tr>\n<td><span data-path-to-node=\"4,3,0,0\"><b data-path-to-node=\"4,3,0,0\" data-index-in-node=\"0\">Degr\u00e9s de libert\u00e9 (DoF)<\/b><\/span><\/td>\n<td><span data-path-to-node=\"4,3,1,0\">6 (Actif)<\/span><\/td>\n<\/tr>\n<tr>\n<td><span data-path-to-node=\"4,4,0,0\"><b data-path-to-node=\"4,4,0,0\" data-index-in-node=\"0\">Articulations totales<\/b><\/span><\/td>\n<td><span data-path-to-node=\"4,4,1,0\">11<\/span><\/td>\n<\/tr>\n<tr>\n<td><span data-path-to-node=\"4,5,0,0\"><b data-path-to-node=\"4,5,0,0\" data-index-in-node=\"0\">Force de pr\u00e9hension<\/b><\/span><\/td>\n<td><span data-path-to-node=\"4,5,1,0\"><span class=\"math-inline\" data-math=\"\\geq 50\\text{N}\" data-index-in-node=\"0\">\u2265 50N<\/span>\u00a0(Main enti\u00e8re)<\/span><\/td>\n<\/tr>\n<tr>\n<td><span data-path-to-node=\"4,6,0,0\"><b data-path-to-node=\"4,6,0,0\" data-index-in-node=\"0\">Force de pincement<\/b><\/span><\/td>\n<td><span data-path-to-node=\"4,6,1,0\"><span class=\"math-inline\" data-math=\"\\geq 15\\text{N}\" data-index-in-node=\"0\">&gt;= 15N<\/span>\u00a0(Un seul doigt)<\/span><\/td>\n<\/tr>\n<tr>\n<td><span data-path-to-node=\"4,7,0,0\"><b data-path-to-node=\"4,7,0,0\" data-index-in-node=\"0\">Charge statique\/Charge utile<\/b><\/span><\/td>\n<td><span data-path-to-node=\"4,7,1,0\"><span class=\"math-inline\" data-math=\"\\geq 20\\text{kg}\" data-index-in-node=\"0\">\u2265 20 kg<\/span><\/span><\/td>\n<\/tr>\n<tr>\n<td><span data-path-to-node=\"4,8,0,0\"><b data-path-to-node=\"4,8,0,0\" data-index-in-node=\"0\">Pr\u00e9cision de r\u00e9p\u00e9tition<\/b><\/span><\/td>\n<td><span data-path-to-node=\"4,8,1,0\"><span class=\"math-inline\" data-math=\"0.1^\\circ\" data-index-in-node=\"0\">0,1\u00ba<\/span><\/span><\/td>\n<\/tr>\n<tr>\n<td><span data-path-to-node=\"4,9,0,0\"><b data-path-to-node=\"4,9,0,0\" data-index-in-node=\"0\">Niveau sonore<\/b><\/span><\/td>\n<td><span data-path-to-node=\"4,9,1,0\"><span class=\"math-inline\" data-math=\"\\leq 50\\text{dB}\" data-index-in-node=\"0\">\u2264 50 dB<\/span>\u00a0(Plus calme qu&#039;un bureau classique)<\/span><\/td>\n<\/tr>\n<\/tbody>\n<\/table>\n<p>&nbsp;<\/p>\n<h2 data-path-to-node=\"6\">Pourquoi le Revo2 Basic se distingue<\/h2>\n<ul data-path-to-node=\"7\">\n<li>\n<p id=\"p-rc_bfe0e0fd141a36db-40\" data-path-to-node=\"7,0,0\"><b data-path-to-node=\"7,0,0\" data-index-in-node=\"0\"><span class=\"citation-61\">Conception \u00e0 \u00e9chelle humaine\u00a0:<\/span><\/b><span class=\"citation-61 citation-end-61\"> Avec une longueur de 16 cm, la main est de taille comparable \u00e0 celle d&#039;une main de femme adulte moyenne, ce qui la rend id\u00e9ale pour interagir avec des outils et des environnements con\u00e7us pour les humains.<\/span><\/p>\n<\/li>\n<li>\n<p id=\"p-rc_bfe0e0fd141a36db-41\" data-path-to-node=\"7,1,0\"><b data-path-to-node=\"7,1,0\" data-index-in-node=\"0\">Rapport poids\/r\u00e9sistance in\u00e9gal\u00e9 dans le secteur\u00a0:<\/b><span class=\"citation-60 citation-end-60\"> Bien qu&#039;il ne p\u00e8se que 383 g, il peut soulever une charge utile de 20 kg (comme une bonbonne d&#039;eau de bureau pleine).<\/span> <span class=\"citation-59 citation-end-59\">Cette haute efficacit\u00e9 est obtenue gr\u00e2ce \u00e0 l&#039;utilisation d&#039;aluminium de qualit\u00e9 a\u00e9rospatiale et de plastiques de qualit\u00e9 alimentaire.<\/span><\/p>\n<\/li>\n<li>\n<p id=\"p-rc_bfe0e0fd141a36db-42\" data-path-to-node=\"7,2,0\"><b data-path-to-node=\"7,2,0\" data-index-in-node=\"0\"><span class=\"citation-58\">Contr\u00f4le de pr\u00e9cision :<\/span><\/b><span class=\"citation-58\"> Elle pr\u00e9sente une pr\u00e9cision submillim\u00e9trique de <\/span><b data-path-to-node=\"7,2,0\" data-index-in-node=\"61\"><span class=\"citation-58\">0,1 mm<\/span><\/b><span class=\"citation-58\"> et un temps de r\u00e9ponse rapide, s&#039;ouvrant ou se fermant en moins de <\/span><b data-path-to-node=\"7,2,0\" data-index-in-node=\"126\"><span class=\"citation-58\">0,65 seconde<\/span><\/b><span class=\"citation-58 citation-end-58\">.<\/span><\/p>\n<\/li>\n<li>\n<p id=\"p-rc_bfe0e0fd141a36db-43\" data-path-to-node=\"7,3,0\"><b data-path-to-node=\"7,3,0\" data-index-in-node=\"0\">Large compatibilit\u00e9 :<\/b><span class=\"citation-57\"> Le Revo2 Basic est fr\u00e9quemment utilis\u00e9 avec des plateformes humano\u00efdes avanc\u00e9es comme le <\/span><b data-path-to-node=\"7,3,0\" data-index-in-node=\"98\"><span class=\"citation-57\">Unitree G1<\/span><\/b><span class=\"citation-57\"> et <\/span><b data-path-to-node=\"7,3,0\" data-index-in-node=\"113\"><span class=\"citation-57\">H2<\/span><\/b><span class=\"citation-57 citation-end-57\">.<\/span> <span class=\"citation-56\">Il prend en charge les protocoles de communication standard comme <\/span><b data-path-to-node=\"7,3,0\" data-index-in-node=\"167\"><span class=\"citation-56\">RS485<\/span><\/b><span class=\"citation-56\"> et <\/span><b data-path-to-node=\"7,3,0\" data-index-in-node=\"177\"><span class=\"citation-56\">CANfd<\/span><\/b><span class=\"citation-56 citation-end-56\">.<\/span><\/p>\n<\/li>\n<li>\n<p id=\"p-rc_bfe0e0fd141a36db-44\" data-path-to-node=\"7,4,0\"><b data-path-to-node=\"7,4,0\" data-index-in-node=\"0\">Adapt\u00e9 aux d\u00e9veloppeurs\u00a0:<\/b><span class=\"citation-55 citation-end-55\"> BrainCo fournit un SDK complet (prenant en charge Python et C++) et est compatible avec Linux, Windows et ROS (Robot Operating System).<\/span><\/p>\n<\/li>\n<\/ul>\n<h3 data-path-to-node=\"8\">Diff\u00e9rences par rapport aux mod\u00e8les Pro\/Touch<\/h3>\n<p data-path-to-node=\"9\">Le <b data-path-to-node=\"9\" data-index-in-node=\"4\">Basique<\/b> Cette version met l&#039;accent sur le mouvement et la force. Contrairement \u00e0 la <i data-path-to-node=\"9\" data-index-in-node=\"63\">Revo2 Touch<\/i>, oui <b data-path-to-node=\"9\" data-index-in-node=\"84\">pas<\/b> Il comprend un syst\u00e8me de d\u00e9tection tactile 3D multimodal (qui permet \u00e0 un robot de \u201c\u00a0sentir\u00a0\u201d la texture et la pression). Il est destin\u00e9 aux utilisateurs qui ont besoin d&#039;une dext\u00e9rit\u00e9 m\u00e9canique sans les co\u00fbts ni la complexit\u00e9 suppl\u00e9mentaires d&#039;un retour tactile int\u00e9gr\u00e9.<\/p>","protected":false},"excerpt":{"rendered":"<p data-path-to-node=\"0\"><span class=\"citation-64\">Le <\/span><b data-path-to-node=\"0\" data-index-in-node=\"4\"><span class=\"citation-64\">BrainCo Revo2 Basic<\/span><\/b><span class=\"citation-64 citation-end-64\"> est une main bionique ultra-l\u00e9g\u00e8re et de haute pr\u00e9cision, con\u00e7ue pour la robotique humano\u00efde, la recherche et l&#039;automatisation avanc\u00e9e.<\/span> <span class=\"citation-63 citation-end-63\">Si BrainCo est c\u00e9l\u00e8bre pour ses proth\u00e8ses m\u00e9dicales, la s\u00e9rie Revo2 repr\u00e9sente son expansion strat\u00e9gique dans le domaine de \u201c l&#039;intelligence incarn\u00e9e \u201d, dotant les robots de capacit\u00e9s de manipulation semblables \u00e0 celles des humains.<\/span><\/p>\n<p id=\"p-rc_bfe0e0fd141a36db-39\" data-path-to-node=\"1\"><span class=\"citation-62\">Le <\/span><b data-path-to-node=\"1\" data-index-in-node=\"4\"><span class=\"citation-62\">Basique<\/span><\/b><span class=\"citation-62 citation-end-62\"> Cette version sert de mod\u00e8le de base dans la gamme Revo2, privil\u00e9giant la dext\u00e9rit\u00e9 m\u00e9canique et la l\u00e9g\u00e8ret\u00e9.<\/span><\/p>","protected":false},"featured_media":24260,"comment_status":"open","ping_status":"closed","template":"","meta":[],"product_brand":[1383],"product_cat":[1041,1382,1381,1037],"product_tag":[],"class_list":{"0":"post-24259","1":"product","2":"type-product","3":"status-publish","4":"has-post-thumbnail","6":"product_brand-brainco","7":"product_cat-arms-grippers","8":"product_cat-bionic-dexterous-hands","9":"product_cat-brainco","10":"product_cat-robotics","12":"first","13":"onbackorder","14":"taxable","15":"shipping-taxable","16":"purchasable","17":"product-type-simple"},"yoast_head":"<!-- This site is optimized with the Yoast SEO plugin v27.1.1 - https:\/\/yoast.com\/product\/yoast-seo-wordpress\/ -->\n<title>BrainCo Revo2 Basic - Ghostysky<\/title>\n<meta name=\"description\" content=\"The BrainCo Revo2 Basic is an ultra-lightweight, high-precision bionic dexterous hand designed for humanoid robotics, research, and advanced automation. While BrainCo is famous for its medical prosthetics, the Revo2 series represents their strategic expansion into &quot;embodied intelligence,&quot; providing robots with human-like manipulation capabilities.The Basic version serves as the foundational model in the Revo2 lineup, prioritizing mechanical dexterity and lightweight performance.\" \/>\n<meta name=\"robots\" content=\"index, follow, max-snippet:-1, max-image-preview:large, max-video-preview:-1\" \/>\n<link rel=\"canonical\" href=\"https:\/\/www.ghostysky.com\/fr\/product\/brainco-revo2-basic\/\" \/>\n<meta property=\"og:locale\" content=\"fr_FR\" \/>\n<meta property=\"og:type\" content=\"article\" \/>\n<meta property=\"og:title\" content=\"BrainCo Revo2 Basic - Ghostysky\" \/>\n<meta property=\"og:description\" content=\"The BrainCo Revo2 Basic is an ultra-lightweight, high-precision bionic dexterous hand designed for humanoid robotics, research, and advanced automation. While BrainCo is famous for its medical prosthetics, the Revo2 series represents their strategic expansion into &quot;embodied intelligence,&quot; providing robots with human-like manipulation capabilities.The Basic version serves as the foundational model in the Revo2 lineup, prioritizing mechanical dexterity and lightweight performance.\" \/>\n<meta property=\"og:url\" content=\"https:\/\/www.ghostysky.com\/fr\/product\/brainco-revo2-basic\/\" \/>\n<meta property=\"og:site_name\" content=\"Ghostysky\" \/>\n<meta property=\"article:publisher\" content=\"https:\/\/www.facebook.com\/people\/Ghostysky\/100057676170234\/\" \/>\n<meta property=\"article:modified_time\" content=\"2026-02-24T15:52:42+00:00\" \/>\n<meta property=\"og:image\" content=\"https:\/\/www.ghostysky.com\/wp-content\/uploads\/2026\/02\/GH_Brainco_Revo2_Basic_1.jpg\" \/>\n\t<meta property=\"og:image:width\" content=\"700\" \/>\n\t<meta property=\"og:image:height\" content=\"700\" \/>\n\t<meta property=\"og:image:type\" content=\"image\/jpeg\" \/>\n<meta name=\"twitter:card\" content=\"summary_large_image\" \/>\n<meta name=\"twitter:site\" content=\"@Gh0stysky\" \/>\n<meta name=\"twitter:label1\" content=\"Dur\u00e9e de lecture estim\u00e9e\" \/>\n\t<meta name=\"twitter:data1\" content=\"2 minutes\" \/>\n<script type=\"application\/ld+json\" class=\"yoast-schema-graph\">{\"@context\":\"https:\/\/schema.org\",\"@graph\":[{\"@type\":\"WebPage\",\"@id\":\"https:\/\/www.ghostysky.com\/product\/brainco-revo2-basic\/\",\"url\":\"https:\/\/www.ghostysky.com\/product\/brainco-revo2-basic\/\",\"name\":\"BrainCo Revo2 Basic - Ghostysky\",\"isPartOf\":{\"@id\":\"https:\/\/www.ghostysky.com\/#website\"},\"primaryImageOfPage\":{\"@id\":\"https:\/\/www.ghostysky.com\/product\/brainco-revo2-basic\/#primaryimage\"},\"image\":{\"@id\":\"https:\/\/www.ghostysky.com\/product\/brainco-revo2-basic\/#primaryimage\"},\"thumbnailUrl\":\"https:\/\/www.ghostysky.com\/wp-content\/uploads\/2026\/02\/GH_Brainco_Revo2_Basic_1.jpg\",\"datePublished\":\"2026-02-24T15:52:00+00:00\",\"dateModified\":\"2026-02-24T15:52:42+00:00\",\"description\":\"The BrainCo Revo2 Basic is an ultra-lightweight, high-precision bionic dexterous hand designed for humanoid robotics, research, and advanced automation. While BrainCo is famous for its medical prosthetics, the Revo2 series represents their strategic expansion into \\\"embodied intelligence,\\\" providing robots with human-like manipulation capabilities.The Basic version serves as the foundational model in the Revo2 lineup, prioritizing mechanical dexterity and lightweight performance.\",\"breadcrumb\":{\"@id\":\"https:\/\/www.ghostysky.com\/product\/brainco-revo2-basic\/#breadcrumb\"},\"inLanguage\":\"fr-FR\",\"potentialAction\":[{\"@type\":\"ReadAction\",\"target\":[\"https:\/\/www.ghostysky.com\/product\/brainco-revo2-basic\/\"]}]},{\"@type\":\"ImageObject\",\"inLanguage\":\"fr-FR\",\"@id\":\"https:\/\/www.ghostysky.com\/product\/brainco-revo2-basic\/#primaryimage\",\"url\":\"https:\/\/www.ghostysky.com\/wp-content\/uploads\/2026\/02\/GH_Brainco_Revo2_Basic_1.jpg\",\"contentUrl\":\"https:\/\/www.ghostysky.com\/wp-content\/uploads\/2026\/02\/GH_Brainco_Revo2_Basic_1.jpg\",\"width\":700,\"height\":700},{\"@type\":\"BreadcrumbList\",\"@id\":\"https:\/\/www.ghostysky.com\/product\/brainco-revo2-basic\/#breadcrumb\",\"itemListElement\":[{\"@type\":\"ListItem\",\"position\":1,\"name\":\"Home\",\"item\":\"https:\/\/www.ghostysky.com\/\"},{\"@type\":\"ListItem\",\"position\":2,\"name\":\"Shop\",\"item\":\"https:\/\/www.ghostysky.com\/shop\/\"},{\"@type\":\"ListItem\",\"position\":3,\"name\":\"BrainCo Revo2 Basic\"}]},{\"@type\":\"WebSite\",\"@id\":\"https:\/\/www.ghostysky.com\/#website\",\"url\":\"https:\/\/www.ghostysky.com\/\",\"name\":\"Ghostysky\",\"description\":\"Delivering professional drones and services\",\"publisher\":{\"@id\":\"https:\/\/www.ghostysky.com\/#organization\"},\"potentialAction\":[{\"@type\":\"SearchAction\",\"target\":{\"@type\":\"EntryPoint\",\"urlTemplate\":\"https:\/\/www.ghostysky.com\/?s={search_term_string}\"},\"query-input\":{\"@type\":\"PropertyValueSpecification\",\"valueRequired\":true,\"valueName\":\"search_term_string\"}}],\"inLanguage\":\"fr-FR\"},{\"@type\":\"Organization\",\"@id\":\"https:\/\/www.ghostysky.com\/#organization\",\"name\":\"Ghostysky\",\"url\":\"https:\/\/www.ghostysky.com\/\",\"logo\":{\"@type\":\"ImageObject\",\"inLanguage\":\"fr-FR\",\"@id\":\"https:\/\/www.ghostysky.com\/#\/schema\/logo\/image\/\",\"url\":\"https:\/\/www.ghostysky.com\/wp-content\/uploads\/2020\/06\/cropped-ghostyskylogo_text_white2.png\",\"contentUrl\":\"https:\/\/www.ghostysky.com\/wp-content\/uploads\/2020\/06\/cropped-ghostyskylogo_text_white2.png\",\"width\":169,\"height\":56,\"caption\":\"Ghostysky\"},\"image\":{\"@id\":\"https:\/\/www.ghostysky.com\/#\/schema\/logo\/image\/\"},\"sameAs\":[\"https:\/\/www.facebook.com\/people\/Ghostysky\/100057676170234\/\",\"https:\/\/x.com\/Gh0stysky\",\"https:\/\/www.linkedin.com\/company\/34739653\",\"https:\/\/www.instagram.com\/gh0stysky\"]}]}<\/script>\n<!-- \/ Yoast SEO plugin. -->","yoast_head_json":{"title":"BrainCo Revo2 Basic - Ghostysky","description":"La BrainCo Revo2 Basic est une main bionique ultra-l\u00e9g\u00e8re et de haute pr\u00e9cision, con\u00e7ue pour la robotique humano\u00efde, la recherche et l&#039;automatisation avanc\u00e9e. Si BrainCo est r\u00e9put\u00e9e pour ses proth\u00e8ses m\u00e9dicales, la s\u00e9rie Revo2 marque son expansion strat\u00e9gique vers l&#039;\" intelligence incarn\u00e9e \", dotant les robots de capacit\u00e9s de manipulation similaires \u00e0 celles de l&#039;humain. La version Basic constitue le mod\u00e8le de base de la gamme Revo2, privil\u00e9giant la dext\u00e9rit\u00e9 m\u00e9canique et la l\u00e9g\u00e8ret\u00e9.","robots":{"index":"index","follow":"follow","max-snippet":"max-snippet:-1","max-image-preview":"max-image-preview:large","max-video-preview":"max-video-preview:-1"},"canonical":"https:\/\/www.ghostysky.com\/fr\/product\/brainco-revo2-basic\/","og_locale":"fr_FR","og_type":"article","og_title":"BrainCo Revo2 Basic - Ghostysky","og_description":"The BrainCo Revo2 Basic is an ultra-lightweight, high-precision bionic dexterous hand designed for humanoid robotics, research, and advanced automation. While BrainCo is famous for its medical prosthetics, the Revo2 series represents their strategic expansion into \"embodied intelligence,\" providing robots with human-like manipulation capabilities.The Basic version serves as the foundational model in the Revo2 lineup, prioritizing mechanical dexterity and lightweight performance.","og_url":"https:\/\/www.ghostysky.com\/fr\/product\/brainco-revo2-basic\/","og_site_name":"Ghostysky","article_publisher":"https:\/\/www.facebook.com\/people\/Ghostysky\/100057676170234\/","article_modified_time":"2026-02-24T15:52:42+00:00","og_image":[{"width":700,"height":700,"url":"https:\/\/www.ghostysky.com\/wp-content\/uploads\/2026\/02\/GH_Brainco_Revo2_Basic_1.jpg","type":"image\/jpeg"}],"twitter_card":"summary_large_image","twitter_site":"@Gh0stysky","twitter_misc":{"Dur\u00e9e de lecture estim\u00e9e":"2 minutes"},"schema":{"@context":"https:\/\/schema.org","@graph":[{"@type":"WebPage","@id":"https:\/\/www.ghostysky.com\/product\/brainco-revo2-basic\/","url":"https:\/\/www.ghostysky.com\/product\/brainco-revo2-basic\/","name":"BrainCo Revo2 Basic - Ghostysky","isPartOf":{"@id":"https:\/\/www.ghostysky.com\/#website"},"primaryImageOfPage":{"@id":"https:\/\/www.ghostysky.com\/product\/brainco-revo2-basic\/#primaryimage"},"image":{"@id":"https:\/\/www.ghostysky.com\/product\/brainco-revo2-basic\/#primaryimage"},"thumbnailUrl":"https:\/\/www.ghostysky.com\/wp-content\/uploads\/2026\/02\/GH_Brainco_Revo2_Basic_1.jpg","datePublished":"2026-02-24T15:52:00+00:00","dateModified":"2026-02-24T15:52:42+00:00","description":"La BrainCo Revo2 Basic est une main bionique ultra-l\u00e9g\u00e8re et de haute pr\u00e9cision, con\u00e7ue pour la robotique humano\u00efde, la recherche et l&#039;automatisation avanc\u00e9e. Si BrainCo est r\u00e9put\u00e9e pour ses proth\u00e8ses m\u00e9dicales, la s\u00e9rie Revo2 marque son expansion strat\u00e9gique vers l&#039;\" intelligence incarn\u00e9e \", dotant les robots de capacit\u00e9s de manipulation similaires \u00e0 celles de l&#039;humain. La version Basic constitue le mod\u00e8le de base de la gamme Revo2, privil\u00e9giant la dext\u00e9rit\u00e9 m\u00e9canique et la l\u00e9g\u00e8ret\u00e9.","breadcrumb":{"@id":"https:\/\/www.ghostysky.com\/product\/brainco-revo2-basic\/#breadcrumb"},"inLanguage":"fr-FR","potentialAction":[{"@type":"ReadAction","target":["https:\/\/www.ghostysky.com\/product\/brainco-revo2-basic\/"]}]},{"@type":"ImageObject","inLanguage":"fr-FR","@id":"https:\/\/www.ghostysky.com\/product\/brainco-revo2-basic\/#primaryimage","url":"https:\/\/www.ghostysky.com\/wp-content\/uploads\/2026\/02\/GH_Brainco_Revo2_Basic_1.jpg","contentUrl":"https:\/\/www.ghostysky.com\/wp-content\/uploads\/2026\/02\/GH_Brainco_Revo2_Basic_1.jpg","width":700,"height":700},{"@type":"BreadcrumbList","@id":"https:\/\/www.ghostysky.com\/product\/brainco-revo2-basic\/#breadcrumb","itemListElement":[{"@type":"ListItem","position":1,"name":"Home","item":"https:\/\/www.ghostysky.com\/"},{"@type":"ListItem","position":2,"name":"Shop","item":"https:\/\/www.ghostysky.com\/shop\/"},{"@type":"ListItem","position":3,"name":"BrainCo Revo2 Basic"}]},{"@type":"WebSite","@id":"https:\/\/www.ghostysky.com\/#website","url":"https:\/\/www.ghostysky.com\/","name":"Ghostysky","description":"Livraison de drones et de services professionnels","publisher":{"@id":"https:\/\/www.ghostysky.com\/#organization"},"potentialAction":[{"@type":"SearchAction","target":{"@type":"EntryPoint","urlTemplate":"https:\/\/www.ghostysky.com\/?s={search_term_string}"},"query-input":{"@type":"PropertyValueSpecification","valueRequired":true,"valueName":"search_term_string"}}],"inLanguage":"fr-FR"},{"@type":"Organization","@id":"https:\/\/www.ghostysky.com\/#organization","name":"Ghostysky","url":"https:\/\/www.ghostysky.com\/","logo":{"@type":"ImageObject","inLanguage":"fr-FR","@id":"https:\/\/www.ghostysky.com\/#\/schema\/logo\/image\/","url":"https:\/\/www.ghostysky.com\/wp-content\/uploads\/2020\/06\/cropped-ghostyskylogo_text_white2.png","contentUrl":"https:\/\/www.ghostysky.com\/wp-content\/uploads\/2020\/06\/cropped-ghostyskylogo_text_white2.png","width":169,"height":56,"caption":"Ghostysky"},"image":{"@id":"https:\/\/www.ghostysky.com\/#\/schema\/logo\/image\/"},"sameAs":["https:\/\/www.facebook.com\/people\/Ghostysky\/100057676170234\/","https:\/\/x.com\/Gh0stysky","https:\/\/www.linkedin.com\/company\/34739653","https:\/\/www.instagram.com\/gh0stysky"]}]}},"_links":{"self":[{"href":"https:\/\/www.ghostysky.com\/fr\/wp-json\/wp\/v2\/product\/24259","targetHints":{"allow":["GET"]}}],"collection":[{"href":"https:\/\/www.ghostysky.com\/fr\/wp-json\/wp\/v2\/product"}],"about":[{"href":"https:\/\/www.ghostysky.com\/fr\/wp-json\/wp\/v2\/types\/product"}],"replies":[{"embeddable":true,"href":"https:\/\/www.ghostysky.com\/fr\/wp-json\/wp\/v2\/comments?post=24259"}],"wp:featuredmedia":[{"embeddable":true,"href":"https:\/\/www.ghostysky.com\/fr\/wp-json\/wp\/v2\/media\/24260"}],"wp:attachment":[{"href":"https:\/\/www.ghostysky.com\/fr\/wp-json\/wp\/v2\/media?parent=24259"}],"wp:term":[{"taxonomy":"product_brand","embeddable":true,"href":"https:\/\/www.ghostysky.com\/fr\/wp-json\/wp\/v2\/product_brand?post=24259"},{"taxonomy":"product_cat","embeddable":true,"href":"https:\/\/www.ghostysky.com\/fr\/wp-json\/wp\/v2\/product_cat?post=24259"},{"taxonomy":"product_tag","embeddable":true,"href":"https:\/\/www.ghostysky.com\/fr\/wp-json\/wp\/v2\/product_tag?post=24259"}],"curies":[{"name":"wp","href":"https:\/\/api.w.org\/{rel}","templated":true}]}}