{"id":24263,"date":"2026-02-24T16:00:17","date_gmt":"2026-02-24T16:00:17","guid":{"rendered":"https:\/\/www.ghostysky.com\/?post_type=product&#038;p=24263"},"modified":"2026-02-24T16:07:24","modified_gmt":"2026-02-24T16:07:24","slug":"brainco-revo2-pro","status":"publish","type":"product","link":"https:\/\/www.ghostysky.com\/fr\/product\/brainco-revo2-pro\/","title":{"rendered":"BrainCo Revo2 Pro"},"content":{"rendered":"<h3 data-path-to-node=\"3\">Caract\u00e9ristiques principales et performances<\/h3>\n<p id=\"p-rc_740d76bce5fe805c-47\" data-path-to-node=\"4\"><span class=\"citation-88 citation-end-88\">La Revo2 Pro se distingue par son rapport puissance\/poids exceptionnel, capable de g\u00e9rer des charges de qualit\u00e9 industrielle tout en pesant moins d&#039;une livre.<\/span><\/p>\n<table data-path-to-node=\"5\">\n<thead>\n<tr>\n<td><strong>Fonctionnalit\u00e9<\/strong><\/td>\n<td><strong>Sp\u00e9cification<\/strong><\/td>\n<\/tr>\n<\/thead>\n<tbody>\n<tr>\n<td><span data-path-to-node=\"5,1,0,0\"><b data-path-to-node=\"5,1,0,0\" data-index-in-node=\"0\">Poids<\/b><\/span><\/td>\n<td><span data-path-to-node=\"5,1,1,0\">383 g (Poids approximatif de 6 \u0153ufs)<\/span><\/td>\n<\/tr>\n<tr>\n<td><span data-path-to-node=\"5,2,0,0\"><b data-path-to-node=\"5,2,0,0\" data-index-in-node=\"0\">Force de pr\u00e9hension<\/b><\/span><\/td>\n<td><span data-path-to-node=\"5,2,1,0\"><span class=\"math-inline\" data-math=\"\\geq 50\" data-index-in-node=\"0\">&lt;= 50<\/span>\u00a0N (Prise de force)<\/span><\/td>\n<\/tr>\n<tr>\n<td><span data-path-to-node=\"5,3,0,0\"><b data-path-to-node=\"5,3,0,0\" data-index-in-node=\"0\">Capacit\u00e9 de charge utile<\/b><\/span><\/td>\n<td><span data-path-to-node=\"5,3,1,0\">20 kg (charge statique)<\/span><\/td>\n<\/tr>\n<tr>\n<td><span data-path-to-node=\"5,4,0,0\"><b data-path-to-node=\"5,4,0,0\" data-index-in-node=\"0\">Pr\u00e9cision<\/b><\/span><\/td>\n<td><span data-path-to-node=\"5,4,1,0\">0,1 mm (r\u00e9p\u00e9tabilit\u00e9 submillim\u00e9trique)<\/span><\/td>\n<\/tr>\n<tr>\n<td><span data-path-to-node=\"5,5,0,0\"><b data-path-to-node=\"5,5,0,0\" data-index-in-node=\"0\">Degr\u00e9s de libert\u00e9<\/b><\/span><\/td>\n<td><span data-path-to-node=\"5,5,1,0\">11 articulations (6 actives)<\/span><\/td>\n<\/tr>\n<tr>\n<td><span data-path-to-node=\"5,6,0,0\"><b data-path-to-node=\"5,6,0,0\" data-index-in-node=\"0\">Bruit de fonctionnement<\/b><\/span><\/td>\n<td><span data-path-to-node=\"5,6,1,0\"><span class=\"math-inline\" data-math=\"\\leq 50\" data-index-in-node=\"0\">&lt;= 50<\/span>\u00a0dB (Plus silencieux qu&#039;un bureau typique)<\/span><\/td>\n<\/tr>\n<\/tbody>\n<\/table>\n<p>&nbsp;<\/p>\n<h3 data-path-to-node=\"7\">Caract\u00e9ristiques remarquables<\/h3>\n<ul data-path-to-node=\"8\">\n<li>\n<p id=\"p-rc_740d76bce5fe805c-48\" data-path-to-node=\"8,0,0\"><b data-path-to-node=\"8,0,0\" data-index-in-node=\"0\"><span class=\"citation-87\">Ergonomie \u00e0 \u00e9chelle humaine\u00a0:<\/span><\/b><span class=\"citation-87 citation-end-87\"> Mesurant 16 cm de long, la main est model\u00e9e d&#039;apr\u00e8s les dimensions d&#039;une main de femme adulte moyenne, ce qui lui permet d&#039;utiliser des outils et des gants standard (y compris des gants anti-perforation et des gants industriels).<\/span><\/p>\n<\/li>\n<li>\n<p id=\"p-rc_740d76bce5fe805c-49\" data-path-to-node=\"8,1,0\"><b data-path-to-node=\"8,1,0\" data-index-in-node=\"0\"><span class=\"citation-86\">Algorithmes de contr\u00f4le avanc\u00e9s\u00a0:<\/span><\/b><span class=\"citation-86\"> La version \u201c Pro \u201d prend en charge des modes de contr\u00f4le sophistiqu\u00e9s, notamment <\/span><b data-path-to-node=\"8,1,0\" data-index-in-node=\"95\"><span class=\"citation-86\">Contr\u00f4le de position, de vitesse et de courant<\/span><\/b><span class=\"citation-86\">, aux c\u00f4t\u00e9s <\/span><b data-path-to-node=\"8,1,0\" data-index-in-node=\"143\"><span class=\"citation-86\">Contr\u00f4le adaptatif de l&#039;imp\u00e9dance et de la compliance<\/span><\/b><span class=\"citation-86 citation-end-86\">.<\/span> Cela permet \u00e0 la main d&#039;interagir \u201c en douceur \u201d avec des objets fragiles ou des environnements rigides.<\/p>\n<\/li>\n<li>\n<p id=\"p-rc_740d76bce5fe805c-50\" data-path-to-node=\"8,2,0\"><b data-path-to-node=\"8,2,0\" data-index-in-node=\"0\"><span class=\"citation-85\">Connectivit\u00e9 robuste :<\/span><\/b><span class=\"citation-85\"> Con\u00e7u pour une int\u00e9gration transparente aux plateformes de recherche (comme Unitree G1), il prend en charge <\/span><b data-path-to-node=\"8,2,0\" data-index-in-node=\"114\"><span class=\"citation-85\">EtherCAT<\/span><\/b><span class=\"citation-85 citation-end-85\">, protocoles de communication CANfd et RS485 avec une large plage de tension (9-64V).<\/span><\/p>\n<\/li>\n<li>\n<p id=\"p-rc_740d76bce5fe805c-51\" data-path-to-node=\"8,3,0\"><b data-path-to-node=\"8,3,0\" data-index-in-node=\"0\">Durabilit\u00e9 extr\u00eame :<\/b> La s\u00e9rie Revo2 est con\u00e7ue pour r\u00e9sister aux conditions les plus extr\u00eames. <span class=\"citation-84 citation-end-84\">Lors de tests de r\u00e9sistance, la main est rest\u00e9e fonctionnelle apr\u00e8s une chute de 5 m\u00e8tres et m\u00eame apr\u00e8s avoir \u00e9t\u00e9 \u00e9cras\u00e9e par un SUV de 2 tonnes.<\/span><\/p>\n<\/li>\n<\/ul>\n<h3 data-path-to-node=\"9\">\u201c Pro \u201d vs. \u201c Basique \u201d vs. \u201c Tactile \u201d<\/h3>\n<p id=\"p-rc_740d76bce5fe805c-52\" data-path-to-node=\"10\"><span class=\"citation-83\">Alors que <\/span><b data-path-to-node=\"10\" data-index-in-node=\"10\"><span class=\"citation-83\">Basique<\/span><\/b><span class=\"citation-83\"> Le mod\u00e8le offre la dext\u00e9rit\u00e9 m\u00e9canique essentielle, <\/span><b data-path-to-node=\"10\" data-index-in-node=\"71\"><span class=\"citation-83\">Pro<\/span><\/b><span class=\"citation-83\"> ajoute une compatibilit\u00e9 avec des tensions plus \u00e9lev\u00e9es (jusqu&#039;\u00e0 64 V) et <\/span><b data-path-to-node=\"10\" data-index-in-node=\"125\"><span class=\"citation-83\">EtherCAT<\/span><\/b><span class=\"citation-83 citation-end-83\"> soutien \u00e0 l&#039;int\u00e9gration robotique \u00e0 haute vitesse.<\/span> Notez que le <b data-path-to-node=\"10\" data-index-in-node=\"192\">Touche<\/b> Ce mod\u00e8le est la version sp\u00e9cialis\u00e9e qui comprend des capteurs tactiles multimodaux 3D pour la perception de la texture et de la pression.<\/p>","protected":false},"excerpt":{"rendered":"<p data-path-to-node=\"0\"><span class=\"citation-90\">Le <\/span><b data-path-to-node=\"0\" data-index-in-node=\"4\"><span class=\"citation-90\">BrainCo Revo2 Pro<\/span><\/b><span class=\"citation-90 citation-end-90\"> est une main bionique de nouvelle g\u00e9n\u00e9ration, dot\u00e9e d&#039;une grande dext\u00e9rit\u00e9, con\u00e7ue pour combler le foss\u00e9 entre la robotique de haute performance et l&#039;intuition humaine.<\/span> S&#039;appuyant sur l&#039;expertise de BrainCo en mati\u00e8re d&#039;interface cerveau-ordinateur (BCI), le Revo2 Pro est con\u00e7u \u00e0 la fois pour la robotique humano\u00efde avanc\u00e9e et la recherche sophistiqu\u00e9e en proth\u00e8ses.<\/p>\n<p id=\"p-rc_740d76bce5fe805c-46\" data-path-to-node=\"1\"><span class=\"citation-89 citation-end-89\">Elle se caract\u00e9rise par sa philosophie de conception bas\u00e9e sur la \u201c soustraction au millim\u00e8tre pr\u00e8s \u201d, permettant d&#039;atteindre une l\u00e9g\u00e8ret\u00e9 in\u00e9gal\u00e9e dans le secteur sans sacrifier la puissance n\u00e9cessaire aux t\u00e2ches concr\u00e8tes.<\/span><\/p>","protected":false},"featured_media":24260,"comment_status":"open","ping_status":"closed","template":"","meta":[],"product_brand":[1383],"product_cat":[1041,1382,1381,1037],"product_tag":[],"class_list":{"0":"post-24263","1":"product","2":"type-product","3":"status-publish","4":"has-post-thumbnail","6":"product_brand-brainco","7":"product_cat-arms-grippers","8":"product_cat-bionic-dexterous-hands","9":"product_cat-brainco","10":"product_cat-robotics","12":"first","13":"onbackorder","14":"taxable","15":"shipping-taxable","16":"purchasable","17":"product-type-simple"},"yoast_head":"<!-- This site is optimized with the Yoast SEO plugin v27.1.1 - https:\/\/yoast.com\/product\/yoast-seo-wordpress\/ -->\n<title>BrainCo Revo2 Pro - Ghostysky<\/title>\n<meta name=\"description\" content=\"The BrainCo Revo2 Pro is a next-generation bionic dexterous hand designed to bridge the gap between high-performance robotics and human-like intuition. Building on BrainCo\u2019s foundation in brain-computer interface (BCI) technology, the Revo2 Pro is engineered for both advanced humanoid robotics and sophisticated prosthetic research.It is characterized by its &quot;millimeter-level subtraction&quot; design philosophy\u2014achieving industry-leading lightness without sacrificing the power needed for real-world tasks.\" \/>\n<meta name=\"robots\" content=\"index, follow, max-snippet:-1, max-image-preview:large, max-video-preview:-1\" \/>\n<link rel=\"canonical\" href=\"https:\/\/www.ghostysky.com\/fr\/product\/brainco-revo2-pro\/\" \/>\n<meta property=\"og:locale\" content=\"fr_FR\" \/>\n<meta property=\"og:type\" content=\"article\" \/>\n<meta property=\"og:title\" content=\"BrainCo Revo2 Pro - Ghostysky\" \/>\n<meta property=\"og:description\" content=\"The BrainCo Revo2 Pro is a next-generation bionic dexterous hand designed to bridge the gap between high-performance robotics and human-like intuition. Building on BrainCo\u2019s foundation in brain-computer interface (BCI) technology, the Revo2 Pro is engineered for both advanced humanoid robotics and sophisticated prosthetic research.It is characterized by its &quot;millimeter-level subtraction&quot; design philosophy\u2014achieving industry-leading lightness without sacrificing the power needed for real-world tasks.\" \/>\n<meta property=\"og:url\" content=\"https:\/\/www.ghostysky.com\/fr\/product\/brainco-revo2-pro\/\" \/>\n<meta property=\"og:site_name\" content=\"Ghostysky\" \/>\n<meta property=\"article:publisher\" content=\"https:\/\/www.facebook.com\/people\/Ghostysky\/100057676170234\/\" \/>\n<meta property=\"article:modified_time\" content=\"2026-02-24T16:07:24+00:00\" \/>\n<meta property=\"og:image\" content=\"https:\/\/www.ghostysky.com\/wp-content\/uploads\/2026\/02\/GH_Brainco_Revo2_Basic_1.jpg\" \/>\n\t<meta property=\"og:image:width\" content=\"700\" \/>\n\t<meta property=\"og:image:height\" content=\"700\" \/>\n\t<meta property=\"og:image:type\" content=\"image\/jpeg\" \/>\n<meta name=\"twitter:card\" content=\"summary_large_image\" \/>\n<meta name=\"twitter:site\" content=\"@Gh0stysky\" \/>\n<meta name=\"twitter:label1\" content=\"Dur\u00e9e de lecture estim\u00e9e\" \/>\n\t<meta name=\"twitter:data1\" content=\"2 minutes\" \/>\n<script type=\"application\/ld+json\" class=\"yoast-schema-graph\">{\"@context\":\"https:\/\/schema.org\",\"@graph\":[{\"@type\":\"WebPage\",\"@id\":\"https:\/\/www.ghostysky.com\/product\/brainco-revo2-pro\/\",\"url\":\"https:\/\/www.ghostysky.com\/product\/brainco-revo2-pro\/\",\"name\":\"BrainCo Revo2 Pro - Ghostysky\",\"isPartOf\":{\"@id\":\"https:\/\/www.ghostysky.com\/#website\"},\"primaryImageOfPage\":{\"@id\":\"https:\/\/www.ghostysky.com\/product\/brainco-revo2-pro\/#primaryimage\"},\"image\":{\"@id\":\"https:\/\/www.ghostysky.com\/product\/brainco-revo2-pro\/#primaryimage\"},\"thumbnailUrl\":\"https:\/\/www.ghostysky.com\/wp-content\/uploads\/2026\/02\/GH_Brainco_Revo2_Basic_1.jpg\",\"datePublished\":\"2026-02-24T16:00:17+00:00\",\"dateModified\":\"2026-02-24T16:07:24+00:00\",\"description\":\"The BrainCo Revo2 Pro is a next-generation bionic dexterous hand designed to bridge the gap between high-performance robotics and human-like intuition. Building on BrainCo\u2019s foundation in brain-computer interface (BCI) technology, the Revo2 Pro is engineered for both advanced humanoid robotics and sophisticated prosthetic research.It is characterized by its \\\"millimeter-level subtraction\\\" design philosophy\u2014achieving industry-leading lightness without sacrificing the power needed for real-world tasks.\",\"breadcrumb\":{\"@id\":\"https:\/\/www.ghostysky.com\/product\/brainco-revo2-pro\/#breadcrumb\"},\"inLanguage\":\"fr-FR\",\"potentialAction\":[{\"@type\":\"ReadAction\",\"target\":[\"https:\/\/www.ghostysky.com\/product\/brainco-revo2-pro\/\"]}]},{\"@type\":\"ImageObject\",\"inLanguage\":\"fr-FR\",\"@id\":\"https:\/\/www.ghostysky.com\/product\/brainco-revo2-pro\/#primaryimage\",\"url\":\"https:\/\/www.ghostysky.com\/wp-content\/uploads\/2026\/02\/GH_Brainco_Revo2_Basic_1.jpg\",\"contentUrl\":\"https:\/\/www.ghostysky.com\/wp-content\/uploads\/2026\/02\/GH_Brainco_Revo2_Basic_1.jpg\",\"width\":700,\"height\":700},{\"@type\":\"BreadcrumbList\",\"@id\":\"https:\/\/www.ghostysky.com\/product\/brainco-revo2-pro\/#breadcrumb\",\"itemListElement\":[{\"@type\":\"ListItem\",\"position\":1,\"name\":\"Home\",\"item\":\"https:\/\/www.ghostysky.com\/\"},{\"@type\":\"ListItem\",\"position\":2,\"name\":\"Shop\",\"item\":\"https:\/\/www.ghostysky.com\/shop\/\"},{\"@type\":\"ListItem\",\"position\":3,\"name\":\"BrainCo Revo2 Pro\"}]},{\"@type\":\"WebSite\",\"@id\":\"https:\/\/www.ghostysky.com\/#website\",\"url\":\"https:\/\/www.ghostysky.com\/\",\"name\":\"Ghostysky\",\"description\":\"Delivering professional drones and services\",\"publisher\":{\"@id\":\"https:\/\/www.ghostysky.com\/#organization\"},\"potentialAction\":[{\"@type\":\"SearchAction\",\"target\":{\"@type\":\"EntryPoint\",\"urlTemplate\":\"https:\/\/www.ghostysky.com\/?s={search_term_string}\"},\"query-input\":{\"@type\":\"PropertyValueSpecification\",\"valueRequired\":true,\"valueName\":\"search_term_string\"}}],\"inLanguage\":\"fr-FR\"},{\"@type\":\"Organization\",\"@id\":\"https:\/\/www.ghostysky.com\/#organization\",\"name\":\"Ghostysky\",\"url\":\"https:\/\/www.ghostysky.com\/\",\"logo\":{\"@type\":\"ImageObject\",\"inLanguage\":\"fr-FR\",\"@id\":\"https:\/\/www.ghostysky.com\/#\/schema\/logo\/image\/\",\"url\":\"https:\/\/www.ghostysky.com\/wp-content\/uploads\/2020\/06\/cropped-ghostyskylogo_text_white2.png\",\"contentUrl\":\"https:\/\/www.ghostysky.com\/wp-content\/uploads\/2020\/06\/cropped-ghostyskylogo_text_white2.png\",\"width\":169,\"height\":56,\"caption\":\"Ghostysky\"},\"image\":{\"@id\":\"https:\/\/www.ghostysky.com\/#\/schema\/logo\/image\/\"},\"sameAs\":[\"https:\/\/www.facebook.com\/people\/Ghostysky\/100057676170234\/\",\"https:\/\/x.com\/Gh0stysky\",\"https:\/\/www.linkedin.com\/company\/34739653\",\"https:\/\/www.instagram.com\/gh0stysky\"]}]}<\/script>\n<!-- \/ Yoast SEO plugin. -->","yoast_head_json":{"title":"BrainCo Revo2 Pro - Ghostysky","description":"La BrainCo Revo2 Pro est une main bionique de nouvelle g\u00e9n\u00e9ration, con\u00e7ue pour combler le foss\u00e9 entre la robotique de haute performance et l&#039;intuition humaine. S&#039;appuyant sur l&#039;expertise de BrainCo en mati\u00e8re d&#039;interfaces cerveau-ordinateur (ICO), la Revo2 Pro est con\u00e7ue pour la robotique humano\u00efde avanc\u00e9e et la recherche proth\u00e9tique de pointe. Elle se caract\u00e9rise par sa philosophie de conception \"\u00a0au millim\u00e8tre pr\u00e8s\u00a0\", permettant d&#039;atteindre une l\u00e9g\u00e8ret\u00e9 in\u00e9gal\u00e9e sans sacrifier la puissance n\u00e9cessaire aux t\u00e2ches concr\u00e8tes.","robots":{"index":"index","follow":"follow","max-snippet":"max-snippet:-1","max-image-preview":"max-image-preview:large","max-video-preview":"max-video-preview:-1"},"canonical":"https:\/\/www.ghostysky.com\/fr\/product\/brainco-revo2-pro\/","og_locale":"fr_FR","og_type":"article","og_title":"BrainCo Revo2 Pro - Ghostysky","og_description":"The BrainCo Revo2 Pro is a next-generation bionic dexterous hand designed to bridge the gap between high-performance robotics and human-like intuition. Building on BrainCo\u2019s foundation in brain-computer interface (BCI) technology, the Revo2 Pro is engineered for both advanced humanoid robotics and sophisticated prosthetic research.It is characterized by its \"millimeter-level subtraction\" design philosophy\u2014achieving industry-leading lightness without sacrificing the power needed for real-world tasks.","og_url":"https:\/\/www.ghostysky.com\/fr\/product\/brainco-revo2-pro\/","og_site_name":"Ghostysky","article_publisher":"https:\/\/www.facebook.com\/people\/Ghostysky\/100057676170234\/","article_modified_time":"2026-02-24T16:07:24+00:00","og_image":[{"width":700,"height":700,"url":"https:\/\/www.ghostysky.com\/wp-content\/uploads\/2026\/02\/GH_Brainco_Revo2_Basic_1.jpg","type":"image\/jpeg"}],"twitter_card":"summary_large_image","twitter_site":"@Gh0stysky","twitter_misc":{"Dur\u00e9e de lecture estim\u00e9e":"2 minutes"},"schema":{"@context":"https:\/\/schema.org","@graph":[{"@type":"WebPage","@id":"https:\/\/www.ghostysky.com\/product\/brainco-revo2-pro\/","url":"https:\/\/www.ghostysky.com\/product\/brainco-revo2-pro\/","name":"BrainCo Revo2 Pro - Ghostysky","isPartOf":{"@id":"https:\/\/www.ghostysky.com\/#website"},"primaryImageOfPage":{"@id":"https:\/\/www.ghostysky.com\/product\/brainco-revo2-pro\/#primaryimage"},"image":{"@id":"https:\/\/www.ghostysky.com\/product\/brainco-revo2-pro\/#primaryimage"},"thumbnailUrl":"https:\/\/www.ghostysky.com\/wp-content\/uploads\/2026\/02\/GH_Brainco_Revo2_Basic_1.jpg","datePublished":"2026-02-24T16:00:17+00:00","dateModified":"2026-02-24T16:07:24+00:00","description":"La BrainCo Revo2 Pro est une main bionique de nouvelle g\u00e9n\u00e9ration, con\u00e7ue pour combler le foss\u00e9 entre la robotique de haute performance et l&#039;intuition humaine. S&#039;appuyant sur l&#039;expertise de BrainCo en mati\u00e8re d&#039;interfaces cerveau-ordinateur (ICO), la Revo2 Pro est con\u00e7ue pour la robotique humano\u00efde avanc\u00e9e et la recherche proth\u00e9tique de pointe. Elle se caract\u00e9rise par sa philosophie de conception \"\u00a0au millim\u00e8tre pr\u00e8s\u00a0\", permettant d&#039;atteindre une l\u00e9g\u00e8ret\u00e9 in\u00e9gal\u00e9e sans sacrifier la puissance n\u00e9cessaire aux t\u00e2ches concr\u00e8tes.","breadcrumb":{"@id":"https:\/\/www.ghostysky.com\/product\/brainco-revo2-pro\/#breadcrumb"},"inLanguage":"fr-FR","potentialAction":[{"@type":"ReadAction","target":["https:\/\/www.ghostysky.com\/product\/brainco-revo2-pro\/"]}]},{"@type":"ImageObject","inLanguage":"fr-FR","@id":"https:\/\/www.ghostysky.com\/product\/brainco-revo2-pro\/#primaryimage","url":"https:\/\/www.ghostysky.com\/wp-content\/uploads\/2026\/02\/GH_Brainco_Revo2_Basic_1.jpg","contentUrl":"https:\/\/www.ghostysky.com\/wp-content\/uploads\/2026\/02\/GH_Brainco_Revo2_Basic_1.jpg","width":700,"height":700},{"@type":"BreadcrumbList","@id":"https:\/\/www.ghostysky.com\/product\/brainco-revo2-pro\/#breadcrumb","itemListElement":[{"@type":"ListItem","position":1,"name":"Home","item":"https:\/\/www.ghostysky.com\/"},{"@type":"ListItem","position":2,"name":"Shop","item":"https:\/\/www.ghostysky.com\/shop\/"},{"@type":"ListItem","position":3,"name":"BrainCo Revo2 Pro"}]},{"@type":"WebSite","@id":"https:\/\/www.ghostysky.com\/#website","url":"https:\/\/www.ghostysky.com\/","name":"Ghostysky","description":"Livraison de drones et de services professionnels","publisher":{"@id":"https:\/\/www.ghostysky.com\/#organization"},"potentialAction":[{"@type":"SearchAction","target":{"@type":"EntryPoint","urlTemplate":"https:\/\/www.ghostysky.com\/?s={search_term_string}"},"query-input":{"@type":"PropertyValueSpecification","valueRequired":true,"valueName":"search_term_string"}}],"inLanguage":"fr-FR"},{"@type":"Organization","@id":"https:\/\/www.ghostysky.com\/#organization","name":"Ghostysky","url":"https:\/\/www.ghostysky.com\/","logo":{"@type":"ImageObject","inLanguage":"fr-FR","@id":"https:\/\/www.ghostysky.com\/#\/schema\/logo\/image\/","url":"https:\/\/www.ghostysky.com\/wp-content\/uploads\/2020\/06\/cropped-ghostyskylogo_text_white2.png","contentUrl":"https:\/\/www.ghostysky.com\/wp-content\/uploads\/2020\/06\/cropped-ghostyskylogo_text_white2.png","width":169,"height":56,"caption":"Ghostysky"},"image":{"@id":"https:\/\/www.ghostysky.com\/#\/schema\/logo\/image\/"},"sameAs":["https:\/\/www.facebook.com\/people\/Ghostysky\/100057676170234\/","https:\/\/x.com\/Gh0stysky","https:\/\/www.linkedin.com\/company\/34739653","https:\/\/www.instagram.com\/gh0stysky"]}]}},"_links":{"self":[{"href":"https:\/\/www.ghostysky.com\/fr\/wp-json\/wp\/v2\/product\/24263","targetHints":{"allow":["GET"]}}],"collection":[{"href":"https:\/\/www.ghostysky.com\/fr\/wp-json\/wp\/v2\/product"}],"about":[{"href":"https:\/\/www.ghostysky.com\/fr\/wp-json\/wp\/v2\/types\/product"}],"replies":[{"embeddable":true,"href":"https:\/\/www.ghostysky.com\/fr\/wp-json\/wp\/v2\/comments?post=24263"}],"wp:featuredmedia":[{"embeddable":true,"href":"https:\/\/www.ghostysky.com\/fr\/wp-json\/wp\/v2\/media\/24260"}],"wp:attachment":[{"href":"https:\/\/www.ghostysky.com\/fr\/wp-json\/wp\/v2\/media?parent=24263"}],"wp:term":[{"taxonomy":"product_brand","embeddable":true,"href":"https:\/\/www.ghostysky.com\/fr\/wp-json\/wp\/v2\/product_brand?post=24263"},{"taxonomy":"product_cat","embeddable":true,"href":"https:\/\/www.ghostysky.com\/fr\/wp-json\/wp\/v2\/product_cat?post=24263"},{"taxonomy":"product_tag","embeddable":true,"href":"https:\/\/www.ghostysky.com\/fr\/wp-json\/wp\/v2\/product_tag?post=24263"}],"curies":[{"name":"wp","href":"https:\/\/api.w.org\/{rel}","templated":true}]}}