{"id":24265,"date":"2026-02-24T16:11:52","date_gmt":"2026-02-24T16:11:52","guid":{"rendered":"https:\/\/www.ghostysky.com\/?post_type=product&#038;p=24265"},"modified":"2026-02-24T16:41:24","modified_gmt":"2026-02-24T16:41:24","slug":"brainco-revo2-touch","status":"publish","type":"product","link":"https:\/\/www.ghostysky.com\/fr\/product\/brainco-revo2-touch\/","title":{"rendered":"BrainCo Revo2 Touch"},"content":{"rendered":"<h3 data-path-to-node=\"3\">Caract\u00e9ristiques et technologies cl\u00e9s<\/h3>\n<ul data-path-to-node=\"4\">\n<li>\n<p id=\"p-rc_a932606601c3ac8d-66\" data-path-to-node=\"4,0,0\"><b data-path-to-node=\"4,0,0\" data-index-in-node=\"0\">D\u00e9tection tactile multimodale\u00a0:<\/b><span class=\"citation-124\"> Contrairement aux pinces standard, la Revo2 Touch est dot\u00e9e de capteurs 3D int\u00e9gr\u00e9s qui d\u00e9tectent <\/span><b data-path-to-node=\"4,0,0\" data-index-in-node=\"113\"><span class=\"citation-124\">pression, frottement, direction de la force et proximit\u00e9<\/span><\/b><span class=\"citation-124 citation-end-124\">.<\/span> <span class=\"citation-123 citation-end-123\">Il peut faire la distinction entre les textures et la duret\u00e9 des objets, ce qui lui permet d&#039;effectuer des t\u00e2ches d\u00e9licates comme allumer une allumette ou manipuler de la verrerie fragile.<\/span><\/p>\n<\/li>\n<li>\n<p id=\"p-rc_a932606601c3ac8d-67\" data-path-to-node=\"4,1,0\"><b data-path-to-node=\"4,1,0\" data-index-in-node=\"0\"><span class=\"citation-122\">Conception ultra-l\u00e9g\u00e8re\u00a0:<\/span><\/b><span class=\"citation-122\"> Pes\u00e9e uniquement <\/span><b data-path-to-node=\"4,1,0\" data-index-in-node=\"40\"><span class=\"citation-122\">383 g<\/span><\/b><span class=\"citation-122 citation-end-122\"> (comparable \u00e0 six \u0153ufs), il conserve une longueur compacte de 16 cm (la taille d&#039;une main de femme moyenne).<\/span> Cela en fait l&#039;une des mains les plus efficaces du secteur en termes de rapport adh\u00e9rence\/poids.<\/p>\n<\/li>\n<li>\n<p id=\"p-rc_a932606601c3ac8d-68\" data-path-to-node=\"4,2,0\"><b data-path-to-node=\"4,2,0\" data-index-in-node=\"0\"><span class=\"citation-121\">R\u00e9sistance de qualit\u00e9 industrielle\u00a0:<\/span><\/b><span class=\"citation-121\"> Malgr\u00e9 sa l\u00e9g\u00e8ret\u00e9, elle offre une force de pr\u00e9hension \u00e9quivalente \u00e0 celle de toute la main. <\/span><b data-path-to-node=\"4,2,0\" data-index-in-node=\"92\"><span class=\"citation-121\">\u2265 50N<\/span><\/b><span class=\"citation-121\"> et une force de pincement \u00e0 un seul doigt de <\/span><b data-path-to-node=\"4,2,0\" data-index-in-node=\"133\"><span class=\"citation-121\">\u2265 15N<\/span><\/b><span class=\"citation-121 citation-end-121\">.<\/span> <span class=\"citation-120\">Il peut supporter une charge statique allant jusqu&#039;\u00e0 <\/span><b data-path-to-node=\"4,2,0\" data-index-in-node=\"191\"><span class=\"citation-120\">20 kg<\/span><\/b><span class=\"citation-120 citation-end-120\">.<\/span><\/p>\n<\/li>\n<li>\n<p id=\"p-rc_a932606601c3ac8d-69\" data-path-to-node=\"4,3,0\"><b data-path-to-node=\"4,3,0\" data-index-in-node=\"0\">Haute pr\u00e9cision et vitesse :<\/b><span class=\"citation-119\"> Il comporte 11 articulations et 6 degr\u00e9s de libert\u00e9 (DoF) avec une pr\u00e9cision de r\u00e9p\u00e9tition de <\/span><b data-path-to-node=\"4,3,0\" data-index-in-node=\"100\"><span class=\"citation-119\">0,1\u00b0<\/span><\/b><span class=\"citation-119 citation-end-119\">.<\/span> <span class=\"citation-118\">Il peut s&#039;ouvrir ou se fermer compl\u00e8tement en moins de temps. <\/span><b data-path-to-node=\"4,3,0\" data-index-in-node=\"146\"><span class=\"citation-118\">0,65 seconde<\/span><\/b><span class=\"citation-118 citation-end-118\">, permettant des temps de r\u00e9ponse rapides et fluides.<\/span><\/p>\n<\/li>\n<li>\n<p id=\"p-rc_a932606601c3ac8d-70\" data-path-to-node=\"4,4,0\"><b data-path-to-node=\"4,4,0\" data-index-in-node=\"0\"><span class=\"citation-117\">Algorithmes de contr\u00f4le avanc\u00e9s\u00a0:<\/span><\/b><span class=\"citation-117\"> Le mod\u00e8le \u201c Touch \u201d inclut le contr\u00f4le standard de la position et de la vitesse, mais ajoute <\/span><b data-path-to-node=\"4,4,0\" data-index-in-node=\"102\"><span class=\"citation-117\">Commande tactile adaptative<\/span><\/b><span class=\"citation-117\"> et <\/span><b data-path-to-node=\"4,4,0\" data-index-in-node=\"131\"><span class=\"citation-117\">Contr\u00f4le adaptatif d&#039;imp\u00e9dance\/de compliance<\/span><\/b><span class=\"citation-117 citation-end-117\">, permettant \u00e0 la main de \u201c c\u00e9der \u201d l\u00e9g\u00e8rement lorsqu&#039;elle frappe un objet, un peu comme une main humaine.<\/span><\/p>\n<p>&nbsp;<\/li>\n<\/ul>\n<h3 data-path-to-node=\"6\">Sp\u00e9cifications techniques<\/h3>\n<table data-path-to-node=\"7\">\n<thead>\n<tr>\n<td><strong>Param\u00e8tre<\/strong><\/td>\n<td><strong>Sp\u00e9cification<\/strong><\/td>\n<\/tr>\n<\/thead>\n<tbody>\n<tr>\n<td><span data-path-to-node=\"7,1,0,0\"><b data-path-to-node=\"7,1,0,0\" data-index-in-node=\"0\">Poids<\/b><\/span><\/td>\n<td><span data-path-to-node=\"7,1,1,0\">383 g (sans poignet)<\/span><\/td>\n<\/tr>\n<tr>\n<td><span data-path-to-node=\"7,2,0,0\"><b data-path-to-node=\"7,2,0,0\" data-index-in-node=\"0\">Dimensions<\/b><\/span><\/td>\n<td><span data-path-to-node=\"7,2,1,0\">160 mm (H) x 76 mm (L)<\/span><\/td>\n<\/tr>\n<tr>\n<td><span data-path-to-node=\"7,3,0,0\"><b data-path-to-node=\"7,3,0,0\" data-index-in-node=\"0\">Force de pr\u00e9hension<\/b><\/span><\/td>\n<td><span data-path-to-node=\"7,3,1,0\">\u2265 50 N (Puissance) \/ \u2265 15 N (Pincement)<\/span><\/td>\n<\/tr>\n<tr>\n<td><span data-path-to-node=\"7,4,0,0\"><b data-path-to-node=\"7,4,0,0\" data-index-in-node=\"0\">Charge utile<\/b><\/span><\/td>\n<td><span data-path-to-node=\"7,4,1,0\">20 kg (charge statique)<\/span><\/td>\n<\/tr>\n<tr>\n<td><span data-path-to-node=\"7,5,0,0\"><b data-path-to-node=\"7,5,0,0\" data-index-in-node=\"0\">Degr\u00e9s de libert\u00e9<\/b><\/span><\/td>\n<td><span data-path-to-node=\"7,5,1,0\">6 degr\u00e9s de libert\u00e9 (11 articulations)<\/span><\/td>\n<\/tr>\n<tr>\n<td><span data-path-to-node=\"7,6,0,0\"><b data-path-to-node=\"7,6,0,0\" data-index-in-node=\"0\">Temps de r\u00e9ponse<\/b><\/span><\/td>\n<td><span data-path-to-node=\"7,6,1,0\">\u2264 0,65 s (Ouverture\/Fermeture)<\/span><\/td>\n<\/tr>\n<tr>\n<td><span data-path-to-node=\"7,7,0,0\"><b data-path-to-node=\"7,7,0,0\" data-index-in-node=\"0\">Communication<\/b><\/span><\/td>\n<td><span data-path-to-node=\"7,7,1,0\">EtherCAT, CANfd, RS485<\/span><\/td>\n<\/tr>\n<tr>\n<td><span data-path-to-node=\"7,8,0,0\"><b data-path-to-node=\"7,8,0,0\" data-index-in-node=\"0\">Plage de tension<\/b><\/span><\/td>\n<td><span data-path-to-node=\"7,8,1,0\">Large plage de tension (9\u201364V)<\/span><\/td>\n<\/tr>\n<tr>\n<td><span data-path-to-node=\"7,9,0,0\"><b data-path-to-node=\"7,9,0,0\" data-index-in-node=\"0\">Bruit de fonctionnement<\/b><\/span><\/td>\n<td><span data-path-to-node=\"7,9,1,0\">\u2264 50 dB (Plus silencieux qu&#039;un bureau)<\/span><\/td>\n<\/tr>\n<\/tbody>\n<\/table>\n<p>&nbsp;<\/p>\n<h3 data-path-to-node=\"9\">Pourquoi la version \u201c tactile \u201d ?<\/h3>\n<p id=\"p-rc_a932606601c3ac8d-71\" data-path-to-node=\"10\"><span class=\"citation-116\">Le Revo2 Touch est con\u00e7u pour <\/span><b data-path-to-node=\"10\" data-index-in-node=\"32\"><span class=\"citation-116\">IA incarn\u00e9e<\/span><\/b><span class=\"citation-116 citation-end-116\"> d\u00e9veloppement.<\/span> Alors que la version Basic est id\u00e9ale pour une pr\u00e9hension simple, la version Touch fournit les flux de donn\u00e9es n\u00e9cessaires aux mod\u00e8les d&#039;apprentissage automatique pour apprendre la manipulation en \u201c boucle ferm\u00e9e \u201d, o\u00f9 le robot ajuste sa prise en fonction de la sensation en temps r\u00e9el d&#039;un objet qui glisse ou qui est \u00e9cras\u00e9.<\/p>\n<h3 data-path-to-node=\"11\">Mat\u00e9riaux de construction<\/h3>\n<ul data-path-to-node=\"12\">\n<li>\n<p id=\"p-rc_a932606601c3ac8d-72\" data-path-to-node=\"12,0,0\"><b data-path-to-node=\"12,0,0\" data-index-in-node=\"0\"><span class=\"citation-115\">Cadre:<\/span><\/b><span class=\"citation-115 citation-end-115\"> Alliage d&#039;aluminium de qualit\u00e9 a\u00e9rospatiale.<\/span><\/p>\n<\/li>\n<li>\n<p id=\"p-rc_a932606601c3ac8d-73\" data-path-to-node=\"12,1,0\"><b data-path-to-node=\"12,1,0\" data-index-in-node=\"0\">Coquille:<\/b><span class=\"citation-114 citation-end-114\"> Plastique de qualit\u00e9 alimentaire (sans danger pour divers environnements).<\/span><\/p>\n<\/li>\n<li>\n<p id=\"p-rc_a932606601c3ac8d-74\" data-path-to-node=\"12,2,0\"><b data-path-to-node=\"12,2,0\" data-index-in-node=\"0\"><span class=\"citation-113\">Protection:<\/span><\/b><span class=\"citation-113 citation-end-113\"> Protection int\u00e9gr\u00e9e contre les surintensit\u00e9s, les surtensions, les hautes temp\u00e9ratures et les chocs.<\/span><\/p>\n<\/li>\n<\/ul>","protected":false},"excerpt":{"rendered":"<p data-path-to-node=\"0\">Le <b data-path-to-node=\"0\" data-index-in-node=\"4\">BrainCo Revo2 Touch<\/b> (\u00e9galement appel\u00e9 le <i data-path-to-node=\"0\" data-index-in-node=\"49\">Haptique<\/i> ou <i data-path-to-node=\"0\" data-index-in-node=\"59\">Tactile<\/i> La version 2.0 est le mod\u00e8le phare de la s\u00e9rie Revo2. <span class=\"citation-126 citation-end-126\">Il s&#039;agit d&#039;une main bionique de haute performance et tr\u00e8s dextre, sp\u00e9cialement con\u00e7ue pour la robotique humano\u00efde et la recherche avanc\u00e9e.<\/span><\/p>\n<p id=\"p-rc_a932606601c3ac8d-65\" data-path-to-node=\"1\"><span class=\"citation-125\">Alors que les mod\u00e8les \u201c Basic \u201d et \u201c Pro \u201d mettent l&#039;accent sur le mouvement, le <\/span><b data-path-to-node=\"1\" data-index-in-node=\"58\"><span class=\"citation-125\">Touche<\/span><\/b><span class=\"citation-125 citation-end-125\"> Cette version se d\u00e9finit par sa capacit\u00e9 \u00e0 \u201c ressentir \u201d, int\u00e9grant un syst\u00e8me complexe de d\u00e9tection tactile 3D qui permet aux robots de percevoir le monde physique avec une sensibilit\u00e9 comparable \u00e0 celle des humains.<\/span><\/p>","protected":false},"featured_media":24260,"comment_status":"open","ping_status":"closed","template":"","meta":[],"product_brand":[1383],"product_cat":[1041,1382,1381,1037],"product_tag":[],"class_list":{"0":"post-24265","1":"product","2":"type-product","3":"status-publish","4":"has-post-thumbnail","6":"product_brand-brainco","7":"product_cat-arms-grippers","8":"product_cat-bionic-dexterous-hands","9":"product_cat-brainco","10":"product_cat-robotics","12":"first","13":"onbackorder","14":"taxable","15":"shipping-taxable","16":"purchasable","17":"product-type-simple"},"yoast_head":"<!-- This site is optimized with the Yoast SEO plugin v27.1.1 - https:\/\/yoast.com\/product\/yoast-seo-wordpress\/ -->\n<title>BrainCo Revo2 Touch - Ghostysky<\/title>\n<meta name=\"description\" content=\"The BrainCo Revo2 Touch (also referred to as the Haptic or Tactile version) is the flagship model of the Revo2 series. It is a high-performance, bionic dexterous hand specifically engineered for humanoid robotics and advanced research.While the &quot;Basic&quot; and &quot;Pro&quot; models focus on movement, the Touch version is defined by its ability to &quot;feel&quot;\u2014integrating a complex 3D tactile sensing system that allows robots to perceive the physical world with human-like sensitivity.\" \/>\n<meta name=\"robots\" content=\"index, follow, max-snippet:-1, max-image-preview:large, max-video-preview:-1\" \/>\n<link rel=\"canonical\" href=\"https:\/\/www.ghostysky.com\/fr\/product\/brainco-revo2-touch\/\" \/>\n<meta property=\"og:locale\" content=\"fr_FR\" \/>\n<meta property=\"og:type\" content=\"article\" \/>\n<meta property=\"og:title\" content=\"BrainCo Revo2 Touch - Ghostysky\" \/>\n<meta property=\"og:description\" content=\"The BrainCo Revo2 Touch (also referred to as the Haptic or Tactile version) is the flagship model of the Revo2 series. It is a high-performance, bionic dexterous hand specifically engineered for humanoid robotics and advanced research.While the &quot;Basic&quot; and &quot;Pro&quot; models focus on movement, the Touch version is defined by its ability to &quot;feel&quot;\u2014integrating a complex 3D tactile sensing system that allows robots to perceive the physical world with human-like sensitivity.\" \/>\n<meta property=\"og:url\" content=\"https:\/\/www.ghostysky.com\/fr\/product\/brainco-revo2-touch\/\" \/>\n<meta property=\"og:site_name\" content=\"Ghostysky\" \/>\n<meta property=\"article:publisher\" content=\"https:\/\/www.facebook.com\/people\/Ghostysky\/100057676170234\/\" \/>\n<meta property=\"article:modified_time\" content=\"2026-02-24T16:41:24+00:00\" \/>\n<meta property=\"og:image\" content=\"https:\/\/www.ghostysky.com\/wp-content\/uploads\/2026\/02\/GH_Brainco_Revo2_Basic_1.jpg\" \/>\n\t<meta property=\"og:image:width\" content=\"700\" \/>\n\t<meta property=\"og:image:height\" content=\"700\" \/>\n\t<meta property=\"og:image:type\" content=\"image\/jpeg\" \/>\n<meta name=\"twitter:card\" content=\"summary_large_image\" \/>\n<meta name=\"twitter:site\" content=\"@Gh0stysky\" \/>\n<meta name=\"twitter:label1\" content=\"Dur\u00e9e de lecture estim\u00e9e\" \/>\n\t<meta name=\"twitter:data1\" content=\"2 minutes\" \/>\n<script type=\"application\/ld+json\" class=\"yoast-schema-graph\">{\"@context\":\"https:\/\/schema.org\",\"@graph\":[{\"@type\":\"WebPage\",\"@id\":\"https:\/\/www.ghostysky.com\/product\/brainco-revo2-touch\/\",\"url\":\"https:\/\/www.ghostysky.com\/product\/brainco-revo2-touch\/\",\"name\":\"BrainCo Revo2 Touch - Ghostysky\",\"isPartOf\":{\"@id\":\"https:\/\/www.ghostysky.com\/#website\"},\"primaryImageOfPage\":{\"@id\":\"https:\/\/www.ghostysky.com\/product\/brainco-revo2-touch\/#primaryimage\"},\"image\":{\"@id\":\"https:\/\/www.ghostysky.com\/product\/brainco-revo2-touch\/#primaryimage\"},\"thumbnailUrl\":\"https:\/\/www.ghostysky.com\/wp-content\/uploads\/2026\/02\/GH_Brainco_Revo2_Basic_1.jpg\",\"datePublished\":\"2026-02-24T16:11:52+00:00\",\"dateModified\":\"2026-02-24T16:41:24+00:00\",\"description\":\"The BrainCo Revo2 Touch (also referred to as the Haptic or Tactile version) is the flagship model of the Revo2 series. It is a high-performance, bionic dexterous hand specifically engineered for humanoid robotics and advanced research.While the \\\"Basic\\\" and \\\"Pro\\\" models focus on movement, the Touch version is defined by its ability to \\\"feel\\\"\u2014integrating a complex 3D tactile sensing system that allows robots to perceive the physical world with human-like sensitivity.\",\"breadcrumb\":{\"@id\":\"https:\/\/www.ghostysky.com\/product\/brainco-revo2-touch\/#breadcrumb\"},\"inLanguage\":\"fr-FR\",\"potentialAction\":[{\"@type\":\"ReadAction\",\"target\":[\"https:\/\/www.ghostysky.com\/product\/brainco-revo2-touch\/\"]}]},{\"@type\":\"ImageObject\",\"inLanguage\":\"fr-FR\",\"@id\":\"https:\/\/www.ghostysky.com\/product\/brainco-revo2-touch\/#primaryimage\",\"url\":\"https:\/\/www.ghostysky.com\/wp-content\/uploads\/2026\/02\/GH_Brainco_Revo2_Basic_1.jpg\",\"contentUrl\":\"https:\/\/www.ghostysky.com\/wp-content\/uploads\/2026\/02\/GH_Brainco_Revo2_Basic_1.jpg\",\"width\":700,\"height\":700},{\"@type\":\"BreadcrumbList\",\"@id\":\"https:\/\/www.ghostysky.com\/product\/brainco-revo2-touch\/#breadcrumb\",\"itemListElement\":[{\"@type\":\"ListItem\",\"position\":1,\"name\":\"Home\",\"item\":\"https:\/\/www.ghostysky.com\/\"},{\"@type\":\"ListItem\",\"position\":2,\"name\":\"Shop\",\"item\":\"https:\/\/www.ghostysky.com\/shop\/\"},{\"@type\":\"ListItem\",\"position\":3,\"name\":\"BrainCo Revo2 Touch\"}]},{\"@type\":\"WebSite\",\"@id\":\"https:\/\/www.ghostysky.com\/#website\",\"url\":\"https:\/\/www.ghostysky.com\/\",\"name\":\"Ghostysky\",\"description\":\"Delivering professional drones and services\",\"publisher\":{\"@id\":\"https:\/\/www.ghostysky.com\/#organization\"},\"potentialAction\":[{\"@type\":\"SearchAction\",\"target\":{\"@type\":\"EntryPoint\",\"urlTemplate\":\"https:\/\/www.ghostysky.com\/?s={search_term_string}\"},\"query-input\":{\"@type\":\"PropertyValueSpecification\",\"valueRequired\":true,\"valueName\":\"search_term_string\"}}],\"inLanguage\":\"fr-FR\"},{\"@type\":\"Organization\",\"@id\":\"https:\/\/www.ghostysky.com\/#organization\",\"name\":\"Ghostysky\",\"url\":\"https:\/\/www.ghostysky.com\/\",\"logo\":{\"@type\":\"ImageObject\",\"inLanguage\":\"fr-FR\",\"@id\":\"https:\/\/www.ghostysky.com\/#\/schema\/logo\/image\/\",\"url\":\"https:\/\/www.ghostysky.com\/wp-content\/uploads\/2020\/06\/cropped-ghostyskylogo_text_white2.png\",\"contentUrl\":\"https:\/\/www.ghostysky.com\/wp-content\/uploads\/2020\/06\/cropped-ghostyskylogo_text_white2.png\",\"width\":169,\"height\":56,\"caption\":\"Ghostysky\"},\"image\":{\"@id\":\"https:\/\/www.ghostysky.com\/#\/schema\/logo\/image\/\"},\"sameAs\":[\"https:\/\/www.facebook.com\/people\/Ghostysky\/100057676170234\/\",\"https:\/\/x.com\/Gh0stysky\",\"https:\/\/www.linkedin.com\/company\/34739653\",\"https:\/\/www.instagram.com\/gh0stysky\"]}]}<\/script>\n<!-- \/ Yoast SEO plugin. -->","yoast_head_json":{"title":"BrainCo Revo2 Touch - Ghostysky","description":"La BrainCo Revo2 Touch (\u00e9galement appel\u00e9e version haptique ou tactile) est le mod\u00e8le phare de la s\u00e9rie Revo2. Il s&#039;agit d&#039;une main bionique haute performance, d&#039;une grande dext\u00e9rit\u00e9, con\u00e7ue sp\u00e9cifiquement pour la robotique humano\u00efde et la recherche avanc\u00e9e. Alors que les mod\u00e8les \"\u00a0Basic\u00a0\" et \"\u00a0Pro\u00a0\" privil\u00e9gient le mouvement, la version Touch se distingue par sa capacit\u00e9 \u00e0 \"\u00a0ressentir\u00a0\" le monde physique. Elle int\u00e8gre un syst\u00e8me complexe de d\u00e9tection tactile 3D qui permet aux robots de percevoir l&#039;environnement physique avec une sensibilit\u00e9 quasi humaine.","robots":{"index":"index","follow":"follow","max-snippet":"max-snippet:-1","max-image-preview":"max-image-preview:large","max-video-preview":"max-video-preview:-1"},"canonical":"https:\/\/www.ghostysky.com\/fr\/product\/brainco-revo2-touch\/","og_locale":"fr_FR","og_type":"article","og_title":"BrainCo Revo2 Touch - Ghostysky","og_description":"The BrainCo Revo2 Touch (also referred to as the Haptic or Tactile version) is the flagship model of the Revo2 series. It is a high-performance, bionic dexterous hand specifically engineered for humanoid robotics and advanced research.While the \"Basic\" and \"Pro\" models focus on movement, the Touch version is defined by its ability to \"feel\"\u2014integrating a complex 3D tactile sensing system that allows robots to perceive the physical world with human-like sensitivity.","og_url":"https:\/\/www.ghostysky.com\/fr\/product\/brainco-revo2-touch\/","og_site_name":"Ghostysky","article_publisher":"https:\/\/www.facebook.com\/people\/Ghostysky\/100057676170234\/","article_modified_time":"2026-02-24T16:41:24+00:00","og_image":[{"width":700,"height":700,"url":"https:\/\/www.ghostysky.com\/wp-content\/uploads\/2026\/02\/GH_Brainco_Revo2_Basic_1.jpg","type":"image\/jpeg"}],"twitter_card":"summary_large_image","twitter_site":"@Gh0stysky","twitter_misc":{"Dur\u00e9e de lecture estim\u00e9e":"2 minutes"},"schema":{"@context":"https:\/\/schema.org","@graph":[{"@type":"WebPage","@id":"https:\/\/www.ghostysky.com\/product\/brainco-revo2-touch\/","url":"https:\/\/www.ghostysky.com\/product\/brainco-revo2-touch\/","name":"BrainCo Revo2 Touch - Ghostysky","isPartOf":{"@id":"https:\/\/www.ghostysky.com\/#website"},"primaryImageOfPage":{"@id":"https:\/\/www.ghostysky.com\/product\/brainco-revo2-touch\/#primaryimage"},"image":{"@id":"https:\/\/www.ghostysky.com\/product\/brainco-revo2-touch\/#primaryimage"},"thumbnailUrl":"https:\/\/www.ghostysky.com\/wp-content\/uploads\/2026\/02\/GH_Brainco_Revo2_Basic_1.jpg","datePublished":"2026-02-24T16:11:52+00:00","dateModified":"2026-02-24T16:41:24+00:00","description":"La BrainCo Revo2 Touch (\u00e9galement appel\u00e9e version haptique ou tactile) est le mod\u00e8le phare de la s\u00e9rie Revo2. Il s&#039;agit d&#039;une main bionique haute performance, d&#039;une grande dext\u00e9rit\u00e9, con\u00e7ue sp\u00e9cifiquement pour la robotique humano\u00efde et la recherche avanc\u00e9e. Alors que les mod\u00e8les \"\u00a0Basic\u00a0\" et \"\u00a0Pro\u00a0\" privil\u00e9gient le mouvement, la version Touch se distingue par sa capacit\u00e9 \u00e0 \"\u00a0ressentir\u00a0\" le monde physique. Elle int\u00e8gre un syst\u00e8me complexe de d\u00e9tection tactile 3D qui permet aux robots de percevoir l&#039;environnement physique avec une sensibilit\u00e9 quasi humaine.","breadcrumb":{"@id":"https:\/\/www.ghostysky.com\/product\/brainco-revo2-touch\/#breadcrumb"},"inLanguage":"fr-FR","potentialAction":[{"@type":"ReadAction","target":["https:\/\/www.ghostysky.com\/product\/brainco-revo2-touch\/"]}]},{"@type":"ImageObject","inLanguage":"fr-FR","@id":"https:\/\/www.ghostysky.com\/product\/brainco-revo2-touch\/#primaryimage","url":"https:\/\/www.ghostysky.com\/wp-content\/uploads\/2026\/02\/GH_Brainco_Revo2_Basic_1.jpg","contentUrl":"https:\/\/www.ghostysky.com\/wp-content\/uploads\/2026\/02\/GH_Brainco_Revo2_Basic_1.jpg","width":700,"height":700},{"@type":"BreadcrumbList","@id":"https:\/\/www.ghostysky.com\/product\/brainco-revo2-touch\/#breadcrumb","itemListElement":[{"@type":"ListItem","position":1,"name":"Home","item":"https:\/\/www.ghostysky.com\/"},{"@type":"ListItem","position":2,"name":"Shop","item":"https:\/\/www.ghostysky.com\/shop\/"},{"@type":"ListItem","position":3,"name":"BrainCo Revo2 Touch"}]},{"@type":"WebSite","@id":"https:\/\/www.ghostysky.com\/#website","url":"https:\/\/www.ghostysky.com\/","name":"Ghostysky","description":"Livraison de drones et de services professionnels","publisher":{"@id":"https:\/\/www.ghostysky.com\/#organization"},"potentialAction":[{"@type":"SearchAction","target":{"@type":"EntryPoint","urlTemplate":"https:\/\/www.ghostysky.com\/?s={search_term_string}"},"query-input":{"@type":"PropertyValueSpecification","valueRequired":true,"valueName":"search_term_string"}}],"inLanguage":"fr-FR"},{"@type":"Organization","@id":"https:\/\/www.ghostysky.com\/#organization","name":"Ghostysky","url":"https:\/\/www.ghostysky.com\/","logo":{"@type":"ImageObject","inLanguage":"fr-FR","@id":"https:\/\/www.ghostysky.com\/#\/schema\/logo\/image\/","url":"https:\/\/www.ghostysky.com\/wp-content\/uploads\/2020\/06\/cropped-ghostyskylogo_text_white2.png","contentUrl":"https:\/\/www.ghostysky.com\/wp-content\/uploads\/2020\/06\/cropped-ghostyskylogo_text_white2.png","width":169,"height":56,"caption":"Ghostysky"},"image":{"@id":"https:\/\/www.ghostysky.com\/#\/schema\/logo\/image\/"},"sameAs":["https:\/\/www.facebook.com\/people\/Ghostysky\/100057676170234\/","https:\/\/x.com\/Gh0stysky","https:\/\/www.linkedin.com\/company\/34739653","https:\/\/www.instagram.com\/gh0stysky"]}]}},"_links":{"self":[{"href":"https:\/\/www.ghostysky.com\/fr\/wp-json\/wp\/v2\/product\/24265","targetHints":{"allow":["GET"]}}],"collection":[{"href":"https:\/\/www.ghostysky.com\/fr\/wp-json\/wp\/v2\/product"}],"about":[{"href":"https:\/\/www.ghostysky.com\/fr\/wp-json\/wp\/v2\/types\/product"}],"replies":[{"embeddable":true,"href":"https:\/\/www.ghostysky.com\/fr\/wp-json\/wp\/v2\/comments?post=24265"}],"wp:featuredmedia":[{"embeddable":true,"href":"https:\/\/www.ghostysky.com\/fr\/wp-json\/wp\/v2\/media\/24260"}],"wp:attachment":[{"href":"https:\/\/www.ghostysky.com\/fr\/wp-json\/wp\/v2\/media?parent=24265"}],"wp:term":[{"taxonomy":"product_brand","embeddable":true,"href":"https:\/\/www.ghostysky.com\/fr\/wp-json\/wp\/v2\/product_brand?post=24265"},{"taxonomy":"product_cat","embeddable":true,"href":"https:\/\/www.ghostysky.com\/fr\/wp-json\/wp\/v2\/product_cat?post=24265"},{"taxonomy":"product_tag","embeddable":true,"href":"https:\/\/www.ghostysky.com\/fr\/wp-json\/wp\/v2\/product_tag?post=24265"}],"curies":[{"name":"wp","href":"https:\/\/api.w.org\/{rel}","templated":true}]}}