{"id":24400,"date":"2026-03-08T09:22:12","date_gmt":"2026-03-08T09:22:12","guid":{"rendered":"https:\/\/www.ghostysky.com\/?post_type=product&#038;p=24400"},"modified":"2026-04-12T08:07:09","modified_gmt":"2026-04-12T08:07:09","slug":"yuhesen-mk-mid","status":"publish","type":"product","link":"https:\/\/www.ghostysky.com\/fr\/product\/yuhesen-mk-mid\/","title":{"rendered":"Yuhesen MK-Mid"},"content":{"rendered":"<h3 data-path-to-node=\"3\">Principales caract\u00e9ristiques et performances<\/h3>\n<ul data-path-to-node=\"4\">\n<li>\n<p id=\"p-rc_1591d59c105f48ca-88\" data-path-to-node=\"4,0,0\"><b data-path-to-node=\"4,0,0\" data-index-in-node=\"0\">Ma\u00eetrise du tout-terrain\u00a0:<\/b><span class=\"citation-224\"> Equip\u00e9 d&#039;un <\/span><b data-path-to-node=\"4,0,0\" data-index-in-node=\"34\"><span class=\"citation-224\">Suspension ind\u00e9pendante aux 4 roues<\/span><\/b><span class=\"citation-224 citation-end-224\"> et une conception \u00e0 double bras triangulaire (double triangle), lui permettant de naviguer sur les pentes, les obstacles et les terrains accident\u00e9s avec une grande stabilit\u00e9.<\/span><\/p>\n<\/li>\n<li>\n<p id=\"p-rc_1591d59c105f48ca-89\" data-path-to-node=\"4,1,0\"><b data-path-to-node=\"4,1,0\" data-index-in-node=\"0\">Contr\u00f4le de pr\u00e9cision :<\/b><span class=\"citation-223 citation-end-223\"> Utilise une direction Ackermann \u00e0 l&#039;avant (similaire \u00e0 celle d&#039;une voiture) et une transmission par moteur arri\u00e8re, offrant un \u00e9quilibre entre stabilit\u00e9 \u00e0 haute vitesse et suivi pr\u00e9cis de la trajectoire.<\/span><\/p>\n<\/li>\n<li>\n<p data-path-to-node=\"4,2,0\"><b data-path-to-node=\"4,2,0\" data-index-in-node=\"0\">Architecture modulaire :<\/b> Con\u00e7ue comme une plateforme de d\u00e9veloppement ouverte, elle prend en charge divers modules d&#039;extension tels que les LiDAR, les cam\u00e9ras de profondeur et les bras robotis\u00e9s.<\/p>\n<\/li>\n<li>\n<p id=\"p-rc_1591d59c105f48ca-90\" data-path-to-node=\"4,3,0\"><b data-path-to-node=\"4,3,0\" data-index-in-node=\"0\">Cadre de s\u00e9curit\u00e9 :<\/b><span class=\"citation-222 citation-end-222\"> Il est dot\u00e9 d&#039;un syst\u00e8me de s\u00e9curit\u00e9 multicouche comprenant des arr\u00eats d&#039;urgence physiques, des interverrouillages de s\u00e9curit\u00e9 logiques et un syst\u00e8me de stationnement avec coupure de courant \u00e9lectromagn\u00e9tique.<\/span><\/p>\n<\/li>\n<\/ul>\n<h3 data-path-to-node=\"9\">Cas d&#039;utilisation<\/h3>\n<ul data-path-to-node=\"10\">\n<li>\n<p id=\"p-rc_1591d59c105f48ca-91\" data-path-to-node=\"10,0,0\"><b data-path-to-node=\"10,0,0\" data-index-in-node=\"0\"><span class=\"citation-221\">Automatisation agricole :<\/span><\/b><span class=\"citation-221 citation-end-221\"> Cartographie et surveillance des vergers ou des terres agricoles accident\u00e9es.<\/span><\/p>\n<\/li>\n<li>\n<p data-path-to-node=\"10,1,0\"><b data-path-to-node=\"10,1,0\" data-index-in-node=\"0\">Inspection industrielle :<\/b> Navigation dans les usines ou sur les sites utilitaires ext\u00e9rieurs avec des charges utiles de capteurs importantes.<\/p>\n<\/li>\n<li>\n<p data-path-to-node=\"10,2,0\"><b data-path-to-node=\"10,2,0\" data-index-in-node=\"0\">Recherche acad\u00e9mique:<\/b> Une plateforme robuste pour tester ROS (Robot Operating System) et les algorithmes de conduite autonome.<\/p>\n<\/li>\n<li>\n<p id=\"p-rc_1591d59c105f48ca-92\" data-path-to-node=\"10,3,0\"><b data-path-to-node=\"10,3,0\" data-index-in-node=\"0\">Logistique:<\/b><span class=\"citation-220 citation-end-220\"> Transport sur de courtes distances dans des espaces int\u00e9rieurs ou ext\u00e9rieurs \u00e9troits.<\/span><\/p>\n<\/li>\n<\/ul>\n<div class=\"box\">\n<h3 data-path-to-node=\"6\">Sp\u00e9cifications techniques<\/h3>\n<\/div>\n<ul class=\"ul fz-20 change-li\">\n<li><span class=\"tit fz-24\"><strong>Taille<\/strong>: <\/span><span class=\"note\">920 mm x 750 mm x 350 mm<\/span><\/li>\n<li><span class=\"tit fz-24\"><strong>Poids<\/strong>: <\/span><span class=\"note\">70 kg<\/span><\/li>\n<li><span class=\"tit fz-24\"><strong>Formulaire de commande<\/strong>: <\/span><span class=\"note\">Direction diff\u00e9rentielle, entra\u00eenement du moteur<\/span><\/li>\n<li><span class=\"tit fz-24\"><strong>Suspension<\/strong>: <\/span><span class=\"note\">Suspension ind\u00e9pendante<\/span><\/li>\n<li><span class=\"tit fz-24\"><strong>Garde au sol<\/strong>: <\/span><span class=\"note\">150 mm<\/span><\/li>\n<li><span class=\"tit fz-24\"><strong>Empattement<\/strong>: <\/span><span class=\"note\">600 mm<\/span><\/li>\n<li><span class=\"tit fz-24\"><strong>Voie de roue<\/strong>: <\/span><span class=\"note\">600 mm<\/span><\/li>\n<li><span class=\"tit fz-24\"><strong>Diam\u00e8tre du pneu<\/strong>: <\/span><span class=\"note\">324 mm<\/span><\/li>\n<li><span class=\"tit fz-24\"><strong>Moteur de moyeu de roue<\/strong>: <\/span><span class=\"note\">400 W x 4<\/span><\/li>\n<li><span class=\"tit fz-24\"><strong>Batterie<\/strong>: <\/span><span class=\"note\">48V\/18Ah<\/span><\/li>\n<li><span class=\"tit fz-24\"><strong>Temps de charge<\/strong>: <\/span><span class=\"note\">2-3h<\/span><\/li>\n<li><span class=\"tit fz-24\"><strong>Adaptateur de charge<\/strong>: <\/span><span class=\"note\">48V\/10A<\/span><\/li>\n<li><span class=\"tit fz-24\"><strong>Alimentation<\/strong>: <\/span><span class=\"note\">12 V\/15 A ; 24 V\/15 A ; 48 V\/10 A<\/span><\/li>\n<li><span class=\"tit fz-24\"><strong>M\u00e9thode de freinage<\/strong>: <\/span><span class=\"note\">Frein moteur<\/span><\/li>\n<li><span class=\"tit fz-24\"><strong>M\u00e9thode de stationnement<\/strong>: <\/span><span class=\"note\">Stationnement par coupure \u00e9lectromagn\u00e9tique<\/span><\/li>\n<li><span class=\"tit fz-24\"><strong>Charge utile (terrain plat)<\/strong>: <\/span><span class=\"note\">50 kg<\/span><\/li>\n<li><span class=\"tit fz-24\"><strong>Vitesse maximale<\/strong>: <\/span><span class=\"note\">5,4 km\/h<\/span><\/li>\n<li><span class=\"tit fz-24\"><strong>Profondeur de gu\u00e9<\/strong>: <\/span><span class=\"note\">120 mm<\/span><\/li>\n<li><span class=\"tit fz-24\"><strong>Kilom\u00e9trage<\/strong>: <\/span><span class=\"note\">10 km (\u00e0 vide) ; 6 km (en charge)<\/span><\/li>\n<li><span class=\"tit fz-24\"><strong>Angle d&#039;escalade maximal<\/strong>: <\/span><span class=\"note\">30\u00b0 (\u00e0 vide) ; 30\u00b0 (en charge)<\/span><\/li>\n<li><span class=\"tit fz-24\"><strong>Largeur de port\u00e9e<\/strong>: <\/span><span class=\"note\">300 mm (\u00e0 vide) ; 250 mm (en charge)<\/span><\/li>\n<li><span class=\"tit fz-24\"><strong>Hauteur de l&#039;obstacle<\/strong>: <\/span><span class=\"note\">160 mm (\u00e0 vide) ; 150 mm (en charge)<\/span><\/li>\n<li><span class=\"tit fz-24\"><strong>Indice de protection IP<\/strong>: <\/span><span class=\"note\">IP42<\/span><\/li>\n<li><span class=\"tit fz-24\"><strong>Interface de communication<\/strong>: <\/span><span class=\"note\">CAN2.0B<\/span><\/li>\n<li><span class=\"tit fz-24\"><strong>Temp\u00e9rature de fonctionnement<\/strong>: <\/span><span class=\"note\">-20~50\u2103<\/span><\/li>\n<li><span class=\"tit fz-24\"><strong>Modules optionnels<\/strong>:<\/span><span class=\"note\">Kit NV-magic\/Kit OS-mate\/Kit OS-lite\/ Station d&#039;accueil de chargement<\/span><\/li>\n<li><span class=\"tit fz-24\"><strong>Services de soutien<\/strong>: <\/span><span class=\"note\">Kits de d\u00e9veloppement logiciel (SDK) ROS standard \/ Fichiers STP \/ Manuel d&#039;utilisation \/ Assistance technique en ligne<\/span><\/li>\n<li><span class=\"tit fz-24\"><strong>Notes de configuration<\/strong>: <\/span><span class=\"note\">En raison des mises \u00e0 jour constantes de nos produits, le produit r\u00e9el peut diff\u00e9rer des descriptions pr\u00e9sent\u00e9es sur la page web. Veuillez contacter notre ing\u00e9nieur pour obtenir les informations les plus r\u00e9centes.<\/span><\/li>\n<\/ul>","protected":false},"excerpt":{"rendered":"<p data-path-to-node=\"0\"><span class=\"citation-226\">Le <\/span><b data-path-to-node=\"0\" data-index-in-node=\"4\"><span class=\"citation-226\">Yuhesen MK-mid<\/span><\/b><span class=\"citation-226 citation-end-226\"> Il s&#039;agit d&#039;un ch\u00e2ssis robotique tout-terrain de qualit\u00e9 industrielle con\u00e7u par Shenzhen Yuhesen Technology.<\/span> Il s&#039;agit d&#039;une plateforme de v\u00e9hicule terrestre sans pilote (UGV) de taille moyenne principalement utilis\u00e9e pour la recherche, le d\u00e9veloppement de la navigation autonome et les applications ext\u00e9rieures robustes telles que l&#039;agriculture et l&#039;inspection.<\/p>\n<p id=\"p-rc_1591d59c105f48ca-87\" data-path-to-node=\"1\"><span class=\"citation-225 citation-end-225\">Contrairement aux appareils \u00e9lectroniques grand public utilisant des conventions de d\u00e9nomination similaires, il s&#039;agit d&#039;un robot robuste \u00e0 \u201c direction Ackermann \u201d capable de transporter des charges utiles importantes sur des terrains complexes.<\/span><\/p>","protected":false},"featured_media":24401,"comment_status":"open","ping_status":"closed","template":"","meta":[],"product_brand":[1389],"product_cat":[1042,1037,1384,1385],"product_tag":[1432,1395,1387,1390],"class_list":{"0":"post-24400","1":"product","2":"type-product","3":"status-publish","4":"has-post-thumbnail","6":"product_brand-yuhesen","7":"product_cat-chassis","8":"product_cat-robotics","9":"product_cat-yuhesen","10":"product_cat-yuhesen-ugv-chassis","11":"product_tag-ackermann-steering-ugv","12":"product_tag-mik-mid","13":"product_tag-ugv","14":"product_tag-yuhesen-ugv-chassis","16":"first","17":"onbackorder","18":"taxable","19":"shipping-taxable","20":"purchasable","21":"product-type-simple"},"yoast_head":"<!-- This site is optimized with the Yoast SEO plugin v27.1.1 - https:\/\/yoast.com\/product\/yoast-seo-wordpress\/ -->\n<title>Yuhesen MK-Mid - Ghostysky<\/title>\n<meta name=\"description\" content=\"The Yuhesen MK-mid is an industrial-grade, all-terrain robotic chassis designed by Shenzhen Yuhesen Technology. It is a mid-sized Unmanned Ground Vehicle (UGV) platform primarily used for research, autonomous navigation development, and rugged outdoor applications like agriculture and inspection.Unlike consumer electronics with similar naming conventions, this is a heavy-duty &quot;Ackermann steering&quot; robot capable of carrying significant payloads over complex terrain.\" \/>\n<meta name=\"robots\" content=\"index, follow, max-snippet:-1, max-image-preview:large, max-video-preview:-1\" \/>\n<link rel=\"canonical\" href=\"https:\/\/www.ghostysky.com\/fr\/product\/yuhesen-mk-mid\/\" \/>\n<meta property=\"og:locale\" content=\"fr_FR\" \/>\n<meta property=\"og:type\" content=\"article\" \/>\n<meta property=\"og:title\" content=\"Yuhesen MK-Mid - Ghostysky\" \/>\n<meta property=\"og:description\" content=\"The Yuhesen MK-mid is an industrial-grade, all-terrain robotic chassis designed by Shenzhen Yuhesen Technology. It is a mid-sized Unmanned Ground Vehicle (UGV) platform primarily used for research, autonomous navigation development, and rugged outdoor applications like agriculture and inspection.Unlike consumer electronics with similar naming conventions, this is a heavy-duty &quot;Ackermann steering&quot; robot capable of carrying significant payloads over complex terrain.\" \/>\n<meta property=\"og:url\" content=\"https:\/\/www.ghostysky.com\/fr\/product\/yuhesen-mk-mid\/\" \/>\n<meta property=\"og:site_name\" content=\"Ghostysky\" \/>\n<meta property=\"article:publisher\" content=\"https:\/\/www.facebook.com\/people\/Ghostysky\/100057676170234\/\" \/>\n<meta property=\"article:modified_time\" content=\"2026-04-12T08:07:09+00:00\" \/>\n<meta property=\"og:image\" content=\"https:\/\/www.ghostysky.com\/wp-content\/uploads\/2026\/03\/GH_Yuhesen_MK_Mid_0.png\" \/>\n\t<meta property=\"og:image:width\" content=\"300\" \/>\n\t<meta property=\"og:image:height\" content=\"240\" \/>\n\t<meta property=\"og:image:type\" content=\"image\/png\" \/>\n<meta name=\"twitter:card\" content=\"summary_large_image\" \/>\n<meta name=\"twitter:site\" content=\"@Gh0stysky\" \/>\n<meta name=\"twitter:label1\" content=\"Dur\u00e9e de lecture estim\u00e9e\" \/>\n\t<meta name=\"twitter:data1\" content=\"2 minutes\" \/>\n<script type=\"application\/ld+json\" class=\"yoast-schema-graph\">{\"@context\":\"https:\/\/schema.org\",\"@graph\":[{\"@type\":\"WebPage\",\"@id\":\"https:\/\/www.ghostysky.com\/product\/yuhesen-mk-mid\/\",\"url\":\"https:\/\/www.ghostysky.com\/product\/yuhesen-mk-mid\/\",\"name\":\"Yuhesen MK-Mid - Ghostysky\",\"isPartOf\":{\"@id\":\"https:\/\/www.ghostysky.com\/#website\"},\"primaryImageOfPage\":{\"@id\":\"https:\/\/www.ghostysky.com\/product\/yuhesen-mk-mid\/#primaryimage\"},\"image\":{\"@id\":\"https:\/\/www.ghostysky.com\/product\/yuhesen-mk-mid\/#primaryimage\"},\"thumbnailUrl\":\"https:\/\/www.ghostysky.com\/wp-content\/uploads\/2026\/03\/GH_Yuhesen_MK_Mid_0.png\",\"datePublished\":\"2026-03-08T09:22:12+00:00\",\"dateModified\":\"2026-04-12T08:07:09+00:00\",\"description\":\"The Yuhesen MK-mid is an industrial-grade, all-terrain robotic chassis designed by Shenzhen Yuhesen Technology. It is a mid-sized Unmanned Ground Vehicle (UGV) platform primarily used for research, autonomous navigation development, and rugged outdoor applications like agriculture and inspection.Unlike consumer electronics with similar naming conventions, this is a heavy-duty \\\"Ackermann steering\\\" robot capable of carrying significant payloads over complex terrain.\",\"breadcrumb\":{\"@id\":\"https:\/\/www.ghostysky.com\/product\/yuhesen-mk-mid\/#breadcrumb\"},\"inLanguage\":\"fr-FR\",\"potentialAction\":[{\"@type\":\"ReadAction\",\"target\":[\"https:\/\/www.ghostysky.com\/product\/yuhesen-mk-mid\/\"]}]},{\"@type\":\"ImageObject\",\"inLanguage\":\"fr-FR\",\"@id\":\"https:\/\/www.ghostysky.com\/product\/yuhesen-mk-mid\/#primaryimage\",\"url\":\"https:\/\/www.ghostysky.com\/wp-content\/uploads\/2026\/03\/GH_Yuhesen_MK_Mid_0.png\",\"contentUrl\":\"https:\/\/www.ghostysky.com\/wp-content\/uploads\/2026\/03\/GH_Yuhesen_MK_Mid_0.png\",\"width\":300,\"height\":240},{\"@type\":\"BreadcrumbList\",\"@id\":\"https:\/\/www.ghostysky.com\/product\/yuhesen-mk-mid\/#breadcrumb\",\"itemListElement\":[{\"@type\":\"ListItem\",\"position\":1,\"name\":\"Home\",\"item\":\"https:\/\/www.ghostysky.com\/\"},{\"@type\":\"ListItem\",\"position\":2,\"name\":\"Shop\",\"item\":\"https:\/\/www.ghostysky.com\/shop\/\"},{\"@type\":\"ListItem\",\"position\":3,\"name\":\"Yuhesen MK-Mid\"}]},{\"@type\":\"WebSite\",\"@id\":\"https:\/\/www.ghostysky.com\/#website\",\"url\":\"https:\/\/www.ghostysky.com\/\",\"name\":\"Ghostysky\",\"description\":\"Delivering professional drones and services\",\"publisher\":{\"@id\":\"https:\/\/www.ghostysky.com\/#organization\"},\"potentialAction\":[{\"@type\":\"SearchAction\",\"target\":{\"@type\":\"EntryPoint\",\"urlTemplate\":\"https:\/\/www.ghostysky.com\/?s={search_term_string}\"},\"query-input\":{\"@type\":\"PropertyValueSpecification\",\"valueRequired\":true,\"valueName\":\"search_term_string\"}}],\"inLanguage\":\"fr-FR\"},{\"@type\":\"Organization\",\"@id\":\"https:\/\/www.ghostysky.com\/#organization\",\"name\":\"Ghostysky\",\"url\":\"https:\/\/www.ghostysky.com\/\",\"logo\":{\"@type\":\"ImageObject\",\"inLanguage\":\"fr-FR\",\"@id\":\"https:\/\/www.ghostysky.com\/#\/schema\/logo\/image\/\",\"url\":\"https:\/\/www.ghostysky.com\/wp-content\/uploads\/2020\/06\/cropped-ghostyskylogo_text_white2.png\",\"contentUrl\":\"https:\/\/www.ghostysky.com\/wp-content\/uploads\/2020\/06\/cropped-ghostyskylogo_text_white2.png\",\"width\":169,\"height\":56,\"caption\":\"Ghostysky\"},\"image\":{\"@id\":\"https:\/\/www.ghostysky.com\/#\/schema\/logo\/image\/\"},\"sameAs\":[\"https:\/\/www.facebook.com\/people\/Ghostysky\/100057676170234\/\",\"https:\/\/x.com\/Gh0stysky\",\"https:\/\/www.linkedin.com\/company\/34739653\",\"https:\/\/www.instagram.com\/gh0stysky\"]}]}<\/script>\n<!-- \/ Yoast SEO plugin. -->","yoast_head_json":{"title":"Yuhesen MK-Mid - Ghostysky","description":"Le Yuhesen MK-mid est un ch\u00e2ssis robotique tout-terrain de qualit\u00e9 industrielle con\u00e7u par Shenzhen Yuhesen Technology. Il s&#039;agit d&#039;une plateforme de v\u00e9hicule terrestre sans pilote (UGV) de taille moyenne, principalement utilis\u00e9e pour la recherche, le d\u00e9veloppement de la navigation autonome et les applications ext\u00e9rieures exigeantes telles que l&#039;agriculture et l&#039;inspection. Contrairement aux appareils \u00e9lectroniques grand public aux appellations similaires, ce robot robuste \u00e0 direction Ackermann est capable de transporter des charges utiles importantes sur des terrains complexes.","robots":{"index":"index","follow":"follow","max-snippet":"max-snippet:-1","max-image-preview":"max-image-preview:large","max-video-preview":"max-video-preview:-1"},"canonical":"https:\/\/www.ghostysky.com\/fr\/product\/yuhesen-mk-mid\/","og_locale":"fr_FR","og_type":"article","og_title":"Yuhesen MK-Mid - Ghostysky","og_description":"The Yuhesen MK-mid is an industrial-grade, all-terrain robotic chassis designed by Shenzhen Yuhesen Technology. It is a mid-sized Unmanned Ground Vehicle (UGV) platform primarily used for research, autonomous navigation development, and rugged outdoor applications like agriculture and inspection.Unlike consumer electronics with similar naming conventions, this is a heavy-duty \"Ackermann steering\" robot capable of carrying significant payloads over complex terrain.","og_url":"https:\/\/www.ghostysky.com\/fr\/product\/yuhesen-mk-mid\/","og_site_name":"Ghostysky","article_publisher":"https:\/\/www.facebook.com\/people\/Ghostysky\/100057676170234\/","article_modified_time":"2026-04-12T08:07:09+00:00","og_image":[{"width":300,"height":240,"url":"https:\/\/www.ghostysky.com\/wp-content\/uploads\/2026\/03\/GH_Yuhesen_MK_Mid_0.png","type":"image\/png"}],"twitter_card":"summary_large_image","twitter_site":"@Gh0stysky","twitter_misc":{"Dur\u00e9e de lecture estim\u00e9e":"2 minutes"},"schema":{"@context":"https:\/\/schema.org","@graph":[{"@type":"WebPage","@id":"https:\/\/www.ghostysky.com\/product\/yuhesen-mk-mid\/","url":"https:\/\/www.ghostysky.com\/product\/yuhesen-mk-mid\/","name":"Yuhesen MK-Mid - Ghostysky","isPartOf":{"@id":"https:\/\/www.ghostysky.com\/#website"},"primaryImageOfPage":{"@id":"https:\/\/www.ghostysky.com\/product\/yuhesen-mk-mid\/#primaryimage"},"image":{"@id":"https:\/\/www.ghostysky.com\/product\/yuhesen-mk-mid\/#primaryimage"},"thumbnailUrl":"https:\/\/www.ghostysky.com\/wp-content\/uploads\/2026\/03\/GH_Yuhesen_MK_Mid_0.png","datePublished":"2026-03-08T09:22:12+00:00","dateModified":"2026-04-12T08:07:09+00:00","description":"Le Yuhesen MK-mid est un ch\u00e2ssis robotique tout-terrain de qualit\u00e9 industrielle con\u00e7u par Shenzhen Yuhesen Technology. Il s&#039;agit d&#039;une plateforme de v\u00e9hicule terrestre sans pilote (UGV) de taille moyenne, principalement utilis\u00e9e pour la recherche, le d\u00e9veloppement de la navigation autonome et les applications ext\u00e9rieures exigeantes telles que l&#039;agriculture et l&#039;inspection. Contrairement aux appareils \u00e9lectroniques grand public aux appellations similaires, ce robot robuste \u00e0 direction Ackermann est capable de transporter des charges utiles importantes sur des terrains complexes.","breadcrumb":{"@id":"https:\/\/www.ghostysky.com\/product\/yuhesen-mk-mid\/#breadcrumb"},"inLanguage":"fr-FR","potentialAction":[{"@type":"ReadAction","target":["https:\/\/www.ghostysky.com\/product\/yuhesen-mk-mid\/"]}]},{"@type":"ImageObject","inLanguage":"fr-FR","@id":"https:\/\/www.ghostysky.com\/product\/yuhesen-mk-mid\/#primaryimage","url":"https:\/\/www.ghostysky.com\/wp-content\/uploads\/2026\/03\/GH_Yuhesen_MK_Mid_0.png","contentUrl":"https:\/\/www.ghostysky.com\/wp-content\/uploads\/2026\/03\/GH_Yuhesen_MK_Mid_0.png","width":300,"height":240},{"@type":"BreadcrumbList","@id":"https:\/\/www.ghostysky.com\/product\/yuhesen-mk-mid\/#breadcrumb","itemListElement":[{"@type":"ListItem","position":1,"name":"Home","item":"https:\/\/www.ghostysky.com\/"},{"@type":"ListItem","position":2,"name":"Shop","item":"https:\/\/www.ghostysky.com\/shop\/"},{"@type":"ListItem","position":3,"name":"Yuhesen MK-Mid"}]},{"@type":"WebSite","@id":"https:\/\/www.ghostysky.com\/#website","url":"https:\/\/www.ghostysky.com\/","name":"Ghostysky","description":"Livraison de drones et de services professionnels","publisher":{"@id":"https:\/\/www.ghostysky.com\/#organization"},"potentialAction":[{"@type":"SearchAction","target":{"@type":"EntryPoint","urlTemplate":"https:\/\/www.ghostysky.com\/?s={search_term_string}"},"query-input":{"@type":"PropertyValueSpecification","valueRequired":true,"valueName":"search_term_string"}}],"inLanguage":"fr-FR"},{"@type":"Organization","@id":"https:\/\/www.ghostysky.com\/#organization","name":"Ghostysky","url":"https:\/\/www.ghostysky.com\/","logo":{"@type":"ImageObject","inLanguage":"fr-FR","@id":"https:\/\/www.ghostysky.com\/#\/schema\/logo\/image\/","url":"https:\/\/www.ghostysky.com\/wp-content\/uploads\/2020\/06\/cropped-ghostyskylogo_text_white2.png","contentUrl":"https:\/\/www.ghostysky.com\/wp-content\/uploads\/2020\/06\/cropped-ghostyskylogo_text_white2.png","width":169,"height":56,"caption":"Ghostysky"},"image":{"@id":"https:\/\/www.ghostysky.com\/#\/schema\/logo\/image\/"},"sameAs":["https:\/\/www.facebook.com\/people\/Ghostysky\/100057676170234\/","https:\/\/x.com\/Gh0stysky","https:\/\/www.linkedin.com\/company\/34739653","https:\/\/www.instagram.com\/gh0stysky"]}]}},"_links":{"self":[{"href":"https:\/\/www.ghostysky.com\/fr\/wp-json\/wp\/v2\/product\/24400","targetHints":{"allow":["GET"]}}],"collection":[{"href":"https:\/\/www.ghostysky.com\/fr\/wp-json\/wp\/v2\/product"}],"about":[{"href":"https:\/\/www.ghostysky.com\/fr\/wp-json\/wp\/v2\/types\/product"}],"replies":[{"embeddable":true,"href":"https:\/\/www.ghostysky.com\/fr\/wp-json\/wp\/v2\/comments?post=24400"}],"wp:featuredmedia":[{"embeddable":true,"href":"https:\/\/www.ghostysky.com\/fr\/wp-json\/wp\/v2\/media\/24401"}],"wp:attachment":[{"href":"https:\/\/www.ghostysky.com\/fr\/wp-json\/wp\/v2\/media?parent=24400"}],"wp:term":[{"taxonomy":"product_brand","embeddable":true,"href":"https:\/\/www.ghostysky.com\/fr\/wp-json\/wp\/v2\/product_brand?post=24400"},{"taxonomy":"product_cat","embeddable":true,"href":"https:\/\/www.ghostysky.com\/fr\/wp-json\/wp\/v2\/product_cat?post=24400"},{"taxonomy":"product_tag","embeddable":true,"href":"https:\/\/www.ghostysky.com\/fr\/wp-json\/wp\/v2\/product_tag?post=24400"}],"curies":[{"name":"wp","href":"https:\/\/api.w.org\/{rel}","templated":true}]}}