{"id":24430,"date":"2026-03-16T09:48:50","date_gmt":"2026-03-16T09:48:50","guid":{"rendered":"https:\/\/www.ghostysky.com\/?post_type=product&#038;p=24430"},"modified":"2026-03-16T10:00:27","modified_gmt":"2026-03-16T10:00:27","slug":"unitree-g1-edu-ultimate-e-u7","status":"publish","type":"product","link":"https:\/\/www.ghostysky.com\/fr\/product\/unitree-g1-edu-ultimate-e-u7\/","title":{"rendered":"Unitree G1 EDU Ultime E (U7)"},"content":{"rendered":"<div id=\"model-response-message-contentr_c0565deda99f03ad\" class=\"markdown markdown-main-panel stronger enable-updated-hr-color\" dir=\"ltr\">\n<div id=\"model-response-message-contentr_0f28adeca7555db0\" class=\"markdown markdown-main-panel stronger enable-updated-hr-color\" dir=\"ltr\">\n<h3 data-path-to-node=\"2\">Principales fonctionnalit\u00e9s et capacit\u00e9s<\/h3>\n<h3 data-path-to-node=\"3\">1. <span class=\"citation-190 citation-end-190\">Dext\u00e9rit\u00e9 sup\u00e9rieure (41 degr\u00e9s de libert\u00e9)<\/span><\/h3>\n<p id=\"p-rc_9fd72c72d79213f6-65\" data-path-to-node=\"4\">La variante U7 est con\u00e7ue pour des manipulations complexes. <span class=\"citation-189 citation-end-189\">Alors que les mod\u00e8les G1 de base ont une autonomie limit\u00e9e, l&#039;Ultimate E offre les caract\u00e9ristiques suivantes\u00a0:<\/span><\/p>\n<ul data-path-to-node=\"5\">\n<li>\n<p id=\"p-rc_9fd72c72d79213f6-66\" data-path-to-node=\"5,0,0\"><b data-path-to-node=\"5,0,0\" data-index-in-node=\"0\"><span class=\"citation-188\">Deux mains \u00e0 5 doigts :<\/span><\/b><span class=\"citation-188\"> \u00c9quip\u00e9 de <\/span><b data-path-to-node=\"5,0,0\" data-index-in-node=\"35\"><span class=\"citation-188\">BrainCo Revo 2 Basic<\/span><\/b><span class=\"citation-188 citation-end-188\"> des mains habiles \u00e0 cinq doigts.<\/span><\/p>\n<\/li>\n<li>\n<p data-path-to-node=\"5,1,0\"><b data-path-to-node=\"5,1,0\" data-index-in-node=\"0\">Do de libert\u00e9 total :<\/b> 41 degr\u00e9s de libert\u00e9 sur l&#039;ensemble du corps (Jambes : 12, Taille : 3, Bras : 14, Mains : 12).<\/p>\n<\/li>\n<li>\n<p id=\"p-rc_9fd72c72d79213f6-67\" data-path-to-node=\"5,2,0\"><b data-path-to-node=\"5,2,0\" data-index-in-node=\"0\">Contr\u00f4le de pr\u00e9cision :<\/b><span class=\"citation-187 citation-end-187\"> La commande hybride force-position sensible permet au robot de manipuler des objets d\u00e9licats, de verser des boissons ou d&#039;effectuer des t\u00e2ches de laboratoire structur\u00e9es.<\/span><\/p>\n<div class=\"source-inline-chip-container ng-star-inserted\"><\/div>\n<\/li>\n<\/ul>\n<h3 data-path-to-node=\"6\">2. Informatique IA de pointe<\/h3>\n<p data-path-to-node=\"7\">Pour g\u00e9rer la reconnaissance spatiale en temps r\u00e9el et l&#039;apprentissage par renforcement, le U7 est un concentr\u00e9 de puissance mobile\u00a0:<\/p>\n<ul data-path-to-node=\"8\">\n<li>\n<p id=\"p-rc_9fd72c72d79213f6-68\" data-path-to-node=\"8,0,0\"><b data-path-to-node=\"8,0,0\" data-index-in-node=\"0\"><span class=\"citation-186\">NVIDIA Jetson Origine :<\/span><\/b><span class=\"citation-186\"> Fournit une quantit\u00e9 massive <\/span><b data-path-to-node=\"8,0,0\" data-index-in-node=\"39\"><span class=\"citation-186\">100 TOPS<\/span><\/b><span class=\"citation-186 citation-end-186\"> (T\u00e9ra Op\u00e9rations par Seconde) de puissance de calcul IA.<\/span><\/p>\n<\/li>\n<li>\n<p id=\"p-rc_9fd72c72d79213f6-69\" data-path-to-node=\"8,1,0\"><b data-path-to-node=\"8,1,0\" data-index-in-node=\"0\"><span class=\"citation-185\">Processeur \u00e0 8 c\u0153urs\u00a0:<\/span><\/b><span class=\"citation-185 citation-end-185\"> G\u00e8re simultan\u00e9ment la logique de haut niveau et le traitement en temps r\u00e9el.<\/span><\/p>\n<\/li>\n<li>\n<p data-path-to-node=\"8,2,0\"><b data-path-to-node=\"8,2,0\" data-index-in-node=\"0\">Assistance UnifoLM\u00a0:<\/b> Optimis\u00e9 pour le mod\u00e8le Unitree Robot Unified Large Model, facilitant l&#039;apprentissage rapide et l&#039;adaptation \u00e0 l&#039;environnement.<\/p>\n<\/li>\n<\/ul>\n<p>&nbsp;<\/p>\n<h3 data-path-to-node=\"9\">3. Perception et mouvement avanc\u00e9s<\/h3>\n<ul data-path-to-node=\"10\">\n<li>\n<p id=\"p-rc_9fd72c72d79213f6-70\" data-path-to-node=\"10,0,0\"><b data-path-to-node=\"10,0,0\" data-index-in-node=\"0\"><span class=\"citation-184\">Capteurs :<\/span><\/b><span class=\"citation-184\"> Comprend un <\/span><b data-path-to-node=\"10,0,0\" data-index-in-node=\"20\"><span class=\"citation-184\">LiDAR 3D (Livox MID-360)<\/span><\/b><span class=\"citation-184\"> pour la cartographie \u00e0 360\u00b0 et un <\/span><b data-path-to-node=\"10,0,0\" data-index-in-node=\"69\"><span class=\"citation-184\">Cam\u00e9ra de profondeur Intel RealSense<\/span><\/b><span class=\"citation-184 citation-end-184\"> pour la perception visuelle de la profondeur.<\/span><\/p>\n<\/li>\n<li>\n<p id=\"p-rc_9fd72c72d79213f6-71\" data-path-to-node=\"10,1,0\"><b data-path-to-node=\"10,1,0\" data-index-in-node=\"0\"><span class=\"citation-183\">Locomotion dynamique :<\/span><\/b><span class=\"citation-183\"> Capable de fonctionner \u00e0 des vitesses allant jusqu&#039;\u00e0 <\/span><b data-path-to-node=\"10,1,0\" data-index-in-node=\"55\"><span class=\"citation-183\">2 m\/s<\/span><\/b><span class=\"citation-183\"> et d&#039;effectuer des man\u0153uvres de grande agilit\u00e9 (comme sauter ou se relever apr\u00e8s une chute) gr\u00e2ce \u00e0 sa <\/span><b data-path-to-node=\"10,1,0\" data-index-in-node=\"151\"><span class=\"citation-183\">120 N\u00b7m<\/span><\/b><span class=\"citation-183 citation-end-183\"> Couple de pointe au genou.<\/span><\/p>\n<\/li>\n<li>\n<p id=\"p-rc_9fd72c72d79213f6-72\" data-path-to-node=\"10,2,0\"><b data-path-to-node=\"10,2,0\" data-index-in-node=\"0\"><span class=\"citation-182\">Interaction audio\u00a0:<\/span><\/b><span class=\"citation-182 citation-end-182\"> R\u00e9seau int\u00e9gr\u00e9 de 4 microphones (avec r\u00e9duction du bruit) et un haut-parleur de 5 W pour l&#039;interaction vocale homme-robot.<\/span><\/p>\n<div class=\"source-inline-chip-container ng-star-inserted\"><\/div>\n<p>&nbsp;<\/li>\n<\/ul>\n<h3 data-path-to-node=\"12\">Sp\u00e9cifications techniques<\/h3>\n<table data-path-to-node=\"13\">\n<thead>\n<tr>\n<td><strong>Fonctionnalit\u00e9<\/strong><\/td>\n<td><strong>Sp\u00e9cification<\/strong><\/td>\n<\/tr>\n<\/thead>\n<tbody>\n<tr>\n<td><span data-path-to-node=\"13,1,0,0\"><b data-path-to-node=\"13,1,0,0\" data-index-in-node=\"0\">Hauteur (debout \/ pli\u00e9)<\/b><\/span><\/td>\n<td><span data-path-to-node=\"13,1,1,0\">1,32 m \/ 0,69 m<\/span><\/td>\n<\/tr>\n<tr>\n<td><span data-path-to-node=\"13,2,0,0\"><b data-path-to-node=\"13,2,0,0\" data-index-in-node=\"0\">Poids<\/b><\/span><\/td>\n<td><span data-path-to-node=\"13,2,1,0\">~35 kg (batterie comprise)<\/span><\/td>\n<\/tr>\n<tr>\n<td><span data-path-to-node=\"13,3,0,0\"><b data-path-to-node=\"13,3,0,0\" data-index-in-node=\"0\">Batterie<\/b><\/span><\/td>\n<td><span data-path-to-node=\"13,3,1,0\">Batterie externe 9000 mAh \u00e0 d\u00e9gagement rapide (autonomie d&#039;environ 2 heures)<\/span><\/td>\n<\/tr>\n<tr>\n<td><span data-path-to-node=\"13,4,0,0\"><b data-path-to-node=\"13,4,0,0\" data-index-in-node=\"0\">Charge utile du bras<\/b><\/span><\/td>\n<td><span data-path-to-node=\"13,4,1,0\">Jusqu&#039;\u00e0 3 kg<\/span><\/td>\n<\/tr>\n<tr>\n<td><span data-path-to-node=\"13,5,0,0\"><b data-path-to-node=\"13,5,0,0\" data-index-in-node=\"0\">Degr\u00e9s de libert\u00e9 (DoF)<\/b><\/span><\/td>\n<td><span data-path-to-node=\"13,5,1,0\">41 au total<\/span><\/td>\n<\/tr>\n<tr>\n<td><span data-path-to-node=\"13,6,0,0\"><b data-path-to-node=\"13,6,0,0\" data-index-in-node=\"0\">Connectivit\u00e9<\/b><\/span><\/td>\n<td><span data-path-to-node=\"13,6,1,0\">Wi-Fi 6, Bluetooth 5.2<\/span><\/td>\n<\/tr>\n<tr>\n<td><span data-path-to-node=\"13,7,0,0\"><b data-path-to-node=\"13,7,0,0\" data-index-in-node=\"0\">D\u00e9veloppement secondaire<\/b><\/span><\/td>\n<td><span data-path-to-node=\"13,7,1,0\">Prise en charge compl\u00e8te (Python, C++, ROS, Linux)<\/span><\/td>\n<\/tr>\n<\/tbody>\n<\/table>\n<p>&nbsp;<\/p>\n<p>&nbsp;<\/p>\n<h3 data-path-to-node=\"15\">Pourquoi choisir la version U7 ?<\/h3>\n<p data-path-to-node=\"16\">La d\u00e9signation \u201c U7 \u201d indique sp\u00e9cifiquement qu&#039;il s&#039;agit d&#039;un <b data-path-to-node=\"16\" data-index-in-node=\"50\">variante \u00e9ducative haut de gamme<\/b> qui comble le foss\u00e9 entre l&#039;IA th\u00e9orique et l&#039;interaction avec le monde physique. Son int\u00e9gration de mains \u00e0 cinq doigts semblables \u00e0 celles de l&#039;humain en fait le choix privil\u00e9gi\u00e9 des laboratoires ax\u00e9s sur <b data-path-to-node=\"16\" data-index-in-node=\"249\">motricit\u00e9 fine<\/b>, <b data-path-to-node=\"16\" data-index-in-node=\"268\">collaboration homme-robot<\/b>, et <b data-path-to-node=\"16\" data-index-in-node=\"299\">t\u00e2ches de service autonomes<\/b>.<\/p>\n<\/div>\n<\/div>","protected":false},"excerpt":{"rendered":"<p><span class=\"citation-192\">Le <\/span><b data-path-to-node=\"0\" data-index-in-node=\"4\"><span class=\"citation-192\">Unitree G1 EDU Ultime E (U7)<\/span><\/b><span class=\"citation-192 citation-end-192\"> est un robot humano\u00efde bip\u00e8de haute performance con\u00e7u sp\u00e9cifiquement pour la recherche avanc\u00e9e, le d\u00e9veloppement de l&#039;IA et les applications \u00e9ducatives.<\/span> <span class=\"citation-191\">Faisant partie du niveau \u201c\u00a0Ultime\u00a0\u201d de la s\u00e9rie G1, la configuration U7 se distingue par son int\u00e9gration de technologies avanc\u00e9es. <\/span><b data-path-to-node=\"0\" data-index-in-node=\"290\"><span class=\"citation-191\">mains habiles \u00e0 5 doigts<\/span><\/b><span class=\"citation-191 citation-end-191\">, allant au-del\u00e0 des pinces de base que l&#039;on trouve sur les mod\u00e8les standard.<\/span><\/p>\n<div class=\"source-inline-chip-container ng-star-inserted\"><\/div>","protected":false},"featured_media":21524,"comment_status":"open","ping_status":"closed","template":"","meta":[],"product_brand":[1087],"product_cat":[1038,1037,1103],"product_tag":[1088,1110,1109,1105],"class_list":{"0":"post-24430","1":"product","2":"type-product","3":"status-publish","4":"has-post-thumbnail","6":"product_brand-unitree","7":"product_cat-humanoid","8":"product_cat-robotics","9":"product_cat-unitree-hum-robots","10":"product_tag-unitree","11":"product_tag-unitree-g1-robot","12":"product_tag-unitree-g1-series","13":"product_tag-unitree-humanoid","15":"first","16":"onbackorder","17":"taxable","18":"shipping-taxable","19":"purchasable","20":"product-type-simple"},"yoast_head":"<!-- This site is optimized with the Yoast SEO plugin v27.1.1 - https:\/\/yoast.com\/product\/yoast-seo-wordpress\/ -->\n<title>Unitree G1 EDU Ultimate E (U7) - Ghostysky<\/title>\n<meta name=\"description\" content=\"The Unitree G1 EDU Ultimate E (U7) is a high-performance, bipedal humanoid robot designed specifically for advanced research, AI development, and educational applications. As part of the &quot;Ultimate&quot; tier of the G1 series, the U7 configuration is distinguished by its integration of advanced 5-finger dexterous hands, moving beyond the basic grippers found on standard models.\" \/>\n<meta name=\"robots\" content=\"index, follow, max-snippet:-1, max-image-preview:large, max-video-preview:-1\" \/>\n<link rel=\"canonical\" href=\"https:\/\/www.ghostysky.com\/fr\/product\/unitree-g1-edu-ultimate-e-u7\/\" \/>\n<meta property=\"og:locale\" content=\"fr_FR\" \/>\n<meta property=\"og:type\" content=\"article\" \/>\n<meta property=\"og:title\" content=\"Unitree G1 EDU Ultimate E (U7) - Ghostysky\" \/>\n<meta property=\"og:description\" content=\"The Unitree G1 EDU Ultimate E (U7) is a high-performance, bipedal humanoid robot designed specifically for advanced research, AI development, and educational applications. As part of the &quot;Ultimate&quot; tier of the G1 series, the U7 configuration is distinguished by its integration of advanced 5-finger dexterous hands, moving beyond the basic grippers found on standard models.\" \/>\n<meta property=\"og:url\" content=\"https:\/\/www.ghostysky.com\/fr\/product\/unitree-g1-edu-ultimate-e-u7\/\" \/>\n<meta property=\"og:site_name\" content=\"Ghostysky\" \/>\n<meta property=\"article:publisher\" content=\"https:\/\/www.facebook.com\/people\/Ghostysky\/100057676170234\/\" \/>\n<meta property=\"article:modified_time\" content=\"2026-03-16T10:00:27+00:00\" \/>\n<meta property=\"og:image\" content=\"https:\/\/www.ghostysky.com\/wp-content\/uploads\/2025\/10\/GH_G1-Humanoid_1.png\" \/>\n\t<meta property=\"og:image:width\" content=\"650\" \/>\n\t<meta property=\"og:image:height\" content=\"650\" \/>\n\t<meta property=\"og:image:type\" content=\"image\/png\" \/>\n<meta name=\"twitter:card\" content=\"summary_large_image\" \/>\n<meta name=\"twitter:site\" content=\"@Gh0stysky\" \/>\n<meta name=\"twitter:label1\" content=\"Dur\u00e9e de lecture estim\u00e9e\" \/>\n\t<meta name=\"twitter:data1\" content=\"2 minutes\" \/>\n<script type=\"application\/ld+json\" class=\"yoast-schema-graph\">{\"@context\":\"https:\/\/schema.org\",\"@graph\":[{\"@type\":\"WebPage\",\"@id\":\"https:\/\/www.ghostysky.com\/product\/unitree-g1-edu-ultimate-e-u7\/\",\"url\":\"https:\/\/www.ghostysky.com\/product\/unitree-g1-edu-ultimate-e-u7\/\",\"name\":\"Unitree G1 EDU Ultimate E (U7) - Ghostysky\",\"isPartOf\":{\"@id\":\"https:\/\/www.ghostysky.com\/#website\"},\"primaryImageOfPage\":{\"@id\":\"https:\/\/www.ghostysky.com\/product\/unitree-g1-edu-ultimate-e-u7\/#primaryimage\"},\"image\":{\"@id\":\"https:\/\/www.ghostysky.com\/product\/unitree-g1-edu-ultimate-e-u7\/#primaryimage\"},\"thumbnailUrl\":\"https:\/\/www.ghostysky.com\/wp-content\/uploads\/2025\/10\/GH_G1-Humanoid_1.png\",\"datePublished\":\"2026-03-16T09:48:50+00:00\",\"dateModified\":\"2026-03-16T10:00:27+00:00\",\"description\":\"The Unitree G1 EDU Ultimate E (U7) is a high-performance, bipedal humanoid robot designed specifically for advanced research, AI development, and educational applications. As part of the \\\"Ultimate\\\" tier of the G1 series, the U7 configuration is distinguished by its integration of advanced 5-finger dexterous hands, moving beyond the basic grippers found on standard models.\",\"breadcrumb\":{\"@id\":\"https:\/\/www.ghostysky.com\/product\/unitree-g1-edu-ultimate-e-u7\/#breadcrumb\"},\"inLanguage\":\"fr-FR\",\"potentialAction\":[{\"@type\":\"ReadAction\",\"target\":[\"https:\/\/www.ghostysky.com\/product\/unitree-g1-edu-ultimate-e-u7\/\"]}]},{\"@type\":\"ImageObject\",\"inLanguage\":\"fr-FR\",\"@id\":\"https:\/\/www.ghostysky.com\/product\/unitree-g1-edu-ultimate-e-u7\/#primaryimage\",\"url\":\"https:\/\/www.ghostysky.com\/wp-content\/uploads\/2025\/10\/GH_G1-Humanoid_1.png\",\"contentUrl\":\"https:\/\/www.ghostysky.com\/wp-content\/uploads\/2025\/10\/GH_G1-Humanoid_1.png\",\"width\":650,\"height\":650},{\"@type\":\"BreadcrumbList\",\"@id\":\"https:\/\/www.ghostysky.com\/product\/unitree-g1-edu-ultimate-e-u7\/#breadcrumb\",\"itemListElement\":[{\"@type\":\"ListItem\",\"position\":1,\"name\":\"Home\",\"item\":\"https:\/\/www.ghostysky.com\/\"},{\"@type\":\"ListItem\",\"position\":2,\"name\":\"Shop\",\"item\":\"https:\/\/www.ghostysky.com\/shop\/\"},{\"@type\":\"ListItem\",\"position\":3,\"name\":\"Unitree G1 EDU Ultimate E (U7)\"}]},{\"@type\":\"WebSite\",\"@id\":\"https:\/\/www.ghostysky.com\/#website\",\"url\":\"https:\/\/www.ghostysky.com\/\",\"name\":\"Ghostysky\",\"description\":\"Delivering professional drones and services\",\"publisher\":{\"@id\":\"https:\/\/www.ghostysky.com\/#organization\"},\"potentialAction\":[{\"@type\":\"SearchAction\",\"target\":{\"@type\":\"EntryPoint\",\"urlTemplate\":\"https:\/\/www.ghostysky.com\/?s={search_term_string}\"},\"query-input\":{\"@type\":\"PropertyValueSpecification\",\"valueRequired\":true,\"valueName\":\"search_term_string\"}}],\"inLanguage\":\"fr-FR\"},{\"@type\":\"Organization\",\"@id\":\"https:\/\/www.ghostysky.com\/#organization\",\"name\":\"Ghostysky\",\"url\":\"https:\/\/www.ghostysky.com\/\",\"logo\":{\"@type\":\"ImageObject\",\"inLanguage\":\"fr-FR\",\"@id\":\"https:\/\/www.ghostysky.com\/#\/schema\/logo\/image\/\",\"url\":\"https:\/\/www.ghostysky.com\/wp-content\/uploads\/2020\/06\/cropped-ghostyskylogo_text_white2.png\",\"contentUrl\":\"https:\/\/www.ghostysky.com\/wp-content\/uploads\/2020\/06\/cropped-ghostyskylogo_text_white2.png\",\"width\":169,\"height\":56,\"caption\":\"Ghostysky\"},\"image\":{\"@id\":\"https:\/\/www.ghostysky.com\/#\/schema\/logo\/image\/\"},\"sameAs\":[\"https:\/\/www.facebook.com\/people\/Ghostysky\/100057676170234\/\",\"https:\/\/x.com\/Gh0stysky\",\"https:\/\/www.linkedin.com\/company\/34739653\",\"https:\/\/www.instagram.com\/gh0stysky\"]}]}<\/script>\n<!-- \/ Yoast SEO plugin. -->","yoast_head_json":{"title":"Unitree G1 EDU Ultimate E (U7) - Ghostysky","description":"L&#039;Unitree G1 EDU Ultimate E (U7) est un robot humano\u00efde bip\u00e8de haute performance con\u00e7u sp\u00e9cifiquement pour la recherche avanc\u00e9e, le d\u00e9veloppement de l&#039;IA et les applications \u00e9ducatives. Appartenant \u00e0 la gamme \"\u00a0Ultimate\u00a0\" de la s\u00e9rie G1, la configuration U7 se distingue par l&#039;int\u00e9gration de mains \u00e0 cinq doigts d&#039;une dext\u00e9rit\u00e9 accrue, surpassant les pinces de base des mod\u00e8les standard.","robots":{"index":"index","follow":"follow","max-snippet":"max-snippet:-1","max-image-preview":"max-image-preview:large","max-video-preview":"max-video-preview:-1"},"canonical":"https:\/\/www.ghostysky.com\/fr\/product\/unitree-g1-edu-ultimate-e-u7\/","og_locale":"fr_FR","og_type":"article","og_title":"Unitree G1 EDU Ultimate E (U7) - Ghostysky","og_description":"The Unitree G1 EDU Ultimate E (U7) is a high-performance, bipedal humanoid robot designed specifically for advanced research, AI development, and educational applications. As part of the \"Ultimate\" tier of the G1 series, the U7 configuration is distinguished by its integration of advanced 5-finger dexterous hands, moving beyond the basic grippers found on standard models.","og_url":"https:\/\/www.ghostysky.com\/fr\/product\/unitree-g1-edu-ultimate-e-u7\/","og_site_name":"Ghostysky","article_publisher":"https:\/\/www.facebook.com\/people\/Ghostysky\/100057676170234\/","article_modified_time":"2026-03-16T10:00:27+00:00","og_image":[{"width":650,"height":650,"url":"https:\/\/www.ghostysky.com\/wp-content\/uploads\/2025\/10\/GH_G1-Humanoid_1.png","type":"image\/png"}],"twitter_card":"summary_large_image","twitter_site":"@Gh0stysky","twitter_misc":{"Dur\u00e9e de lecture estim\u00e9e":"2 minutes"},"schema":{"@context":"https:\/\/schema.org","@graph":[{"@type":"WebPage","@id":"https:\/\/www.ghostysky.com\/product\/unitree-g1-edu-ultimate-e-u7\/","url":"https:\/\/www.ghostysky.com\/product\/unitree-g1-edu-ultimate-e-u7\/","name":"Unitree G1 EDU Ultimate E (U7) - Ghostysky","isPartOf":{"@id":"https:\/\/www.ghostysky.com\/#website"},"primaryImageOfPage":{"@id":"https:\/\/www.ghostysky.com\/product\/unitree-g1-edu-ultimate-e-u7\/#primaryimage"},"image":{"@id":"https:\/\/www.ghostysky.com\/product\/unitree-g1-edu-ultimate-e-u7\/#primaryimage"},"thumbnailUrl":"https:\/\/www.ghostysky.com\/wp-content\/uploads\/2025\/10\/GH_G1-Humanoid_1.png","datePublished":"2026-03-16T09:48:50+00:00","dateModified":"2026-03-16T10:00:27+00:00","description":"L&#039;Unitree G1 EDU Ultimate E (U7) est un robot humano\u00efde bip\u00e8de haute performance con\u00e7u sp\u00e9cifiquement pour la recherche avanc\u00e9e, le d\u00e9veloppement de l&#039;IA et les applications \u00e9ducatives. Appartenant \u00e0 la gamme \"\u00a0Ultimate\u00a0\" de la s\u00e9rie G1, la configuration U7 se distingue par l&#039;int\u00e9gration de mains \u00e0 cinq doigts d&#039;une dext\u00e9rit\u00e9 accrue, surpassant les pinces de base des mod\u00e8les standard.","breadcrumb":{"@id":"https:\/\/www.ghostysky.com\/product\/unitree-g1-edu-ultimate-e-u7\/#breadcrumb"},"inLanguage":"fr-FR","potentialAction":[{"@type":"ReadAction","target":["https:\/\/www.ghostysky.com\/product\/unitree-g1-edu-ultimate-e-u7\/"]}]},{"@type":"ImageObject","inLanguage":"fr-FR","@id":"https:\/\/www.ghostysky.com\/product\/unitree-g1-edu-ultimate-e-u7\/#primaryimage","url":"https:\/\/www.ghostysky.com\/wp-content\/uploads\/2025\/10\/GH_G1-Humanoid_1.png","contentUrl":"https:\/\/www.ghostysky.com\/wp-content\/uploads\/2025\/10\/GH_G1-Humanoid_1.png","width":650,"height":650},{"@type":"BreadcrumbList","@id":"https:\/\/www.ghostysky.com\/product\/unitree-g1-edu-ultimate-e-u7\/#breadcrumb","itemListElement":[{"@type":"ListItem","position":1,"name":"Home","item":"https:\/\/www.ghostysky.com\/"},{"@type":"ListItem","position":2,"name":"Shop","item":"https:\/\/www.ghostysky.com\/shop\/"},{"@type":"ListItem","position":3,"name":"Unitree G1 EDU Ultimate E (U7)"}]},{"@type":"WebSite","@id":"https:\/\/www.ghostysky.com\/#website","url":"https:\/\/www.ghostysky.com\/","name":"Ghostysky","description":"Livraison de drones et de services professionnels","publisher":{"@id":"https:\/\/www.ghostysky.com\/#organization"},"potentialAction":[{"@type":"SearchAction","target":{"@type":"EntryPoint","urlTemplate":"https:\/\/www.ghostysky.com\/?s={search_term_string}"},"query-input":{"@type":"PropertyValueSpecification","valueRequired":true,"valueName":"search_term_string"}}],"inLanguage":"fr-FR"},{"@type":"Organization","@id":"https:\/\/www.ghostysky.com\/#organization","name":"Ghostysky","url":"https:\/\/www.ghostysky.com\/","logo":{"@type":"ImageObject","inLanguage":"fr-FR","@id":"https:\/\/www.ghostysky.com\/#\/schema\/logo\/image\/","url":"https:\/\/www.ghostysky.com\/wp-content\/uploads\/2020\/06\/cropped-ghostyskylogo_text_white2.png","contentUrl":"https:\/\/www.ghostysky.com\/wp-content\/uploads\/2020\/06\/cropped-ghostyskylogo_text_white2.png","width":169,"height":56,"caption":"Ghostysky"},"image":{"@id":"https:\/\/www.ghostysky.com\/#\/schema\/logo\/image\/"},"sameAs":["https:\/\/www.facebook.com\/people\/Ghostysky\/100057676170234\/","https:\/\/x.com\/Gh0stysky","https:\/\/www.linkedin.com\/company\/34739653","https:\/\/www.instagram.com\/gh0stysky"]}]}},"_links":{"self":[{"href":"https:\/\/www.ghostysky.com\/fr\/wp-json\/wp\/v2\/product\/24430","targetHints":{"allow":["GET"]}}],"collection":[{"href":"https:\/\/www.ghostysky.com\/fr\/wp-json\/wp\/v2\/product"}],"about":[{"href":"https:\/\/www.ghostysky.com\/fr\/wp-json\/wp\/v2\/types\/product"}],"replies":[{"embeddable":true,"href":"https:\/\/www.ghostysky.com\/fr\/wp-json\/wp\/v2\/comments?post=24430"}],"wp:featuredmedia":[{"embeddable":true,"href":"https:\/\/www.ghostysky.com\/fr\/wp-json\/wp\/v2\/media\/21524"}],"wp:attachment":[{"href":"https:\/\/www.ghostysky.com\/fr\/wp-json\/wp\/v2\/media?parent=24430"}],"wp:term":[{"taxonomy":"product_brand","embeddable":true,"href":"https:\/\/www.ghostysky.com\/fr\/wp-json\/wp\/v2\/product_brand?post=24430"},{"taxonomy":"product_cat","embeddable":true,"href":"https:\/\/www.ghostysky.com\/fr\/wp-json\/wp\/v2\/product_cat?post=24430"},{"taxonomy":"product_tag","embeddable":true,"href":"https:\/\/www.ghostysky.com\/fr\/wp-json\/wp\/v2\/product_tag?post=24430"}],"curies":[{"name":"wp","href":"https:\/\/api.w.org\/{rel}","templated":true}]}}