{"id":24432,"date":"2026-03-16T10:01:56","date_gmt":"2026-03-16T10:01:56","guid":{"rendered":"https:\/\/www.ghostysky.com\/?post_type=product&#038;p=24432"},"modified":"2026-03-16T10:37:57","modified_gmt":"2026-03-16T10:37:57","slug":"unitre-g1-edu-professional-b-u10","status":"publish","type":"product","link":"https:\/\/www.ghostysky.com\/fr\/product\/unitre-g1-edu-professional-b-u10\/","title":{"rendered":"Unitre G1 EDU Professionnel B (U10)"},"content":{"rendered":"<div id=\"model-response-message-contentr_c0565deda99f03ad\" class=\"markdown markdown-main-panel stronger enable-updated-hr-color\" dir=\"ltr\">\n<div id=\"model-response-message-contentr_0f28adeca7555db0\" class=\"markdown markdown-main-panel stronger enable-updated-hr-color\" dir=\"ltr\">\n<h3 data-path-to-node=\"2\">Caract\u00e9ristiques techniques et performances principales<\/h3>\n<p id=\"p-rc_b9e67be1ec2dad1c-95\" data-path-to-node=\"3\"><span class=\"citation-321 citation-end-321\">Le U10 se distingue par son \u00e9quilibre entre puissance et articulation \u00e0 haut degr\u00e9 de libert\u00e9 (DoF), lui permettant d&#039;effectuer des mouvements qui imitent, voire d\u00e9passent, les capacit\u00e9s humaines.<\/span><\/p>\n<table data-path-to-node=\"4\">\n<thead>\n<tr>\n<td><strong>Fonctionnalit\u00e9<\/strong><\/td>\n<td><strong>Sp\u00e9cification<\/strong><\/td>\n<\/tr>\n<\/thead>\n<tbody>\n<tr>\n<td><span data-path-to-node=\"4,1,0,0\"><b data-path-to-node=\"4,1,0,0\" data-index-in-node=\"0\">Degr\u00e9s de libert\u00e9 totaux<\/b><\/span><\/td>\n<td><span data-path-to-node=\"4,1,1,0\"><b data-path-to-node=\"4,1,1,0\" data-index-in-node=\"0\">35 \u00e0 37 degr\u00e9s de libert\u00e9<\/b> (selon la configuration sp\u00e9cifique)<\/span><\/td>\n<\/tr>\n<tr>\n<td><span data-path-to-node=\"4,2,0,0\"><b data-path-to-node=\"4,2,0,0\" data-index-in-node=\"0\">Hauteur (debout)<\/b><\/span><\/td>\n<td><span data-path-to-node=\"4,2,1,0\">1320 mm (environ 4&#039;4\u2033)<\/span><\/td>\n<\/tr>\n<tr>\n<td><span data-path-to-node=\"4,3,0,0\"><b data-path-to-node=\"4,3,0,0\" data-index-in-node=\"0\">Poids<\/b><\/span><\/td>\n<td><span data-path-to-node=\"4,3,1,0\">~35 kg (batterie comprise)<\/span><\/td>\n<\/tr>\n<tr>\n<td><span data-path-to-node=\"4,4,0,0\"><b data-path-to-node=\"4,4,0,0\" data-index-in-node=\"0\">Couple de serrage de l&#039;articulation du genou<\/b><\/span><\/td>\n<td><span data-path-to-node=\"4,4,1,0\">120 N\u00b7m (Max)<\/span><\/td>\n<\/tr>\n<tr>\n<td><span data-path-to-node=\"4,5,0,0\"><b data-path-to-node=\"4,5,0,0\" data-index-in-node=\"0\">Charge utile du bras<\/b><\/span><\/td>\n<td><span data-path-to-node=\"4,5,1,0\">environ 3 kg<\/span><\/td>\n<\/tr>\n<tr>\n<td><span data-path-to-node=\"4,6,0,0\"><b data-path-to-node=\"4,6,0,0\" data-index-in-node=\"0\">Autonomie de la batterie<\/b><\/span><\/td>\n<td><span data-path-to-node=\"4,6,1,0\">~2 heures (batterie amovible de 9000 mAh)<\/span><\/td>\n<\/tr>\n<tr>\n<td><span data-path-to-node=\"4,7,0,0\"><b data-path-to-node=\"4,7,0,0\" data-index-in-node=\"0\">Vitesse maximale<\/b><\/span><\/td>\n<td><span data-path-to-node=\"4,7,1,0\">2 m\/s<\/span><\/td>\n<\/tr>\n<\/tbody>\n<\/table>\n<p>&nbsp;<\/p>\n<p>&nbsp;<\/p>\n<h3 data-path-to-node=\"6\">Principales caract\u00e9ristiques techniques<\/h3>\n<ul data-path-to-node=\"7\">\n<li>\n<p id=\"p-rc_b9e67be1ec2dad1c-96\" data-path-to-node=\"7,0,0\"><b data-path-to-node=\"7,0,0\" data-index-in-node=\"0\"><span class=\"citation-320\">Manipulation adroite :<\/span><\/b><span class=\"citation-320\"> Le U10 est g\u00e9n\u00e9ralement \u00e9quip\u00e9 de <\/span><b data-path-to-node=\"7,0,0\" data-index-in-node=\"59\"><span class=\"citation-320\">deux mains BrainCo \u00e0 cinq doigts<\/span><\/b><span class=\"citation-320\"> (Revo 2 Basic) ou <\/span><b data-path-to-node=\"7,0,0\" data-index-in-node=\"107\"><span class=\"citation-320\">Dex3-1 mains \u00e0 trois doigts contr\u00f4l\u00e9es par la force<\/span><\/b><span class=\"citation-320 citation-end-320\">.<\/span> <span class=\"citation-319 citation-end-319\">Ces capteurs comprennent des capteurs tactiles qui permettent au robot de manipuler des objets d\u00e9licats, comme un \u0153uf, ou d&#039;effectuer des t\u00e2ches pr\u00e9cises \u00e0 l&#039;aide d&#039;outils.<\/span><\/p>\n<\/li>\n<li>\n<p id=\"p-rc_b9e67be1ec2dad1c-97\" data-path-to-node=\"7,1,0\"><b data-path-to-node=\"7,1,0\" data-index-in-node=\"0\">Renseignements embarqu\u00e9s\u00a0:<\/b><span class=\"citation-318\"> Il comprend une mise \u00e0 niveau massive de la puissance de calcul gr\u00e2ce \u00e0 <\/span><b data-path-to-node=\"7,1,0\" data-index-in-node=\"79\"><span class=\"citation-318\">NVIDIA Jetson Orin<\/span><\/b><span class=\"citation-318\"> module, fournissant jusqu&#039;\u00e0 <\/span><b data-path-to-node=\"7,1,0\" data-index-in-node=\"122\"><span class=\"citation-318\">100 TOPS<\/span><\/b><span class=\"citation-318 citation-end-318\"> des performances de l&#039;IA.<\/span> Cela permet un apprentissage par renforcement en temps r\u00e9el et un traitement complexe des r\u00e9seaux neuronaux directement sur l&#039;appareil.<\/p>\n<\/li>\n<li>\n<p id=\"p-rc_b9e67be1ec2dad1c-98\" data-path-to-node=\"7,2,0\"><b data-path-to-node=\"7,2,0\" data-index-in-node=\"0\"><span class=\"citation-317\">Perception \u00e0 spectre complet\u00a0:<\/span><\/b><span class=\"citation-317\"> La \u201c t\u00eate \u201d sert de concentrateur de capteurs, int\u00e9grant un <\/span><b data-path-to-node=\"7,2,0\" data-index-in-node=\"75\"><span class=\"citation-317\">LiDAR 3D Livox MID-360<\/span><\/b><span class=\"citation-317\"> pour la cartographie environnementale \u00e0 360\u00b0 et un <\/span><b data-path-to-node=\"7,2,0\" data-index-in-node=\"136\"><span class=\"citation-317\">Cam\u00e9ra de profondeur Intel RealSense<\/span><\/b><span class=\"citation-317 citation-end-317\"> pour l&#039;\u00e9vitement d&#039;obstacles et la reconnaissance d&#039;objets.<\/span><\/p>\n<\/li>\n<li>\n<p id=\"p-rc_b9e67be1ec2dad1c-99\" data-path-to-node=\"7,3,0\"><b data-path-to-node=\"7,3,0\" data-index-in-node=\"0\">Mobilit\u00e9 avanc\u00e9e :<\/b><span class=\"citation-316 citation-end-316\"> Au-del\u00e0 de la marche, la s\u00e9rie G1 EDU est connue pour son espace de mouvement articulaire \u201c extra-large \u201d, lui permettant d&#039;effectuer des squats, des roulades et de se relever des chutes avec une grande agilit\u00e9.<\/span><\/p>\n<p>&nbsp;<\/li>\n<\/ul>\n<h3 data-path-to-node=\"8\">D\u00e9veloppement et orientation p\u00e9dagogique<\/h3>\n<p id=\"p-rc_b9e67be1ec2dad1c-100\" data-path-to-node=\"9\"><span class=\"citation-315 citation-end-315\">L&#039;U10 est une plateforme ouverte, ce qui en fait une plateforme de choix pour la recherche sur \u201c l&#039;IA incarn\u00e9e \u201d :<\/span><\/p>\n<ul data-path-to-node=\"10\">\n<li>\n<p id=\"p-rc_b9e67be1ec2dad1c-101\" data-path-to-node=\"10,0,0\"><b data-path-to-node=\"10,0,0\" data-index-in-node=\"0\">D\u00e9veloppement secondaire :<\/b><span class=\"citation-314 citation-end-314\"> Acc\u00e8s complet aux SDK de haut et de bas niveau.<\/span><\/p>\n<\/li>\n<li>\n<p id=\"p-rc_b9e67be1ec2dad1c-102\" data-path-to-node=\"10,1,0\"><b data-path-to-node=\"10,1,0\" data-index-in-node=\"0\">Assistance logicielle\u00a0:<\/b><span class=\"citation-313\"> Int\u00e9gration native avec <\/span><b data-path-to-node=\"10,1,0\" data-index-in-node=\"42\"><span class=\"citation-313\">ROS \/ ROS 2<\/span><\/b><span class=\"citation-313 citation-end-313\"> et Python, permettant aux chercheurs de programmer des algorithmes personnalis\u00e9s de d\u00e9marche, d&#039;\u00e9quilibre et de manipulation.<\/span><\/p>\n<\/li>\n<li>\n<p id=\"p-rc_b9e67be1ec2dad1c-103\" data-path-to-node=\"10,2,0\"><b data-path-to-node=\"10,2,0\" data-index-in-node=\"0\"><span class=\"citation-312\">Conception:<\/span><\/b><span class=\"citation-312 citation-end-312\"> Caract\u00e9ristiques\u00a0: \u201c\u00a0acheminement \u00e9lectrique creux int\u00e9gral\u00a0\u201d, ce qui signifie que tous les c\u00e2bles sont internes, prot\u00e9geant ainsi le c\u00e2blage lors de man\u0153uvres complexes et offrant une esth\u00e9tique propre et professionnelle.<\/span><\/p>\n<div class=\"source-inline-chip-container ng-star-inserted\"><\/div>\n<\/li>\n<\/ul>\n<h3 data-path-to-node=\"11\">Meilleurs cas d&#039;utilisation<\/h3>\n<ul data-path-to-node=\"12\">\n<li>\n<p id=\"p-rc_b9e67be1ec2dad1c-104\" data-path-to-node=\"12,0,0\"><b data-path-to-node=\"12,0,0\" data-index-in-node=\"0\">Laboratoires universitaires :<\/b><span class=\"citation-311 citation-end-311 interactive-span-hovered\"> \u00c9tude de l&#039;interaction homme-robot (IHR) et de la biom\u00e9canique bip\u00e8de.<\/span><\/p>\n<\/li>\n<li>\n<p id=\"p-rc_b9e67be1ec2dad1c-105\" data-path-to-node=\"12,1,0\"><b data-path-to-node=\"12,1,0\" data-index-in-node=\"0\"><span class=\"citation-310 interactive-span-hovered\">Automatisation industrielle :<\/span><\/b><span class=\"citation-310 citation-end-310 interactive-span-hovered\"> Prototypage de t\u00e2ches de \u201c prise et de pose \u201d dans des environnements con\u00e7us pour les humains.<\/span><\/p>\n<\/li>\n<li>\n<p id=\"p-rc_b9e67be1ec2dad1c-106\" data-path-to-node=\"12,2,0\"><b data-path-to-node=\"12,2,0\" data-index-in-node=\"0\">Pr\u00e9sentations technologiques\u00a0:<\/b><span class=\"citation-309 citation-end-309 interactive-span-hovered\"> D\u00e9montrer l&#039;\u00e9tat actuel de l&#039;IA humano\u00efde lors d&#039;expositions ou dans des environnements de vente au d\u00e9tail.<\/span><\/p>\n<\/li>\n<\/ul>\n<\/div>\n<\/div>","protected":false},"excerpt":{"rendered":"<p><span class=\"citation-323\">Le <\/span><b data-path-to-node=\"0\" data-index-in-node=\"4\"><span class=\"citation-323\">Unitree G1 EDU Professionnel B (U10)<\/span><\/b><span class=\"citation-323 citation-end-323\"> est un robot humano\u00efde haute performance con\u00e7u sp\u00e9cifiquement pour la recherche avanc\u00e9e, les laboratoires universitaires et la R&amp;D industrielle.<\/span> <span class=\"citation-322 citation-end-322\">Positionn\u00e9 comme une version \u201c de niveau sup\u00e9rieur \u201d de la s\u00e9rie G1, le mod\u00e8le U10 comble le foss\u00e9 entre la locomotion bip\u00e8de de base et la manipulation complexe, semblable \u00e0 celle de l&#039;homme, gr\u00e2ce \u00e0 l&#039;int\u00e9gration de mains habiles et sensibles au toucher.<\/span><\/p>","protected":false},"featured_media":21524,"comment_status":"open","ping_status":"closed","template":"","meta":[],"product_brand":[1087],"product_cat":[1038,1037,1103],"product_tag":[1088,1110,1109,1105],"class_list":{"0":"post-24432","1":"product","2":"type-product","3":"status-publish","4":"has-post-thumbnail","6":"product_brand-unitree","7":"product_cat-humanoid","8":"product_cat-robotics","9":"product_cat-unitree-hum-robots","10":"product_tag-unitree","11":"product_tag-unitree-g1-robot","12":"product_tag-unitree-g1-series","13":"product_tag-unitree-humanoid","15":"first","16":"onbackorder","17":"taxable","18":"shipping-taxable","19":"purchasable","20":"product-type-simple"},"yoast_head":"<!-- This site is optimized with the Yoast SEO plugin v27.1.1 - https:\/\/yoast.com\/product\/yoast-seo-wordpress\/ -->\n<title>Unitre G1 EDU Professional B (U10) - Ghostysky<\/title>\n<meta name=\"description\" content=\"The Unitree G1 EDU Professional B (U10) is a high-performance humanoid robot designed specifically for advanced research, university labs, and industrial R&amp;D. Positioned as a &quot;next-level&quot; iteration of the G1 series, the U10 model bridges the gap between basic bipedal locomotion and complex, human-like manipulation through the integration of tactile-sensitive dexterous hands.\" \/>\n<meta name=\"robots\" content=\"index, follow, max-snippet:-1, max-image-preview:large, max-video-preview:-1\" \/>\n<link rel=\"canonical\" href=\"https:\/\/www.ghostysky.com\/fr\/product\/unitre-g1-edu-professional-b-u10\/\" \/>\n<meta property=\"og:locale\" content=\"fr_FR\" \/>\n<meta property=\"og:type\" content=\"article\" \/>\n<meta property=\"og:title\" content=\"Unitre G1 EDU Professional B (U10) - Ghostysky\" \/>\n<meta property=\"og:description\" content=\"The Unitree G1 EDU Professional B (U10) is a high-performance humanoid robot designed specifically for advanced research, university labs, and industrial R&amp;D. Positioned as a &quot;next-level&quot; iteration of the G1 series, the U10 model bridges the gap between basic bipedal locomotion and complex, human-like manipulation through the integration of tactile-sensitive dexterous hands.\" \/>\n<meta property=\"og:url\" content=\"https:\/\/www.ghostysky.com\/fr\/product\/unitre-g1-edu-professional-b-u10\/\" \/>\n<meta property=\"og:site_name\" content=\"Ghostysky\" \/>\n<meta property=\"article:publisher\" content=\"https:\/\/www.facebook.com\/people\/Ghostysky\/100057676170234\/\" \/>\n<meta property=\"article:modified_time\" content=\"2026-03-16T10:37:57+00:00\" \/>\n<meta property=\"og:image\" content=\"https:\/\/www.ghostysky.com\/wp-content\/uploads\/2025\/10\/GH_G1-Humanoid_1.png\" \/>\n\t<meta property=\"og:image:width\" content=\"650\" \/>\n\t<meta property=\"og:image:height\" content=\"650\" \/>\n\t<meta property=\"og:image:type\" content=\"image\/png\" \/>\n<meta name=\"twitter:card\" content=\"summary_large_image\" \/>\n<meta name=\"twitter:site\" content=\"@Gh0stysky\" \/>\n<meta name=\"twitter:label1\" content=\"Dur\u00e9e de lecture estim\u00e9e\" \/>\n\t<meta name=\"twitter:data1\" content=\"2 minutes\" \/>\n<script type=\"application\/ld+json\" class=\"yoast-schema-graph\">{\"@context\":\"https:\/\/schema.org\",\"@graph\":[{\"@type\":\"WebPage\",\"@id\":\"https:\/\/www.ghostysky.com\/product\/unitre-g1-edu-professional-b-u10\/\",\"url\":\"https:\/\/www.ghostysky.com\/product\/unitre-g1-edu-professional-b-u10\/\",\"name\":\"Unitre G1 EDU Professional B (U10) - Ghostysky\",\"isPartOf\":{\"@id\":\"https:\/\/www.ghostysky.com\/#website\"},\"primaryImageOfPage\":{\"@id\":\"https:\/\/www.ghostysky.com\/product\/unitre-g1-edu-professional-b-u10\/#primaryimage\"},\"image\":{\"@id\":\"https:\/\/www.ghostysky.com\/product\/unitre-g1-edu-professional-b-u10\/#primaryimage\"},\"thumbnailUrl\":\"https:\/\/www.ghostysky.com\/wp-content\/uploads\/2025\/10\/GH_G1-Humanoid_1.png\",\"datePublished\":\"2026-03-16T10:01:56+00:00\",\"dateModified\":\"2026-03-16T10:37:57+00:00\",\"description\":\"The Unitree G1 EDU Professional B (U10) is a high-performance humanoid robot designed specifically for advanced research, university labs, and industrial R&D. Positioned as a \\\"next-level\\\" iteration of the G1 series, the U10 model bridges the gap between basic bipedal locomotion and complex, human-like manipulation through the integration of tactile-sensitive dexterous hands.\",\"breadcrumb\":{\"@id\":\"https:\/\/www.ghostysky.com\/product\/unitre-g1-edu-professional-b-u10\/#breadcrumb\"},\"inLanguage\":\"fr-FR\",\"potentialAction\":[{\"@type\":\"ReadAction\",\"target\":[\"https:\/\/www.ghostysky.com\/product\/unitre-g1-edu-professional-b-u10\/\"]}]},{\"@type\":\"ImageObject\",\"inLanguage\":\"fr-FR\",\"@id\":\"https:\/\/www.ghostysky.com\/product\/unitre-g1-edu-professional-b-u10\/#primaryimage\",\"url\":\"https:\/\/www.ghostysky.com\/wp-content\/uploads\/2025\/10\/GH_G1-Humanoid_1.png\",\"contentUrl\":\"https:\/\/www.ghostysky.com\/wp-content\/uploads\/2025\/10\/GH_G1-Humanoid_1.png\",\"width\":650,\"height\":650},{\"@type\":\"BreadcrumbList\",\"@id\":\"https:\/\/www.ghostysky.com\/product\/unitre-g1-edu-professional-b-u10\/#breadcrumb\",\"itemListElement\":[{\"@type\":\"ListItem\",\"position\":1,\"name\":\"Home\",\"item\":\"https:\/\/www.ghostysky.com\/\"},{\"@type\":\"ListItem\",\"position\":2,\"name\":\"Shop\",\"item\":\"https:\/\/www.ghostysky.com\/shop\/\"},{\"@type\":\"ListItem\",\"position\":3,\"name\":\"Unitre G1 EDU Professional B (U10)\"}]},{\"@type\":\"WebSite\",\"@id\":\"https:\/\/www.ghostysky.com\/#website\",\"url\":\"https:\/\/www.ghostysky.com\/\",\"name\":\"Ghostysky\",\"description\":\"Delivering professional drones and services\",\"publisher\":{\"@id\":\"https:\/\/www.ghostysky.com\/#organization\"},\"potentialAction\":[{\"@type\":\"SearchAction\",\"target\":{\"@type\":\"EntryPoint\",\"urlTemplate\":\"https:\/\/www.ghostysky.com\/?s={search_term_string}\"},\"query-input\":{\"@type\":\"PropertyValueSpecification\",\"valueRequired\":true,\"valueName\":\"search_term_string\"}}],\"inLanguage\":\"fr-FR\"},{\"@type\":\"Organization\",\"@id\":\"https:\/\/www.ghostysky.com\/#organization\",\"name\":\"Ghostysky\",\"url\":\"https:\/\/www.ghostysky.com\/\",\"logo\":{\"@type\":\"ImageObject\",\"inLanguage\":\"fr-FR\",\"@id\":\"https:\/\/www.ghostysky.com\/#\/schema\/logo\/image\/\",\"url\":\"https:\/\/www.ghostysky.com\/wp-content\/uploads\/2020\/06\/cropped-ghostyskylogo_text_white2.png\",\"contentUrl\":\"https:\/\/www.ghostysky.com\/wp-content\/uploads\/2020\/06\/cropped-ghostyskylogo_text_white2.png\",\"width\":169,\"height\":56,\"caption\":\"Ghostysky\"},\"image\":{\"@id\":\"https:\/\/www.ghostysky.com\/#\/schema\/logo\/image\/\"},\"sameAs\":[\"https:\/\/www.facebook.com\/people\/Ghostysky\/100057676170234\/\",\"https:\/\/x.com\/Gh0stysky\",\"https:\/\/www.linkedin.com\/company\/34739653\",\"https:\/\/www.instagram.com\/gh0stysky\"]}]}<\/script>\n<!-- \/ Yoast SEO plugin. -->","yoast_head_json":{"title":"Unitre G1 EDU Professional B (U10) - Ghostysky","description":"L&#039;Unitree G1 EDU Professional B (U10) est un robot humano\u00efde haute performance con\u00e7u sp\u00e9cifiquement pour la recherche avanc\u00e9e, les laboratoires universitaires et la R&amp;D industrielle. Positionn\u00e9 comme une version \"\u00a0de nouvelle g\u00e9n\u00e9ration\u00a0\" de la s\u00e9rie G1, le mod\u00e8le U10 comble le foss\u00e9 entre la locomotion bip\u00e8de de base et la manipulation complexe, semblable \u00e0 celle de l&#039;humain, gr\u00e2ce \u00e0 l&#039;int\u00e9gration de mains tactiles et dextres.","robots":{"index":"index","follow":"follow","max-snippet":"max-snippet:-1","max-image-preview":"max-image-preview:large","max-video-preview":"max-video-preview:-1"},"canonical":"https:\/\/www.ghostysky.com\/fr\/product\/unitre-g1-edu-professional-b-u10\/","og_locale":"fr_FR","og_type":"article","og_title":"Unitre G1 EDU Professional B (U10) - Ghostysky","og_description":"The Unitree G1 EDU Professional B (U10) is a high-performance humanoid robot designed specifically for advanced research, university labs, and industrial R&D. Positioned as a \"next-level\" iteration of the G1 series, the U10 model bridges the gap between basic bipedal locomotion and complex, human-like manipulation through the integration of tactile-sensitive dexterous hands.","og_url":"https:\/\/www.ghostysky.com\/fr\/product\/unitre-g1-edu-professional-b-u10\/","og_site_name":"Ghostysky","article_publisher":"https:\/\/www.facebook.com\/people\/Ghostysky\/100057676170234\/","article_modified_time":"2026-03-16T10:37:57+00:00","og_image":[{"width":650,"height":650,"url":"https:\/\/www.ghostysky.com\/wp-content\/uploads\/2025\/10\/GH_G1-Humanoid_1.png","type":"image\/png"}],"twitter_card":"summary_large_image","twitter_site":"@Gh0stysky","twitter_misc":{"Dur\u00e9e de lecture estim\u00e9e":"2 minutes"},"schema":{"@context":"https:\/\/schema.org","@graph":[{"@type":"WebPage","@id":"https:\/\/www.ghostysky.com\/product\/unitre-g1-edu-professional-b-u10\/","url":"https:\/\/www.ghostysky.com\/product\/unitre-g1-edu-professional-b-u10\/","name":"Unitre G1 EDU Professional B (U10) - Ghostysky","isPartOf":{"@id":"https:\/\/www.ghostysky.com\/#website"},"primaryImageOfPage":{"@id":"https:\/\/www.ghostysky.com\/product\/unitre-g1-edu-professional-b-u10\/#primaryimage"},"image":{"@id":"https:\/\/www.ghostysky.com\/product\/unitre-g1-edu-professional-b-u10\/#primaryimage"},"thumbnailUrl":"https:\/\/www.ghostysky.com\/wp-content\/uploads\/2025\/10\/GH_G1-Humanoid_1.png","datePublished":"2026-03-16T10:01:56+00:00","dateModified":"2026-03-16T10:37:57+00:00","description":"L&#039;Unitree G1 EDU Professional B (U10) est un robot humano\u00efde haute performance con\u00e7u sp\u00e9cifiquement pour la recherche avanc\u00e9e, les laboratoires universitaires et la R&amp;D industrielle. Positionn\u00e9 comme une version \"\u00a0de nouvelle g\u00e9n\u00e9ration\u00a0\" de la s\u00e9rie G1, le mod\u00e8le U10 comble le foss\u00e9 entre la locomotion bip\u00e8de de base et la manipulation complexe, semblable \u00e0 celle de l&#039;humain, gr\u00e2ce \u00e0 l&#039;int\u00e9gration de mains tactiles et dextres.","breadcrumb":{"@id":"https:\/\/www.ghostysky.com\/product\/unitre-g1-edu-professional-b-u10\/#breadcrumb"},"inLanguage":"fr-FR","potentialAction":[{"@type":"ReadAction","target":["https:\/\/www.ghostysky.com\/product\/unitre-g1-edu-professional-b-u10\/"]}]},{"@type":"ImageObject","inLanguage":"fr-FR","@id":"https:\/\/www.ghostysky.com\/product\/unitre-g1-edu-professional-b-u10\/#primaryimage","url":"https:\/\/www.ghostysky.com\/wp-content\/uploads\/2025\/10\/GH_G1-Humanoid_1.png","contentUrl":"https:\/\/www.ghostysky.com\/wp-content\/uploads\/2025\/10\/GH_G1-Humanoid_1.png","width":650,"height":650},{"@type":"BreadcrumbList","@id":"https:\/\/www.ghostysky.com\/product\/unitre-g1-edu-professional-b-u10\/#breadcrumb","itemListElement":[{"@type":"ListItem","position":1,"name":"Home","item":"https:\/\/www.ghostysky.com\/"},{"@type":"ListItem","position":2,"name":"Shop","item":"https:\/\/www.ghostysky.com\/shop\/"},{"@type":"ListItem","position":3,"name":"Unitre G1 EDU Professional B (U10)"}]},{"@type":"WebSite","@id":"https:\/\/www.ghostysky.com\/#website","url":"https:\/\/www.ghostysky.com\/","name":"Ghostysky","description":"Livraison de drones et de services professionnels","publisher":{"@id":"https:\/\/www.ghostysky.com\/#organization"},"potentialAction":[{"@type":"SearchAction","target":{"@type":"EntryPoint","urlTemplate":"https:\/\/www.ghostysky.com\/?s={search_term_string}"},"query-input":{"@type":"PropertyValueSpecification","valueRequired":true,"valueName":"search_term_string"}}],"inLanguage":"fr-FR"},{"@type":"Organization","@id":"https:\/\/www.ghostysky.com\/#organization","name":"Ghostysky","url":"https:\/\/www.ghostysky.com\/","logo":{"@type":"ImageObject","inLanguage":"fr-FR","@id":"https:\/\/www.ghostysky.com\/#\/schema\/logo\/image\/","url":"https:\/\/www.ghostysky.com\/wp-content\/uploads\/2020\/06\/cropped-ghostyskylogo_text_white2.png","contentUrl":"https:\/\/www.ghostysky.com\/wp-content\/uploads\/2020\/06\/cropped-ghostyskylogo_text_white2.png","width":169,"height":56,"caption":"Ghostysky"},"image":{"@id":"https:\/\/www.ghostysky.com\/#\/schema\/logo\/image\/"},"sameAs":["https:\/\/www.facebook.com\/people\/Ghostysky\/100057676170234\/","https:\/\/x.com\/Gh0stysky","https:\/\/www.linkedin.com\/company\/34739653","https:\/\/www.instagram.com\/gh0stysky"]}]}},"_links":{"self":[{"href":"https:\/\/www.ghostysky.com\/fr\/wp-json\/wp\/v2\/product\/24432","targetHints":{"allow":["GET"]}}],"collection":[{"href":"https:\/\/www.ghostysky.com\/fr\/wp-json\/wp\/v2\/product"}],"about":[{"href":"https:\/\/www.ghostysky.com\/fr\/wp-json\/wp\/v2\/types\/product"}],"replies":[{"embeddable":true,"href":"https:\/\/www.ghostysky.com\/fr\/wp-json\/wp\/v2\/comments?post=24432"}],"wp:featuredmedia":[{"embeddable":true,"href":"https:\/\/www.ghostysky.com\/fr\/wp-json\/wp\/v2\/media\/21524"}],"wp:attachment":[{"href":"https:\/\/www.ghostysky.com\/fr\/wp-json\/wp\/v2\/media?parent=24432"}],"wp:term":[{"taxonomy":"product_brand","embeddable":true,"href":"https:\/\/www.ghostysky.com\/fr\/wp-json\/wp\/v2\/product_brand?post=24432"},{"taxonomy":"product_cat","embeddable":true,"href":"https:\/\/www.ghostysky.com\/fr\/wp-json\/wp\/v2\/product_cat?post=24432"},{"taxonomy":"product_tag","embeddable":true,"href":"https:\/\/www.ghostysky.com\/fr\/wp-json\/wp\/v2\/product_tag?post=24432"}],"curies":[{"name":"wp","href":"https:\/\/api.w.org\/{rel}","templated":true}]}}