{"id":24435,"date":"2026-03-16T10:35:23","date_gmt":"2026-03-16T10:35:23","guid":{"rendered":"https:\/\/www.ghostysky.com\/?post_type=product&#038;p=24435"},"modified":"2026-03-16T10:51:08","modified_gmt":"2026-03-16T10:51:08","slug":"unitre-g1-edu-professional-e-u13","status":"publish","type":"product","link":"https:\/\/www.ghostysky.com\/fr\/product\/unitre-g1-edu-professional-e-u13\/","title":{"rendered":"Unitre G1 EDU Professionnel E (U13)"},"content":{"rendered":"<div id=\"model-response-message-contentr_c0565deda99f03ad\" class=\"markdown markdown-main-panel stronger enable-updated-hr-color\" dir=\"ltr\">\n<div id=\"model-response-message-contentr_0f28adeca7555db0\" class=\"markdown markdown-main-panel stronger enable-updated-hr-color\" dir=\"ltr\">\n<div id=\"model-response-message-contentr_2df5e3d7da0ab85d\" class=\"markdown markdown-main-panel stronger enable-updated-hr-color\" dir=\"ltr\">\n<h3 data-path-to-node=\"3\">Principales fonctionnalit\u00e9s et capacit\u00e9s<\/h3>\n<ul data-path-to-node=\"4\">\n<li>\n<p id=\"p-rc_1c0db823354e3a8a-107\" data-path-to-node=\"4,0,0\"><b data-path-to-node=\"4,0,0\" data-index-in-node=\"0\">Dext\u00e9rit\u00e9 quasi humaine\u00a0:<\/b><span class=\"citation-350\"> \u00c9quip\u00e9 de deux <\/span><b data-path-to-node=\"4,0,0\" data-index-in-node=\"40\"><span class=\"citation-350\">BrainCo Revo 2 (5 doigts)<\/span><\/b><span class=\"citation-350 citation-end-350\"> des mains habiles.<\/span> Elles permettent des t\u00e2ches de motricit\u00e9 fine, une perception tactile et une manipulation d&#039;objets sophistiqu\u00e9e que les mains \u201c factices \u201d standard ne peuvent pas r\u00e9aliser.<\/p>\n<\/li>\n<li>\n<p id=\"p-rc_1c0db823354e3a8a-108\" data-path-to-node=\"4,1,0\"><b data-path-to-node=\"4,1,0\" data-index-in-node=\"0\"><span class=\"citation-349\">Calcul IA avanc\u00e9\u00a0:<\/span><\/b><span class=\"citation-349\"> Propuls\u00e9 par le <\/span><b data-path-to-node=\"4,1,0\" data-index-in-node=\"36\"><span class=\"citation-349\">NVIDIA Jetson Orin (100 TOPS)<\/span><\/b><span class=\"citation-349 citation-end-349\"> module permettant le calcul en p\u00e9riph\u00e9rie en temps r\u00e9el pour l&#039;apprentissage par renforcement, la vision par ordinateur et la navigation autonome.<\/span><\/p>\n<\/li>\n<li>\n<p id=\"p-rc_1c0db823354e3a8a-109\" data-path-to-node=\"4,2,0\"><b data-path-to-node=\"4,2,0\" data-index-in-node=\"0\">D\u00e9veloppement secondaire :<\/b><span class=\"citation-348\"> Contrairement \u00e0 la version grand public, la s\u00e9rie EDU offre un acc\u00e8s complet \u00e0 <\/span><b data-path-to-node=\"4,2,0\" data-index-in-node=\"89\"><span class=\"citation-348\">Kits de d\u00e9veloppement logiciel (SDK) et API<\/span><\/b><span class=\"citation-348 citation-end-348\"> (compatible avec ROS, Python et C++), permettant aux chercheurs de programmer des d\u00e9marches et des comportements personnalis\u00e9s.<\/span><\/p>\n<\/li>\n<li>\n<p id=\"p-rc_1c0db823354e3a8a-110\" data-path-to-node=\"4,3,0\"><b data-path-to-node=\"4,3,0\" data-index-in-node=\"0\">Couple et puissance am\u00e9lior\u00e9s\u00a0:<\/b><span class=\"citation-347\"> Caract\u00e9ristiques des moteurs de genou am\u00e9lior\u00e9s avec <\/span><b data-path-to-node=\"4,3,0\" data-index-in-node=\"60\"><span class=\"citation-347\">120 N\u00b7m<\/span><\/b><span class=\"citation-347 citation-end-347\"> de couple maximal (contre 90 N\u00b7m sur le mod\u00e8le de base) et une capacit\u00e9 de charge utile du bras de 3 kg.<\/span><\/p>\n<div class=\"source-inline-chip-container ng-star-inserted\"><\/div>\n<p>&nbsp;<\/li>\n<\/ul>\n<h3 data-path-to-node=\"6\">Sp\u00e9cifications techniques<\/h3>\n<table data-path-to-node=\"7\">\n<thead>\n<tr>\n<td><strong>Cat\u00e9gorie<\/strong><\/td>\n<td><strong>Sp\u00e9cification<\/strong><\/td>\n<\/tr>\n<\/thead>\n<tbody>\n<tr>\n<td><span data-path-to-node=\"7,1,0,0\"><b data-path-to-node=\"7,1,0,0\" data-index-in-node=\"0\">Taille \/ Poids<\/b><\/span><\/td>\n<td><span data-path-to-node=\"7,1,1,0\">1320 mm (debout) \/ ~35 kg<\/span><\/td>\n<\/tr>\n<tr>\n<td><span data-path-to-node=\"7,2,0,0\"><b data-path-to-node=\"7,2,0,0\" data-index-in-node=\"0\">Degr\u00e9s de libert\u00e9<\/b><\/span><\/td>\n<td><span data-path-to-node=\"7,2,1,0\">35 degr\u00e9s de libert\u00e9 (dont 1 degr\u00e9 de libert\u00e9 pour la taille et 5 degr\u00e9s de libert\u00e9 pour les bras)<\/span><\/td>\n<\/tr>\n<tr>\n<td><span data-path-to-node=\"7,3,0,0\"><b data-path-to-node=\"7,3,0,0\" data-index-in-node=\"0\">Puissance de traitement<\/b><\/span><\/td>\n<td><span data-path-to-node=\"7,3,1,0\">Processeur 8 c\u0153urs + NVIDIA Jetson Orin (100 TOPS)<\/span><\/td>\n<\/tr>\n<tr>\n<td><span data-path-to-node=\"7,4,0,0\"><b data-path-to-node=\"7,4,0,0\" data-index-in-node=\"0\">R\u00e9seau de d\u00e9tection<\/b><\/span><\/td>\n<td><span data-path-to-node=\"7,4,1,0\">Cam\u00e9ra LiDAR 3D Livox Mid-360 + cam\u00e9ra de profondeur Intel RealSense D435i<\/span><\/td>\n<\/tr>\n<tr>\n<td><span data-path-to-node=\"7,5,0,0\"><b data-path-to-node=\"7,5,0,0\" data-index-in-node=\"0\">Moteurs articul\u00e9s<\/b><\/span><\/td>\n<td><span data-path-to-node=\"7,5,1,0\">Moteurs PMSM \u00e0 rotor interne \u00e0 faible inertie<\/span><\/td>\n<\/tr>\n<tr>\n<td><span data-path-to-node=\"7,6,0,0\"><b data-path-to-node=\"7,6,0,0\" data-index-in-node=\"0\">Vitesse maximale<\/b><\/span><\/td>\n<td><span data-path-to-node=\"7,6,1,0\">2,0 m\/s<\/span><\/td>\n<\/tr>\n<tr>\n<td><span data-path-to-node=\"7,7,0,0\"><b data-path-to-node=\"7,7,0,0\" data-index-in-node=\"0\">Autonomie de la batterie<\/b><\/span><\/td>\n<td><span data-path-to-node=\"7,7,1,0\">~120 minutes (batterie lithium 9000 mAh 13S)<\/span><\/td>\n<\/tr>\n<tr>\n<td><span data-path-to-node=\"7,8,0,0\"><b data-path-to-node=\"7,8,0,0\" data-index-in-node=\"0\">Connectivit\u00e9<\/b><\/span><\/td>\n<td><span data-path-to-node=\"7,8,1,0\">Wi-Fi 6, Bluetooth 5.2, r\u00e9seau de 4 microphones, haut-parleur de 5 W<\/span><\/td>\n<\/tr>\n<\/tbody>\n<\/table>\n<p>&nbsp;<\/p>\n<p>&nbsp;<\/p>\n<h3 data-path-to-node=\"9\">Pourquoi le mod\u00e8le \u201c Professionnel E \u201d ?<\/h3>\n<p data-path-to-node=\"10\">La variante \u201c E \u201d est con\u00e7ue sur mesure pour <b data-path-to-node=\"10\" data-index-in-node=\"32\">Service et recherche<\/b>. Alors que les mod\u00e8les EDU inf\u00e9rieurs (comme le U1) privil\u00e9gient la mobilit\u00e9, le U13 Professional E int\u00e8gre des fonctionnalit\u00e9s suppl\u00e9mentaires. <b data-path-to-node=\"10\" data-index-in-node=\"157\">mains \u00e0 5 doigts<\/b> pr\u00eat \u00e0 l&#039;emploi. Cela le rend id\u00e9al pour\u00a0:<\/p>\n<ul data-path-to-node=\"11\">\n<li>\n<p data-path-to-node=\"11,0,0\"><b data-path-to-node=\"11,0,0\" data-index-in-node=\"0\">Recherche universitaire :<\/b> \u00c9tude de l&#039;\u00e9quilibre et de la manipulation des humano\u00efdes.<\/p>\n<\/li>\n<li>\n<p id=\"p-rc_1c0db823354e3a8a-111\" data-path-to-node=\"11,1,0\"><b data-path-to-node=\"11,1,0\" data-index-in-node=\"0\"><span class=\"citation-346\">Visites guid\u00e9es et vente au d\u00e9tail\u00a0:<\/span><\/b><span class=\"citation-346 citation-end-346\"> Son apparence quasi humaine et sa capacit\u00e9 \u00e0 faire des gestes sont adapt\u00e9es \u00e0 l&#039;interaction avec le public.<\/span><\/p>\n<\/li>\n<li>\n<p id=\"p-rc_1c0db823354e3a8a-112\" data-path-to-node=\"11,2,0\"><b data-path-to-node=\"11,2,0\" data-index-in-node=\"0\">Formation en IA\u00a0:<\/b><span class=\"citation-345 citation-end-345\"> Utiliser l&#039;apprentissage par imitation pour enseigner au robot comment manipuler les outils humains.<\/span><\/p>\n<\/li>\n<\/ul>\n<blockquote data-path-to-node=\"12\">\n<p data-path-to-node=\"12,0\"><b data-path-to-node=\"12,0\" data-index-in-node=\"0\">Note:<\/b> En raison de son couple \u00e9lev\u00e9 et de la complexit\u00e9 des mouvements de ses articulations, il est recommand\u00e9 d&#039;utiliser l&#039;outil inclus. <b data-path-to-node=\"12,0\" data-index-in-node=\"100\">Cadre de protection et d&#039;entra\u00eenement<\/b> lors du d\u00e9veloppement initial de la marche afin de pr\u00e9venir les dommages caus\u00e9s par les chutes.<\/p>\n<\/blockquote>\n<\/div>\n<\/div>\n<\/div>","protected":false},"excerpt":{"rendered":"<p data-path-to-node=\"0\">Le <b data-path-to-node=\"0\" data-index-in-node=\"4\">Unitree G1 EDU Professionnel E (Mod\u00e8le U13)<\/b> est une version haut de gamme, destin\u00e9e \u00e0 la recherche, de la plateforme humano\u00efde G1. Alors que la G1 \u201c\u00a0basique\u00a0\u201d est con\u00e7ue pour des d\u00e9monstrations d&#039;entr\u00e9e de gamme, la <b data-path-to-node=\"0\" data-index-in-node=\"183\">Professionnel de l&#039;\u00e9ducation E<\/b> est une machine de d\u00e9veloppement \u00e0 couple \u00e9lev\u00e9, enti\u00e8rement open source, destin\u00e9e aux laboratoires universitaires, \u00e0 la recherche en IA et \u00e0 l&#039;interaction robotique complexe.<\/p>\n<p data-path-to-node=\"1\">La d\u00e9signation \u201c\u00a0U13\u00a0\u201d souligne sp\u00e9cifiquement sa configuration avec <b data-path-to-node=\"1\" data-index-in-node=\"69\">mains habiles \u00e0 5 doigts<\/b> et la charge utile de calcul maximale disponible dans la s\u00e9rie.<\/p>","protected":false},"featured_media":21524,"comment_status":"open","ping_status":"closed","template":"","meta":[],"product_brand":[1087],"product_cat":[1038,1037,1103],"product_tag":[1088,1110,1109,1105],"class_list":{"0":"post-24435","1":"product","2":"type-product","3":"status-publish","4":"has-post-thumbnail","6":"product_brand-unitree","7":"product_cat-humanoid","8":"product_cat-robotics","9":"product_cat-unitree-hum-robots","10":"product_tag-unitree","11":"product_tag-unitree-g1-robot","12":"product_tag-unitree-g1-series","13":"product_tag-unitree-humanoid","15":"first","16":"onbackorder","17":"taxable","18":"shipping-taxable","19":"purchasable","20":"product-type-simple"},"yoast_head":"<!-- This site is optimized with the Yoast SEO plugin v27.4 - https:\/\/yoast.com\/product\/yoast-seo-wordpress\/ -->\n<title>Unitre G1 EDU Professional E (U13) - Ghostysky<\/title>\n<meta name=\"description\" content=\"The Unitree G1 EDU Professional E (Model U13) is a high-tier, research-grade version of the G1 humanoid platform. While the &quot;Basic&quot; G1 is designed for entry-level demonstrations, the EDU Professional E is a fully open-source, high-torque development machine intended for university labs, AI research, and complex robotic interaction.The &quot;U13&quot; designation specifically highlights its configuration with 5-fingered dexterous hands and the maximum computational payload available in the series.\" \/>\n<meta name=\"robots\" content=\"index, follow, max-snippet:-1, max-image-preview:large, max-video-preview:-1\" \/>\n<link rel=\"canonical\" href=\"https:\/\/www.ghostysky.com\/fr\/product\/unitre-g1-edu-professional-e-u13\/\" \/>\n<meta property=\"og:locale\" content=\"fr_FR\" \/>\n<meta property=\"og:type\" content=\"article\" \/>\n<meta property=\"og:title\" content=\"Unitre G1 EDU Professional E (U13) - Ghostysky\" \/>\n<meta property=\"og:description\" content=\"The Unitree G1 EDU Professional E (Model U13) is a high-tier, research-grade version of the G1 humanoid platform. While the &quot;Basic&quot; G1 is designed for entry-level demonstrations, the EDU Professional E is a fully open-source, high-torque development machine intended for university labs, AI research, and complex robotic interaction.The &quot;U13&quot; designation specifically highlights its configuration with 5-fingered dexterous hands and the maximum computational payload available in the series.\" \/>\n<meta property=\"og:url\" content=\"https:\/\/www.ghostysky.com\/fr\/product\/unitre-g1-edu-professional-e-u13\/\" \/>\n<meta property=\"og:site_name\" content=\"Ghostysky\" \/>\n<meta property=\"article:publisher\" content=\"https:\/\/www.facebook.com\/people\/Ghostysky\/100057676170234\/\" \/>\n<meta property=\"article:modified_time\" content=\"2026-03-16T10:51:08+00:00\" \/>\n<meta property=\"og:image\" content=\"https:\/\/www.ghostysky.com\/wp-content\/uploads\/2025\/10\/GH_G1-Humanoid_1.png\" \/>\n\t<meta property=\"og:image:width\" content=\"650\" \/>\n\t<meta property=\"og:image:height\" content=\"650\" \/>\n\t<meta property=\"og:image:type\" content=\"image\/png\" \/>\n<meta name=\"twitter:card\" content=\"summary_large_image\" \/>\n<meta name=\"twitter:site\" content=\"@Gh0stysky\" \/>\n<meta name=\"twitter:label1\" content=\"Dur\u00e9e de lecture estim\u00e9e\" \/>\n\t<meta name=\"twitter:data1\" content=\"2 minutes\" \/>\n<script type=\"application\/ld+json\" class=\"yoast-schema-graph\">{\"@context\":\"https:\\\/\\\/schema.org\",\"@graph\":[{\"@type\":\"WebPage\",\"@id\":\"https:\\\/\\\/www.ghostysky.com\\\/product\\\/unitre-g1-edu-professional-e-u13\\\/\",\"url\":\"https:\\\/\\\/www.ghostysky.com\\\/product\\\/unitre-g1-edu-professional-e-u13\\\/\",\"name\":\"Unitre G1 EDU Professional E (U13) - Ghostysky\",\"isPartOf\":{\"@id\":\"https:\\\/\\\/www.ghostysky.com\\\/#website\"},\"primaryImageOfPage\":{\"@id\":\"https:\\\/\\\/www.ghostysky.com\\\/product\\\/unitre-g1-edu-professional-e-u13\\\/#primaryimage\"},\"image\":{\"@id\":\"https:\\\/\\\/www.ghostysky.com\\\/product\\\/unitre-g1-edu-professional-e-u13\\\/#primaryimage\"},\"thumbnailUrl\":\"https:\\\/\\\/www.ghostysky.com\\\/wp-content\\\/uploads\\\/2025\\\/10\\\/GH_G1-Humanoid_1.png\",\"datePublished\":\"2026-03-16T10:35:23+00:00\",\"dateModified\":\"2026-03-16T10:51:08+00:00\",\"description\":\"The Unitree G1 EDU Professional E (Model U13) is a high-tier, research-grade version of the G1 humanoid platform. While the \\\"Basic\\\" G1 is designed for entry-level demonstrations, the EDU Professional E is a fully open-source, high-torque development machine intended for university labs, AI research, and complex robotic interaction.The \\\"U13\\\" designation specifically highlights its configuration with 5-fingered dexterous hands and the maximum computational payload available in the series.\",\"breadcrumb\":{\"@id\":\"https:\\\/\\\/www.ghostysky.com\\\/product\\\/unitre-g1-edu-professional-e-u13\\\/#breadcrumb\"},\"inLanguage\":\"fr-FR\",\"potentialAction\":[{\"@type\":\"ReadAction\",\"target\":[\"https:\\\/\\\/www.ghostysky.com\\\/product\\\/unitre-g1-edu-professional-e-u13\\\/\"]}]},{\"@type\":\"ImageObject\",\"inLanguage\":\"fr-FR\",\"@id\":\"https:\\\/\\\/www.ghostysky.com\\\/product\\\/unitre-g1-edu-professional-e-u13\\\/#primaryimage\",\"url\":\"https:\\\/\\\/www.ghostysky.com\\\/wp-content\\\/uploads\\\/2025\\\/10\\\/GH_G1-Humanoid_1.png\",\"contentUrl\":\"https:\\\/\\\/www.ghostysky.com\\\/wp-content\\\/uploads\\\/2025\\\/10\\\/GH_G1-Humanoid_1.png\",\"width\":650,\"height\":650},{\"@type\":\"BreadcrumbList\",\"@id\":\"https:\\\/\\\/www.ghostysky.com\\\/product\\\/unitre-g1-edu-professional-e-u13\\\/#breadcrumb\",\"itemListElement\":[{\"@type\":\"ListItem\",\"position\":1,\"name\":\"Home\",\"item\":\"https:\\\/\\\/www.ghostysky.com\\\/\"},{\"@type\":\"ListItem\",\"position\":2,\"name\":\"Shop\",\"item\":\"https:\\\/\\\/www.ghostysky.com\\\/shop\\\/\"},{\"@type\":\"ListItem\",\"position\":3,\"name\":\"Unitre G1 EDU Professional E (U13)\"}]},{\"@type\":\"WebSite\",\"@id\":\"https:\\\/\\\/www.ghostysky.com\\\/#website\",\"url\":\"https:\\\/\\\/www.ghostysky.com\\\/\",\"name\":\"Ghostysky\",\"description\":\"Delivering professional drones and services\",\"publisher\":{\"@id\":\"https:\\\/\\\/www.ghostysky.com\\\/#organization\"},\"potentialAction\":[{\"@type\":\"SearchAction\",\"target\":{\"@type\":\"EntryPoint\",\"urlTemplate\":\"https:\\\/\\\/www.ghostysky.com\\\/?s={search_term_string}\"},\"query-input\":{\"@type\":\"PropertyValueSpecification\",\"valueRequired\":true,\"valueName\":\"search_term_string\"}}],\"inLanguage\":\"fr-FR\"},{\"@type\":\"Organization\",\"@id\":\"https:\\\/\\\/www.ghostysky.com\\\/#organization\",\"name\":\"Ghostysky\",\"url\":\"https:\\\/\\\/www.ghostysky.com\\\/\",\"logo\":{\"@type\":\"ImageObject\",\"inLanguage\":\"fr-FR\",\"@id\":\"https:\\\/\\\/www.ghostysky.com\\\/#\\\/schema\\\/logo\\\/image\\\/\",\"url\":\"https:\\\/\\\/www.ghostysky.com\\\/wp-content\\\/uploads\\\/2020\\\/06\\\/cropped-ghostyskylogo_text_white2.png\",\"contentUrl\":\"https:\\\/\\\/www.ghostysky.com\\\/wp-content\\\/uploads\\\/2020\\\/06\\\/cropped-ghostyskylogo_text_white2.png\",\"width\":169,\"height\":56,\"caption\":\"Ghostysky\"},\"image\":{\"@id\":\"https:\\\/\\\/www.ghostysky.com\\\/#\\\/schema\\\/logo\\\/image\\\/\"},\"sameAs\":[\"https:\\\/\\\/www.facebook.com\\\/people\\\/Ghostysky\\\/100057676170234\\\/\",\"https:\\\/\\\/x.com\\\/Gh0stysky\",\"https:\\\/\\\/www.linkedin.com\\\/company\\\/34739653\",\"https:\\\/\\\/www.instagram.com\\\/gh0stysky\"]}]}<\/script>\n<!-- \/ Yoast SEO plugin. -->","yoast_head_json":{"title":"Unitre G1 EDU Professional E (U13) - Ghostysky","description":"L&#039;Unitree G1 EDU Professional E (mod\u00e8le U13) est une version haut de gamme, destin\u00e9e \u00e0 la recherche, de la plateforme humano\u00efde G1. Alors que le G1 \"\u00a0Basic\u00a0\" est con\u00e7u pour les d\u00e9monstrations d&#039;initiation, l&#039;EDU Professional E est une machine de d\u00e9veloppement enti\u00e8rement open source et \u00e0 couple \u00e9lev\u00e9, destin\u00e9e aux laboratoires universitaires, \u00e0 la recherche en IA et aux interactions robotiques complexes. La d\u00e9signation \"\u00a0U13\u00a0\" souligne sp\u00e9cifiquement sa configuration avec des mains \u00e0 cinq doigts et la puissance de calcul maximale disponible dans la gamme.","robots":{"index":"index","follow":"follow","max-snippet":"max-snippet:-1","max-image-preview":"max-image-preview:large","max-video-preview":"max-video-preview:-1"},"canonical":"https:\/\/www.ghostysky.com\/fr\/product\/unitre-g1-edu-professional-e-u13\/","og_locale":"fr_FR","og_type":"article","og_title":"Unitre G1 EDU Professional E (U13) - Ghostysky","og_description":"The Unitree G1 EDU Professional E (Model U13) is a high-tier, research-grade version of the G1 humanoid platform. While the \"Basic\" G1 is designed for entry-level demonstrations, the EDU Professional E is a fully open-source, high-torque development machine intended for university labs, AI research, and complex robotic interaction.The \"U13\" designation specifically highlights its configuration with 5-fingered dexterous hands and the maximum computational payload available in the series.","og_url":"https:\/\/www.ghostysky.com\/fr\/product\/unitre-g1-edu-professional-e-u13\/","og_site_name":"Ghostysky","article_publisher":"https:\/\/www.facebook.com\/people\/Ghostysky\/100057676170234\/","article_modified_time":"2026-03-16T10:51:08+00:00","og_image":[{"width":650,"height":650,"url":"https:\/\/www.ghostysky.com\/wp-content\/uploads\/2025\/10\/GH_G1-Humanoid_1.png","type":"image\/png"}],"twitter_card":"summary_large_image","twitter_site":"@Gh0stysky","twitter_misc":{"Dur\u00e9e de lecture estim\u00e9e":"2 minutes"},"schema":{"@context":"https:\/\/schema.org","@graph":[{"@type":"WebPage","@id":"https:\/\/www.ghostysky.com\/product\/unitre-g1-edu-professional-e-u13\/","url":"https:\/\/www.ghostysky.com\/product\/unitre-g1-edu-professional-e-u13\/","name":"Unitre G1 EDU Professional E (U13) - Ghostysky","isPartOf":{"@id":"https:\/\/www.ghostysky.com\/#website"},"primaryImageOfPage":{"@id":"https:\/\/www.ghostysky.com\/product\/unitre-g1-edu-professional-e-u13\/#primaryimage"},"image":{"@id":"https:\/\/www.ghostysky.com\/product\/unitre-g1-edu-professional-e-u13\/#primaryimage"},"thumbnailUrl":"https:\/\/www.ghostysky.com\/wp-content\/uploads\/2025\/10\/GH_G1-Humanoid_1.png","datePublished":"2026-03-16T10:35:23+00:00","dateModified":"2026-03-16T10:51:08+00:00","description":"L&#039;Unitree G1 EDU Professional E (mod\u00e8le U13) est une version haut de gamme, destin\u00e9e \u00e0 la recherche, de la plateforme humano\u00efde G1. Alors que le G1 \"\u00a0Basic\u00a0\" est con\u00e7u pour les d\u00e9monstrations d&#039;initiation, l&#039;EDU Professional E est une machine de d\u00e9veloppement enti\u00e8rement open source et \u00e0 couple \u00e9lev\u00e9, destin\u00e9e aux laboratoires universitaires, \u00e0 la recherche en IA et aux interactions robotiques complexes. La d\u00e9signation \"\u00a0U13\u00a0\" souligne sp\u00e9cifiquement sa configuration avec des mains \u00e0 cinq doigts et la puissance de calcul maximale disponible dans la gamme.","breadcrumb":{"@id":"https:\/\/www.ghostysky.com\/product\/unitre-g1-edu-professional-e-u13\/#breadcrumb"},"inLanguage":"fr-FR","potentialAction":[{"@type":"ReadAction","target":["https:\/\/www.ghostysky.com\/product\/unitre-g1-edu-professional-e-u13\/"]}]},{"@type":"ImageObject","inLanguage":"fr-FR","@id":"https:\/\/www.ghostysky.com\/product\/unitre-g1-edu-professional-e-u13\/#primaryimage","url":"https:\/\/www.ghostysky.com\/wp-content\/uploads\/2025\/10\/GH_G1-Humanoid_1.png","contentUrl":"https:\/\/www.ghostysky.com\/wp-content\/uploads\/2025\/10\/GH_G1-Humanoid_1.png","width":650,"height":650},{"@type":"BreadcrumbList","@id":"https:\/\/www.ghostysky.com\/product\/unitre-g1-edu-professional-e-u13\/#breadcrumb","itemListElement":[{"@type":"ListItem","position":1,"name":"Home","item":"https:\/\/www.ghostysky.com\/"},{"@type":"ListItem","position":2,"name":"Shop","item":"https:\/\/www.ghostysky.com\/shop\/"},{"@type":"ListItem","position":3,"name":"Unitre G1 EDU Professional E (U13)"}]},{"@type":"WebSite","@id":"https:\/\/www.ghostysky.com\/#website","url":"https:\/\/www.ghostysky.com\/","name":"Ghostysky","description":"Livraison de drones et de services professionnels","publisher":{"@id":"https:\/\/www.ghostysky.com\/#organization"},"potentialAction":[{"@type":"SearchAction","target":{"@type":"EntryPoint","urlTemplate":"https:\/\/www.ghostysky.com\/?s={search_term_string}"},"query-input":{"@type":"PropertyValueSpecification","valueRequired":true,"valueName":"search_term_string"}}],"inLanguage":"fr-FR"},{"@type":"Organization","@id":"https:\/\/www.ghostysky.com\/#organization","name":"Ghostysky","url":"https:\/\/www.ghostysky.com\/","logo":{"@type":"ImageObject","inLanguage":"fr-FR","@id":"https:\/\/www.ghostysky.com\/#\/schema\/logo\/image\/","url":"https:\/\/www.ghostysky.com\/wp-content\/uploads\/2020\/06\/cropped-ghostyskylogo_text_white2.png","contentUrl":"https:\/\/www.ghostysky.com\/wp-content\/uploads\/2020\/06\/cropped-ghostyskylogo_text_white2.png","width":169,"height":56,"caption":"Ghostysky"},"image":{"@id":"https:\/\/www.ghostysky.com\/#\/schema\/logo\/image\/"},"sameAs":["https:\/\/www.facebook.com\/people\/Ghostysky\/100057676170234\/","https:\/\/x.com\/Gh0stysky","https:\/\/www.linkedin.com\/company\/34739653","https:\/\/www.instagram.com\/gh0stysky"]}]}},"_links":{"self":[{"href":"https:\/\/www.ghostysky.com\/fr\/wp-json\/wp\/v2\/product\/24435","targetHints":{"allow":["GET"]}}],"collection":[{"href":"https:\/\/www.ghostysky.com\/fr\/wp-json\/wp\/v2\/product"}],"about":[{"href":"https:\/\/www.ghostysky.com\/fr\/wp-json\/wp\/v2\/types\/product"}],"replies":[{"embeddable":true,"href":"https:\/\/www.ghostysky.com\/fr\/wp-json\/wp\/v2\/comments?post=24435"}],"wp:featuredmedia":[{"embeddable":true,"href":"https:\/\/www.ghostysky.com\/fr\/wp-json\/wp\/v2\/media\/21524"}],"wp:attachment":[{"href":"https:\/\/www.ghostysky.com\/fr\/wp-json\/wp\/v2\/media?parent=24435"}],"wp:term":[{"taxonomy":"product_brand","embeddable":true,"href":"https:\/\/www.ghostysky.com\/fr\/wp-json\/wp\/v2\/product_brand?post=24435"},{"taxonomy":"product_cat","embeddable":true,"href":"https:\/\/www.ghostysky.com\/fr\/wp-json\/wp\/v2\/product_cat?post=24435"},{"taxonomy":"product_tag","embeddable":true,"href":"https:\/\/www.ghostysky.com\/fr\/wp-json\/wp\/v2\/product_tag?post=24435"}],"curies":[{"name":"wp","href":"https:\/\/api.w.org\/{rel}","templated":true}]}}