{"id":24438,"date":"2026-03-16T13:56:38","date_gmt":"2026-03-16T13:56:38","guid":{"rendered":"https:\/\/www.ghostysky.com\/?post_type=product&#038;p=24438"},"modified":"2026-03-19T12:07:28","modified_gmt":"2026-03-19T12:07:28","slug":"unitre-g1-edu-professional-f-u14","status":"publish","type":"product","link":"https:\/\/www.ghostysky.com\/fr\/product\/unitre-g1-edu-professional-f-u14\/","title":{"rendered":"Unitre G1 EDU Professionnel F (U14)"},"content":{"rendered":"<div id=\"model-response-message-contentr_c0565deda99f03ad\" class=\"markdown markdown-main-panel stronger enable-updated-hr-color\" dir=\"ltr\">\n<div id=\"model-response-message-contentr_0f28adeca7555db0\" class=\"markdown markdown-main-panel stronger enable-updated-hr-color\" dir=\"ltr\">\n<div id=\"model-response-message-contentr_2df5e3d7da0ab85d\" class=\"markdown markdown-main-panel stronger enable-updated-hr-color\" dir=\"ltr\">\n<h3 data-path-to-node=\"3\">Principales fonctionnalit\u00e9s et capacit\u00e9s<\/h3>\n<h3 data-path-to-node=\"4\">1. <span class=\"citation-382 citation-end-382\">Manipulation avanc\u00e9e (mains habiles)<\/span><\/h3>\n<p id=\"p-rc_20a69b775791a0b4-113\" data-path-to-node=\"5\"><span class=\"citation-381\">La d\u00e9signation \u201c F \u201d fait g\u00e9n\u00e9ralement r\u00e9f\u00e9rence \u00e0 l&#039;inclusion de <\/span><b data-path-to-node=\"5\" data-index-in-node=\"57\"><span class=\"citation-381\">deux mains agiles \u00e0 5 doigts<\/span><\/b><span class=\"citation-381 citation-end-381\"> (souvent la s\u00e9rie Inspire RH56).<\/span><\/p>\n<ul data-path-to-node=\"6\">\n<li>\n<p id=\"p-rc_20a69b775791a0b4-114\" data-path-to-node=\"6,0,0\"><b data-path-to-node=\"6,0,0\" data-index-in-node=\"0\"><span class=\"citation-380\">Degr\u00e9s de libert\u00e9 (DOF) :<\/span><\/b><span class=\"citation-380\"> Cette version peut atteindre jusqu&#039;\u00e0 <\/span><b data-path-to-node=\"6,0,0\" data-index-in-node=\"55\"><span class=\"citation-380\">43 degr\u00e9s de libert\u00e9<\/span><\/b><span class=\"citation-380 citation-end-380\"> sur tout le corps.<\/span><\/p>\n<\/li>\n<li>\n<p id=\"p-rc_20a69b775791a0b4-115\" data-path-to-node=\"6,1,0\"><b data-path-to-node=\"6,1,0\" data-index-in-node=\"0\">Retour tactile\u00a0:<\/b><span class=\"citation-379\"> Ces mains sont \u00e9quip\u00e9es jusqu&#039;\u00e0 <\/span><b data-path-to-node=\"6,1,0\" data-index-in-node=\"54\"><span class=\"citation-379\">17 capteurs tactiles<\/span><\/b><span class=\"citation-379 citation-end-379\"> par main, permettant au robot de ressentir la pression et de manipuler des objets d\u00e9licats (comme de la verrerie ou des composants \u00e9lectroniques) avec une pr\u00e9cision quasi humaine.<\/span><\/p>\n<div class=\"source-inline-chip-container ng-star-inserted\"><\/div>\n<\/li>\n<\/ul>\n<h3 data-path-to-node=\"7\">2. <span class=\"citation-378 citation-end-378\">Noyau d&#039;IA haute performance<\/span><\/h3>\n<p id=\"p-rc_20a69b775791a0b4-116\" data-path-to-node=\"8\"><span class=\"citation-377\">Alors que le G1 standard utilise un processeur octoc\u0153ur de base, le mod\u00e8le EDU Professional est aliment\u00e9 par un <\/span><b data-path-to-node=\"8\" data-index-in-node=\"88\"><span class=\"citation-377\">NVIDIA Jetson Orin<\/span><\/b><span class=\"citation-377 citation-end-377\"> module.<\/span><\/p>\n<ul data-path-to-node=\"9\">\n<li>\n<p id=\"p-rc_20a69b775791a0b4-117\" data-path-to-node=\"9,0,0\"><b data-path-to-node=\"9,0,0\" data-index-in-node=\"0\">Puissance de calcul :<\/b><span class=\"citation-376\"> Livre jusqu&#039;\u00e0 <\/span><b data-path-to-node=\"9,0,0\" data-index-in-node=\"32\"><span class=\"citation-376\">100\u2013275 TOPS<\/span><\/b><span class=\"citation-376 citation-end-376\"> (T\u00e9ra Op\u00e9rations par Seconde) de performance de l&#039;IA.<\/span><\/p>\n<\/li>\n<li>\n<p data-path-to-node=\"9,1,0\"><b data-path-to-node=\"9,1,0\" data-index-in-node=\"0\">Pr\u00eat pour la recherche :<\/b> Cela permet l&#039;apprentissage par renforcement en temps r\u00e9el, le SLAM (localisation et cartographie simultan\u00e9es) complexe et des t\u00e2ches de vision par ordinateur avanc\u00e9es directement embarqu\u00e9es.<\/p>\n<\/li>\n<\/ul>\n<p>&nbsp;<\/p>\n<h3 data-path-to-node=\"10\">3. Mobilit\u00e9 et construction<\/h3>\n<p id=\"p-rc_20a69b775791a0b4-118\" data-path-to-node=\"11\"><span class=\"citation-375 citation-end-375\">Le G1 est c\u00e9l\u00e8bre pour sa conception \u201c pliable \u201d, ce qui en fait l&#039;un des humano\u00efdes les plus portables au monde.<\/span><\/p>\n<ul data-path-to-node=\"12\">\n<li>\n<p id=\"p-rc_20a69b775791a0b4-119\" data-path-to-node=\"12,0,0\"><b data-path-to-node=\"12,0,0\" data-index-in-node=\"0\">Couple de serrage des articulations\u00a0:<\/b><span class=\"citation-374\"> Des articulations de genou am\u00e9lior\u00e9es offrant <\/span><b data-path-to-node=\"12,0,0\" data-index-in-node=\"46\"><span class=\"citation-374\">120 Nm<\/span><\/b><span class=\"citation-374 citation-end-374\"> de couple (contre 90 Nm sur les mod\u00e8les de base).<\/span><\/p>\n<\/li>\n<li>\n<p id=\"p-rc_20a69b775791a0b4-120\" data-path-to-node=\"12,1,0\"><b data-path-to-node=\"12,1,0\" data-index-in-node=\"0\"><span class=\"citation-373\">Pliabilit\u00e9 :<\/span><\/b><span class=\"citation-373\"> Se replie pour un format compact <\/span><b data-path-to-node=\"12,1,0\" data-index-in-node=\"40\"><span class=\"citation-373\">690 \u00d7 450 \u00d7 300 mm<\/span><\/b><span class=\"citation-373 citation-end-373\"> pour un transport facile dans un coffre de voiture standard.<\/span><\/p>\n<\/li>\n<li>\n<p id=\"p-rc_20a69b775791a0b4-121\" data-path-to-node=\"12,2,0\"><b data-path-to-node=\"12,2,0\" data-index-in-node=\"0\"><span class=\"citation-372\">Durabilit\u00e9:<\/span><\/b><span class=\"citation-372 citation-end-372\"> Fabriqu\u00e9 en aluminium de qualit\u00e9 a\u00e9rospatiale et en plastiques techniques haute r\u00e9sistance.<\/span><\/p>\n<div class=\"source-inline-chip-container ng-star-inserted\"><\/div>\n<\/li>\n<\/ul>\n<h3 data-path-to-node=\"14\">Sp\u00e9cifications techniques<\/h3>\n<table data-path-to-node=\"15\">\n<thead>\n<tr>\n<td><strong>Fonctionnalit\u00e9<\/strong><\/td>\n<td><strong>Sp\u00e9cification<\/strong><\/td>\n<\/tr>\n<\/thead>\n<tbody>\n<tr>\n<td><span data-path-to-node=\"15,1,0,0\"><b data-path-to-node=\"15,1,0,0\" data-index-in-node=\"0\">Hauteur (debout)<\/b><\/span><\/td>\n<td><span data-path-to-node=\"15,1,1,0\">1 320 mm (environ 4&#039;4\u2033)<\/span><\/td>\n<\/tr>\n<tr>\n<td><span data-path-to-node=\"15,2,0,0\"><b data-path-to-node=\"15,2,0,0\" data-index-in-node=\"0\">Poids<\/b><\/span><\/td>\n<td><span data-path-to-node=\"15,2,1,0\">~35 kg (batterie comprise)<\/span><\/td>\n<\/tr>\n<tr>\n<td><span data-path-to-node=\"15,3,0,0\"><b data-path-to-node=\"15,3,0,0\" data-index-in-node=\"0\">Vitesse maximale<\/b><\/span><\/td>\n<td><span data-path-to-node=\"15,3,1,0\">2,0 m\/s (environ 7,2 km\/h)<\/span><\/td>\n<\/tr>\n<tr>\n<td><span data-path-to-node=\"15,4,0,0\"><b data-path-to-node=\"15,4,0,0\" data-index-in-node=\"0\">Autonomie de la batterie<\/b><\/span><\/td>\n<td><span data-path-to-node=\"15,4,1,0\">~2 heures (batterie amovible de 9000 mAh)<\/span><\/td>\n<\/tr>\n<tr>\n<td><span data-path-to-node=\"15,5,0,0\"><b data-path-to-node=\"15,5,0,0\" data-index-in-node=\"0\">Suite de d\u00e9tection<\/b><\/span><\/td>\n<td><span data-path-to-node=\"15,5,1,0\">LiDAR 3D (360\u00b0), cam\u00e9ra de profondeur (Intel RealSense), r\u00e9seau de 4 microphones<\/span><\/td>\n<\/tr>\n<tr>\n<td><span data-path-to-node=\"15,6,0,0\"><b data-path-to-node=\"15,6,0,0\" data-index-in-node=\"0\">Connectivit\u00e9<\/b><\/span><\/td>\n<td><span data-path-to-node=\"15,6,1,0\">Wi-Fi 6, Bluetooth 5.2, Ethernet Gigabit<\/span><\/td>\n<\/tr>\n<tr>\n<td><span data-path-to-node=\"15,7,0,0\"><b data-path-to-node=\"15,7,0,0\" data-index-in-node=\"0\">Charge utile<\/b><\/span><\/td>\n<td><span data-path-to-node=\"15,7,1,0\">Capacit\u00e9 de charge du bras d&#039;environ 3 kg<\/span><\/td>\n<\/tr>\n<\/tbody>\n<\/table>\n<p>&nbsp;<\/p>\n<p>&nbsp;<\/p>\n<\/div>\n<div id=\"model-response-message-contentr_2df5e3d7da0ab85d\" class=\"markdown markdown-main-panel stronger enable-updated-hr-color\" dir=\"ltr\">\n<h3 data-path-to-node=\"17\">Pourquoi choisir le professionnel EDU F ?<\/h3>\n<p data-path-to-node=\"18\">Ce mod\u00e8le pr\u00e9cis fait le lien entre une \u201c curiosit\u00e9 de laboratoire \u201d et un \u201c agent fonctionnel \u201d. Il est con\u00e7u pour :<\/p>\n<ul data-path-to-node=\"19\">\n<li>\n<p data-path-to-node=\"19,0,0\"><b data-path-to-node=\"19,0,0\" data-index-in-node=\"0\">Recherche sur l&#039;IA incarn\u00e9e\u00a0:<\/b> Tester les grands mod\u00e8les de langage (LLM) qui doivent interagir avec le monde physique.<\/p>\n<\/li>\n<li>\n<p id=\"p-rc_20a69b775791a0b4-122\" data-path-to-node=\"19,1,0\"><b data-path-to-node=\"19,1,0\" data-index-in-node=\"0\"><span class=\"citation-371\">Interaction homme-robot (IHR) :<\/span><\/b><span class=\"citation-371 citation-end-371\"> Ses mains \u00e0 5 doigts permettent des gestes naturels et une utilisation complexe des outils.<\/span><\/p>\n<\/li>\n<li>\n<p id=\"p-rc_20a69b775791a0b4-123\" data-path-to-node=\"19,2,0\"><b data-path-to-node=\"19,2,0\" data-index-in-node=\"0\">D\u00e9veloppement secondaire :<\/b><span class=\"citation-370 citation-end-370\"> Acc\u00e8s complet au SDK et \u00e0 ROS2, permettant aux d\u00e9veloppeurs de programmer des allures, des t\u00e2ches et des comportements autonomes personnalis\u00e9s.<\/span><\/p>\n<\/li>\n<\/ul>\n<\/div>\n<\/div>\n<\/div>","protected":false},"excerpt":{"rendered":"<p data-path-to-node=\"0\">Le <b data-path-to-node=\"0\" data-index-in-node=\"4\">Unitree G1 EDU Professionnel F (U14)<\/b> Il s&#039;agit d&#039;une configuration haut de gamme de la s\u00e9rie humano\u00efde G1, sp\u00e9cialement con\u00e7ue pour la recherche avanc\u00e9e, le d\u00e9veloppement de l&#039;IA incarn\u00e9e et les applications de services professionnels.<\/p>\n<p data-path-to-node=\"1\">Contrairement au mod\u00e8le de consommation de base, le <b data-path-to-node=\"1\" data-index-in-node=\"37\">Professionnel de l&#039;\u00e9ducation F<\/b> elle sert de plateforme \u201c compl\u00e8te \u201d, int\u00e9grant un calcul IA haute performance avec le mat\u00e9riel de manipulation le plus avanc\u00e9 disponible dans la gamme G1.<\/p>","protected":false},"featured_media":21524,"comment_status":"open","ping_status":"closed","template":"","meta":[],"product_brand":[1087],"product_cat":[1038,1037,1103],"product_tag":[1088,1110,1109,1105],"class_list":{"0":"post-24438","1":"product","2":"type-product","3":"status-publish","4":"has-post-thumbnail","6":"product_brand-unitree","7":"product_cat-humanoid","8":"product_cat-robotics","9":"product_cat-unitree-hum-robots","10":"product_tag-unitree","11":"product_tag-unitree-g1-robot","12":"product_tag-unitree-g1-series","13":"product_tag-unitree-humanoid","15":"first","16":"onbackorder","17":"taxable","18":"shipping-taxable","19":"purchasable","20":"product-type-simple"},"yoast_head":"<!-- This site is optimized with the Yoast SEO plugin v27.1.1 - https:\/\/yoast.com\/product\/yoast-seo-wordpress\/ -->\n<title>Unitre G1 EDU Professional F (U14) - Ghostysky<\/title>\n<meta name=\"description\" content=\"The Unitree G1 EDU Professional F (U14) is a high-tier configuration of the G1 humanoid series, specifically engineered for advanced research, embodied AI development, and professional service applications.Unlike the basic consumer model, the EDU Professional F serves as a &quot;full-spec&quot; platform, integrating high-performance AI computing with the most advanced manipulation hardware available in the G1 lineup.\" \/>\n<meta name=\"robots\" content=\"index, follow, max-snippet:-1, max-image-preview:large, max-video-preview:-1\" \/>\n<link rel=\"canonical\" href=\"https:\/\/www.ghostysky.com\/fr\/product\/unitre-g1-edu-professional-f-u14\/\" \/>\n<meta property=\"og:locale\" content=\"fr_FR\" \/>\n<meta property=\"og:type\" content=\"article\" \/>\n<meta property=\"og:title\" content=\"Unitre G1 EDU Professional F (U14) - Ghostysky\" \/>\n<meta property=\"og:description\" content=\"The Unitree G1 EDU Professional F (U14) is a high-tier configuration of the G1 humanoid series, specifically engineered for advanced research, embodied AI development, and professional service applications.Unlike the basic consumer model, the EDU Professional F serves as a &quot;full-spec&quot; platform, integrating high-performance AI computing with the most advanced manipulation hardware available in the G1 lineup.\" \/>\n<meta property=\"og:url\" content=\"https:\/\/www.ghostysky.com\/fr\/product\/unitre-g1-edu-professional-f-u14\/\" \/>\n<meta property=\"og:site_name\" content=\"Ghostysky\" \/>\n<meta property=\"article:publisher\" content=\"https:\/\/www.facebook.com\/people\/Ghostysky\/100057676170234\/\" \/>\n<meta property=\"article:modified_time\" content=\"2026-03-19T12:07:28+00:00\" \/>\n<meta property=\"og:image\" content=\"https:\/\/www.ghostysky.com\/wp-content\/uploads\/2025\/10\/GH_G1-Humanoid_1.png\" \/>\n\t<meta property=\"og:image:width\" content=\"650\" \/>\n\t<meta property=\"og:image:height\" content=\"650\" \/>\n\t<meta property=\"og:image:type\" content=\"image\/png\" \/>\n<meta name=\"twitter:card\" content=\"summary_large_image\" \/>\n<meta name=\"twitter:site\" content=\"@Gh0stysky\" \/>\n<meta name=\"twitter:label1\" content=\"Dur\u00e9e de lecture estim\u00e9e\" \/>\n\t<meta name=\"twitter:data1\" content=\"2 minutes\" \/>\n<script type=\"application\/ld+json\" class=\"yoast-schema-graph\">{\"@context\":\"https:\/\/schema.org\",\"@graph\":[{\"@type\":\"WebPage\",\"@id\":\"https:\/\/www.ghostysky.com\/product\/unitre-g1-edu-professional-f-u14\/\",\"url\":\"https:\/\/www.ghostysky.com\/product\/unitre-g1-edu-professional-f-u14\/\",\"name\":\"Unitre G1 EDU Professional F (U14) - Ghostysky\",\"isPartOf\":{\"@id\":\"https:\/\/www.ghostysky.com\/#website\"},\"primaryImageOfPage\":{\"@id\":\"https:\/\/www.ghostysky.com\/product\/unitre-g1-edu-professional-f-u14\/#primaryimage\"},\"image\":{\"@id\":\"https:\/\/www.ghostysky.com\/product\/unitre-g1-edu-professional-f-u14\/#primaryimage\"},\"thumbnailUrl\":\"https:\/\/www.ghostysky.com\/wp-content\/uploads\/2025\/10\/GH_G1-Humanoid_1.png\",\"datePublished\":\"2026-03-16T13:56:38+00:00\",\"dateModified\":\"2026-03-19T12:07:28+00:00\",\"description\":\"The Unitree G1 EDU Professional F (U14) is a high-tier configuration of the G1 humanoid series, specifically engineered for advanced research, embodied AI development, and professional service applications.Unlike the basic consumer model, the EDU Professional F serves as a \\\"full-spec\\\" platform, integrating high-performance AI computing with the most advanced manipulation hardware available in the G1 lineup.\",\"breadcrumb\":{\"@id\":\"https:\/\/www.ghostysky.com\/product\/unitre-g1-edu-professional-f-u14\/#breadcrumb\"},\"inLanguage\":\"fr-FR\",\"potentialAction\":[{\"@type\":\"ReadAction\",\"target\":[\"https:\/\/www.ghostysky.com\/product\/unitre-g1-edu-professional-f-u14\/\"]}]},{\"@type\":\"ImageObject\",\"inLanguage\":\"fr-FR\",\"@id\":\"https:\/\/www.ghostysky.com\/product\/unitre-g1-edu-professional-f-u14\/#primaryimage\",\"url\":\"https:\/\/www.ghostysky.com\/wp-content\/uploads\/2025\/10\/GH_G1-Humanoid_1.png\",\"contentUrl\":\"https:\/\/www.ghostysky.com\/wp-content\/uploads\/2025\/10\/GH_G1-Humanoid_1.png\",\"width\":650,\"height\":650},{\"@type\":\"BreadcrumbList\",\"@id\":\"https:\/\/www.ghostysky.com\/product\/unitre-g1-edu-professional-f-u14\/#breadcrumb\",\"itemListElement\":[{\"@type\":\"ListItem\",\"position\":1,\"name\":\"Home\",\"item\":\"https:\/\/www.ghostysky.com\/\"},{\"@type\":\"ListItem\",\"position\":2,\"name\":\"Shop\",\"item\":\"https:\/\/www.ghostysky.com\/shop\/\"},{\"@type\":\"ListItem\",\"position\":3,\"name\":\"Unitre G1 EDU Professional F (U14)\"}]},{\"@type\":\"WebSite\",\"@id\":\"https:\/\/www.ghostysky.com\/#website\",\"url\":\"https:\/\/www.ghostysky.com\/\",\"name\":\"Ghostysky\",\"description\":\"Delivering professional drones and services\",\"publisher\":{\"@id\":\"https:\/\/www.ghostysky.com\/#organization\"},\"potentialAction\":[{\"@type\":\"SearchAction\",\"target\":{\"@type\":\"EntryPoint\",\"urlTemplate\":\"https:\/\/www.ghostysky.com\/?s={search_term_string}\"},\"query-input\":{\"@type\":\"PropertyValueSpecification\",\"valueRequired\":true,\"valueName\":\"search_term_string\"}}],\"inLanguage\":\"fr-FR\"},{\"@type\":\"Organization\",\"@id\":\"https:\/\/www.ghostysky.com\/#organization\",\"name\":\"Ghostysky\",\"url\":\"https:\/\/www.ghostysky.com\/\",\"logo\":{\"@type\":\"ImageObject\",\"inLanguage\":\"fr-FR\",\"@id\":\"https:\/\/www.ghostysky.com\/#\/schema\/logo\/image\/\",\"url\":\"https:\/\/www.ghostysky.com\/wp-content\/uploads\/2020\/06\/cropped-ghostyskylogo_text_white2.png\",\"contentUrl\":\"https:\/\/www.ghostysky.com\/wp-content\/uploads\/2020\/06\/cropped-ghostyskylogo_text_white2.png\",\"width\":169,\"height\":56,\"caption\":\"Ghostysky\"},\"image\":{\"@id\":\"https:\/\/www.ghostysky.com\/#\/schema\/logo\/image\/\"},\"sameAs\":[\"https:\/\/www.facebook.com\/people\/Ghostysky\/100057676170234\/\",\"https:\/\/x.com\/Gh0stysky\",\"https:\/\/www.linkedin.com\/company\/34739653\",\"https:\/\/www.instagram.com\/gh0stysky\"]}]}<\/script>\n<!-- \/ Yoast SEO plugin. -->","yoast_head_json":{"title":"Unitre G1 EDU Professional F (U14) - Ghostysky","description":"L&#039;Unitree G1 EDU Professional F (U14) est une configuration haut de gamme de la s\u00e9rie humano\u00efde G1, sp\u00e9cialement con\u00e7ue pour la recherche avanc\u00e9e, le d\u00e9veloppement de l&#039;IA incarn\u00e9e et les applications de services professionnels. Contrairement au mod\u00e8le grand public de base, l&#039;EDU Professional F sert de plateforme \" compl\u00e8te \", int\u00e9grant un calcul d&#039;IA haute performance avec le mat\u00e9riel de manipulation le plus avanc\u00e9 disponible dans la gamme G1.","robots":{"index":"index","follow":"follow","max-snippet":"max-snippet:-1","max-image-preview":"max-image-preview:large","max-video-preview":"max-video-preview:-1"},"canonical":"https:\/\/www.ghostysky.com\/fr\/product\/unitre-g1-edu-professional-f-u14\/","og_locale":"fr_FR","og_type":"article","og_title":"Unitre G1 EDU Professional F (U14) - Ghostysky","og_description":"The Unitree G1 EDU Professional F (U14) is a high-tier configuration of the G1 humanoid series, specifically engineered for advanced research, embodied AI development, and professional service applications.Unlike the basic consumer model, the EDU Professional F serves as a \"full-spec\" platform, integrating high-performance AI computing with the most advanced manipulation hardware available in the G1 lineup.","og_url":"https:\/\/www.ghostysky.com\/fr\/product\/unitre-g1-edu-professional-f-u14\/","og_site_name":"Ghostysky","article_publisher":"https:\/\/www.facebook.com\/people\/Ghostysky\/100057676170234\/","article_modified_time":"2026-03-19T12:07:28+00:00","og_image":[{"width":650,"height":650,"url":"https:\/\/www.ghostysky.com\/wp-content\/uploads\/2025\/10\/GH_G1-Humanoid_1.png","type":"image\/png"}],"twitter_card":"summary_large_image","twitter_site":"@Gh0stysky","twitter_misc":{"Dur\u00e9e de lecture estim\u00e9e":"2 minutes"},"schema":{"@context":"https:\/\/schema.org","@graph":[{"@type":"WebPage","@id":"https:\/\/www.ghostysky.com\/product\/unitre-g1-edu-professional-f-u14\/","url":"https:\/\/www.ghostysky.com\/product\/unitre-g1-edu-professional-f-u14\/","name":"Unitre G1 EDU Professional F (U14) - Ghostysky","isPartOf":{"@id":"https:\/\/www.ghostysky.com\/#website"},"primaryImageOfPage":{"@id":"https:\/\/www.ghostysky.com\/product\/unitre-g1-edu-professional-f-u14\/#primaryimage"},"image":{"@id":"https:\/\/www.ghostysky.com\/product\/unitre-g1-edu-professional-f-u14\/#primaryimage"},"thumbnailUrl":"https:\/\/www.ghostysky.com\/wp-content\/uploads\/2025\/10\/GH_G1-Humanoid_1.png","datePublished":"2026-03-16T13:56:38+00:00","dateModified":"2026-03-19T12:07:28+00:00","description":"L&#039;Unitree G1 EDU Professional F (U14) est une configuration haut de gamme de la s\u00e9rie humano\u00efde G1, sp\u00e9cialement con\u00e7ue pour la recherche avanc\u00e9e, le d\u00e9veloppement de l&#039;IA incarn\u00e9e et les applications de services professionnels. Contrairement au mod\u00e8le grand public de base, l&#039;EDU Professional F sert de plateforme \" compl\u00e8te \", int\u00e9grant un calcul d&#039;IA haute performance avec le mat\u00e9riel de manipulation le plus avanc\u00e9 disponible dans la gamme G1.","breadcrumb":{"@id":"https:\/\/www.ghostysky.com\/product\/unitre-g1-edu-professional-f-u14\/#breadcrumb"},"inLanguage":"fr-FR","potentialAction":[{"@type":"ReadAction","target":["https:\/\/www.ghostysky.com\/product\/unitre-g1-edu-professional-f-u14\/"]}]},{"@type":"ImageObject","inLanguage":"fr-FR","@id":"https:\/\/www.ghostysky.com\/product\/unitre-g1-edu-professional-f-u14\/#primaryimage","url":"https:\/\/www.ghostysky.com\/wp-content\/uploads\/2025\/10\/GH_G1-Humanoid_1.png","contentUrl":"https:\/\/www.ghostysky.com\/wp-content\/uploads\/2025\/10\/GH_G1-Humanoid_1.png","width":650,"height":650},{"@type":"BreadcrumbList","@id":"https:\/\/www.ghostysky.com\/product\/unitre-g1-edu-professional-f-u14\/#breadcrumb","itemListElement":[{"@type":"ListItem","position":1,"name":"Home","item":"https:\/\/www.ghostysky.com\/"},{"@type":"ListItem","position":2,"name":"Shop","item":"https:\/\/www.ghostysky.com\/shop\/"},{"@type":"ListItem","position":3,"name":"Unitre G1 EDU Professional F (U14)"}]},{"@type":"WebSite","@id":"https:\/\/www.ghostysky.com\/#website","url":"https:\/\/www.ghostysky.com\/","name":"Ghostysky","description":"Livraison de drones et de services professionnels","publisher":{"@id":"https:\/\/www.ghostysky.com\/#organization"},"potentialAction":[{"@type":"SearchAction","target":{"@type":"EntryPoint","urlTemplate":"https:\/\/www.ghostysky.com\/?s={search_term_string}"},"query-input":{"@type":"PropertyValueSpecification","valueRequired":true,"valueName":"search_term_string"}}],"inLanguage":"fr-FR"},{"@type":"Organization","@id":"https:\/\/www.ghostysky.com\/#organization","name":"Ghostysky","url":"https:\/\/www.ghostysky.com\/","logo":{"@type":"ImageObject","inLanguage":"fr-FR","@id":"https:\/\/www.ghostysky.com\/#\/schema\/logo\/image\/","url":"https:\/\/www.ghostysky.com\/wp-content\/uploads\/2020\/06\/cropped-ghostyskylogo_text_white2.png","contentUrl":"https:\/\/www.ghostysky.com\/wp-content\/uploads\/2020\/06\/cropped-ghostyskylogo_text_white2.png","width":169,"height":56,"caption":"Ghostysky"},"image":{"@id":"https:\/\/www.ghostysky.com\/#\/schema\/logo\/image\/"},"sameAs":["https:\/\/www.facebook.com\/people\/Ghostysky\/100057676170234\/","https:\/\/x.com\/Gh0stysky","https:\/\/www.linkedin.com\/company\/34739653","https:\/\/www.instagram.com\/gh0stysky"]}]}},"_links":{"self":[{"href":"https:\/\/www.ghostysky.com\/fr\/wp-json\/wp\/v2\/product\/24438","targetHints":{"allow":["GET"]}}],"collection":[{"href":"https:\/\/www.ghostysky.com\/fr\/wp-json\/wp\/v2\/product"}],"about":[{"href":"https:\/\/www.ghostysky.com\/fr\/wp-json\/wp\/v2\/types\/product"}],"replies":[{"embeddable":true,"href":"https:\/\/www.ghostysky.com\/fr\/wp-json\/wp\/v2\/comments?post=24438"}],"wp:featuredmedia":[{"embeddable":true,"href":"https:\/\/www.ghostysky.com\/fr\/wp-json\/wp\/v2\/media\/21524"}],"wp:attachment":[{"href":"https:\/\/www.ghostysky.com\/fr\/wp-json\/wp\/v2\/media?parent=24438"}],"wp:term":[{"taxonomy":"product_brand","embeddable":true,"href":"https:\/\/www.ghostysky.com\/fr\/wp-json\/wp\/v2\/product_brand?post=24438"},{"taxonomy":"product_cat","embeddable":true,"href":"https:\/\/www.ghostysky.com\/fr\/wp-json\/wp\/v2\/product_cat?post=24438"},{"taxonomy":"product_tag","embeddable":true,"href":"https:\/\/www.ghostysky.com\/fr\/wp-json\/wp\/v2\/product_tag?post=24438"}],"curies":[{"name":"wp","href":"https:\/\/api.w.org\/{rel}","templated":true}]}}