{"id":24445,"date":"2026-03-19T10:52:55","date_gmt":"2026-03-19T10:52:55","guid":{"rendered":"https:\/\/www.ghostysky.com\/?post_type=product&#038;p=24445"},"modified":"2026-03-19T11:05:08","modified_gmt":"2026-03-19T11:05:08","slug":"emlid-smartphone-mount","status":"publish","type":"product","link":"https:\/\/www.ghostysky.com\/fr\/product\/emlid-smartphone-mount\/","title":{"rendered":"Support pour smartphone Emlid"},"content":{"rendered":"<h3 data-path-to-node=\"3\">Caract\u00e9ristiques principales<\/h3>\n<ul data-path-to-node=\"4\">\n<li>\n<p id=\"p-rc_b05e9ea53d1c0b6a-21\" data-path-to-node=\"4,0,0\"><b data-path-to-node=\"4,0,0\" data-index-in-node=\"0\">Prise en charge universelle des appareils\u00a0:<\/b><span class=\"citation-18 citation-end-18\"> La pince r\u00e9glable maintient fermement la plupart des smartphones modernes et des dispositifs de contr\u00f4le d\u00e9di\u00e9s.<\/span><\/p>\n<\/li>\n<li>\n<p id=\"p-rc_b05e9ea53d1c0b6a-22\" data-path-to-node=\"4,1,0\"><b data-path-to-node=\"4,1,0\" data-index-in-node=\"0\">Niveau \u00e0 bulle int\u00e9gr\u00e9\u00a0:<\/b><span class=\"citation-17 citation-end-17\"> Il est dot\u00e9 d&#039;un niveau \u00e0 bulle circulaire int\u00e9gr\u00e9 pour vous aider \u00e0 maintenir la verticalit\u00e9 et obtenir des mesures plus pr\u00e9cises.<\/span><\/p>\n<\/li>\n<li>\n<p id=\"p-rc_b05e9ea53d1c0b6a-23\" data-path-to-node=\"4,2,0\"><b data-path-to-node=\"4,2,0\" data-index-in-node=\"0\">Construction robuste :<\/b><span class=\"citation-16\"> Construit \u00e0 partir de <\/span><b data-path-to-node=\"4,2,0\" data-index-in-node=\"31\"><span class=\"citation-16\">aluminium anodis\u00e9<\/span><\/b><span class=\"citation-16 citation-end-16\"> pour un \u00e9quilibre entre durabilit\u00e9 extr\u00eame et performance en toute l\u00e9g\u00e8ret\u00e9.<\/span><\/p>\n<\/li>\n<li>\n<p id=\"p-rc_b05e9ea53d1c0b6a-24\" data-path-to-node=\"4,3,0\"><b data-path-to-node=\"4,3,0\" data-index-in-node=\"0\"><span class=\"citation-15\">Protection de l&#039;appareil\u00a0:<\/span><\/b><span class=\"citation-15 citation-end-15\"> Comprend des autocollants en mousse rempla\u00e7ables pour un ajustement parfait et pour \u00e9viter les rayures sur le ch\u00e2ssis de votre t\u00e9l\u00e9phone.<\/span><\/p>\n<\/li>\n<li>\n<p id=\"p-rc_b05e9ea53d1c0b6a-25\" data-path-to-node=\"4,4,0\"><b data-path-to-node=\"4,4,0\" data-index-in-node=\"0\"><span class=\"citation-14\">Stabilit\u00e9 \u00e0 toute \u00e9preuve :<\/span><\/b><span class=\"citation-14 citation-end-14\"> Con\u00e7u avec un diam\u00e8tre de 34,5 mm pour se fixer parfaitement sur la perche d&#039;arpentage Emlid, emp\u00eachant tout glissement ou rotation pendant l&#039;utilisation.<\/span><\/p>\n<div class=\"source-inline-chip-container ng-star-inserted\"><\/div>\n<p>&nbsp;<\/li>\n<\/ul>\n<h3 data-path-to-node=\"6\">Sp\u00e9cifications techniques<\/h3>\n<table data-path-to-node=\"7\">\n<thead>\n<tr>\n<td><strong>Fonctionnalit\u00e9<\/strong><\/td>\n<td><strong>D\u00e9tails<\/strong><\/td>\n<\/tr>\n<\/thead>\n<tbody>\n<tr>\n<td><span data-path-to-node=\"7,1,0,0\"><b data-path-to-node=\"7,1,0,0\" data-index-in-node=\"0\">Mat\u00e9riel<\/b><\/span><\/td>\n<td><span data-path-to-node=\"7,1,1,0\">Aluminium anodis\u00e9<\/span><\/td>\n<\/tr>\n<tr>\n<td><span data-path-to-node=\"7,2,0,0\"><b data-path-to-node=\"7,2,0,0\" data-index-in-node=\"0\">Poids<\/b><\/span><\/td>\n<td><span data-path-to-node=\"7,2,1,0\">187 g (0,41 lb)<\/span><\/td>\n<\/tr>\n<tr>\n<td><span data-path-to-node=\"7,3,0,0\"><b data-path-to-node=\"7,3,0,0\" data-index-in-node=\"0\">Largeur de l&#039;appareil prise en charge<\/b><\/span><\/td>\n<td><span data-path-to-node=\"7,3,1,0\">63 mm \u00e0 93 mm<\/span><\/td>\n<\/tr>\n<tr>\n<td><span data-path-to-node=\"7,4,0,0\"><b data-path-to-node=\"7,4,0,0\" data-index-in-node=\"0\">\u00c9paisseur de l&#039;appareil prise en charge<\/b><\/span><\/td>\n<td><span data-path-to-node=\"7,4,1,0\">8 mm \u00e0 15 mm<\/span><\/td>\n<\/tr>\n<tr>\n<td><span data-path-to-node=\"7,5,0,0\"><b data-path-to-node=\"7,5,0,0\" data-index-in-node=\"0\">Diam\u00e8tre de montage<\/b><\/span><\/td>\n<td><span data-path-to-node=\"7,5,1,0\">34,5 mm (Optimis\u00e9 pour les poteaux de lev\u00e9 Emlid)<\/span><\/td>\n<\/tr>\n<tr>\n<td><span data-path-to-node=\"7,6,0,0\"><b data-path-to-node=\"7,6,0,0\" data-index-in-node=\"0\">Temp\u00e9rature de fonctionnement<\/b><\/span><\/td>\n<td><span data-path-to-node=\"7,6,1,0\">-20\u00b0C \u00e0 +70\u00b0C<\/span><\/td>\n<\/tr>\n<\/tbody>\n<\/table>\n<p>&nbsp;<\/p>\n<p>&nbsp;<\/p>\n<h3 data-path-to-node=\"9\">Que contient la bo\u00eete ?<\/h3>\n<ul data-path-to-node=\"10\">\n<li>\n<p id=\"p-rc_b05e9ea53d1c0b6a-26\" data-path-to-node=\"10,0,0\"><span class=\"citation-13 citation-end-13\">1 support pour smartphone Emlid (avec niveau \u00e0 bulle int\u00e9gr\u00e9)<\/span><\/p>\n<\/li>\n<\/ul>","protected":false},"excerpt":{"rendered":"<p id=\"p-rc_b05e9ea53d1c0b6a-19\" data-path-to-node=\"0\"><span class=\"citation-21\">Le <\/span><b data-path-to-node=\"0\" data-index-in-node=\"4\"><span class=\"citation-21\">Support pour smartphone Emlid<\/span><\/b><span class=\"citation-21 citation-end-21\"> est un accessoire robuste de qualit\u00e9 professionnelle con\u00e7u pour int\u00e9grer directement votre appareil mobile \u00e0 votre flux de travail de lev\u00e9 topographique.<\/span> <span class=\"citation-20\">Con\u00e7u sp\u00e9cifiquement pour <\/span><b data-path-to-node=\"0\" data-index-in-node=\"181\"><span class=\"citation-20\">Poteau d&#039;arpentage Emlid<\/span><\/b><span class=\"citation-20 citation-end-20\">, Ce support offre une plateforme stable et mains libres pour la surveillance des donn\u00e9es GNSS via l&#039;application ReachView ou d&#039;autres logiciels de lev\u00e9s topographiques.<\/span><\/p>\n<p id=\"p-rc_b05e9ea53d1c0b6a-20\" data-path-to-node=\"1\"><span class=\"citation-19 citation-end-19\">Fabriqu\u00e9 \u00e0 partir de mat\u00e9riaux de haute qualit\u00e9, il garantit la s\u00e9curit\u00e9 de votre \u201c contr\u00f4leur \u201d (votre t\u00e9l\u00e9phone) m\u00eame dans des conditions de terrain exigeantes, vous permettant ainsi de vous concentrer sur la pr\u00e9cision et l&#039;efficacit\u00e9.<\/span><\/p>","protected":false},"featured_media":24451,"comment_status":"open","ping_status":"closed","template":"","meta":[],"product_brand":[1025],"product_cat":[367,89,30],"product_tag":[58,1398],"class_list":{"0":"post-24445","1":"product","2":"type-product","3":"status-publish","4":"has-post-thumbnail","6":"product_brand-emlid","7":"product_cat-accessories-emlid","8":"product_cat-emlid","9":"product_cat-mobile-station","10":"product_tag-emlid","11":"product_tag-smartphone-mount","13":"first","14":"instock","15":"taxable","16":"shipping-taxable","17":"purchasable","18":"product-type-simple"},"yoast_head":"<!-- This site is optimized with the Yoast SEO plugin v27.1.1 - https:\/\/yoast.com\/product\/yoast-seo-wordpress\/ -->\n<title>Emlid Smartphone Mount - Ghostysky<\/title>\n<meta name=\"description\" content=\"The Emlid Smartphone Mount is a rugged, professional-grade accessory designed to integrate your mobile device directly into your surveying workflow. Engineered specifically for the Emlid Survey Pole, this mount provides a stable, hands-free platform for monitoring GNSS data via the ReachView app or other survey software.Crafted from high-quality materials, it ensures your &quot;controller&quot; (your phone) stays secure even in demanding field conditions, allowing you to focus on precision and efficiency.\" \/>\n<meta name=\"robots\" content=\"index, follow, max-snippet:-1, max-image-preview:large, max-video-preview:-1\" \/>\n<link rel=\"canonical\" href=\"https:\/\/www.ghostysky.com\/fr\/product\/emlid-smartphone-mount\/\" \/>\n<meta property=\"og:locale\" content=\"fr_FR\" \/>\n<meta property=\"og:type\" content=\"article\" \/>\n<meta property=\"og:title\" content=\"Emlid Smartphone Mount - Ghostysky\" \/>\n<meta property=\"og:description\" content=\"The Emlid Smartphone Mount is a rugged, professional-grade accessory designed to integrate your mobile device directly into your surveying workflow. Engineered specifically for the Emlid Survey Pole, this mount provides a stable, hands-free platform for monitoring GNSS data via the ReachView app or other survey software.Crafted from high-quality materials, it ensures your &quot;controller&quot; (your phone) stays secure even in demanding field conditions, allowing you to focus on precision and efficiency.\" \/>\n<meta property=\"og:url\" content=\"https:\/\/www.ghostysky.com\/fr\/product\/emlid-smartphone-mount\/\" \/>\n<meta property=\"og:site_name\" content=\"Ghostysky\" \/>\n<meta property=\"article:publisher\" content=\"https:\/\/www.facebook.com\/people\/Ghostysky\/100057676170234\/\" \/>\n<meta property=\"article:modified_time\" content=\"2026-03-19T11:05:08+00:00\" \/>\n<meta property=\"og:image\" content=\"https:\/\/www.ghostysky.com\/wp-content\/uploads\/2026\/03\/GH_Emlid-Smartphone-Mount_1.webp\" \/>\n\t<meta property=\"og:image:width\" content=\"1000\" \/>\n\t<meta property=\"og:image:height\" content=\"1000\" \/>\n\t<meta property=\"og:image:type\" content=\"image\/webp\" \/>\n<meta name=\"twitter:card\" content=\"summary_large_image\" \/>\n<meta name=\"twitter:site\" content=\"@Gh0stysky\" \/>\n<meta name=\"twitter:label1\" content=\"Dur\u00e9e de lecture estim\u00e9e\" \/>\n\t<meta name=\"twitter:data1\" content=\"1 minute\" \/>\n<script type=\"application\/ld+json\" class=\"yoast-schema-graph\">{\"@context\":\"https:\/\/schema.org\",\"@graph\":[{\"@type\":\"WebPage\",\"@id\":\"https:\/\/www.ghostysky.com\/product\/emlid-smartphone-mount\/\",\"url\":\"https:\/\/www.ghostysky.com\/product\/emlid-smartphone-mount\/\",\"name\":\"Emlid Smartphone Mount - Ghostysky\",\"isPartOf\":{\"@id\":\"https:\/\/www.ghostysky.com\/#website\"},\"primaryImageOfPage\":{\"@id\":\"https:\/\/www.ghostysky.com\/product\/emlid-smartphone-mount\/#primaryimage\"},\"image\":{\"@id\":\"https:\/\/www.ghostysky.com\/product\/emlid-smartphone-mount\/#primaryimage\"},\"thumbnailUrl\":\"https:\/\/www.ghostysky.com\/wp-content\/uploads\/2026\/03\/GH_Emlid-Smartphone-Mount_1.webp\",\"datePublished\":\"2026-03-19T10:52:55+00:00\",\"dateModified\":\"2026-03-19T11:05:08+00:00\",\"description\":\"The Emlid Smartphone Mount is a rugged, professional-grade accessory designed to integrate your mobile device directly into your surveying workflow. Engineered specifically for the Emlid Survey Pole, this mount provides a stable, hands-free platform for monitoring GNSS data via the ReachView app or other survey software.Crafted from high-quality materials, it ensures your \\\"controller\\\" (your phone) stays secure even in demanding field conditions, allowing you to focus on precision and efficiency.\",\"breadcrumb\":{\"@id\":\"https:\/\/www.ghostysky.com\/product\/emlid-smartphone-mount\/#breadcrumb\"},\"inLanguage\":\"fr-FR\",\"potentialAction\":[{\"@type\":\"ReadAction\",\"target\":[\"https:\/\/www.ghostysky.com\/product\/emlid-smartphone-mount\/\"]}]},{\"@type\":\"ImageObject\",\"inLanguage\":\"fr-FR\",\"@id\":\"https:\/\/www.ghostysky.com\/product\/emlid-smartphone-mount\/#primaryimage\",\"url\":\"https:\/\/www.ghostysky.com\/wp-content\/uploads\/2026\/03\/GH_Emlid-Smartphone-Mount_1.webp\",\"contentUrl\":\"https:\/\/www.ghostysky.com\/wp-content\/uploads\/2026\/03\/GH_Emlid-Smartphone-Mount_1.webp\",\"width\":1000,\"height\":1000},{\"@type\":\"BreadcrumbList\",\"@id\":\"https:\/\/www.ghostysky.com\/product\/emlid-smartphone-mount\/#breadcrumb\",\"itemListElement\":[{\"@type\":\"ListItem\",\"position\":1,\"name\":\"Home\",\"item\":\"https:\/\/www.ghostysky.com\/\"},{\"@type\":\"ListItem\",\"position\":2,\"name\":\"Shop\",\"item\":\"https:\/\/www.ghostysky.com\/shop\/\"},{\"@type\":\"ListItem\",\"position\":3,\"name\":\"Emlid Smartphone Mount\"}]},{\"@type\":\"WebSite\",\"@id\":\"https:\/\/www.ghostysky.com\/#website\",\"url\":\"https:\/\/www.ghostysky.com\/\",\"name\":\"Ghostysky\",\"description\":\"Delivering professional drones and services\",\"publisher\":{\"@id\":\"https:\/\/www.ghostysky.com\/#organization\"},\"potentialAction\":[{\"@type\":\"SearchAction\",\"target\":{\"@type\":\"EntryPoint\",\"urlTemplate\":\"https:\/\/www.ghostysky.com\/?s={search_term_string}\"},\"query-input\":{\"@type\":\"PropertyValueSpecification\",\"valueRequired\":true,\"valueName\":\"search_term_string\"}}],\"inLanguage\":\"fr-FR\"},{\"@type\":\"Organization\",\"@id\":\"https:\/\/www.ghostysky.com\/#organization\",\"name\":\"Ghostysky\",\"url\":\"https:\/\/www.ghostysky.com\/\",\"logo\":{\"@type\":\"ImageObject\",\"inLanguage\":\"fr-FR\",\"@id\":\"https:\/\/www.ghostysky.com\/#\/schema\/logo\/image\/\",\"url\":\"https:\/\/www.ghostysky.com\/wp-content\/uploads\/2020\/06\/cropped-ghostyskylogo_text_white2.png\",\"contentUrl\":\"https:\/\/www.ghostysky.com\/wp-content\/uploads\/2020\/06\/cropped-ghostyskylogo_text_white2.png\",\"width\":169,\"height\":56,\"caption\":\"Ghostysky\"},\"image\":{\"@id\":\"https:\/\/www.ghostysky.com\/#\/schema\/logo\/image\/\"},\"sameAs\":[\"https:\/\/www.facebook.com\/people\/Ghostysky\/100057676170234\/\",\"https:\/\/x.com\/Gh0stysky\",\"https:\/\/www.linkedin.com\/company\/34739653\",\"https:\/\/www.instagram.com\/gh0stysky\"]}]}<\/script>\n<!-- \/ Yoast SEO plugin. -->","yoast_head_json":{"title":"Support pour smartphone Emlid - Ghostysky","description":"Le support pour smartphone Emlid est un accessoire robuste de qualit\u00e9 professionnelle, con\u00e7u pour int\u00e9grer votre appareil mobile directement \u00e0 votre flux de travail topographique. Sp\u00e9cialement con\u00e7u pour la perche de topographie Emlid, ce support offre une plateforme stable et mains libres pour la surveillance des donn\u00e9es GNSS via l&#039;application ReachView ou tout autre logiciel topographique. Fabriqu\u00e9 \u00e0 partir de mat\u00e9riaux de haute qualit\u00e9, il garantit la s\u00e9curit\u00e9 de votre \"\u00a0contr\u00f4leur\u00a0\" (votre t\u00e9l\u00e9phone) m\u00eame dans des conditions de terrain difficiles, vous permettant ainsi de vous concentrer sur la pr\u00e9cision et l&#039;efficacit\u00e9.","robots":{"index":"index","follow":"follow","max-snippet":"max-snippet:-1","max-image-preview":"max-image-preview:large","max-video-preview":"max-video-preview:-1"},"canonical":"https:\/\/www.ghostysky.com\/fr\/product\/emlid-smartphone-mount\/","og_locale":"fr_FR","og_type":"article","og_title":"Emlid Smartphone Mount - Ghostysky","og_description":"The Emlid Smartphone Mount is a rugged, professional-grade accessory designed to integrate your mobile device directly into your surveying workflow. Engineered specifically for the Emlid Survey Pole, this mount provides a stable, hands-free platform for monitoring GNSS data via the ReachView app or other survey software.Crafted from high-quality materials, it ensures your \"controller\" (your phone) stays secure even in demanding field conditions, allowing you to focus on precision and efficiency.","og_url":"https:\/\/www.ghostysky.com\/fr\/product\/emlid-smartphone-mount\/","og_site_name":"Ghostysky","article_publisher":"https:\/\/www.facebook.com\/people\/Ghostysky\/100057676170234\/","article_modified_time":"2026-03-19T11:05:08+00:00","og_image":[{"width":1000,"height":1000,"url":"https:\/\/www.ghostysky.com\/wp-content\/uploads\/2026\/03\/GH_Emlid-Smartphone-Mount_1.webp","type":"image\/webp"}],"twitter_card":"summary_large_image","twitter_site":"@Gh0stysky","twitter_misc":{"Dur\u00e9e de lecture estim\u00e9e":"1 minute"},"schema":{"@context":"https:\/\/schema.org","@graph":[{"@type":"WebPage","@id":"https:\/\/www.ghostysky.com\/product\/emlid-smartphone-mount\/","url":"https:\/\/www.ghostysky.com\/product\/emlid-smartphone-mount\/","name":"Support pour smartphone Emlid - Ghostysky","isPartOf":{"@id":"https:\/\/www.ghostysky.com\/#website"},"primaryImageOfPage":{"@id":"https:\/\/www.ghostysky.com\/product\/emlid-smartphone-mount\/#primaryimage"},"image":{"@id":"https:\/\/www.ghostysky.com\/product\/emlid-smartphone-mount\/#primaryimage"},"thumbnailUrl":"https:\/\/www.ghostysky.com\/wp-content\/uploads\/2026\/03\/GH_Emlid-Smartphone-Mount_1.webp","datePublished":"2026-03-19T10:52:55+00:00","dateModified":"2026-03-19T11:05:08+00:00","description":"Le support pour smartphone Emlid est un accessoire robuste de qualit\u00e9 professionnelle, con\u00e7u pour int\u00e9grer votre appareil mobile directement \u00e0 votre flux de travail topographique. Sp\u00e9cialement con\u00e7u pour la perche de topographie Emlid, ce support offre une plateforme stable et mains libres pour la surveillance des donn\u00e9es GNSS via l&#039;application ReachView ou tout autre logiciel topographique. Fabriqu\u00e9 \u00e0 partir de mat\u00e9riaux de haute qualit\u00e9, il garantit la s\u00e9curit\u00e9 de votre \"\u00a0contr\u00f4leur\u00a0\" (votre t\u00e9l\u00e9phone) m\u00eame dans des conditions de terrain difficiles, vous permettant ainsi de vous concentrer sur la pr\u00e9cision et l&#039;efficacit\u00e9.","breadcrumb":{"@id":"https:\/\/www.ghostysky.com\/product\/emlid-smartphone-mount\/#breadcrumb"},"inLanguage":"fr-FR","potentialAction":[{"@type":"ReadAction","target":["https:\/\/www.ghostysky.com\/product\/emlid-smartphone-mount\/"]}]},{"@type":"ImageObject","inLanguage":"fr-FR","@id":"https:\/\/www.ghostysky.com\/product\/emlid-smartphone-mount\/#primaryimage","url":"https:\/\/www.ghostysky.com\/wp-content\/uploads\/2026\/03\/GH_Emlid-Smartphone-Mount_1.webp","contentUrl":"https:\/\/www.ghostysky.com\/wp-content\/uploads\/2026\/03\/GH_Emlid-Smartphone-Mount_1.webp","width":1000,"height":1000},{"@type":"BreadcrumbList","@id":"https:\/\/www.ghostysky.com\/product\/emlid-smartphone-mount\/#breadcrumb","itemListElement":[{"@type":"ListItem","position":1,"name":"Home","item":"https:\/\/www.ghostysky.com\/"},{"@type":"ListItem","position":2,"name":"Shop","item":"https:\/\/www.ghostysky.com\/shop\/"},{"@type":"ListItem","position":3,"name":"Emlid Smartphone Mount"}]},{"@type":"WebSite","@id":"https:\/\/www.ghostysky.com\/#website","url":"https:\/\/www.ghostysky.com\/","name":"Ghostysky","description":"Livraison de drones et de services professionnels","publisher":{"@id":"https:\/\/www.ghostysky.com\/#organization"},"potentialAction":[{"@type":"SearchAction","target":{"@type":"EntryPoint","urlTemplate":"https:\/\/www.ghostysky.com\/?s={search_term_string}"},"query-input":{"@type":"PropertyValueSpecification","valueRequired":true,"valueName":"search_term_string"}}],"inLanguage":"fr-FR"},{"@type":"Organization","@id":"https:\/\/www.ghostysky.com\/#organization","name":"Ghostysky","url":"https:\/\/www.ghostysky.com\/","logo":{"@type":"ImageObject","inLanguage":"fr-FR","@id":"https:\/\/www.ghostysky.com\/#\/schema\/logo\/image\/","url":"https:\/\/www.ghostysky.com\/wp-content\/uploads\/2020\/06\/cropped-ghostyskylogo_text_white2.png","contentUrl":"https:\/\/www.ghostysky.com\/wp-content\/uploads\/2020\/06\/cropped-ghostyskylogo_text_white2.png","width":169,"height":56,"caption":"Ghostysky"},"image":{"@id":"https:\/\/www.ghostysky.com\/#\/schema\/logo\/image\/"},"sameAs":["https:\/\/www.facebook.com\/people\/Ghostysky\/100057676170234\/","https:\/\/x.com\/Gh0stysky","https:\/\/www.linkedin.com\/company\/34739653","https:\/\/www.instagram.com\/gh0stysky"]}]}},"_links":{"self":[{"href":"https:\/\/www.ghostysky.com\/fr\/wp-json\/wp\/v2\/product\/24445","targetHints":{"allow":["GET"]}}],"collection":[{"href":"https:\/\/www.ghostysky.com\/fr\/wp-json\/wp\/v2\/product"}],"about":[{"href":"https:\/\/www.ghostysky.com\/fr\/wp-json\/wp\/v2\/types\/product"}],"replies":[{"embeddable":true,"href":"https:\/\/www.ghostysky.com\/fr\/wp-json\/wp\/v2\/comments?post=24445"}],"wp:featuredmedia":[{"embeddable":true,"href":"https:\/\/www.ghostysky.com\/fr\/wp-json\/wp\/v2\/media\/24451"}],"wp:attachment":[{"href":"https:\/\/www.ghostysky.com\/fr\/wp-json\/wp\/v2\/media?parent=24445"}],"wp:term":[{"taxonomy":"product_brand","embeddable":true,"href":"https:\/\/www.ghostysky.com\/fr\/wp-json\/wp\/v2\/product_brand?post=24445"},{"taxonomy":"product_cat","embeddable":true,"href":"https:\/\/www.ghostysky.com\/fr\/wp-json\/wp\/v2\/product_cat?post=24445"},{"taxonomy":"product_tag","embeddable":true,"href":"https:\/\/www.ghostysky.com\/fr\/wp-json\/wp\/v2\/product_tag?post=24445"}],"curies":[{"name":"wp","href":"https:\/\/api.w.org\/{rel}","templated":true}]}}