{"id":24690,"date":"2026-03-26T11:31:40","date_gmt":"2026-03-26T11:31:40","guid":{"rendered":"https:\/\/www.ghostysky.com\/?post_type=product&#038;p=24690"},"modified":"2026-03-26T11:36:16","modified_gmt":"2026-03-26T11:36:16","slug":"emlid-reach-rs3-used-grade-a","status":"publish","type":"product","link":"https:\/\/www.ghostysky.com\/fr\/product\/emlid-reach-rs3-used-grade-a\/","title":{"rendered":"Emlid Reach RS3 [Used Grade A]"},"content":{"rendered":"<h2 class=\"h2-promo d-lg-block d-md-none d-sm-none d-none\">Des r\u00e9sultats pr\u00e9cis m\u00eame avec de grands angles d&#039;inclinaison<\/h2>\n<p><a href=\"https:\/\/www.ghostysky.com\/wp-content\/uploads\/2023\/09\/ghostysky-tilt-rs3.webp\"><img fetchpriority=\"high\" decoding=\"async\" class=\"alignnone wp-image-13253 size-large lazyload\" src=\"data:image\/gif;base64,R0lGODlhAQABAAAAACH5BAEKAAEALAAAAAABAAEAAAICTAEAOw==\" alt=\"\" width=\"760\" height=\"1024\" sizes=\"(max-width: 760px) 100vw, 760px\" data-src=\"data:image\/gif;base64,R0lGODlhAQABAAAAACH5BAEKAAEALAAAAAABAAEAAAICTAEAOw==\" data-srcset=\"\" srcset=\"\"><\/a><\/p>\n<p>La compensation d&#039;inclinaison bas\u00e9e sur l&#039;IMU du Reach RS3 vous permet d&#039;effectuer des mesures avec jusqu&#039;\u00e0 60 degr\u00e9s d&#039;inclinaison tout en restant dans une pr\u00e9cision de 20 mm.<\/p>\n<p>Reach RS3 mesure et corrige en continu l&#039;inclinaison en temps r\u00e9el pour vous maintenir sur la bonne voie.<\/p>\n<p>&nbsp;<\/p>\n<h2 class=\"h2-promo survey__title\">Relev\u00e9 et implantation plus rapides \u2013 <span class=\"op-05\">Pas besoin de v\u00e9rifier la bulle<\/span><\/h2>\n<p><div class='wpo_youtube_preview_container'><img src=\"https:\/\/www.ghostysky.com\/wp-content\/cache\/wpo-youtube-thumbnails\/J8h9hTxozFM-maxresdefault.jpg\" class=\"wpo_youtube_preview\" data-video-url=\"https:\/\/www.youtube.com\/embed\/J8h9hTxozFM?feature=oembed\" alt=\"Miniature YouTube\" data-iframe-attr=\"{&quot;title&quot;:&quot;Survey and stakeout faster - Emlid RS3&quot;,&quot;width&quot;:&quot;1170&quot;,&quot;height&quot;:&quot;658&quot;,&quot;src&quot;:&quot;https:\\\/\\\/www.youtube.com\\\/embed\\\/J8h9hTxozFM?feature=oembed&quot;,&quot;frameborder&quot;:&quot;0&quot;,&quot;allow&quot;:&quot;accelerometer; autoplay; clipboard-write; encrypted-media; gyroscope; picture-in-picture; web-share&quot;,&quot;referrerpolicy&quot;:&quot;strict-origin-when-cross-origin&quot;,&quot;allowfullscreen&quot;:&quot;&quot;}\"\/><span class=\"wpo_youtube_preview_overlay\"><img src=\"https:\/\/www.ghostysky.com\/wp-content\/plugins\/wp-optimize-premium\/images\/icon\/icons8-youtube-96.svg\" alt=\"Ic\u00f4ne YouTube\"\/><\/span><\/div><\/p>\n<h2 class=\"h2-promo effortless__title\">Sans effort et robuste \u2013 <span class=\"op-05\">Compensation d&#039;inclinaison<\/span><\/h2>\n<ul>\n<li><strong>Sans \u00e9talonnage<\/strong>\n<ul>\n<li>Nous calibrons chaque unit\u00e9 individuellement en usine, afin que vous puissiez faire fonctionner votre Reach RS3 d\u00e8s sa sortie de la bo\u00eete.<\/li>\n<\/ul>\n<\/li>\n<li><strong>Immunis\u00e9 contre les perturbations magn\u00e9tiques<\/strong>\n<ul>\n<li>Insensible aux champs magn\u00e9tiques, le RS3 offre une compensation d&#039;inclinaison robuste m\u00eame lorsque vous travaillez \u00e0 proximit\u00e9 de structures m\u00e9talliques.<\/li>\n<\/ul>\n<\/li>\n<li><strong>Initialisation rapide<\/strong>\n<ul>\n<li>L&#039;initialisation de l&#039;inclinaison prend environ 20 m\u00e8tres de marche ou 10 \u00e0 20 secondes d&#039;inclinaison. Elle est g\u00e9n\u00e9ralement pr\u00eate d\u00e8s le d\u00e9part de la voiture.<\/li>\n<\/ul>\n<\/li>\n<\/ul>\n<p>&nbsp;<\/p>\n<h2><a href=\"https:\/\/www.ghostysky.com\/wp-content\/uploads\/2023\/09\/ntrip-scaled-1.webp\"><img decoding=\"async\" class=\"alignnone wp-image-13254 size-large lazyload\" src=\"data:image\/gif;base64,R0lGODlhAQABAAAAACH5BAEKAAEALAAAAAABAAEAAAICTAEAOw==\" alt=\"\" width=\"1024\" height=\"647\" sizes=\"(max-width: 1024px) 100vw, 1024px\" data-src=\"data:image\/gif;base64,R0lGODlhAQABAAAAACH5BAEKAAEALAAAAAABAAEAAAICTAEAOw==\" data-srcset=\"\" srcset=\"\"><\/a><\/h2>\n<h2>Obtenez des corrections \u00e0 partir de CORS, Reach ou d&#039;une base tierce<\/h2>\n<p><strong>NTRIP, base et rover<\/strong><\/p>\n<p>Travailler en RTK avec VRS ou un r\u00e9seau CORS de base unique. Vous<br \/>\npeut \u00e9galement connecter un autre r\u00e9cepteur GNSS comme base NTRIP \u00e0 l&#039;aide d&#039;Emlid NTRIP Caster.<\/p>\n<p>Tout r\u00e9cepteur avec prise en charge RTCM3<\/p>\n<p>&nbsp;<\/p>\n<h2>Livr\u00e9 avec un logiciel pour le terrain et le bureau<\/h2>\n<ul>\n<li><strong>Flux d&#039;Emlid<\/strong>\n<ul>\n<li>Emlid Flow g\u00e8re efficacement toutes les t\u00e2ches li\u00e9es au terrain, y compris la configuration du r\u00e9cepteur, la journalisation RINEX, la collecte de donn\u00e9es et le jalonnement.<\/li>\n<\/ul>\n<\/li>\n<li><strong>Emlid Flow360<\/strong>\n<ul>\n<li>Vous pouvez acc\u00e9der \u00e0 vos donn\u00e9es d&#039;enqu\u00eate via Emlid Flow 360 bas\u00e9 sur le cloud. Il vous permet de pr\u00e9parer, de g\u00e9rer et d&#039;exporter vos projets depuis un navigateur.<\/li>\n<\/ul>\n<\/li>\n<li><strong>Studio Emlid<\/strong>\n<ul>\n<li>Logiciel de post-traitement gratuit Emlid pour macOS et Windows.<\/li>\n<\/ul>\n<\/li>\n<li><strong>Emlid Caster<\/strong>\n<ul>\n<li>Connectez jusqu&#039;\u00e0 10 rovers \u00e0 votre station de base via Internet ou configurez votre propre r\u00e9seau NTRIP avec Emlid Caster.<\/li>\n<\/ul>\n<\/li>\n<\/ul>\n<p>&nbsp;<\/p>\n<h2>Robuste et compact<\/h2>\n<p><div class='wpo_youtube_preview_container'><img src=\"https:\/\/www.ghostysky.com\/wp-content\/cache\/wpo-youtube-thumbnails\/RqXfHFV1dFs-maxresdefault.jpg\" class=\"wpo_youtube_preview\" data-video-url=\"https:\/\/www.youtube.com\/embed\/RqXfHFV1dFs?feature=oembed\" alt=\"Miniature YouTube\" data-iframe-attr=\"{&quot;title&quot;:&quot;Emlid Reach RS3 - Intro&quot;,&quot;width&quot;:&quot;1170&quot;,&quot;height&quot;:&quot;658&quot;,&quot;src&quot;:&quot;https:\\\/\\\/www.youtube.com\\\/embed\\\/RqXfHFV1dFs?feature=oembed&quot;,&quot;frameborder&quot;:&quot;0&quot;,&quot;allow&quot;:&quot;accelerometer; autoplay; clipboard-write; encrypted-media; gyroscope; picture-in-picture; web-share&quot;,&quot;referrerpolicy&quot;:&quot;strict-origin-when-cross-origin&quot;,&quot;allowfullscreen&quot;:&quot;&quot;}\"\/><span class=\"wpo_youtube_preview_overlay\"><img src=\"https:\/\/www.ghostysky.com\/wp-content\/plugins\/wp-optimize-premium\/images\/icon\/icons8-youtube-96.svg\" alt=\"Ic\u00f4ne YouTube\"\/><\/span><\/div><\/p>\n<p><strong>Dimensions<\/strong>: 126 x 126 x 142 mm<br \/>\n<strong>Poids<\/strong>: 950 g<\/p>\n<ul>\n<li><strong>IP67<\/strong>\n<ul>\n<li>Le RS3 est \u00e9tanche jusqu&#039;\u00e0 un m\u00e8tre de profondeur. Les bouchons en silicone assurent une parfaite \u00e9tanch\u00e9it\u00e9 et prot\u00e8gent tous les connecteurs de l&#039;eau et de la poussi\u00e8re.<\/li>\n<\/ul>\n<\/li>\n<li><strong>Batterie industrielle<\/strong>\n<ul>\n<li>La batterie Li-Ion Reach RS3 g\u00e8re bien les temp\u00e9ratures \u00e9lev\u00e9es et basses et plus de 2000 cycles de charge et de d\u00e9charge tout en conservant sa capacit\u00e9 d&#039;origine.<\/li>\n<li>Alors que d\u2019autres remplacent les batteries \u00e0 chaud, votre Reach continue de fonctionner.<\/li>\n<\/ul>\n<\/li>\n<li><strong>-20 \u00e0 +65 \u00ba\u0421<\/strong>\n<ul>\n<li>Nous avons test\u00e9 en profondeur le Reach RS3 dans des conditions qui simulent les hivers les plus froids et les \u00e9t\u00e9s les plus chauds.<\/li>\n<\/ul>\n<\/li>\n<li><strong>R\u00e9sistant aux chocs<\/strong>\n<ul>\n<li>Le corps du Reach RS3 est en polycarbonate recouvert d&#039;\u00e9lastom\u00e8re. L&#039;association de ces mat\u00e9riaux rend votre Reach RS3 r\u00e9sistant aux chutes et pr\u00eat \u00e0 affronter les conditions les plus difficiles.<\/li>\n<\/ul>\n<\/li>\n<\/ul>\n<p>&nbsp;<\/p>\n<h2>Dans le paquet<\/h2>\n<ul>\n<li>1x Reach RS3<\/li>\n<li>1x antenne LoRa<\/li>\n<li>1x c\u00e2ble USB<\/li>\n<li>1x \u00c9tui de transport avec sangle<\/li>\n<\/ul>\n<p>&nbsp;<\/p>\n<p><a href=\"https:\/\/files-emlid.s3.eu-central-1.amazonaws.com\/docs\/RS3-Datasheet-UHF.pdf\">Sp\u00e9cifications techniques<\/a><\/p>","protected":false},"excerpt":{"rendered":"<h3>Pr\u00e9sentation de l&#039;Emlid Reach RS3\u00a0: r\u00e9cepteur GNSS de pr\u00e9cision pour une pr\u00e9cision in\u00e9gal\u00e9e<\/h3>\n<p>Acc\u00e9dez \u00e0 un niveau de pr\u00e9cision et de fiabilit\u00e9 in\u00e9gal\u00e9 avec l&#039;Emlid Reach RS3, le r\u00e9cepteur GNSS (Global Navigation Satellite System) de pointe con\u00e7u pour r\u00e9pondre aux exigences des professionnels de la topographie, de la cartographie et de la g\u00e9ospatiale. Que vous travailliez dans le b\u00e2timent, l&#039;agriculture, l&#039;arpentage ou tout autre domaine n\u00e9cessitant des donn\u00e9es de positionnement pr\u00e9cises, le Reach RS3 est l&#039;outil id\u00e9al pour obtenir des r\u00e9sultats exceptionnels.<\/p>\n<ul>\n<li><strong>Unit\u00e9 de mesure inertielle (IMU)<\/strong>\n<ul>\n<li>6 degr\u00e9s de libert\u00e9, RTK + 2 mm + 0,3 mm\/\u00b0<\/li>\n<\/ul>\n<\/li>\n<li><strong>GNSS<\/strong>\n<ul>\n<li>GPS\/QZSS, GLONASS L1, L2\u00a0; BeiDou B1, B2; Galil\u00e9e E1, E5<\/li>\n<\/ul>\n<\/li>\n<li><strong>Autonomie<\/strong>\n<ul>\n<li>18 heures avec compensation d&#039;inclinaison<\/li>\n<li>Batterie Li-Ion, chargement USB Type-C<\/li>\n<\/ul>\n<\/li>\n<li><strong>LTE et Wi-Fi<\/strong>\n<ul>\n<li>Pour connecter l&#039;appareil \u00e0 Internet<\/li>\n<\/ul>\n<\/li>\n<li><strong>Radio bi-bande<\/strong>\n<ul>\n<li>LoRa 868\/915 MHz pour recevoir et transmettre des corrections<\/li>\n<li>450 MHz UHF pour recevoir les corrections<\/li>\n<\/ul>\n<\/li>\n<li><strong>NTRIP et RTCM3<\/strong>\n<ul>\n<li>Protocoles pris en charge pour envoyer et recevoir des corrections<\/li>\n<\/ul>\n<\/li>\n<\/ul>","protected":false},"featured_media":13252,"comment_status":"open","ping_status":"closed","template":"","meta":[],"product_brand":[1025],"product_cat":[584],"product_tag":[58,1027,554,586],"class_list":{"0":"post-24690","1":"product","2":"type-product","3":"status-publish","4":"has-post-thumbnail","6":"product_brand-emlid","7":"product_cat-outlet","8":"product_tag-emlid","9":"product_tag-emlid-rs-series","10":"product_tag-emlid-rs3","11":"product_tag-outlet-used","13":"first","14":"instock","15":"sale","16":"taxable","17":"shipping-taxable","18":"purchasable","19":"product-type-simple"},"yoast_head":"<!-- This site is optimized with the Yoast SEO plugin v27.4 - https:\/\/yoast.com\/product\/yoast-seo-wordpress\/ -->\n<title>Emlid Reach RS3 [Used Grade A] - Ghostysky<\/title>\n<meta name=\"description\" content=\"REACH RS3RTK GNSS receiver with tilt compensationSurvey grade precision,even in hard-to-reach spots: Multi-band base and rover IMU tilt compensation LTE modem Dual-band radio\" \/>\n<meta name=\"robots\" content=\"index, follow, max-snippet:-1, max-image-preview:large, max-video-preview:-1\" \/>\n<link rel=\"canonical\" href=\"https:\/\/www.ghostysky.com\/fr\/product\/emlid-reach-rs3-used-grade-a\/\" \/>\n<meta property=\"og:locale\" content=\"fr_FR\" \/>\n<meta property=\"og:type\" content=\"article\" \/>\n<meta property=\"og:title\" content=\"Emlid Reach RS3 [Used Grade A] - Ghostysky\" \/>\n<meta property=\"og:description\" content=\"REACH RS3RTK GNSS receiver with tilt compensationSurvey grade precision,even in hard-to-reach spots: Multi-band base and rover IMU tilt compensation LTE modem Dual-band radio\" \/>\n<meta property=\"og:url\" content=\"https:\/\/www.ghostysky.com\/fr\/product\/emlid-reach-rs3-used-grade-a\/\" \/>\n<meta property=\"og:site_name\" content=\"Ghostysky\" \/>\n<meta property=\"article:publisher\" content=\"https:\/\/www.facebook.com\/people\/Ghostysky\/100057676170234\/\" \/>\n<meta property=\"article:modified_time\" content=\"2026-03-26T11:36:16+00:00\" \/>\n<meta property=\"og:image\" content=\"https:\/\/www.ghostysky.com\/wp-content\/uploads\/2023\/09\/RS3-Ghostysky-2.webp\" \/>\n\t<meta property=\"og:image:width\" content=\"2560\" \/>\n\t<meta property=\"og:image:height\" content=\"2560\" \/>\n\t<meta property=\"og:image:type\" content=\"image\/webp\" \/>\n<meta name=\"twitter:card\" content=\"summary_large_image\" \/>\n<meta name=\"twitter:site\" content=\"@Gh0stysky\" \/>\n<meta name=\"twitter:label1\" content=\"Dur\u00e9e de lecture estim\u00e9e\" \/>\n\t<meta name=\"twitter:data1\" content=\"3 minutes\" \/>\n<script type=\"application\/ld+json\" class=\"yoast-schema-graph\">{\"@context\":\"https:\\\/\\\/schema.org\",\"@graph\":[{\"@type\":\"WebPage\",\"@id\":\"https:\\\/\\\/www.ghostysky.com\\\/product\\\/emlid-reach-rs3-used-grade-a\\\/\",\"url\":\"https:\\\/\\\/www.ghostysky.com\\\/product\\\/emlid-reach-rs3-used-grade-a\\\/\",\"name\":\"Emlid Reach RS3 [Used Grade A] - Ghostysky\",\"isPartOf\":{\"@id\":\"https:\\\/\\\/www.ghostysky.com\\\/#website\"},\"primaryImageOfPage\":{\"@id\":\"https:\\\/\\\/www.ghostysky.com\\\/product\\\/emlid-reach-rs3-used-grade-a\\\/#primaryimage\"},\"image\":{\"@id\":\"https:\\\/\\\/www.ghostysky.com\\\/product\\\/emlid-reach-rs3-used-grade-a\\\/#primaryimage\"},\"thumbnailUrl\":\"https:\\\/\\\/www.ghostysky.com\\\/wp-content\\\/uploads\\\/2023\\\/09\\\/RS3-Ghostysky-2.webp\",\"datePublished\":\"2026-03-26T11:31:40+00:00\",\"dateModified\":\"2026-03-26T11:36:16+00:00\",\"description\":\"REACH RS3RTK GNSS receiver with tilt compensationSurvey grade precision,even in hard-to-reach spots: Multi-band base and rover IMU tilt compensation LTE modem Dual-band radio\",\"breadcrumb\":{\"@id\":\"https:\\\/\\\/www.ghostysky.com\\\/product\\\/emlid-reach-rs3-used-grade-a\\\/#breadcrumb\"},\"inLanguage\":\"fr-FR\",\"potentialAction\":[{\"@type\":\"ReadAction\",\"target\":[\"https:\\\/\\\/www.ghostysky.com\\\/product\\\/emlid-reach-rs3-used-grade-a\\\/\"]}]},{\"@type\":\"ImageObject\",\"inLanguage\":\"fr-FR\",\"@id\":\"https:\\\/\\\/www.ghostysky.com\\\/product\\\/emlid-reach-rs3-used-grade-a\\\/#primaryimage\",\"url\":\"https:\\\/\\\/www.ghostysky.com\\\/wp-content\\\/uploads\\\/2023\\\/09\\\/RS3-Ghostysky-2.webp\",\"contentUrl\":\"https:\\\/\\\/www.ghostysky.com\\\/wp-content\\\/uploads\\\/2023\\\/09\\\/RS3-Ghostysky-2.webp\",\"width\":2560,\"height\":2560},{\"@type\":\"BreadcrumbList\",\"@id\":\"https:\\\/\\\/www.ghostysky.com\\\/product\\\/emlid-reach-rs3-used-grade-a\\\/#breadcrumb\",\"itemListElement\":[{\"@type\":\"ListItem\",\"position\":1,\"name\":\"Home\",\"item\":\"https:\\\/\\\/www.ghostysky.com\\\/\"},{\"@type\":\"ListItem\",\"position\":2,\"name\":\"Shop\",\"item\":\"https:\\\/\\\/www.ghostysky.com\\\/shop\\\/\"},{\"@type\":\"ListItem\",\"position\":3,\"name\":\"Emlid Reach RS3 [Used Grade A]\"}]},{\"@type\":\"WebSite\",\"@id\":\"https:\\\/\\\/www.ghostysky.com\\\/#website\",\"url\":\"https:\\\/\\\/www.ghostysky.com\\\/\",\"name\":\"Ghostysky\",\"description\":\"Delivering professional drones and robotics solutions\",\"publisher\":{\"@id\":\"https:\\\/\\\/www.ghostysky.com\\\/#organization\"},\"potentialAction\":[{\"@type\":\"SearchAction\",\"target\":{\"@type\":\"EntryPoint\",\"urlTemplate\":\"https:\\\/\\\/www.ghostysky.com\\\/?s={search_term_string}\"},\"query-input\":{\"@type\":\"PropertyValueSpecification\",\"valueRequired\":true,\"valueName\":\"search_term_string\"}}],\"inLanguage\":\"fr-FR\"},{\"@type\":\"Organization\",\"@id\":\"https:\\\/\\\/www.ghostysky.com\\\/#organization\",\"name\":\"Ghostysky\",\"url\":\"https:\\\/\\\/www.ghostysky.com\\\/\",\"logo\":{\"@type\":\"ImageObject\",\"inLanguage\":\"fr-FR\",\"@id\":\"https:\\\/\\\/www.ghostysky.com\\\/#\\\/schema\\\/logo\\\/image\\\/\",\"url\":\"https:\\\/\\\/www.ghostysky.com\\\/wp-content\\\/uploads\\\/2020\\\/06\\\/cropped-ghostyskylogo_text_white2.png\",\"contentUrl\":\"https:\\\/\\\/www.ghostysky.com\\\/wp-content\\\/uploads\\\/2020\\\/06\\\/cropped-ghostyskylogo_text_white2.png\",\"width\":169,\"height\":56,\"caption\":\"Ghostysky\"},\"image\":{\"@id\":\"https:\\\/\\\/www.ghostysky.com\\\/#\\\/schema\\\/logo\\\/image\\\/\"},\"sameAs\":[\"https:\\\/\\\/www.facebook.com\\\/people\\\/Ghostysky\\\/100057676170234\\\/\",\"https:\\\/\\\/x.com\\\/Gh0stysky\",\"https:\\\/\\\/www.linkedin.com\\\/company\\\/34739653\",\"https:\\\/\\\/www.instagram.com\\\/gh0stysky\"]}]}<\/script>\n<!-- \/ Yoast SEO plugin. -->","yoast_head_json":{"title":"Emlid Reach RS3 [Used Grade A] - Ghostysky","description":"R\u00e9cepteur GNSS REACH RS3RTK avec compensation d&#039;inclinaisonPr\u00e9cision de niveau topographique, m\u00eame dans les endroits difficiles d&#039;acc\u00e8s : Base multibande et mobile IMU Compensation d&#039;inclinaison Modem LTE Radio double bande","robots":{"index":"index","follow":"follow","max-snippet":"max-snippet:-1","max-image-preview":"max-image-preview:large","max-video-preview":"max-video-preview:-1"},"canonical":"https:\/\/www.ghostysky.com\/fr\/product\/emlid-reach-rs3-used-grade-a\/","og_locale":"fr_FR","og_type":"article","og_title":"Emlid Reach RS3 [Used Grade A] - Ghostysky","og_description":"REACH RS3RTK GNSS receiver with tilt compensationSurvey grade precision,even in hard-to-reach spots: Multi-band base and rover IMU tilt compensation LTE modem Dual-band radio","og_url":"https:\/\/www.ghostysky.com\/fr\/product\/emlid-reach-rs3-used-grade-a\/","og_site_name":"Ghostysky","article_publisher":"https:\/\/www.facebook.com\/people\/Ghostysky\/100057676170234\/","article_modified_time":"2026-03-26T11:36:16+00:00","og_image":[{"width":2560,"height":2560,"url":"https:\/\/www.ghostysky.com\/wp-content\/uploads\/2023\/09\/RS3-Ghostysky-2.webp","type":"image\/webp"}],"twitter_card":"summary_large_image","twitter_site":"@Gh0stysky","twitter_misc":{"Dur\u00e9e de lecture estim\u00e9e":"3 minutes"},"schema":{"@context":"https:\/\/schema.org","@graph":[{"@type":"WebPage","@id":"https:\/\/www.ghostysky.com\/product\/emlid-reach-rs3-used-grade-a\/","url":"https:\/\/www.ghostysky.com\/product\/emlid-reach-rs3-used-grade-a\/","name":"Emlid Reach RS3 [Used Grade A] - Ghostysky","isPartOf":{"@id":"https:\/\/www.ghostysky.com\/#website"},"primaryImageOfPage":{"@id":"https:\/\/www.ghostysky.com\/product\/emlid-reach-rs3-used-grade-a\/#primaryimage"},"image":{"@id":"https:\/\/www.ghostysky.com\/product\/emlid-reach-rs3-used-grade-a\/#primaryimage"},"thumbnailUrl":"https:\/\/www.ghostysky.com\/wp-content\/uploads\/2023\/09\/RS3-Ghostysky-2.webp","datePublished":"2026-03-26T11:31:40+00:00","dateModified":"2026-03-26T11:36:16+00:00","description":"R\u00e9cepteur GNSS REACH RS3RTK avec compensation d&#039;inclinaisonPr\u00e9cision de niveau topographique, m\u00eame dans les endroits difficiles d&#039;acc\u00e8s : Base multibande et mobile IMU Compensation d&#039;inclinaison Modem LTE Radio double bande","breadcrumb":{"@id":"https:\/\/www.ghostysky.com\/product\/emlid-reach-rs3-used-grade-a\/#breadcrumb"},"inLanguage":"fr-FR","potentialAction":[{"@type":"ReadAction","target":["https:\/\/www.ghostysky.com\/product\/emlid-reach-rs3-used-grade-a\/"]}]},{"@type":"ImageObject","inLanguage":"fr-FR","@id":"https:\/\/www.ghostysky.com\/product\/emlid-reach-rs3-used-grade-a\/#primaryimage","url":"https:\/\/www.ghostysky.com\/wp-content\/uploads\/2023\/09\/RS3-Ghostysky-2.webp","contentUrl":"https:\/\/www.ghostysky.com\/wp-content\/uploads\/2023\/09\/RS3-Ghostysky-2.webp","width":2560,"height":2560},{"@type":"BreadcrumbList","@id":"https:\/\/www.ghostysky.com\/product\/emlid-reach-rs3-used-grade-a\/#breadcrumb","itemListElement":[{"@type":"ListItem","position":1,"name":"Home","item":"https:\/\/www.ghostysky.com\/"},{"@type":"ListItem","position":2,"name":"Shop","item":"https:\/\/www.ghostysky.com\/shop\/"},{"@type":"ListItem","position":3,"name":"Emlid Reach RS3 [Used Grade A]"}]},{"@type":"WebSite","@id":"https:\/\/www.ghostysky.com\/#website","url":"https:\/\/www.ghostysky.com\/","name":"Ghostysky","description":"Fourniture de solutions professionnelles en mati\u00e8re de drones et de robotique","publisher":{"@id":"https:\/\/www.ghostysky.com\/#organization"},"potentialAction":[{"@type":"SearchAction","target":{"@type":"EntryPoint","urlTemplate":"https:\/\/www.ghostysky.com\/?s={search_term_string}"},"query-input":{"@type":"PropertyValueSpecification","valueRequired":true,"valueName":"search_term_string"}}],"inLanguage":"fr-FR"},{"@type":"Organization","@id":"https:\/\/www.ghostysky.com\/#organization","name":"Ghostysky","url":"https:\/\/www.ghostysky.com\/","logo":{"@type":"ImageObject","inLanguage":"fr-FR","@id":"https:\/\/www.ghostysky.com\/#\/schema\/logo\/image\/","url":"https:\/\/www.ghostysky.com\/wp-content\/uploads\/2020\/06\/cropped-ghostyskylogo_text_white2.png","contentUrl":"https:\/\/www.ghostysky.com\/wp-content\/uploads\/2020\/06\/cropped-ghostyskylogo_text_white2.png","width":169,"height":56,"caption":"Ghostysky"},"image":{"@id":"https:\/\/www.ghostysky.com\/#\/schema\/logo\/image\/"},"sameAs":["https:\/\/www.facebook.com\/people\/Ghostysky\/100057676170234\/","https:\/\/x.com\/Gh0stysky","https:\/\/www.linkedin.com\/company\/34739653","https:\/\/www.instagram.com\/gh0stysky"]}]}},"_links":{"self":[{"href":"https:\/\/www.ghostysky.com\/fr\/wp-json\/wp\/v2\/product\/24690","targetHints":{"allow":["GET"]}}],"collection":[{"href":"https:\/\/www.ghostysky.com\/fr\/wp-json\/wp\/v2\/product"}],"about":[{"href":"https:\/\/www.ghostysky.com\/fr\/wp-json\/wp\/v2\/types\/product"}],"replies":[{"embeddable":true,"href":"https:\/\/www.ghostysky.com\/fr\/wp-json\/wp\/v2\/comments?post=24690"}],"version-history":[{"count":0,"href":"https:\/\/www.ghostysky.com\/fr\/wp-json\/wp\/v2\/product\/24690\/revisions"}],"wp:featuredmedia":[{"embeddable":true,"href":"https:\/\/www.ghostysky.com\/fr\/wp-json\/wp\/v2\/media\/13252"}],"wp:attachment":[{"href":"https:\/\/www.ghostysky.com\/fr\/wp-json\/wp\/v2\/media?parent=24690"}],"wp:term":[{"taxonomy":"product_brand","embeddable":true,"href":"https:\/\/www.ghostysky.com\/fr\/wp-json\/wp\/v2\/product_brand?post=24690"},{"taxonomy":"product_cat","embeddable":true,"href":"https:\/\/www.ghostysky.com\/fr\/wp-json\/wp\/v2\/product_cat?post=24690"},{"taxonomy":"product_tag","embeddable":true,"href":"https:\/\/www.ghostysky.com\/fr\/wp-json\/wp\/v2\/product_tag?post=24690"}],"curies":[{"name":"wp","href":"https:\/\/api.w.org\/{rel}","templated":true}]}}