{"id":24694,"date":"2026-03-26T14:58:22","date_gmt":"2026-03-26T14:58:22","guid":{"rendered":"https:\/\/www.ghostysky.com\/?post_type=product&#038;p=24694"},"modified":"2026-04-06T07:30:55","modified_gmt":"2026-04-06T07:30:55","slug":"dji-avata-360-motion-fly-more-combo-dji-goggles-n3","status":"publish","type":"product","link":"https:\/\/www.ghostysky.com\/fr\/product\/dji-avata-360-motion-fly-more-combo-dji-goggles-n3\/","title":{"rendered":"DJI Avata 360 Motion Fly More Combo (lunettes DJI N3)"},"content":{"rendered":"<h3 data-path-to-node=\"2\"><b data-path-to-node=\"2\" data-index-in-node=\"4\">Aper\u00e7u : Le directeur cr\u00e9atif ultime dans le ciel<\/b><\/h3>\n<p id=\"p-rc_85d7e33ca568346c-20\" data-path-to-node=\"3\"><span class=\"citation-24 citation-end-24\">L&#039;Avata 360 est le premier drone phare \u00e0 360 degr\u00e9s de DJI, con\u00e7u pour \u201c tout voir \u201d en une seule prise.<\/span> <span class=\"citation-23 citation-end-23\">Contrairement aux drones traditionnels qui n\u00e9cessitent un cadrage pr\u00e9cis en vol, l&#039;Avata 360 enregistre tout ce qui l&#039;entoure.<\/span> <span class=\"citation-22 citation-end-22\">Cela vous permet de recadrer vos prises de vue en post-production, transformant ainsi un vol en une infinit\u00e9 de s\u00e9quences cin\u00e9matographiques, allant des plans traditionnels face au sol aux effets \u201c Tiny Planet \u201d.<\/span><\/p>\n<h3 data-path-to-node=\"4\"><b data-path-to-node=\"4\" data-index-in-node=\"0\">Principales fonctionnalit\u00e9s et capacit\u00e9s<\/b><\/h3>\n<ul data-path-to-node=\"5\">\n<li>\n<p id=\"p-rc_85d7e33ca568346c-21\" data-path-to-node=\"5,0,0\"><b data-path-to-node=\"5,0,0\" data-index-in-node=\"0\">Imagerie HDR 360\u00b0 8K\/60 ips\u00a0:<\/b><span class=\"citation-21\"> \u00c9quip\u00e9 de deux <\/span><b data-path-to-node=\"5,0,0\" data-index-in-node=\"46\"><span class=\"citation-21\">capteurs \u00e9quivalents \u00e0 1 pouce<\/span><\/b><span class=\"citation-21 citation-end-21\"> (<\/span><span class=\"math-inline\" data-math=\"2.4\\text{ }\\mu m\" data-index-in-node=\"73\">$2.4\\text{ }\\mu m$<\/span><span class=\"citation-20 citation-end-20\"> Gr\u00e2ce \u00e0 sa r\u00e9solution de pixels, le drone capture des d\u00e9tails exceptionnels m\u00eame dans des environnements \u00e0 fort contraste ou \u00e0 faible luminosit\u00e9.<\/span><\/p>\n<\/li>\n<li>\n<p id=\"p-rc_85d7e33ca568346c-22\" data-path-to-node=\"5,1,0\"><b data-path-to-node=\"5,1,0\" data-index-in-node=\"0\">Deux modes de prise de vue :<\/b><span class=\"citation-19\"> Passez en toute fluidit\u00e9 entre les diff\u00e9rents types de produits. <\/span><b data-path-to-node=\"5,1,0\" data-index-in-node=\"47\"><span class=\"citation-19\">Mode 360\u00b0<\/span><\/b><span class=\"citation-19\"> pour une capture immersive totale et <\/span><b data-path-to-node=\"5,1,0\" data-index-in-node=\"89\"><span class=\"citation-19\">Mode objectif unique<\/span><\/b><span class=\"citation-19 citation-end-19\"> (4K\/60fps) pour le tournage classique en FPV.<\/span><\/p>\n<\/li>\n<li>\n<p id=\"p-rc_85d7e33ca568346c-23\" data-path-to-node=\"5,2,0\"><b data-path-to-node=\"5,2,0\" data-index-in-node=\"0\"><span class=\"citation-18\">D\u00e9tection d&#039;obstacles omnidirectionnelle Nightscape :<\/span><\/b><span class=\"citation-18\"> Propuls\u00e9 par des moteurs orient\u00e9s vers l&#039;avant <\/span><b data-path-to-node=\"5,2,0\" data-index-in-node=\"71\"><span class=\"citation-18\">LiDAR<\/span><\/b><span class=\"citation-18 citation-end-18\"> Gr\u00e2ce \u00e0 un syst\u00e8me de vision int\u00e9gr\u00e9, le drone peut d\u00e9tecter et \u00e9viter les obstacles \u00e0 360 degr\u00e9s, m\u00eame dans des conditions de quasi-obscurit\u00e9.<\/span><\/p>\n<\/li>\n<li>\n<p id=\"p-rc_85d7e33ca568346c-24\" data-path-to-node=\"5,3,0\"><b data-path-to-node=\"5,3,0\" data-index-in-node=\"0\"><span class=\"citation-17\">Transmission vid\u00e9o O4+ :<\/span><\/b><span class=\"citation-17\"> Vivez une exp\u00e9rience \u00e0 toute \u00e9preuve. <\/span><b data-path-to-node=\"5,3,0\" data-index-in-node=\"48\"><span class=\"citation-17\">1080p\/60fps<\/span><\/b><span class=\"citation-17\"> diffusion en direct avec une port\u00e9e allant jusqu&#039;\u00e0 <\/span><b data-path-to-node=\"5,3,0\" data-index-in-node=\"92\"><span class=\"citation-17\">20 km<\/span><\/b><span class=\"citation-17 citation-end-17\"> (FCC), vous assurant ainsi une connexion m\u00eame dans des environnements complexes.<\/span><\/p>\n<\/li>\n<li>\n<p data-path-to-node=\"5,4,0\"><b data-path-to-node=\"5,4,0\" data-index-in-node=\"0\">ActiveTrack 360\u00b0 :<\/b> Des algorithmes intelligents suivent automatiquement les sujets tout en \u00e9vitant les obstacles, vous permettant de vous concentrer sur l&#039;exp\u00e9rience pendant que le drone g\u00e8re la prise de vue.<\/p>\n<\/li>\n<\/ul>\n<h3 data-path-to-node=\"7\"><b data-path-to-node=\"7\" data-index-in-node=\"4\">Le combo : Pr\u00e9cision immersive<\/b><\/h3>\n<p data-path-to-node=\"8\">Ce pack sp\u00e9cifique \u201c Motion Fly More \u201d est con\u00e7u pour les pilotes qui souhaitent une exp\u00e9rience de pilotage \u201c point-\u00e0-voler \u201d des plus intuitives.<\/p>\n<table data-path-to-node=\"9\">\n<thead>\n<tr>\n<td><strong>Composant<\/strong><\/td>\n<td><strong>Points cl\u00e9s<\/strong><\/td>\n<\/tr>\n<\/thead>\n<tbody>\n<tr>\n<td><span data-path-to-node=\"9,1,0,0\"><b data-path-to-node=\"9,1,0,0\" data-index-in-node=\"0\">DJI Avata 360<\/b><\/span><\/td>\n<td><span data-path-to-node=\"9,1,1,0\">Le drone phare 8K \u00e0 360\u00b0 avec protections d&#039;h\u00e9lices int\u00e9gr\u00e9es.<\/span><\/td>\n<\/tr>\n<tr>\n<td><span data-path-to-node=\"9,2,0,0\"><b data-path-to-node=\"9,2,0,0\" data-index-in-node=\"0\">Lunettes DJI N3<\/b><\/span><\/td>\n<td><span data-path-to-node=\"9,2,1,0\">Haute d\u00e9finition <b data-path-to-node=\"9,2,1,0\" data-index-in-node=\"16\">\u00c9cran ultra-large 1080p<\/b> avec un champ de vision de 54\u00b0. Con\u00e7u pour \u00eatre <b data-path-to-node=\"9,2,1,0\" data-index-in-node=\"71\">compatible avec les lunettes<\/b> pour ceux qui portent des lunettes.<\/span><\/td>\n<\/tr>\n<tr>\n<td><span data-path-to-node=\"9,3,0,0\"><b data-path-to-node=\"9,3,0,0\" data-index-in-node=\"0\">DJI RC Motion 3<\/b><\/span><\/td>\n<td><span data-path-to-node=\"9,3,1,0\">Manette de pilotage portable en forme de baguette permettant de voler \u00e0 l&#039;aide de mouvements naturels de la main et d&#039;effectuer des figures. <b data-path-to-node=\"9,3,1,0\" data-index-in-node=\"91\">Acro facile<\/b> (retournements\/d\u00e9rapages) en un clic.<\/span><\/td>\n<\/tr>\n<tr>\n<td><span data-path-to-node=\"9,4,0,0\"><b data-path-to-node=\"9,4,0,0\" data-index-in-node=\"0\">Kit Fly More<\/b><\/span><\/td>\n<td><span data-path-to-node=\"9,4,1,0\">Comprend <b data-path-to-node=\"9,4,1,0\" data-index-in-node=\"9\">3 batteries de vol intelligentes<\/b>, un hub de chargement bidirectionnel et un sac de transport \u00e9l\u00e9gant pour les sessions prolong\u00e9es.<\/span><\/td>\n<\/tr>\n<\/tbody>\n<\/table>\n<p>&nbsp;<\/p>\n<h3 data-path-to-node=\"11\"><b data-path-to-node=\"11\" data-index-in-node=\"4\">Pourquoi les lunettes N3 ?<\/b><\/h3>\n<p id=\"p-rc_85d7e33ca568346c-25\" data-path-to-node=\"12\"><span class=\"citation-16\">Bien que les Goggles 3 soient le choix haut de gamme, les <\/span><b data-path-to-node=\"12\" data-index-in-node=\"48\"><span class=\"citation-16\">Lunettes N3<\/span><\/b><span class=\"citation-16 citation-end-16\"> Ce pack comprend des \u00e9l\u00e9ments offrant un design plus spacieux et \u201c pr\u00eat \u00e0 l&#039;emploi \u201d.<\/span> <span class=\"citation-15\">Ils sont dot\u00e9s d&#039;un \u00e9cran unique ultra-large qui r\u00e9duit les vertiges chez les d\u00e9butants et comprend un syst\u00e8me int\u00e9gr\u00e9 <\/span><b data-path-to-node=\"12\" data-index-in-node=\"229\"><span class=\"citation-15\">Curseur AR<\/span><\/b><span class=\"citation-15 citation-end-15\"> pour ajuster les param\u00e8tres en vol stationnaire sans retirer le casque.<\/span><\/p>\n<blockquote data-path-to-node=\"13\">\n<p id=\"p-rc_85d7e33ca568346c-26\" data-path-to-node=\"13,0\"><b data-path-to-node=\"13,0\" data-index-in-node=\"0\">Note technique :<\/b><span class=\"citation-14\"> L&#039;Avata 360 pr\u00e9sente une caract\u00e9ristique unique <\/span><b data-path-to-node=\"13,0\" data-index-in-node=\"48\"><span class=\"citation-14\">bloc cam\u00e9ra rotatif<\/span><\/b><span class=\"citation-14 citation-end-14\">.<\/span> <span class=\"citation-13 citation-end-13\">Au sol, elle ressemble \u00e0 une cam\u00e9ra frontale standard, mais une fois en l&#039;air, le module entier pivote de 90 degr\u00e9s pour positionner les objectifs verticalement et obtenir un assemblage parfait \u00e0 360 degr\u00e9s.<\/span><\/p>\n<\/blockquote>","protected":false},"excerpt":{"rendered":"<p>Le <b data-path-to-node=\"0\" data-index-in-node=\"4\">DJI Avata 360 Motion Fly More Combo (lunettes DJI N3)<\/b> repr\u00e9sente le summum de la cr\u00e9ation de contenu a\u00e9rien immersif d\u00e9but 2026. <span class=\"citation-25 citation-end-25\">Ce syst\u00e8me combine les perspectives \u00e9poustouflantes d&#039;une cam\u00e9ra 8K \u00e0 360 degr\u00e9s avec les sensations fortes et la vitesse vertigineuse du vol FPV (First-Person View).<\/span><\/p>","protected":false},"featured_media":24964,"comment_status":"open","ping_status":"closed","template":"","meta":[],"product_brand":[1031],"product_cat":[752,1403,1404,37],"product_tag":[1408,1406,1407],"class_list":{"0":"post-24694","1":"product","2":"type-product","3":"status-publish","4":"has-post-thumbnail","6":"product_brand-dji","7":"product_cat-aerial-photography","8":"product_cat-avata-360","9":"product_cat-avata-360-drones","10":"product_cat-dji","11":"product_tag-avata-360-drones","12":"product_tag-dji-avata-360","13":"product_tag-fvp","15":"first","16":"onbackorder","17":"taxable","18":"shipping-taxable","19":"purchasable","20":"product-type-simple"},"yoast_head":"<!-- This site is optimized with the Yoast SEO plugin v27.4 - https:\/\/yoast.com\/product\/yoast-seo-wordpress\/ -->\n<title>DJI Avata 360 Motion Fly More Combo (DJI Goggles N3) - Ghostysky<\/title>\n<meta name=\"description\" content=\"The DJI Avata 360 Motion Fly More Combo (DJI Goggles N3) represents the pinnacle of immersive aerial content creation as of early 2026. This setup merges the mind-bending perspectives of an 8K 360-degree camera with the visceral, high-speed thrill of FPV (First-Person View) flight.\" \/>\n<meta name=\"robots\" content=\"index, follow, max-snippet:-1, max-image-preview:large, max-video-preview:-1\" \/>\n<link rel=\"canonical\" href=\"https:\/\/www.ghostysky.com\/fr\/product\/dji-avata-360-motion-fly-more-combo-dji-goggles-n3\/\" \/>\n<meta property=\"og:locale\" content=\"fr_FR\" \/>\n<meta property=\"og:type\" content=\"article\" \/>\n<meta property=\"og:title\" content=\"DJI Avata 360 Motion Fly More Combo (DJI Goggles N3) - Ghostysky\" \/>\n<meta property=\"og:description\" content=\"The DJI Avata 360 Motion Fly More Combo (DJI Goggles N3) represents the pinnacle of immersive aerial content creation as of early 2026. This setup merges the mind-bending perspectives of an 8K 360-degree camera with the visceral, high-speed thrill of FPV (First-Person View) flight.\" \/>\n<meta property=\"og:url\" content=\"https:\/\/www.ghostysky.com\/fr\/product\/dji-avata-360-motion-fly-more-combo-dji-goggles-n3\/\" \/>\n<meta property=\"og:site_name\" content=\"Ghostysky\" \/>\n<meta property=\"article:publisher\" content=\"https:\/\/www.facebook.com\/people\/Ghostysky\/100057676170234\/\" \/>\n<meta property=\"article:modified_time\" content=\"2026-04-06T07:30:55+00:00\" \/>\n<meta property=\"og:image\" content=\"https:\/\/www.ghostysky.com\/wp-content\/uploads\/2026\/03\/GH_DJIAvata360_1.jpeg\" \/>\n\t<meta property=\"og:image:width\" content=\"1308\" \/>\n\t<meta property=\"og:image:height\" content=\"1308\" \/>\n\t<meta property=\"og:image:type\" content=\"image\/jpeg\" \/>\n<meta name=\"twitter:card\" content=\"summary_large_image\" \/>\n<meta name=\"twitter:site\" content=\"@Gh0stysky\" \/>\n<meta name=\"twitter:label1\" content=\"Dur\u00e9e de lecture estim\u00e9e\" \/>\n\t<meta name=\"twitter:data1\" content=\"2 minutes\" \/>\n<script type=\"application\/ld+json\" class=\"yoast-schema-graph\">{\"@context\":\"https:\\\/\\\/schema.org\",\"@graph\":[{\"@type\":\"WebPage\",\"@id\":\"https:\\\/\\\/www.ghostysky.com\\\/product\\\/dji-avata-360-motion-fly-more-combo-dji-goggles-n3\\\/\",\"url\":\"https:\\\/\\\/www.ghostysky.com\\\/product\\\/dji-avata-360-motion-fly-more-combo-dji-goggles-n3\\\/\",\"name\":\"DJI Avata 360 Motion Fly More Combo (DJI Goggles N3) - Ghostysky\",\"isPartOf\":{\"@id\":\"https:\\\/\\\/www.ghostysky.com\\\/#website\"},\"primaryImageOfPage\":{\"@id\":\"https:\\\/\\\/www.ghostysky.com\\\/product\\\/dji-avata-360-motion-fly-more-combo-dji-goggles-n3\\\/#primaryimage\"},\"image\":{\"@id\":\"https:\\\/\\\/www.ghostysky.com\\\/product\\\/dji-avata-360-motion-fly-more-combo-dji-goggles-n3\\\/#primaryimage\"},\"thumbnailUrl\":\"https:\\\/\\\/www.ghostysky.com\\\/wp-content\\\/uploads\\\/2026\\\/03\\\/GH_DJIAvata360_1.jpeg\",\"datePublished\":\"2026-03-26T14:58:22+00:00\",\"dateModified\":\"2026-04-06T07:30:55+00:00\",\"description\":\"The DJI Avata 360 Motion Fly More Combo (DJI Goggles N3) represents the pinnacle of immersive aerial content creation as of early 2026. This setup merges the mind-bending perspectives of an 8K 360-degree camera with the visceral, high-speed thrill of FPV (First-Person View) flight.\",\"breadcrumb\":{\"@id\":\"https:\\\/\\\/www.ghostysky.com\\\/product\\\/dji-avata-360-motion-fly-more-combo-dji-goggles-n3\\\/#breadcrumb\"},\"inLanguage\":\"fr-FR\",\"potentialAction\":[{\"@type\":\"ReadAction\",\"target\":[\"https:\\\/\\\/www.ghostysky.com\\\/product\\\/dji-avata-360-motion-fly-more-combo-dji-goggles-n3\\\/\"]}]},{\"@type\":\"ImageObject\",\"inLanguage\":\"fr-FR\",\"@id\":\"https:\\\/\\\/www.ghostysky.com\\\/product\\\/dji-avata-360-motion-fly-more-combo-dji-goggles-n3\\\/#primaryimage\",\"url\":\"https:\\\/\\\/www.ghostysky.com\\\/wp-content\\\/uploads\\\/2026\\\/03\\\/GH_DJIAvata360_1.jpeg\",\"contentUrl\":\"https:\\\/\\\/www.ghostysky.com\\\/wp-content\\\/uploads\\\/2026\\\/03\\\/GH_DJIAvata360_1.jpeg\",\"width\":1308,\"height\":1308},{\"@type\":\"BreadcrumbList\",\"@id\":\"https:\\\/\\\/www.ghostysky.com\\\/product\\\/dji-avata-360-motion-fly-more-combo-dji-goggles-n3\\\/#breadcrumb\",\"itemListElement\":[{\"@type\":\"ListItem\",\"position\":1,\"name\":\"Home\",\"item\":\"https:\\\/\\\/www.ghostysky.com\\\/\"},{\"@type\":\"ListItem\",\"position\":2,\"name\":\"Shop\",\"item\":\"https:\\\/\\\/www.ghostysky.com\\\/shop\\\/\"},{\"@type\":\"ListItem\",\"position\":3,\"name\":\"DJI Avata 360 Motion Fly More Combo (DJI Goggles N3)\"}]},{\"@type\":\"WebSite\",\"@id\":\"https:\\\/\\\/www.ghostysky.com\\\/#website\",\"url\":\"https:\\\/\\\/www.ghostysky.com\\\/\",\"name\":\"Ghostysky\",\"description\":\"Delivering professional drones and services\",\"publisher\":{\"@id\":\"https:\\\/\\\/www.ghostysky.com\\\/#organization\"},\"potentialAction\":[{\"@type\":\"SearchAction\",\"target\":{\"@type\":\"EntryPoint\",\"urlTemplate\":\"https:\\\/\\\/www.ghostysky.com\\\/?s={search_term_string}\"},\"query-input\":{\"@type\":\"PropertyValueSpecification\",\"valueRequired\":true,\"valueName\":\"search_term_string\"}}],\"inLanguage\":\"fr-FR\"},{\"@type\":\"Organization\",\"@id\":\"https:\\\/\\\/www.ghostysky.com\\\/#organization\",\"name\":\"Ghostysky\",\"url\":\"https:\\\/\\\/www.ghostysky.com\\\/\",\"logo\":{\"@type\":\"ImageObject\",\"inLanguage\":\"fr-FR\",\"@id\":\"https:\\\/\\\/www.ghostysky.com\\\/#\\\/schema\\\/logo\\\/image\\\/\",\"url\":\"https:\\\/\\\/www.ghostysky.com\\\/wp-content\\\/uploads\\\/2020\\\/06\\\/cropped-ghostyskylogo_text_white2.png\",\"contentUrl\":\"https:\\\/\\\/www.ghostysky.com\\\/wp-content\\\/uploads\\\/2020\\\/06\\\/cropped-ghostyskylogo_text_white2.png\",\"width\":169,\"height\":56,\"caption\":\"Ghostysky\"},\"image\":{\"@id\":\"https:\\\/\\\/www.ghostysky.com\\\/#\\\/schema\\\/logo\\\/image\\\/\"},\"sameAs\":[\"https:\\\/\\\/www.facebook.com\\\/people\\\/Ghostysky\\\/100057676170234\\\/\",\"https:\\\/\\\/x.com\\\/Gh0stysky\",\"https:\\\/\\\/www.linkedin.com\\\/company\\\/34739653\",\"https:\\\/\\\/www.instagram.com\\\/gh0stysky\"]}]}<\/script>\n<!-- \/ Yoast SEO plugin. -->","yoast_head_json":{"title":"DJI Avata 360 Motion Fly More Combo (lunettes DJI N3) - Ghostysky","description":"Le DJI Avata 360 Motion Fly More Combo (lunettes DJI N3) repr\u00e9sente le summum de la cr\u00e9ation de contenu a\u00e9rien immersif d\u00e9but 2026. Cette configuration fusionne les perspectives \u00e9poustouflantes d&#039;une cam\u00e9ra 8K \u00e0 360 degr\u00e9s avec le frisson visc\u00e9ral et \u00e0 grande vitesse du vol FPV (First-Person View).","robots":{"index":"index","follow":"follow","max-snippet":"max-snippet:-1","max-image-preview":"max-image-preview:large","max-video-preview":"max-video-preview:-1"},"canonical":"https:\/\/www.ghostysky.com\/fr\/product\/dji-avata-360-motion-fly-more-combo-dji-goggles-n3\/","og_locale":"fr_FR","og_type":"article","og_title":"DJI Avata 360 Motion Fly More Combo (DJI Goggles N3) - Ghostysky","og_description":"The DJI Avata 360 Motion Fly More Combo (DJI Goggles N3) represents the pinnacle of immersive aerial content creation as of early 2026. This setup merges the mind-bending perspectives of an 8K 360-degree camera with the visceral, high-speed thrill of FPV (First-Person View) flight.","og_url":"https:\/\/www.ghostysky.com\/fr\/product\/dji-avata-360-motion-fly-more-combo-dji-goggles-n3\/","og_site_name":"Ghostysky","article_publisher":"https:\/\/www.facebook.com\/people\/Ghostysky\/100057676170234\/","article_modified_time":"2026-04-06T07:30:55+00:00","og_image":[{"width":1308,"height":1308,"url":"https:\/\/www.ghostysky.com\/wp-content\/uploads\/2026\/03\/GH_DJIAvata360_1.jpeg","type":"image\/jpeg"}],"twitter_card":"summary_large_image","twitter_site":"@Gh0stysky","twitter_misc":{"Dur\u00e9e de lecture estim\u00e9e":"2 minutes"},"schema":{"@context":"https:\/\/schema.org","@graph":[{"@type":"WebPage","@id":"https:\/\/www.ghostysky.com\/product\/dji-avata-360-motion-fly-more-combo-dji-goggles-n3\/","url":"https:\/\/www.ghostysky.com\/product\/dji-avata-360-motion-fly-more-combo-dji-goggles-n3\/","name":"DJI Avata 360 Motion Fly More Combo (lunettes DJI N3) - Ghostysky","isPartOf":{"@id":"https:\/\/www.ghostysky.com\/#website"},"primaryImageOfPage":{"@id":"https:\/\/www.ghostysky.com\/product\/dji-avata-360-motion-fly-more-combo-dji-goggles-n3\/#primaryimage"},"image":{"@id":"https:\/\/www.ghostysky.com\/product\/dji-avata-360-motion-fly-more-combo-dji-goggles-n3\/#primaryimage"},"thumbnailUrl":"https:\/\/www.ghostysky.com\/wp-content\/uploads\/2026\/03\/GH_DJIAvata360_1.jpeg","datePublished":"2026-03-26T14:58:22+00:00","dateModified":"2026-04-06T07:30:55+00:00","description":"Le DJI Avata 360 Motion Fly More Combo (lunettes DJI N3) repr\u00e9sente le summum de la cr\u00e9ation de contenu a\u00e9rien immersif d\u00e9but 2026. Cette configuration fusionne les perspectives \u00e9poustouflantes d&#039;une cam\u00e9ra 8K \u00e0 360 degr\u00e9s avec le frisson visc\u00e9ral et \u00e0 grande vitesse du vol FPV (First-Person View).","breadcrumb":{"@id":"https:\/\/www.ghostysky.com\/product\/dji-avata-360-motion-fly-more-combo-dji-goggles-n3\/#breadcrumb"},"inLanguage":"fr-FR","potentialAction":[{"@type":"ReadAction","target":["https:\/\/www.ghostysky.com\/product\/dji-avata-360-motion-fly-more-combo-dji-goggles-n3\/"]}]},{"@type":"ImageObject","inLanguage":"fr-FR","@id":"https:\/\/www.ghostysky.com\/product\/dji-avata-360-motion-fly-more-combo-dji-goggles-n3\/#primaryimage","url":"https:\/\/www.ghostysky.com\/wp-content\/uploads\/2026\/03\/GH_DJIAvata360_1.jpeg","contentUrl":"https:\/\/www.ghostysky.com\/wp-content\/uploads\/2026\/03\/GH_DJIAvata360_1.jpeg","width":1308,"height":1308},{"@type":"BreadcrumbList","@id":"https:\/\/www.ghostysky.com\/product\/dji-avata-360-motion-fly-more-combo-dji-goggles-n3\/#breadcrumb","itemListElement":[{"@type":"ListItem","position":1,"name":"Home","item":"https:\/\/www.ghostysky.com\/"},{"@type":"ListItem","position":2,"name":"Shop","item":"https:\/\/www.ghostysky.com\/shop\/"},{"@type":"ListItem","position":3,"name":"DJI Avata 360 Motion Fly More Combo (DJI Goggles N3)"}]},{"@type":"WebSite","@id":"https:\/\/www.ghostysky.com\/#website","url":"https:\/\/www.ghostysky.com\/","name":"Ghostysky","description":"Livraison de drones et de services professionnels","publisher":{"@id":"https:\/\/www.ghostysky.com\/#organization"},"potentialAction":[{"@type":"SearchAction","target":{"@type":"EntryPoint","urlTemplate":"https:\/\/www.ghostysky.com\/?s={search_term_string}"},"query-input":{"@type":"PropertyValueSpecification","valueRequired":true,"valueName":"search_term_string"}}],"inLanguage":"fr-FR"},{"@type":"Organization","@id":"https:\/\/www.ghostysky.com\/#organization","name":"Ghostysky","url":"https:\/\/www.ghostysky.com\/","logo":{"@type":"ImageObject","inLanguage":"fr-FR","@id":"https:\/\/www.ghostysky.com\/#\/schema\/logo\/image\/","url":"https:\/\/www.ghostysky.com\/wp-content\/uploads\/2020\/06\/cropped-ghostyskylogo_text_white2.png","contentUrl":"https:\/\/www.ghostysky.com\/wp-content\/uploads\/2020\/06\/cropped-ghostyskylogo_text_white2.png","width":169,"height":56,"caption":"Ghostysky"},"image":{"@id":"https:\/\/www.ghostysky.com\/#\/schema\/logo\/image\/"},"sameAs":["https:\/\/www.facebook.com\/people\/Ghostysky\/100057676170234\/","https:\/\/x.com\/Gh0stysky","https:\/\/www.linkedin.com\/company\/34739653","https:\/\/www.instagram.com\/gh0stysky"]}]}},"_links":{"self":[{"href":"https:\/\/www.ghostysky.com\/fr\/wp-json\/wp\/v2\/product\/24694","targetHints":{"allow":["GET"]}}],"collection":[{"href":"https:\/\/www.ghostysky.com\/fr\/wp-json\/wp\/v2\/product"}],"about":[{"href":"https:\/\/www.ghostysky.com\/fr\/wp-json\/wp\/v2\/types\/product"}],"replies":[{"embeddable":true,"href":"https:\/\/www.ghostysky.com\/fr\/wp-json\/wp\/v2\/comments?post=24694"}],"wp:featuredmedia":[{"embeddable":true,"href":"https:\/\/www.ghostysky.com\/fr\/wp-json\/wp\/v2\/media\/24964"}],"wp:attachment":[{"href":"https:\/\/www.ghostysky.com\/fr\/wp-json\/wp\/v2\/media?parent=24694"}],"wp:term":[{"taxonomy":"product_brand","embeddable":true,"href":"https:\/\/www.ghostysky.com\/fr\/wp-json\/wp\/v2\/product_brand?post=24694"},{"taxonomy":"product_cat","embeddable":true,"href":"https:\/\/www.ghostysky.com\/fr\/wp-json\/wp\/v2\/product_cat?post=24694"},{"taxonomy":"product_tag","embeddable":true,"href":"https:\/\/www.ghostysky.com\/fr\/wp-json\/wp\/v2\/product_tag?post=24694"}],"curies":[{"name":"wp","href":"https:\/\/api.w.org\/{rel}","templated":true}]}}