{"id":24698,"date":"2026-03-26T15:00:16","date_gmt":"2026-03-26T15:00:16","guid":{"rendered":"https:\/\/www.ghostysky.com\/?post_type=product&#038;p=24698"},"modified":"2026-04-06T07:37:39","modified_gmt":"2026-04-06T07:37:39","slug":"dji-avata-360-dji-rc-2","status":"publish","type":"product","link":"https:\/\/www.ghostysky.com\/fr\/product\/dji-avata-360-dji-rc-2\/","title":{"rendered":"DJI Avata 360 (DJI RC 2)"},"content":{"rendered":"<h3 data-path-to-node=\"2\"><b data-path-to-node=\"2\" data-index-in-node=\"0\">Capturez tout, d\u00e9cidez plus tard<\/b><\/h3>\n<p data-path-to-node=\"3\"><span class=\"\">Le c\u0153ur de l&#039;Avata 360 r\u00e9side dans son double <\/span><b class=\"\" data-path-to-node=\"3\" data-index-in-node=\"38\">Capteurs CMOS carr\u00e9s \u00e9quivalents \u00e0 1 pouce<\/b><span class=\"\">.<\/span><span class=\"\"> Contrairement aux mod\u00e8les pr\u00e9c\u00e9dents o\u00f9 il fallait pointer le drone vers l&#039;action,<\/span><span class=\"\"> L&#039;Avata 360 enregistre la sph\u00e8re enti\u00e8re qui l&#039;entoure.<\/span><\/p>\n<ul data-path-to-node=\"4\">\n<li>\n<p data-path-to-node=\"4,0,0\"><b class=\"\" data-path-to-node=\"4,0,0\" data-index-in-node=\"0\">Vid\u00e9o HDR 8K\/60 ips\u00a0:<\/b><span class=\"\"> Enregistrez en tr\u00e8s haute r\u00e9solution, ce qui vous permet de \u201c recadrer \u201d vos prises de vue en post-production sans perdre de d\u00e9tails significatifs.<\/span><\/p>\n<\/li>\n<li>\n<p data-path-to-node=\"4,1,0\"><b class=\"\" data-path-to-node=\"4,1,0\" data-index-in-node=\"0\">Photos de 120 MP :<\/b><span class=\"\"> Capturez des images fixes \u00e0 360\u00b0 en un seul clic,<\/span><span class=\"\"> pr\u00e9server chaque angle d&#039;un paysage.<\/span><\/p>\n<\/li>\n<li>\n<p data-path-to-node=\"4,2,0\"><b class=\"\" data-path-to-node=\"4,2,0\" data-index-in-node=\"0\">Flexibilit\u00e9 en mode double\u00a0:<\/b><span class=\"\"> Utiliser <\/span><b class=\"\" data-path-to-node=\"4,2,0\" data-index-in-node=\"27\">Mode 360\u00b0<\/b><span class=\"\"> pour une couverture compl\u00e8te ou passez \u00e0 <\/span><b class=\"\" data-path-to-node=\"4,2,0\" data-index-in-node=\"69\">Mode objectif unique<\/b><span class=\"\"> pour les s\u00e9quences FPV traditionnelles 4K\/60fps \u201c orient\u00e9es vers l&#039;avant \u201d.<\/span><\/p>\n<\/li>\n<\/ul>\n<h3 data-path-to-node=\"5\"><b data-path-to-node=\"5\" data-index-in-node=\"0\">Performances et s\u00e9curit\u00e9 en vol<\/b><\/h3>\n<p data-path-to-node=\"6\"><span class=\"\">DJI a dot\u00e9 ce \u201c cin\u00e9-drone \u201d de sa technologie de s\u00e9curit\u00e9 la plus avanc\u00e9e \u00e0 ce jour.,<\/span><span class=\"\"> Ce qui le rend accessible aux d\u00e9butants et indispensable aux professionnels.<\/span><\/p>\n<ul data-path-to-node=\"7\">\n<li>\n<p data-path-to-node=\"7,0,0\"><b class=\"\" data-path-to-node=\"7,0,0\" data-index-in-node=\"0\">D\u00e9tection d&#039;obstacles omnidirectionnelle :<\/b><span class=\"\"> Aliment\u00e9 par un LiDAR frontal,<\/span><span class=\"\"> Le drone peut d\u00e9tecter les obstacles dans toutes les directions, m\u00eame la nuit.<\/span><\/p>\n<\/li>\n<li>\n<p data-path-to-node=\"7,1,0\"><b class=\"\" data-path-to-node=\"7,1,0\" data-index-in-node=\"0\">Protections d&#039;h\u00e9lice int\u00e9gr\u00e9es\u00a0:<\/b><span class=\"\"> Le design classique en \u201c whoop \u201d est ici raffin\u00e9,<\/span><span class=\"\"> permettant des vols rapproch\u00e9s et des rebonds sur les murs sans s&#039;\u00e9craser.<\/span><\/p>\n<\/li>\n<li>\n<p data-path-to-node=\"7,2,0\"><b class=\"\" data-path-to-node=\"7,2,0\" data-index-in-node=\"0\">Dur\u00e9e du vol : 23 minutes<\/b><span class=\"\"> L&#039;efficacit\u00e9 optimis\u00e9e de la batterie vous offre une autonomie accrue par rapport aux mod\u00e8les FPV pr\u00e9c\u00e9dents.<\/span><\/p>\n<\/li>\n<li>\n<p data-path-to-node=\"7,3,0\"><b class=\"\" data-path-to-node=\"7,3,0\" data-index-in-node=\"0\">Transmission O4+ :<\/b><span class=\"\"> Fournit un flux vid\u00e9o en direct d&#039;une nettet\u00e9 exceptionnelle en 1080p\/60fps \u00e0 votre RC 2 ou \u00e0 vos lunettes jusqu&#039;\u00e0 une port\u00e9e de 20 km.<\/span><\/p>\n<\/li>\n<\/ul>\n<h3 data-path-to-node=\"8\"><b data-path-to-node=\"8\" data-index-in-node=\"0\">L&#039;avantage DJI RC 2<\/b><\/h3>\n<p data-path-to-node=\"9\"><span class=\"\">Alors que beaucoup pilotent Avata avec une manette de mouvement,<\/span><span class=\"\"> le <\/span><b class=\"\" data-path-to-node=\"9\" data-index-in-node=\"51\">DJI RC 2<\/b><span class=\"\"> Ce pack est con\u00e7u pour le \u201c cin\u00e9aste a\u00e9rien \u00bb.<\/span><span class=\"\">\u201c<\/span><\/p>\n<ul data-path-to-node=\"10\">\n<li>\n<p data-path-to-node=\"10,0,0\"><b class=\"\" data-path-to-node=\"10,0,0\" data-index-in-node=\"0\">\u00c9cran int\u00e9gr\u00e9\u00a0:<\/b><span class=\"\"> Pas besoin de connecter un smartphone\u00a0; l\u2019\u00e9cran haute luminosit\u00e9 de 700 nits reste parfaitement lisible m\u00eame en plein soleil.<\/span><\/p>\n<\/li>\n<li>\n<p data-path-to-node=\"10,1,0\"><b class=\"\" data-path-to-node=\"10,1,0\" data-index-in-node=\"0\">Contr\u00f4le de pr\u00e9cision :<\/b><span class=\"\"> Les joysticks doubles traditionnels permettent la fonction \u201c\u00a0vibration virtuelle\u00a0\u201d,<\/span><span class=\"\"> o\u00f9 vous pouvez faire pivoter la vue de la cam\u00e9ra \u00e0 l&#039;infini pendant que le drone vole en ligne droite.<\/span><\/p>\n<\/li>\n<li>\n<p data-path-to-node=\"10,2,0\"><b class=\"\" data-path-to-node=\"10,2,0\" data-index-in-node=\"0\">Processeur de nouvelle g\u00e9n\u00e9ration\u00a0:<\/b><span class=\"\"> Garantit un fonctionnement fluide de l&#039;application DJI Fly pour une lecture instantan\u00e9e et un recadrage \u00e0 360\u00b0 en d\u00e9placement.<\/span><\/p>\n<\/li>\n<\/ul>\n<h3 class=\"\" data-path-to-node=\"12\"><b data-path-to-node=\"12\" data-index-in-node=\"0\">Caract\u00e9ristiques principales en bref<\/b><\/h3>\n<table data-path-to-node=\"13\">\n<thead>\n<tr>\n<td><strong>Fonctionnalit\u00e9<\/strong><\/td>\n<td><strong>Sp\u00e9cification<\/strong><\/td>\n<\/tr>\n<\/thead>\n<tbody>\n<tr>\n<td><span data-path-to-node=\"13,1,0,0\"><b data-path-to-node=\"13,1,0,0\" data-index-in-node=\"0\">R\u00e9solution maximale<\/b><\/span><\/td>\n<td><span data-path-to-node=\"13,1,1,0\">8K\/60fps (360\u00b0) \/ 4K\/60fps (Mono)<\/span><\/td>\n<\/tr>\n<tr>\n<td><span data-path-to-node=\"13,2,0,0\"><b data-path-to-node=\"13,2,0,0\" data-index-in-node=\"0\">R\u00e9solution photo<\/b><\/span><\/td>\n<td><span data-path-to-node=\"13,2,1,0\">120 m\u00e9gapixels<\/span><\/td>\n<\/tr>\n<tr>\n<td><span data-path-to-node=\"13,3,0,0\"><b data-path-to-node=\"13,3,0,0\" data-index-in-node=\"0\">Capteurs<\/b><\/span><\/td>\n<td><span data-path-to-node=\"13,3,1,0\">Double capteur CMOS carr\u00e9 1\/1,1 pouce<\/span><\/td>\n<\/tr>\n<tr>\n<td><span data-path-to-node=\"13,4,0,0\"><b data-path-to-node=\"13,4,0,0\" data-index-in-node=\"0\">Stockage interne<\/b><\/span><\/td>\n<td><span data-path-to-node=\"13,4,1,0\">42 Go (environ 30 minutes de vid\u00e9o 8K)<\/span><\/td>\n<\/tr>\n<tr>\n<td><span data-path-to-node=\"13,5,0,0\"><b data-path-to-node=\"13,5,0,0\" data-index-in-node=\"0\">Poids<\/b><\/span><\/td>\n<td><span data-path-to-node=\"13,5,1,0\">Environ 455 g<\/span><\/td>\n<\/tr>\n<tr>\n<td><span data-path-to-node=\"13,6,0,0\"><b data-path-to-node=\"13,6,0,0\" data-index-in-node=\"0\">D\u00e9tection d&#039;obstacles<\/b><\/span><\/td>\n<td><span data-path-to-node=\"13,6,1,0\">Vision nocturne omnidirectionnelle (am\u00e9lior\u00e9e par LiDAR)<\/span><\/td>\n<\/tr>\n<\/tbody>\n<\/table>\n<blockquote class=\"\" data-path-to-node=\"14\">\n<p data-path-to-node=\"14,0\"><b data-path-to-node=\"14,0\" data-index-in-node=\"0\">Conseil de pro\u00a0:<\/b> L&#039;Avata 360 est dot\u00e9e d&#039;un <b data-path-to-node=\"14,0\" data-index-in-node=\"34\">Lentille frontale rempla\u00e7able<\/b>. Si vous commettez une petite erreur et rayez la vitre, vous pouvez la remplacer vous-m\u00eame sans renvoyer l&#039;appareil entier \u00e0 DJI pour r\u00e9paration.<\/p>\n<\/blockquote>","protected":false},"excerpt":{"rendered":"<p><span class=\"\">Le <\/span><b class=\"\" data-path-to-node=\"0\" data-index-in-node=\"4\">DJI Avata 360<\/b><span class=\"\"> (Lanc\u00e9 en mars 2026) marque une \u00e9volution majeure dans la s\u00e9rie Avata,<\/span><span class=\"\"> passer d&#039;un drone FPV traditionnel \u00e0 un drone hybride <\/span><b class=\"\" data-path-to-node=\"0\" data-index-in-node=\"137\">centrale \u00e9lectrique 8K \u00e0 360 degr\u00e9s<\/b><span class=\"\">.<\/span><span class=\"\"> En l&#039;associant au <\/span><b class=\"\" data-path-to-node=\"0\" data-index-in-node=\"186\">DJI RC 2<\/b><span class=\"\">,<\/span><span class=\"\"> vous b\u00e9n\u00e9ficiez d&#039;une exp\u00e9rience de contr\u00f4le portable de qualit\u00e9 professionnelle gr\u00e2ce \u00e0 un \u00e9cran int\u00e9gr\u00e9 de 5 pouces.<\/span><span class=\"\">\u00c9cran FHD de 5 pouces,<\/span><span class=\"\"> Parfait pour ceux qui recherchent un cadrage pr\u00e9cis alli\u00e9 au c\u00f4t\u00e9 amusant et chaotique du FPV.<\/span><\/p>","protected":false},"featured_media":24964,"comment_status":"open","ping_status":"closed","template":"","meta":[],"product_brand":[1031],"product_cat":[752,1403,1404,37],"product_tag":[1408,1406,1407],"class_list":{"0":"post-24698","1":"product","2":"type-product","3":"status-publish","4":"has-post-thumbnail","6":"product_brand-dji","7":"product_cat-aerial-photography","8":"product_cat-avata-360","9":"product_cat-avata-360-drones","10":"product_cat-dji","11":"product_tag-avata-360-drones","12":"product_tag-dji-avata-360","13":"product_tag-fvp","15":"first","16":"onbackorder","17":"taxable","18":"shipping-taxable","19":"purchasable","20":"product-type-simple"},"yoast_head":"<!-- This site is optimized with the Yoast SEO plugin v27.1.1 - https:\/\/yoast.com\/product\/yoast-seo-wordpress\/ -->\n<title>DJI Avata 360 (DJI RC 2) - Ghostysky<\/title>\n<meta name=\"description\" content=\"The DJI Avata 360 (launched March 2026) marks a massive evolution in the Avata series, shifting from a traditional FPV drone to a hybrid 8K 360-degree powerhouse. By pairing it with the DJI RC 2, you gain a professional-grade handheld control experience with an integrated 5.5-inch FHD screen, perfect for those who want precision framing alongside the chaotic fun of FPV.\" \/>\n<meta name=\"robots\" content=\"index, follow, max-snippet:-1, max-image-preview:large, max-video-preview:-1\" \/>\n<link rel=\"canonical\" href=\"https:\/\/www.ghostysky.com\/fr\/product\/dji-avata-360-dji-rc-2\/\" \/>\n<meta property=\"og:locale\" content=\"fr_FR\" \/>\n<meta property=\"og:type\" content=\"article\" \/>\n<meta property=\"og:title\" content=\"DJI Avata 360 (DJI RC 2) - Ghostysky\" \/>\n<meta property=\"og:description\" content=\"The DJI Avata 360 (launched March 2026) marks a massive evolution in the Avata series, shifting from a traditional FPV drone to a hybrid 8K 360-degree powerhouse. By pairing it with the DJI RC 2, you gain a professional-grade handheld control experience with an integrated 5.5-inch FHD screen, perfect for those who want precision framing alongside the chaotic fun of FPV.\" \/>\n<meta property=\"og:url\" content=\"https:\/\/www.ghostysky.com\/fr\/product\/dji-avata-360-dji-rc-2\/\" \/>\n<meta property=\"og:site_name\" content=\"Ghostysky\" \/>\n<meta property=\"article:publisher\" content=\"https:\/\/www.facebook.com\/people\/Ghostysky\/100057676170234\/\" \/>\n<meta property=\"article:modified_time\" content=\"2026-04-06T07:37:39+00:00\" \/>\n<meta property=\"og:image\" content=\"https:\/\/www.ghostysky.com\/wp-content\/uploads\/2026\/03\/GH_DJIAvata360_1.jpeg\" \/>\n\t<meta property=\"og:image:width\" content=\"1308\" \/>\n\t<meta property=\"og:image:height\" content=\"1308\" \/>\n\t<meta property=\"og:image:type\" content=\"image\/jpeg\" \/>\n<meta name=\"twitter:card\" content=\"summary_large_image\" \/>\n<meta name=\"twitter:site\" content=\"@Gh0stysky\" \/>\n<meta name=\"twitter:label1\" content=\"Dur\u00e9e de lecture estim\u00e9e\" \/>\n\t<meta name=\"twitter:data1\" content=\"2 minutes\" \/>\n<script type=\"application\/ld+json\" class=\"yoast-schema-graph\">{\"@context\":\"https:\/\/schema.org\",\"@graph\":[{\"@type\":\"WebPage\",\"@id\":\"https:\/\/www.ghostysky.com\/product\/dji-avata-360-dji-rc-2\/\",\"url\":\"https:\/\/www.ghostysky.com\/product\/dji-avata-360-dji-rc-2\/\",\"name\":\"DJI Avata 360 (DJI RC 2) - Ghostysky\",\"isPartOf\":{\"@id\":\"https:\/\/www.ghostysky.com\/#website\"},\"primaryImageOfPage\":{\"@id\":\"https:\/\/www.ghostysky.com\/product\/dji-avata-360-dji-rc-2\/#primaryimage\"},\"image\":{\"@id\":\"https:\/\/www.ghostysky.com\/product\/dji-avata-360-dji-rc-2\/#primaryimage\"},\"thumbnailUrl\":\"https:\/\/www.ghostysky.com\/wp-content\/uploads\/2026\/03\/GH_DJIAvata360_1.jpeg\",\"datePublished\":\"2026-03-26T15:00:16+00:00\",\"dateModified\":\"2026-04-06T07:37:39+00:00\",\"description\":\"The DJI Avata 360 (launched March 2026) marks a massive evolution in the Avata series, shifting from a traditional FPV drone to a hybrid 8K 360-degree powerhouse. By pairing it with the DJI RC 2, you gain a professional-grade handheld control experience with an integrated 5.5-inch FHD screen, perfect for those who want precision framing alongside the chaotic fun of FPV.\",\"breadcrumb\":{\"@id\":\"https:\/\/www.ghostysky.com\/product\/dji-avata-360-dji-rc-2\/#breadcrumb\"},\"inLanguage\":\"fr-FR\",\"potentialAction\":[{\"@type\":\"ReadAction\",\"target\":[\"https:\/\/www.ghostysky.com\/product\/dji-avata-360-dji-rc-2\/\"]}]},{\"@type\":\"ImageObject\",\"inLanguage\":\"fr-FR\",\"@id\":\"https:\/\/www.ghostysky.com\/product\/dji-avata-360-dji-rc-2\/#primaryimage\",\"url\":\"https:\/\/www.ghostysky.com\/wp-content\/uploads\/2026\/03\/GH_DJIAvata360_1.jpeg\",\"contentUrl\":\"https:\/\/www.ghostysky.com\/wp-content\/uploads\/2026\/03\/GH_DJIAvata360_1.jpeg\",\"width\":1308,\"height\":1308},{\"@type\":\"BreadcrumbList\",\"@id\":\"https:\/\/www.ghostysky.com\/product\/dji-avata-360-dji-rc-2\/#breadcrumb\",\"itemListElement\":[{\"@type\":\"ListItem\",\"position\":1,\"name\":\"Home\",\"item\":\"https:\/\/www.ghostysky.com\/\"},{\"@type\":\"ListItem\",\"position\":2,\"name\":\"Shop\",\"item\":\"https:\/\/www.ghostysky.com\/shop\/\"},{\"@type\":\"ListItem\",\"position\":3,\"name\":\"DJI Avata 360 (DJI RC 2)\"}]},{\"@type\":\"WebSite\",\"@id\":\"https:\/\/www.ghostysky.com\/#website\",\"url\":\"https:\/\/www.ghostysky.com\/\",\"name\":\"Ghostysky\",\"description\":\"Delivering professional drones and services\",\"publisher\":{\"@id\":\"https:\/\/www.ghostysky.com\/#organization\"},\"potentialAction\":[{\"@type\":\"SearchAction\",\"target\":{\"@type\":\"EntryPoint\",\"urlTemplate\":\"https:\/\/www.ghostysky.com\/?s={search_term_string}\"},\"query-input\":{\"@type\":\"PropertyValueSpecification\",\"valueRequired\":true,\"valueName\":\"search_term_string\"}}],\"inLanguage\":\"fr-FR\"},{\"@type\":\"Organization\",\"@id\":\"https:\/\/www.ghostysky.com\/#organization\",\"name\":\"Ghostysky\",\"url\":\"https:\/\/www.ghostysky.com\/\",\"logo\":{\"@type\":\"ImageObject\",\"inLanguage\":\"fr-FR\",\"@id\":\"https:\/\/www.ghostysky.com\/#\/schema\/logo\/image\/\",\"url\":\"https:\/\/www.ghostysky.com\/wp-content\/uploads\/2020\/06\/cropped-ghostyskylogo_text_white2.png\",\"contentUrl\":\"https:\/\/www.ghostysky.com\/wp-content\/uploads\/2020\/06\/cropped-ghostyskylogo_text_white2.png\",\"width\":169,\"height\":56,\"caption\":\"Ghostysky\"},\"image\":{\"@id\":\"https:\/\/www.ghostysky.com\/#\/schema\/logo\/image\/\"},\"sameAs\":[\"https:\/\/www.facebook.com\/people\/Ghostysky\/100057676170234\/\",\"https:\/\/x.com\/Gh0stysky\",\"https:\/\/www.linkedin.com\/company\/34739653\",\"https:\/\/www.instagram.com\/gh0stysky\"]}]}<\/script>\n<!-- \/ Yoast SEO plugin. -->","yoast_head_json":{"title":"DJI Avata 360 (DJI RC 2) - Ghostysky","description":"Le DJI Avata 360 (lanc\u00e9 en mars 2026) marque une \u00e9volution majeure dans la gamme Avata, passant d&#039;un drone FPV traditionnel \u00e0 un appareil hybride ultra-performant capable de filmer \u00e0 360\u00b0 en 8K. Associ\u00e9 \u00e0 la radiocommande DJI RC 2, il offre une exp\u00e9rience de pilotage portable de qualit\u00e9 professionnelle gr\u00e2ce \u00e0 son \u00e9cran FHD int\u00e9gr\u00e9 de 5,5 pouces, id\u00e9al pour ceux qui recherchent un cadrage pr\u00e9cis tout en profitant du dynamisme et de l&#039;intensit\u00e9 du vol en FPV.","robots":{"index":"index","follow":"follow","max-snippet":"max-snippet:-1","max-image-preview":"max-image-preview:large","max-video-preview":"max-video-preview:-1"},"canonical":"https:\/\/www.ghostysky.com\/fr\/product\/dji-avata-360-dji-rc-2\/","og_locale":"fr_FR","og_type":"article","og_title":"DJI Avata 360 (DJI RC 2) - Ghostysky","og_description":"The DJI Avata 360 (launched March 2026) marks a massive evolution in the Avata series, shifting from a traditional FPV drone to a hybrid 8K 360-degree powerhouse. By pairing it with the DJI RC 2, you gain a professional-grade handheld control experience with an integrated 5.5-inch FHD screen, perfect for those who want precision framing alongside the chaotic fun of FPV.","og_url":"https:\/\/www.ghostysky.com\/fr\/product\/dji-avata-360-dji-rc-2\/","og_site_name":"Ghostysky","article_publisher":"https:\/\/www.facebook.com\/people\/Ghostysky\/100057676170234\/","article_modified_time":"2026-04-06T07:37:39+00:00","og_image":[{"width":1308,"height":1308,"url":"https:\/\/www.ghostysky.com\/wp-content\/uploads\/2026\/03\/GH_DJIAvata360_1.jpeg","type":"image\/jpeg"}],"twitter_card":"summary_large_image","twitter_site":"@Gh0stysky","twitter_misc":{"Dur\u00e9e de lecture estim\u00e9e":"2 minutes"},"schema":{"@context":"https:\/\/schema.org","@graph":[{"@type":"WebPage","@id":"https:\/\/www.ghostysky.com\/product\/dji-avata-360-dji-rc-2\/","url":"https:\/\/www.ghostysky.com\/product\/dji-avata-360-dji-rc-2\/","name":"DJI Avata 360 (DJI RC 2) - Ghostysky","isPartOf":{"@id":"https:\/\/www.ghostysky.com\/#website"},"primaryImageOfPage":{"@id":"https:\/\/www.ghostysky.com\/product\/dji-avata-360-dji-rc-2\/#primaryimage"},"image":{"@id":"https:\/\/www.ghostysky.com\/product\/dji-avata-360-dji-rc-2\/#primaryimage"},"thumbnailUrl":"https:\/\/www.ghostysky.com\/wp-content\/uploads\/2026\/03\/GH_DJIAvata360_1.jpeg","datePublished":"2026-03-26T15:00:16+00:00","dateModified":"2026-04-06T07:37:39+00:00","description":"Le DJI Avata 360 (lanc\u00e9 en mars 2026) marque une \u00e9volution majeure dans la gamme Avata, passant d&#039;un drone FPV traditionnel \u00e0 un appareil hybride ultra-performant capable de filmer \u00e0 360\u00b0 en 8K. Associ\u00e9 \u00e0 la radiocommande DJI RC 2, il offre une exp\u00e9rience de pilotage portable de qualit\u00e9 professionnelle gr\u00e2ce \u00e0 son \u00e9cran FHD int\u00e9gr\u00e9 de 5,5 pouces, id\u00e9al pour ceux qui recherchent un cadrage pr\u00e9cis tout en profitant du dynamisme et de l&#039;intensit\u00e9 du vol en FPV.","breadcrumb":{"@id":"https:\/\/www.ghostysky.com\/product\/dji-avata-360-dji-rc-2\/#breadcrumb"},"inLanguage":"fr-FR","potentialAction":[{"@type":"ReadAction","target":["https:\/\/www.ghostysky.com\/product\/dji-avata-360-dji-rc-2\/"]}]},{"@type":"ImageObject","inLanguage":"fr-FR","@id":"https:\/\/www.ghostysky.com\/product\/dji-avata-360-dji-rc-2\/#primaryimage","url":"https:\/\/www.ghostysky.com\/wp-content\/uploads\/2026\/03\/GH_DJIAvata360_1.jpeg","contentUrl":"https:\/\/www.ghostysky.com\/wp-content\/uploads\/2026\/03\/GH_DJIAvata360_1.jpeg","width":1308,"height":1308},{"@type":"BreadcrumbList","@id":"https:\/\/www.ghostysky.com\/product\/dji-avata-360-dji-rc-2\/#breadcrumb","itemListElement":[{"@type":"ListItem","position":1,"name":"Home","item":"https:\/\/www.ghostysky.com\/"},{"@type":"ListItem","position":2,"name":"Shop","item":"https:\/\/www.ghostysky.com\/shop\/"},{"@type":"ListItem","position":3,"name":"DJI Avata 360 (DJI RC 2)"}]},{"@type":"WebSite","@id":"https:\/\/www.ghostysky.com\/#website","url":"https:\/\/www.ghostysky.com\/","name":"Ghostysky","description":"Livraison de drones et de services professionnels","publisher":{"@id":"https:\/\/www.ghostysky.com\/#organization"},"potentialAction":[{"@type":"SearchAction","target":{"@type":"EntryPoint","urlTemplate":"https:\/\/www.ghostysky.com\/?s={search_term_string}"},"query-input":{"@type":"PropertyValueSpecification","valueRequired":true,"valueName":"search_term_string"}}],"inLanguage":"fr-FR"},{"@type":"Organization","@id":"https:\/\/www.ghostysky.com\/#organization","name":"Ghostysky","url":"https:\/\/www.ghostysky.com\/","logo":{"@type":"ImageObject","inLanguage":"fr-FR","@id":"https:\/\/www.ghostysky.com\/#\/schema\/logo\/image\/","url":"https:\/\/www.ghostysky.com\/wp-content\/uploads\/2020\/06\/cropped-ghostyskylogo_text_white2.png","contentUrl":"https:\/\/www.ghostysky.com\/wp-content\/uploads\/2020\/06\/cropped-ghostyskylogo_text_white2.png","width":169,"height":56,"caption":"Ghostysky"},"image":{"@id":"https:\/\/www.ghostysky.com\/#\/schema\/logo\/image\/"},"sameAs":["https:\/\/www.facebook.com\/people\/Ghostysky\/100057676170234\/","https:\/\/x.com\/Gh0stysky","https:\/\/www.linkedin.com\/company\/34739653","https:\/\/www.instagram.com\/gh0stysky"]}]}},"_links":{"self":[{"href":"https:\/\/www.ghostysky.com\/fr\/wp-json\/wp\/v2\/product\/24698","targetHints":{"allow":["GET"]}}],"collection":[{"href":"https:\/\/www.ghostysky.com\/fr\/wp-json\/wp\/v2\/product"}],"about":[{"href":"https:\/\/www.ghostysky.com\/fr\/wp-json\/wp\/v2\/types\/product"}],"replies":[{"embeddable":true,"href":"https:\/\/www.ghostysky.com\/fr\/wp-json\/wp\/v2\/comments?post=24698"}],"wp:featuredmedia":[{"embeddable":true,"href":"https:\/\/www.ghostysky.com\/fr\/wp-json\/wp\/v2\/media\/24964"}],"wp:attachment":[{"href":"https:\/\/www.ghostysky.com\/fr\/wp-json\/wp\/v2\/media?parent=24698"}],"wp:term":[{"taxonomy":"product_brand","embeddable":true,"href":"https:\/\/www.ghostysky.com\/fr\/wp-json\/wp\/v2\/product_brand?post=24698"},{"taxonomy":"product_cat","embeddable":true,"href":"https:\/\/www.ghostysky.com\/fr\/wp-json\/wp\/v2\/product_cat?post=24698"},{"taxonomy":"product_tag","embeddable":true,"href":"https:\/\/www.ghostysky.com\/fr\/wp-json\/wp\/v2\/product_tag?post=24698"}],"curies":[{"name":"wp","href":"https:\/\/api.w.org\/{rel}","templated":true}]}}