{"id":24711,"date":"2026-03-26T15:35:44","date_gmt":"2026-03-26T15:35:44","guid":{"rendered":"https:\/\/www.ghostysky.com\/?post_type=product&#038;p=24711"},"modified":"2026-03-26T15:36:46","modified_gmt":"2026-03-26T15:36:46","slug":"dji-goggles-n3","status":"publish","type":"product","link":"https:\/\/www.ghostysky.com\/fr\/product\/dji-goggles-n3\/","title":{"rendered":"Lunettes DJI N3"},"content":{"rendered":"","protected":false},"excerpt":{"rendered":"<p><span class=\"citation-34\">Le <\/span><b data-path-to-node=\"0\" data-index-in-node=\"4\"><span class=\"citation-34\">Lunettes DJI N3<\/span><\/b><span class=\"citation-34 citation-end-34\"> sont con\u00e7us comme un point d&#039;entr\u00e9e accessible et \u201c pr\u00eat \u00e0 l&#039;emploi \u201d dans le monde du vol FPV (First-Person View).<\/span> <span class=\"citation-33 citation-end-33\">Sorties fin 2024, elles constituent une alternative \u00e9conomique aux Goggles 3 haut de gamme, troquant la configuration \u00e0 double micro-OLED contre un design spacieux \u00e0 \u00e9cran unique qui privil\u00e9gie la facilit\u00e9 d&#039;utilisation, notamment pour les pilotes qui portent des lunettes.<\/span><\/p>","protected":false},"featured_media":24715,"comment_status":"open","ping_status":"closed","template":"","meta":[],"product_brand":[1031],"product_cat":[752,1403,1405,37],"product_tag":[1412,1409,1411,1410],"class_list":{"0":"post-24711","1":"product","2":"type-product","3":"status-publish","4":"has-post-thumbnail","6":"product_brand-dji","7":"product_cat-aerial-photography","8":"product_cat-avata-360","9":"product_cat-avata-360-accessories","10":"product_cat-dji","11":"product_tag-avata-360-accessories","12":"product_tag-dji-goggles-n3","13":"product_tag-fpv","14":"product_tag-goggles","16":"first","17":"onbackorder","18":"taxable","19":"shipping-taxable","20":"purchasable","21":"product-type-simple"},"yoast_head":"<!-- This site is optimized with the Yoast SEO plugin v27.1.1 - https:\/\/yoast.com\/product\/yoast-seo-wordpress\/ -->\n<title>DJI Goggles N3 - Ghostysky<\/title>\n<meta name=\"description\" content=\"The DJI Goggles N3 are designed as an accessible, &quot;ready-to-use&quot; entry point into the world of FPV (First-Person View) flight. Released in late 2024, they serve as a budget-friendly alternative to the premium Goggles 3, trading the dual-micro-OLED setup for a spacious, single-screen design that prioritizes ease of use\u2014especially for pilots who wear glasses.\" \/>\n<meta name=\"robots\" content=\"index, follow, max-snippet:-1, max-image-preview:large, max-video-preview:-1\" \/>\n<link rel=\"canonical\" href=\"https:\/\/www.ghostysky.com\/fr\/product\/dji-goggles-n3\/\" \/>\n<meta property=\"og:locale\" content=\"fr_FR\" \/>\n<meta property=\"og:type\" content=\"article\" \/>\n<meta property=\"og:title\" content=\"DJI Goggles N3 - Ghostysky\" \/>\n<meta property=\"og:description\" content=\"The DJI Goggles N3 are designed as an accessible, &quot;ready-to-use&quot; entry point into the world of FPV (First-Person View) flight. Released in late 2024, they serve as a budget-friendly alternative to the premium Goggles 3, trading the dual-micro-OLED setup for a spacious, single-screen design that prioritizes ease of use\u2014especially for pilots who wear glasses.\" \/>\n<meta property=\"og:url\" content=\"https:\/\/www.ghostysky.com\/fr\/product\/dji-goggles-n3\/\" \/>\n<meta property=\"og:site_name\" content=\"Ghostysky\" \/>\n<meta property=\"article:publisher\" content=\"https:\/\/www.facebook.com\/people\/Ghostysky\/100057676170234\/\" \/>\n<meta property=\"article:modified_time\" content=\"2026-03-26T15:36:46+00:00\" \/>\n<meta property=\"og:image\" content=\"https:\/\/www.ghostysky.com\/wp-content\/uploads\/2026\/03\/GH_DJI-Goggles-N3_1.jpg\" \/>\n\t<meta property=\"og:image:width\" content=\"800\" \/>\n\t<meta property=\"og:image:height\" content=\"800\" \/>\n\t<meta property=\"og:image:type\" content=\"image\/jpeg\" \/>\n<meta name=\"twitter:card\" content=\"summary_large_image\" \/>\n<meta name=\"twitter:site\" content=\"@Gh0stysky\" \/>\n<meta name=\"twitter:label1\" content=\"Dur\u00e9e de lecture estim\u00e9e\" \/>\n\t<meta name=\"twitter:data1\" content=\"1 minute\" \/>\n<script type=\"application\/ld+json\" class=\"yoast-schema-graph\">{\"@context\":\"https:\/\/schema.org\",\"@graph\":[{\"@type\":\"WebPage\",\"@id\":\"https:\/\/www.ghostysky.com\/product\/dji-goggles-n3\/\",\"url\":\"https:\/\/www.ghostysky.com\/product\/dji-goggles-n3\/\",\"name\":\"DJI Goggles N3 - Ghostysky\",\"isPartOf\":{\"@id\":\"https:\/\/www.ghostysky.com\/#website\"},\"primaryImageOfPage\":{\"@id\":\"https:\/\/www.ghostysky.com\/product\/dji-goggles-n3\/#primaryimage\"},\"image\":{\"@id\":\"https:\/\/www.ghostysky.com\/product\/dji-goggles-n3\/#primaryimage\"},\"thumbnailUrl\":\"https:\/\/www.ghostysky.com\/wp-content\/uploads\/2026\/03\/GH_DJI-Goggles-N3_1.jpg\",\"datePublished\":\"2026-03-26T15:35:44+00:00\",\"dateModified\":\"2026-03-26T15:36:46+00:00\",\"description\":\"The DJI Goggles N3 are designed as an accessible, \\\"ready-to-use\\\" entry point into the world of FPV (First-Person View) flight. Released in late 2024, they serve as a budget-friendly alternative to the premium Goggles 3, trading the dual-micro-OLED setup for a spacious, single-screen design that prioritizes ease of use\u2014especially for pilots who wear glasses.\",\"breadcrumb\":{\"@id\":\"https:\/\/www.ghostysky.com\/product\/dji-goggles-n3\/#breadcrumb\"},\"inLanguage\":\"fr-FR\",\"potentialAction\":[{\"@type\":\"ReadAction\",\"target\":[\"https:\/\/www.ghostysky.com\/product\/dji-goggles-n3\/\"]}]},{\"@type\":\"ImageObject\",\"inLanguage\":\"fr-FR\",\"@id\":\"https:\/\/www.ghostysky.com\/product\/dji-goggles-n3\/#primaryimage\",\"url\":\"https:\/\/www.ghostysky.com\/wp-content\/uploads\/2026\/03\/GH_DJI-Goggles-N3_1.jpg\",\"contentUrl\":\"https:\/\/www.ghostysky.com\/wp-content\/uploads\/2026\/03\/GH_DJI-Goggles-N3_1.jpg\",\"width\":800,\"height\":800},{\"@type\":\"BreadcrumbList\",\"@id\":\"https:\/\/www.ghostysky.com\/product\/dji-goggles-n3\/#breadcrumb\",\"itemListElement\":[{\"@type\":\"ListItem\",\"position\":1,\"name\":\"Home\",\"item\":\"https:\/\/www.ghostysky.com\/\"},{\"@type\":\"ListItem\",\"position\":2,\"name\":\"Shop\",\"item\":\"https:\/\/www.ghostysky.com\/shop\/\"},{\"@type\":\"ListItem\",\"position\":3,\"name\":\"DJI Goggles N3\"}]},{\"@type\":\"WebSite\",\"@id\":\"https:\/\/www.ghostysky.com\/#website\",\"url\":\"https:\/\/www.ghostysky.com\/\",\"name\":\"Ghostysky\",\"description\":\"Delivering professional drones and services\",\"publisher\":{\"@id\":\"https:\/\/www.ghostysky.com\/#organization\"},\"potentialAction\":[{\"@type\":\"SearchAction\",\"target\":{\"@type\":\"EntryPoint\",\"urlTemplate\":\"https:\/\/www.ghostysky.com\/?s={search_term_string}\"},\"query-input\":{\"@type\":\"PropertyValueSpecification\",\"valueRequired\":true,\"valueName\":\"search_term_string\"}}],\"inLanguage\":\"fr-FR\"},{\"@type\":\"Organization\",\"@id\":\"https:\/\/www.ghostysky.com\/#organization\",\"name\":\"Ghostysky\",\"url\":\"https:\/\/www.ghostysky.com\/\",\"logo\":{\"@type\":\"ImageObject\",\"inLanguage\":\"fr-FR\",\"@id\":\"https:\/\/www.ghostysky.com\/#\/schema\/logo\/image\/\",\"url\":\"https:\/\/www.ghostysky.com\/wp-content\/uploads\/2020\/06\/cropped-ghostyskylogo_text_white2.png\",\"contentUrl\":\"https:\/\/www.ghostysky.com\/wp-content\/uploads\/2020\/06\/cropped-ghostyskylogo_text_white2.png\",\"width\":169,\"height\":56,\"caption\":\"Ghostysky\"},\"image\":{\"@id\":\"https:\/\/www.ghostysky.com\/#\/schema\/logo\/image\/\"},\"sameAs\":[\"https:\/\/www.facebook.com\/people\/Ghostysky\/100057676170234\/\",\"https:\/\/x.com\/Gh0stysky\",\"https:\/\/www.linkedin.com\/company\/34739653\",\"https:\/\/www.instagram.com\/gh0stysky\"]}]}<\/script>\n<!-- \/ Yoast SEO plugin. -->","yoast_head_json":{"title":"Lunettes DJI N3 - Ghostysky","description":"Les DJI Goggles N3 sont con\u00e7ues comme une solution accessible et pr\u00eate \u00e0 l&#039;emploi pour d\u00e9couvrir le vol FPV (vue \u00e0 la premi\u00e8re personne). Sorties fin 2024, elles constituent une alternative \u00e9conomique aux Goggles 3 haut de gamme, rempla\u00e7ant le double \u00e9cran micro-OLED par un \u00e9cran unique et spacieux privil\u00e9giant la facilit\u00e9 d&#039;utilisation, notamment pour les pilotes portant des lunettes.","robots":{"index":"index","follow":"follow","max-snippet":"max-snippet:-1","max-image-preview":"max-image-preview:large","max-video-preview":"max-video-preview:-1"},"canonical":"https:\/\/www.ghostysky.com\/fr\/product\/dji-goggles-n3\/","og_locale":"fr_FR","og_type":"article","og_title":"DJI Goggles N3 - Ghostysky","og_description":"The DJI Goggles N3 are designed as an accessible, \"ready-to-use\" entry point into the world of FPV (First-Person View) flight. Released in late 2024, they serve as a budget-friendly alternative to the premium Goggles 3, trading the dual-micro-OLED setup for a spacious, single-screen design that prioritizes ease of use\u2014especially for pilots who wear glasses.","og_url":"https:\/\/www.ghostysky.com\/fr\/product\/dji-goggles-n3\/","og_site_name":"Ghostysky","article_publisher":"https:\/\/www.facebook.com\/people\/Ghostysky\/100057676170234\/","article_modified_time":"2026-03-26T15:36:46+00:00","og_image":[{"width":800,"height":800,"url":"https:\/\/www.ghostysky.com\/wp-content\/uploads\/2026\/03\/GH_DJI-Goggles-N3_1.jpg","type":"image\/jpeg"}],"twitter_card":"summary_large_image","twitter_site":"@Gh0stysky","twitter_misc":{"Dur\u00e9e de lecture estim\u00e9e":"1 minute"},"schema":{"@context":"https:\/\/schema.org","@graph":[{"@type":"WebPage","@id":"https:\/\/www.ghostysky.com\/product\/dji-goggles-n3\/","url":"https:\/\/www.ghostysky.com\/product\/dji-goggles-n3\/","name":"Lunettes DJI N3 - Ghostysky","isPartOf":{"@id":"https:\/\/www.ghostysky.com\/#website"},"primaryImageOfPage":{"@id":"https:\/\/www.ghostysky.com\/product\/dji-goggles-n3\/#primaryimage"},"image":{"@id":"https:\/\/www.ghostysky.com\/product\/dji-goggles-n3\/#primaryimage"},"thumbnailUrl":"https:\/\/www.ghostysky.com\/wp-content\/uploads\/2026\/03\/GH_DJI-Goggles-N3_1.jpg","datePublished":"2026-03-26T15:35:44+00:00","dateModified":"2026-03-26T15:36:46+00:00","description":"Les DJI Goggles N3 sont con\u00e7ues comme une solution accessible et pr\u00eate \u00e0 l&#039;emploi pour d\u00e9couvrir le vol FPV (vue \u00e0 la premi\u00e8re personne). Sorties fin 2024, elles constituent une alternative \u00e9conomique aux Goggles 3 haut de gamme, rempla\u00e7ant le double \u00e9cran micro-OLED par un \u00e9cran unique et spacieux privil\u00e9giant la facilit\u00e9 d&#039;utilisation, notamment pour les pilotes portant des lunettes.","breadcrumb":{"@id":"https:\/\/www.ghostysky.com\/product\/dji-goggles-n3\/#breadcrumb"},"inLanguage":"fr-FR","potentialAction":[{"@type":"ReadAction","target":["https:\/\/www.ghostysky.com\/product\/dji-goggles-n3\/"]}]},{"@type":"ImageObject","inLanguage":"fr-FR","@id":"https:\/\/www.ghostysky.com\/product\/dji-goggles-n3\/#primaryimage","url":"https:\/\/www.ghostysky.com\/wp-content\/uploads\/2026\/03\/GH_DJI-Goggles-N3_1.jpg","contentUrl":"https:\/\/www.ghostysky.com\/wp-content\/uploads\/2026\/03\/GH_DJI-Goggles-N3_1.jpg","width":800,"height":800},{"@type":"BreadcrumbList","@id":"https:\/\/www.ghostysky.com\/product\/dji-goggles-n3\/#breadcrumb","itemListElement":[{"@type":"ListItem","position":1,"name":"Home","item":"https:\/\/www.ghostysky.com\/"},{"@type":"ListItem","position":2,"name":"Shop","item":"https:\/\/www.ghostysky.com\/shop\/"},{"@type":"ListItem","position":3,"name":"DJI Goggles N3"}]},{"@type":"WebSite","@id":"https:\/\/www.ghostysky.com\/#website","url":"https:\/\/www.ghostysky.com\/","name":"Ghostysky","description":"Livraison de drones et de services professionnels","publisher":{"@id":"https:\/\/www.ghostysky.com\/#organization"},"potentialAction":[{"@type":"SearchAction","target":{"@type":"EntryPoint","urlTemplate":"https:\/\/www.ghostysky.com\/?s={search_term_string}"},"query-input":{"@type":"PropertyValueSpecification","valueRequired":true,"valueName":"search_term_string"}}],"inLanguage":"fr-FR"},{"@type":"Organization","@id":"https:\/\/www.ghostysky.com\/#organization","name":"Ghostysky","url":"https:\/\/www.ghostysky.com\/","logo":{"@type":"ImageObject","inLanguage":"fr-FR","@id":"https:\/\/www.ghostysky.com\/#\/schema\/logo\/image\/","url":"https:\/\/www.ghostysky.com\/wp-content\/uploads\/2020\/06\/cropped-ghostyskylogo_text_white2.png","contentUrl":"https:\/\/www.ghostysky.com\/wp-content\/uploads\/2020\/06\/cropped-ghostyskylogo_text_white2.png","width":169,"height":56,"caption":"Ghostysky"},"image":{"@id":"https:\/\/www.ghostysky.com\/#\/schema\/logo\/image\/"},"sameAs":["https:\/\/www.facebook.com\/people\/Ghostysky\/100057676170234\/","https:\/\/x.com\/Gh0stysky","https:\/\/www.linkedin.com\/company\/34739653","https:\/\/www.instagram.com\/gh0stysky"]}]}},"_links":{"self":[{"href":"https:\/\/www.ghostysky.com\/fr\/wp-json\/wp\/v2\/product\/24711","targetHints":{"allow":["GET"]}}],"collection":[{"href":"https:\/\/www.ghostysky.com\/fr\/wp-json\/wp\/v2\/product"}],"about":[{"href":"https:\/\/www.ghostysky.com\/fr\/wp-json\/wp\/v2\/types\/product"}],"replies":[{"embeddable":true,"href":"https:\/\/www.ghostysky.com\/fr\/wp-json\/wp\/v2\/comments?post=24711"}],"wp:featuredmedia":[{"embeddable":true,"href":"https:\/\/www.ghostysky.com\/fr\/wp-json\/wp\/v2\/media\/24715"}],"wp:attachment":[{"href":"https:\/\/www.ghostysky.com\/fr\/wp-json\/wp\/v2\/media?parent=24711"}],"wp:term":[{"taxonomy":"product_brand","embeddable":true,"href":"https:\/\/www.ghostysky.com\/fr\/wp-json\/wp\/v2\/product_brand?post=24711"},{"taxonomy":"product_cat","embeddable":true,"href":"https:\/\/www.ghostysky.com\/fr\/wp-json\/wp\/v2\/product_cat?post=24711"},{"taxonomy":"product_tag","embeddable":true,"href":"https:\/\/www.ghostysky.com\/fr\/wp-json\/wp\/v2\/product_tag?post=24711"}],"curies":[{"name":"wp","href":"https:\/\/api.w.org\/{rel}","templated":true}]}}