{"id":24716,"date":"2026-03-26T15:39:49","date_gmt":"2026-03-26T15:39:49","guid":{"rendered":"https:\/\/www.ghostysky.com\/?post_type=product&#038;p=24716"},"modified":"2026-03-26T15:50:15","modified_gmt":"2026-03-26T15:50:15","slug":"dji-rc-motion-3","status":"publish","type":"product","link":"https:\/\/www.ghostysky.com\/fr\/product\/dji-rc-motion-3\/","title":{"rendered":"DJI RC Motion 3"},"content":{"rendered":"<h3 data-path-to-node=\"2\">Caract\u00e9ristiques principales<\/h3>\n<ul data-path-to-node=\"3\">\n<li>\n<p id=\"p-rc_2ee7a0b22a592031-34\" data-path-to-node=\"3,0,0\"><b data-path-to-node=\"3,0,0\" data-index-in-node=\"0\"><span class=\"citation-77\">Contr\u00f4le immersif des mouvements\u00a0:<\/span><\/b><span class=\"citation-77 citation-end-77\"> Associ\u00e9 aux DJI Goggles 3, le drone imite les mouvements de votre main et de votre poignet.<\/span> <span class=\"citation-76 citation-end-76\">Incliner et tourner la manette permet un vol fluide et intuitif.<\/span><\/p>\n<\/li>\n<li>\n<p id=\"p-rc_2ee7a0b22a592031-35\" data-path-to-node=\"3,1,0\"><b data-path-to-node=\"3,1,0\" data-index-in-node=\"0\">ACRO facile :<\/b><span class=\"citation-75\"> Cette fonctionnalit\u00e9 permet m\u00eame aux d\u00e9butants d&#039;effectuer des man\u0153uvres professionnelles, comme <\/span><b data-path-to-node=\"3,1,0\" data-index-in-node=\"85\"><span class=\"citation-75\">flips, tonneaux et d\u00e9rapages \u00e0 180\u00b0<\/span><\/b><span class=\"citation-75 citation-end-75\">\u2014 d\u2019une simple pression sur un bouton ou d\u2019un mouvement du joystick.<\/span><\/p>\n<\/li>\n<li>\n<p id=\"p-rc_2ee7a0b22a592031-36\" data-path-to-node=\"3,2,0\"><b data-path-to-node=\"3,2,0\" data-index-in-node=\"0\"><span class=\"citation-74\">Curseur AR\u00a0:<\/span><\/b><span class=\"citation-74 citation-end-74\"> En portant les lunettes, vous pouvez utiliser la t\u00e9l\u00e9commande RC Motion 3 pour contr\u00f4ler un curseur de r\u00e9alit\u00e9 augment\u00e9e sur l&#039;\u00e9cran.<\/span> <span class=\"citation-73 citation-end-73\">Cela rend la navigation dans les menus et le r\u00e9glage des param\u00e8tres de la cam\u00e9ra beaucoup plus rapides qu&#039;avec les boutons physiques des lunettes.<\/span><\/p>\n<\/li>\n<li>\n<p id=\"p-rc_2ee7a0b22a592031-37\" data-path-to-node=\"3,3,0\"><b data-path-to-node=\"3,3,0\" data-index-in-node=\"0\"><span class=\"citation-72\">Acc\u00e9l\u00e9rateur \u00e0 deux positions :<\/span><\/b><span class=\"citation-72 citation-end-72\"> Un nouveau syst\u00e8me de d\u00e9clenchement o\u00f9 une demi-pression verrouille l&#039;attitude du drone (vol stable) et une pression compl\u00e8te acc\u00e9l\u00e8re l&#039;appareil vers l&#039;avant.<\/span> <span class=\"citation-71 citation-end-71\">Il prend \u00e9galement en charge une fonction de marche arri\u00e8re pour voler en arri\u00e8re tout en restant en vol stationnaire.<\/span><\/p>\n<\/li>\n<li>\n<p id=\"p-rc_2ee7a0b22a592031-38\" data-path-to-node=\"3,4,0\"><b data-path-to-node=\"3,4,0\" data-index-in-node=\"0\">La s\u00e9curit\u00e9 avant tout :<\/b><span class=\"citation-70\"> Comprend un espace d\u00e9di\u00e9 <\/span><b data-path-to-node=\"3,4,0\" data-index-in-node=\"35\"><span class=\"citation-70\">Freinage d&#039;urgence et maintien en vol stationnaire<\/span><\/b><span class=\"citation-70 citation-end-70\"> Un bouton qui immobilise instantan\u00e9ment le drone, offrant une tranquillit\u00e9 d&#039;esprit lors de man\u0153uvres complexes.<\/span><\/p>\n<div class=\"source-inline-chip-container ng-star-inserted\"><\/div>\n<\/li>\n<\/ul>\n<h3 data-path-to-node=\"4\">Sp\u00e9cifications techniques<\/h3>\n<table data-path-to-node=\"5\">\n<thead>\n<tr>\n<td><strong>Fonctionnalit\u00e9<\/strong><\/td>\n<td><strong>Sp\u00e9cification<\/strong><\/td>\n<\/tr>\n<\/thead>\n<tbody>\n<tr>\n<td><span data-path-to-node=\"5,1,0,0\"><b data-path-to-node=\"5,1,0,0\" data-index-in-node=\"0\">Poids<\/b><\/span><\/td>\n<td><span data-path-to-node=\"5,1,1,0\">Environ 118 g<\/span><\/td>\n<\/tr>\n<tr>\n<td><span data-path-to-node=\"5,2,0,0\"><b data-path-to-node=\"5,2,0,0\" data-index-in-node=\"0\">Autonomie de la batterie<\/b><\/span><\/td>\n<td><span data-path-to-node=\"5,2,1,0\">Environ 10 heures<\/span><\/td>\n<\/tr>\n<tr>\n<td><span data-path-to-node=\"5,3,0,0\"><b data-path-to-node=\"5,3,0,0\" data-index-in-node=\"0\">Temps de charge<\/b><\/span><\/td>\n<td><span data-path-to-node=\"5,3,1,0\">Environ 2 heures (5V, 2A)<\/span><\/td>\n<\/tr>\n<tr>\n<td><span data-path-to-node=\"5,4,0,0\"><b data-path-to-node=\"5,4,0,0\" data-index-in-node=\"0\">Transmission maximale<\/b><\/span><\/td>\n<td><span data-path-to-node=\"5,4,1,0\">13 km (FCC) ; 10 km (CE\/SRRC\/MIC)<\/span><\/td>\n<\/tr>\n<tr>\n<td><span data-path-to-node=\"5,5,0,0\"><b data-path-to-node=\"5,5,0,0\" data-index-in-node=\"0\">Connectivit\u00e9<\/b><\/span><\/td>\n<td><span data-path-to-node=\"5,5,1,0\">2,4000-2,4835 GHz<\/span><\/td>\n<\/tr>\n<\/tbody>\n<\/table>\n<h2 data-path-to-node=\"6\"><\/h2>\n<h3 data-path-to-node=\"6\">Compatibilit\u00e9<\/h3>\n<p id=\"p-rc_2ee7a0b22a592031-39\" data-path-to-node=\"7\"><span class=\"citation-69\">Le RC Motion 3 est con\u00e7u pour fonctionner en synergie avec <\/span><b data-path-to-node=\"7\" data-index-in-node=\"52\"><span class=\"citation-69\">Lunettes DJI 3<\/span><\/b><span class=\"citation-69\"> ou <\/span><b data-path-to-node=\"7\" data-index-in-node=\"69\"><span class=\"citation-69\">Lunettes DJI N3<\/span><\/b><span class=\"citation-69 citation-end-69\">.<\/span> Il est compatible avec les drones suivants\u00a0:<\/p>\n<ul data-path-to-node=\"8\">\n<li><b data-path-to-node=\"8,0,0\" data-index-in-node=\"0\"><span class=\"citation-68\">DJI Avata 360<\/span><\/b><\/li>\n<li><b data-path-to-node=\"8,0,0\" data-index-in-node=\"0\"><span class=\"citation-68\">DJI Avata 2<\/span><\/b><span class=\"citation-68 citation-end-68\"> (Le compagnon principal pour le vol FPV)<\/span><\/li>\n<li><b data-path-to-node=\"8,1,0\" data-index-in-node=\"0\"><span class=\"citation-67 citation-end-67\">DJI Neo<\/span><\/b><\/li>\n<li><b data-path-to-node=\"8,2,0\" data-index-in-node=\"0\"><span class=\"citation-66 citation-end-66\">DJI Air 3 \/ Air 3S<\/span><\/b><\/li>\n<li><b data-path-to-node=\"8,3,0\" data-index-in-node=\"0\"><span class=\"citation-65 citation-end-65\">DJI Mini 4 Pro<\/span><\/b><\/li>\n<\/ul>\n<blockquote data-path-to-node=\"9\">\n<p id=\"p-rc_2ee7a0b22a592031-44\" data-path-to-node=\"9,0\"><b data-path-to-node=\"9,0\" data-index-in-node=\"0\">Note:<\/b><span class=\"citation-64\"> Le RC Motion 3 ne peut pas contr\u00f4ler un drone de mani\u00e8re ind\u00e9pendante ; <\/span><b data-path-to-node=\"9,0\" data-index-in-node=\"63\"><span class=\"citation-64\">doit<\/span><\/b><span class=\"citation-64 citation-end-64\"> doit \u00eatre associ\u00e9 \u00e0 un casque DJI Goggles compatible pour fonctionner<\/span><\/p>\n<\/blockquote>","protected":false},"excerpt":{"rendered":"<p><span class=\"citation-79\">Le <\/span><b data-path-to-node=\"0\" data-index-in-node=\"4\"><span class=\"citation-79\">DJI RC Motion 3<\/span><\/b><span class=\"citation-79 citation-end-79\"> est une manette de mouvement \u00e0 une main con\u00e7ue pour offrir une exp\u00e9rience immersive de type \u201c pointer pour voler \u201d.<\/span> <span class=\"citation-78 citation-end-78\">Contrairement aux manettes traditionnelles \u00e0 deux joysticks, il traduit les mouvements naturels de votre poignet en man\u0153uvres de vol, vous donnant davantage l&#039;impression de \u201c piloter \u201d le drone dans les airs.<\/span><\/p>","protected":false},"featured_media":24718,"comment_status":"open","ping_status":"closed","template":"","meta":[],"product_brand":[1031],"product_cat":[752,1403,1405,37],"product_tag":[1412,1409,1411,1410],"class_list":{"0":"post-24716","1":"product","2":"type-product","3":"status-publish","4":"has-post-thumbnail","6":"product_brand-dji","7":"product_cat-aerial-photography","8":"product_cat-avata-360","9":"product_cat-avata-360-accessories","10":"product_cat-dji","11":"product_tag-avata-360-accessories","12":"product_tag-dji-goggles-n3","13":"product_tag-fpv","14":"product_tag-goggles","16":"first","17":"onbackorder","18":"taxable","19":"shipping-taxable","20":"purchasable","21":"product-type-simple"},"yoast_head":"<!-- This site is optimized with the Yoast SEO plugin v27.1.1 - https:\/\/yoast.com\/product\/yoast-seo-wordpress\/ -->\n<title>DJI RC Motion 3 - Ghostysky<\/title>\n<meta name=\"description\" content=\"The DJI RC Motion 3 is a single-handed motion controller designed to provide an immersive, &quot;point-to-fly&quot; experience. Unlike traditional two-stick controllers, it translates your natural wrist movements into flight maneuvers, making it feel more like you&#039;re &quot;driving&quot; the drone through the air.\" \/>\n<meta name=\"robots\" content=\"index, follow, max-snippet:-1, max-image-preview:large, max-video-preview:-1\" \/>\n<link rel=\"canonical\" href=\"https:\/\/www.ghostysky.com\/fr\/product\/dji-rc-motion-3\/\" \/>\n<meta property=\"og:locale\" content=\"fr_FR\" \/>\n<meta property=\"og:type\" content=\"article\" \/>\n<meta property=\"og:title\" content=\"DJI RC Motion 3 - Ghostysky\" \/>\n<meta property=\"og:description\" content=\"The DJI RC Motion 3 is a single-handed motion controller designed to provide an immersive, &quot;point-to-fly&quot; experience. Unlike traditional two-stick controllers, it translates your natural wrist movements into flight maneuvers, making it feel more like you&#039;re &quot;driving&quot; the drone through the air.\" \/>\n<meta property=\"og:url\" content=\"https:\/\/www.ghostysky.com\/fr\/product\/dji-rc-motion-3\/\" \/>\n<meta property=\"og:site_name\" content=\"Ghostysky\" \/>\n<meta property=\"article:publisher\" content=\"https:\/\/www.facebook.com\/people\/Ghostysky\/100057676170234\/\" \/>\n<meta property=\"article:modified_time\" content=\"2026-03-26T15:50:15+00:00\" \/>\n<meta property=\"og:image\" content=\"https:\/\/www.ghostysky.com\/wp-content\/uploads\/2026\/03\/GH_DJI-RC-Motion-3_1.jpg\" \/>\n\t<meta property=\"og:image:width\" content=\"1100\" \/>\n\t<meta property=\"og:image:height\" content=\"1422\" \/>\n\t<meta property=\"og:image:type\" content=\"image\/jpeg\" \/>\n<meta name=\"twitter:card\" content=\"summary_large_image\" \/>\n<meta name=\"twitter:site\" content=\"@Gh0stysky\" \/>\n<meta name=\"twitter:label1\" content=\"Dur\u00e9e de lecture estim\u00e9e\" \/>\n\t<meta name=\"twitter:data1\" content=\"2 minutes\" \/>\n<script type=\"application\/ld+json\" class=\"yoast-schema-graph\">{\"@context\":\"https:\/\/schema.org\",\"@graph\":[{\"@type\":\"WebPage\",\"@id\":\"https:\/\/www.ghostysky.com\/product\/dji-rc-motion-3\/\",\"url\":\"https:\/\/www.ghostysky.com\/product\/dji-rc-motion-3\/\",\"name\":\"DJI RC Motion 3 - Ghostysky\",\"isPartOf\":{\"@id\":\"https:\/\/www.ghostysky.com\/#website\"},\"primaryImageOfPage\":{\"@id\":\"https:\/\/www.ghostysky.com\/product\/dji-rc-motion-3\/#primaryimage\"},\"image\":{\"@id\":\"https:\/\/www.ghostysky.com\/product\/dji-rc-motion-3\/#primaryimage\"},\"thumbnailUrl\":\"https:\/\/www.ghostysky.com\/wp-content\/uploads\/2026\/03\/GH_DJI-RC-Motion-3_1.jpg\",\"datePublished\":\"2026-03-26T15:39:49+00:00\",\"dateModified\":\"2026-03-26T15:50:15+00:00\",\"description\":\"The DJI RC Motion 3 is a single-handed motion controller designed to provide an immersive, \\\"point-to-fly\\\" experience. Unlike traditional two-stick controllers, it translates your natural wrist movements into flight maneuvers, making it feel more like you're \\\"driving\\\" the drone through the air.\",\"breadcrumb\":{\"@id\":\"https:\/\/www.ghostysky.com\/product\/dji-rc-motion-3\/#breadcrumb\"},\"inLanguage\":\"fr-FR\",\"potentialAction\":[{\"@type\":\"ReadAction\",\"target\":[\"https:\/\/www.ghostysky.com\/product\/dji-rc-motion-3\/\"]}]},{\"@type\":\"ImageObject\",\"inLanguage\":\"fr-FR\",\"@id\":\"https:\/\/www.ghostysky.com\/product\/dji-rc-motion-3\/#primaryimage\",\"url\":\"https:\/\/www.ghostysky.com\/wp-content\/uploads\/2026\/03\/GH_DJI-RC-Motion-3_1.jpg\",\"contentUrl\":\"https:\/\/www.ghostysky.com\/wp-content\/uploads\/2026\/03\/GH_DJI-RC-Motion-3_1.jpg\",\"width\":1100,\"height\":1422},{\"@type\":\"BreadcrumbList\",\"@id\":\"https:\/\/www.ghostysky.com\/product\/dji-rc-motion-3\/#breadcrumb\",\"itemListElement\":[{\"@type\":\"ListItem\",\"position\":1,\"name\":\"Home\",\"item\":\"https:\/\/www.ghostysky.com\/\"},{\"@type\":\"ListItem\",\"position\":2,\"name\":\"Shop\",\"item\":\"https:\/\/www.ghostysky.com\/shop\/\"},{\"@type\":\"ListItem\",\"position\":3,\"name\":\"DJI RC Motion 3\"}]},{\"@type\":\"WebSite\",\"@id\":\"https:\/\/www.ghostysky.com\/#website\",\"url\":\"https:\/\/www.ghostysky.com\/\",\"name\":\"Ghostysky\",\"description\":\"Delivering professional drones and services\",\"publisher\":{\"@id\":\"https:\/\/www.ghostysky.com\/#organization\"},\"potentialAction\":[{\"@type\":\"SearchAction\",\"target\":{\"@type\":\"EntryPoint\",\"urlTemplate\":\"https:\/\/www.ghostysky.com\/?s={search_term_string}\"},\"query-input\":{\"@type\":\"PropertyValueSpecification\",\"valueRequired\":true,\"valueName\":\"search_term_string\"}}],\"inLanguage\":\"fr-FR\"},{\"@type\":\"Organization\",\"@id\":\"https:\/\/www.ghostysky.com\/#organization\",\"name\":\"Ghostysky\",\"url\":\"https:\/\/www.ghostysky.com\/\",\"logo\":{\"@type\":\"ImageObject\",\"inLanguage\":\"fr-FR\",\"@id\":\"https:\/\/www.ghostysky.com\/#\/schema\/logo\/image\/\",\"url\":\"https:\/\/www.ghostysky.com\/wp-content\/uploads\/2020\/06\/cropped-ghostyskylogo_text_white2.png\",\"contentUrl\":\"https:\/\/www.ghostysky.com\/wp-content\/uploads\/2020\/06\/cropped-ghostyskylogo_text_white2.png\",\"width\":169,\"height\":56,\"caption\":\"Ghostysky\"},\"image\":{\"@id\":\"https:\/\/www.ghostysky.com\/#\/schema\/logo\/image\/\"},\"sameAs\":[\"https:\/\/www.facebook.com\/people\/Ghostysky\/100057676170234\/\",\"https:\/\/x.com\/Gh0stysky\",\"https:\/\/www.linkedin.com\/company\/34739653\",\"https:\/\/www.instagram.com\/gh0stysky\"]}]}<\/script>\n<!-- \/ Yoast SEO plugin. -->","yoast_head_json":{"title":"DJI RC Motion 3 - Ghostysky","description":"La DJI RC Motion 3 est une radiocommande \u00e0 une main con\u00e7ue pour offrir une exp\u00e9rience de pilotage intuitive et immersive. Contrairement aux radiocommandes traditionnelles \u00e0 deux joysticks, elle traduit les mouvements naturels de votre poignet en commandes de vol, vous donnant ainsi l&#039;impression de piloter directement le drone.","robots":{"index":"index","follow":"follow","max-snippet":"max-snippet:-1","max-image-preview":"max-image-preview:large","max-video-preview":"max-video-preview:-1"},"canonical":"https:\/\/www.ghostysky.com\/fr\/product\/dji-rc-motion-3\/","og_locale":"fr_FR","og_type":"article","og_title":"DJI RC Motion 3 - Ghostysky","og_description":"The DJI RC Motion 3 is a single-handed motion controller designed to provide an immersive, \"point-to-fly\" experience. Unlike traditional two-stick controllers, it translates your natural wrist movements into flight maneuvers, making it feel more like you're \"driving\" the drone through the air.","og_url":"https:\/\/www.ghostysky.com\/fr\/product\/dji-rc-motion-3\/","og_site_name":"Ghostysky","article_publisher":"https:\/\/www.facebook.com\/people\/Ghostysky\/100057676170234\/","article_modified_time":"2026-03-26T15:50:15+00:00","og_image":[{"width":1100,"height":1422,"url":"https:\/\/www.ghostysky.com\/wp-content\/uploads\/2026\/03\/GH_DJI-RC-Motion-3_1.jpg","type":"image\/jpeg"}],"twitter_card":"summary_large_image","twitter_site":"@Gh0stysky","twitter_misc":{"Dur\u00e9e de lecture estim\u00e9e":"2 minutes"},"schema":{"@context":"https:\/\/schema.org","@graph":[{"@type":"WebPage","@id":"https:\/\/www.ghostysky.com\/product\/dji-rc-motion-3\/","url":"https:\/\/www.ghostysky.com\/product\/dji-rc-motion-3\/","name":"DJI RC Motion 3 - Ghostysky","isPartOf":{"@id":"https:\/\/www.ghostysky.com\/#website"},"primaryImageOfPage":{"@id":"https:\/\/www.ghostysky.com\/product\/dji-rc-motion-3\/#primaryimage"},"image":{"@id":"https:\/\/www.ghostysky.com\/product\/dji-rc-motion-3\/#primaryimage"},"thumbnailUrl":"https:\/\/www.ghostysky.com\/wp-content\/uploads\/2026\/03\/GH_DJI-RC-Motion-3_1.jpg","datePublished":"2026-03-26T15:39:49+00:00","dateModified":"2026-03-26T15:50:15+00:00","description":"La DJI RC Motion 3 est une radiocommande \u00e0 une main con\u00e7ue pour offrir une exp\u00e9rience de pilotage intuitive et immersive. Contrairement aux radiocommandes traditionnelles \u00e0 deux joysticks, elle traduit les mouvements naturels de votre poignet en commandes de vol, vous donnant ainsi l&#039;impression de piloter directement le drone.","breadcrumb":{"@id":"https:\/\/www.ghostysky.com\/product\/dji-rc-motion-3\/#breadcrumb"},"inLanguage":"fr-FR","potentialAction":[{"@type":"ReadAction","target":["https:\/\/www.ghostysky.com\/product\/dji-rc-motion-3\/"]}]},{"@type":"ImageObject","inLanguage":"fr-FR","@id":"https:\/\/www.ghostysky.com\/product\/dji-rc-motion-3\/#primaryimage","url":"https:\/\/www.ghostysky.com\/wp-content\/uploads\/2026\/03\/GH_DJI-RC-Motion-3_1.jpg","contentUrl":"https:\/\/www.ghostysky.com\/wp-content\/uploads\/2026\/03\/GH_DJI-RC-Motion-3_1.jpg","width":1100,"height":1422},{"@type":"BreadcrumbList","@id":"https:\/\/www.ghostysky.com\/product\/dji-rc-motion-3\/#breadcrumb","itemListElement":[{"@type":"ListItem","position":1,"name":"Home","item":"https:\/\/www.ghostysky.com\/"},{"@type":"ListItem","position":2,"name":"Shop","item":"https:\/\/www.ghostysky.com\/shop\/"},{"@type":"ListItem","position":3,"name":"DJI RC Motion 3"}]},{"@type":"WebSite","@id":"https:\/\/www.ghostysky.com\/#website","url":"https:\/\/www.ghostysky.com\/","name":"Ghostysky","description":"Livraison de drones et de services professionnels","publisher":{"@id":"https:\/\/www.ghostysky.com\/#organization"},"potentialAction":[{"@type":"SearchAction","target":{"@type":"EntryPoint","urlTemplate":"https:\/\/www.ghostysky.com\/?s={search_term_string}"},"query-input":{"@type":"PropertyValueSpecification","valueRequired":true,"valueName":"search_term_string"}}],"inLanguage":"fr-FR"},{"@type":"Organization","@id":"https:\/\/www.ghostysky.com\/#organization","name":"Ghostysky","url":"https:\/\/www.ghostysky.com\/","logo":{"@type":"ImageObject","inLanguage":"fr-FR","@id":"https:\/\/www.ghostysky.com\/#\/schema\/logo\/image\/","url":"https:\/\/www.ghostysky.com\/wp-content\/uploads\/2020\/06\/cropped-ghostyskylogo_text_white2.png","contentUrl":"https:\/\/www.ghostysky.com\/wp-content\/uploads\/2020\/06\/cropped-ghostyskylogo_text_white2.png","width":169,"height":56,"caption":"Ghostysky"},"image":{"@id":"https:\/\/www.ghostysky.com\/#\/schema\/logo\/image\/"},"sameAs":["https:\/\/www.facebook.com\/people\/Ghostysky\/100057676170234\/","https:\/\/x.com\/Gh0stysky","https:\/\/www.linkedin.com\/company\/34739653","https:\/\/www.instagram.com\/gh0stysky"]}]}},"_links":{"self":[{"href":"https:\/\/www.ghostysky.com\/fr\/wp-json\/wp\/v2\/product\/24716","targetHints":{"allow":["GET"]}}],"collection":[{"href":"https:\/\/www.ghostysky.com\/fr\/wp-json\/wp\/v2\/product"}],"about":[{"href":"https:\/\/www.ghostysky.com\/fr\/wp-json\/wp\/v2\/types\/product"}],"replies":[{"embeddable":true,"href":"https:\/\/www.ghostysky.com\/fr\/wp-json\/wp\/v2\/comments?post=24716"}],"wp:featuredmedia":[{"embeddable":true,"href":"https:\/\/www.ghostysky.com\/fr\/wp-json\/wp\/v2\/media\/24718"}],"wp:attachment":[{"href":"https:\/\/www.ghostysky.com\/fr\/wp-json\/wp\/v2\/media?parent=24716"}],"wp:term":[{"taxonomy":"product_brand","embeddable":true,"href":"https:\/\/www.ghostysky.com\/fr\/wp-json\/wp\/v2\/product_brand?post=24716"},{"taxonomy":"product_cat","embeddable":true,"href":"https:\/\/www.ghostysky.com\/fr\/wp-json\/wp\/v2\/product_cat?post=24716"},{"taxonomy":"product_tag","embeddable":true,"href":"https:\/\/www.ghostysky.com\/fr\/wp-json\/wp\/v2\/product_tag?post=24716"}],"curies":[{"name":"wp","href":"https:\/\/api.w.org\/{rel}","templated":true}]}}