{"id":2474,"date":"2021-11-24T11:44:08","date_gmt":"2021-11-24T11:44:08","guid":{"rendered":"https:\/\/www.ghostysky.com\/?post_type=product&#038;p=2474"},"modified":"2024-01-26T08:28:28","modified_gmt":"2024-01-26T08:28:28","slug":"bentley-virtuosity-reality-modeling-worksuite-advanced-annual-license","status":"publish","type":"product","link":"https:\/\/www.ghostysky.com\/fr\/product\/bentley-virtuosity-reality-modeling-worksuite-advanced-annual-license\/","title":{"rendered":"Bentley Virtuosity Reality Modeling Worksuite Advanced \u2013 Licence annuelle"},"content":{"rendered":"<p><strong>Compris:<\/strong><\/p>\n<ul>\n<li>ContextCapture<\/li>\n<li>\u00c9diteur ContextCapture<\/li>\n<li>Contexte ProjectWisePartager<\/li>\n<li>Norme d&#039;extraction de fonctionnalit\u00e9s Orbit 3DM<\/li>\n<li>Bentley Pointools<\/li>\n<\/ul>","protected":false},"excerpt":{"rendered":"<p><strong>Ajoutez des donn\u00e9es de r\u00e9alit\u00e9 fiables et \u00e0 jour \u00e0 tous vos projets<\/strong><\/p>\n<p>Reality Modeling WorkSuite est un pack commercial qui vous donne acc\u00e8s aux applications de mod\u00e9lisation de la r\u00e9alit\u00e9 les plus populaires de Bentley\u00a0: ContextCapture, Orbit 3DM Feature Extraction, Pointools et ProjectWise ContextShare, \u00e0 prix r\u00e9duit. La capture de la r\u00e9alit\u00e9 par photogramm\u00e9trie 3D ou num\u00e9risation laser peut s&#039;av\u00e9rer complexe. Gagnez du temps gr\u00e2ce aux solutions Bentley et produisez continuellement des mod\u00e8les de r\u00e9alit\u00e9 3D haute fid\u00e9lit\u00e9.<\/p>\n<ul>\n<li><strong>ContextCapture + Orbit3DM + Pointools + 5 cl\u00e9s de virtuosit\u00e9<\/strong><\/li>\n<\/ul>","protected":false},"featured_media":2475,"comment_status":"open","ping_status":"closed","template":"","meta":[],"product_brand":[],"product_cat":[178,31],"product_tag":[179,180,174],"class_list":{"0":"post-2474","1":"product","2":"type-product","3":"status-publish","4":"has-post-thumbnail","6":"product_cat-bentley","7":"product_cat-software","8":"product_tag-bentley","9":"product_tag-contextcapture","10":"product_tag-photogrammetry","12":"first","13":"onbackorder","14":"taxable","15":"shipping-taxable","16":"product-type-simple"},"yoast_head":"<!-- This site is optimized with the Yoast SEO plugin v27.1.1 - https:\/\/yoast.com\/product\/yoast-seo-wordpress\/ -->\n<title>Bentley Virtuosity Reality Modeling Worksuite Advanced - Annual license -<\/title>\n<meta name=\"description\" content=\"The Reality Modeling WorkSuite is a sales bundle that offers you access to Bentley\u2019s most popular reality modeling applications ContextCapture, Orbit 3DM Feature Extraction, Pointools, and ProjectWise ContextShare, at a discounted price.\" \/>\n<meta name=\"robots\" content=\"index, follow, max-snippet:-1, max-image-preview:large, max-video-preview:-1\" \/>\n<link rel=\"canonical\" href=\"https:\/\/www.ghostysky.com\/fr\/product\/bentley-virtuosity-reality-modeling-worksuite-advanced-annual-license\/\" \/>\n<meta property=\"og:locale\" content=\"fr_FR\" \/>\n<meta property=\"og:type\" content=\"article\" \/>\n<meta property=\"og:title\" content=\"Bentley Virtuosity Reality Modeling Worksuite Advanced - Annual license -\" \/>\n<meta property=\"og:description\" content=\"The Reality Modeling WorkSuite is a sales bundle that offers you access to Bentley\u2019s most popular reality modeling applications ContextCapture, Orbit 3DM Feature Extraction, Pointools, and ProjectWise ContextShare, at a discounted price.\" \/>\n<meta property=\"og:url\" content=\"https:\/\/www.ghostysky.com\/fr\/product\/bentley-virtuosity-reality-modeling-worksuite-advanced-annual-license\/\" \/>\n<meta property=\"og:site_name\" content=\"Ghostysky\" \/>\n<meta property=\"article:publisher\" content=\"https:\/\/www.facebook.com\/people\/Ghostysky\/100057676170234\/\" \/>\n<meta property=\"article:modified_time\" content=\"2024-01-26T08:28:28+00:00\" \/>\n<meta property=\"og:image\" content=\"https:\/\/www.ghostysky.com\/wp-content\/uploads\/2021\/11\/RealityModeling_icon_300x300.png\" \/>\n\t<meta property=\"og:image:width\" content=\"300\" \/>\n\t<meta property=\"og:image:height\" content=\"300\" \/>\n\t<meta property=\"og:image:type\" content=\"image\/png\" \/>\n<meta name=\"twitter:card\" content=\"summary_large_image\" \/>\n<meta name=\"twitter:site\" content=\"@Gh0stysky\" \/>\n<meta name=\"twitter:label1\" content=\"Dur\u00e9e de lecture estim\u00e9e\" \/>\n\t<meta name=\"twitter:data1\" content=\"1 minute\" \/>\n<script type=\"application\/ld+json\" class=\"yoast-schema-graph\">{\"@context\":\"https:\/\/schema.org\",\"@graph\":[{\"@type\":\"WebPage\",\"@id\":\"https:\/\/www.ghostysky.com\/product\/bentley-virtuosity-reality-modeling-worksuite-advanced-annual-license\/\",\"url\":\"https:\/\/www.ghostysky.com\/product\/bentley-virtuosity-reality-modeling-worksuite-advanced-annual-license\/\",\"name\":\"Bentley Virtuosity Reality Modeling Worksuite Advanced - Annual license -\",\"isPartOf\":{\"@id\":\"https:\/\/www.ghostysky.com\/#website\"},\"primaryImageOfPage\":{\"@id\":\"https:\/\/www.ghostysky.com\/product\/bentley-virtuosity-reality-modeling-worksuite-advanced-annual-license\/#primaryimage\"},\"image\":{\"@id\":\"https:\/\/www.ghostysky.com\/product\/bentley-virtuosity-reality-modeling-worksuite-advanced-annual-license\/#primaryimage\"},\"thumbnailUrl\":\"https:\/\/www.ghostysky.com\/wp-content\/uploads\/2021\/11\/RealityModeling_icon_300x300.png\",\"datePublished\":\"2021-11-24T11:44:08+00:00\",\"dateModified\":\"2024-01-26T08:28:28+00:00\",\"description\":\"The Reality Modeling WorkSuite is a sales bundle that offers you access to Bentley\u2019s most popular reality modeling applications ContextCapture, Orbit 3DM Feature Extraction, Pointools, and ProjectWise ContextShare, at a discounted price.\",\"breadcrumb\":{\"@id\":\"https:\/\/www.ghostysky.com\/product\/bentley-virtuosity-reality-modeling-worksuite-advanced-annual-license\/#breadcrumb\"},\"inLanguage\":\"fr-FR\",\"potentialAction\":[{\"@type\":\"ReadAction\",\"target\":[\"https:\/\/www.ghostysky.com\/product\/bentley-virtuosity-reality-modeling-worksuite-advanced-annual-license\/\"]}]},{\"@type\":\"ImageObject\",\"inLanguage\":\"fr-FR\",\"@id\":\"https:\/\/www.ghostysky.com\/product\/bentley-virtuosity-reality-modeling-worksuite-advanced-annual-license\/#primaryimage\",\"url\":\"https:\/\/www.ghostysky.com\/wp-content\/uploads\/2021\/11\/RealityModeling_icon_300x300.png\",\"contentUrl\":\"https:\/\/www.ghostysky.com\/wp-content\/uploads\/2021\/11\/RealityModeling_icon_300x300.png\",\"width\":300,\"height\":300},{\"@type\":\"BreadcrumbList\",\"@id\":\"https:\/\/www.ghostysky.com\/product\/bentley-virtuosity-reality-modeling-worksuite-advanced-annual-license\/#breadcrumb\",\"itemListElement\":[{\"@type\":\"ListItem\",\"position\":1,\"name\":\"Home\",\"item\":\"https:\/\/www.ghostysky.com\/\"},{\"@type\":\"ListItem\",\"position\":2,\"name\":\"Shop\",\"item\":\"https:\/\/www.ghostysky.com\/shop\/\"},{\"@type\":\"ListItem\",\"position\":3,\"name\":\"Bentley Virtuosity Reality Modeling Worksuite Advanced &#8211; Annual license\"}]},{\"@type\":\"WebSite\",\"@id\":\"https:\/\/www.ghostysky.com\/#website\",\"url\":\"https:\/\/www.ghostysky.com\/\",\"name\":\"Ghostysky\",\"description\":\"Delivering professional drones and services\",\"publisher\":{\"@id\":\"https:\/\/www.ghostysky.com\/#organization\"},\"potentialAction\":[{\"@type\":\"SearchAction\",\"target\":{\"@type\":\"EntryPoint\",\"urlTemplate\":\"https:\/\/www.ghostysky.com\/?s={search_term_string}\"},\"query-input\":{\"@type\":\"PropertyValueSpecification\",\"valueRequired\":true,\"valueName\":\"search_term_string\"}}],\"inLanguage\":\"fr-FR\"},{\"@type\":\"Organization\",\"@id\":\"https:\/\/www.ghostysky.com\/#organization\",\"name\":\"Ghostysky\",\"url\":\"https:\/\/www.ghostysky.com\/\",\"logo\":{\"@type\":\"ImageObject\",\"inLanguage\":\"fr-FR\",\"@id\":\"https:\/\/www.ghostysky.com\/#\/schema\/logo\/image\/\",\"url\":\"https:\/\/www.ghostysky.com\/wp-content\/uploads\/2020\/06\/cropped-ghostyskylogo_text_white2.png\",\"contentUrl\":\"https:\/\/www.ghostysky.com\/wp-content\/uploads\/2020\/06\/cropped-ghostyskylogo_text_white2.png\",\"width\":169,\"height\":56,\"caption\":\"Ghostysky\"},\"image\":{\"@id\":\"https:\/\/www.ghostysky.com\/#\/schema\/logo\/image\/\"},\"sameAs\":[\"https:\/\/www.facebook.com\/people\/Ghostysky\/100057676170234\/\",\"https:\/\/x.com\/Gh0stysky\",\"https:\/\/www.linkedin.com\/company\/34739653\",\"https:\/\/www.instagram.com\/gh0stysky\"]}]}<\/script>\n<!-- \/ Yoast SEO plugin. -->","yoast_head_json":{"title":"Bentley Virtuosity Reality Modeling Worksuite Advanced - Licence annuelle -","description":"Reality Modeling WorkSuite est un pack de vente qui vous offre un acc\u00e8s aux applications de mod\u00e9lisation de la r\u00e9alit\u00e9 les plus populaires de Bentley : ContextCapture, Orbit 3DM Feature Extraction, Pointools et ProjectWise ContextShare, \u00e0 un prix r\u00e9duit.","robots":{"index":"index","follow":"follow","max-snippet":"max-snippet:-1","max-image-preview":"max-image-preview:large","max-video-preview":"max-video-preview:-1"},"canonical":"https:\/\/www.ghostysky.com\/fr\/product\/bentley-virtuosity-reality-modeling-worksuite-advanced-annual-license\/","og_locale":"fr_FR","og_type":"article","og_title":"Bentley Virtuosity Reality Modeling Worksuite Advanced - Annual license -","og_description":"The Reality Modeling WorkSuite is a sales bundle that offers you access to Bentley\u2019s most popular reality modeling applications ContextCapture, Orbit 3DM Feature Extraction, Pointools, and ProjectWise ContextShare, at a discounted price.","og_url":"https:\/\/www.ghostysky.com\/fr\/product\/bentley-virtuosity-reality-modeling-worksuite-advanced-annual-license\/","og_site_name":"Ghostysky","article_publisher":"https:\/\/www.facebook.com\/people\/Ghostysky\/100057676170234\/","article_modified_time":"2024-01-26T08:28:28+00:00","og_image":[{"width":300,"height":300,"url":"https:\/\/www.ghostysky.com\/wp-content\/uploads\/2021\/11\/RealityModeling_icon_300x300.png","type":"image\/png"}],"twitter_card":"summary_large_image","twitter_site":"@Gh0stysky","twitter_misc":{"Dur\u00e9e de lecture estim\u00e9e":"1 minute"},"schema":{"@context":"https:\/\/schema.org","@graph":[{"@type":"WebPage","@id":"https:\/\/www.ghostysky.com\/product\/bentley-virtuosity-reality-modeling-worksuite-advanced-annual-license\/","url":"https:\/\/www.ghostysky.com\/product\/bentley-virtuosity-reality-modeling-worksuite-advanced-annual-license\/","name":"Bentley Virtuosity Reality Modeling Worksuite Advanced - Licence annuelle -","isPartOf":{"@id":"https:\/\/www.ghostysky.com\/#website"},"primaryImageOfPage":{"@id":"https:\/\/www.ghostysky.com\/product\/bentley-virtuosity-reality-modeling-worksuite-advanced-annual-license\/#primaryimage"},"image":{"@id":"https:\/\/www.ghostysky.com\/product\/bentley-virtuosity-reality-modeling-worksuite-advanced-annual-license\/#primaryimage"},"thumbnailUrl":"https:\/\/www.ghostysky.com\/wp-content\/uploads\/2021\/11\/RealityModeling_icon_300x300.png","datePublished":"2021-11-24T11:44:08+00:00","dateModified":"2024-01-26T08:28:28+00:00","description":"Reality Modeling WorkSuite est un pack de vente qui vous offre un acc\u00e8s aux applications de mod\u00e9lisation de la r\u00e9alit\u00e9 les plus populaires de Bentley : ContextCapture, Orbit 3DM Feature Extraction, Pointools et ProjectWise ContextShare, \u00e0 un prix r\u00e9duit.","breadcrumb":{"@id":"https:\/\/www.ghostysky.com\/product\/bentley-virtuosity-reality-modeling-worksuite-advanced-annual-license\/#breadcrumb"},"inLanguage":"fr-FR","potentialAction":[{"@type":"ReadAction","target":["https:\/\/www.ghostysky.com\/product\/bentley-virtuosity-reality-modeling-worksuite-advanced-annual-license\/"]}]},{"@type":"ImageObject","inLanguage":"fr-FR","@id":"https:\/\/www.ghostysky.com\/product\/bentley-virtuosity-reality-modeling-worksuite-advanced-annual-license\/#primaryimage","url":"https:\/\/www.ghostysky.com\/wp-content\/uploads\/2021\/11\/RealityModeling_icon_300x300.png","contentUrl":"https:\/\/www.ghostysky.com\/wp-content\/uploads\/2021\/11\/RealityModeling_icon_300x300.png","width":300,"height":300},{"@type":"BreadcrumbList","@id":"https:\/\/www.ghostysky.com\/product\/bentley-virtuosity-reality-modeling-worksuite-advanced-annual-license\/#breadcrumb","itemListElement":[{"@type":"ListItem","position":1,"name":"Home","item":"https:\/\/www.ghostysky.com\/"},{"@type":"ListItem","position":2,"name":"Shop","item":"https:\/\/www.ghostysky.com\/shop\/"},{"@type":"ListItem","position":3,"name":"Bentley Virtuosity Reality Modeling Worksuite Advanced &#8211; Annual license"}]},{"@type":"WebSite","@id":"https:\/\/www.ghostysky.com\/#website","url":"https:\/\/www.ghostysky.com\/","name":"Ghostysky","description":"Livraison de drones et de services professionnels","publisher":{"@id":"https:\/\/www.ghostysky.com\/#organization"},"potentialAction":[{"@type":"SearchAction","target":{"@type":"EntryPoint","urlTemplate":"https:\/\/www.ghostysky.com\/?s={search_term_string}"},"query-input":{"@type":"PropertyValueSpecification","valueRequired":true,"valueName":"search_term_string"}}],"inLanguage":"fr-FR"},{"@type":"Organization","@id":"https:\/\/www.ghostysky.com\/#organization","name":"Ghostysky","url":"https:\/\/www.ghostysky.com\/","logo":{"@type":"ImageObject","inLanguage":"fr-FR","@id":"https:\/\/www.ghostysky.com\/#\/schema\/logo\/image\/","url":"https:\/\/www.ghostysky.com\/wp-content\/uploads\/2020\/06\/cropped-ghostyskylogo_text_white2.png","contentUrl":"https:\/\/www.ghostysky.com\/wp-content\/uploads\/2020\/06\/cropped-ghostyskylogo_text_white2.png","width":169,"height":56,"caption":"Ghostysky"},"image":{"@id":"https:\/\/www.ghostysky.com\/#\/schema\/logo\/image\/"},"sameAs":["https:\/\/www.facebook.com\/people\/Ghostysky\/100057676170234\/","https:\/\/x.com\/Gh0stysky","https:\/\/www.linkedin.com\/company\/34739653","https:\/\/www.instagram.com\/gh0stysky"]}]}},"_links":{"self":[{"href":"https:\/\/www.ghostysky.com\/fr\/wp-json\/wp\/v2\/product\/2474","targetHints":{"allow":["GET"]}}],"collection":[{"href":"https:\/\/www.ghostysky.com\/fr\/wp-json\/wp\/v2\/product"}],"about":[{"href":"https:\/\/www.ghostysky.com\/fr\/wp-json\/wp\/v2\/types\/product"}],"replies":[{"embeddable":true,"href":"https:\/\/www.ghostysky.com\/fr\/wp-json\/wp\/v2\/comments?post=2474"}],"wp:featuredmedia":[{"embeddable":true,"href":"https:\/\/www.ghostysky.com\/fr\/wp-json\/wp\/v2\/media\/2475"}],"wp:attachment":[{"href":"https:\/\/www.ghostysky.com\/fr\/wp-json\/wp\/v2\/media?parent=2474"}],"wp:term":[{"taxonomy":"product_brand","embeddable":true,"href":"https:\/\/www.ghostysky.com\/fr\/wp-json\/wp\/v2\/product_brand?post=2474"},{"taxonomy":"product_cat","embeddable":true,"href":"https:\/\/www.ghostysky.com\/fr\/wp-json\/wp\/v2\/product_cat?post=2474"},{"taxonomy":"product_tag","embeddable":true,"href":"https:\/\/www.ghostysky.com\/fr\/wp-json\/wp\/v2\/product_tag?post=2474"}],"curies":[{"name":"wp","href":"https:\/\/api.w.org\/{rel}","templated":true}]}}