{"id":24903,"date":"2026-04-04T09:22:54","date_gmt":"2026-04-04T09:22:54","guid":{"rendered":"https:\/\/www.ghostysky.com\/?post_type=product&#038;p=24903"},"modified":"2026-04-05T07:08:28","modified_gmt":"2026-04-05T07:08:28","slug":"rayneo-air-4-pro-ar-smart-glasses","status":"publish","type":"product","link":"https:\/\/www.ghostysky.com\/fr\/product\/rayneo-air-4-pro-ar-smart-glasses\/","title":{"rendered":"Lunettes intelligentes de r\u00e9alit\u00e9 augment\u00e9e RayNeo Air 4 Pro"},"content":{"rendered":"<h3 data-path-to-node=\"2\">Visuels : \u201c Un t\u00e9l\u00e9viseur OLED pour votre visage \u201d<\/h3>\n<p id=\"p-rc_364e4b416da447cf-20\" data-path-to-node=\"3\"><span class=\"citation-27\">L&#039;Air 4 Pro utilise deux <\/span><b data-path-to-node=\"3\" data-index-in-node=\"28\"><span class=\"citation-27\">Micro-OLED SeeYa de 0,6 pouce<\/span><\/b><span class=\"citation-27\"> des \u00e9crans pour projeter un \u00e9cran virtuel massif qui donne l&#039;impression d&#039;\u00eatre un <\/span><b data-path-to-node=\"3\" data-index-in-node=\"117\"><span class=\"citation-27\">\u00e9cran de 201 pouces<\/span><\/b><span class=\"citation-27 citation-end-27\"> \u00e0 6 m\u00e8tres de distance.<\/span><\/p>\n<ul data-path-to-node=\"4\">\n<li>\n<p id=\"p-rc_364e4b416da447cf-21\" data-path-to-node=\"4,0,0\"><b data-path-to-node=\"4,0,0\" data-index-in-node=\"0\"><span class=\"citation-26\">Prise en charge HDR10\u00a0:<\/span><\/b><span class=\"citation-26 citation-end-26\"> Une premi\u00e8re dans cette cat\u00e9gorie, offrant une profondeur de couleur de 10 bits et un rapport de contraste de 200\u00a0000:1 pour des noirs profonds et des hautes lumi\u00e8res \u00e9clatantes.<\/span><\/p>\n<\/li>\n<li>\n<p id=\"p-rc_364e4b416da447cf-22\" data-path-to-node=\"4,1,0\"><b data-path-to-node=\"4,1,0\" data-index-in-node=\"0\">Ultra-lumineux :<\/b><span class=\"citation-25\"> Atteint un sommet de <\/span><b data-path-to-node=\"4,1,0\" data-index-in-node=\"29\"><span class=\"citation-25\">1 200 nits<\/span><\/b><span class=\"citation-25 citation-end-25\">, ce qui la rend utilisable m\u00eame dans des environnements bien \u00e9clair\u00e9s o\u00f9 d&#039;autres lunettes AR sont souvent illisibles.<\/span><\/p>\n<\/li>\n<li>\n<p id=\"p-rc_364e4b416da447cf-23\" data-path-to-node=\"4,2,0\"><b data-path-to-node=\"4,2,0\" data-index-in-node=\"0\">Pr\u00eat pour le jeu\u00a0:<\/b><span class=\"citation-24\"> Prend en charge un <\/span><b data-path-to-node=\"4,2,0\" data-index-in-node=\"25\"><span class=\"citation-24\">Fr\u00e9quence de rafra\u00eechissement de 120 Hz<\/span><\/b><span class=\"citation-24 citation-end-24\"> Pour des mouvements ultra-fluides dans les jeux rapides.<\/span><\/p>\n<\/li>\n<li>\n<p id=\"p-rc_364e4b416da447cf-24\" data-path-to-node=\"4,3,0\"><b data-path-to-node=\"4,3,0\" data-index-in-node=\"0\"><span class=\"citation-23\">Puce Vision4000\u00a0:<\/span><\/b><span class=\"citation-23\"> Une puce de traitement d&#039;image d\u00e9di\u00e9e qui g\u00e8re <\/span><b data-path-to-node=\"4,3,0\" data-index-in-node=\"64\"><span class=\"citation-23\">Conversion 2D vers 3D<\/span><\/b><span class=\"citation-23 citation-end-23\"> et la conversion ascendante SDR vers HDR bas\u00e9e sur l&#039;IA.<\/span><\/p>\n<div class=\"source-inline-chip-container ng-star-inserted\"><\/div>\n<\/li>\n<\/ul>\n<h3 data-path-to-node=\"5\">Audio : Co-optimis\u00e9 par Bang &amp; Olufsen<\/h3>\n<p id=\"p-rc_364e4b416da447cf-25\" data-path-to-node=\"6\"><span class=\"citation-22\">Contrairement \u00e0 de nombreuses lunettes AR dot\u00e9es de haut-parleurs au son m\u00e9diocre, les Air 4 Pro b\u00e9n\u00e9ficient d&#039;une collaboration avec <\/span><b data-path-to-node=\"6\" data-index-in-node=\"90\"><span class=\"citation-22\">B&amp;O<\/span><\/b><span class=\"citation-22 citation-end-22\">.<\/span><\/p>\n<ul data-path-to-node=\"7\">\n<li>\n<p id=\"p-rc_364e4b416da447cf-26\" data-path-to-node=\"7,0,0\"><b data-path-to-node=\"7,0,0\" data-index-in-node=\"0\"><span class=\"citation-21\">Syst\u00e8me \u00e0 quatre haut-parleurs\u00a0:<\/span><\/b><span class=\"citation-21 citation-end-21\"> Quatre haut-parleurs offrent une exp\u00e9rience sonore surround \u00e0 360\u00b0.<\/span><\/p>\n<\/li>\n<li>\n<p id=\"p-rc_364e4b416da447cf-27\" data-path-to-node=\"7,1,0\"><b data-path-to-node=\"7,1,0\" data-index-in-node=\"0\"><span class=\"citation-20\">Mode chuchotement :<\/span><\/b><span class=\"citation-20 citation-end-20\"> La technologie d&#039;annulation de phase r\u00e9duit les fuites sonores, garantissant ainsi que les personnes assises \u00e0 c\u00f4t\u00e9 de vous n&#039;entendent pas votre film ou votre r\u00e9union.<\/span><\/p>\n<p>&nbsp;<\/li>\n<\/ul>\n<h3 data-path-to-node=\"8\">Design et confort<\/h3>\n<ul data-path-to-node=\"9\">\n<li>\n<p id=\"p-rc_364e4b416da447cf-28\" data-path-to-node=\"9,0,0\"><b data-path-to-node=\"9,0,0\" data-index-in-node=\"0\">Poids:<\/b><span class=\"citation-19\"> Extr\u00eamement portable \u00e0 seulement <\/span><b data-path-to-node=\"9,0,0\" data-index-in-node=\"35\"><span class=\"citation-19\">76 g<\/span><\/b><span class=\"citation-19 citation-end-19\"> (environ le poids de deux barres chocolat\u00e9es standard).<\/span><\/p>\n<\/li>\n<li>\n<p id=\"p-rc_364e4b416da447cf-29\" data-path-to-node=\"9,1,0\"><b data-path-to-node=\"9,1,0\" data-index-in-node=\"0\"><span class=\"citation-18\">Protection des yeux :<\/span><\/b><span class=\"citation-18\"> Caract\u00e9ristiques <\/span><b data-path-to-node=\"9,1,0\" data-index-in-node=\"25\"><span class=\"citation-18\">Gradation PWM \u00e0 3840 Hz<\/span><\/b><span class=\"citation-18 citation-end-18\">, ce qui r\u00e9duit consid\u00e9rablement la fatigue oculaire et le scintillement par rapport aux \u00e9crans standard.<\/span> <span class=\"citation-17 citation-end-17\">Il est certifi\u00e9 T\u00dcV Rheinland pour sa faible lumi\u00e8re bleue et son fonctionnement sans scintillement.<\/span><\/p>\n<\/li>\n<li>\n<p id=\"p-rc_364e4b416da447cf-30\" data-path-to-node=\"9,2,0\"><b data-path-to-node=\"9,2,0\" data-index-in-node=\"0\"><span class=\"citation-16\">Bloqueurs de lumi\u00e8re :<\/span><\/b><span class=\"citation-16 citation-end-16\"> Comprend des \u00e9crans magn\u00e9tiques de protection contre la lumi\u00e8re dans la bo\u00eete pour cr\u00e9er un environnement \u201cd&#039;obscurit\u00e9 totale\u201d et permettre une immersion compl\u00e8te.<\/span><\/p>\n<div class=\"source-inline-chip-container ng-star-inserted\"><\/div>\n<p>&nbsp;<\/li>\n<\/ul>\n<h3 data-path-to-node=\"11\">Sp\u00e9cifications techniques<\/h3>\n<table data-path-to-node=\"12\">\n<thead>\n<tr>\n<td><strong>Fonctionnalit\u00e9<\/strong><\/td>\n<td><strong>Sp\u00e9cification<\/strong><\/td>\n<\/tr>\n<\/thead>\n<tbody>\n<tr>\n<td><span data-path-to-node=\"12,1,0,0\"><b data-path-to-node=\"12,1,0,0\" data-index-in-node=\"0\">Type d&#039;affichage<\/b><\/span><\/td>\n<td><span data-path-to-node=\"12,1,1,0\">Double \u00e9cran micro-OLED (SeeYa)<\/span><\/td>\n<\/tr>\n<tr>\n<td><span data-path-to-node=\"12,2,0,0\"><b data-path-to-node=\"12,2,0,0\" data-index-in-node=\"0\">R\u00e9solution<\/b><\/span><\/td>\n<td><span data-path-to-node=\"12,2,1,0\">1920 x 1080 par \u0153il (2D) \/ 3840 x 1080 (3D)<\/span><\/td>\n<\/tr>\n<tr>\n<td><span data-path-to-node=\"12,3,0,0\"><b data-path-to-node=\"12,3,0,0\" data-index-in-node=\"0\">Champ de vision (FoV)<\/b><\/span><\/td>\n<td><span data-path-to-node=\"12,3,1,0\">47\u00b0<\/span><\/td>\n<\/tr>\n<tr>\n<td><span data-path-to-node=\"12,4,0,0\"><b data-path-to-node=\"12,4,0,0\" data-index-in-node=\"0\">Luminosit\u00e9<\/b><\/span><\/td>\n<td><span data-path-to-node=\"12,4,1,0\">1 200 nits<\/span><\/td>\n<\/tr>\n<tr>\n<td><span data-path-to-node=\"12,5,0,0\"><b data-path-to-node=\"12,5,0,0\" data-index-in-node=\"0\">Taux de rafra\u00eechissement<\/b><\/span><\/td>\n<td><span data-path-to-node=\"12,5,1,0\">60 Hz \/ 120 Hz<\/span><\/td>\n<\/tr>\n<tr>\n<td><span data-path-to-node=\"12,6,0,0\"><b data-path-to-node=\"12,6,0,0\" data-index-in-node=\"0\">Connectivit\u00e9<\/b><\/span><\/td>\n<td><span data-path-to-node=\"12,6,1,0\">USB-C (mode alternatif DisplayPort)<\/span><\/td>\n<\/tr>\n<tr>\n<td><span data-path-to-node=\"12,7,0,0\"><b data-path-to-node=\"12,7,0,0\" data-index-in-node=\"0\">Compatibilit\u00e9<\/b><\/span><\/td>\n<td><span data-path-to-node=\"12,7,1,0\">iPhone 15\/16\/17, Android, Steam Deck, Switch, PS5, Ordinateurs portables<\/span><\/td>\n<\/tr>\n<\/tbody>\n<\/table>","protected":false},"excerpt":{"rendered":"<p><span class=\"citation-29\">Le <\/span><b class=\"\" data-path-to-node=\"0\" data-index-in-node=\"4\"><span class=\"citation-29\">RayNeo Air 4 Pro<\/span><\/b><span class=\"citation-29 citation-end-29\"> (sortie pr\u00e9vue d\u00e9but 2026) est un dispositif portable AR haut de gamme con\u00e7u pour fonctionner comme un moniteur de cin\u00e9ma et de jeu portable haute fid\u00e9lit\u00e9.<\/span> <span class=\"citation-28\">Pr\u00e9sent\u00e9es comme les premi\u00e8res lunettes AR au monde \u00e0 prendre en charge <\/span><b class=\"\" data-path-to-node=\"0\" data-index-in-node=\"199\"><span class=\"citation-28\">HDR10<\/span><\/b><span class=\"citation-28 citation-end-28\">, Ils mettent l&#039;accent sur un style visuel percutant et un son de qualit\u00e9 professionnelle.<\/span><\/p>","protected":false},"featured_media":24910,"comment_status":"open","ping_status":"closed","template":"","meta":[],"product_brand":[1414],"product_cat":[1341,1413],"product_tag":[1415,1416],"class_list":{"0":"post-24903","1":"product","2":"type-product","3":"status-publish","4":"has-post-thumbnail","6":"product_brand-rayneo","7":"product_cat-ar-vr","8":"product_cat-rayneo","9":"product_tag-ar-glasses","10":"product_tag-rayneo","12":"first","13":"onbackorder","14":"taxable","15":"shipping-taxable","16":"product-type-simple"},"yoast_head":"<!-- This site is optimized with the Yoast SEO plugin v27.1.1 - https:\/\/yoast.com\/product\/yoast-seo-wordpress\/ -->\n<title>RayNeo Air 4 Pro AR Smart Glasses - Ghostysky<\/title>\n<meta name=\"description\" content=\"The RayNeo Air 4 Pro (released early 2026) is a premium AR wearable designed to function as a portable, high-fidelity cinema and gaming monitor. Positioned as the world\u2019s first AR glasses to support HDR10, they focus heavily on visual pop and professional-grade audio.\" \/>\n<meta name=\"robots\" content=\"index, follow, max-snippet:-1, max-image-preview:large, max-video-preview:-1\" \/>\n<link rel=\"canonical\" href=\"https:\/\/www.ghostysky.com\/fr\/product\/rayneo-air-4-pro-ar-smart-glasses\/\" \/>\n<meta property=\"og:locale\" content=\"fr_FR\" \/>\n<meta property=\"og:type\" content=\"article\" \/>\n<meta property=\"og:title\" content=\"RayNeo Air 4 Pro AR Smart Glasses - Ghostysky\" \/>\n<meta property=\"og:description\" content=\"The RayNeo Air 4 Pro (released early 2026) is a premium AR wearable designed to function as a portable, high-fidelity cinema and gaming monitor. Positioned as the world\u2019s first AR glasses to support HDR10, they focus heavily on visual pop and professional-grade audio.\" \/>\n<meta property=\"og:url\" content=\"https:\/\/www.ghostysky.com\/fr\/product\/rayneo-air-4-pro-ar-smart-glasses\/\" \/>\n<meta property=\"og:site_name\" content=\"Ghostysky\" \/>\n<meta property=\"article:publisher\" content=\"https:\/\/www.facebook.com\/people\/Ghostysky\/100057676170234\/\" \/>\n<meta property=\"article:modified_time\" content=\"2026-04-05T07:08:28+00:00\" \/>\n<meta property=\"og:image\" content=\"https:\/\/www.ghostysky.com\/wp-content\/uploads\/2026\/04\/GH_RayNeo-Air-4-Pro-AR-Smart-Glasses_1.webp\" \/>\n\t<meta property=\"og:image:width\" content=\"2000\" \/>\n\t<meta property=\"og:image:height\" content=\"2000\" \/>\n\t<meta property=\"og:image:type\" content=\"image\/webp\" \/>\n<meta name=\"twitter:card\" content=\"summary_large_image\" \/>\n<meta name=\"twitter:site\" content=\"@Gh0stysky\" \/>\n<meta name=\"twitter:label1\" content=\"Dur\u00e9e de lecture estim\u00e9e\" \/>\n\t<meta name=\"twitter:data1\" content=\"2 minutes\" \/>\n<script type=\"application\/ld+json\" class=\"yoast-schema-graph\">{\"@context\":\"https:\/\/schema.org\",\"@graph\":[{\"@type\":\"WebPage\",\"@id\":\"https:\/\/www.ghostysky.com\/product\/rayneo-air-4-pro-ar-smart-glasses\/\",\"url\":\"https:\/\/www.ghostysky.com\/product\/rayneo-air-4-pro-ar-smart-glasses\/\",\"name\":\"RayNeo Air 4 Pro AR Smart Glasses - Ghostysky\",\"isPartOf\":{\"@id\":\"https:\/\/www.ghostysky.com\/#website\"},\"primaryImageOfPage\":{\"@id\":\"https:\/\/www.ghostysky.com\/product\/rayneo-air-4-pro-ar-smart-glasses\/#primaryimage\"},\"image\":{\"@id\":\"https:\/\/www.ghostysky.com\/product\/rayneo-air-4-pro-ar-smart-glasses\/#primaryimage\"},\"thumbnailUrl\":\"https:\/\/www.ghostysky.com\/wp-content\/uploads\/2026\/04\/GH_RayNeo-Air-4-Pro-AR-Smart-Glasses_1.webp\",\"datePublished\":\"2026-04-04T09:22:54+00:00\",\"dateModified\":\"2026-04-05T07:08:28+00:00\",\"description\":\"The RayNeo Air 4 Pro (released early 2026) is a premium AR wearable designed to function as a portable, high-fidelity cinema and gaming monitor. Positioned as the world\u2019s first AR glasses to support HDR10, they focus heavily on visual pop and professional-grade audio.\",\"breadcrumb\":{\"@id\":\"https:\/\/www.ghostysky.com\/product\/rayneo-air-4-pro-ar-smart-glasses\/#breadcrumb\"},\"inLanguage\":\"fr-FR\",\"potentialAction\":[{\"@type\":\"ReadAction\",\"target\":[\"https:\/\/www.ghostysky.com\/product\/rayneo-air-4-pro-ar-smart-glasses\/\"]}]},{\"@type\":\"ImageObject\",\"inLanguage\":\"fr-FR\",\"@id\":\"https:\/\/www.ghostysky.com\/product\/rayneo-air-4-pro-ar-smart-glasses\/#primaryimage\",\"url\":\"https:\/\/www.ghostysky.com\/wp-content\/uploads\/2026\/04\/GH_RayNeo-Air-4-Pro-AR-Smart-Glasses_1.webp\",\"contentUrl\":\"https:\/\/www.ghostysky.com\/wp-content\/uploads\/2026\/04\/GH_RayNeo-Air-4-Pro-AR-Smart-Glasses_1.webp\",\"width\":2000,\"height\":2000},{\"@type\":\"BreadcrumbList\",\"@id\":\"https:\/\/www.ghostysky.com\/product\/rayneo-air-4-pro-ar-smart-glasses\/#breadcrumb\",\"itemListElement\":[{\"@type\":\"ListItem\",\"position\":1,\"name\":\"Home\",\"item\":\"https:\/\/www.ghostysky.com\/\"},{\"@type\":\"ListItem\",\"position\":2,\"name\":\"Shop\",\"item\":\"https:\/\/www.ghostysky.com\/shop\/\"},{\"@type\":\"ListItem\",\"position\":3,\"name\":\"RayNeo Air 4 Pro AR Smart Glasses\"}]},{\"@type\":\"WebSite\",\"@id\":\"https:\/\/www.ghostysky.com\/#website\",\"url\":\"https:\/\/www.ghostysky.com\/\",\"name\":\"Ghostysky\",\"description\":\"Delivering professional drones and services\",\"publisher\":{\"@id\":\"https:\/\/www.ghostysky.com\/#organization\"},\"potentialAction\":[{\"@type\":\"SearchAction\",\"target\":{\"@type\":\"EntryPoint\",\"urlTemplate\":\"https:\/\/www.ghostysky.com\/?s={search_term_string}\"},\"query-input\":{\"@type\":\"PropertyValueSpecification\",\"valueRequired\":true,\"valueName\":\"search_term_string\"}}],\"inLanguage\":\"fr-FR\"},{\"@type\":\"Organization\",\"@id\":\"https:\/\/www.ghostysky.com\/#organization\",\"name\":\"Ghostysky\",\"url\":\"https:\/\/www.ghostysky.com\/\",\"logo\":{\"@type\":\"ImageObject\",\"inLanguage\":\"fr-FR\",\"@id\":\"https:\/\/www.ghostysky.com\/#\/schema\/logo\/image\/\",\"url\":\"https:\/\/www.ghostysky.com\/wp-content\/uploads\/2020\/06\/cropped-ghostyskylogo_text_white2.png\",\"contentUrl\":\"https:\/\/www.ghostysky.com\/wp-content\/uploads\/2020\/06\/cropped-ghostyskylogo_text_white2.png\",\"width\":169,\"height\":56,\"caption\":\"Ghostysky\"},\"image\":{\"@id\":\"https:\/\/www.ghostysky.com\/#\/schema\/logo\/image\/\"},\"sameAs\":[\"https:\/\/www.facebook.com\/people\/Ghostysky\/100057676170234\/\",\"https:\/\/x.com\/Gh0stysky\",\"https:\/\/www.linkedin.com\/company\/34739653\",\"https:\/\/www.instagram.com\/gh0stysky\"]}]}<\/script>\n<!-- \/ Yoast SEO plugin. -->","yoast_head_json":{"title":"Lunettes intelligentes de r\u00e9alit\u00e9 augment\u00e9e RayNeo Air 4 Pro - Ghostysky","description":"Les RayNeo Air 4 Pro (sortie pr\u00e9vue d\u00e9but 2026) sont des lunettes de r\u00e9alit\u00e9 augment\u00e9e haut de gamme con\u00e7ues pour servir de moniteur portable haute fid\u00e9lit\u00e9 pour le cin\u00e9ma et les jeux vid\u00e9o. Premi\u00e8res lunettes de r\u00e9alit\u00e9 augment\u00e9e au monde compatibles HDR10, elles privil\u00e9gient une exp\u00e9rience visuelle immersive et un son de qualit\u00e9 professionnelle.","robots":{"index":"index","follow":"follow","max-snippet":"max-snippet:-1","max-image-preview":"max-image-preview:large","max-video-preview":"max-video-preview:-1"},"canonical":"https:\/\/www.ghostysky.com\/fr\/product\/rayneo-air-4-pro-ar-smart-glasses\/","og_locale":"fr_FR","og_type":"article","og_title":"RayNeo Air 4 Pro AR Smart Glasses - Ghostysky","og_description":"The RayNeo Air 4 Pro (released early 2026) is a premium AR wearable designed to function as a portable, high-fidelity cinema and gaming monitor. Positioned as the world\u2019s first AR glasses to support HDR10, they focus heavily on visual pop and professional-grade audio.","og_url":"https:\/\/www.ghostysky.com\/fr\/product\/rayneo-air-4-pro-ar-smart-glasses\/","og_site_name":"Ghostysky","article_publisher":"https:\/\/www.facebook.com\/people\/Ghostysky\/100057676170234\/","article_modified_time":"2026-04-05T07:08:28+00:00","og_image":[{"width":2000,"height":2000,"url":"https:\/\/www.ghostysky.com\/wp-content\/uploads\/2026\/04\/GH_RayNeo-Air-4-Pro-AR-Smart-Glasses_1.webp","type":"image\/webp"}],"twitter_card":"summary_large_image","twitter_site":"@Gh0stysky","twitter_misc":{"Dur\u00e9e de lecture estim\u00e9e":"2 minutes"},"schema":{"@context":"https:\/\/schema.org","@graph":[{"@type":"WebPage","@id":"https:\/\/www.ghostysky.com\/product\/rayneo-air-4-pro-ar-smart-glasses\/","url":"https:\/\/www.ghostysky.com\/product\/rayneo-air-4-pro-ar-smart-glasses\/","name":"Lunettes intelligentes de r\u00e9alit\u00e9 augment\u00e9e RayNeo Air 4 Pro - Ghostysky","isPartOf":{"@id":"https:\/\/www.ghostysky.com\/#website"},"primaryImageOfPage":{"@id":"https:\/\/www.ghostysky.com\/product\/rayneo-air-4-pro-ar-smart-glasses\/#primaryimage"},"image":{"@id":"https:\/\/www.ghostysky.com\/product\/rayneo-air-4-pro-ar-smart-glasses\/#primaryimage"},"thumbnailUrl":"https:\/\/www.ghostysky.com\/wp-content\/uploads\/2026\/04\/GH_RayNeo-Air-4-Pro-AR-Smart-Glasses_1.webp","datePublished":"2026-04-04T09:22:54+00:00","dateModified":"2026-04-05T07:08:28+00:00","description":"Les RayNeo Air 4 Pro (sortie pr\u00e9vue d\u00e9but 2026) sont des lunettes de r\u00e9alit\u00e9 augment\u00e9e haut de gamme con\u00e7ues pour servir de moniteur portable haute fid\u00e9lit\u00e9 pour le cin\u00e9ma et les jeux vid\u00e9o. Premi\u00e8res lunettes de r\u00e9alit\u00e9 augment\u00e9e au monde compatibles HDR10, elles privil\u00e9gient une exp\u00e9rience visuelle immersive et un son de qualit\u00e9 professionnelle.","breadcrumb":{"@id":"https:\/\/www.ghostysky.com\/product\/rayneo-air-4-pro-ar-smart-glasses\/#breadcrumb"},"inLanguage":"fr-FR","potentialAction":[{"@type":"ReadAction","target":["https:\/\/www.ghostysky.com\/product\/rayneo-air-4-pro-ar-smart-glasses\/"]}]},{"@type":"ImageObject","inLanguage":"fr-FR","@id":"https:\/\/www.ghostysky.com\/product\/rayneo-air-4-pro-ar-smart-glasses\/#primaryimage","url":"https:\/\/www.ghostysky.com\/wp-content\/uploads\/2026\/04\/GH_RayNeo-Air-4-Pro-AR-Smart-Glasses_1.webp","contentUrl":"https:\/\/www.ghostysky.com\/wp-content\/uploads\/2026\/04\/GH_RayNeo-Air-4-Pro-AR-Smart-Glasses_1.webp","width":2000,"height":2000},{"@type":"BreadcrumbList","@id":"https:\/\/www.ghostysky.com\/product\/rayneo-air-4-pro-ar-smart-glasses\/#breadcrumb","itemListElement":[{"@type":"ListItem","position":1,"name":"Home","item":"https:\/\/www.ghostysky.com\/"},{"@type":"ListItem","position":2,"name":"Shop","item":"https:\/\/www.ghostysky.com\/shop\/"},{"@type":"ListItem","position":3,"name":"RayNeo Air 4 Pro AR Smart Glasses"}]},{"@type":"WebSite","@id":"https:\/\/www.ghostysky.com\/#website","url":"https:\/\/www.ghostysky.com\/","name":"Ghostysky","description":"Livraison de drones et de services professionnels","publisher":{"@id":"https:\/\/www.ghostysky.com\/#organization"},"potentialAction":[{"@type":"SearchAction","target":{"@type":"EntryPoint","urlTemplate":"https:\/\/www.ghostysky.com\/?s={search_term_string}"},"query-input":{"@type":"PropertyValueSpecification","valueRequired":true,"valueName":"search_term_string"}}],"inLanguage":"fr-FR"},{"@type":"Organization","@id":"https:\/\/www.ghostysky.com\/#organization","name":"Ghostysky","url":"https:\/\/www.ghostysky.com\/","logo":{"@type":"ImageObject","inLanguage":"fr-FR","@id":"https:\/\/www.ghostysky.com\/#\/schema\/logo\/image\/","url":"https:\/\/www.ghostysky.com\/wp-content\/uploads\/2020\/06\/cropped-ghostyskylogo_text_white2.png","contentUrl":"https:\/\/www.ghostysky.com\/wp-content\/uploads\/2020\/06\/cropped-ghostyskylogo_text_white2.png","width":169,"height":56,"caption":"Ghostysky"},"image":{"@id":"https:\/\/www.ghostysky.com\/#\/schema\/logo\/image\/"},"sameAs":["https:\/\/www.facebook.com\/people\/Ghostysky\/100057676170234\/","https:\/\/x.com\/Gh0stysky","https:\/\/www.linkedin.com\/company\/34739653","https:\/\/www.instagram.com\/gh0stysky"]}]}},"_links":{"self":[{"href":"https:\/\/www.ghostysky.com\/fr\/wp-json\/wp\/v2\/product\/24903","targetHints":{"allow":["GET"]}}],"collection":[{"href":"https:\/\/www.ghostysky.com\/fr\/wp-json\/wp\/v2\/product"}],"about":[{"href":"https:\/\/www.ghostysky.com\/fr\/wp-json\/wp\/v2\/types\/product"}],"replies":[{"embeddable":true,"href":"https:\/\/www.ghostysky.com\/fr\/wp-json\/wp\/v2\/comments?post=24903"}],"wp:featuredmedia":[{"embeddable":true,"href":"https:\/\/www.ghostysky.com\/fr\/wp-json\/wp\/v2\/media\/24910"}],"wp:attachment":[{"href":"https:\/\/www.ghostysky.com\/fr\/wp-json\/wp\/v2\/media?parent=24903"}],"wp:term":[{"taxonomy":"product_brand","embeddable":true,"href":"https:\/\/www.ghostysky.com\/fr\/wp-json\/wp\/v2\/product_brand?post=24903"},{"taxonomy":"product_cat","embeddable":true,"href":"https:\/\/www.ghostysky.com\/fr\/wp-json\/wp\/v2\/product_cat?post=24903"},{"taxonomy":"product_tag","embeddable":true,"href":"https:\/\/www.ghostysky.com\/fr\/wp-json\/wp\/v2\/product_tag?post=24903"}],"curies":[{"name":"wp","href":"https:\/\/api.w.org\/{rel}","templated":true}]}}