{"id":24917,"date":"2026-04-05T08:08:15","date_gmt":"2026-04-05T08:08:15","guid":{"rendered":"https:\/\/www.ghostysky.com\/?post_type=product&#038;p=24917"},"modified":"2026-04-11T07:32:30","modified_gmt":"2026-04-11T07:32:30","slug":"rayneo-usb-c-to-glasses-charging-adapter","status":"publish","type":"product","link":"https:\/\/www.ghostysky.com\/fr\/product\/rayneo-usb-c-to-glasses-charging-adapter\/","title":{"rendered":"Adaptateur de charge pour lunettes RayNeo USB-C"},"content":{"rendered":"<div class=\"container\">\n<div id=\"model-response-message-contentr_a505a04463029fbe\" class=\"markdown markdown-main-panel stronger enable-updated-hr-color\" dir=\"ltr\" aria-live=\"polite\" aria-busy=\"false\">\n<h3 data-path-to-node=\"1\">Caract\u00e9ristiques principales<\/h3>\n<ul data-path-to-node=\"2\">\n<li>\n<p data-path-to-node=\"2,0,0\"><b data-path-to-node=\"2,0,0\" data-index-in-node=\"0\"><span class=\"citation-72 citation-end-72\">Charge rapide PD 100 W\u00a0:<\/span><\/b> Prend en charge une entr\u00e9e Power Delivery (PD) jusqu&#039;\u00e0 100 W, vous permettant de recharger rapidement votre smartphone, votre tablette ou votre console de jeux portable tout en utilisant simultan\u00e9ment vos lunettes.<\/p>\n<\/li>\n<li>\n<p data-path-to-node=\"2,1,0\"><b data-path-to-node=\"2,1,0\" data-index-in-node=\"0\">Vid\u00e9o haute d\u00e9finition\u00a0:<\/b><span class=\"citation-71\"> Capable de transmettre <\/span><b data-path-to-node=\"2,1,0\" data-index-in-node=\"47\"><span class=\"citation-71\">R\u00e9solution 4K \u00e0 60 Hz<\/span><\/b><span class=\"citation-71 citation-end-71\">, garantissant ainsi une exp\u00e9rience visuelle nette et sans d\u00e9calage.<\/span><\/p>\n<\/li>\n<li>\n<p data-path-to-node=\"2,2,0\"><b data-path-to-node=\"2,2,0\" data-index-in-node=\"0\"><span class=\"citation-70\">Prise en charge de l&#039;affichage immersif\u00a0:<\/span><\/b><span class=\"citation-70 citation-end-70\"> Optimis\u00e9 pour d\u00e9bloquer l&#039;exp\u00e9rience \u201c Mega Screen \u201d (jusqu&#039;\u00e0 201 pouces) propos\u00e9e dans les lunettes phares de RayNeo.<\/span><\/p>\n<\/li>\n<li>\n<p data-path-to-node=\"2,3,0\"><b data-path-to-node=\"2,3,0\" data-index-in-node=\"0\">Pr\u00eat \u00e0 l&#039;emploi :<\/b><span class=\"citation-69 citation-end-69\"> Aucun pilote ni configuration complexe requis.<\/span> <span class=\"citation-68 citation-end-68\">Il suffit de connecter votre c\u00e2ble d&#039;alimentation et vos lunettes \u00e0 l&#039;adaptateur, puis de brancher l&#039;adaptateur \u00e0 votre appareil.<\/span><\/p>\n<\/li>\n<li>\n<p data-path-to-node=\"2,4,0\"><b data-path-to-node=\"2,4,0\" data-index-in-node=\"0\">Configuration Premium :<\/b><span class=\"citation-67 citation-end-67\"> Il est dot\u00e9 d&#039;un bo\u00eetier m\u00e9tallique robuste et d&#039;un c\u00e2ble USB-C tress\u00e9 et renforc\u00e9 pour une fiabilit\u00e9 \u00e0 long terme et une r\u00e9sistance \u00e0 l&#039;usure optimales.<\/span><\/p>\n<div class=\"source-inline-chip-container ng-star-inserted\"><\/div>\n<\/li>\n<\/ul>\n<h3 data-path-to-node=\"4\">Sp\u00e9cifications techniques<\/h3>\n<div class=\"horizontal-scroll-wrapper\">\n<div class=\"table-block-component\">\n<div class=\"table-block has-export-button new-table-style is-at-scroll-start is-at-scroll-end\">\n<div class=\"table-content not-end-of-paragraph\" data-hveid=\"0\" data-ved=\"0CAAQ3ecQahcKEwirworLoNaTAxUAAAAAHQAAAAAQVA\">\n<table data-path-to-node=\"5\">\n<thead>\n<tr>\n<th><span data-path-to-node=\"5,0,0,0\">Fonctionnalit\u00e9<\/span><\/th>\n<th><span data-path-to-node=\"5,0,1,0\">Sp\u00e9cification<\/span><\/th>\n<\/tr>\n<\/thead>\n<tbody>\n<tr>\n<td><span data-path-to-node=\"5,1,0,0\"><b data-path-to-node=\"5,1,0,0\" data-index-in-node=\"0\">Mod\u00e8le<\/b><\/span><\/td>\n<td><span data-path-to-node=\"5,1,1,0\">XRAC-CHA01OS<\/span><\/td>\n<\/tr>\n<tr>\n<td><span data-path-to-node=\"5,2,0,0\"><b data-path-to-node=\"5,2,0,0\" data-index-in-node=\"0\">Port d&#039;entr\u00e9e<\/b><\/span><\/td>\n<td><span data-path-to-node=\"5,2,1,0\">L&#039;USB-C (PD) prend en charge jusqu&#039;\u00e0 20 V \/ 5 A (100 W)<\/span><\/td>\n<\/tr>\n<tr>\n<td><span data-path-to-node=\"5,3,0,0\"><b data-path-to-node=\"5,3,0,0\" data-index-in-node=\"0\">Port de sortie (lunettes)<\/b><\/span><\/td>\n<td><span data-path-to-node=\"5,3,1,0\">USB-C (Vid\u00e9o + Alimentation)<\/span><\/td>\n<\/tr>\n<tr>\n<td><span data-path-to-node=\"5,4,0,0\"><b data-path-to-node=\"5,4,0,0\" data-index-in-node=\"0\">Assistance vid\u00e9o<\/b><\/span><\/td>\n<td><span data-path-to-node=\"5,4,1,0\">4K \u00e0 60 Hz<\/span><\/td>\n<\/tr>\n<tr>\n<td><span data-path-to-node=\"5,5,0,0\"><b data-path-to-node=\"5,5,0,0\" data-index-in-node=\"0\">Poids<\/b><\/span><\/td>\n<td><span data-path-to-node=\"5,5,1,0\">~32 g (1,13 oz)<\/span><\/td>\n<\/tr>\n<tr>\n<td><span data-path-to-node=\"5,6,0,0\"><b data-path-to-node=\"5,6,0,0\" data-index-in-node=\"0\">Longueur du c\u00e2ble<\/b><\/span><\/td>\n<td><span data-path-to-node=\"5,6,1,0\">~12,5 cm (4,92 pouces)<\/span><\/td>\n<\/tr>\n<tr>\n<td><span data-path-to-node=\"5,7,0,0\"><b data-path-to-node=\"5,7,0,0\" data-index-in-node=\"0\">Construction<\/b><\/span><\/td>\n<td><span data-path-to-node=\"5,7,1,0\">Bo\u00eetier m\u00e9tallique avec c\u00e2ble tress\u00e9 noir<\/span><\/td>\n<\/tr>\n<\/tbody>\n<\/table>\n<p>&nbsp;<\/p>\n<\/div>\n<\/div>\n<\/div>\n<\/div>\n<h3 data-path-to-node=\"7\">\u00a0Compatibilit\u00e9<\/h3>\n<p data-path-to-node=\"8\"><span class=\"citation-66\">L&#039;adaptateur est sp\u00e9cialement con\u00e7u pour <\/span><b data-path-to-node=\"8\" data-index-in-node=\"43\"><span class=\"citation-66\">RayNeo Air 3, Air 2 et Air 2<\/span><\/b><span class=\"citation-66 citation-end-66\"> lunettes intelligentes.<\/span> Il est compatible avec une large gamme de p\u00e9riph\u00e9riques h\u00f4tes prenant en charge le mode alternatif DisplayPort via USB-C, notamment\u00a0:<\/p>\n<ul data-path-to-node=\"9\">\n<li>\n<p data-path-to-node=\"9,0,0\"><b data-path-to-node=\"9,0,0\" data-index-in-node=\"0\">Jeux vid\u00e9o :<\/b><span class=\"citation-65 citation-end-65\"> Steam Deck, ROG Ally, Nintendo Switch (Gen 2).<\/span><\/p>\n<\/li>\n<li>\n<p data-path-to-node=\"9,1,0\"><b data-path-to-node=\"9,1,0\" data-index-in-node=\"0\"><span class=\"citation-64\">Mobile:<\/span><\/b><span class=\"citation-64 citation-end-64\"> S\u00e9rie iPhone 15\/16, s\u00e9rie Samsung S (S20 et plus r\u00e9cents), s\u00e9rie Z Fold.<\/span><\/p>\n<\/li>\n<li>\n<p data-path-to-node=\"9,2,0\"><b data-path-to-node=\"9,2,0\" data-index-in-node=\"0\">Informatique :<\/b> iPad Pro\/Air (mod\u00e8les USB-C), MacBook et divers ordinateurs portables USB-C.<\/p>\n<\/li>\n<\/ul>\n<blockquote data-path-to-node=\"10\">\n<p data-path-to-node=\"10,0\"><b data-path-to-node=\"10,0\" data-index-in-node=\"0\">Note:<\/b> Cet adaptateur est principalement con\u00e7u pour les p\u00e9riph\u00e9riques h\u00f4tes USB-C. Si vous essayez de vous connecter \u00e0 un p\u00e9riph\u00e9rique uniquement HDMI (comme une PS5 ou un ancien PC), vous aurez g\u00e9n\u00e9ralement besoin de l&#039;adaptateur suivant\u00a0: <i data-path-to-node=\"10,0\" data-index-in-node=\"172\">Adaptateur RayNeo HDMI vers USB-C<\/i> plut\u00f4t.<\/p>\n<\/blockquote>\n<\/div>\n<\/div>","protected":false},"excerpt":{"rendered":"<p><span class=\"citation-73\">Le <\/span><b data-path-to-node=\"0\" data-index-in-node=\"4\"><span class=\"citation-73\">Adaptateur de charge pour lunettes RayNeo USB-C<\/span><\/b><span class=\"citation-73 citation-end-73\"> est un accessoire indispensable \u201c\u00a0jouer pendant la charge\u00a0\u201d, con\u00e7u sp\u00e9cifiquement pour les passionn\u00e9s de XR.<\/span> Elle r\u00e9sout la principale limitation des lunettes de r\u00e9alit\u00e9 augment\u00e9e\u00a0: l\u2019impossibilit\u00e9 de recharger l\u2019appareil h\u00f4te (comme un t\u00e9l\u00e9phone ou un Steam Deck) lorsque les lunettes sont branch\u00e9es sur le seul port USB-C disponible.<\/p>","protected":false},"featured_media":24929,"comment_status":"open","ping_status":"closed","template":"","meta":[],"product_brand":[1414],"product_cat":[1341,1413],"product_tag":[1416,1417],"class_list":{"0":"post-24917","1":"product","2":"type-product","3":"status-publish","4":"has-post-thumbnail","6":"product_brand-rayneo","7":"product_cat-ar-vr","8":"product_cat-rayneo","9":"product_tag-rayneo","10":"product_tag-rayneo-glasses-accessories","12":"first","13":"onbackorder","14":"taxable","15":"shipping-taxable","16":"purchasable","17":"product-type-simple"},"yoast_head":"<!-- This site is optimized with the Yoast SEO plugin v27.4 - https:\/\/yoast.com\/product\/yoast-seo-wordpress\/ -->\n<title>RayNeo USB-C to Glasses Charging Adapter - Ghostysky<\/title>\n<meta name=\"description\" content=\"The RayNeo USB-C to Glasses Charging Adapter is an essential &quot;play-while-charge&quot; accessory designed specifically for XR enthusiasts. It solves the primary limitation of augmented reality glasses: the inability to charge your host device (like a phone or Steam Deck) while the glasses are plugged into the only available USB-C port.\" \/>\n<meta name=\"robots\" content=\"index, follow, max-snippet:-1, max-image-preview:large, max-video-preview:-1\" \/>\n<link rel=\"canonical\" href=\"https:\/\/www.ghostysky.com\/fr\/product\/rayneo-usb-c-to-glasses-charging-adapter\/\" \/>\n<meta property=\"og:locale\" content=\"fr_FR\" \/>\n<meta property=\"og:type\" content=\"article\" \/>\n<meta property=\"og:title\" content=\"RayNeo USB-C to Glasses Charging Adapter - Ghostysky\" \/>\n<meta property=\"og:description\" content=\"The RayNeo USB-C to Glasses Charging Adapter is an essential &quot;play-while-charge&quot; accessory designed specifically for XR enthusiasts. It solves the primary limitation of augmented reality glasses: the inability to charge your host device (like a phone or Steam Deck) while the glasses are plugged into the only available USB-C port.\" \/>\n<meta property=\"og:url\" content=\"https:\/\/www.ghostysky.com\/fr\/product\/rayneo-usb-c-to-glasses-charging-adapter\/\" \/>\n<meta property=\"og:site_name\" content=\"Ghostysky\" \/>\n<meta property=\"article:publisher\" content=\"https:\/\/www.facebook.com\/people\/Ghostysky\/100057676170234\/\" \/>\n<meta property=\"article:modified_time\" content=\"2026-04-11T07:32:30+00:00\" \/>\n<meta property=\"og:image\" content=\"https:\/\/www.ghostysky.com\/wp-content\/uploads\/2026\/04\/GH_-RayNeo_USB_c_Glasses_Charging.webp\" \/>\n\t<meta property=\"og:image:width\" content=\"600\" \/>\n\t<meta property=\"og:image:height\" content=\"600\" \/>\n\t<meta property=\"og:image:type\" content=\"image\/webp\" \/>\n<meta name=\"twitter:card\" content=\"summary_large_image\" \/>\n<meta name=\"twitter:site\" content=\"@Gh0stysky\" \/>\n<meta name=\"twitter:label1\" content=\"Dur\u00e9e de lecture estim\u00e9e\" \/>\n\t<meta name=\"twitter:data1\" content=\"2 minutes\" \/>\n<script type=\"application\/ld+json\" class=\"yoast-schema-graph\">{\"@context\":\"https:\\\/\\\/schema.org\",\"@graph\":[{\"@type\":\"WebPage\",\"@id\":\"https:\\\/\\\/www.ghostysky.com\\\/product\\\/rayneo-usb-c-to-glasses-charging-adapter\\\/\",\"url\":\"https:\\\/\\\/www.ghostysky.com\\\/product\\\/rayneo-usb-c-to-glasses-charging-adapter\\\/\",\"name\":\"RayNeo USB-C to Glasses Charging Adapter - Ghostysky\",\"isPartOf\":{\"@id\":\"https:\\\/\\\/www.ghostysky.com\\\/#website\"},\"primaryImageOfPage\":{\"@id\":\"https:\\\/\\\/www.ghostysky.com\\\/product\\\/rayneo-usb-c-to-glasses-charging-adapter\\\/#primaryimage\"},\"image\":{\"@id\":\"https:\\\/\\\/www.ghostysky.com\\\/product\\\/rayneo-usb-c-to-glasses-charging-adapter\\\/#primaryimage\"},\"thumbnailUrl\":\"https:\\\/\\\/www.ghostysky.com\\\/wp-content\\\/uploads\\\/2026\\\/04\\\/GH_-RayNeo_USB_c_Glasses_Charging.webp\",\"datePublished\":\"2026-04-05T08:08:15+00:00\",\"dateModified\":\"2026-04-11T07:32:30+00:00\",\"description\":\"The RayNeo USB-C to Glasses Charging Adapter is an essential \\\"play-while-charge\\\" accessory designed specifically for XR enthusiasts. It solves the primary limitation of augmented reality glasses: the inability to charge your host device (like a phone or Steam Deck) while the glasses are plugged into the only available USB-C port.\",\"breadcrumb\":{\"@id\":\"https:\\\/\\\/www.ghostysky.com\\\/product\\\/rayneo-usb-c-to-glasses-charging-adapter\\\/#breadcrumb\"},\"inLanguage\":\"fr-FR\",\"potentialAction\":[{\"@type\":\"ReadAction\",\"target\":[\"https:\\\/\\\/www.ghostysky.com\\\/product\\\/rayneo-usb-c-to-glasses-charging-adapter\\\/\"]}]},{\"@type\":\"ImageObject\",\"inLanguage\":\"fr-FR\",\"@id\":\"https:\\\/\\\/www.ghostysky.com\\\/product\\\/rayneo-usb-c-to-glasses-charging-adapter\\\/#primaryimage\",\"url\":\"https:\\\/\\\/www.ghostysky.com\\\/wp-content\\\/uploads\\\/2026\\\/04\\\/GH_-RayNeo_USB_c_Glasses_Charging.webp\",\"contentUrl\":\"https:\\\/\\\/www.ghostysky.com\\\/wp-content\\\/uploads\\\/2026\\\/04\\\/GH_-RayNeo_USB_c_Glasses_Charging.webp\",\"width\":600,\"height\":600},{\"@type\":\"BreadcrumbList\",\"@id\":\"https:\\\/\\\/www.ghostysky.com\\\/product\\\/rayneo-usb-c-to-glasses-charging-adapter\\\/#breadcrumb\",\"itemListElement\":[{\"@type\":\"ListItem\",\"position\":1,\"name\":\"Home\",\"item\":\"https:\\\/\\\/www.ghostysky.com\\\/\"},{\"@type\":\"ListItem\",\"position\":2,\"name\":\"Shop\",\"item\":\"https:\\\/\\\/www.ghostysky.com\\\/shop\\\/\"},{\"@type\":\"ListItem\",\"position\":3,\"name\":\"RayNeo USB-C to Glasses Charging Adapter\"}]},{\"@type\":\"WebSite\",\"@id\":\"https:\\\/\\\/www.ghostysky.com\\\/#website\",\"url\":\"https:\\\/\\\/www.ghostysky.com\\\/\",\"name\":\"Ghostysky\",\"description\":\"Delivering professional drones and robotics solutions\",\"publisher\":{\"@id\":\"https:\\\/\\\/www.ghostysky.com\\\/#organization\"},\"potentialAction\":[{\"@type\":\"SearchAction\",\"target\":{\"@type\":\"EntryPoint\",\"urlTemplate\":\"https:\\\/\\\/www.ghostysky.com\\\/?s={search_term_string}\"},\"query-input\":{\"@type\":\"PropertyValueSpecification\",\"valueRequired\":true,\"valueName\":\"search_term_string\"}}],\"inLanguage\":\"fr-FR\"},{\"@type\":\"Organization\",\"@id\":\"https:\\\/\\\/www.ghostysky.com\\\/#organization\",\"name\":\"Ghostysky\",\"url\":\"https:\\\/\\\/www.ghostysky.com\\\/\",\"logo\":{\"@type\":\"ImageObject\",\"inLanguage\":\"fr-FR\",\"@id\":\"https:\\\/\\\/www.ghostysky.com\\\/#\\\/schema\\\/logo\\\/image\\\/\",\"url\":\"https:\\\/\\\/www.ghostysky.com\\\/wp-content\\\/uploads\\\/2020\\\/06\\\/cropped-ghostyskylogo_text_white2.png\",\"contentUrl\":\"https:\\\/\\\/www.ghostysky.com\\\/wp-content\\\/uploads\\\/2020\\\/06\\\/cropped-ghostyskylogo_text_white2.png\",\"width\":169,\"height\":56,\"caption\":\"Ghostysky\"},\"image\":{\"@id\":\"https:\\\/\\\/www.ghostysky.com\\\/#\\\/schema\\\/logo\\\/image\\\/\"},\"sameAs\":[\"https:\\\/\\\/www.facebook.com\\\/people\\\/Ghostysky\\\/100057676170234\\\/\",\"https:\\\/\\\/x.com\\\/Gh0stysky\",\"https:\\\/\\\/www.linkedin.com\\\/company\\\/34739653\",\"https:\\\/\\\/www.instagram.com\\\/gh0stysky\"]}]}<\/script>\n<!-- \/ Yoast SEO plugin. -->","yoast_head_json":{"title":"Adaptateur de charge pour lunettes RayNeo USB-C - Ghostysky","description":"L&#039;adaptateur de charge USB-C pour lunettes RayNeo est un accessoire indispensable pour jouer tout en rechargeant, con\u00e7u sp\u00e9cialement pour les passionn\u00e9s de r\u00e9alit\u00e9 \u00e9tendue. Il r\u00e9sout le principal probl\u00e8me des lunettes de r\u00e9alit\u00e9 augment\u00e9e\u00a0: l&#039;impossibilit\u00e9 de recharger son appareil h\u00f4te (comme un t\u00e9l\u00e9phone ou un Steam Deck) lorsque les lunettes sont branch\u00e9es sur le seul port USB-C disponible.","robots":{"index":"index","follow":"follow","max-snippet":"max-snippet:-1","max-image-preview":"max-image-preview:large","max-video-preview":"max-video-preview:-1"},"canonical":"https:\/\/www.ghostysky.com\/fr\/product\/rayneo-usb-c-to-glasses-charging-adapter\/","og_locale":"fr_FR","og_type":"article","og_title":"RayNeo USB-C to Glasses Charging Adapter - Ghostysky","og_description":"The RayNeo USB-C to Glasses Charging Adapter is an essential \"play-while-charge\" accessory designed specifically for XR enthusiasts. It solves the primary limitation of augmented reality glasses: the inability to charge your host device (like a phone or Steam Deck) while the glasses are plugged into the only available USB-C port.","og_url":"https:\/\/www.ghostysky.com\/fr\/product\/rayneo-usb-c-to-glasses-charging-adapter\/","og_site_name":"Ghostysky","article_publisher":"https:\/\/www.facebook.com\/people\/Ghostysky\/100057676170234\/","article_modified_time":"2026-04-11T07:32:30+00:00","og_image":[{"width":600,"height":600,"url":"https:\/\/www.ghostysky.com\/wp-content\/uploads\/2026\/04\/GH_-RayNeo_USB_c_Glasses_Charging.webp","type":"image\/webp"}],"twitter_card":"summary_large_image","twitter_site":"@Gh0stysky","twitter_misc":{"Dur\u00e9e de lecture estim\u00e9e":"2 minutes"},"schema":{"@context":"https:\/\/schema.org","@graph":[{"@type":"WebPage","@id":"https:\/\/www.ghostysky.com\/product\/rayneo-usb-c-to-glasses-charging-adapter\/","url":"https:\/\/www.ghostysky.com\/product\/rayneo-usb-c-to-glasses-charging-adapter\/","name":"Adaptateur de charge pour lunettes RayNeo USB-C - Ghostysky","isPartOf":{"@id":"https:\/\/www.ghostysky.com\/#website"},"primaryImageOfPage":{"@id":"https:\/\/www.ghostysky.com\/product\/rayneo-usb-c-to-glasses-charging-adapter\/#primaryimage"},"image":{"@id":"https:\/\/www.ghostysky.com\/product\/rayneo-usb-c-to-glasses-charging-adapter\/#primaryimage"},"thumbnailUrl":"https:\/\/www.ghostysky.com\/wp-content\/uploads\/2026\/04\/GH_-RayNeo_USB_c_Glasses_Charging.webp","datePublished":"2026-04-05T08:08:15+00:00","dateModified":"2026-04-11T07:32:30+00:00","description":"L&#039;adaptateur de charge USB-C pour lunettes RayNeo est un accessoire indispensable pour jouer tout en rechargeant, con\u00e7u sp\u00e9cialement pour les passionn\u00e9s de r\u00e9alit\u00e9 \u00e9tendue. Il r\u00e9sout le principal probl\u00e8me des lunettes de r\u00e9alit\u00e9 augment\u00e9e\u00a0: l&#039;impossibilit\u00e9 de recharger son appareil h\u00f4te (comme un t\u00e9l\u00e9phone ou un Steam Deck) lorsque les lunettes sont branch\u00e9es sur le seul port USB-C disponible.","breadcrumb":{"@id":"https:\/\/www.ghostysky.com\/product\/rayneo-usb-c-to-glasses-charging-adapter\/#breadcrumb"},"inLanguage":"fr-FR","potentialAction":[{"@type":"ReadAction","target":["https:\/\/www.ghostysky.com\/product\/rayneo-usb-c-to-glasses-charging-adapter\/"]}]},{"@type":"ImageObject","inLanguage":"fr-FR","@id":"https:\/\/www.ghostysky.com\/product\/rayneo-usb-c-to-glasses-charging-adapter\/#primaryimage","url":"https:\/\/www.ghostysky.com\/wp-content\/uploads\/2026\/04\/GH_-RayNeo_USB_c_Glasses_Charging.webp","contentUrl":"https:\/\/www.ghostysky.com\/wp-content\/uploads\/2026\/04\/GH_-RayNeo_USB_c_Glasses_Charging.webp","width":600,"height":600},{"@type":"BreadcrumbList","@id":"https:\/\/www.ghostysky.com\/product\/rayneo-usb-c-to-glasses-charging-adapter\/#breadcrumb","itemListElement":[{"@type":"ListItem","position":1,"name":"Home","item":"https:\/\/www.ghostysky.com\/"},{"@type":"ListItem","position":2,"name":"Shop","item":"https:\/\/www.ghostysky.com\/shop\/"},{"@type":"ListItem","position":3,"name":"RayNeo USB-C to Glasses Charging Adapter"}]},{"@type":"WebSite","@id":"https:\/\/www.ghostysky.com\/#website","url":"https:\/\/www.ghostysky.com\/","name":"Ghostysky","description":"Fourniture de solutions professionnelles en mati\u00e8re de drones et de robotique","publisher":{"@id":"https:\/\/www.ghostysky.com\/#organization"},"potentialAction":[{"@type":"SearchAction","target":{"@type":"EntryPoint","urlTemplate":"https:\/\/www.ghostysky.com\/?s={search_term_string}"},"query-input":{"@type":"PropertyValueSpecification","valueRequired":true,"valueName":"search_term_string"}}],"inLanguage":"fr-FR"},{"@type":"Organization","@id":"https:\/\/www.ghostysky.com\/#organization","name":"Ghostysky","url":"https:\/\/www.ghostysky.com\/","logo":{"@type":"ImageObject","inLanguage":"fr-FR","@id":"https:\/\/www.ghostysky.com\/#\/schema\/logo\/image\/","url":"https:\/\/www.ghostysky.com\/wp-content\/uploads\/2020\/06\/cropped-ghostyskylogo_text_white2.png","contentUrl":"https:\/\/www.ghostysky.com\/wp-content\/uploads\/2020\/06\/cropped-ghostyskylogo_text_white2.png","width":169,"height":56,"caption":"Ghostysky"},"image":{"@id":"https:\/\/www.ghostysky.com\/#\/schema\/logo\/image\/"},"sameAs":["https:\/\/www.facebook.com\/people\/Ghostysky\/100057676170234\/","https:\/\/x.com\/Gh0stysky","https:\/\/www.linkedin.com\/company\/34739653","https:\/\/www.instagram.com\/gh0stysky"]}]}},"_links":{"self":[{"href":"https:\/\/www.ghostysky.com\/fr\/wp-json\/wp\/v2\/product\/24917","targetHints":{"allow":["GET"]}}],"collection":[{"href":"https:\/\/www.ghostysky.com\/fr\/wp-json\/wp\/v2\/product"}],"about":[{"href":"https:\/\/www.ghostysky.com\/fr\/wp-json\/wp\/v2\/types\/product"}],"replies":[{"embeddable":true,"href":"https:\/\/www.ghostysky.com\/fr\/wp-json\/wp\/v2\/comments?post=24917"}],"version-history":[{"count":1,"href":"https:\/\/www.ghostysky.com\/fr\/wp-json\/wp\/v2\/product\/24917\/revisions"}],"predecessor-version":[{"id":24934,"href":"https:\/\/www.ghostysky.com\/fr\/wp-json\/wp\/v2\/product\/24917\/revisions\/24934"}],"wp:featuredmedia":[{"embeddable":true,"href":"https:\/\/www.ghostysky.com\/fr\/wp-json\/wp\/v2\/media\/24929"}],"wp:attachment":[{"href":"https:\/\/www.ghostysky.com\/fr\/wp-json\/wp\/v2\/media?parent=24917"}],"wp:term":[{"taxonomy":"product_brand","embeddable":true,"href":"https:\/\/www.ghostysky.com\/fr\/wp-json\/wp\/v2\/product_brand?post=24917"},{"taxonomy":"product_cat","embeddable":true,"href":"https:\/\/www.ghostysky.com\/fr\/wp-json\/wp\/v2\/product_cat?post=24917"},{"taxonomy":"product_tag","embeddable":true,"href":"https:\/\/www.ghostysky.com\/fr\/wp-json\/wp\/v2\/product_tag?post=24917"}],"curies":[{"name":"wp","href":"https:\/\/api.w.org\/{rel}","templated":true}]}}