{"id":24935,"date":"2026-04-05T08:49:45","date_gmt":"2026-04-05T08:49:45","guid":{"rendered":"https:\/\/www.ghostysky.com\/?post_type=product&#038;p=24935"},"modified":"2026-04-06T07:03:20","modified_gmt":"2026-04-06T07:03:20","slug":"noetix-bumi-edu-pro-humanoid-robot","status":"publish","type":"product","link":"https:\/\/www.ghostysky.com\/fr\/product\/noetix-bumi-edu-pro-humanoid-robot\/","title":{"rendered":"Robot humano\u00efde Noetix BUMI EDU-Pro"},"content":{"rendered":"<p id=\"p-rc_efc3ffba0919d251-57\" data-path-to-node=\"3\"><span class=\"citation-144 citation-end-144\">La version EDU-Pro est un humano\u00efde de taille enfant, con\u00e7u pour la stabilit\u00e9, l&#039;interaction et une programmation ouverte.<\/span> <span class=\"citation-143\">Contrairement aux robots industriels, il privil\u00e9gie <\/span><b data-path-to-node=\"3\" data-index-in-node=\"154\"><span class=\"citation-143\">agilit\u00e9 et utilit\u00e9 \u00e9ducative<\/span><\/b><span class=\"citation-143 citation-end-143\">, utilisant un cadre composite l\u00e9ger et un syst\u00e8me de contr\u00f4le de mouvement sophistiqu\u00e9 con\u00e7u en interne pour effectuer des t\u00e2ches allant de la marche stable \u00e0 la danse chor\u00e9graphi\u00e9e.<\/span><\/p>\n<p>&nbsp;<\/p>\n<h3 data-path-to-node=\"5\"><b data-path-to-node=\"5\" data-index-in-node=\"0\">Sp\u00e9cifications de base<\/b><\/h3>\n<table width=\"713\">\n<tbody>\n<tr>\n<td width=\"326\"><strong>Hauteur<\/strong><\/td>\n<td width=\"387\">98 cm<\/td>\n<\/tr>\n<tr>\n<td><strong>Dimensions<\/strong><\/td>\n<td width=\"387\">34,5 x 19 x 98 cm<\/td>\n<\/tr>\n<tr>\n<td><strong>Poids<\/strong><\/td>\n<td width=\"387\">environ 17 kg<\/td>\n<\/tr>\n<tr>\n<td><strong>Batterie<\/strong><\/td>\n<td width=\"387\">Tension 48 V, capacit\u00e9 \u2265 3,5 Ah<\/td>\n<\/tr>\n<tr>\n<td><strong>Autonomie de la batterie<\/strong><\/td>\n<td width=\"387\">1-2h<\/td>\n<\/tr>\n<tr>\n<td><strong>Degr\u00e9s de libert\u00e9<\/strong><\/td>\n<td width=\"387\">v\u226521<\/td>\n<\/tr>\n<tr>\n<td><strong>Mat\u00e9riel<\/strong><\/td>\n<td width=\"387\">Plastique haute r\u00e9sistance, alliage d&#039;aluminium<\/td>\n<\/tr>\n<tr>\n<td><strong>processeur\u00a0<\/strong><\/td>\n<td width=\"387\">Rockchip RK3576 + Nvidia Original Nano Super<\/td>\n<\/tr>\n<tr>\n<td><strong>Kit de d\u00e9veloppement logiciel (SDK)\u00a0<\/strong><\/td>\n<td width=\"387\">D\u00e9veloppement secondaire \u00e0 grande \u00e9chelle<\/td>\n<\/tr>\n<tr>\n<td><strong>interaction vocale\u00a0<\/strong><\/td>\n<td width=\"387\">Peut \u00eatre int\u00e9gr\u00e9 au LLM principal<\/td>\n<\/tr>\n<\/tbody>\n<\/table>\n<h3 data-path-to-node=\"8\"><\/h3>\n<h3 data-path-to-node=\"8\"><b data-path-to-node=\"8\" data-index-in-node=\"0\">Principales fonctionnalit\u00e9s pour les enseignants et les d\u00e9veloppeurs<\/b><\/h3>\n<ul data-path-to-node=\"9\">\n<li>\n<p id=\"p-rc_efc3ffba0919d251-58\" data-path-to-node=\"9,0,0\"><b data-path-to-node=\"9,0,0\" data-index-in-node=\"0\">Kit de d\u00e9veloppement logiciel ouvert et programmation\u00a0:<\/b> L&#039;EDU-Pro prend en charge diff\u00e9rents niveaux de comp\u00e9tences. <span class=\"citation-142\">Les d\u00e9butants peuvent utiliser <\/span><b data-path-to-node=\"9,0,0\" data-index-in-node=\"90\"><span class=\"citation-142\">programmation graphique par glisser-d\u00e9poser<\/span><\/b><span class=\"citation-142\"> (\u00e0 la mani\u00e8re de Blockly), tandis que les utilisateurs avanc\u00e9s peuvent acc\u00e9der \u00e0 <\/span><b data-path-to-node=\"9,0,0\" data-index-in-node=\"179\"><span class=\"citation-142\">Kit de d\u00e9veloppement logiciel (SDK) Python\/C++<\/span><\/b><span class=\"citation-142 citation-end-142\"> exp\u00e9rimenter l&#039;apprentissage par renforcement et le contr\u00f4le de la d\u00e9marche.<\/span><\/p>\n<\/li>\n<li>\n<p id=\"p-rc_efc3ffba0919d251-59\" data-path-to-node=\"9,1,0\"><b data-path-to-node=\"9,1,0\" data-index-in-node=\"0\"><span class=\"citation-141\">Int\u00e9gration de l&#039;IA incarn\u00e9e\u00a0:<\/span><\/b><span class=\"citation-141 citation-end-141\"> Il est dot\u00e9 d&#039;un syst\u00e8me de vision embarqu\u00e9 et de reconnaissance vocale, lui permettant d&#039;identifier les visages, de suivre les objets et de r\u00e9pondre aux commandes verbales.<\/span><\/p>\n<\/li>\n<li>\n<p id=\"p-rc_efc3ffba0919d251-60\" data-path-to-node=\"9,2,0\"><b data-path-to-node=\"9,2,0\" data-index-in-node=\"0\"><span class=\"citation-140\">Locomotion dynamique :<\/span><\/b><span class=\"citation-140 citation-end-140\"> Propuls\u00e9 par le contr\u00f4leur de domaine d\u00e9velopp\u00e9 en interne par Noetix, il utilise l&#039;apprentissage par imitation pour maintenir l&#039;\u00e9quilibre sur des surfaces int\u00e9rieures irr\u00e9guli\u00e8res et se remettre de perturbations mineures.<\/span><\/p>\n<\/li>\n<li>\n<p id=\"p-rc_efc3ffba0919d251-61\" data-path-to-node=\"9,3,0\"><b data-path-to-node=\"9,3,0\" data-index-in-node=\"0\"><span class=\"citation-139\">Maintenance modulaire :<\/span><\/b><span class=\"citation-139 citation-end-139\"> Con\u00e7u pour s&#039;adapter \u00e0 la \u201c maladresse \u201d d&#039;un environnement d&#039;apprentissage, le robot est dot\u00e9 de pi\u00e8ces modulaires qui peuvent \u00eatre facilement remplac\u00e9es si une articulation est endommag\u00e9e lors d&#039;une exp\u00e9rimentation.<\/span><\/p>\n<\/li>\n<\/ul>\n<p>&nbsp;<\/p>\n<h3 data-path-to-node=\"10\"><b data-path-to-node=\"10\" data-index-in-node=\"0\">Principaux cas d&#039;utilisation<\/b><\/h3>\n<ul data-path-to-node=\"11\">\n<li>\n<p id=\"p-rc_efc3ffba0919d251-62\" data-path-to-node=\"11,0,0\"><b data-path-to-node=\"11,0,0\" data-index-in-node=\"0\"><span class=\"citation-138\">Salles de classe STEM\u00a0:<\/span><\/b><span class=\"citation-138 citation-end-138\"> Enseignement de la physique de l&#039;\u00e9quilibre bip\u00e8de, de la cin\u00e9matique et des bases de la programmation.<\/span><\/p>\n<\/li>\n<li>\n<p id=\"p-rc_efc3ffba0919d251-63\" data-path-to-node=\"11,1,0\"><b data-path-to-node=\"11,1,0\" data-index-in-node=\"0\"><span class=\"citation-137\">Recherche en IA :<\/span><\/b><span class=\"citation-137 citation-end-137\"> Un banc d&#039;essai \u201c simulation-r\u00e9el \u201d \u00e0 faible co\u00fbt permettant aux d\u00e9veloppeurs de tester des algorithmes avant de les d\u00e9ployer sur des plateformes co\u00fbteuses comme l&#039;Unitree G1 ou la Tesla Optimus.<\/span><\/p>\n<\/li>\n<li>\n<p data-path-to-node=\"11,2,0\"><b data-path-to-node=\"11,2,0\" data-index-in-node=\"0\">Compagnonnage high-tech :<\/b> Utilisez-le comme assistant domestique programmable ou comme robot de divertissement capable d&#039;apprendre des routines personnalis\u00e9es.<\/p>\n<\/li>\n<\/ul>\n<blockquote data-path-to-node=\"12\">\n<p id=\"p-rc_efc3ffba0919d251-64\" data-path-to-node=\"12,0\"><b data-path-to-node=\"12,0\" data-index-in-node=\"0\"><span class=\"citation-136\">Note aux acheteurs\u00a0:<\/span><\/b><span class=\"citation-136 citation-end-136\"> Bien que la Bumi EDU-Pro soit tr\u00e8s performante pour son prix, ce n&#039;est pas une machine industrielle.<\/span> <span class=\"citation-135 citation-end-135\">Sa capacit\u00e9 de charge utile est limit\u00e9e (elle n&#039;est pas con\u00e7ue pour transporter des objets lourds) et elle est principalement destin\u00e9e \u00e0 une utilisation en int\u00e9rieur sur des surfaces planes ou l\u00e9g\u00e8rement irr\u00e9guli\u00e8res.<\/span><\/p>\n<\/blockquote>","protected":false},"excerpt":{"rendered":"<p data-path-to-node=\"0\"><span class=\"citation-146\">Le <\/span><b data-path-to-node=\"0\" data-index-in-node=\"4\"><span class=\"citation-146\">Noetix Bumi EDU-Pro<\/span><\/b><span class=\"citation-146 citation-end-146\"> (souvent appel\u00e9 \u201c Bumi \u201d ou \u201c Bumi EDU \u201d) est un robot humano\u00efde r\u00e9volutionnaire destin\u00e9 au grand public, con\u00e7u pour combler le foss\u00e9 entre la robotique de recherche de pointe et l&#039;enseignement STEM accessible.<\/span><\/p>\n<p id=\"p-rc_efc3ffba0919d251-56\" data-path-to-node=\"1\"><span class=\"citation-145\">Publi\u00e9 par une soci\u00e9t\u00e9 bas\u00e9e \u00e0 P\u00e9kin <\/span><b data-path-to-node=\"1\" data-index-in-node=\"26\"><span class=\"citation-145\">Noetix Robotics<\/span><\/b><span class=\"citation-145 citation-end-145\">, Il est reconnu comme l&#039;un des premiers humano\u00efdes bip\u00e8des enti\u00e8rement abordables, ce qui en fait un mod\u00e8le de pr\u00e9dilection pour les salles de classe, les amateurs et les d\u00e9veloppeurs d&#039;IA.<\/span><\/p>","protected":false},"featured_media":24938,"comment_status":"open","ping_status":"closed","template":"","meta":[],"product_brand":[1421],"product_cat":[1038,1418,1419,1037],"product_tag":[1425,1423,1422,1424],"class_list":{"0":"post-24935","1":"product","2":"type-product","3":"status-publish","4":"has-post-thumbnail","6":"product_brand-noetix","7":"product_cat-humanoid","8":"product_cat-noetix","9":"product_cat-noetix-robot","10":"product_cat-robotics","11":"product_tag-bumi-humanoid","12":"product_tag-humanoid-robot","13":"product_tag-noetix","14":"product_tag-noetix-humanoid","16":"first","17":"onbackorder","18":"taxable","19":"shipping-taxable","20":"purchasable","21":"product-type-simple"},"yoast_head":"<!-- This site is optimized with the Yoast SEO plugin v27.4 - https:\/\/yoast.com\/product\/yoast-seo-wordpress\/ -->\n<title>Noetix BUMI EDU-Pro Humanoid Robot - Ghostysky<\/title>\n<meta name=\"description\" content=\"The Noetix Bumi EDU-Pro (often referred to as the &quot;Bumi&quot; or &quot;Bumi EDU&quot;) is a breakthrough consumer-grade humanoid robot designed to bridge the gap between high-end research robotics and accessible STEM education.Released by Beijing-based Noetix Robotics, it is celebrated for being one of the first fully affordable bipedal humanoids, making it a favorite for classrooms, hobbyists, and AI developers.\" \/>\n<meta name=\"robots\" content=\"index, follow, max-snippet:-1, max-image-preview:large, max-video-preview:-1\" \/>\n<link rel=\"canonical\" href=\"https:\/\/www.ghostysky.com\/fr\/product\/noetix-bumi-edu-pro-humanoid-robot\/\" \/>\n<meta property=\"og:locale\" content=\"fr_FR\" \/>\n<meta property=\"og:type\" content=\"article\" \/>\n<meta property=\"og:title\" content=\"Noetix BUMI EDU-Pro Humanoid Robot - Ghostysky\" \/>\n<meta property=\"og:description\" content=\"The Noetix Bumi EDU-Pro (often referred to as the &quot;Bumi&quot; or &quot;Bumi EDU&quot;) is a breakthrough consumer-grade humanoid robot designed to bridge the gap between high-end research robotics and accessible STEM education.Released by Beijing-based Noetix Robotics, it is celebrated for being one of the first fully affordable bipedal humanoids, making it a favorite for classrooms, hobbyists, and AI developers.\" \/>\n<meta property=\"og:url\" content=\"https:\/\/www.ghostysky.com\/fr\/product\/noetix-bumi-edu-pro-humanoid-robot\/\" \/>\n<meta property=\"og:site_name\" content=\"Ghostysky\" \/>\n<meta property=\"article:publisher\" content=\"https:\/\/www.facebook.com\/people\/Ghostysky\/100057676170234\/\" \/>\n<meta property=\"article:modified_time\" content=\"2026-04-06T07:03:20+00:00\" \/>\n<meta property=\"og:image\" content=\"https:\/\/www.ghostysky.com\/wp-content\/uploads\/2026\/04\/GH_Noetix_Pro_1.jpg\" \/>\n\t<meta property=\"og:image:width\" content=\"1080\" \/>\n\t<meta property=\"og:image:height\" content=\"1080\" \/>\n\t<meta property=\"og:image:type\" content=\"image\/jpeg\" \/>\n<meta name=\"twitter:card\" content=\"summary_large_image\" \/>\n<meta name=\"twitter:site\" content=\"@Gh0stysky\" \/>\n<meta name=\"twitter:label1\" content=\"Dur\u00e9e de lecture estim\u00e9e\" \/>\n\t<meta name=\"twitter:data1\" content=\"2 minutes\" \/>\n<script type=\"application\/ld+json\" class=\"yoast-schema-graph\">{\"@context\":\"https:\\\/\\\/schema.org\",\"@graph\":[{\"@type\":\"WebPage\",\"@id\":\"https:\\\/\\\/www.ghostysky.com\\\/product\\\/noetix-bumi-edu-pro-humanoid-robot\\\/\",\"url\":\"https:\\\/\\\/www.ghostysky.com\\\/product\\\/noetix-bumi-edu-pro-humanoid-robot\\\/\",\"name\":\"Noetix BUMI EDU-Pro Humanoid Robot - Ghostysky\",\"isPartOf\":{\"@id\":\"https:\\\/\\\/www.ghostysky.com\\\/#website\"},\"primaryImageOfPage\":{\"@id\":\"https:\\\/\\\/www.ghostysky.com\\\/product\\\/noetix-bumi-edu-pro-humanoid-robot\\\/#primaryimage\"},\"image\":{\"@id\":\"https:\\\/\\\/www.ghostysky.com\\\/product\\\/noetix-bumi-edu-pro-humanoid-robot\\\/#primaryimage\"},\"thumbnailUrl\":\"https:\\\/\\\/www.ghostysky.com\\\/wp-content\\\/uploads\\\/2026\\\/04\\\/GH_Noetix_Pro_1.jpg\",\"datePublished\":\"2026-04-05T08:49:45+00:00\",\"dateModified\":\"2026-04-06T07:03:20+00:00\",\"description\":\"The Noetix Bumi EDU-Pro (often referred to as the \\\"Bumi\\\" or \\\"Bumi EDU\\\") is a breakthrough consumer-grade humanoid robot designed to bridge the gap between high-end research robotics and accessible STEM education.Released by Beijing-based Noetix Robotics, it is celebrated for being one of the first fully affordable bipedal humanoids, making it a favorite for classrooms, hobbyists, and AI developers.\",\"breadcrumb\":{\"@id\":\"https:\\\/\\\/www.ghostysky.com\\\/product\\\/noetix-bumi-edu-pro-humanoid-robot\\\/#breadcrumb\"},\"inLanguage\":\"fr-FR\",\"potentialAction\":[{\"@type\":\"ReadAction\",\"target\":[\"https:\\\/\\\/www.ghostysky.com\\\/product\\\/noetix-bumi-edu-pro-humanoid-robot\\\/\"]}]},{\"@type\":\"ImageObject\",\"inLanguage\":\"fr-FR\",\"@id\":\"https:\\\/\\\/www.ghostysky.com\\\/product\\\/noetix-bumi-edu-pro-humanoid-robot\\\/#primaryimage\",\"url\":\"https:\\\/\\\/www.ghostysky.com\\\/wp-content\\\/uploads\\\/2026\\\/04\\\/GH_Noetix_Pro_1.jpg\",\"contentUrl\":\"https:\\\/\\\/www.ghostysky.com\\\/wp-content\\\/uploads\\\/2026\\\/04\\\/GH_Noetix_Pro_1.jpg\",\"width\":1080,\"height\":1080},{\"@type\":\"BreadcrumbList\",\"@id\":\"https:\\\/\\\/www.ghostysky.com\\\/product\\\/noetix-bumi-edu-pro-humanoid-robot\\\/#breadcrumb\",\"itemListElement\":[{\"@type\":\"ListItem\",\"position\":1,\"name\":\"Home\",\"item\":\"https:\\\/\\\/www.ghostysky.com\\\/\"},{\"@type\":\"ListItem\",\"position\":2,\"name\":\"Shop\",\"item\":\"https:\\\/\\\/www.ghostysky.com\\\/shop\\\/\"},{\"@type\":\"ListItem\",\"position\":3,\"name\":\"Noetix BUMI EDU-Pro Humanoid Robot\"}]},{\"@type\":\"WebSite\",\"@id\":\"https:\\\/\\\/www.ghostysky.com\\\/#website\",\"url\":\"https:\\\/\\\/www.ghostysky.com\\\/\",\"name\":\"Ghostysky\",\"description\":\"Delivering professional drones and services\",\"publisher\":{\"@id\":\"https:\\\/\\\/www.ghostysky.com\\\/#organization\"},\"potentialAction\":[{\"@type\":\"SearchAction\",\"target\":{\"@type\":\"EntryPoint\",\"urlTemplate\":\"https:\\\/\\\/www.ghostysky.com\\\/?s={search_term_string}\"},\"query-input\":{\"@type\":\"PropertyValueSpecification\",\"valueRequired\":true,\"valueName\":\"search_term_string\"}}],\"inLanguage\":\"fr-FR\"},{\"@type\":\"Organization\",\"@id\":\"https:\\\/\\\/www.ghostysky.com\\\/#organization\",\"name\":\"Ghostysky\",\"url\":\"https:\\\/\\\/www.ghostysky.com\\\/\",\"logo\":{\"@type\":\"ImageObject\",\"inLanguage\":\"fr-FR\",\"@id\":\"https:\\\/\\\/www.ghostysky.com\\\/#\\\/schema\\\/logo\\\/image\\\/\",\"url\":\"https:\\\/\\\/www.ghostysky.com\\\/wp-content\\\/uploads\\\/2020\\\/06\\\/cropped-ghostyskylogo_text_white2.png\",\"contentUrl\":\"https:\\\/\\\/www.ghostysky.com\\\/wp-content\\\/uploads\\\/2020\\\/06\\\/cropped-ghostyskylogo_text_white2.png\",\"width\":169,\"height\":56,\"caption\":\"Ghostysky\"},\"image\":{\"@id\":\"https:\\\/\\\/www.ghostysky.com\\\/#\\\/schema\\\/logo\\\/image\\\/\"},\"sameAs\":[\"https:\\\/\\\/www.facebook.com\\\/people\\\/Ghostysky\\\/100057676170234\\\/\",\"https:\\\/\\\/x.com\\\/Gh0stysky\",\"https:\\\/\\\/www.linkedin.com\\\/company\\\/34739653\",\"https:\\\/\\\/www.instagram.com\\\/gh0stysky\"]}]}<\/script>\n<!-- \/ Yoast SEO plugin. -->","yoast_head_json":{"title":"Robot humano\u00efde Noetix BUMI EDU-Pro - Ghostysky","description":"Le Noetix Bumi EDU-Pro (souvent appel\u00e9 \"\u00a0Bumi\u00a0\" ou \"\u00a0Bumi EDU\u00a0\") est un robot humano\u00efde grand public r\u00e9volutionnaire, con\u00e7u pour combler le foss\u00e9 entre la robotique de recherche de pointe et l&#039;enseignement des sciences, technologies, ing\u00e9nierie et math\u00e9matiques (STEM) accessible. D\u00e9velopp\u00e9 par la soci\u00e9t\u00e9 p\u00e9kinoise Noetix Robotics, il est reconnu comme l&#039;un des premiers humano\u00efdes bip\u00e8des enti\u00e8rement abordables, ce qui en fait un outil de pr\u00e9dilection pour les salles de classe, les amateurs et les d\u00e9veloppeurs d&#039;IA.","robots":{"index":"index","follow":"follow","max-snippet":"max-snippet:-1","max-image-preview":"max-image-preview:large","max-video-preview":"max-video-preview:-1"},"canonical":"https:\/\/www.ghostysky.com\/fr\/product\/noetix-bumi-edu-pro-humanoid-robot\/","og_locale":"fr_FR","og_type":"article","og_title":"Noetix BUMI EDU-Pro Humanoid Robot - Ghostysky","og_description":"The Noetix Bumi EDU-Pro (often referred to as the \"Bumi\" or \"Bumi EDU\") is a breakthrough consumer-grade humanoid robot designed to bridge the gap between high-end research robotics and accessible STEM education.Released by Beijing-based Noetix Robotics, it is celebrated for being one of the first fully affordable bipedal humanoids, making it a favorite for classrooms, hobbyists, and AI developers.","og_url":"https:\/\/www.ghostysky.com\/fr\/product\/noetix-bumi-edu-pro-humanoid-robot\/","og_site_name":"Ghostysky","article_publisher":"https:\/\/www.facebook.com\/people\/Ghostysky\/100057676170234\/","article_modified_time":"2026-04-06T07:03:20+00:00","og_image":[{"width":1080,"height":1080,"url":"https:\/\/www.ghostysky.com\/wp-content\/uploads\/2026\/04\/GH_Noetix_Pro_1.jpg","type":"image\/jpeg"}],"twitter_card":"summary_large_image","twitter_site":"@Gh0stysky","twitter_misc":{"Dur\u00e9e de lecture estim\u00e9e":"2 minutes"},"schema":{"@context":"https:\/\/schema.org","@graph":[{"@type":"WebPage","@id":"https:\/\/www.ghostysky.com\/product\/noetix-bumi-edu-pro-humanoid-robot\/","url":"https:\/\/www.ghostysky.com\/product\/noetix-bumi-edu-pro-humanoid-robot\/","name":"Robot humano\u00efde Noetix BUMI EDU-Pro - Ghostysky","isPartOf":{"@id":"https:\/\/www.ghostysky.com\/#website"},"primaryImageOfPage":{"@id":"https:\/\/www.ghostysky.com\/product\/noetix-bumi-edu-pro-humanoid-robot\/#primaryimage"},"image":{"@id":"https:\/\/www.ghostysky.com\/product\/noetix-bumi-edu-pro-humanoid-robot\/#primaryimage"},"thumbnailUrl":"https:\/\/www.ghostysky.com\/wp-content\/uploads\/2026\/04\/GH_Noetix_Pro_1.jpg","datePublished":"2026-04-05T08:49:45+00:00","dateModified":"2026-04-06T07:03:20+00:00","description":"Le Noetix Bumi EDU-Pro (souvent appel\u00e9 \"\u00a0Bumi\u00a0\" ou \"\u00a0Bumi EDU\u00a0\") est un robot humano\u00efde grand public r\u00e9volutionnaire, con\u00e7u pour combler le foss\u00e9 entre la robotique de recherche de pointe et l&#039;enseignement des sciences, technologies, ing\u00e9nierie et math\u00e9matiques (STEM) accessible. D\u00e9velopp\u00e9 par la soci\u00e9t\u00e9 p\u00e9kinoise Noetix Robotics, il est reconnu comme l&#039;un des premiers humano\u00efdes bip\u00e8des enti\u00e8rement abordables, ce qui en fait un outil de pr\u00e9dilection pour les salles de classe, les amateurs et les d\u00e9veloppeurs d&#039;IA.","breadcrumb":{"@id":"https:\/\/www.ghostysky.com\/product\/noetix-bumi-edu-pro-humanoid-robot\/#breadcrumb"},"inLanguage":"fr-FR","potentialAction":[{"@type":"ReadAction","target":["https:\/\/www.ghostysky.com\/product\/noetix-bumi-edu-pro-humanoid-robot\/"]}]},{"@type":"ImageObject","inLanguage":"fr-FR","@id":"https:\/\/www.ghostysky.com\/product\/noetix-bumi-edu-pro-humanoid-robot\/#primaryimage","url":"https:\/\/www.ghostysky.com\/wp-content\/uploads\/2026\/04\/GH_Noetix_Pro_1.jpg","contentUrl":"https:\/\/www.ghostysky.com\/wp-content\/uploads\/2026\/04\/GH_Noetix_Pro_1.jpg","width":1080,"height":1080},{"@type":"BreadcrumbList","@id":"https:\/\/www.ghostysky.com\/product\/noetix-bumi-edu-pro-humanoid-robot\/#breadcrumb","itemListElement":[{"@type":"ListItem","position":1,"name":"Home","item":"https:\/\/www.ghostysky.com\/"},{"@type":"ListItem","position":2,"name":"Shop","item":"https:\/\/www.ghostysky.com\/shop\/"},{"@type":"ListItem","position":3,"name":"Noetix BUMI EDU-Pro Humanoid Robot"}]},{"@type":"WebSite","@id":"https:\/\/www.ghostysky.com\/#website","url":"https:\/\/www.ghostysky.com\/","name":"Ghostysky","description":"Livraison de drones et de services professionnels","publisher":{"@id":"https:\/\/www.ghostysky.com\/#organization"},"potentialAction":[{"@type":"SearchAction","target":{"@type":"EntryPoint","urlTemplate":"https:\/\/www.ghostysky.com\/?s={search_term_string}"},"query-input":{"@type":"PropertyValueSpecification","valueRequired":true,"valueName":"search_term_string"}}],"inLanguage":"fr-FR"},{"@type":"Organization","@id":"https:\/\/www.ghostysky.com\/#organization","name":"Ghostysky","url":"https:\/\/www.ghostysky.com\/","logo":{"@type":"ImageObject","inLanguage":"fr-FR","@id":"https:\/\/www.ghostysky.com\/#\/schema\/logo\/image\/","url":"https:\/\/www.ghostysky.com\/wp-content\/uploads\/2020\/06\/cropped-ghostyskylogo_text_white2.png","contentUrl":"https:\/\/www.ghostysky.com\/wp-content\/uploads\/2020\/06\/cropped-ghostyskylogo_text_white2.png","width":169,"height":56,"caption":"Ghostysky"},"image":{"@id":"https:\/\/www.ghostysky.com\/#\/schema\/logo\/image\/"},"sameAs":["https:\/\/www.facebook.com\/people\/Ghostysky\/100057676170234\/","https:\/\/x.com\/Gh0stysky","https:\/\/www.linkedin.com\/company\/34739653","https:\/\/www.instagram.com\/gh0stysky"]}]}},"_links":{"self":[{"href":"https:\/\/www.ghostysky.com\/fr\/wp-json\/wp\/v2\/product\/24935","targetHints":{"allow":["GET"]}}],"collection":[{"href":"https:\/\/www.ghostysky.com\/fr\/wp-json\/wp\/v2\/product"}],"about":[{"href":"https:\/\/www.ghostysky.com\/fr\/wp-json\/wp\/v2\/types\/product"}],"replies":[{"embeddable":true,"href":"https:\/\/www.ghostysky.com\/fr\/wp-json\/wp\/v2\/comments?post=24935"}],"wp:featuredmedia":[{"embeddable":true,"href":"https:\/\/www.ghostysky.com\/fr\/wp-json\/wp\/v2\/media\/24938"}],"wp:attachment":[{"href":"https:\/\/www.ghostysky.com\/fr\/wp-json\/wp\/v2\/media?parent=24935"}],"wp:term":[{"taxonomy":"product_brand","embeddable":true,"href":"https:\/\/www.ghostysky.com\/fr\/wp-json\/wp\/v2\/product_brand?post=24935"},{"taxonomy":"product_cat","embeddable":true,"href":"https:\/\/www.ghostysky.com\/fr\/wp-json\/wp\/v2\/product_cat?post=24935"},{"taxonomy":"product_tag","embeddable":true,"href":"https:\/\/www.ghostysky.com\/fr\/wp-json\/wp\/v2\/product_tag?post=24935"}],"curies":[{"name":"wp","href":"https:\/\/api.w.org\/{rel}","templated":true}]}}