{"id":24942,"date":"2026-04-05T08:53:11","date_gmt":"2026-04-05T08:53:11","guid":{"rendered":"https:\/\/www.ghostysky.com\/?post_type=product&#038;p=24942"},"modified":"2026-04-06T07:03:10","modified_gmt":"2026-04-06T07:03:10","slug":"noetix-bumi-pro-humanoid-robot","status":"publish","type":"product","link":"https:\/\/www.ghostysky.com\/fr\/product\/noetix-bumi-pro-humanoid-robot\/","title":{"rendered":"Robot humano\u00efde Noetix BUMI Pro"},"content":{"rendered":"<h3 data-path-to-node=\"3\"><b data-path-to-node=\"3\" data-index-in-node=\"0\">Principales fonctionnalit\u00e9s et capacit\u00e9s<\/b><\/h3>\n<h3 data-path-to-node=\"4\"><b data-path-to-node=\"4\" data-index-in-node=\"0\">1. <span class=\"citation-189\">Locomotion et agilit\u00e9 avanc\u00e9es<\/span><\/b><\/h3>\n<ul data-path-to-node=\"5\">\n<li>\n<p id=\"p-rc_637a74b0c0f59db2-67\" data-path-to-node=\"5,0,0\"><b data-path-to-node=\"5,0,0\" data-index-in-node=\"0\">Mouvement bip\u00e8de :<\/b><span class=\"citation-188 citation-end-188\"> Contrairement \u00e0 de nombreux robots bon march\u00e9 qui utilisent des roues, le Bumi poss\u00e8de de v\u00e9ritables capacit\u00e9s de marche bip\u00e8de, de course et de danse.<\/span><\/p>\n<\/li>\n<li>\n<p id=\"p-rc_637a74b0c0f59db2-68\" data-path-to-node=\"5,1,0\"><b data-path-to-node=\"5,1,0\" data-index-in-node=\"0\"><span class=\"citation-187\">\u00c9quilibre dynamique :<\/span><\/b><span class=\"citation-187 citation-end-187\"> Dot\u00e9 de 21 articulations haute performance (DOF), il peut naviguer sur des surfaces planes et se remettre de perturbations mineures gr\u00e2ce \u00e0 des algorithmes de contr\u00f4le bas\u00e9s sur l&#039;apprentissage par renforcement.<\/span><\/p>\n<\/li>\n<li>\n<p id=\"p-rc_637a74b0c0f59db2-69\" data-path-to-node=\"5,2,0\"><b data-path-to-node=\"5,2,0\" data-index-in-node=\"0\">Vitesse:<\/b><span class=\"citation-186\"> Il peut atteindre des vitesses allant jusqu&#039;\u00e0 <\/span><b data-path-to-node=\"5,2,0\" data-index-in-node=\"36\"><span class=\"citation-186\">0,8 m\/s<\/span><\/b><span class=\"citation-186 citation-end-186\">, en maintenant la stabilit\u00e9 lors de transitions de d\u00e9marche complexes.<\/span><\/p>\n<div class=\"source-inline-chip-container ng-star-inserted\"><\/div>\n<\/li>\n<\/ul>\n<h3 data-path-to-node=\"6\"><b data-path-to-node=\"6\" data-index-in-node=\"0\">2. IA et interaction int\u00e9gr\u00e9es<\/b><\/h3>\n<ul data-path-to-node=\"7\">\n<li>\n<p id=\"p-rc_637a74b0c0f59db2-70\" data-path-to-node=\"7,0,0\"><b data-path-to-node=\"7,0,0\" data-index-in-node=\"0\">Suite de perception :<\/b><span class=\"citation-185 citation-end-185\"> Il est dot\u00e9 d&#039;une cam\u00e9ra frontale et d&#039;un r\u00e9seau multi-microphones pour la reconnaissance faciale, la d\u00e9tection d&#039;objets et le traitement des commandes vocales.<\/span><\/p>\n<\/li>\n<li>\n<p id=\"p-rc_637a74b0c0f59db2-71\" data-path-to-node=\"7,1,0\"><b data-path-to-node=\"7,1,0\" data-index-in-node=\"0\"><span class=\"citation-184\">Conception interactive :<\/span><\/b><span class=\"citation-184 citation-end-184\"> Con\u00e7u pour \u00eatre un \u201c humano\u00efde bionique \u201d, il peut interagir \u00e9motionnellement, r\u00e9agir au toucher et effectuer des gestes expressifs.<\/span><\/p>\n<\/li>\n<li>\n<p id=\"p-rc_637a74b0c0f59db2-72\" data-path-to-node=\"7,2,0\"><b data-path-to-node=\"7,2,0\" data-index-in-node=\"0\"><span class=\"citation-183\">Calculer:<\/span><\/b><span class=\"citation-183 citation-end-183\"> Aliment\u00e9 par un contr\u00f4leur de domaine d\u00e9velopp\u00e9 en interne (souvent bas\u00e9 sur Rockchip) optimis\u00e9 pour les t\u00e2ches de mouvement et de vision en temps r\u00e9el.<\/span><\/p>\n<p>&nbsp;<\/li>\n<\/ul>\n<h3 data-path-to-node=\"8\"><b data-path-to-node=\"8\" data-index-in-node=\"0\">3. Format et conception<\/b><\/h3>\n<ul data-path-to-node=\"9\">\n<li>\n<p id=\"p-rc_637a74b0c0f59db2-73\" data-path-to-node=\"9,0,0\"><b data-path-to-node=\"9,0,0\" data-index-in-node=\"0\"><span class=\"citation-182\">Conception adapt\u00e9e aux enfants\u00a0:<\/span><\/b><span class=\"citation-182\"> Debout <\/span><b data-path-to-node=\"9,0,0\" data-index-in-node=\"29\"><span class=\"citation-182\">98 cm (3,1 pi)<\/span><\/b><span class=\"citation-182\"> grand et ne pesant que <\/span><b data-path-to-node=\"9,0,0\" data-index-in-node=\"67\"><span class=\"citation-182\">17 kg<\/span><\/b><span class=\"citation-182 citation-end-182\">, Le Bumi est con\u00e7u pour \u00eatre non intimidant et s\u00fbr pour les environnements domestiques et scolaires.<\/span><\/p>\n<\/li>\n<li>\n<p id=\"p-rc_637a74b0c0f59db2-74\" data-path-to-node=\"9,1,0\"><b data-path-to-node=\"9,1,0\" data-index-in-node=\"0\"><span class=\"citation-181\">Mat\u00e9riaux durables :<\/span><\/b><span class=\"citation-181 citation-end-181\"> Fabriqu\u00e9 \u00e0 partir de mat\u00e9riaux composites l\u00e9gers avec des articulations renforc\u00e9es en m\u00e9tal pour une durabilit\u00e9 accrue lors de performances \u201c sportives \u201d.<\/span><\/p>\n<div class=\"source-inline-chip-container ng-star-inserted\"><\/div>\n<p>&nbsp;<\/li>\n<\/ul>\n<h2 data-path-to-node=\"11\"><b data-path-to-node=\"11\" data-index-in-node=\"0\">Sp\u00e9cifications techniques<\/b><\/h2>\n<table width=\"713\">\n<tbody>\n<tr>\n<td width=\"326\"><strong>Hauteur<\/strong><\/td>\n<td width=\"387\">98 cm<\/td>\n<\/tr>\n<tr>\n<td><strong>Dimensions<\/strong><\/td>\n<td width=\"387\">34,5 x 19 x 98 cm<\/td>\n<\/tr>\n<tr>\n<td><strong>Poids<\/strong><\/td>\n<td width=\"387\">environ 17 kg<\/td>\n<\/tr>\n<tr>\n<td><strong>Batterie<\/strong><\/td>\n<td width=\"387\">Tension 48 V, capacit\u00e9 \u2265 3,5 Ah<\/td>\n<\/tr>\n<tr>\n<td><strong>Autonomie de la batterie<\/strong><\/td>\n<td width=\"387\">1-2h<\/td>\n<\/tr>\n<tr>\n<td><strong>Degr\u00e9s de libert\u00e9<\/strong><\/td>\n<td width=\"387\">v\u226521<\/td>\n<\/tr>\n<tr>\n<td><strong>Mat\u00e9riel<\/strong><\/td>\n<td width=\"387\">Plastique haute r\u00e9sistance, alliage d&#039;aluminium<\/td>\n<\/tr>\n<tr>\n<td><strong>processeur\u00a0<\/strong><\/td>\n<td width=\"387\">Rockchip RK3576<\/td>\n<\/tr>\n<tr>\n<td><strong>Kit de d\u00e9veloppement logiciel (SDK)\u00a0<\/strong><\/td>\n<td width=\"387\">D\u00e9veloppement secondaire \u00e0 demi-\u00e9chelle ; Fonctions de niveau sup\u00e9rieur appel\u00e9es<\/td>\n<\/tr>\n<tr>\n<td><strong>interaction vocale\u00a0<\/strong><\/td>\n<td width=\"387\">Peut \u00eatre int\u00e9gr\u00e9 au LLM principal<\/td>\n<\/tr>\n<\/tbody>\n<\/table>\n<p>&nbsp;<\/p>\n<p>&nbsp;<\/p>\n<h3 data-path-to-node=\"14\"><b data-path-to-node=\"14\" data-index-in-node=\"0\">Principaux cas d&#039;utilisation<\/b><\/h3>\n<ul data-path-to-node=\"15\">\n<li>\n<p id=\"p-rc_637a74b0c0f59db2-75\" data-path-to-node=\"15,0,0\"><b data-path-to-node=\"15,0,0\" data-index-in-node=\"0\"><span class=\"citation-180\">\u00c9ducation STEM :<\/span><\/b><span class=\"citation-180 citation-end-180\"> Un point d&#039;entr\u00e9e abordable pour les \u00e9coles souhaitant enseigner la robotique, la physique et la programmation en intelligence artificielle.<\/span><\/p>\n<\/li>\n<li>\n<p id=\"p-rc_637a74b0c0f59db2-76\" data-path-to-node=\"15,1,0\"><b data-path-to-node=\"15,1,0\" data-index-in-node=\"0\"><span class=\"citation-179\">Plateforme de d\u00e9veloppement\u00a0:<\/span><\/b><span class=\"citation-179 citation-end-179\"> Des interfaces de programmation ouvertes permettent aux amateurs et aux chercheurs d&#039;exp\u00e9rimenter la locomotion bip\u00e8de et l&#039;IA incarn\u00e9e.<\/span><\/p>\n<\/li>\n<li>\n<p id=\"p-rc_637a74b0c0f59db2-77\" data-path-to-node=\"15,2,0\"><b data-path-to-node=\"15,2,0\" data-index-in-node=\"0\"><span class=\"citation-178\">Divertissement familial :<\/span><\/b><span class=\"citation-178 citation-end-178\"> Capable de suivre les utilisateurs, de danser au rythme de la musique et de se comporter comme un compagnon sophistiqu\u00e9.<\/span><\/p>\n<\/li>\n<\/ul>\n<blockquote data-path-to-node=\"16\">\n<p id=\"p-rc_637a74b0c0f59db2-78\" data-path-to-node=\"16,0\"><b data-path-to-node=\"16,0\" data-index-in-node=\"0\"><span class=\"citation-177\">Note sur les performances :<\/span><\/b><span class=\"citation-177 citation-end-177\"> Bien que tr\u00e8s agile, le Bumi est actuellement optimis\u00e9 pour l&#039;\u00e9ducation et la compagnie plut\u00f4t que pour les travaux p\u00e9nibles.<\/span> <span class=\"citation-176 citation-end-176\">Il ne poss\u00e8de pas la force de pr\u00e9hension ni la capacit\u00e9 de charge n\u00e9cessaires pour les t\u00e2ches m\u00e9nag\u00e8res importantes comme le transport de courses lourdes ou le nettoyage.<\/span><\/p>\n<\/blockquote>","protected":false},"excerpt":{"rendered":"<p id=\"p-rc_637a74b0c0f59db2-65\" data-path-to-node=\"0\"><span class=\"citation-192\">Le <\/span><b data-path-to-node=\"0\" data-index-in-node=\"4\"><span class=\"citation-192\">Noetix Bumi<\/span><\/b><span class=\"citation-192 citation-end-192\"> (souvent d\u00e9sign\u00e9 dans un contexte \u201c pro \u201d comme le mod\u00e8le bip\u00e8de standard haute performance) repr\u00e9sente une avanc\u00e9e majeure dans le domaine de la robotique humano\u00efde grand public. <\/span><span class=\"citation-190 citation-end-190 interactive-span-hovered\">La d\u00e9signation \u201c Pro \u201d met g\u00e9n\u00e9ralement en avant sa configuration avanc\u00e9e \u00e0 21 degr\u00e9s de libert\u00e9 (DOF) et sa capacit\u00e9 \u00e0 servir de plateforme de R&amp;D \u00e0 haute agilit\u00e9 pour les d\u00e9veloppeurs et les \u00e9ducateurs.<\/span><\/p>","protected":false},"featured_media":24938,"comment_status":"open","ping_status":"closed","template":"","meta":[],"product_brand":[1421],"product_cat":[1038,1418,1419,1037],"product_tag":[1425,1423,1422,1424],"class_list":{"0":"post-24942","1":"product","2":"type-product","3":"status-publish","4":"has-post-thumbnail","6":"product_brand-noetix","7":"product_cat-humanoid","8":"product_cat-noetix","9":"product_cat-noetix-robot","10":"product_cat-robotics","11":"product_tag-bumi-humanoid","12":"product_tag-humanoid-robot","13":"product_tag-noetix","14":"product_tag-noetix-humanoid","16":"first","17":"onbackorder","18":"taxable","19":"shipping-taxable","20":"purchasable","21":"product-type-simple"},"yoast_head":"<!-- This site is optimized with the Yoast SEO plugin v27.4 - https:\/\/yoast.com\/product\/yoast-seo-wordpress\/ -->\n<title>Noetix BUMI Pro Humanoid Robot - Ghostysky<\/title>\n<meta name=\"description\" content=\"The Noetix Bumi (often referred to in &quot;Pro&quot; contexts as the standard high-performance bipedal model) is a breakthrough in consumer humanoid robotics. The &quot;Pro&quot; designation typically highlights its advanced 21-DOF (Degrees of Freedom) configuration and its ability to serve as a high-agility R&amp;D platform for developers and educators.\" \/>\n<meta name=\"robots\" content=\"index, follow, max-snippet:-1, max-image-preview:large, max-video-preview:-1\" \/>\n<link rel=\"canonical\" href=\"https:\/\/www.ghostysky.com\/fr\/product\/noetix-bumi-pro-humanoid-robot\/\" \/>\n<meta property=\"og:locale\" content=\"fr_FR\" \/>\n<meta property=\"og:type\" content=\"article\" \/>\n<meta property=\"og:title\" content=\"Noetix BUMI Pro Humanoid Robot - Ghostysky\" \/>\n<meta property=\"og:description\" content=\"The Noetix Bumi (often referred to in &quot;Pro&quot; contexts as the standard high-performance bipedal model) is a breakthrough in consumer humanoid robotics. The &quot;Pro&quot; designation typically highlights its advanced 21-DOF (Degrees of Freedom) configuration and its ability to serve as a high-agility R&amp;D platform for developers and educators.\" \/>\n<meta property=\"og:url\" content=\"https:\/\/www.ghostysky.com\/fr\/product\/noetix-bumi-pro-humanoid-robot\/\" \/>\n<meta property=\"og:site_name\" content=\"Ghostysky\" \/>\n<meta property=\"article:publisher\" content=\"https:\/\/www.facebook.com\/people\/Ghostysky\/100057676170234\/\" \/>\n<meta property=\"article:modified_time\" content=\"2026-04-06T07:03:10+00:00\" \/>\n<meta property=\"og:image\" content=\"https:\/\/www.ghostysky.com\/wp-content\/uploads\/2026\/04\/GH_Noetix_Pro_1.jpg\" \/>\n\t<meta property=\"og:image:width\" content=\"1080\" \/>\n\t<meta property=\"og:image:height\" content=\"1080\" \/>\n\t<meta property=\"og:image:type\" content=\"image\/jpeg\" \/>\n<meta name=\"twitter:card\" content=\"summary_large_image\" \/>\n<meta name=\"twitter:site\" content=\"@Gh0stysky\" \/>\n<meta name=\"twitter:label1\" content=\"Dur\u00e9e de lecture estim\u00e9e\" \/>\n\t<meta name=\"twitter:data1\" content=\"2 minutes\" \/>\n<script type=\"application\/ld+json\" class=\"yoast-schema-graph\">{\"@context\":\"https:\\\/\\\/schema.org\",\"@graph\":[{\"@type\":\"WebPage\",\"@id\":\"https:\\\/\\\/www.ghostysky.com\\\/product\\\/noetix-bumi-pro-humanoid-robot\\\/\",\"url\":\"https:\\\/\\\/www.ghostysky.com\\\/product\\\/noetix-bumi-pro-humanoid-robot\\\/\",\"name\":\"Noetix BUMI Pro Humanoid Robot - Ghostysky\",\"isPartOf\":{\"@id\":\"https:\\\/\\\/www.ghostysky.com\\\/#website\"},\"primaryImageOfPage\":{\"@id\":\"https:\\\/\\\/www.ghostysky.com\\\/product\\\/noetix-bumi-pro-humanoid-robot\\\/#primaryimage\"},\"image\":{\"@id\":\"https:\\\/\\\/www.ghostysky.com\\\/product\\\/noetix-bumi-pro-humanoid-robot\\\/#primaryimage\"},\"thumbnailUrl\":\"https:\\\/\\\/www.ghostysky.com\\\/wp-content\\\/uploads\\\/2026\\\/04\\\/GH_Noetix_Pro_1.jpg\",\"datePublished\":\"2026-04-05T08:53:11+00:00\",\"dateModified\":\"2026-04-06T07:03:10+00:00\",\"description\":\"The Noetix Bumi (often referred to in \\\"Pro\\\" contexts as the standard high-performance bipedal model) is a breakthrough in consumer humanoid robotics. The \\\"Pro\\\" designation typically highlights its advanced 21-DOF (Degrees of Freedom) configuration and its ability to serve as a high-agility R&D platform for developers and educators.\",\"breadcrumb\":{\"@id\":\"https:\\\/\\\/www.ghostysky.com\\\/product\\\/noetix-bumi-pro-humanoid-robot\\\/#breadcrumb\"},\"inLanguage\":\"fr-FR\",\"potentialAction\":[{\"@type\":\"ReadAction\",\"target\":[\"https:\\\/\\\/www.ghostysky.com\\\/product\\\/noetix-bumi-pro-humanoid-robot\\\/\"]}]},{\"@type\":\"ImageObject\",\"inLanguage\":\"fr-FR\",\"@id\":\"https:\\\/\\\/www.ghostysky.com\\\/product\\\/noetix-bumi-pro-humanoid-robot\\\/#primaryimage\",\"url\":\"https:\\\/\\\/www.ghostysky.com\\\/wp-content\\\/uploads\\\/2026\\\/04\\\/GH_Noetix_Pro_1.jpg\",\"contentUrl\":\"https:\\\/\\\/www.ghostysky.com\\\/wp-content\\\/uploads\\\/2026\\\/04\\\/GH_Noetix_Pro_1.jpg\",\"width\":1080,\"height\":1080},{\"@type\":\"BreadcrumbList\",\"@id\":\"https:\\\/\\\/www.ghostysky.com\\\/product\\\/noetix-bumi-pro-humanoid-robot\\\/#breadcrumb\",\"itemListElement\":[{\"@type\":\"ListItem\",\"position\":1,\"name\":\"Home\",\"item\":\"https:\\\/\\\/www.ghostysky.com\\\/\"},{\"@type\":\"ListItem\",\"position\":2,\"name\":\"Shop\",\"item\":\"https:\\\/\\\/www.ghostysky.com\\\/shop\\\/\"},{\"@type\":\"ListItem\",\"position\":3,\"name\":\"Noetix BUMI Pro Humanoid Robot\"}]},{\"@type\":\"WebSite\",\"@id\":\"https:\\\/\\\/www.ghostysky.com\\\/#website\",\"url\":\"https:\\\/\\\/www.ghostysky.com\\\/\",\"name\":\"Ghostysky\",\"description\":\"Delivering professional drones and services\",\"publisher\":{\"@id\":\"https:\\\/\\\/www.ghostysky.com\\\/#organization\"},\"potentialAction\":[{\"@type\":\"SearchAction\",\"target\":{\"@type\":\"EntryPoint\",\"urlTemplate\":\"https:\\\/\\\/www.ghostysky.com\\\/?s={search_term_string}\"},\"query-input\":{\"@type\":\"PropertyValueSpecification\",\"valueRequired\":true,\"valueName\":\"search_term_string\"}}],\"inLanguage\":\"fr-FR\"},{\"@type\":\"Organization\",\"@id\":\"https:\\\/\\\/www.ghostysky.com\\\/#organization\",\"name\":\"Ghostysky\",\"url\":\"https:\\\/\\\/www.ghostysky.com\\\/\",\"logo\":{\"@type\":\"ImageObject\",\"inLanguage\":\"fr-FR\",\"@id\":\"https:\\\/\\\/www.ghostysky.com\\\/#\\\/schema\\\/logo\\\/image\\\/\",\"url\":\"https:\\\/\\\/www.ghostysky.com\\\/wp-content\\\/uploads\\\/2020\\\/06\\\/cropped-ghostyskylogo_text_white2.png\",\"contentUrl\":\"https:\\\/\\\/www.ghostysky.com\\\/wp-content\\\/uploads\\\/2020\\\/06\\\/cropped-ghostyskylogo_text_white2.png\",\"width\":169,\"height\":56,\"caption\":\"Ghostysky\"},\"image\":{\"@id\":\"https:\\\/\\\/www.ghostysky.com\\\/#\\\/schema\\\/logo\\\/image\\\/\"},\"sameAs\":[\"https:\\\/\\\/www.facebook.com\\\/people\\\/Ghostysky\\\/100057676170234\\\/\",\"https:\\\/\\\/x.com\\\/Gh0stysky\",\"https:\\\/\\\/www.linkedin.com\\\/company\\\/34739653\",\"https:\\\/\\\/www.instagram.com\\\/gh0stysky\"]}]}<\/script>\n<!-- \/ Yoast SEO plugin. -->","yoast_head_json":{"title":"Robot humano\u00efde Noetix BUMI Pro - Ghostysky","description":"Le Noetix Bumi (souvent d\u00e9sign\u00e9 comme le mod\u00e8le bip\u00e8de haute performance standard dans un contexte professionnel) repr\u00e9sente une avanc\u00e9e majeure dans le domaine de la robotique humano\u00efde grand public. L&#039;appellation \"\u00a0Pro\u00a0\" souligne g\u00e9n\u00e9ralement sa configuration avanc\u00e9e \u00e0 21 degr\u00e9s de libert\u00e9 et sa capacit\u00e9 \u00e0 servir de plateforme de R&amp;D ultra-maniable pour les d\u00e9veloppeurs et les enseignants.","robots":{"index":"index","follow":"follow","max-snippet":"max-snippet:-1","max-image-preview":"max-image-preview:large","max-video-preview":"max-video-preview:-1"},"canonical":"https:\/\/www.ghostysky.com\/fr\/product\/noetix-bumi-pro-humanoid-robot\/","og_locale":"fr_FR","og_type":"article","og_title":"Noetix BUMI Pro Humanoid Robot - Ghostysky","og_description":"The Noetix Bumi (often referred to in \"Pro\" contexts as the standard high-performance bipedal model) is a breakthrough in consumer humanoid robotics. The \"Pro\" designation typically highlights its advanced 21-DOF (Degrees of Freedom) configuration and its ability to serve as a high-agility R&D platform for developers and educators.","og_url":"https:\/\/www.ghostysky.com\/fr\/product\/noetix-bumi-pro-humanoid-robot\/","og_site_name":"Ghostysky","article_publisher":"https:\/\/www.facebook.com\/people\/Ghostysky\/100057676170234\/","article_modified_time":"2026-04-06T07:03:10+00:00","og_image":[{"width":1080,"height":1080,"url":"https:\/\/www.ghostysky.com\/wp-content\/uploads\/2026\/04\/GH_Noetix_Pro_1.jpg","type":"image\/jpeg"}],"twitter_card":"summary_large_image","twitter_site":"@Gh0stysky","twitter_misc":{"Dur\u00e9e de lecture estim\u00e9e":"2 minutes"},"schema":{"@context":"https:\/\/schema.org","@graph":[{"@type":"WebPage","@id":"https:\/\/www.ghostysky.com\/product\/noetix-bumi-pro-humanoid-robot\/","url":"https:\/\/www.ghostysky.com\/product\/noetix-bumi-pro-humanoid-robot\/","name":"Robot humano\u00efde Noetix BUMI Pro - Ghostysky","isPartOf":{"@id":"https:\/\/www.ghostysky.com\/#website"},"primaryImageOfPage":{"@id":"https:\/\/www.ghostysky.com\/product\/noetix-bumi-pro-humanoid-robot\/#primaryimage"},"image":{"@id":"https:\/\/www.ghostysky.com\/product\/noetix-bumi-pro-humanoid-robot\/#primaryimage"},"thumbnailUrl":"https:\/\/www.ghostysky.com\/wp-content\/uploads\/2026\/04\/GH_Noetix_Pro_1.jpg","datePublished":"2026-04-05T08:53:11+00:00","dateModified":"2026-04-06T07:03:10+00:00","description":"Le Noetix Bumi (souvent d\u00e9sign\u00e9 comme le mod\u00e8le bip\u00e8de haute performance standard dans un contexte professionnel) repr\u00e9sente une avanc\u00e9e majeure dans le domaine de la robotique humano\u00efde grand public. L&#039;appellation \"\u00a0Pro\u00a0\" souligne g\u00e9n\u00e9ralement sa configuration avanc\u00e9e \u00e0 21 degr\u00e9s de libert\u00e9 et sa capacit\u00e9 \u00e0 servir de plateforme de R&amp;D ultra-maniable pour les d\u00e9veloppeurs et les enseignants.","breadcrumb":{"@id":"https:\/\/www.ghostysky.com\/product\/noetix-bumi-pro-humanoid-robot\/#breadcrumb"},"inLanguage":"fr-FR","potentialAction":[{"@type":"ReadAction","target":["https:\/\/www.ghostysky.com\/product\/noetix-bumi-pro-humanoid-robot\/"]}]},{"@type":"ImageObject","inLanguage":"fr-FR","@id":"https:\/\/www.ghostysky.com\/product\/noetix-bumi-pro-humanoid-robot\/#primaryimage","url":"https:\/\/www.ghostysky.com\/wp-content\/uploads\/2026\/04\/GH_Noetix_Pro_1.jpg","contentUrl":"https:\/\/www.ghostysky.com\/wp-content\/uploads\/2026\/04\/GH_Noetix_Pro_1.jpg","width":1080,"height":1080},{"@type":"BreadcrumbList","@id":"https:\/\/www.ghostysky.com\/product\/noetix-bumi-pro-humanoid-robot\/#breadcrumb","itemListElement":[{"@type":"ListItem","position":1,"name":"Home","item":"https:\/\/www.ghostysky.com\/"},{"@type":"ListItem","position":2,"name":"Shop","item":"https:\/\/www.ghostysky.com\/shop\/"},{"@type":"ListItem","position":3,"name":"Noetix BUMI Pro Humanoid Robot"}]},{"@type":"WebSite","@id":"https:\/\/www.ghostysky.com\/#website","url":"https:\/\/www.ghostysky.com\/","name":"Ghostysky","description":"Livraison de drones et de services professionnels","publisher":{"@id":"https:\/\/www.ghostysky.com\/#organization"},"potentialAction":[{"@type":"SearchAction","target":{"@type":"EntryPoint","urlTemplate":"https:\/\/www.ghostysky.com\/?s={search_term_string}"},"query-input":{"@type":"PropertyValueSpecification","valueRequired":true,"valueName":"search_term_string"}}],"inLanguage":"fr-FR"},{"@type":"Organization","@id":"https:\/\/www.ghostysky.com\/#organization","name":"Ghostysky","url":"https:\/\/www.ghostysky.com\/","logo":{"@type":"ImageObject","inLanguage":"fr-FR","@id":"https:\/\/www.ghostysky.com\/#\/schema\/logo\/image\/","url":"https:\/\/www.ghostysky.com\/wp-content\/uploads\/2020\/06\/cropped-ghostyskylogo_text_white2.png","contentUrl":"https:\/\/www.ghostysky.com\/wp-content\/uploads\/2020\/06\/cropped-ghostyskylogo_text_white2.png","width":169,"height":56,"caption":"Ghostysky"},"image":{"@id":"https:\/\/www.ghostysky.com\/#\/schema\/logo\/image\/"},"sameAs":["https:\/\/www.facebook.com\/people\/Ghostysky\/100057676170234\/","https:\/\/x.com\/Gh0stysky","https:\/\/www.linkedin.com\/company\/34739653","https:\/\/www.instagram.com\/gh0stysky"]}]}},"_links":{"self":[{"href":"https:\/\/www.ghostysky.com\/fr\/wp-json\/wp\/v2\/product\/24942","targetHints":{"allow":["GET"]}}],"collection":[{"href":"https:\/\/www.ghostysky.com\/fr\/wp-json\/wp\/v2\/product"}],"about":[{"href":"https:\/\/www.ghostysky.com\/fr\/wp-json\/wp\/v2\/types\/product"}],"replies":[{"embeddable":true,"href":"https:\/\/www.ghostysky.com\/fr\/wp-json\/wp\/v2\/comments?post=24942"}],"wp:featuredmedia":[{"embeddable":true,"href":"https:\/\/www.ghostysky.com\/fr\/wp-json\/wp\/v2\/media\/24938"}],"wp:attachment":[{"href":"https:\/\/www.ghostysky.com\/fr\/wp-json\/wp\/v2\/media?parent=24942"}],"wp:term":[{"taxonomy":"product_brand","embeddable":true,"href":"https:\/\/www.ghostysky.com\/fr\/wp-json\/wp\/v2\/product_brand?post=24942"},{"taxonomy":"product_cat","embeddable":true,"href":"https:\/\/www.ghostysky.com\/fr\/wp-json\/wp\/v2\/product_cat?post=24942"},{"taxonomy":"product_tag","embeddable":true,"href":"https:\/\/www.ghostysky.com\/fr\/wp-json\/wp\/v2\/product_tag?post=24942"}],"curies":[{"name":"wp","href":"https:\/\/api.w.org\/{rel}","templated":true}]}}