{"id":24966,"date":"2026-04-06T07:33:59","date_gmt":"2026-04-06T07:33:59","guid":{"rendered":"https:\/\/www.ghostysky.com\/?post_type=product&#038;p=24966"},"modified":"2026-04-06T07:57:36","modified_gmt":"2026-04-06T07:57:36","slug":"dji-avata-360-fly-more-combo-dji-rc-2","status":"publish","type":"product","link":"https:\/\/www.ghostysky.com\/fr\/product\/dji-avata-360-fly-more-combo-dji-rc-2\/","title":{"rendered":"DJI Avata 360 Fly Plus Combo (DJI RC 2)"},"content":{"rendered":"<h3 data-path-to-node=\"1\">Caract\u00e9ristiques principales<\/h3>\n<ul data-path-to-node=\"2\">\n<li>\n<p data-path-to-node=\"2,0,0\"><b data-path-to-node=\"2,0,0\" data-index-in-node=\"0\">Imagerie 8K \u00e0 360\u00b0 \u00e0 double objectif\u00a0:<\/b> Dot\u00e9e de deux capteurs \u00e9quivalents \u00e0 1 pouce, l&#039;Avata 360 capture de superbes vid\u00e9os HDR \u00e0 360\u00b0 en 8K\/60 ips. Vous pouvez ainsi \u201c\u00a0filmer d&#039;abord et cadrer ensuite\u00a0\u201d, pour ne rien manquer de l&#039;action.<\/p>\n<\/li>\n<li>\n<p data-path-to-node=\"2,1,0\"><b data-path-to-node=\"2,1,0\" data-index-in-node=\"0\">Mode mono-objectif commutable\u00a0:<\/b> Non seulement pour les prises de vue \u00e0 360\u00b0, mais vous pouvez \u00e9galement passer en toute fluidit\u00e9 \u00e0 un mode objectif unique traditionnel pour des s\u00e9quences FPV grand angle classiques en 4K\/60 ips, en utilisant la puissance d&#039;imagerie phare pour des prises de vue cin\u00e9matographiques traditionnelles.<\/p>\n<\/li>\n<li>\n<p data-path-to-node=\"2,2,0\"><b data-path-to-node=\"2,2,0\" data-index-in-node=\"0\">D\u00e9tection d&#039;obstacles omnidirectionnelle :<\/b> La s\u00e9curit\u00e9 est primordiale gr\u00e2ce \u00e0 un syst\u00e8me de capteurs complet offrant une couverture \u00e0 360\u00b0. Ceci permet un vol en toute confiance dans des environnements complexes, avec l&#039;assistance visuelle \u201c\u00a0Vision Assist\u00a0\u201d pour une vue en temps r\u00e9el de votre environnement en 1080p.<\/p>\n<\/li>\n<li>\n<p data-path-to-node=\"2,3,0\"><b data-path-to-node=\"2,3,0\" data-index-in-node=\"0\">Int\u00e9gration de DJI RC 2\u00a0:<\/b> Bien que compatible avec les lunettes FPV pour une exp\u00e9rience \u201c cockpit \u201d compl\u00e8te, ce combo comprend\u00a0: <b data-path-to-node=\"2,3,0\" data-index-in-node=\"115\">DJI RC 2<\/b> T\u00e9l\u00e9commande intelligente. Son \u00e9cran int\u00e9gr\u00e9 de 5,5 pouces \u00e0 haute luminosit\u00e9 1080p en fait l&#039;outil id\u00e9al pour une utilisation standard de type drone cam\u00e9ra et un cadrage pr\u00e9cis.<\/p>\n<\/li>\n<li>\n<p data-path-to-node=\"2,4,0\"><b data-path-to-node=\"2,4,0\" data-index-in-node=\"0\">Transmission vid\u00e9o O4+ :<\/b> Profitez de flux vid\u00e9o HD ultra-fluides et \u00e0 faible latence jusqu&#039;\u00e0 20 km (FCC), assurant une connexion \u00e0 toute \u00e9preuve m\u00eame dans les zones \u00e0 fortes interf\u00e9rences.<\/p>\n<\/li>\n<li>\n<p data-path-to-node=\"2,5,0\"><b data-path-to-node=\"2,5,0\" data-index-in-node=\"0\">Effet drone invisible :<\/b> Les algorithmes d&#039;assemblage avanc\u00e9s suppriment automatiquement le drone de vos images \u00e0 360\u00b0, cr\u00e9ant un effet de \u201c cam\u00e9ra flottante \u201d qui n&#039;\u00e9tait auparavant possible qu&#039;avec des syst\u00e8mes complexes fabriqu\u00e9s maison.<\/p>\n<\/li>\n<\/ul>\n<p>&nbsp;<\/p>\n<h3 data-path-to-node=\"4\">Dans la bo\u00eete : Fly More Combo (DJI RC 2)<\/h3>\n<p data-path-to-node=\"5\">Ce pack complet est con\u00e7u pour vous permettre de rester plus longtemps en vol et vous fournir tous les outils n\u00e9cessaires au travail professionnel sur le terrain.<\/p>\n<ul data-path-to-node=\"6\">\n<li>\n<p data-path-to-node=\"6,0,0\"><b data-path-to-node=\"6,0,0\" data-index-in-node=\"0\">Avion DJI Avata 360<\/b> \u00d7 1<\/p>\n<\/li>\n<li>\n<p data-path-to-node=\"6,1,0\"><b data-path-to-node=\"6,1,0\" data-index-in-node=\"0\">T\u00e9l\u00e9commande DJI RC 2<\/b> \u00d7 1<\/p>\n<\/li>\n<li>\n<p data-path-to-node=\"6,2,0\"><b data-path-to-node=\"6,2,0\" data-index-in-node=\"0\">Batterie de vol intelligente<\/b> \u00d7 3 (1 pr\u00e9install\u00e9 + 2 suppl\u00e9mentaires)<\/p>\n<\/li>\n<li>\n<p data-path-to-node=\"6,3,0\"><b data-path-to-node=\"6,3,0\" data-index-in-node=\"0\">Station de charge bidirectionnelle<\/b> \u00d7 1<\/p>\n<\/li>\n<li>\n<p data-path-to-node=\"6,4,0\"><b data-path-to-node=\"6,4,0\" data-index-in-node=\"0\">Sac bandouli\u00e8re DJI<\/b> \u00d7 1<\/p>\n<\/li>\n<li>\n<p data-path-to-node=\"6,5,0\"><b data-path-to-node=\"6,5,0\" data-index-in-node=\"0\">H\u00e9lices (paire)<\/b> \u00d7 4<\/p>\n<\/li>\n<li>\n<p data-path-to-node=\"6,6,0\"><b data-path-to-node=\"6,6,0\" data-index-in-node=\"0\">Protecteur de cardan<\/b> \u00d7 1<\/p>\n<\/li>\n<li>\n<p data-path-to-node=\"6,7,0\"><b data-path-to-node=\"6,7,0\" data-index-in-node=\"0\">C\u00e2ble USB-C vers USB-C PD<\/b> \u00d7 1<\/p>\n<\/li>\n<li>\n<p data-path-to-node=\"6,8,0\"><b data-path-to-node=\"6,8,0\" data-index-in-node=\"0\">C\u00e2ble USB-C OTG<\/b> \u00d7 1<\/p>\n<\/li>\n<li>\n<p data-path-to-node=\"6,9,0\"><b data-path-to-node=\"6,9,0\" data-index-in-node=\"0\">Vis et tournevis de rechange<\/b> \u00d7 1 ensemble<\/p>\n<\/li>\n<\/ul>\n<blockquote data-path-to-node=\"7\">\n<p data-path-to-node=\"7,0\"><b data-path-to-node=\"7,0\" data-index-in-node=\"0\">Note:<\/b> Alors que le RC 2 offre une exp\u00e9rience de vol traditionnelle, l&#039;Avata 360 est \u00e9galement compatible avec les DJI Goggles N3 et le Motion Controller 3 (vendus s\u00e9par\u00e9ment) pour ceux qui recherchent une exp\u00e9rience FPV totalement immersive.<\/p>\n<\/blockquote>","protected":false},"excerpt":{"rendered":"<p>Le <b data-path-to-node=\"0\" data-index-in-node=\"4\">DJI Avata 360<\/b> repr\u00e9sente un bond en avant consid\u00e9rable dans la cat\u00e9gorie FPV \u201c\u00a0Cinewhoop\u00a0\u201d, fusionnant le vol immersif et agile de la s\u00e9rie Avata avec une imagerie \u00e0 360\u00b0 de qualit\u00e9 professionnelle. Ce pack Fly More Combo, associ\u00e9 au <b data-path-to-node=\"0\" data-index-in-node=\"208\">DJI RC 2<\/b>, est con\u00e7u pour les cr\u00e9ateurs qui veulent le meilleur des deux mondes\u00a0: la possibilit\u00e9 de voler comme un oiseau et la libert\u00e9 en post-production de recadrer les plans dans toutes les directions.<\/p>","protected":false},"featured_media":24964,"comment_status":"open","ping_status":"closed","template":"","meta":[],"product_brand":[1031],"product_cat":[752,1403,1404,37],"product_tag":[1408,1406,1407],"class_list":{"0":"post-24966","1":"product","2":"type-product","3":"status-publish","4":"has-post-thumbnail","6":"product_brand-dji","7":"product_cat-aerial-photography","8":"product_cat-avata-360","9":"product_cat-avata-360-drones","10":"product_cat-dji","11":"product_tag-avata-360-drones","12":"product_tag-dji-avata-360","13":"product_tag-fvp","15":"first","16":"onbackorder","17":"taxable","18":"shipping-taxable","19":"purchasable","20":"product-type-simple"},"yoast_head":"<!-- This site is optimized with the Yoast SEO plugin v27.1.1 - https:\/\/yoast.com\/product\/yoast-seo-wordpress\/ -->\n<title>DJI Avata 360 Fly More Combo (DJI RC 2) - Ghostysky<\/title>\n<meta name=\"description\" content=\"The DJI Avata 360 represents a massive leap in the &quot;Cinewhoop&quot; FPV category, merging the immersive, agile flight of the Avata series with professional-grade 360\u00b0 imaging. This Fly More Combo, paired with the DJI RC 2, is designed for creators who want the best of both worlds: the ability to fly like a bird and the post-production freedom to reframe shots in every direction.\" \/>\n<meta name=\"robots\" content=\"index, follow, max-snippet:-1, max-image-preview:large, max-video-preview:-1\" \/>\n<link rel=\"canonical\" href=\"https:\/\/www.ghostysky.com\/fr\/product\/dji-avata-360-fly-more-combo-dji-rc-2\/\" \/>\n<meta property=\"og:locale\" content=\"fr_FR\" \/>\n<meta property=\"og:type\" content=\"article\" \/>\n<meta property=\"og:title\" content=\"DJI Avata 360 Fly More Combo (DJI RC 2) - Ghostysky\" \/>\n<meta property=\"og:description\" content=\"The DJI Avata 360 represents a massive leap in the &quot;Cinewhoop&quot; FPV category, merging the immersive, agile flight of the Avata series with professional-grade 360\u00b0 imaging. This Fly More Combo, paired with the DJI RC 2, is designed for creators who want the best of both worlds: the ability to fly like a bird and the post-production freedom to reframe shots in every direction.\" \/>\n<meta property=\"og:url\" content=\"https:\/\/www.ghostysky.com\/fr\/product\/dji-avata-360-fly-more-combo-dji-rc-2\/\" \/>\n<meta property=\"og:site_name\" content=\"Ghostysky\" \/>\n<meta property=\"article:publisher\" content=\"https:\/\/www.facebook.com\/people\/Ghostysky\/100057676170234\/\" \/>\n<meta property=\"article:modified_time\" content=\"2026-04-06T07:57:36+00:00\" \/>\n<meta property=\"og:image\" content=\"https:\/\/www.ghostysky.com\/wp-content\/uploads\/2026\/03\/GH_DJIAvata360_1.jpeg\" \/>\n\t<meta property=\"og:image:width\" content=\"1308\" \/>\n\t<meta property=\"og:image:height\" content=\"1308\" \/>\n\t<meta property=\"og:image:type\" content=\"image\/jpeg\" \/>\n<meta name=\"twitter:card\" content=\"summary_large_image\" \/>\n<meta name=\"twitter:site\" content=\"@Gh0stysky\" \/>\n<meta name=\"twitter:label1\" content=\"Dur\u00e9e de lecture estim\u00e9e\" \/>\n\t<meta name=\"twitter:data1\" content=\"2 minutes\" \/>\n<script type=\"application\/ld+json\" class=\"yoast-schema-graph\">{\"@context\":\"https:\/\/schema.org\",\"@graph\":[{\"@type\":\"WebPage\",\"@id\":\"https:\/\/www.ghostysky.com\/product\/dji-avata-360-fly-more-combo-dji-rc-2\/\",\"url\":\"https:\/\/www.ghostysky.com\/product\/dji-avata-360-fly-more-combo-dji-rc-2\/\",\"name\":\"DJI Avata 360 Fly More Combo (DJI RC 2) - Ghostysky\",\"isPartOf\":{\"@id\":\"https:\/\/www.ghostysky.com\/#website\"},\"primaryImageOfPage\":{\"@id\":\"https:\/\/www.ghostysky.com\/product\/dji-avata-360-fly-more-combo-dji-rc-2\/#primaryimage\"},\"image\":{\"@id\":\"https:\/\/www.ghostysky.com\/product\/dji-avata-360-fly-more-combo-dji-rc-2\/#primaryimage\"},\"thumbnailUrl\":\"https:\/\/www.ghostysky.com\/wp-content\/uploads\/2026\/03\/GH_DJIAvata360_1.jpeg\",\"datePublished\":\"2026-04-06T07:33:59+00:00\",\"dateModified\":\"2026-04-06T07:57:36+00:00\",\"description\":\"The DJI Avata 360 represents a massive leap in the \\\"Cinewhoop\\\" FPV category, merging the immersive, agile flight of the Avata series with professional-grade 360\u00b0 imaging. This Fly More Combo, paired with the DJI RC 2, is designed for creators who want the best of both worlds: the ability to fly like a bird and the post-production freedom to reframe shots in every direction.\",\"breadcrumb\":{\"@id\":\"https:\/\/www.ghostysky.com\/product\/dji-avata-360-fly-more-combo-dji-rc-2\/#breadcrumb\"},\"inLanguage\":\"fr-FR\",\"potentialAction\":[{\"@type\":\"ReadAction\",\"target\":[\"https:\/\/www.ghostysky.com\/product\/dji-avata-360-fly-more-combo-dji-rc-2\/\"]}]},{\"@type\":\"ImageObject\",\"inLanguage\":\"fr-FR\",\"@id\":\"https:\/\/www.ghostysky.com\/product\/dji-avata-360-fly-more-combo-dji-rc-2\/#primaryimage\",\"url\":\"https:\/\/www.ghostysky.com\/wp-content\/uploads\/2026\/03\/GH_DJIAvata360_1.jpeg\",\"contentUrl\":\"https:\/\/www.ghostysky.com\/wp-content\/uploads\/2026\/03\/GH_DJIAvata360_1.jpeg\",\"width\":1308,\"height\":1308},{\"@type\":\"BreadcrumbList\",\"@id\":\"https:\/\/www.ghostysky.com\/product\/dji-avata-360-fly-more-combo-dji-rc-2\/#breadcrumb\",\"itemListElement\":[{\"@type\":\"ListItem\",\"position\":1,\"name\":\"Home\",\"item\":\"https:\/\/www.ghostysky.com\/\"},{\"@type\":\"ListItem\",\"position\":2,\"name\":\"Shop\",\"item\":\"https:\/\/www.ghostysky.com\/shop\/\"},{\"@type\":\"ListItem\",\"position\":3,\"name\":\"DJI Avata 360 Fly More Combo (DJI RC 2)\"}]},{\"@type\":\"WebSite\",\"@id\":\"https:\/\/www.ghostysky.com\/#website\",\"url\":\"https:\/\/www.ghostysky.com\/\",\"name\":\"Ghostysky\",\"description\":\"Delivering professional drones and services\",\"publisher\":{\"@id\":\"https:\/\/www.ghostysky.com\/#organization\"},\"potentialAction\":[{\"@type\":\"SearchAction\",\"target\":{\"@type\":\"EntryPoint\",\"urlTemplate\":\"https:\/\/www.ghostysky.com\/?s={search_term_string}\"},\"query-input\":{\"@type\":\"PropertyValueSpecification\",\"valueRequired\":true,\"valueName\":\"search_term_string\"}}],\"inLanguage\":\"fr-FR\"},{\"@type\":\"Organization\",\"@id\":\"https:\/\/www.ghostysky.com\/#organization\",\"name\":\"Ghostysky\",\"url\":\"https:\/\/www.ghostysky.com\/\",\"logo\":{\"@type\":\"ImageObject\",\"inLanguage\":\"fr-FR\",\"@id\":\"https:\/\/www.ghostysky.com\/#\/schema\/logo\/image\/\",\"url\":\"https:\/\/www.ghostysky.com\/wp-content\/uploads\/2020\/06\/cropped-ghostyskylogo_text_white2.png\",\"contentUrl\":\"https:\/\/www.ghostysky.com\/wp-content\/uploads\/2020\/06\/cropped-ghostyskylogo_text_white2.png\",\"width\":169,\"height\":56,\"caption\":\"Ghostysky\"},\"image\":{\"@id\":\"https:\/\/www.ghostysky.com\/#\/schema\/logo\/image\/\"},\"sameAs\":[\"https:\/\/www.facebook.com\/people\/Ghostysky\/100057676170234\/\",\"https:\/\/x.com\/Gh0stysky\",\"https:\/\/www.linkedin.com\/company\/34739653\",\"https:\/\/www.instagram.com\/gh0stysky\"]}]}<\/script>\n<!-- \/ Yoast SEO plugin. -->","yoast_head_json":{"title":"DJI Avata 360 Fly More Combo (DJI RC 2) - Ghostysky","description":"Le DJI Avata 360 repr\u00e9sente une avanc\u00e9e majeure dans la cat\u00e9gorie FPV \"\u00a0Cinewhoop\u00a0\", alliant le vol immersif et agile de la s\u00e9rie Avata \u00e0 une imagerie \u00e0 360\u00b0 de qualit\u00e9 professionnelle. Ce pack Fly More, associ\u00e9 \u00e0 la radiocommande DJI RC 2, est con\u00e7u pour les cr\u00e9ateurs qui recherchent le meilleur des deux mondes\u00a0: la possibilit\u00e9 de voler comme un oiseau et la libert\u00e9 de recadrer leurs prises de vue dans toutes les directions en post-production.","robots":{"index":"index","follow":"follow","max-snippet":"max-snippet:-1","max-image-preview":"max-image-preview:large","max-video-preview":"max-video-preview:-1"},"canonical":"https:\/\/www.ghostysky.com\/fr\/product\/dji-avata-360-fly-more-combo-dji-rc-2\/","og_locale":"fr_FR","og_type":"article","og_title":"DJI Avata 360 Fly More Combo (DJI RC 2) - Ghostysky","og_description":"The DJI Avata 360 represents a massive leap in the \"Cinewhoop\" FPV category, merging the immersive, agile flight of the Avata series with professional-grade 360\u00b0 imaging. This Fly More Combo, paired with the DJI RC 2, is designed for creators who want the best of both worlds: the ability to fly like a bird and the post-production freedom to reframe shots in every direction.","og_url":"https:\/\/www.ghostysky.com\/fr\/product\/dji-avata-360-fly-more-combo-dji-rc-2\/","og_site_name":"Ghostysky","article_publisher":"https:\/\/www.facebook.com\/people\/Ghostysky\/100057676170234\/","article_modified_time":"2026-04-06T07:57:36+00:00","og_image":[{"width":1308,"height":1308,"url":"https:\/\/www.ghostysky.com\/wp-content\/uploads\/2026\/03\/GH_DJIAvata360_1.jpeg","type":"image\/jpeg"}],"twitter_card":"summary_large_image","twitter_site":"@Gh0stysky","twitter_misc":{"Dur\u00e9e de lecture estim\u00e9e":"2 minutes"},"schema":{"@context":"https:\/\/schema.org","@graph":[{"@type":"WebPage","@id":"https:\/\/www.ghostysky.com\/product\/dji-avata-360-fly-more-combo-dji-rc-2\/","url":"https:\/\/www.ghostysky.com\/product\/dji-avata-360-fly-more-combo-dji-rc-2\/","name":"DJI Avata 360 Fly More Combo (DJI RC 2) - Ghostysky","isPartOf":{"@id":"https:\/\/www.ghostysky.com\/#website"},"primaryImageOfPage":{"@id":"https:\/\/www.ghostysky.com\/product\/dji-avata-360-fly-more-combo-dji-rc-2\/#primaryimage"},"image":{"@id":"https:\/\/www.ghostysky.com\/product\/dji-avata-360-fly-more-combo-dji-rc-2\/#primaryimage"},"thumbnailUrl":"https:\/\/www.ghostysky.com\/wp-content\/uploads\/2026\/03\/GH_DJIAvata360_1.jpeg","datePublished":"2026-04-06T07:33:59+00:00","dateModified":"2026-04-06T07:57:36+00:00","description":"Le DJI Avata 360 repr\u00e9sente une avanc\u00e9e majeure dans la cat\u00e9gorie FPV \"\u00a0Cinewhoop\u00a0\", alliant le vol immersif et agile de la s\u00e9rie Avata \u00e0 une imagerie \u00e0 360\u00b0 de qualit\u00e9 professionnelle. Ce pack Fly More, associ\u00e9 \u00e0 la radiocommande DJI RC 2, est con\u00e7u pour les cr\u00e9ateurs qui recherchent le meilleur des deux mondes\u00a0: la possibilit\u00e9 de voler comme un oiseau et la libert\u00e9 de recadrer leurs prises de vue dans toutes les directions en post-production.","breadcrumb":{"@id":"https:\/\/www.ghostysky.com\/product\/dji-avata-360-fly-more-combo-dji-rc-2\/#breadcrumb"},"inLanguage":"fr-FR","potentialAction":[{"@type":"ReadAction","target":["https:\/\/www.ghostysky.com\/product\/dji-avata-360-fly-more-combo-dji-rc-2\/"]}]},{"@type":"ImageObject","inLanguage":"fr-FR","@id":"https:\/\/www.ghostysky.com\/product\/dji-avata-360-fly-more-combo-dji-rc-2\/#primaryimage","url":"https:\/\/www.ghostysky.com\/wp-content\/uploads\/2026\/03\/GH_DJIAvata360_1.jpeg","contentUrl":"https:\/\/www.ghostysky.com\/wp-content\/uploads\/2026\/03\/GH_DJIAvata360_1.jpeg","width":1308,"height":1308},{"@type":"BreadcrumbList","@id":"https:\/\/www.ghostysky.com\/product\/dji-avata-360-fly-more-combo-dji-rc-2\/#breadcrumb","itemListElement":[{"@type":"ListItem","position":1,"name":"Home","item":"https:\/\/www.ghostysky.com\/"},{"@type":"ListItem","position":2,"name":"Shop","item":"https:\/\/www.ghostysky.com\/shop\/"},{"@type":"ListItem","position":3,"name":"DJI Avata 360 Fly More Combo (DJI RC 2)"}]},{"@type":"WebSite","@id":"https:\/\/www.ghostysky.com\/#website","url":"https:\/\/www.ghostysky.com\/","name":"Ghostysky","description":"Livraison de drones et de services professionnels","publisher":{"@id":"https:\/\/www.ghostysky.com\/#organization"},"potentialAction":[{"@type":"SearchAction","target":{"@type":"EntryPoint","urlTemplate":"https:\/\/www.ghostysky.com\/?s={search_term_string}"},"query-input":{"@type":"PropertyValueSpecification","valueRequired":true,"valueName":"search_term_string"}}],"inLanguage":"fr-FR"},{"@type":"Organization","@id":"https:\/\/www.ghostysky.com\/#organization","name":"Ghostysky","url":"https:\/\/www.ghostysky.com\/","logo":{"@type":"ImageObject","inLanguage":"fr-FR","@id":"https:\/\/www.ghostysky.com\/#\/schema\/logo\/image\/","url":"https:\/\/www.ghostysky.com\/wp-content\/uploads\/2020\/06\/cropped-ghostyskylogo_text_white2.png","contentUrl":"https:\/\/www.ghostysky.com\/wp-content\/uploads\/2020\/06\/cropped-ghostyskylogo_text_white2.png","width":169,"height":56,"caption":"Ghostysky"},"image":{"@id":"https:\/\/www.ghostysky.com\/#\/schema\/logo\/image\/"},"sameAs":["https:\/\/www.facebook.com\/people\/Ghostysky\/100057676170234\/","https:\/\/x.com\/Gh0stysky","https:\/\/www.linkedin.com\/company\/34739653","https:\/\/www.instagram.com\/gh0stysky"]}]}},"_links":{"self":[{"href":"https:\/\/www.ghostysky.com\/fr\/wp-json\/wp\/v2\/product\/24966","targetHints":{"allow":["GET"]}}],"collection":[{"href":"https:\/\/www.ghostysky.com\/fr\/wp-json\/wp\/v2\/product"}],"about":[{"href":"https:\/\/www.ghostysky.com\/fr\/wp-json\/wp\/v2\/types\/product"}],"replies":[{"embeddable":true,"href":"https:\/\/www.ghostysky.com\/fr\/wp-json\/wp\/v2\/comments?post=24966"}],"wp:featuredmedia":[{"embeddable":true,"href":"https:\/\/www.ghostysky.com\/fr\/wp-json\/wp\/v2\/media\/24964"}],"wp:attachment":[{"href":"https:\/\/www.ghostysky.com\/fr\/wp-json\/wp\/v2\/media?parent=24966"}],"wp:term":[{"taxonomy":"product_brand","embeddable":true,"href":"https:\/\/www.ghostysky.com\/fr\/wp-json\/wp\/v2\/product_brand?post=24966"},{"taxonomy":"product_cat","embeddable":true,"href":"https:\/\/www.ghostysky.com\/fr\/wp-json\/wp\/v2\/product_cat?post=24966"},{"taxonomy":"product_tag","embeddable":true,"href":"https:\/\/www.ghostysky.com\/fr\/wp-json\/wp\/v2\/product_tag?post=24966"}],"curies":[{"name":"wp","href":"https:\/\/api.w.org\/{rel}","templated":true}]}}