{"id":24970,"date":"2026-04-06T07:43:07","date_gmt":"2026-04-06T07:43:07","guid":{"rendered":"https:\/\/www.ghostysky.com\/?post_type=product&#038;p=24970"},"modified":"2026-04-06T08:02:47","modified_gmt":"2026-04-06T08:02:47","slug":"dji-avata-360-propellers","status":"publish","type":"product","link":"https:\/\/www.ghostysky.com\/fr\/product\/dji-avata-360-propellers\/","title":{"rendered":"H\u00e9lices DJI Avata 360"},"content":{"rendered":"<h3 data-path-to-node=\"1\"><b data-path-to-node=\"1\" data-index-in-node=\"0\">Caract\u00e9ristiques principales<\/b><\/h3>\n<ul data-path-to-node=\"2\">\n<li>\n<p id=\"p-rc_52e345ce2a4f58ba-108\" data-path-to-node=\"2,0,0\"><b data-path-to-node=\"2,0,0\" data-index-in-node=\"0\">Efficacit\u00e9 a\u00e9rodynamique :<\/b><span class=\"citation-274 citation-end-274\"> Sp\u00e9cifiquement lanc\u00e9 (<\/span><span class=\"math-inline\" data-math=\"3.3 \\times 4.0\" data-index-in-node=\"46\">$3,3 x 4,0$<\/span><span class=\"citation-273 citation-end-273\"> pouces) pour offrir un \u00e9quilibre entre une pouss\u00e9e puissante et une maniabilit\u00e9 fluide, essentiel pour capturer des images stables \u00e0 360\u00b0 en 8K.<\/span><\/p>\n<\/li>\n<li>\n<p id=\"p-rc_52e345ce2a4f58ba-109\" data-path-to-node=\"2,1,0\"><b data-path-to-node=\"2,1,0\" data-index-in-node=\"0\"><span class=\"citation-272\">Durabilit\u00e9 con\u00e7ue :<\/span><\/b><span class=\"citation-272 citation-end-272\"> Fabriqu\u00e9 en nylon haute r\u00e9sistance renforc\u00e9 de fibres de verre pour r\u00e9sister aux r\u00e9gimes moteur \u00e9lev\u00e9s des man\u0153uvres FPV tout en restant l\u00e9ger.<\/span><\/p>\n<\/li>\n<li>\n<p id=\"p-rc_52e345ce2a4f58ba-110\" data-path-to-node=\"2,2,0\"><b data-path-to-node=\"2,2,0\" data-index-in-node=\"0\"><span class=\"citation-271\">Installation intuitive\u00a0:<\/span><\/b><span class=\"citation-271 citation-end-271\"> Les pales comportent des marquages clairs pour l&#039;orientation horaire (CW) et antihoraire (CCW), assurant une installation infaillible sur les moteurs correspondants.<\/span><\/p>\n<\/li>\n<li>\n<p id=\"p-rc_52e345ce2a4f58ba-111\" data-path-to-node=\"2,3,0\"><b data-path-to-node=\"2,3,0\" data-index-in-node=\"0\">Kit de rafra\u00eechissement complet\u00a0:<\/b><span class=\"citation-270 citation-end-270\"> Chaque paquet comprend deux paires compl\u00e8tes d&#039;h\u00e9lices et les vis M2 n\u00e9cessaires, que DJI recommande de remplacer \u00e0 chaque changement d&#039;h\u00e9lice afin de maintenir l&#039;int\u00e9grit\u00e9 structurelle.<\/span><\/p>\n<p>&nbsp;<\/li>\n<\/ul>\n<h3 data-path-to-node=\"4\"><b data-path-to-node=\"4\" data-index-in-node=\"0\">Sp\u00e9cifications techniques<\/b><\/h3>\n<table data-path-to-node=\"5\">\n<thead>\n<tr>\n<td><strong>Fonctionnalit\u00e9<\/strong><\/td>\n<td><strong>D\u00e9tails<\/strong><\/td>\n<\/tr>\n<\/thead>\n<tbody>\n<tr>\n<td><span data-path-to-node=\"5,1,0,0\"><b data-path-to-node=\"5,1,0,0\" data-index-in-node=\"0\">Mod\u00e8le<\/b><\/span><\/td>\n<td><span data-path-to-node=\"5,1,1,0\">3340S<\/span><\/td>\n<\/tr>\n<tr>\n<td><span data-path-to-node=\"5,2,0,0\"><b data-path-to-node=\"5,2,0,0\" data-index-in-node=\"0\">Diam\u00e8tre<\/b><\/span><\/td>\n<td><span data-path-to-node=\"5,2,1,0\">Environ 83,1 mm<\/span><\/td>\n<\/tr>\n<tr>\n<td><span data-path-to-node=\"5,3,0,0\"><b data-path-to-node=\"5,3,0,0\" data-index-in-node=\"0\">Poids<\/b><\/span><\/td>\n<td><span data-path-to-node=\"5,3,1,0\">Environ 3,5 g (par h\u00e9lice)<\/span><\/td>\n<\/tr>\n<tr>\n<td><span data-path-to-node=\"5,4,0,0\"><b data-path-to-node=\"5,4,0,0\" data-index-in-node=\"0\">Mat\u00e9riel<\/b><\/span><\/td>\n<td><span data-path-to-node=\"5,4,1,0\">Composite de nylon renforc\u00e9 de fibres de verre<\/span><\/td>\n<\/tr>\n<tr>\n<td><span data-path-to-node=\"5,5,0,0\"><b data-path-to-node=\"5,5,0,0\" data-index-in-node=\"0\">Compatibilit\u00e9<\/b><\/span><\/td>\n<td><span data-path-to-node=\"5,5,1,0\">DJI Avata 360<\/span><\/td>\n<\/tr>\n<\/tbody>\n<\/table>\n<p>&nbsp;<\/p>\n<h3 data-path-to-node=\"7\"><b data-path-to-node=\"7\" data-index-in-node=\"0\">Dans la bo\u00eete<\/b><\/h3>\n<ul data-path-to-node=\"8\">\n<li>\n<p id=\"p-rc_52e345ce2a4f58ba-112\" data-path-to-node=\"8,0,0\"><b data-path-to-node=\"8,0,0\" data-index-in-node=\"0\"><span class=\"citation-269\">2 paires<\/span><\/b><span class=\"citation-269 citation-end-269\"> H\u00e9lices DJI Avata 360 (4 pales au total)<\/span><\/p>\n<\/li>\n<li>\n<p id=\"p-rc_52e345ce2a4f58ba-113\" data-path-to-node=\"8,1,0\"><b data-path-to-node=\"8,1,0\" data-index-in-node=\"0\"><span class=\"citation-268\">8x<\/span><\/b><span class=\"citation-268 citation-end-268\"> Vis M2\u00d74,8 mm<\/span><\/p>\n<\/li>\n<\/ul>\n<blockquote data-path-to-node=\"9\">\n<p id=\"p-rc_52e345ce2a4f58ba-114\" data-path-to-node=\"9,0\"><b data-path-to-node=\"9,0\" data-index-in-node=\"0\"><span class=\"citation-267\">Conseil de pro\u00a0:<\/span><\/b><span class=\"citation-267 citation-end-267\"> Utilisez toujours le tournevis fourni dans votre kit d&#039;outils DJI Avata 360 d&#039;origine.<\/span> <span class=\"citation-266 citation-end-266\">L&#039;utilisation d&#039;un foret de taille incorrecte peut endommager les vis M2, ce qui compliquera les op\u00e9rations de maintenance ult\u00e9rieures.<\/span> Si vous remarquez des \u00e9clats ou des microfissures sur une lame, remplacez-la imm\u00e9diatement pour \u00e9viter les vibrations du moteur en vol.<\/p>\n<\/blockquote>","protected":false},"excerpt":{"rendered":"<p><span class=\"citation-276\">Le <\/span><b data-path-to-node=\"0\" data-index-in-node=\"4\"><span class=\"citation-276\">H\u00e9lices DJI Avata 360 (Mod\u00e8le 3340S)<\/span><\/b><span class=\"citation-276\"> sont les lames de rechange officielles haute performance con\u00e7ues sp\u00e9cifiquement pour le <\/span><b data-path-to-node=\"0\" data-index-in-node=\"126\"><span class=\"citation-276\">DJI Avata 360<\/span><\/b><span class=\"citation-276 citation-end-276\">.<\/span> <span class=\"citation-275 citation-end-275\">Con\u00e7ues pour r\u00e9pondre aux exigences uniques du vol FPV \u00e0 360 degr\u00e9s, ces h\u00e9lices privil\u00e9gient la stabilit\u00e9 et la pouss\u00e9e pour g\u00e9rer la charge utile \u00e0 double objectif du drone et son syst\u00e8me de protection int\u00e9gr\u00e9.<\/span><\/p>","protected":false},"featured_media":24979,"comment_status":"open","ping_status":"closed","template":"","meta":[],"product_brand":[1031],"product_cat":[752,1403,1405,37],"product_tag":[1412,168],"class_list":{"0":"post-24970","1":"product","2":"type-product","3":"status-publish","4":"has-post-thumbnail","6":"product_brand-dji","7":"product_cat-aerial-photography","8":"product_cat-avata-360","9":"product_cat-avata-360-accessories","10":"product_cat-dji","11":"product_tag-avata-360-accessories","12":"product_tag-propellers","14":"first","15":"onbackorder","16":"taxable","17":"shipping-taxable","18":"purchasable","19":"product-type-simple"},"yoast_head":"<!-- This site is optimized with the Yoast SEO plugin v27.1.1 - https:\/\/yoast.com\/product\/yoast-seo-wordpress\/ -->\n<title>DJI Avata 360 Propellers - Ghostysky<\/title>\n<meta name=\"description\" content=\"The DJI Avata 360 Propellers (Model 3340S) are the official high-performance replacement blades designed specifically for the DJI Avata 360. Engineered for the unique demands of 360-degree FPV flight, these propellers prioritize stability and thrust to handle the drone&#039;s dual-lens payload and integrated guard system.\" \/>\n<meta name=\"robots\" content=\"index, follow, max-snippet:-1, max-image-preview:large, max-video-preview:-1\" \/>\n<link rel=\"canonical\" href=\"https:\/\/www.ghostysky.com\/fr\/product\/dji-avata-360-propellers\/\" \/>\n<meta property=\"og:locale\" content=\"fr_FR\" \/>\n<meta property=\"og:type\" content=\"article\" \/>\n<meta property=\"og:title\" content=\"DJI Avata 360 Propellers - Ghostysky\" \/>\n<meta property=\"og:description\" content=\"The DJI Avata 360 Propellers (Model 3340S) are the official high-performance replacement blades designed specifically for the DJI Avata 360. Engineered for the unique demands of 360-degree FPV flight, these propellers prioritize stability and thrust to handle the drone&#039;s dual-lens payload and integrated guard system.\" \/>\n<meta property=\"og:url\" content=\"https:\/\/www.ghostysky.com\/fr\/product\/dji-avata-360-propellers\/\" \/>\n<meta property=\"og:site_name\" content=\"Ghostysky\" \/>\n<meta property=\"article:publisher\" content=\"https:\/\/www.facebook.com\/people\/Ghostysky\/100057676170234\/\" \/>\n<meta property=\"article:modified_time\" content=\"2026-04-06T08:02:47+00:00\" \/>\n<meta property=\"og:image\" content=\"https:\/\/www.ghostysky.com\/wp-content\/uploads\/2026\/04\/GH_DJI-Avata-360-Propellers_1.jpeg\" \/>\n\t<meta property=\"og:image:width\" content=\"1308\" \/>\n\t<meta property=\"og:image:height\" content=\"1308\" \/>\n\t<meta property=\"og:image:type\" content=\"image\/jpeg\" \/>\n<meta name=\"twitter:card\" content=\"summary_large_image\" \/>\n<meta name=\"twitter:site\" content=\"@Gh0stysky\" \/>\n<meta name=\"twitter:label1\" content=\"Dur\u00e9e de lecture estim\u00e9e\" \/>\n\t<meta name=\"twitter:data1\" content=\"1 minute\" \/>\n<script type=\"application\/ld+json\" class=\"yoast-schema-graph\">{\"@context\":\"https:\/\/schema.org\",\"@graph\":[{\"@type\":\"WebPage\",\"@id\":\"https:\/\/www.ghostysky.com\/product\/dji-avata-360-propellers\/\",\"url\":\"https:\/\/www.ghostysky.com\/product\/dji-avata-360-propellers\/\",\"name\":\"DJI Avata 360 Propellers - Ghostysky\",\"isPartOf\":{\"@id\":\"https:\/\/www.ghostysky.com\/#website\"},\"primaryImageOfPage\":{\"@id\":\"https:\/\/www.ghostysky.com\/product\/dji-avata-360-propellers\/#primaryimage\"},\"image\":{\"@id\":\"https:\/\/www.ghostysky.com\/product\/dji-avata-360-propellers\/#primaryimage\"},\"thumbnailUrl\":\"https:\/\/www.ghostysky.com\/wp-content\/uploads\/2026\/04\/GH_DJI-Avata-360-Propellers_1.jpeg\",\"datePublished\":\"2026-04-06T07:43:07+00:00\",\"dateModified\":\"2026-04-06T08:02:47+00:00\",\"description\":\"The DJI Avata 360 Propellers (Model 3340S) are the official high-performance replacement blades designed specifically for the DJI Avata 360. Engineered for the unique demands of 360-degree FPV flight, these propellers prioritize stability and thrust to handle the drone's dual-lens payload and integrated guard system.\",\"breadcrumb\":{\"@id\":\"https:\/\/www.ghostysky.com\/product\/dji-avata-360-propellers\/#breadcrumb\"},\"inLanguage\":\"fr-FR\",\"potentialAction\":[{\"@type\":\"ReadAction\",\"target\":[\"https:\/\/www.ghostysky.com\/product\/dji-avata-360-propellers\/\"]}]},{\"@type\":\"ImageObject\",\"inLanguage\":\"fr-FR\",\"@id\":\"https:\/\/www.ghostysky.com\/product\/dji-avata-360-propellers\/#primaryimage\",\"url\":\"https:\/\/www.ghostysky.com\/wp-content\/uploads\/2026\/04\/GH_DJI-Avata-360-Propellers_1.jpeg\",\"contentUrl\":\"https:\/\/www.ghostysky.com\/wp-content\/uploads\/2026\/04\/GH_DJI-Avata-360-Propellers_1.jpeg\",\"width\":1308,\"height\":1308},{\"@type\":\"BreadcrumbList\",\"@id\":\"https:\/\/www.ghostysky.com\/product\/dji-avata-360-propellers\/#breadcrumb\",\"itemListElement\":[{\"@type\":\"ListItem\",\"position\":1,\"name\":\"Home\",\"item\":\"https:\/\/www.ghostysky.com\/\"},{\"@type\":\"ListItem\",\"position\":2,\"name\":\"Shop\",\"item\":\"https:\/\/www.ghostysky.com\/shop\/\"},{\"@type\":\"ListItem\",\"position\":3,\"name\":\"DJI Avata 360 Propellers\"}]},{\"@type\":\"WebSite\",\"@id\":\"https:\/\/www.ghostysky.com\/#website\",\"url\":\"https:\/\/www.ghostysky.com\/\",\"name\":\"Ghostysky\",\"description\":\"Delivering professional drones and services\",\"publisher\":{\"@id\":\"https:\/\/www.ghostysky.com\/#organization\"},\"potentialAction\":[{\"@type\":\"SearchAction\",\"target\":{\"@type\":\"EntryPoint\",\"urlTemplate\":\"https:\/\/www.ghostysky.com\/?s={search_term_string}\"},\"query-input\":{\"@type\":\"PropertyValueSpecification\",\"valueRequired\":true,\"valueName\":\"search_term_string\"}}],\"inLanguage\":\"fr-FR\"},{\"@type\":\"Organization\",\"@id\":\"https:\/\/www.ghostysky.com\/#organization\",\"name\":\"Ghostysky\",\"url\":\"https:\/\/www.ghostysky.com\/\",\"logo\":{\"@type\":\"ImageObject\",\"inLanguage\":\"fr-FR\",\"@id\":\"https:\/\/www.ghostysky.com\/#\/schema\/logo\/image\/\",\"url\":\"https:\/\/www.ghostysky.com\/wp-content\/uploads\/2020\/06\/cropped-ghostyskylogo_text_white2.png\",\"contentUrl\":\"https:\/\/www.ghostysky.com\/wp-content\/uploads\/2020\/06\/cropped-ghostyskylogo_text_white2.png\",\"width\":169,\"height\":56,\"caption\":\"Ghostysky\"},\"image\":{\"@id\":\"https:\/\/www.ghostysky.com\/#\/schema\/logo\/image\/\"},\"sameAs\":[\"https:\/\/www.facebook.com\/people\/Ghostysky\/100057676170234\/\",\"https:\/\/x.com\/Gh0stysky\",\"https:\/\/www.linkedin.com\/company\/34739653\",\"https:\/\/www.instagram.com\/gh0stysky\"]}]}<\/script>\n<!-- \/ Yoast SEO plugin. -->","yoast_head_json":{"title":"H\u00e9lices DJI Avata 360 - Ghostysky","description":"Les h\u00e9lices DJI Avata 360 (mod\u00e8le 3340S) sont les h\u00e9lices de remplacement haute performance officielles con\u00e7ues sp\u00e9cifiquement pour le DJI Avata 360. Con\u00e7ues pour r\u00e9pondre aux exigences uniques du vol FPV \u00e0 360 degr\u00e9s, ces h\u00e9lices privil\u00e9gient la stabilit\u00e9 et la pouss\u00e9e pour g\u00e9rer la charge utile \u00e0 double objectif du drone et son syst\u00e8me de protection int\u00e9gr\u00e9.","robots":{"index":"index","follow":"follow","max-snippet":"max-snippet:-1","max-image-preview":"max-image-preview:large","max-video-preview":"max-video-preview:-1"},"canonical":"https:\/\/www.ghostysky.com\/fr\/product\/dji-avata-360-propellers\/","og_locale":"fr_FR","og_type":"article","og_title":"DJI Avata 360 Propellers - Ghostysky","og_description":"The DJI Avata 360 Propellers (Model 3340S) are the official high-performance replacement blades designed specifically for the DJI Avata 360. Engineered for the unique demands of 360-degree FPV flight, these propellers prioritize stability and thrust to handle the drone's dual-lens payload and integrated guard system.","og_url":"https:\/\/www.ghostysky.com\/fr\/product\/dji-avata-360-propellers\/","og_site_name":"Ghostysky","article_publisher":"https:\/\/www.facebook.com\/people\/Ghostysky\/100057676170234\/","article_modified_time":"2026-04-06T08:02:47+00:00","og_image":[{"width":1308,"height":1308,"url":"https:\/\/www.ghostysky.com\/wp-content\/uploads\/2026\/04\/GH_DJI-Avata-360-Propellers_1.jpeg","type":"image\/jpeg"}],"twitter_card":"summary_large_image","twitter_site":"@Gh0stysky","twitter_misc":{"Dur\u00e9e de lecture estim\u00e9e":"1 minute"},"schema":{"@context":"https:\/\/schema.org","@graph":[{"@type":"WebPage","@id":"https:\/\/www.ghostysky.com\/product\/dji-avata-360-propellers\/","url":"https:\/\/www.ghostysky.com\/product\/dji-avata-360-propellers\/","name":"H\u00e9lices DJI Avata 360 - Ghostysky","isPartOf":{"@id":"https:\/\/www.ghostysky.com\/#website"},"primaryImageOfPage":{"@id":"https:\/\/www.ghostysky.com\/product\/dji-avata-360-propellers\/#primaryimage"},"image":{"@id":"https:\/\/www.ghostysky.com\/product\/dji-avata-360-propellers\/#primaryimage"},"thumbnailUrl":"https:\/\/www.ghostysky.com\/wp-content\/uploads\/2026\/04\/GH_DJI-Avata-360-Propellers_1.jpeg","datePublished":"2026-04-06T07:43:07+00:00","dateModified":"2026-04-06T08:02:47+00:00","description":"Les h\u00e9lices DJI Avata 360 (mod\u00e8le 3340S) sont les h\u00e9lices de remplacement haute performance officielles con\u00e7ues sp\u00e9cifiquement pour le DJI Avata 360. Con\u00e7ues pour r\u00e9pondre aux exigences uniques du vol FPV \u00e0 360 degr\u00e9s, ces h\u00e9lices privil\u00e9gient la stabilit\u00e9 et la pouss\u00e9e pour g\u00e9rer la charge utile \u00e0 double objectif du drone et son syst\u00e8me de protection int\u00e9gr\u00e9.","breadcrumb":{"@id":"https:\/\/www.ghostysky.com\/product\/dji-avata-360-propellers\/#breadcrumb"},"inLanguage":"fr-FR","potentialAction":[{"@type":"ReadAction","target":["https:\/\/www.ghostysky.com\/product\/dji-avata-360-propellers\/"]}]},{"@type":"ImageObject","inLanguage":"fr-FR","@id":"https:\/\/www.ghostysky.com\/product\/dji-avata-360-propellers\/#primaryimage","url":"https:\/\/www.ghostysky.com\/wp-content\/uploads\/2026\/04\/GH_DJI-Avata-360-Propellers_1.jpeg","contentUrl":"https:\/\/www.ghostysky.com\/wp-content\/uploads\/2026\/04\/GH_DJI-Avata-360-Propellers_1.jpeg","width":1308,"height":1308},{"@type":"BreadcrumbList","@id":"https:\/\/www.ghostysky.com\/product\/dji-avata-360-propellers\/#breadcrumb","itemListElement":[{"@type":"ListItem","position":1,"name":"Home","item":"https:\/\/www.ghostysky.com\/"},{"@type":"ListItem","position":2,"name":"Shop","item":"https:\/\/www.ghostysky.com\/shop\/"},{"@type":"ListItem","position":3,"name":"DJI Avata 360 Propellers"}]},{"@type":"WebSite","@id":"https:\/\/www.ghostysky.com\/#website","url":"https:\/\/www.ghostysky.com\/","name":"Ghostysky","description":"Livraison de drones et de services professionnels","publisher":{"@id":"https:\/\/www.ghostysky.com\/#organization"},"potentialAction":[{"@type":"SearchAction","target":{"@type":"EntryPoint","urlTemplate":"https:\/\/www.ghostysky.com\/?s={search_term_string}"},"query-input":{"@type":"PropertyValueSpecification","valueRequired":true,"valueName":"search_term_string"}}],"inLanguage":"fr-FR"},{"@type":"Organization","@id":"https:\/\/www.ghostysky.com\/#organization","name":"Ghostysky","url":"https:\/\/www.ghostysky.com\/","logo":{"@type":"ImageObject","inLanguage":"fr-FR","@id":"https:\/\/www.ghostysky.com\/#\/schema\/logo\/image\/","url":"https:\/\/www.ghostysky.com\/wp-content\/uploads\/2020\/06\/cropped-ghostyskylogo_text_white2.png","contentUrl":"https:\/\/www.ghostysky.com\/wp-content\/uploads\/2020\/06\/cropped-ghostyskylogo_text_white2.png","width":169,"height":56,"caption":"Ghostysky"},"image":{"@id":"https:\/\/www.ghostysky.com\/#\/schema\/logo\/image\/"},"sameAs":["https:\/\/www.facebook.com\/people\/Ghostysky\/100057676170234\/","https:\/\/x.com\/Gh0stysky","https:\/\/www.linkedin.com\/company\/34739653","https:\/\/www.instagram.com\/gh0stysky"]}]}},"_links":{"self":[{"href":"https:\/\/www.ghostysky.com\/fr\/wp-json\/wp\/v2\/product\/24970","targetHints":{"allow":["GET"]}}],"collection":[{"href":"https:\/\/www.ghostysky.com\/fr\/wp-json\/wp\/v2\/product"}],"about":[{"href":"https:\/\/www.ghostysky.com\/fr\/wp-json\/wp\/v2\/types\/product"}],"replies":[{"embeddable":true,"href":"https:\/\/www.ghostysky.com\/fr\/wp-json\/wp\/v2\/comments?post=24970"}],"wp:featuredmedia":[{"embeddable":true,"href":"https:\/\/www.ghostysky.com\/fr\/wp-json\/wp\/v2\/media\/24979"}],"wp:attachment":[{"href":"https:\/\/www.ghostysky.com\/fr\/wp-json\/wp\/v2\/media?parent=24970"}],"wp:term":[{"taxonomy":"product_brand","embeddable":true,"href":"https:\/\/www.ghostysky.com\/fr\/wp-json\/wp\/v2\/product_brand?post=24970"},{"taxonomy":"product_cat","embeddable":true,"href":"https:\/\/www.ghostysky.com\/fr\/wp-json\/wp\/v2\/product_cat?post=24970"},{"taxonomy":"product_tag","embeddable":true,"href":"https:\/\/www.ghostysky.com\/fr\/wp-json\/wp\/v2\/product_tag?post=24970"}],"curies":[{"name":"wp","href":"https:\/\/api.w.org\/{rel}","templated":true}]}}