{"id":24975,"date":"2026-04-06T08:00:20","date_gmt":"2026-04-06T08:00:20","guid":{"rendered":"https:\/\/www.ghostysky.com\/?post_type=product&#038;p=24975"},"modified":"2026-04-06T08:08:41","modified_gmt":"2026-04-06T08:08:41","slug":"dji-avata-360-two-way-charging-hub","status":"publish","type":"product","link":"https:\/\/www.ghostysky.com\/fr\/product\/dji-avata-360-two-way-charging-hub\/","title":{"rendered":"Hub de chargement bidirectionnel DJI Avata 360"},"content":{"rendered":"<h3 data-path-to-node=\"3\">Caract\u00e9ristiques principales<\/h3>\n<ul data-path-to-node=\"4\">\n<li>\n<p id=\"p-rc_e451a23252bf7e73-117\" data-path-to-node=\"4,0,0\"><b data-path-to-node=\"4,0,0\" data-index-in-node=\"0\">Recharge intelligente \u00e0 trois canaux\u00a0:<\/b><span class=\"citation-303\"> Le hub peut contenir et charger jusqu&#039;\u00e0 <\/span><b data-path-to-node=\"4,0,0\" data-index-in-node=\"70\"><span class=\"citation-303\">trois<\/span><\/b><span class=\"citation-303 citation-end-303\"> Batteries de vol intelligentes DJI Avata 360.<\/span><\/p>\n<\/li>\n<li>\n<p data-path-to-node=\"4,1,0\"><b data-path-to-node=\"4,1,0\" data-index-in-node=\"0\">Recharge \u00e0 double mode\u00a0:<\/b><\/p>\n<ul data-path-to-node=\"4,1,1\">\n<li>\n<p id=\"p-rc_e451a23252bf7e73-118\" data-path-to-node=\"4,1,1,0,0\"><b data-path-to-node=\"4,1,1,0,0\" data-index-in-node=\"0\"><span class=\"citation-302\">Charge parall\u00e8le\u00a0:<\/span><\/b><span class=\"citation-302\"> Lors de l&#039;utilisation d&#039;un chargeur de <\/span><b data-path-to-node=\"4,1,1,0,0\" data-index-in-node=\"43\"><span class=\"citation-302\">65 W ou plus<\/span><\/b><span class=\"citation-302 citation-end-302\"> (comme le chargeur portable DJI 65W ou l&#039;adaptateur USB-C 100W), le hub charge les trois batteries simultan\u00e9ment.<\/span><\/p>\n<\/li>\n<li>\n<p id=\"p-rc_e451a23252bf7e73-119\" data-path-to-node=\"4,1,1,1,0\"><b data-path-to-node=\"4,1,1,1,0\" data-index-in-node=\"0\">Charge s\u00e9quentielle\u00a0:<\/b><span class=\"citation-301 citation-end-301\"> Si la source d&#039;alimentation est inf\u00e9rieure \u00e0 65 W, le hub privil\u00e9gie intelligemment la batterie ayant la charge restante la plus \u00e9lev\u00e9e afin de vous permettre de reprendre les airs le plus rapidement possible.<\/span><\/p>\n<\/li>\n<\/ul>\n<\/li>\n<li>\n<p id=\"p-rc_e451a23252bf7e73-120\" data-path-to-node=\"4,2,0\"><b data-path-to-node=\"4,2,0\" data-index-in-node=\"0\">Fonction de batterie externe bidirectionnelle\u00a0:<\/b> Apr\u00e8s votre vol, vous pourrez utiliser les batteries stock\u00e9es pour recharger des appareils externes. <span class=\"citation-300 citation-end-300\">En connectant un c\u00e2ble USB-C, vous pouvez recharger vos lunettes DJI, votre smartphone ou votre tablette.<\/span><\/p>\n<\/li>\n<li>\n<p id=\"p-rc_e451a23252bf7e73-121\" data-path-to-node=\"4,3,0\"><b data-path-to-node=\"4,3,0\" data-index-in-node=\"0\"><span class=\"citation-299\">Accumulation d&#039;\u00e9nergie :<\/span><\/b><span class=\"citation-299 citation-end-299\"> Une fonctionnalit\u00e9 sp\u00e9ciale qui permet au hub de transf\u00e9rer l&#039;\u00e9nergie restante de plusieurs batteries vers la batterie ayant le niveau de charge le plus \u00e9lev\u00e9, concentrant ainsi votre \u00e9nergie restante dans une seule batterie pr\u00eate pour le vol.<\/span><\/p>\n<p>&nbsp;<\/li>\n<\/ul>\n<h3 data-path-to-node=\"6\">Sp\u00e9cifications techniques<\/h3>\n<table data-path-to-node=\"7\">\n<thead>\n<tr>\n<td><strong>Fonctionnalit\u00e9<\/strong><\/td>\n<td><strong>Sp\u00e9cification<\/strong><\/td>\n<\/tr>\n<\/thead>\n<tbody>\n<tr>\n<td><span data-path-to-node=\"7,1,0,0\"><b data-path-to-node=\"7,1,0,0\" data-index-in-node=\"0\">Compatibilit\u00e9<\/b><\/span><\/td>\n<td><span data-path-to-node=\"7,1,1,0\">Batterie de vol intelligente DJI Avata 360<\/span><\/td>\n<\/tr>\n<tr>\n<td><span data-path-to-node=\"7,2,0,0\"><b data-path-to-node=\"7,2,0,0\" data-index-in-node=\"0\">Saisir<\/b><\/span><\/td>\n<td><span data-path-to-node=\"7,2,1,0\">5-20 V, max 5 A<\/span><\/td>\n<\/tr>\n<tr>\n<td><span data-path-to-node=\"7,3,0,0\"><b data-path-to-node=\"7,3,0,0\" data-index-in-node=\"0\">Puissance de charge maximale<\/b><\/span><\/td>\n<td><span data-path-to-node=\"7,3,1,0\">17,2 V<\/span><\/td>\n<\/tr>\n<tr>\n<td><span data-path-to-node=\"7,4,0,0\"><b data-path-to-node=\"7,4,0,0\" data-index-in-node=\"0\">Accumulation de puissance maximale<\/b><\/span><\/td>\n<td><span data-path-to-node=\"7,4,1,0\">60 W<\/span><\/td>\n<\/tr>\n<tr>\n<td><span data-path-to-node=\"7,5,0,0\"><b data-path-to-node=\"7,5,0,0\" data-index-in-node=\"0\">Sortie USB<\/b><\/span><\/td>\n<td><span data-path-to-node=\"7,5,1,0\">30 W<\/span><\/td>\n<\/tr>\n<tr>\n<td><span data-path-to-node=\"7,6,0,0\"><b data-path-to-node=\"7,6,0,0\" data-index-in-node=\"0\">Temp\u00e9rature de fonctionnement<\/b><\/span><\/td>\n<td><span data-path-to-node=\"7,6,1,0\">5\u00b0 \u00e0 40\u00b0 C (41\u00b0 \u00e0 104\u00b0 F)<\/span><\/td>\n<\/tr>\n<\/tbody>\n<\/table>\n<h3 data-path-to-node=\"9\">Conseil de pro<\/h3>\n<p id=\"p-rc_e451a23252bf7e73-122\" data-path-to-node=\"10\"><span class=\"citation-298\">Pour atteindre les vitesses de charge parall\u00e8le annonc\u00e9es, il est fortement recommand\u00e9 d&#039;associer ce hub \u00e0 un <\/span><b data-path-to-node=\"10\" data-index-in-node=\"103\"><span class=\"citation-298\">Chargeur portable DJI 65W<\/span><\/b><span class=\"citation-298\"> ou un <\/span><b data-path-to-node=\"10\" data-index-in-node=\"133\"><span class=\"citation-298\">Adaptateur secteur USB-C 100 W<\/span><\/b><span class=\"citation-298 citation-end-298\">.<\/span> <span class=\"citation-297 citation-end-297\">Veuillez noter que le hub de chargement ne comprend ni chargeur mural ni c\u00e2ble USB-C dans la bo\u00eete.<\/span><\/p>\n<div class=\"source-inline-chip-container ng-star-inserted\"><\/div>\n<p>&nbsp;<\/p>","protected":false},"excerpt":{"rendered":"<p data-path-to-node=\"0\"><span class=\"citation-305\">Le <\/span><b data-path-to-node=\"0\" data-index-in-node=\"4\"><span class=\"citation-305\">Hub de chargement bidirectionnel DJI Avata 360<\/span><\/b><span class=\"citation-305 citation-end-305\"> est un accessoire de gestion de l&#039;alimentation haute performance con\u00e7u sp\u00e9cifiquement pour l&#039;\u00e9cosyst\u00e8me Avata 360.<\/span> Il remplit trois fonctions principales\u00a0: rangement organis\u00e9 des batteries, charge rapide de plusieurs batteries et batterie externe portable pour vos appareils mobiles.<\/p>\n<p id=\"p-rc_e451a23252bf7e73-116\" data-path-to-node=\"1\"><span class=\"citation-304\">Contrairement aux chargeurs s\u00e9quentiels standard, ce hub prend en charge <\/span><b data-path-to-node=\"1\" data-index-in-node=\"55\"><span class=\"citation-304\">recharge en parall\u00e8le<\/span><\/b><span class=\"citation-304 citation-end-304\"> Associ\u00e9 \u00e0 un adaptateur suffisamment puissant, il vous permet de passer moins de temps \u00e0 la prise et plus de temps en vol.<\/span><\/p>","protected":false},"featured_media":24980,"comment_status":"open","ping_status":"closed","template":"","meta":[],"product_brand":[1031],"product_cat":[752,1403,1405,37],"product_tag":[1412,1428],"class_list":{"0":"post-24975","1":"product","2":"type-product","3":"status-publish","4":"has-post-thumbnail","6":"product_brand-dji","7":"product_cat-aerial-photography","8":"product_cat-avata-360","9":"product_cat-avata-360-accessories","10":"product_cat-dji","11":"product_tag-avata-360-accessories","12":"product_tag-charging-hub","14":"first","15":"onbackorder","16":"taxable","17":"shipping-taxable","18":"purchasable","19":"product-type-simple"},"yoast_head":"<!-- This site is optimized with the Yoast SEO plugin v27.1.1 - https:\/\/yoast.com\/product\/yoast-seo-wordpress\/ -->\n<title>DJI Avata 360 Two-Way Charging Hub - Ghostysky<\/title>\n<meta name=\"description\" content=\"The DJI Avata 360 Two-Way Charging Hub is a high-performance power management accessory designed specifically for the Avata 360 ecosystem. It serves three primary functions: organized battery storage, high-speed multi-battery charging, and an on-the-go power bank for your mobile devices.Unlike standard sequential chargers, this hub supports parallel charging when paired with a sufficiently powerful adapter, ensuring you spend less time at the outlet and more time in the air.\" \/>\n<meta name=\"robots\" content=\"index, follow, max-snippet:-1, max-image-preview:large, max-video-preview:-1\" \/>\n<link rel=\"canonical\" href=\"https:\/\/www.ghostysky.com\/fr\/product\/dji-avata-360-two-way-charging-hub\/\" \/>\n<meta property=\"og:locale\" content=\"fr_FR\" \/>\n<meta property=\"og:type\" content=\"article\" \/>\n<meta property=\"og:title\" content=\"DJI Avata 360 Two-Way Charging Hub - Ghostysky\" \/>\n<meta property=\"og:description\" content=\"The DJI Avata 360 Two-Way Charging Hub is a high-performance power management accessory designed specifically for the Avata 360 ecosystem. It serves three primary functions: organized battery storage, high-speed multi-battery charging, and an on-the-go power bank for your mobile devices.Unlike standard sequential chargers, this hub supports parallel charging when paired with a sufficiently powerful adapter, ensuring you spend less time at the outlet and more time in the air.\" \/>\n<meta property=\"og:url\" content=\"https:\/\/www.ghostysky.com\/fr\/product\/dji-avata-360-two-way-charging-hub\/\" \/>\n<meta property=\"og:site_name\" content=\"Ghostysky\" \/>\n<meta property=\"article:publisher\" content=\"https:\/\/www.facebook.com\/people\/Ghostysky\/100057676170234\/\" \/>\n<meta property=\"article:modified_time\" content=\"2026-04-06T08:08:41+00:00\" \/>\n<meta property=\"og:image\" content=\"https:\/\/www.ghostysky.com\/wp-content\/uploads\/2026\/04\/GH_DJI-Avata-360-Two-Way-Charging-Hub_1.jpeg\" \/>\n\t<meta property=\"og:image:width\" content=\"1308\" \/>\n\t<meta property=\"og:image:height\" content=\"1308\" \/>\n\t<meta property=\"og:image:type\" content=\"image\/jpeg\" \/>\n<meta name=\"twitter:card\" content=\"summary_large_image\" \/>\n<meta name=\"twitter:site\" content=\"@Gh0stysky\" \/>\n<meta name=\"twitter:label1\" content=\"Dur\u00e9e de lecture estim\u00e9e\" \/>\n\t<meta name=\"twitter:data1\" content=\"2 minutes\" \/>\n<script type=\"application\/ld+json\" class=\"yoast-schema-graph\">{\"@context\":\"https:\/\/schema.org\",\"@graph\":[{\"@type\":\"WebPage\",\"@id\":\"https:\/\/www.ghostysky.com\/product\/dji-avata-360-two-way-charging-hub\/\",\"url\":\"https:\/\/www.ghostysky.com\/product\/dji-avata-360-two-way-charging-hub\/\",\"name\":\"DJI Avata 360 Two-Way Charging Hub - Ghostysky\",\"isPartOf\":{\"@id\":\"https:\/\/www.ghostysky.com\/#website\"},\"primaryImageOfPage\":{\"@id\":\"https:\/\/www.ghostysky.com\/product\/dji-avata-360-two-way-charging-hub\/#primaryimage\"},\"image\":{\"@id\":\"https:\/\/www.ghostysky.com\/product\/dji-avata-360-two-way-charging-hub\/#primaryimage\"},\"thumbnailUrl\":\"https:\/\/www.ghostysky.com\/wp-content\/uploads\/2026\/04\/GH_DJI-Avata-360-Two-Way-Charging-Hub_1.jpeg\",\"datePublished\":\"2026-04-06T08:00:20+00:00\",\"dateModified\":\"2026-04-06T08:08:41+00:00\",\"description\":\"The DJI Avata 360 Two-Way Charging Hub is a high-performance power management accessory designed specifically for the Avata 360 ecosystem. It serves three primary functions: organized battery storage, high-speed multi-battery charging, and an on-the-go power bank for your mobile devices.Unlike standard sequential chargers, this hub supports parallel charging when paired with a sufficiently powerful adapter, ensuring you spend less time at the outlet and more time in the air.\",\"breadcrumb\":{\"@id\":\"https:\/\/www.ghostysky.com\/product\/dji-avata-360-two-way-charging-hub\/#breadcrumb\"},\"inLanguage\":\"fr-FR\",\"potentialAction\":[{\"@type\":\"ReadAction\",\"target\":[\"https:\/\/www.ghostysky.com\/product\/dji-avata-360-two-way-charging-hub\/\"]}]},{\"@type\":\"ImageObject\",\"inLanguage\":\"fr-FR\",\"@id\":\"https:\/\/www.ghostysky.com\/product\/dji-avata-360-two-way-charging-hub\/#primaryimage\",\"url\":\"https:\/\/www.ghostysky.com\/wp-content\/uploads\/2026\/04\/GH_DJI-Avata-360-Two-Way-Charging-Hub_1.jpeg\",\"contentUrl\":\"https:\/\/www.ghostysky.com\/wp-content\/uploads\/2026\/04\/GH_DJI-Avata-360-Two-Way-Charging-Hub_1.jpeg\",\"width\":1308,\"height\":1308},{\"@type\":\"BreadcrumbList\",\"@id\":\"https:\/\/www.ghostysky.com\/product\/dji-avata-360-two-way-charging-hub\/#breadcrumb\",\"itemListElement\":[{\"@type\":\"ListItem\",\"position\":1,\"name\":\"Home\",\"item\":\"https:\/\/www.ghostysky.com\/\"},{\"@type\":\"ListItem\",\"position\":2,\"name\":\"Shop\",\"item\":\"https:\/\/www.ghostysky.com\/shop\/\"},{\"@type\":\"ListItem\",\"position\":3,\"name\":\"DJI Avata 360 Two-Way Charging Hub\"}]},{\"@type\":\"WebSite\",\"@id\":\"https:\/\/www.ghostysky.com\/#website\",\"url\":\"https:\/\/www.ghostysky.com\/\",\"name\":\"Ghostysky\",\"description\":\"Delivering professional drones and services\",\"publisher\":{\"@id\":\"https:\/\/www.ghostysky.com\/#organization\"},\"potentialAction\":[{\"@type\":\"SearchAction\",\"target\":{\"@type\":\"EntryPoint\",\"urlTemplate\":\"https:\/\/www.ghostysky.com\/?s={search_term_string}\"},\"query-input\":{\"@type\":\"PropertyValueSpecification\",\"valueRequired\":true,\"valueName\":\"search_term_string\"}}],\"inLanguage\":\"fr-FR\"},{\"@type\":\"Organization\",\"@id\":\"https:\/\/www.ghostysky.com\/#organization\",\"name\":\"Ghostysky\",\"url\":\"https:\/\/www.ghostysky.com\/\",\"logo\":{\"@type\":\"ImageObject\",\"inLanguage\":\"fr-FR\",\"@id\":\"https:\/\/www.ghostysky.com\/#\/schema\/logo\/image\/\",\"url\":\"https:\/\/www.ghostysky.com\/wp-content\/uploads\/2020\/06\/cropped-ghostyskylogo_text_white2.png\",\"contentUrl\":\"https:\/\/www.ghostysky.com\/wp-content\/uploads\/2020\/06\/cropped-ghostyskylogo_text_white2.png\",\"width\":169,\"height\":56,\"caption\":\"Ghostysky\"},\"image\":{\"@id\":\"https:\/\/www.ghostysky.com\/#\/schema\/logo\/image\/\"},\"sameAs\":[\"https:\/\/www.facebook.com\/people\/Ghostysky\/100057676170234\/\",\"https:\/\/x.com\/Gh0stysky\",\"https:\/\/www.linkedin.com\/company\/34739653\",\"https:\/\/www.instagram.com\/gh0stysky\"]}]}<\/script>\n<!-- \/ Yoast SEO plugin. -->","yoast_head_json":{"title":"Station de charge bidirectionnelle DJI Avata 360 - Ghostysky","description":"Le hub de charge bidirectionnel DJI Avata 360 est un accessoire de gestion d&#039;alimentation haute performance con\u00e7u sp\u00e9cifiquement pour l&#039;\u00e9cosyst\u00e8me Avata 360. Il remplit trois fonctions principales\u00a0: le rangement organis\u00e9 des batteries, la charge rapide de plusieurs batteries et une batterie externe portable pour vos appareils mobiles. Contrairement aux chargeurs s\u00e9quentiels classiques, ce hub prend en charge la charge en parall\u00e8le lorsqu&#039;il est associ\u00e9 \u00e0 un adaptateur suffisamment puissant, vous permettant ainsi de passer moins de temps \u00e0 recharger et plus de temps en vol.","robots":{"index":"index","follow":"follow","max-snippet":"max-snippet:-1","max-image-preview":"max-image-preview:large","max-video-preview":"max-video-preview:-1"},"canonical":"https:\/\/www.ghostysky.com\/fr\/product\/dji-avata-360-two-way-charging-hub\/","og_locale":"fr_FR","og_type":"article","og_title":"DJI Avata 360 Two-Way Charging Hub - Ghostysky","og_description":"The DJI Avata 360 Two-Way Charging Hub is a high-performance power management accessory designed specifically for the Avata 360 ecosystem. It serves three primary functions: organized battery storage, high-speed multi-battery charging, and an on-the-go power bank for your mobile devices.Unlike standard sequential chargers, this hub supports parallel charging when paired with a sufficiently powerful adapter, ensuring you spend less time at the outlet and more time in the air.","og_url":"https:\/\/www.ghostysky.com\/fr\/product\/dji-avata-360-two-way-charging-hub\/","og_site_name":"Ghostysky","article_publisher":"https:\/\/www.facebook.com\/people\/Ghostysky\/100057676170234\/","article_modified_time":"2026-04-06T08:08:41+00:00","og_image":[{"width":1308,"height":1308,"url":"https:\/\/www.ghostysky.com\/wp-content\/uploads\/2026\/04\/GH_DJI-Avata-360-Two-Way-Charging-Hub_1.jpeg","type":"image\/jpeg"}],"twitter_card":"summary_large_image","twitter_site":"@Gh0stysky","twitter_misc":{"Dur\u00e9e de lecture estim\u00e9e":"2 minutes"},"schema":{"@context":"https:\/\/schema.org","@graph":[{"@type":"WebPage","@id":"https:\/\/www.ghostysky.com\/product\/dji-avata-360-two-way-charging-hub\/","url":"https:\/\/www.ghostysky.com\/product\/dji-avata-360-two-way-charging-hub\/","name":"Station de charge bidirectionnelle DJI Avata 360 - Ghostysky","isPartOf":{"@id":"https:\/\/www.ghostysky.com\/#website"},"primaryImageOfPage":{"@id":"https:\/\/www.ghostysky.com\/product\/dji-avata-360-two-way-charging-hub\/#primaryimage"},"image":{"@id":"https:\/\/www.ghostysky.com\/product\/dji-avata-360-two-way-charging-hub\/#primaryimage"},"thumbnailUrl":"https:\/\/www.ghostysky.com\/wp-content\/uploads\/2026\/04\/GH_DJI-Avata-360-Two-Way-Charging-Hub_1.jpeg","datePublished":"2026-04-06T08:00:20+00:00","dateModified":"2026-04-06T08:08:41+00:00","description":"Le hub de charge bidirectionnel DJI Avata 360 est un accessoire de gestion d&#039;alimentation haute performance con\u00e7u sp\u00e9cifiquement pour l&#039;\u00e9cosyst\u00e8me Avata 360. Il remplit trois fonctions principales\u00a0: le rangement organis\u00e9 des batteries, la charge rapide de plusieurs batteries et une batterie externe portable pour vos appareils mobiles. Contrairement aux chargeurs s\u00e9quentiels classiques, ce hub prend en charge la charge en parall\u00e8le lorsqu&#039;il est associ\u00e9 \u00e0 un adaptateur suffisamment puissant, vous permettant ainsi de passer moins de temps \u00e0 recharger et plus de temps en vol.","breadcrumb":{"@id":"https:\/\/www.ghostysky.com\/product\/dji-avata-360-two-way-charging-hub\/#breadcrumb"},"inLanguage":"fr-FR","potentialAction":[{"@type":"ReadAction","target":["https:\/\/www.ghostysky.com\/product\/dji-avata-360-two-way-charging-hub\/"]}]},{"@type":"ImageObject","inLanguage":"fr-FR","@id":"https:\/\/www.ghostysky.com\/product\/dji-avata-360-two-way-charging-hub\/#primaryimage","url":"https:\/\/www.ghostysky.com\/wp-content\/uploads\/2026\/04\/GH_DJI-Avata-360-Two-Way-Charging-Hub_1.jpeg","contentUrl":"https:\/\/www.ghostysky.com\/wp-content\/uploads\/2026\/04\/GH_DJI-Avata-360-Two-Way-Charging-Hub_1.jpeg","width":1308,"height":1308},{"@type":"BreadcrumbList","@id":"https:\/\/www.ghostysky.com\/product\/dji-avata-360-two-way-charging-hub\/#breadcrumb","itemListElement":[{"@type":"ListItem","position":1,"name":"Home","item":"https:\/\/www.ghostysky.com\/"},{"@type":"ListItem","position":2,"name":"Shop","item":"https:\/\/www.ghostysky.com\/shop\/"},{"@type":"ListItem","position":3,"name":"DJI Avata 360 Two-Way Charging Hub"}]},{"@type":"WebSite","@id":"https:\/\/www.ghostysky.com\/#website","url":"https:\/\/www.ghostysky.com\/","name":"Ghostysky","description":"Livraison de drones et de services professionnels","publisher":{"@id":"https:\/\/www.ghostysky.com\/#organization"},"potentialAction":[{"@type":"SearchAction","target":{"@type":"EntryPoint","urlTemplate":"https:\/\/www.ghostysky.com\/?s={search_term_string}"},"query-input":{"@type":"PropertyValueSpecification","valueRequired":true,"valueName":"search_term_string"}}],"inLanguage":"fr-FR"},{"@type":"Organization","@id":"https:\/\/www.ghostysky.com\/#organization","name":"Ghostysky","url":"https:\/\/www.ghostysky.com\/","logo":{"@type":"ImageObject","inLanguage":"fr-FR","@id":"https:\/\/www.ghostysky.com\/#\/schema\/logo\/image\/","url":"https:\/\/www.ghostysky.com\/wp-content\/uploads\/2020\/06\/cropped-ghostyskylogo_text_white2.png","contentUrl":"https:\/\/www.ghostysky.com\/wp-content\/uploads\/2020\/06\/cropped-ghostyskylogo_text_white2.png","width":169,"height":56,"caption":"Ghostysky"},"image":{"@id":"https:\/\/www.ghostysky.com\/#\/schema\/logo\/image\/"},"sameAs":["https:\/\/www.facebook.com\/people\/Ghostysky\/100057676170234\/","https:\/\/x.com\/Gh0stysky","https:\/\/www.linkedin.com\/company\/34739653","https:\/\/www.instagram.com\/gh0stysky"]}]}},"_links":{"self":[{"href":"https:\/\/www.ghostysky.com\/fr\/wp-json\/wp\/v2\/product\/24975","targetHints":{"allow":["GET"]}}],"collection":[{"href":"https:\/\/www.ghostysky.com\/fr\/wp-json\/wp\/v2\/product"}],"about":[{"href":"https:\/\/www.ghostysky.com\/fr\/wp-json\/wp\/v2\/types\/product"}],"replies":[{"embeddable":true,"href":"https:\/\/www.ghostysky.com\/fr\/wp-json\/wp\/v2\/comments?post=24975"}],"wp:featuredmedia":[{"embeddable":true,"href":"https:\/\/www.ghostysky.com\/fr\/wp-json\/wp\/v2\/media\/24980"}],"wp:attachment":[{"href":"https:\/\/www.ghostysky.com\/fr\/wp-json\/wp\/v2\/media?parent=24975"}],"wp:term":[{"taxonomy":"product_brand","embeddable":true,"href":"https:\/\/www.ghostysky.com\/fr\/wp-json\/wp\/v2\/product_brand?post=24975"},{"taxonomy":"product_cat","embeddable":true,"href":"https:\/\/www.ghostysky.com\/fr\/wp-json\/wp\/v2\/product_cat?post=24975"},{"taxonomy":"product_tag","embeddable":true,"href":"https:\/\/www.ghostysky.com\/fr\/wp-json\/wp\/v2\/product_tag?post=24975"}],"curies":[{"name":"wp","href":"https:\/\/api.w.org\/{rel}","templated":true}]}}