{"id":25063,"date":"2026-04-08T07:59:22","date_gmt":"2026-04-08T07:59:22","guid":{"rendered":"https:\/\/www.ghostysky.com\/?post_type=product&#038;p=25063"},"modified":"2026-04-08T08:09:33","modified_gmt":"2026-04-08T08:09:33","slug":"agibot-d1-maxpro","status":"publish","type":"product","link":"https:\/\/www.ghostysky.com\/fr\/product\/agibot-d1-maxpro\/","title":{"rendered":"AgiBot D1 MaxPro"},"content":{"rendered":"<div class=\"container\">\n<div id=\"model-response-message-contentr_60ea0ffe44cd0278\" class=\"markdown markdown-main-panel stronger enable-updated-hr-color\" dir=\"ltr\" aria-live=\"polite\" aria-busy=\"false\">\n<h3 data-path-to-node=\"3\">Principales caract\u00e9ristiques et performances<\/h3>\n<ul data-path-to-node=\"4\">\n<li>\n<p data-path-to-node=\"4,0,0\"><b data-path-to-node=\"4,0,0\" data-index-in-node=\"0\">Charge utile exceptionnelle\u00a0:<\/b><span class=\"citation-24 citation-end-24\"> Contrairement \u00e0 ses homologues plus l\u00e9gers \u201c\u00a0Edu\u00a0\u201d ou \u201c\u00a0Pro\u00a0\u201d, le MaxPro est une v\u00e9ritable b\u00eate de somme.<\/span> <span class=\"citation-23\">Il g\u00e8re un <\/span><b data-path-to-node=\"4,0,0\" data-index-in-node=\"115\"><span class=\"citation-23\">Charge utile stable de 50 kg<\/span><\/b><span class=\"citation-23\"> et peut supporter une charge maximale allant jusqu&#039;\u00e0 <\/span><b data-path-to-node=\"4,0,0\" data-index-in-node=\"184\"><span class=\"citation-23\">100 kg<\/span><\/b><span class=\"citation-23 citation-end-23\">, ce qui le rend id\u00e9al pour transporter des r\u00e9seaux de capteurs lourds, des fournitures logistiques ou du mat\u00e9riel d&#039;urgence.<\/span><\/p>\n<\/li>\n<li>\n<p data-path-to-node=\"4,1,0\"><b data-path-to-node=\"4,1,0\" data-index-in-node=\"0\">Endurance in\u00e9gal\u00e9e dans le secteur\u00a0:<\/b> Dot\u00e9 d&#039;une batterie haute capacit\u00e9 de 2160 Wh, il offre jusqu&#039;\u00e0 <b data-path-to-node=\"4,1,0\" data-index-in-node=\"90\">5,5 heures d&#039;autonomie<\/b> (d\u00e9charg\u00e9). <span class=\"citation-22\">M\u00eame \u00e0 pleine capacit\u00e9 op\u00e9rationnelle, il conserve une fen\u00eatre de fonctionnement de 2,5 heures, gr\u00e2ce \u00e0 un <\/span><b data-path-to-node=\"4,1,0\" data-index-in-node=\"213\"><span class=\"citation-22\">batterie rempla\u00e7able \u00e0 chaud<\/span><\/b><span class=\"citation-22 citation-end-22\"> Syst\u00e8me garantissant une disponibilit\u00e9 24h\/24 et 7j\/7.<\/span><\/p>\n<\/li>\n<li>\n<p data-path-to-node=\"4,2,0\"><b data-path-to-node=\"4,2,0\" data-index-in-node=\"0\"><span class=\"citation-21\">Locomotion pilot\u00e9e par RL\u00a0:<\/span><\/b><span class=\"citation-21\"> Aliment\u00e9 par des technologies de pointe <\/span><b data-path-to-node=\"4,2,0\" data-index-in-node=\"42\"><span class=\"citation-21\">Apprentissage par renforcement (RL)<\/span><\/b><span class=\"citation-21 citation-end-21\"> Gr\u00e2ce \u00e0 ses algorithmes, le MaxPro adapte sa d\u00e9marche en temps r\u00e9el.<\/span> <span class=\"citation-20\">Il peut monter des escaliers continus jusqu&#039;\u00e0 <\/span><b data-path-to-node=\"4,2,0\" data-index-in-node=\"160\"><span class=\"citation-20\">30 cm<\/span><\/b><span class=\"citation-20 citation-end-20\">, naviguer sur des pentes \u00e0 45\u00b0 et se remettre instantan\u00e9ment des glissades ou des chocs ext\u00e9rieurs.<\/span><\/p>\n<\/li>\n<li>\n<p data-path-to-node=\"4,3,0\"><b data-path-to-node=\"4,3,0\" data-index-in-node=\"0\"><span class=\"citation-19\">Fiabilit\u00e9 robuste :<\/span><\/b><span class=\"citation-19\"> Avec un <\/span><b data-path-to-node=\"4,3,0\" data-index-in-node=\"28\"><span class=\"citation-19\">Indice de protection IP67<\/span><\/b><span class=\"citation-19 citation-end-19\">, Le robot est totalement \u00e9tanche \u00e0 la poussi\u00e8re et peut r\u00e9sister \u00e0 l&#039;immersion dans l&#039;eau.<\/span> Sa plage de temp\u00e9ratures de fonctionnement est de <b data-path-to-node=\"4,3,0\" data-index-in-node=\"157\">-20\u00b0C \u00e0 55\u00b0C<\/b> garantit des performances optimales dans tous les environnements, des conditions arctiques aux zones industrielles \u00e0 haute temp\u00e9rature.<\/p>\n<div class=\"source-inline-chip-container ng-star-inserted\"><\/div>\n<\/li>\n<\/ul>\n<h3 data-path-to-node=\"6\">Sp\u00e9cifications techniques<\/h3>\n<div class=\"horizontal-scroll-wrapper\">\n<div class=\"table-block-component\">\n<div class=\"table-block has-export-button new-table-style is-at-scroll-start is-at-scroll-end\">\n<div class=\"table-content not-end-of-paragraph\" data-hveid=\"0\" data-ved=\"0CAAQ3ecQahcKEwi6v5n9492TAxUAAAAAHQAAAAAQRQ\">\n<table data-path-to-node=\"7\">\n<thead>\n<tr>\n<th><span data-path-to-node=\"7,0,0,0\">Fonctionnalit\u00e9<\/span><\/th>\n<th><span data-path-to-node=\"7,0,1,0\">Sp\u00e9cification<\/span><\/th>\n<\/tr>\n<\/thead>\n<tbody>\n<tr>\n<td><span data-path-to-node=\"7,1,0,0\"><b data-path-to-node=\"7,1,0,0\" data-index-in-node=\"0\">Poids (batterie incluse)<\/b><\/span><\/td>\n<td><span data-path-to-node=\"7,1,1,0\">64 kg<\/span><\/td>\n<\/tr>\n<tr>\n<td><span data-path-to-node=\"7,2,0,0\"><b data-path-to-node=\"7,2,0,0\" data-index-in-node=\"0\">Vitesse maximale<\/b><\/span><\/td>\n<td><span data-path-to-node=\"7,2,1,0\">3,5 m\/s<\/span><\/td>\n<\/tr>\n<tr>\n<td><span data-path-to-node=\"7,3,0,0\"><b data-path-to-node=\"7,3,0,0\" data-index-in-node=\"0\">Charge utile maximale<\/b><\/span><\/td>\n<td><span data-path-to-node=\"7,3,1,0\">100 kg (charge admissible de 50 kg)<\/span><\/td>\n<\/tr>\n<tr>\n<td><span data-path-to-node=\"7,4,0,0\"><b data-path-to-node=\"7,4,0,0\" data-index-in-node=\"0\">Autonomie de la batterie<\/b><\/span><\/td>\n<td><span data-path-to-node=\"7,4,1,0\">2,5 h (charg\u00e9) \u00e0 5,5 h (d\u00e9charg\u00e9)<\/span><\/td>\n<\/tr>\n<tr>\n<td><span data-path-to-node=\"7,5,0,0\"><b data-path-to-node=\"7,5,0,0\" data-index-in-node=\"0\">D\u00e9gagement d&#039;obstacles<\/b><\/span><\/td>\n<td><span data-path-to-node=\"7,5,1,0\">30 cm (escaliers)<\/span><\/td>\n<\/tr>\n<tr>\n<td><span data-path-to-node=\"7,6,0,0\"><b data-path-to-node=\"7,6,0,0\" data-index-in-node=\"0\">Capteurs<\/b><\/span><\/td>\n<td><span data-path-to-node=\"7,6,1,0\">LiDAR 96 lignes (360\u00b0), double cam\u00e9ra grand angle 2 MP<\/span><\/td>\n<\/tr>\n<tr>\n<td><span data-path-to-node=\"7,7,0,0\"><b data-path-to-node=\"7,7,0,0\" data-index-in-node=\"0\">Interfaces<\/b><\/span><\/td>\n<td><span data-path-to-node=\"7,7,1,0\">Ethernet Gigabit, USB 3.0, 4G, alimentation 12 V\/24 V\/48 V<\/span><\/td>\n<\/tr>\n<\/tbody>\n<\/table>\n<h3>Pourquoi choisir le MaxPro ?<\/h3>\n<\/div>\n<\/div>\n<\/div>\n<\/div>\n<p data-path-to-node=\"10\"><span class=\"citation-18\">Alors que le D1 Pro standard est parfait pour les laboratoires et que le D1 Ultra est con\u00e7u pour les inspections compactes, le <\/span><b data-path-to-node=\"10\" data-index-in-node=\"101\"><span class=\"citation-18\">MaxPro<\/span><\/b><span class=\"citation-18 citation-end-18\"> Il est con\u00e7u pour les utilisateurs qui ont besoin d&#039;un \u201c camion \u201d dans un corps de robot.<\/span><\/p>\n<ol start=\"1\" data-path-to-node=\"11\">\n<li>\n<p data-path-to-node=\"11,0,0\"><b data-path-to-node=\"11,0,0\" data-index-in-node=\"0\"><span class=\"citation-17\">Inspection industrielle :<\/span><\/b><span class=\"citation-17 citation-end-17\"> Emportez simultan\u00e9ment des cam\u00e9ras thermiques, des d\u00e9tecteurs de gaz et un LiDAR pour automatiser les patrouilles de routine dans les zones dangereuses.<\/span><\/p>\n<\/li>\n<li>\n<p data-path-to-node=\"11,1,0\"><b data-path-to-node=\"11,1,0\" data-index-in-node=\"0\"><span class=\"citation-16\">Intervention d&#039;urgence :<\/span><\/b><span class=\"citation-16 citation-end-16\"> Intervenir dans les zones sinistr\u00e9es pour acheminer des relais de communication ou des fournitures m\u00e9dicales l\u00e0 o\u00f9 les roues et les chenilles sont impraticables.<\/span><\/p>\n<\/li>\n<li>\n<p data-path-to-node=\"11,2,0\"><b data-path-to-node=\"11,2,0\" data-index-in-node=\"0\"><span class=\"citation-15\">Logistique autonome :<\/span><\/b><span class=\"citation-15 citation-end-15\"> D\u00e9placer des outils ou des pi\u00e8ces lourdes sur des sols d&#039;usine encombr\u00e9s ou des chantiers de construction ext\u00e9rieurs avec une intervention humaine minimale.<\/span><\/p>\n<div class=\"source-inline-chip-container ng-star-inserted\"><\/div>\n<\/li>\n<\/ol>\n<blockquote data-path-to-node=\"12\">\n<p data-path-to-node=\"12,0\"><b data-path-to-node=\"12,0\" data-index-in-node=\"0\"><span class=\"citation-14\">Conseil d&#039;expert\u00a0:<\/span><\/b><span class=\"citation-14\"> Si votre projet n\u00e9cessite des patrouilles urbaines \u00e0 grande vitesse sur des surfaces planes, envisagez le <\/span><b data-path-to-node=\"12,0\" data-index-in-node=\"96\"><span class=\"citation-14\">AgiBot D1 Max<\/span><\/b><span class=\"citation-14 citation-end-14\"> (l&#039;hybride \u00e0 roues et pattes).<\/span> <span class=\"citation-13\">Cependant, si votre mission implique des escaliers, des d\u00e9bris et un terrain ext\u00e9rieur impr\u00e9visible, <\/span><b data-path-to-node=\"12,0\" data-index-in-node=\"228\"><span class=\"citation-13\">MaxPro<\/span><\/b><span class=\"citation-13 citation-end-13\"> est le choix id\u00e9al pour une stabilit\u00e9 et une puissance brute optimales.<\/span><\/p>\n<\/blockquote>\n<\/div>\n<\/div>","protected":false},"excerpt":{"rendered":"<p><span class=\"citation-25\">Le <\/span><b data-path-to-node=\"1\" data-index-in-node=\"4\"><span class=\"citation-25\">AgiBot D1 MaxPro<\/span><\/b><span class=\"citation-25 citation-end-25\"> est un robot quadrup\u00e8de robuste de qualit\u00e9 industrielle, con\u00e7u pour combler le foss\u00e9 entre les plateformes de recherche agiles et les machines de terrain robustes.<\/span> Con\u00e7u pour les environnements \u00e0 haut risque tels que les centrales \u00e9nerg\u00e9tiques, les chantiers de construction et les zones d&#039;intervention d&#039;urgence, le MaxPro privil\u00e9gie <b data-path-to-node=\"1\" data-index-in-node=\"292\">capacit\u00e9 de charge utile<\/b> et <b data-path-to-node=\"1\" data-index-in-node=\"313\">endurance \u00e0 longue distance<\/b> sans sacrifier la mobilit\u00e9 tout-terrain qui caract\u00e9rise la s\u00e9rie AgiBot D1.<\/p>","protected":false},"featured_media":25066,"comment_status":"open","ping_status":"closed","template":"","meta":[],"product_brand":[1345],"product_cat":[1355,1039,1037],"product_tag":[1357],"class_list":{"0":"post-25063","1":"product","2":"type-product","3":"status-publish","4":"has-post-thumbnail","6":"product_brand-agibot","7":"product_cat-agibot-quad","8":"product_cat-quadruped","9":"product_cat-robotics","10":"product_tag-agibot-d1-series","12":"first","13":"outofstock","14":"taxable","15":"shipping-taxable","16":"product-type-simple"},"yoast_head":"<!-- This site is optimized with the Yoast SEO plugin v27.1.1 - https:\/\/yoast.com\/product\/yoast-seo-wordpress\/ -->\n<title>AgiBot D1 MaxPro - Ghostysky<\/title>\n<meta name=\"description\" content=\"The AgiBot D1 MaxPro is a heavy-duty, industrial-grade quadruped robot designed to bridge the gap between agile research platforms and rugged field machinery. Engineered for high-stakes environments like energy plants, construction sites, and emergency response zones, the MaxPro prioritizes payload capacity and long-range endurance without sacrificing the all-terrain mobility that defines the AgiBot D1 series.\" \/>\n<meta name=\"robots\" content=\"index, follow, max-snippet:-1, max-image-preview:large, max-video-preview:-1\" \/>\n<link rel=\"canonical\" href=\"https:\/\/www.ghostysky.com\/fr\/product\/agibot-d1-maxpro\/\" \/>\n<meta property=\"og:locale\" content=\"fr_FR\" \/>\n<meta property=\"og:type\" content=\"article\" \/>\n<meta property=\"og:title\" content=\"AgiBot D1 MaxPro - Ghostysky\" \/>\n<meta property=\"og:description\" content=\"The AgiBot D1 MaxPro is a heavy-duty, industrial-grade quadruped robot designed to bridge the gap between agile research platforms and rugged field machinery. Engineered for high-stakes environments like energy plants, construction sites, and emergency response zones, the MaxPro prioritizes payload capacity and long-range endurance without sacrificing the all-terrain mobility that defines the AgiBot D1 series.\" \/>\n<meta property=\"og:url\" content=\"https:\/\/www.ghostysky.com\/fr\/product\/agibot-d1-maxpro\/\" \/>\n<meta property=\"og:site_name\" content=\"Ghostysky\" \/>\n<meta property=\"article:publisher\" content=\"https:\/\/www.facebook.com\/people\/Ghostysky\/100057676170234\/\" \/>\n<meta property=\"article:modified_time\" content=\"2026-04-08T08:09:33+00:00\" \/>\n<meta property=\"og:image\" content=\"https:\/\/www.ghostysky.com\/wp-content\/uploads\/2026\/04\/GH_AgibotD1Maxpro_1.jpg\" \/>\n\t<meta property=\"og:image:width\" content=\"700\" \/>\n\t<meta property=\"og:image:height\" content=\"700\" \/>\n\t<meta property=\"og:image:type\" content=\"image\/jpeg\" \/>\n<meta name=\"twitter:card\" content=\"summary_large_image\" \/>\n<meta name=\"twitter:site\" content=\"@Gh0stysky\" \/>\n<meta name=\"twitter:label1\" content=\"Dur\u00e9e de lecture estim\u00e9e\" \/>\n\t<meta name=\"twitter:data1\" content=\"2 minutes\" \/>\n<script type=\"application\/ld+json\" class=\"yoast-schema-graph\">{\"@context\":\"https:\/\/schema.org\",\"@graph\":[{\"@type\":\"WebPage\",\"@id\":\"https:\/\/www.ghostysky.com\/product\/agibot-d1-maxpro\/\",\"url\":\"https:\/\/www.ghostysky.com\/product\/agibot-d1-maxpro\/\",\"name\":\"AgiBot D1 MaxPro - Ghostysky\",\"isPartOf\":{\"@id\":\"https:\/\/www.ghostysky.com\/#website\"},\"primaryImageOfPage\":{\"@id\":\"https:\/\/www.ghostysky.com\/product\/agibot-d1-maxpro\/#primaryimage\"},\"image\":{\"@id\":\"https:\/\/www.ghostysky.com\/product\/agibot-d1-maxpro\/#primaryimage\"},\"thumbnailUrl\":\"https:\/\/www.ghostysky.com\/wp-content\/uploads\/2026\/04\/GH_AgibotD1Maxpro_1.jpg\",\"datePublished\":\"2026-04-08T07:59:22+00:00\",\"dateModified\":\"2026-04-08T08:09:33+00:00\",\"description\":\"The AgiBot D1 MaxPro is a heavy-duty, industrial-grade quadruped robot designed to bridge the gap between agile research platforms and rugged field machinery. Engineered for high-stakes environments like energy plants, construction sites, and emergency response zones, the MaxPro prioritizes payload capacity and long-range endurance without sacrificing the all-terrain mobility that defines the AgiBot D1 series.\",\"breadcrumb\":{\"@id\":\"https:\/\/www.ghostysky.com\/product\/agibot-d1-maxpro\/#breadcrumb\"},\"inLanguage\":\"fr-FR\",\"potentialAction\":[{\"@type\":\"ReadAction\",\"target\":[\"https:\/\/www.ghostysky.com\/product\/agibot-d1-maxpro\/\"]}]},{\"@type\":\"ImageObject\",\"inLanguage\":\"fr-FR\",\"@id\":\"https:\/\/www.ghostysky.com\/product\/agibot-d1-maxpro\/#primaryimage\",\"url\":\"https:\/\/www.ghostysky.com\/wp-content\/uploads\/2026\/04\/GH_AgibotD1Maxpro_1.jpg\",\"contentUrl\":\"https:\/\/www.ghostysky.com\/wp-content\/uploads\/2026\/04\/GH_AgibotD1Maxpro_1.jpg\",\"width\":700,\"height\":700},{\"@type\":\"BreadcrumbList\",\"@id\":\"https:\/\/www.ghostysky.com\/product\/agibot-d1-maxpro\/#breadcrumb\",\"itemListElement\":[{\"@type\":\"ListItem\",\"position\":1,\"name\":\"Home\",\"item\":\"https:\/\/www.ghostysky.com\/\"},{\"@type\":\"ListItem\",\"position\":2,\"name\":\"Shop\",\"item\":\"https:\/\/www.ghostysky.com\/shop\/\"},{\"@type\":\"ListItem\",\"position\":3,\"name\":\"AgiBot D1 MaxPro\"}]},{\"@type\":\"WebSite\",\"@id\":\"https:\/\/www.ghostysky.com\/#website\",\"url\":\"https:\/\/www.ghostysky.com\/\",\"name\":\"Ghostysky\",\"description\":\"Delivering professional drones and services\",\"publisher\":{\"@id\":\"https:\/\/www.ghostysky.com\/#organization\"},\"potentialAction\":[{\"@type\":\"SearchAction\",\"target\":{\"@type\":\"EntryPoint\",\"urlTemplate\":\"https:\/\/www.ghostysky.com\/?s={search_term_string}\"},\"query-input\":{\"@type\":\"PropertyValueSpecification\",\"valueRequired\":true,\"valueName\":\"search_term_string\"}}],\"inLanguage\":\"fr-FR\"},{\"@type\":\"Organization\",\"@id\":\"https:\/\/www.ghostysky.com\/#organization\",\"name\":\"Ghostysky\",\"url\":\"https:\/\/www.ghostysky.com\/\",\"logo\":{\"@type\":\"ImageObject\",\"inLanguage\":\"fr-FR\",\"@id\":\"https:\/\/www.ghostysky.com\/#\/schema\/logo\/image\/\",\"url\":\"https:\/\/www.ghostysky.com\/wp-content\/uploads\/2020\/06\/cropped-ghostyskylogo_text_white2.png\",\"contentUrl\":\"https:\/\/www.ghostysky.com\/wp-content\/uploads\/2020\/06\/cropped-ghostyskylogo_text_white2.png\",\"width\":169,\"height\":56,\"caption\":\"Ghostysky\"},\"image\":{\"@id\":\"https:\/\/www.ghostysky.com\/#\/schema\/logo\/image\/\"},\"sameAs\":[\"https:\/\/www.facebook.com\/people\/Ghostysky\/100057676170234\/\",\"https:\/\/x.com\/Gh0stysky\",\"https:\/\/www.linkedin.com\/company\/34739653\",\"https:\/\/www.instagram.com\/gh0stysky\"]}]}<\/script>\n<!-- \/ Yoast SEO plugin. -->","yoast_head_json":{"title":"AgiBot D1 MaxPro - Ghostysky","description":"L&#039;AgiBot D1 MaxPro est un robot quadrup\u00e8de industriel robuste, con\u00e7u pour faire le lien entre les plateformes de recherche agiles et les engins de terrain r\u00e9sistants. Destin\u00e9 aux environnements \u00e0 haut risque tels que les centrales \u00e9nerg\u00e9tiques, les chantiers de construction et les zones d&#039;intervention d&#039;urgence, le MaxPro privil\u00e9gie la capacit\u00e9 de charge utile et l&#039;autonomie sur de longues distances sans compromettre la mobilit\u00e9 tout-terrain qui caract\u00e9rise la gamme AgiBot D1.","robots":{"index":"index","follow":"follow","max-snippet":"max-snippet:-1","max-image-preview":"max-image-preview:large","max-video-preview":"max-video-preview:-1"},"canonical":"https:\/\/www.ghostysky.com\/fr\/product\/agibot-d1-maxpro\/","og_locale":"fr_FR","og_type":"article","og_title":"AgiBot D1 MaxPro - Ghostysky","og_description":"The AgiBot D1 MaxPro is a heavy-duty, industrial-grade quadruped robot designed to bridge the gap between agile research platforms and rugged field machinery. Engineered for high-stakes environments like energy plants, construction sites, and emergency response zones, the MaxPro prioritizes payload capacity and long-range endurance without sacrificing the all-terrain mobility that defines the AgiBot D1 series.","og_url":"https:\/\/www.ghostysky.com\/fr\/product\/agibot-d1-maxpro\/","og_site_name":"Ghostysky","article_publisher":"https:\/\/www.facebook.com\/people\/Ghostysky\/100057676170234\/","article_modified_time":"2026-04-08T08:09:33+00:00","og_image":[{"width":700,"height":700,"url":"https:\/\/www.ghostysky.com\/wp-content\/uploads\/2026\/04\/GH_AgibotD1Maxpro_1.jpg","type":"image\/jpeg"}],"twitter_card":"summary_large_image","twitter_site":"@Gh0stysky","twitter_misc":{"Dur\u00e9e de lecture estim\u00e9e":"2 minutes"},"schema":{"@context":"https:\/\/schema.org","@graph":[{"@type":"WebPage","@id":"https:\/\/www.ghostysky.com\/product\/agibot-d1-maxpro\/","url":"https:\/\/www.ghostysky.com\/product\/agibot-d1-maxpro\/","name":"AgiBot D1 MaxPro - Ghostysky","isPartOf":{"@id":"https:\/\/www.ghostysky.com\/#website"},"primaryImageOfPage":{"@id":"https:\/\/www.ghostysky.com\/product\/agibot-d1-maxpro\/#primaryimage"},"image":{"@id":"https:\/\/www.ghostysky.com\/product\/agibot-d1-maxpro\/#primaryimage"},"thumbnailUrl":"https:\/\/www.ghostysky.com\/wp-content\/uploads\/2026\/04\/GH_AgibotD1Maxpro_1.jpg","datePublished":"2026-04-08T07:59:22+00:00","dateModified":"2026-04-08T08:09:33+00:00","description":"L&#039;AgiBot D1 MaxPro est un robot quadrup\u00e8de industriel robuste, con\u00e7u pour faire le lien entre les plateformes de recherche agiles et les engins de terrain r\u00e9sistants. Destin\u00e9 aux environnements \u00e0 haut risque tels que les centrales \u00e9nerg\u00e9tiques, les chantiers de construction et les zones d&#039;intervention d&#039;urgence, le MaxPro privil\u00e9gie la capacit\u00e9 de charge utile et l&#039;autonomie sur de longues distances sans compromettre la mobilit\u00e9 tout-terrain qui caract\u00e9rise la gamme AgiBot D1.","breadcrumb":{"@id":"https:\/\/www.ghostysky.com\/product\/agibot-d1-maxpro\/#breadcrumb"},"inLanguage":"fr-FR","potentialAction":[{"@type":"ReadAction","target":["https:\/\/www.ghostysky.com\/product\/agibot-d1-maxpro\/"]}]},{"@type":"ImageObject","inLanguage":"fr-FR","@id":"https:\/\/www.ghostysky.com\/product\/agibot-d1-maxpro\/#primaryimage","url":"https:\/\/www.ghostysky.com\/wp-content\/uploads\/2026\/04\/GH_AgibotD1Maxpro_1.jpg","contentUrl":"https:\/\/www.ghostysky.com\/wp-content\/uploads\/2026\/04\/GH_AgibotD1Maxpro_1.jpg","width":700,"height":700},{"@type":"BreadcrumbList","@id":"https:\/\/www.ghostysky.com\/product\/agibot-d1-maxpro\/#breadcrumb","itemListElement":[{"@type":"ListItem","position":1,"name":"Home","item":"https:\/\/www.ghostysky.com\/"},{"@type":"ListItem","position":2,"name":"Shop","item":"https:\/\/www.ghostysky.com\/shop\/"},{"@type":"ListItem","position":3,"name":"AgiBot D1 MaxPro"}]},{"@type":"WebSite","@id":"https:\/\/www.ghostysky.com\/#website","url":"https:\/\/www.ghostysky.com\/","name":"Ghostysky","description":"Livraison de drones et de services professionnels","publisher":{"@id":"https:\/\/www.ghostysky.com\/#organization"},"potentialAction":[{"@type":"SearchAction","target":{"@type":"EntryPoint","urlTemplate":"https:\/\/www.ghostysky.com\/?s={search_term_string}"},"query-input":{"@type":"PropertyValueSpecification","valueRequired":true,"valueName":"search_term_string"}}],"inLanguage":"fr-FR"},{"@type":"Organization","@id":"https:\/\/www.ghostysky.com\/#organization","name":"Ghostysky","url":"https:\/\/www.ghostysky.com\/","logo":{"@type":"ImageObject","inLanguage":"fr-FR","@id":"https:\/\/www.ghostysky.com\/#\/schema\/logo\/image\/","url":"https:\/\/www.ghostysky.com\/wp-content\/uploads\/2020\/06\/cropped-ghostyskylogo_text_white2.png","contentUrl":"https:\/\/www.ghostysky.com\/wp-content\/uploads\/2020\/06\/cropped-ghostyskylogo_text_white2.png","width":169,"height":56,"caption":"Ghostysky"},"image":{"@id":"https:\/\/www.ghostysky.com\/#\/schema\/logo\/image\/"},"sameAs":["https:\/\/www.facebook.com\/people\/Ghostysky\/100057676170234\/","https:\/\/x.com\/Gh0stysky","https:\/\/www.linkedin.com\/company\/34739653","https:\/\/www.instagram.com\/gh0stysky"]}]}},"_links":{"self":[{"href":"https:\/\/www.ghostysky.com\/fr\/wp-json\/wp\/v2\/product\/25063","targetHints":{"allow":["GET"]}}],"collection":[{"href":"https:\/\/www.ghostysky.com\/fr\/wp-json\/wp\/v2\/product"}],"about":[{"href":"https:\/\/www.ghostysky.com\/fr\/wp-json\/wp\/v2\/types\/product"}],"replies":[{"embeddable":true,"href":"https:\/\/www.ghostysky.com\/fr\/wp-json\/wp\/v2\/comments?post=25063"}],"wp:featuredmedia":[{"embeddable":true,"href":"https:\/\/www.ghostysky.com\/fr\/wp-json\/wp\/v2\/media\/25066"}],"wp:attachment":[{"href":"https:\/\/www.ghostysky.com\/fr\/wp-json\/wp\/v2\/media?parent=25063"}],"wp:term":[{"taxonomy":"product_brand","embeddable":true,"href":"https:\/\/www.ghostysky.com\/fr\/wp-json\/wp\/v2\/product_brand?post=25063"},{"taxonomy":"product_cat","embeddable":true,"href":"https:\/\/www.ghostysky.com\/fr\/wp-json\/wp\/v2\/product_cat?post=25063"},{"taxonomy":"product_tag","embeddable":true,"href":"https:\/\/www.ghostysky.com\/fr\/wp-json\/wp\/v2\/product_tag?post=25063"}],"curies":[{"name":"wp","href":"https:\/\/api.w.org\/{rel}","templated":true}]}}