{"id":25121,"date":"2026-04-08T14:25:03","date_gmt":"2026-04-08T14:25:03","guid":{"rendered":"https:\/\/www.ghostysky.com\/?post_type=product&#038;p=25121"},"modified":"2026-04-08T15:40:52","modified_gmt":"2026-04-08T15:40:52","slug":"rayneo-air-3s-ar-glasses","status":"publish","type":"product","link":"https:\/\/www.ghostysky.com\/fr\/product\/rayneo-air-3s-ar-glasses\/","title":{"rendered":"Lunettes de r\u00e9alit\u00e9 augment\u00e9e RayNeo Air 3s"},"content":{"rendered":"<h3 data-path-to-node=\"3\">Performances visuelles : Votre cin\u00e9ma de 201 pouces<\/h3>\n<p id=\"p-rc_464658f7a34a3944-20\" data-path-to-node=\"4\"><span class=\"citation-39\">Les Air 3 ne sont pas qu&#039;une simple paire de lunettes ; c&#039;est un moniteur portable qui simule un \u00e9cran g\u00e9ant <\/span><b data-path-to-node=\"4\" data-index-in-node=\"90\"><span class=\"citation-39\">\u00e9cran de 201 pouces<\/span><\/b><span class=\"citation-39 citation-end-39\"> (vu \u00e0 6 m\u00e8tres de distance).<\/span><\/p>\n<ul data-path-to-node=\"5\">\n<li>\n<p id=\"p-rc_464658f7a34a3944-21\" data-path-to-node=\"5,0,0\"><b data-path-to-node=\"5,0,0\" data-index-in-node=\"0\">Technologie d&#039;affichage\u00a0:<\/b><span class=\"citation-38\"> Utilise deux <\/span><b data-path-to-node=\"5,0,0\" data-index-in-node=\"24\"><span class=\"citation-38\">Micro-OLED<\/span><\/b><span class=\"citation-38 citation-end-38\"> panneaux (1920 x 1080 par \u0153il).<\/span><\/p>\n<\/li>\n<li>\n<p id=\"p-rc_464658f7a34a3944-22\" data-path-to-node=\"5,1,0\"><b data-path-to-node=\"5,1,0\" data-index-in-node=\"0\"><span class=\"citation-37\">Luminosit\u00e9:<\/span><\/b><span class=\"citation-37\"> Les Air 3 standard atteignent un niveau respectable <\/span><b data-path-to-node=\"5,1,0\" data-index-in-node=\"51\"><span class=\"citation-37\">650 nits<\/span><\/b><span class=\"citation-37\">, tandis que <\/span><b data-path-to-node=\"5,1,0\" data-index-in-node=\"71\"><span class=\"citation-37\">Version Pro<\/span><\/b><span class=\"citation-37\"> passe en t\u00eate de sa cat\u00e9gorie <\/span><b data-path-to-node=\"5,1,0\" data-index-in-node=\"108\"><span class=\"citation-37\">1 200 nits<\/span><\/b><span class=\"citation-37 citation-end-37\">, ce qui le rend visible m\u00eame dans des pi\u00e8ces lumineuses ou pr\u00e8s des hublots d&#039;un avion.<\/span><\/p>\n<\/li>\n<li>\n<p id=\"p-rc_464658f7a34a3944-23\" data-path-to-node=\"5,2,0\"><b data-path-to-node=\"5,2,0\" data-index-in-node=\"0\"><span class=\"citation-36\">Fr\u00e9quence de rafra\u00eechissement\u00a0:<\/span><\/b><span class=\"citation-36\"> Un natif <\/span><b data-path-to-node=\"5,2,0\" data-index-in-node=\"23\"><span class=\"citation-36\">Fr\u00e9quence de rafra\u00eechissement de 120 Hz<\/span><\/b><span class=\"citation-36 citation-end-36\"> assure une fluidit\u00e9 de mouvement exceptionnelle, essentielle pour les jeux AAA et les films d&#039;action \u00e0 grand spectacle.<\/span><\/p>\n<\/li>\n<li>\n<p id=\"p-rc_464658f7a34a3944-24\" data-path-to-node=\"5,3,0\"><b data-path-to-node=\"5,3,0\" data-index-in-node=\"0\"><span class=\"citation-35\">Pr\u00e9cision des couleurs\u00a0:<\/span><\/b><span class=\"citation-35\"> Couleur de qualit\u00e9 professionnelle avec <\/span><b data-path-to-node=\"5,3,0\" data-index-in-node=\"46\"><span class=\"citation-35\">98% DCI-P3<\/span><\/b><span class=\"citation-35 citation-end-35\"> couverture et une <\/span><span class=\"math-inline\" data-math=\"\\Delta E &lt; 2\" data-index-in-node=\"72\">$\\Delta E &lt; 2$<\/span><span class=\"citation-34 citation-end-34\">, ce qui signifie que ce que vous voyez est fid\u00e8le \u00e0 la vision du r\u00e9alisateur.<\/span><\/p>\n<\/li>\n<\/ul>\n<h3 data-path-to-node=\"6\">Design et confort : Con\u00e7u pour les fringales<\/h3>\n<p data-path-to-node=\"7\">RayNeo a mis l&#039;accent sur la l\u00e9g\u00e8ret\u00e9 de ces chaussures afin qu&#039;elles puissent \u00eatre port\u00e9es pendant un marathon Marvel complet.<\/p>\n<ul data-path-to-node=\"8\">\n<li>\n<p id=\"p-rc_464658f7a34a3944-25\" data-path-to-node=\"8,0,0\"><b data-path-to-node=\"8,0,0\" data-index-in-node=\"0\"><span class=\"citation-33\">Poids plume:<\/span><\/b><span class=\"citation-33\"> Pes\u00e9e uniquement <\/span><b data-path-to-node=\"8,0,0\" data-index-in-node=\"29\"><span class=\"citation-33\">76 g<\/span><\/b><span class=\"citation-33 citation-end-33\">, Elles sont \u00e0 peine plus lourdes qu&#039;une paire de lunettes de soleil haut de gamme standard.<\/span><\/p>\n<\/li>\n<li>\n<p id=\"p-rc_464658f7a34a3944-26\" data-path-to-node=\"8,1,0\"><b data-path-to-node=\"8,1,0\" data-index-in-node=\"0\"><span class=\"citation-32\">R\u00e9partition du poids :<\/span><\/b><span class=\"citation-32\"> Un \u00e9quilibre <\/span><b data-path-to-node=\"8,1,0\" data-index-in-node=\"32\"><span class=\"citation-32\">46.7% : 53.3%<\/span><\/b><span class=\"citation-32 citation-end-32\"> Le rapport avant-arri\u00e8re emp\u00eache les lunettes de glisser sur votre nez.<\/span><\/p>\n<\/li>\n<li>\n<p id=\"p-rc_464658f7a34a3944-27\" data-path-to-node=\"8,2,0\"><b data-path-to-node=\"8,2,0\" data-index-in-node=\"0\">Ajustement sur mesure :<\/b><span class=\"citation-31 citation-end-31\"> Dot\u00e9es de branches r\u00e9glables sur 9 niveaux et de plaquettes nasales r\u00e9glables sur 3 niveaux, elles s&#039;adaptent \u00e0 presque toutes les formes de visage.<\/span><\/p>\n<\/li>\n<li>\n<p id=\"p-rc_464658f7a34a3944-28\" data-path-to-node=\"8,3,0\"><b data-path-to-node=\"8,3,0\" data-index-in-node=\"0\">Soins oculaires :<\/b><span class=\"citation-30\"> Certifi\u00e9 par T\u00dcV S\u00dcD pour <\/span><b data-path-to-node=\"8,3,0\" data-index-in-node=\"35\"><span class=\"citation-30\">Lumi\u00e8re bleue faible<\/span><\/b><span class=\"citation-30\"> et <\/span><b data-path-to-node=\"8,3,0\" data-index-in-node=\"54\"><span class=\"citation-30\">Sans scintillement<\/span><\/b><span class=\"citation-30 citation-end-30\"> visualisation utilisant une gradation PWM haute fr\u00e9quence de 3\u00a0840\u00a0Hz pour r\u00e9duire la fatigue oculaire.<\/span><\/p>\n<\/li>\n<\/ul>\n<h3 data-path-to-node=\"9\">Audio : Priv\u00e9 et immersif<\/h3>\n<p id=\"p-rc_464658f7a34a3944-29\" data-path-to-node=\"10\"><span class=\"citation-29\">Les Air 3 pr\u00e9sentent une caract\u00e9ristique unique <\/span><b data-path-to-node=\"10\" data-index-in-node=\"29\"><span class=\"citation-29\">syst\u00e8me \u00e0 quatre haut-parleurs<\/span><\/b><span class=\"citation-29 citation-end-29\"> int\u00e9gr\u00e9s aux temples.<\/span><\/p>\n<ul data-path-to-node=\"11\">\n<li>\n<p id=\"p-rc_464658f7a34a3944-30\" data-path-to-node=\"11,0,0\"><b data-path-to-node=\"11,0,0\" data-index-in-node=\"0\"><span class=\"citation-28\">Mode Chuchotement\u2122 :<\/span><\/b><span class=\"citation-28 citation-end-28\"> La technologie avanc\u00e9e d&#039;annulation de phase acoustique pr\u00e9serve la confidentialit\u00e9 de votre audio, garantissant que la personne assise \u00e0 c\u00f4t\u00e9 de vous dans un bus ou un avion ne puisse pas entendre ce que vous regardez.<\/span><\/p>\n<\/li>\n<li>\n<p id=\"p-rc_464658f7a34a3944-31\" data-path-to-node=\"11,1,0\"><b data-path-to-node=\"11,1,0\" data-index-in-node=\"0\">Son surround 3D :<\/b><span class=\"citation-27 citation-end-27\"> Des algorithmes d\u00e9velopp\u00e9s en interne offrent une sc\u00e8ne sonore plus large pour une exp\u00e9rience de jeu plus immersive.<\/span><\/p>\n<\/li>\n<\/ul>\n<h3 data-path-to-node=\"12\">Connectivit\u00e9 et compatibilit\u00e9<\/h3>\n<p id=\"p-rc_464658f7a34a3944-32\" data-path-to-node=\"13\"><span class=\"citation-26\">Les lunettes sont \u201c plug-and-play \u201d avec tout appareil compatible. <\/span><b data-path-to-node=\"13\" data-index-in-node=\"62\"><span class=\"citation-26\">DisplayPort (DP) via USB-C<\/span><\/b><span class=\"citation-26 citation-end-26\">:<\/span><\/p>\n<ul data-path-to-node=\"14\">\n<li>\n<p id=\"p-rc_464658f7a34a3944-33\" data-path-to-node=\"14,0,0\"><b data-path-to-node=\"14,0,0\" data-index-in-node=\"0\">Jeux vid\u00e9o :<\/b><span class=\"citation-25 citation-end-25\"> Prise en charge native de Steam Deck, ROG Ally, PS5 et Nintendo Switch (avec un adaptateur).<\/span><\/p>\n<\/li>\n<li>\n<p id=\"p-rc_464658f7a34a3944-34\" data-path-to-node=\"14,1,0\"><b data-path-to-node=\"14,1,0\" data-index-in-node=\"0\"><span class=\"citation-24\">Mobile:<\/span><\/b><span class=\"citation-24 citation-end-24\"> Connexion directe pour iPhone 15\/16\/17 et la plupart des smartphones Android haut de gamme les plus r\u00e9cents.<\/span><\/p>\n<\/li>\n<li>\n<p id=\"p-rc_464658f7a34a3944-35\" data-path-to-node=\"14,2,0\"><b data-path-to-node=\"14,2,0\" data-index-in-node=\"0\"><span class=\"citation-23\">Ordinateurs portables :<\/span><\/b><span class=\"citation-23 citation-end-23\"> Fonctionne comme second \u00e9cran (ou \u00e9cran principal) priv\u00e9 pour les MacBook et les PC Windows.<\/span><\/p>\n<p>&nbsp;<\/li>\n<\/ul>\n<h3 data-path-to-node=\"16\">Comparaison rapide des sp\u00e9cifications<\/h3>\n<table data-path-to-node=\"17\">\n<thead>\n<tr>\n<td><strong>Fonctionnalit\u00e9<\/strong><\/td>\n<td><strong>RayNeo Air 3s<\/strong><\/td>\n<td><strong>RayNeo Air 3s Pro<\/strong><\/td>\n<\/tr>\n<\/thead>\n<tbody>\n<tr>\n<td><span data-path-to-node=\"17,1,0,0\"><b data-path-to-node=\"17,1,0,0\" data-index-in-node=\"0\">Luminosit\u00e9 maximale<\/b><\/span><\/td>\n<td><span data-path-to-node=\"17,1,1,0\">650 nits<\/span><\/td>\n<td><span data-path-to-node=\"17,1,2,0\">1 200 nits<\/span><\/td>\n<\/tr>\n<tr>\n<td><span data-path-to-node=\"17,2,0,0\"><b data-path-to-node=\"17,2,0,0\" data-index-in-node=\"0\">Taux de rafra\u00eechissement<\/b><\/span><\/td>\n<td><span data-path-to-node=\"17,2,1,0\">120 Hz<\/span><\/td>\n<td><span data-path-to-node=\"17,2,2,0\">120 Hz<\/span><\/td>\n<\/tr>\n<tr>\n<td><span data-path-to-node=\"17,3,0,0\"><b data-path-to-node=\"17,3,0,0\" data-index-in-node=\"0\">Poids<\/b><\/span><\/td>\n<td><span data-path-to-node=\"17,3,1,0\">76 g<\/span><\/td>\n<td><span data-path-to-node=\"17,3,2,0\">76 g<\/span><\/td>\n<\/tr>\n<tr>\n<td><span data-path-to-node=\"17,4,0,0\"><b data-path-to-node=\"17,4,0,0\" data-index-in-node=\"0\">Rapport de contraste<\/b><\/span><\/td>\n<td><span data-path-to-node=\"17,4,1,0\">200,000:1<\/span><\/td>\n<td><span data-path-to-node=\"17,4,2,0\">200,000:1<\/span><\/td>\n<\/tr>\n<tr>\n<td><span data-path-to-node=\"17,5,0,0\"><b data-path-to-node=\"17,5,0,0\" data-index-in-node=\"0\">Prix (approximatif)<\/b><\/span><\/td>\n<td><span data-path-to-node=\"17,5,1,0\">Contactez le service commercial<\/span><\/td>\n<td><span data-path-to-node=\"17,5,1,0\">Contactez le service commercial<\/span><\/td>\n<\/tr>\n<\/tbody>\n<\/table>\n<blockquote data-path-to-node=\"18\">\n<p id=\"p-rc_464658f7a34a3944-36\" data-path-to-node=\"18,0\"><b data-path-to-node=\"18,0\" data-index-in-node=\"0\"><span class=\"citation-22\">Conseil de pro\u00a0:<\/span><\/b><span class=\"citation-22 citation-end-22\"> Si vous portez des lunettes correctrices, vous devrez commander des inserts magn\u00e9tiques pour les verres.<\/span> <span class=\"citation-21 citation-end-21\">Contrairement \u00e0 certains mod\u00e8les plus volumineux, les Air 3 ne poss\u00e8dent pas de molettes de r\u00e9glage dioptrique int\u00e9gr\u00e9es, ce qui pr\u00e9serve la finesse et l&#039;\u00e9l\u00e9gance de la monture.<\/span><\/p>\n<\/blockquote>","protected":false},"excerpt":{"rendered":"<p><span class=\"citation-41\">Le <\/span><b data-path-to-node=\"0\" data-index-in-node=\"4\"><span class=\"citation-41\">RayNeo Air 3s<\/span><\/b><span class=\"citation-41\"> (et son fr\u00e8re l\u00e9g\u00e8rement am\u00e9lior\u00e9, le <\/span><b data-path-to-node=\"0\" data-index-in-node=\"58\"><span class=\"citation-41\">Air 3s Pro<\/span><\/b><span class=\"citation-41 citation-end-41\">) sont largement consid\u00e9r\u00e9es comme le \u201c point id\u00e9al \u201d pour les lunettes XR (r\u00e9alit\u00e9 \u00e9tendue) portables.<\/span> <span class=\"citation-40 citation-end-40\">Lanc\u00e9es mi-2025, elles privil\u00e9gient une exp\u00e9rience cin\u00e9matographique haut de gamme et des performances de jeu optimales, tout en restant nettement plus abordables que leurs concurrentes.<\/span><\/p>","protected":false},"featured_media":25122,"comment_status":"open","ping_status":"closed","template":"","meta":[],"product_brand":[1414],"product_cat":[1341,1413],"product_tag":[1415,1416],"class_list":{"0":"post-25121","1":"product","2":"type-product","3":"status-publish","4":"has-post-thumbnail","6":"product_brand-rayneo","7":"product_cat-ar-vr","8":"product_cat-rayneo","9":"product_tag-ar-glasses","10":"product_tag-rayneo","12":"first","13":"onbackorder","14":"taxable","15":"shipping-taxable","16":"product-type-simple"},"yoast_head":"<!-- This site is optimized with the Yoast SEO plugin v27.1.1 - https:\/\/yoast.com\/product\/yoast-seo-wordpress\/ -->\n<title>RayNeo Air 3s AR Glasses - Ghostysky<\/title>\n<meta name=\"description\" content=\"The RayNeo Air 3s (and its slightly upgraded sibling, the Air 3s Pro) are widely considered the &quot;sweet spot&quot; for portable XR (Extended Reality) glasses. Launched in mid-2025, they prioritize a high-end cinematic experience and gaming performance while remaining significantly more affordable than competitors.\" \/>\n<meta name=\"robots\" content=\"index, follow, max-snippet:-1, max-image-preview:large, max-video-preview:-1\" \/>\n<link rel=\"canonical\" href=\"https:\/\/www.ghostysky.com\/fr\/product\/rayneo-air-3s-ar-glasses\/\" \/>\n<meta property=\"og:locale\" content=\"fr_FR\" \/>\n<meta property=\"og:type\" content=\"article\" \/>\n<meta property=\"og:title\" content=\"RayNeo Air 3s AR Glasses - Ghostysky\" \/>\n<meta property=\"og:description\" content=\"The RayNeo Air 3s (and its slightly upgraded sibling, the Air 3s Pro) are widely considered the &quot;sweet spot&quot; for portable XR (Extended Reality) glasses. Launched in mid-2025, they prioritize a high-end cinematic experience and gaming performance while remaining significantly more affordable than competitors.\" \/>\n<meta property=\"og:url\" content=\"https:\/\/www.ghostysky.com\/fr\/product\/rayneo-air-3s-ar-glasses\/\" \/>\n<meta property=\"og:site_name\" content=\"Ghostysky\" \/>\n<meta property=\"article:publisher\" content=\"https:\/\/www.facebook.com\/people\/Ghostysky\/100057676170234\/\" \/>\n<meta property=\"article:modified_time\" content=\"2026-04-08T15:40:52+00:00\" \/>\n<meta property=\"og:image\" content=\"https:\/\/www.ghostysky.com\/wp-content\/uploads\/2026\/04\/GH_Air-3s-AR-Glasses_1.webp\" \/>\n\t<meta property=\"og:image:width\" content=\"1600\" \/>\n\t<meta property=\"og:image:height\" content=\"1600\" \/>\n\t<meta property=\"og:image:type\" content=\"image\/webp\" \/>\n<meta name=\"twitter:card\" content=\"summary_large_image\" \/>\n<meta name=\"twitter:site\" content=\"@Gh0stysky\" \/>\n<meta name=\"twitter:label1\" content=\"Dur\u00e9e de lecture estim\u00e9e\" \/>\n\t<meta name=\"twitter:data1\" content=\"2 minutes\" \/>\n<script type=\"application\/ld+json\" class=\"yoast-schema-graph\">{\"@context\":\"https:\/\/schema.org\",\"@graph\":[{\"@type\":\"WebPage\",\"@id\":\"https:\/\/www.ghostysky.com\/product\/rayneo-air-3s-ar-glasses\/\",\"url\":\"https:\/\/www.ghostysky.com\/product\/rayneo-air-3s-ar-glasses\/\",\"name\":\"RayNeo Air 3s AR Glasses - Ghostysky\",\"isPartOf\":{\"@id\":\"https:\/\/www.ghostysky.com\/#website\"},\"primaryImageOfPage\":{\"@id\":\"https:\/\/www.ghostysky.com\/product\/rayneo-air-3s-ar-glasses\/#primaryimage\"},\"image\":{\"@id\":\"https:\/\/www.ghostysky.com\/product\/rayneo-air-3s-ar-glasses\/#primaryimage\"},\"thumbnailUrl\":\"https:\/\/www.ghostysky.com\/wp-content\/uploads\/2026\/04\/GH_Air-3s-AR-Glasses_1.webp\",\"datePublished\":\"2026-04-08T14:25:03+00:00\",\"dateModified\":\"2026-04-08T15:40:52+00:00\",\"description\":\"The RayNeo Air 3s (and its slightly upgraded sibling, the Air 3s Pro) are widely considered the \\\"sweet spot\\\" for portable XR (Extended Reality) glasses. Launched in mid-2025, they prioritize a high-end cinematic experience and gaming performance while remaining significantly more affordable than competitors.\",\"breadcrumb\":{\"@id\":\"https:\/\/www.ghostysky.com\/product\/rayneo-air-3s-ar-glasses\/#breadcrumb\"},\"inLanguage\":\"fr-FR\",\"potentialAction\":[{\"@type\":\"ReadAction\",\"target\":[\"https:\/\/www.ghostysky.com\/product\/rayneo-air-3s-ar-glasses\/\"]}]},{\"@type\":\"ImageObject\",\"inLanguage\":\"fr-FR\",\"@id\":\"https:\/\/www.ghostysky.com\/product\/rayneo-air-3s-ar-glasses\/#primaryimage\",\"url\":\"https:\/\/www.ghostysky.com\/wp-content\/uploads\/2026\/04\/GH_Air-3s-AR-Glasses_1.webp\",\"contentUrl\":\"https:\/\/www.ghostysky.com\/wp-content\/uploads\/2026\/04\/GH_Air-3s-AR-Glasses_1.webp\",\"width\":1600,\"height\":1600},{\"@type\":\"BreadcrumbList\",\"@id\":\"https:\/\/www.ghostysky.com\/product\/rayneo-air-3s-ar-glasses\/#breadcrumb\",\"itemListElement\":[{\"@type\":\"ListItem\",\"position\":1,\"name\":\"Home\",\"item\":\"https:\/\/www.ghostysky.com\/\"},{\"@type\":\"ListItem\",\"position\":2,\"name\":\"Shop\",\"item\":\"https:\/\/www.ghostysky.com\/shop\/\"},{\"@type\":\"ListItem\",\"position\":3,\"name\":\"RayNeo Air 3s AR Glasses\"}]},{\"@type\":\"WebSite\",\"@id\":\"https:\/\/www.ghostysky.com\/#website\",\"url\":\"https:\/\/www.ghostysky.com\/\",\"name\":\"Ghostysky\",\"description\":\"Delivering professional drones and services\",\"publisher\":{\"@id\":\"https:\/\/www.ghostysky.com\/#organization\"},\"potentialAction\":[{\"@type\":\"SearchAction\",\"target\":{\"@type\":\"EntryPoint\",\"urlTemplate\":\"https:\/\/www.ghostysky.com\/?s={search_term_string}\"},\"query-input\":{\"@type\":\"PropertyValueSpecification\",\"valueRequired\":true,\"valueName\":\"search_term_string\"}}],\"inLanguage\":\"fr-FR\"},{\"@type\":\"Organization\",\"@id\":\"https:\/\/www.ghostysky.com\/#organization\",\"name\":\"Ghostysky\",\"url\":\"https:\/\/www.ghostysky.com\/\",\"logo\":{\"@type\":\"ImageObject\",\"inLanguage\":\"fr-FR\",\"@id\":\"https:\/\/www.ghostysky.com\/#\/schema\/logo\/image\/\",\"url\":\"https:\/\/www.ghostysky.com\/wp-content\/uploads\/2020\/06\/cropped-ghostyskylogo_text_white2.png\",\"contentUrl\":\"https:\/\/www.ghostysky.com\/wp-content\/uploads\/2020\/06\/cropped-ghostyskylogo_text_white2.png\",\"width\":169,\"height\":56,\"caption\":\"Ghostysky\"},\"image\":{\"@id\":\"https:\/\/www.ghostysky.com\/#\/schema\/logo\/image\/\"},\"sameAs\":[\"https:\/\/www.facebook.com\/people\/Ghostysky\/100057676170234\/\",\"https:\/\/x.com\/Gh0stysky\",\"https:\/\/www.linkedin.com\/company\/34739653\",\"https:\/\/www.instagram.com\/gh0stysky\"]}]}<\/script>\n<!-- \/ Yoast SEO plugin. -->","yoast_head_json":{"title":"Lunettes AR RayNeo Air 3s - Ghostysky","description":"Les RayNeo Air 3s (et leur version l\u00e9g\u00e8rement am\u00e9lior\u00e9e, les Air 3s Pro) sont largement consid\u00e9r\u00e9es comme le meilleur compromis en mati\u00e8re de lunettes XR (r\u00e9alit\u00e9 \u00e9tendue) portables. Lanc\u00e9es mi-2025, elles privil\u00e9gient une exp\u00e9rience cin\u00e9matographique haut de gamme et des performances de jeu optimales, tout en restant nettement plus abordables que leurs concurrentes.","robots":{"index":"index","follow":"follow","max-snippet":"max-snippet:-1","max-image-preview":"max-image-preview:large","max-video-preview":"max-video-preview:-1"},"canonical":"https:\/\/www.ghostysky.com\/fr\/product\/rayneo-air-3s-ar-glasses\/","og_locale":"fr_FR","og_type":"article","og_title":"RayNeo Air 3s AR Glasses - Ghostysky","og_description":"The RayNeo Air 3s (and its slightly upgraded sibling, the Air 3s Pro) are widely considered the \"sweet spot\" for portable XR (Extended Reality) glasses. Launched in mid-2025, they prioritize a high-end cinematic experience and gaming performance while remaining significantly more affordable than competitors.","og_url":"https:\/\/www.ghostysky.com\/fr\/product\/rayneo-air-3s-ar-glasses\/","og_site_name":"Ghostysky","article_publisher":"https:\/\/www.facebook.com\/people\/Ghostysky\/100057676170234\/","article_modified_time":"2026-04-08T15:40:52+00:00","og_image":[{"width":1600,"height":1600,"url":"https:\/\/www.ghostysky.com\/wp-content\/uploads\/2026\/04\/GH_Air-3s-AR-Glasses_1.webp","type":"image\/webp"}],"twitter_card":"summary_large_image","twitter_site":"@Gh0stysky","twitter_misc":{"Dur\u00e9e de lecture estim\u00e9e":"2 minutes"},"schema":{"@context":"https:\/\/schema.org","@graph":[{"@type":"WebPage","@id":"https:\/\/www.ghostysky.com\/product\/rayneo-air-3s-ar-glasses\/","url":"https:\/\/www.ghostysky.com\/product\/rayneo-air-3s-ar-glasses\/","name":"Lunettes AR RayNeo Air 3s - Ghostysky","isPartOf":{"@id":"https:\/\/www.ghostysky.com\/#website"},"primaryImageOfPage":{"@id":"https:\/\/www.ghostysky.com\/product\/rayneo-air-3s-ar-glasses\/#primaryimage"},"image":{"@id":"https:\/\/www.ghostysky.com\/product\/rayneo-air-3s-ar-glasses\/#primaryimage"},"thumbnailUrl":"https:\/\/www.ghostysky.com\/wp-content\/uploads\/2026\/04\/GH_Air-3s-AR-Glasses_1.webp","datePublished":"2026-04-08T14:25:03+00:00","dateModified":"2026-04-08T15:40:52+00:00","description":"Les RayNeo Air 3s (et leur version l\u00e9g\u00e8rement am\u00e9lior\u00e9e, les Air 3s Pro) sont largement consid\u00e9r\u00e9es comme le meilleur compromis en mati\u00e8re de lunettes XR (r\u00e9alit\u00e9 \u00e9tendue) portables. Lanc\u00e9es mi-2025, elles privil\u00e9gient une exp\u00e9rience cin\u00e9matographique haut de gamme et des performances de jeu optimales, tout en restant nettement plus abordables que leurs concurrentes.","breadcrumb":{"@id":"https:\/\/www.ghostysky.com\/product\/rayneo-air-3s-ar-glasses\/#breadcrumb"},"inLanguage":"fr-FR","potentialAction":[{"@type":"ReadAction","target":["https:\/\/www.ghostysky.com\/product\/rayneo-air-3s-ar-glasses\/"]}]},{"@type":"ImageObject","inLanguage":"fr-FR","@id":"https:\/\/www.ghostysky.com\/product\/rayneo-air-3s-ar-glasses\/#primaryimage","url":"https:\/\/www.ghostysky.com\/wp-content\/uploads\/2026\/04\/GH_Air-3s-AR-Glasses_1.webp","contentUrl":"https:\/\/www.ghostysky.com\/wp-content\/uploads\/2026\/04\/GH_Air-3s-AR-Glasses_1.webp","width":1600,"height":1600},{"@type":"BreadcrumbList","@id":"https:\/\/www.ghostysky.com\/product\/rayneo-air-3s-ar-glasses\/#breadcrumb","itemListElement":[{"@type":"ListItem","position":1,"name":"Home","item":"https:\/\/www.ghostysky.com\/"},{"@type":"ListItem","position":2,"name":"Shop","item":"https:\/\/www.ghostysky.com\/shop\/"},{"@type":"ListItem","position":3,"name":"RayNeo Air 3s AR Glasses"}]},{"@type":"WebSite","@id":"https:\/\/www.ghostysky.com\/#website","url":"https:\/\/www.ghostysky.com\/","name":"Ghostysky","description":"Livraison de drones et de services professionnels","publisher":{"@id":"https:\/\/www.ghostysky.com\/#organization"},"potentialAction":[{"@type":"SearchAction","target":{"@type":"EntryPoint","urlTemplate":"https:\/\/www.ghostysky.com\/?s={search_term_string}"},"query-input":{"@type":"PropertyValueSpecification","valueRequired":true,"valueName":"search_term_string"}}],"inLanguage":"fr-FR"},{"@type":"Organization","@id":"https:\/\/www.ghostysky.com\/#organization","name":"Ghostysky","url":"https:\/\/www.ghostysky.com\/","logo":{"@type":"ImageObject","inLanguage":"fr-FR","@id":"https:\/\/www.ghostysky.com\/#\/schema\/logo\/image\/","url":"https:\/\/www.ghostysky.com\/wp-content\/uploads\/2020\/06\/cropped-ghostyskylogo_text_white2.png","contentUrl":"https:\/\/www.ghostysky.com\/wp-content\/uploads\/2020\/06\/cropped-ghostyskylogo_text_white2.png","width":169,"height":56,"caption":"Ghostysky"},"image":{"@id":"https:\/\/www.ghostysky.com\/#\/schema\/logo\/image\/"},"sameAs":["https:\/\/www.facebook.com\/people\/Ghostysky\/100057676170234\/","https:\/\/x.com\/Gh0stysky","https:\/\/www.linkedin.com\/company\/34739653","https:\/\/www.instagram.com\/gh0stysky"]}]}},"_links":{"self":[{"href":"https:\/\/www.ghostysky.com\/fr\/wp-json\/wp\/v2\/product\/25121","targetHints":{"allow":["GET"]}}],"collection":[{"href":"https:\/\/www.ghostysky.com\/fr\/wp-json\/wp\/v2\/product"}],"about":[{"href":"https:\/\/www.ghostysky.com\/fr\/wp-json\/wp\/v2\/types\/product"}],"replies":[{"embeddable":true,"href":"https:\/\/www.ghostysky.com\/fr\/wp-json\/wp\/v2\/comments?post=25121"}],"wp:featuredmedia":[{"embeddable":true,"href":"https:\/\/www.ghostysky.com\/fr\/wp-json\/wp\/v2\/media\/25122"}],"wp:attachment":[{"href":"https:\/\/www.ghostysky.com\/fr\/wp-json\/wp\/v2\/media?parent=25121"}],"wp:term":[{"taxonomy":"product_brand","embeddable":true,"href":"https:\/\/www.ghostysky.com\/fr\/wp-json\/wp\/v2\/product_brand?post=25121"},{"taxonomy":"product_cat","embeddable":true,"href":"https:\/\/www.ghostysky.com\/fr\/wp-json\/wp\/v2\/product_cat?post=25121"},{"taxonomy":"product_tag","embeddable":true,"href":"https:\/\/www.ghostysky.com\/fr\/wp-json\/wp\/v2\/product_tag?post=25121"}],"curies":[{"name":"wp","href":"https:\/\/api.w.org\/{rel}","templated":true}]}}