{"id":25126,"date":"2026-04-08T14:36:57","date_gmt":"2026-04-08T14:36:57","guid":{"rendered":"https:\/\/www.ghostysky.com\/?post_type=product&#038;p=25126"},"modified":"2026-04-08T15:51:36","modified_gmt":"2026-04-08T15:51:36","slug":"rayneo-air-2s-ar-glasses","status":"publish","type":"product","link":"https:\/\/www.ghostysky.com\/fr\/product\/rayneo-air-2s-ar-glasses\/","title":{"rendered":"Lunettes de r\u00e9alit\u00e9 augment\u00e9e RayNeo Air 2s"},"content":{"rendered":"<h3 data-path-to-node=\"2\">Sp\u00e9cifications de base<\/h3>\n<table data-path-to-node=\"3\">\n<thead>\n<tr>\n<td><strong>Fonctionnalit\u00e9<\/strong><\/td>\n<td><strong>Sp\u00e9cification<\/strong><\/td>\n<\/tr>\n<\/thead>\n<tbody>\n<tr>\n<td><span data-path-to-node=\"3,1,0,0\"><b data-path-to-node=\"3,1,0,0\" data-index-in-node=\"0\">Afficher<\/b><\/span><\/td>\n<td><span data-path-to-node=\"3,1,1,0\">Double micro-OLED Sony<\/span><\/td>\n<\/tr>\n<tr>\n<td><span data-path-to-node=\"3,2,0,0\"><b data-path-to-node=\"3,2,0,0\" data-index-in-node=\"0\">R\u00e9solution<\/b><\/span><\/td>\n<td><span data-path-to-node=\"3,2,1,0\">1920 x 1080 par \u0153il (3840 x 1080 en mode 3D)<\/span><\/td>\n<\/tr>\n<tr>\n<td><span data-path-to-node=\"3,3,0,0\"><b data-path-to-node=\"3,3,0,0\" data-index-in-node=\"0\">\u00c9cran virtuel<\/b><\/span><\/td>\n<td><span data-path-to-node=\"3,3,1,0\">\u00c9quivalent 201 pouces (per\u00e7u \u00e0 6 m\u00e8tres)<\/span><\/td>\n<\/tr>\n<tr>\n<td><span data-path-to-node=\"3,4,0,0\"><b data-path-to-node=\"3,4,0,0\" data-index-in-node=\"0\">Taux de rafra\u00eechissement<\/b><\/span><\/td>\n<td><span data-path-to-node=\"3,4,1,0\">120 Hz (mode jeu) \/ 60 Hz (standard)<\/span><\/td>\n<\/tr>\n<tr>\n<td><span data-path-to-node=\"3,5,0,0\"><b data-path-to-node=\"3,5,0,0\" data-index-in-node=\"0\">Luminosit\u00e9 maximale<\/b><\/span><\/td>\n<td><span data-path-to-node=\"3,5,1,0\">600 nits (r\u00e9glage sur 10 niveaux)<\/span><\/td>\n<\/tr>\n<tr>\n<td><span data-path-to-node=\"3,6,0,0\"><b data-path-to-node=\"3,6,0,0\" data-index-in-node=\"0\">Poids<\/b><\/span><\/td>\n<td><span data-path-to-node=\"3,6,1,0\">environ 78 grammes<\/span><\/td>\n<\/tr>\n<tr>\n<td><span data-path-to-node=\"3,7,0,0\"><b data-path-to-node=\"3,7,0,0\" data-index-in-node=\"0\">Champ de vision<\/b><\/span><\/td>\n<td><span data-path-to-node=\"3,7,1,0\">46\u00b0<\/span><\/td>\n<\/tr>\n<tr>\n<td><span data-path-to-node=\"3,8,0,0\"><b data-path-to-node=\"3,8,0,0\" data-index-in-node=\"0\">PPD<\/b><\/span><\/td>\n<td><span data-path-to-node=\"3,8,1,0\">49 pixels par degr\u00e9<\/span><\/td>\n<\/tr>\n<\/tbody>\n<\/table>\n<p>&nbsp;<\/p>\n<h3 data-path-to-node=\"5\">Points cl\u00e9s<\/h3>\n<h4 data-path-to-node=\"6\">1. \u00c9cran virtuel massif de 201 pouces<\/h4>\n<p id=\"p-rc_fc3382045d936fe3-66\" data-path-to-node=\"7\"><span class=\"citation-179 citation-end-179\">Les Air 2 utilisent la technologie Micro OLED de Sony pour projeter un \u00e9cran virtuel g\u00e9ant qui donne l&#039;impression d&#039;\u00eatre assis dans une salle de cin\u00e9ma.<\/span> <span class=\"citation-178 citation-end-178\">Avec un taux de contraste \u00e9lev\u00e9 (100 000:1) et une gamme de couleurs sRGB 108%, les images sont vives, nettes et offrent des noirs profonds que les \u00e9crans LCD standard ne peuvent \u00e9galer.<\/span><\/p>\n<h4 data-path-to-node=\"8\">2. <span class=\"citation-177 citation-end-177\">Jeu ultra-fluide \u00e0 120 Hz<\/span><\/h4>\n<p id=\"p-rc_fc3382045d936fe3-67\" data-path-to-node=\"9\"><span class=\"citation-176\">Contrairement \u00e0 de nombreuses lunettes AR d&#039;entr\u00e9e de gamme, les Air 2s prennent en charge un <\/span><b data-path-to-node=\"9\" data-index-in-node=\"58\"><span class=\"citation-176\">Fr\u00e9quence de rafra\u00eechissement de 120 Hz<\/span><\/b><span class=\"citation-176 citation-end-176\">.<\/span> <span class=\"citation-175\">Cela en fait un compagnon id\u00e9al pour les consoles portables comme la <\/span><b data-path-to-node=\"9\" data-index-in-node=\"142\"><span class=\"citation-175\">Steam Deck, ROG Ally et Nintendo Switch<\/span><\/b><span class=\"citation-175\">, ou pour se connecter \u00e0 un <\/span><b data-path-to-node=\"9\" data-index-in-node=\"208\"><span class=\"citation-175\">PS5\/Xbox<\/span><\/b><span class=\"citation-175 citation-end-175\"> pour un gameplay fluide et sans latence.<\/span><\/p>\n<h4 data-path-to-node=\"10\">3. <span class=\"citation-174 citation-end-174\">Syst\u00e8me audio \u00e0 quatre haut-parleurs am\u00e9lior\u00e9<\/span><\/h4>\n<p id=\"p-rc_fc3382045d936fe3-68\" data-path-to-node=\"11\"><span class=\"citation-173\">L&#039;une des am\u00e9liorations les plus marquantes par rapport au RayNeo Air 2 original est le <\/span><b data-path-to-node=\"11\" data-index-in-node=\"71\"><span class=\"citation-173\">syst\u00e8me sym\u00e9trique \u00e0 quatre haut-parleurs<\/span><\/b><span class=\"citation-173 citation-end-173\">.<\/span> <span class=\"citation-172 citation-end-172\">Il offre un gain de plage dynamique de 400%, d\u00e9livrant un son st\u00e9r\u00e9o \u00e9tonnamment riche.<\/span> Pour des raisons de confidentialit\u00e9, le <b data-path-to-node=\"11\" data-index-in-node=\"207\">Mode Chuchotement 2.0<\/b> utilise la technologie d&#039;annulation de phase pour garantir que vous seul entendiez le son, m\u00eame dans des environnements silencieux.<\/p>\n<h4 data-path-to-node=\"12\">4. <span class=\"citation-171 citation-end-171\">Conception ergonomique \u201c FlexiFit \u201d<\/span><\/h4>\n<p id=\"p-rc_fc3382045d936fe3-69\" data-path-to-node=\"13\"><span class=\"citation-170 citation-end-170\">Pesant seulement 78 g (environ le poids de deux paires de lunettes de soleil standard), ces lunettes sont con\u00e7ues pour un confort durable.<\/span><\/p>\n<ul data-path-to-node=\"14\">\n<li>\n<p id=\"p-rc_fc3382045d936fe3-70\" data-path-to-node=\"14,0,0\"><b data-path-to-node=\"14,0,0\" data-index-in-node=\"0\"><span class=\"citation-169\">FlexiFit en 9 points\u00a0:<\/span><\/b><span class=\"citation-169 citation-end-169\"> Les branches et les plaquettes nasales r\u00e9glables vous permettent d&#039;incliner les \u00e9crans pour un angle de vision parfait.<\/span><\/p>\n<\/li>\n<li>\n<p id=\"p-rc_fc3382045d936fe3-71\" data-path-to-node=\"14,1,0\"><b data-path-to-node=\"14,1,0\" data-index-in-node=\"0\">Certifi\u00e9 T\u00dcV Rheinland :<\/b><span class=\"citation-168 citation-end-168\"> Dot\u00e9 de certifications de faible lumi\u00e8re bleue et sans scintillement pour r\u00e9duire la fatigue oculaire lors du visionnage intensif de programmes.<\/span><\/p>\n<\/li>\n<\/ul>\n<h4 data-path-to-node=\"15\">5. Connectivit\u00e9 Plug-and-Play<\/h4>\n<p id=\"p-rc_fc3382045d936fe3-72\" data-path-to-node=\"16\"><span class=\"citation-167\">Les lunettes se connectent via un seul <\/span><b data-path-to-node=\"16\" data-index-in-node=\"33\"><span class=\"citation-167\">USB-C (mode alternatif DisplayPort)<\/span><\/b><span class=\"citation-167 citation-end-167\"> c\u00e2ble.<\/span><\/p>\n<ul data-path-to-node=\"17\">\n<li>\n<p id=\"p-rc_fc3382045d936fe3-73\" data-path-to-node=\"17,0,0\"><b data-path-to-node=\"17,0,0\" data-index-in-node=\"0\"><span class=\"citation-166\">Compatible avec\u00a0:<\/span><\/b><span class=\"citation-166 citation-end-166\"> S\u00e9rie iPhone 15\/16, smartphones Android haut de gamme, MacBook, iPad et ordinateurs portables Windows.<\/span><\/p>\n<\/li>\n<li>\n<p id=\"p-rc_fc3382045d936fe3-74\" data-path-to-node=\"17,1,0\"><b data-path-to-node=\"17,1,0\" data-index-in-node=\"0\">Note:<\/b><span class=\"citation-165 citation-end-165\"> Les anciens iPhones ou les consoles uniquement HDMI (comme la station d&#039;accueil originale de la Nintendo Switch) n\u00e9cessitent le RayNeo MiraScreen ou un adaptateur d\u00e9di\u00e9.<\/span><\/p>\n<p>&nbsp;<\/li>\n<\/ul>\n<h3 data-path-to-node=\"19\">\u00c9l\u00e9ments \u00e0 prendre en compte<\/h3>\n<ul data-path-to-node=\"20\">\n<li>\n<p id=\"p-rc_fc3382045d936fe3-75\" data-path-to-node=\"20,0,0\"><b data-path-to-node=\"20,0,0\" data-index-in-node=\"0\"><span class=\"citation-164 citation-end-164\">Pas de batterie int\u00e9gr\u00e9e\u00a0:<\/span><\/b><span class=\"citation-163 citation-end-163\"> Les lunettes tirent leur \u00e9nergie directement de l&#039;appareil connect\u00e9.<\/span><\/p>\n<\/li>\n<li>\n<p id=\"p-rc_fc3382045d936fe3-76\" data-path-to-node=\"20,1,0\"><b data-path-to-node=\"20,1,0\" data-index-in-node=\"0\">Fuite de lumi\u00e8re :<\/b> Contrairement aux casques de r\u00e9alit\u00e9 virtuelle, ceux-ci sont ouverts sur les c\u00f4t\u00e9s. <span class=\"citation-162 citation-end-162\">Bien qu&#039;elles soient sombres, elles ne sont pas totalement opaques ; dans les pi\u00e8ces lumineuses, l&#039;image peut donc \u00eatre l\u00e9g\u00e8rement d\u00e9lav\u00e9e, sauf si vous utilisez un cache tiers.<\/span><\/p>\n<\/li>\n<li>\n<p id=\"p-rc_fc3382045d936fe3-77\" data-path-to-node=\"20,2,0\"><b data-path-to-node=\"20,2,0\" data-index-in-node=\"0\"><span class=\"citation-161 interactive-span-hovered\">Besoins en m\u00e9dicaments sur ordonnance :<\/span><\/b><span class=\"citation-161 citation-end-161 interactive-span-hovered\"> Si vous portez des lunettes, les Air 2 ne disposent pas de r\u00e9glage dioptrique int\u00e9gr\u00e9\u00a0; vous devrez utiliser la monture de verres correcteurs incluse pour faire r\u00e9aliser des verres chez un opticien.<\/span><\/p>\n<\/li>\n<\/ul>","protected":false},"excerpt":{"rendered":"<p><span class=\"citation-180 interactive-span-hovered\">Le <\/span><b data-path-to-node=\"0\" data-index-in-node=\"4\"><span class=\"citation-180 interactive-span-hovered\">RayNeo Air 2s<\/span><\/b><span class=\"citation-180 citation-end-180 interactive-span-hovered\"> (de TCL) est une paire de lunettes XR (Extended Reality) l\u00e9g\u00e8res con\u00e7ues pour fonctionner comme un moniteur portable haute d\u00e9finition.<\/span> Lanc\u00e9s mi-2024, ils se positionnent comme un \u201c cin\u00e9ma priv\u00e9 \u201d et un \u00e9cran de jeu haute performance qui tient dans la poche.<\/p>","protected":false},"featured_media":25140,"comment_status":"open","ping_status":"closed","template":"","meta":[],"product_brand":[1414],"product_cat":[1341,1413],"product_tag":[1415,1416],"class_list":{"0":"post-25126","1":"product","2":"type-product","3":"status-publish","4":"has-post-thumbnail","6":"product_brand-rayneo","7":"product_cat-ar-vr","8":"product_cat-rayneo","9":"product_tag-ar-glasses","10":"product_tag-rayneo","12":"first","13":"onbackorder","14":"taxable","15":"shipping-taxable","16":"product-type-simple"},"yoast_head":"<!-- This site is optimized with the Yoast SEO plugin v27.1.1 - https:\/\/yoast.com\/product\/yoast-seo-wordpress\/ -->\n<title>RayNeo Air 2s AR Glasses - Ghostysky<\/title>\n<meta name=\"description\" content=\"The RayNeo Air 2s (by TCL) is a pair of lightweight XR (Extended Reality) glasses designed to function as a portable, high-definition wearable monitor. Launched in mid-2024, they are positioned as a &quot;private cinema&quot; and a high-performance gaming display that fits in your pocket.\" \/>\n<meta name=\"robots\" content=\"index, follow, max-snippet:-1, max-image-preview:large, max-video-preview:-1\" \/>\n<link rel=\"canonical\" href=\"https:\/\/www.ghostysky.com\/fr\/product\/rayneo-air-2s-ar-glasses\/\" \/>\n<meta property=\"og:locale\" content=\"fr_FR\" \/>\n<meta property=\"og:type\" content=\"article\" \/>\n<meta property=\"og:title\" content=\"RayNeo Air 2s AR Glasses - Ghostysky\" \/>\n<meta property=\"og:description\" content=\"The RayNeo Air 2s (by TCL) is a pair of lightweight XR (Extended Reality) glasses designed to function as a portable, high-definition wearable monitor. Launched in mid-2024, they are positioned as a &quot;private cinema&quot; and a high-performance gaming display that fits in your pocket.\" \/>\n<meta property=\"og:url\" content=\"https:\/\/www.ghostysky.com\/fr\/product\/rayneo-air-2s-ar-glasses\/\" \/>\n<meta property=\"og:site_name\" content=\"Ghostysky\" \/>\n<meta property=\"article:publisher\" content=\"https:\/\/www.facebook.com\/people\/Ghostysky\/100057676170234\/\" \/>\n<meta property=\"article:modified_time\" content=\"2026-04-08T15:51:36+00:00\" \/>\n<meta property=\"og:image\" content=\"https:\/\/www.ghostysky.com\/wp-content\/uploads\/2026\/04\/GH_RayNeo-Air-2s-AR-Glasses_1.webp\" \/>\n\t<meta property=\"og:image:width\" content=\"1600\" \/>\n\t<meta property=\"og:image:height\" content=\"1600\" \/>\n\t<meta property=\"og:image:type\" content=\"image\/webp\" \/>\n<meta name=\"twitter:card\" content=\"summary_large_image\" \/>\n<meta name=\"twitter:site\" content=\"@Gh0stysky\" \/>\n<meta name=\"twitter:label1\" content=\"Dur\u00e9e de lecture estim\u00e9e\" \/>\n\t<meta name=\"twitter:data1\" content=\"2 minutes\" \/>\n<script type=\"application\/ld+json\" class=\"yoast-schema-graph\">{\"@context\":\"https:\/\/schema.org\",\"@graph\":[{\"@type\":\"WebPage\",\"@id\":\"https:\/\/www.ghostysky.com\/product\/rayneo-air-2s-ar-glasses\/\",\"url\":\"https:\/\/www.ghostysky.com\/product\/rayneo-air-2s-ar-glasses\/\",\"name\":\"RayNeo Air 2s AR Glasses - Ghostysky\",\"isPartOf\":{\"@id\":\"https:\/\/www.ghostysky.com\/#website\"},\"primaryImageOfPage\":{\"@id\":\"https:\/\/www.ghostysky.com\/product\/rayneo-air-2s-ar-glasses\/#primaryimage\"},\"image\":{\"@id\":\"https:\/\/www.ghostysky.com\/product\/rayneo-air-2s-ar-glasses\/#primaryimage\"},\"thumbnailUrl\":\"https:\/\/www.ghostysky.com\/wp-content\/uploads\/2026\/04\/GH_RayNeo-Air-2s-AR-Glasses_1.webp\",\"datePublished\":\"2026-04-08T14:36:57+00:00\",\"dateModified\":\"2026-04-08T15:51:36+00:00\",\"description\":\"The RayNeo Air 2s (by TCL) is a pair of lightweight XR (Extended Reality) glasses designed to function as a portable, high-definition wearable monitor. Launched in mid-2024, they are positioned as a \\\"private cinema\\\" and a high-performance gaming display that fits in your pocket.\",\"breadcrumb\":{\"@id\":\"https:\/\/www.ghostysky.com\/product\/rayneo-air-2s-ar-glasses\/#breadcrumb\"},\"inLanguage\":\"fr-FR\",\"potentialAction\":[{\"@type\":\"ReadAction\",\"target\":[\"https:\/\/www.ghostysky.com\/product\/rayneo-air-2s-ar-glasses\/\"]}]},{\"@type\":\"ImageObject\",\"inLanguage\":\"fr-FR\",\"@id\":\"https:\/\/www.ghostysky.com\/product\/rayneo-air-2s-ar-glasses\/#primaryimage\",\"url\":\"https:\/\/www.ghostysky.com\/wp-content\/uploads\/2026\/04\/GH_RayNeo-Air-2s-AR-Glasses_1.webp\",\"contentUrl\":\"https:\/\/www.ghostysky.com\/wp-content\/uploads\/2026\/04\/GH_RayNeo-Air-2s-AR-Glasses_1.webp\",\"width\":1600,\"height\":1600},{\"@type\":\"BreadcrumbList\",\"@id\":\"https:\/\/www.ghostysky.com\/product\/rayneo-air-2s-ar-glasses\/#breadcrumb\",\"itemListElement\":[{\"@type\":\"ListItem\",\"position\":1,\"name\":\"Home\",\"item\":\"https:\/\/www.ghostysky.com\/\"},{\"@type\":\"ListItem\",\"position\":2,\"name\":\"Shop\",\"item\":\"https:\/\/www.ghostysky.com\/shop\/\"},{\"@type\":\"ListItem\",\"position\":3,\"name\":\"RayNeo Air 2s AR Glasses\"}]},{\"@type\":\"WebSite\",\"@id\":\"https:\/\/www.ghostysky.com\/#website\",\"url\":\"https:\/\/www.ghostysky.com\/\",\"name\":\"Ghostysky\",\"description\":\"Delivering professional drones and services\",\"publisher\":{\"@id\":\"https:\/\/www.ghostysky.com\/#organization\"},\"potentialAction\":[{\"@type\":\"SearchAction\",\"target\":{\"@type\":\"EntryPoint\",\"urlTemplate\":\"https:\/\/www.ghostysky.com\/?s={search_term_string}\"},\"query-input\":{\"@type\":\"PropertyValueSpecification\",\"valueRequired\":true,\"valueName\":\"search_term_string\"}}],\"inLanguage\":\"fr-FR\"},{\"@type\":\"Organization\",\"@id\":\"https:\/\/www.ghostysky.com\/#organization\",\"name\":\"Ghostysky\",\"url\":\"https:\/\/www.ghostysky.com\/\",\"logo\":{\"@type\":\"ImageObject\",\"inLanguage\":\"fr-FR\",\"@id\":\"https:\/\/www.ghostysky.com\/#\/schema\/logo\/image\/\",\"url\":\"https:\/\/www.ghostysky.com\/wp-content\/uploads\/2020\/06\/cropped-ghostyskylogo_text_white2.png\",\"contentUrl\":\"https:\/\/www.ghostysky.com\/wp-content\/uploads\/2020\/06\/cropped-ghostyskylogo_text_white2.png\",\"width\":169,\"height\":56,\"caption\":\"Ghostysky\"},\"image\":{\"@id\":\"https:\/\/www.ghostysky.com\/#\/schema\/logo\/image\/\"},\"sameAs\":[\"https:\/\/www.facebook.com\/people\/Ghostysky\/100057676170234\/\",\"https:\/\/x.com\/Gh0stysky\",\"https:\/\/www.linkedin.com\/company\/34739653\",\"https:\/\/www.instagram.com\/gh0stysky\"]}]}<\/script>\n<!-- \/ Yoast SEO plugin. -->","yoast_head_json":{"title":"Lunettes de r\u00e9alit\u00e9 augment\u00e9e RayNeo Air 2s - Ghostysky","description":"Les RayNeo Air 2 (de TCL) sont des lunettes XR (r\u00e9alit\u00e9 \u00e9tendue) l\u00e9g\u00e8res con\u00e7ues pour servir de moniteur portable haute d\u00e9finition. Lanc\u00e9es mi-2024, elles se positionnent comme un \"\u00a0cin\u00e9ma priv\u00e9\u00a0\" et un \u00e9cran de jeu haute performance qui tient dans la poche.","robots":{"index":"index","follow":"follow","max-snippet":"max-snippet:-1","max-image-preview":"max-image-preview:large","max-video-preview":"max-video-preview:-1"},"canonical":"https:\/\/www.ghostysky.com\/fr\/product\/rayneo-air-2s-ar-glasses\/","og_locale":"fr_FR","og_type":"article","og_title":"RayNeo Air 2s AR Glasses - Ghostysky","og_description":"The RayNeo Air 2s (by TCL) is a pair of lightweight XR (Extended Reality) glasses designed to function as a portable, high-definition wearable monitor. Launched in mid-2024, they are positioned as a \"private cinema\" and a high-performance gaming display that fits in your pocket.","og_url":"https:\/\/www.ghostysky.com\/fr\/product\/rayneo-air-2s-ar-glasses\/","og_site_name":"Ghostysky","article_publisher":"https:\/\/www.facebook.com\/people\/Ghostysky\/100057676170234\/","article_modified_time":"2026-04-08T15:51:36+00:00","og_image":[{"width":1600,"height":1600,"url":"https:\/\/www.ghostysky.com\/wp-content\/uploads\/2026\/04\/GH_RayNeo-Air-2s-AR-Glasses_1.webp","type":"image\/webp"}],"twitter_card":"summary_large_image","twitter_site":"@Gh0stysky","twitter_misc":{"Dur\u00e9e de lecture estim\u00e9e":"2 minutes"},"schema":{"@context":"https:\/\/schema.org","@graph":[{"@type":"WebPage","@id":"https:\/\/www.ghostysky.com\/product\/rayneo-air-2s-ar-glasses\/","url":"https:\/\/www.ghostysky.com\/product\/rayneo-air-2s-ar-glasses\/","name":"Lunettes de r\u00e9alit\u00e9 augment\u00e9e RayNeo Air 2s - Ghostysky","isPartOf":{"@id":"https:\/\/www.ghostysky.com\/#website"},"primaryImageOfPage":{"@id":"https:\/\/www.ghostysky.com\/product\/rayneo-air-2s-ar-glasses\/#primaryimage"},"image":{"@id":"https:\/\/www.ghostysky.com\/product\/rayneo-air-2s-ar-glasses\/#primaryimage"},"thumbnailUrl":"https:\/\/www.ghostysky.com\/wp-content\/uploads\/2026\/04\/GH_RayNeo-Air-2s-AR-Glasses_1.webp","datePublished":"2026-04-08T14:36:57+00:00","dateModified":"2026-04-08T15:51:36+00:00","description":"Les RayNeo Air 2 (de TCL) sont des lunettes XR (r\u00e9alit\u00e9 \u00e9tendue) l\u00e9g\u00e8res con\u00e7ues pour servir de moniteur portable haute d\u00e9finition. Lanc\u00e9es mi-2024, elles se positionnent comme un \"\u00a0cin\u00e9ma priv\u00e9\u00a0\" et un \u00e9cran de jeu haute performance qui tient dans la poche.","breadcrumb":{"@id":"https:\/\/www.ghostysky.com\/product\/rayneo-air-2s-ar-glasses\/#breadcrumb"},"inLanguage":"fr-FR","potentialAction":[{"@type":"ReadAction","target":["https:\/\/www.ghostysky.com\/product\/rayneo-air-2s-ar-glasses\/"]}]},{"@type":"ImageObject","inLanguage":"fr-FR","@id":"https:\/\/www.ghostysky.com\/product\/rayneo-air-2s-ar-glasses\/#primaryimage","url":"https:\/\/www.ghostysky.com\/wp-content\/uploads\/2026\/04\/GH_RayNeo-Air-2s-AR-Glasses_1.webp","contentUrl":"https:\/\/www.ghostysky.com\/wp-content\/uploads\/2026\/04\/GH_RayNeo-Air-2s-AR-Glasses_1.webp","width":1600,"height":1600},{"@type":"BreadcrumbList","@id":"https:\/\/www.ghostysky.com\/product\/rayneo-air-2s-ar-glasses\/#breadcrumb","itemListElement":[{"@type":"ListItem","position":1,"name":"Home","item":"https:\/\/www.ghostysky.com\/"},{"@type":"ListItem","position":2,"name":"Shop","item":"https:\/\/www.ghostysky.com\/shop\/"},{"@type":"ListItem","position":3,"name":"RayNeo Air 2s AR Glasses"}]},{"@type":"WebSite","@id":"https:\/\/www.ghostysky.com\/#website","url":"https:\/\/www.ghostysky.com\/","name":"Ghostysky","description":"Livraison de drones et de services professionnels","publisher":{"@id":"https:\/\/www.ghostysky.com\/#organization"},"potentialAction":[{"@type":"SearchAction","target":{"@type":"EntryPoint","urlTemplate":"https:\/\/www.ghostysky.com\/?s={search_term_string}"},"query-input":{"@type":"PropertyValueSpecification","valueRequired":true,"valueName":"search_term_string"}}],"inLanguage":"fr-FR"},{"@type":"Organization","@id":"https:\/\/www.ghostysky.com\/#organization","name":"Ghostysky","url":"https:\/\/www.ghostysky.com\/","logo":{"@type":"ImageObject","inLanguage":"fr-FR","@id":"https:\/\/www.ghostysky.com\/#\/schema\/logo\/image\/","url":"https:\/\/www.ghostysky.com\/wp-content\/uploads\/2020\/06\/cropped-ghostyskylogo_text_white2.png","contentUrl":"https:\/\/www.ghostysky.com\/wp-content\/uploads\/2020\/06\/cropped-ghostyskylogo_text_white2.png","width":169,"height":56,"caption":"Ghostysky"},"image":{"@id":"https:\/\/www.ghostysky.com\/#\/schema\/logo\/image\/"},"sameAs":["https:\/\/www.facebook.com\/people\/Ghostysky\/100057676170234\/","https:\/\/x.com\/Gh0stysky","https:\/\/www.linkedin.com\/company\/34739653","https:\/\/www.instagram.com\/gh0stysky"]}]}},"_links":{"self":[{"href":"https:\/\/www.ghostysky.com\/fr\/wp-json\/wp\/v2\/product\/25126","targetHints":{"allow":["GET"]}}],"collection":[{"href":"https:\/\/www.ghostysky.com\/fr\/wp-json\/wp\/v2\/product"}],"about":[{"href":"https:\/\/www.ghostysky.com\/fr\/wp-json\/wp\/v2\/types\/product"}],"replies":[{"embeddable":true,"href":"https:\/\/www.ghostysky.com\/fr\/wp-json\/wp\/v2\/comments?post=25126"}],"wp:featuredmedia":[{"embeddable":true,"href":"https:\/\/www.ghostysky.com\/fr\/wp-json\/wp\/v2\/media\/25140"}],"wp:attachment":[{"href":"https:\/\/www.ghostysky.com\/fr\/wp-json\/wp\/v2\/media?parent=25126"}],"wp:term":[{"taxonomy":"product_brand","embeddable":true,"href":"https:\/\/www.ghostysky.com\/fr\/wp-json\/wp\/v2\/product_brand?post=25126"},{"taxonomy":"product_cat","embeddable":true,"href":"https:\/\/www.ghostysky.com\/fr\/wp-json\/wp\/v2\/product_cat?post=25126"},{"taxonomy":"product_tag","embeddable":true,"href":"https:\/\/www.ghostysky.com\/fr\/wp-json\/wp\/v2\/product_tag?post=25126"}],"curies":[{"name":"wp","href":"https:\/\/api.w.org\/{rel}","templated":true}]}}