{"id":25147,"date":"2026-04-08T16:24:54","date_gmt":"2026-04-08T16:24:54","guid":{"rendered":"https:\/\/www.ghostysky.com\/?post_type=product&#038;p=25147"},"modified":"2026-04-11T07:26:35","modified_gmt":"2026-04-11T07:26:35","slug":"rayneo-x3-pro-aiar-smart-glasses","status":"publish","type":"product","link":"https:\/\/www.ghostysky.com\/fr\/product\/rayneo-x3-pro-aiar-smart-glasses\/","title":{"rendered":"Lunettes intelligentes RayNeo X3 Pro AI+AR"},"content":{"rendered":"<h3 data-path-to-node=\"3\"><b data-path-to-node=\"3\" data-index-in-node=\"4\">Pr\u00e9sentation du produit<\/b><\/h3>\n<p id=\"p-rc_e2de32b3f0a00cf0-79\" data-path-to-node=\"4\">Le RayNeo X3 Pro est con\u00e7u pour un \u201c style de vie num\u00e9rique actif \u201d.\u201d <span class=\"citation-231\">Elle va au-del\u00e0 de la simple capture audio ou vid\u00e9o pour fournir une <\/span><b data-path-to-node=\"4\" data-index-in-node=\"125\"><span class=\"citation-231\">Affichage t\u00eate haute (HUD)<\/span><\/b><span class=\"citation-231\"> aliment\u00e9 par <\/span><b data-path-to-node=\"4\" data-index-in-node=\"159\"><span class=\"citation-231\">Google Gemini<\/span><\/b><span class=\"citation-231 citation-end-231\">.<\/span> <span class=\"citation-230 citation-end-230\">Que vous ayez besoin d&#039;une traduction en temps r\u00e9el lors d&#039;un voyage \u00e0 Tokyo ou d&#039;une navigation d\u00e9taill\u00e9e lors de vos d\u00e9placements dans une nouvelle ville, ces lunettes superposent ces informations directement dans votre champ de vision.<\/span><\/p>\n<p>&nbsp;<\/p>\n<h3 data-path-to-node=\"6\"><b data-path-to-node=\"6\" data-index-in-node=\"3\">Caract\u00e9ristiques principales<\/b><\/h3>\n<h4 data-path-to-node=\"7\"><b data-path-to-node=\"7\" data-index-in-node=\"0\">1. Assistant IA multimodal (bas\u00e9 sur Gemini)<\/b><\/h4>\n<p id=\"p-rc_e2de32b3f0a00cf0-80\" data-path-to-node=\"8\"><span class=\"citation-229\">La caract\u00e9ristique marquante est l&#039;int\u00e9gration de <\/span><b data-path-to-node=\"8\" data-index-in-node=\"43\"><span class=\"citation-229\">Gemini Live<\/span><\/b><span class=\"citation-229 citation-end-229\">.<\/span><\/p>\n<ul data-path-to-node=\"9\">\n<li>\n<p id=\"p-rc_e2de32b3f0a00cf0-81\" data-path-to-node=\"9,0,0\"><b data-path-to-node=\"9,0,0\" data-index-in-node=\"0\">Voyez ce que vous voyez :<\/b><span class=\"citation-228 citation-end-228\"> Gr\u00e2ce \u00e0 la cam\u00e9ra int\u00e9gr\u00e9e, l&#039;IA peut analyser votre environnement.<\/span> <span class=\"citation-227 citation-end-227\">Vous pouvez demander : \u201c De quelle esp\u00e8ce de plante s&#039;agit-il ? \u201d ou \u201c Comment r\u00e9parer ce robinet qui fuit ? \u201d et obtenir des instructions audio en temps r\u00e9el.<\/span><\/p>\n<\/li>\n<li>\n<p id=\"p-rc_e2de32b3f0a00cf0-82\" data-path-to-node=\"9,1,0\"><b data-path-to-node=\"9,1,0\" data-index-in-node=\"0\">Secr\u00e9taire \u00e0 l&#039;IA :<\/b><span class=\"citation-226 citation-end-226\"> Il g\u00e8re vos t\u00e2ches, vos notes et votre emploi du temps par commandes vocales, agissant essentiellement comme un assistant personnel mains libres.<\/span><\/p>\n<\/li>\n<\/ul>\n<h4 data-path-to-node=\"10\"><b data-path-to-node=\"10\" data-index-in-node=\"0\">2. Technologie optique de pointe<\/b><\/h4>\n<ul data-path-to-node=\"11\">\n<li>\n<p id=\"p-rc_e2de32b3f0a00cf0-83\" data-path-to-node=\"11,0,0\"><b data-path-to-node=\"11,0,0\" data-index-in-node=\"0\"><span class=\"citation-225\">MicroLED couleur :<\/span><\/b><span class=\"citation-225\"> La plupart des lunettes AR ont des difficult\u00e9s avec la luminosit\u00e9, mais les X3 Pro atteignent un niveau de luminosit\u00e9 \u00e9lev\u00e9. <\/span><b data-path-to-node=\"11,0,0\" data-index-in-node=\"88\"><span class=\"citation-225\">Luminosit\u00e9 maximale de 6\u00a0000 nits<\/span><\/b><span class=\"citation-225 citation-end-225\">.<\/span> Cela permet \u00e0 l&#039;\u00e9cran de rester net m\u00eame en plein soleil.<\/p>\n<\/li>\n<li>\n<p id=\"p-rc_e2de32b3f0a00cf0-84\" data-path-to-node=\"11,1,0\"><b data-path-to-node=\"11,1,0\" data-index-in-node=\"0\">Guide d&#039;ondes binoculaire :<\/b><span class=\"citation-224 citation-end-224\"> Contrairement aux lunettes \u201c monoculaires \u201d (comme les anciennes Google Glass), celles-ci projettent les images sur les deux yeux, r\u00e9duisant ainsi la fatigue oculaire et offrant une superposition de donn\u00e9es plus naturelle.<\/span><\/p>\n<\/li>\n<\/ul>\n<h4 data-path-to-node=\"12\"><b data-path-to-node=\"12\" data-index-in-node=\"0\">3. Traduction en temps r\u00e9el et t\u00e9l\u00e9prompteur<\/b><\/h4>\n<ul data-path-to-node=\"13\">\n<li>\n<p id=\"p-rc_e2de32b3f0a00cf0-85\" data-path-to-node=\"13,0,0\"><b data-path-to-node=\"13,0,0\" data-index-in-node=\"0\"><span class=\"citation-223\">Traduction globale :<\/span><\/b><span class=\"citation-223\"> Capable de traduction en temps r\u00e9el \u00e0 travers <\/span><b data-path-to-node=\"13,0,0\" data-index-in-node=\"60\"><span class=\"citation-223\">Plus de 14 langues<\/span><\/b><span class=\"citation-223 citation-end-223\">.<\/span> <span class=\"citation-222 citation-end-222\">Il peut afficher le texte traduit sous forme de sous-titres dans votre champ de vision ou le diffuser via les haut-parleurs.<\/span><\/p>\n<\/li>\n<li>\n<p id=\"p-rc_e2de32b3f0a00cf0-86\" data-path-to-node=\"13,1,0\"><b data-path-to-node=\"13,1,0\" data-index-in-node=\"0\"><span class=\"citation-221\">Mode t\u00e9l\u00e9prompteur\u00a0:<\/span><\/b><span class=\"citation-221 citation-end-221\"> Id\u00e9al pour les cr\u00e9ateurs ou les orateurs, il vous permet de lire des textes ou des notes tout en maintenant un contact visuel avec votre public ou la cam\u00e9ra.<\/span><\/p>\n<\/li>\n<\/ul>\n<h4 data-path-to-node=\"14\"><b data-path-to-node=\"14\" data-index-in-node=\"0\">4. Capture et connectivit\u00e9<\/b><\/h4>\n<ul data-path-to-node=\"15\">\n<li>\n<p id=\"p-rc_e2de32b3f0a00cf0-87\" data-path-to-node=\"15,0,0\"><b data-path-to-node=\"15,0,0\" data-index-in-node=\"0\"><span class=\"citation-220\">Appareil photo 12 MP :<\/span><\/b><span class=\"citation-220 citation-end-220\"> Optimis\u00e9 pour les photos et vid\u00e9os prises en vue subjective.<\/span><\/p>\n<\/li>\n<li>\n<p id=\"p-rc_e2de32b3f0a00cf0-88\" data-path-to-node=\"15,1,0\"><b data-path-to-node=\"15,1,0\" data-index-in-node=\"0\"><span class=\"citation-219\">Libert\u00e9 sans entraves :<\/span><\/b><span class=\"citation-219\"> Bien qu&#039;il fonctionne avec votre t\u00e9l\u00e9phone, le X3 Pro pr\u00e9sente les caract\u00e9ristiques suivantes : <\/span><b data-path-to-node=\"15,1,0\" data-index-in-node=\"72\"><span class=\"citation-219\">Wi-Fi 6<\/span><\/b><span class=\"citation-219\"> et une haute performance <\/span><b data-path-to-node=\"15,1,0\" data-index-in-node=\"103\"><span class=\"citation-219\">Snapdragon AR1 Gen 1<\/span><\/b><span class=\"citation-219 citation-end-219\"> une puce permettant \u00e0 de nombreuses applications de fonctionner directement sur les lunettes.<\/span><\/p>\n<p>&nbsp;<\/li>\n<\/ul>\n<h3 data-path-to-node=\"17\"><b data-path-to-node=\"17\" data-index-in-node=\"3\">Sp\u00e9cifications techniques<\/b><\/h3>\n<table data-path-to-node=\"18\">\n<thead>\n<tr>\n<td><strong>Fonctionnalit\u00e9<\/strong><\/td>\n<td><strong>Sp\u00e9cification<\/strong><\/td>\n<\/tr>\n<\/thead>\n<tbody>\n<tr>\n<td><span data-path-to-node=\"18,1,0,0\"><b data-path-to-node=\"18,1,0,0\" data-index-in-node=\"0\">Afficher<\/b><\/span><\/td>\n<td><span data-path-to-node=\"18,1,1,0\">Double microLED couleur (guide d&#039;ondes optique)<\/span><\/td>\n<\/tr>\n<tr>\n<td><span data-path-to-node=\"18,2,0,0\"><b data-path-to-node=\"18,2,0,0\" data-index-in-node=\"0\">Luminosit\u00e9<\/b><\/span><\/td>\n<td><span data-path-to-node=\"18,2,1,0\">3 500 nits (moyenne) \/ 6 000 nits (pic)<\/span><\/td>\n<\/tr>\n<tr>\n<td><span data-path-to-node=\"18,3,0,0\"><b data-path-to-node=\"18,3,0,0\" data-index-in-node=\"0\">R\u00e9solution<\/b><\/span><\/td>\n<td><span data-path-to-node=\"18,3,1,0\">640 x 480 par \u0153il<\/span><\/td>\n<\/tr>\n<tr>\n<td><span data-path-to-node=\"18,4,0,0\"><b data-path-to-node=\"18,4,0,0\" data-index-in-node=\"0\">Processeur<\/b><\/span><\/td>\n<td><span data-path-to-node=\"18,4,1,0\">Qualcomm Snapdragon AR1 Gen 1<\/span><\/td>\n<\/tr>\n<tr>\n<td><span data-path-to-node=\"18,5,0,0\"><b data-path-to-node=\"18,5,0,0\" data-index-in-node=\"0\">Cam\u00e9ra<\/b><\/span><\/td>\n<td><span data-path-to-node=\"18,5,1,0\">12 MP (Sony IMX681)<\/span><\/td>\n<\/tr>\n<tr>\n<td><span data-path-to-node=\"18,6,0,0\"><b data-path-to-node=\"18,6,0,0\" data-index-in-node=\"0\">Audio<\/b><\/span><\/td>\n<td><span data-path-to-node=\"18,6,1,0\">Formation de faisceau \u00e0 trois microphones + haut-parleurs st\u00e9r\u00e9o \u00e0 oreille ouverte<\/span><\/td>\n<\/tr>\n<tr>\n<td><span data-path-to-node=\"18,7,0,0\"><b data-path-to-node=\"18,7,0,0\" data-index-in-node=\"0\">Poids<\/b><\/span><\/td>\n<td><span data-path-to-node=\"18,7,1,0\">76 g (Cadre l\u00e9ger en aluminium\/titane)<\/span><\/td>\n<\/tr>\n<tr>\n<td><span data-path-to-node=\"18,8,0,0\"><b data-path-to-node=\"18,8,0,0\" data-index-in-node=\"0\">Batterie<\/b><\/span><\/td>\n<td><span data-path-to-node=\"18,8,1,0\">245 mAh (Compatible avec la charge rapide en 40 minutes)<\/span><\/td>\n<\/tr>\n<tr>\n<td><span data-path-to-node=\"18,9,0,0\"><b data-path-to-node=\"18,9,0,0\" data-index-in-node=\"0\">Syst\u00e8me d&#039;exploitation<\/b><\/span><\/td>\n<td><span data-path-to-node=\"18,9,1,0\">RayNeo AIOS (bas\u00e9 sur Android)<\/span><\/td>\n<\/tr>\n<\/tbody>\n<\/table>\n<p>&nbsp;<\/p>\n<h3 data-path-to-node=\"20\"><b data-path-to-node=\"20\" data-index-in-node=\"3\">\u00c0 qui s&#039;adresse-t-il ?<\/b><\/h3>\n<ul data-path-to-node=\"21\">\n<li>\n<p data-path-to-node=\"21,0,0\"><b data-path-to-node=\"21,0,0\" data-index-in-node=\"0\">Les premiers adoptants\u00a0:<\/b> Pour ceux qui souhaitent d\u00e9couvrir le futur de l&#039;informatique spatiale avant qu&#039;elle ne se g\u00e9n\u00e9ralise.<\/p>\n<\/li>\n<li>\n<p id=\"p-rc_e2de32b3f0a00cf0-89\" data-path-to-node=\"21,1,0\"><b data-path-to-node=\"21,1,0\" data-index-in-node=\"0\"><span class=\"citation-218\">Voyageurs :<\/span><\/b><span class=\"citation-218 citation-end-218\"> Pour la \u201c magie \u201d de la traduction en temps r\u00e9el des panneaux de signalisation et des cartes contextuelles.<\/span><\/p>\n<\/li>\n<li>\n<p data-path-to-node=\"21,2,0\"><b data-path-to-node=\"21,2,0\" data-index-in-node=\"0\">Cr\u00e9ateurs de contenu\u00a0:<\/b> Pour un enregistrement POV et une lecture de script sans effort, m\u00eame en d\u00e9placement.<\/p>\n<\/li>\n<\/ul>\n<blockquote data-path-to-node=\"22\">\n<p id=\"p-rc_e2de32b3f0a00cf0-90\" data-path-to-node=\"22,0\"><b data-path-to-node=\"22,0\" data-index-in-node=\"0\">Remarque concernant la batterie\u00a0:<\/b><span class=\"citation-217 citation-end-217\"> Parce que ces lunettes int\u00e8grent un processeur puissant et des \u00e9crans lumineux dans une monture fine de 76 g, l&#039;autonomie de la batterie est relativement courte (environ 30 \u00e0 45 minutes d&#039;utilisation active de la RA).<\/span> Ils sont con\u00e7us pour des t\u00e2ches ponctuelles plut\u00f4t que pour une utilisation continue d&#039;un \u00e9cran tout au long de la journ\u00e9e.<\/p>\n<\/blockquote>","protected":false},"excerpt":{"rendered":"<p><span class=\"citation-232\">Le <\/span><b data-path-to-node=\"0\" data-index-in-node=\"4\"><span class=\"citation-232\">Lunettes intelligentes RayNeo X3 Pro AI+AR<\/span><\/b><span class=\"citation-232 citation-end-232\"> elles repr\u00e9sentent un bond en avant dans l\u2019\u00e8re \u201c post-smartphone \u201d, combinant un cadre \u00e9l\u00e9gant (quoique tr\u00e8s technologique) avec un puissant moteur d\u2019IA multimodal.<\/span> Contrairement aux lunettes-cam\u00e9ras classiques, celles-ci sont dot\u00e9es d&#039;un syst\u00e8me d&#039;affichage binoculaire en couleur, ce qui en fait un v\u00e9ritable dispositif portable de r\u00e9alit\u00e9 augment\u00e9e (RA).<\/p>","protected":false},"featured_media":25155,"comment_status":"open","ping_status":"closed","template":"","meta":[],"product_brand":[1414],"product_cat":[1341,1413],"product_tag":[1415,1416],"class_list":{"0":"post-25147","1":"product","2":"type-product","3":"status-publish","4":"has-post-thumbnail","6":"product_brand-rayneo","7":"product_cat-ar-vr","8":"product_cat-rayneo","9":"product_tag-ar-glasses","10":"product_tag-rayneo","12":"first","13":"onbackorder","14":"taxable","15":"shipping-taxable","16":"purchasable","17":"product-type-simple"},"yoast_head":"<!-- This site is optimized with the Yoast SEO plugin v27.1.1 - https:\/\/yoast.com\/product\/yoast-seo-wordpress\/ -->\n<title>RayNeo X3 Pro AI+AR Smart Glasses - Ghostysky<\/title>\n<meta name=\"description\" content=\"The RayNeo X3 Pro AI+AR Smart Glasses represent a leap into the &quot;post-smartphone&quot; era, combining a stylish (albeit tech-heavy) frame with a powerful multimodal AI engine. Unlike basic camera glasses, these feature a full-color binocular display system, making them a true augmented reality (AR) wearable.\" \/>\n<meta name=\"robots\" content=\"index, follow, max-snippet:-1, max-image-preview:large, max-video-preview:-1\" \/>\n<link rel=\"canonical\" href=\"https:\/\/www.ghostysky.com\/fr\/product\/rayneo-x3-pro-aiar-smart-glasses\/\" \/>\n<meta property=\"og:locale\" content=\"fr_FR\" \/>\n<meta property=\"og:type\" content=\"article\" \/>\n<meta property=\"og:title\" content=\"RayNeo X3 Pro AI+AR Smart Glasses - Ghostysky\" \/>\n<meta property=\"og:description\" content=\"The RayNeo X3 Pro AI+AR Smart Glasses represent a leap into the &quot;post-smartphone&quot; era, combining a stylish (albeit tech-heavy) frame with a powerful multimodal AI engine. Unlike basic camera glasses, these feature a full-color binocular display system, making them a true augmented reality (AR) wearable.\" \/>\n<meta property=\"og:url\" content=\"https:\/\/www.ghostysky.com\/fr\/product\/rayneo-x3-pro-aiar-smart-glasses\/\" \/>\n<meta property=\"og:site_name\" content=\"Ghostysky\" \/>\n<meta property=\"article:publisher\" content=\"https:\/\/www.facebook.com\/people\/Ghostysky\/100057676170234\/\" \/>\n<meta property=\"article:modified_time\" content=\"2026-04-11T07:26:35+00:00\" \/>\n<meta property=\"og:image\" content=\"https:\/\/www.ghostysky.com\/wp-content\/uploads\/2026\/04\/GH_RayNeo-X3-Pro-AIAR-Smart-Glasses_1.webp\" \/>\n\t<meta property=\"og:image:width\" content=\"728\" \/>\n\t<meta property=\"og:image:height\" content=\"728\" \/>\n\t<meta property=\"og:image:type\" content=\"image\/webp\" \/>\n<meta name=\"twitter:card\" content=\"summary_large_image\" \/>\n<meta name=\"twitter:site\" content=\"@Gh0stysky\" \/>\n<meta name=\"twitter:label1\" content=\"Dur\u00e9e de lecture estim\u00e9e\" \/>\n\t<meta name=\"twitter:data1\" content=\"2 minutes\" \/>\n<script type=\"application\/ld+json\" class=\"yoast-schema-graph\">{\"@context\":\"https:\/\/schema.org\",\"@graph\":[{\"@type\":\"WebPage\",\"@id\":\"https:\/\/www.ghostysky.com\/product\/rayneo-x3-pro-aiar-smart-glasses\/\",\"url\":\"https:\/\/www.ghostysky.com\/product\/rayneo-x3-pro-aiar-smart-glasses\/\",\"name\":\"RayNeo X3 Pro AI+AR Smart Glasses - Ghostysky\",\"isPartOf\":{\"@id\":\"https:\/\/www.ghostysky.com\/#website\"},\"primaryImageOfPage\":{\"@id\":\"https:\/\/www.ghostysky.com\/product\/rayneo-x3-pro-aiar-smart-glasses\/#primaryimage\"},\"image\":{\"@id\":\"https:\/\/www.ghostysky.com\/product\/rayneo-x3-pro-aiar-smart-glasses\/#primaryimage\"},\"thumbnailUrl\":\"https:\/\/www.ghostysky.com\/wp-content\/uploads\/2026\/04\/GH_RayNeo-X3-Pro-AIAR-Smart-Glasses_1.webp\",\"datePublished\":\"2026-04-08T16:24:54+00:00\",\"dateModified\":\"2026-04-11T07:26:35+00:00\",\"description\":\"The RayNeo X3 Pro AI+AR Smart Glasses represent a leap into the \\\"post-smartphone\\\" era, combining a stylish (albeit tech-heavy) frame with a powerful multimodal AI engine. Unlike basic camera glasses, these feature a full-color binocular display system, making them a true augmented reality (AR) wearable.\",\"breadcrumb\":{\"@id\":\"https:\/\/www.ghostysky.com\/product\/rayneo-x3-pro-aiar-smart-glasses\/#breadcrumb\"},\"inLanguage\":\"fr-FR\",\"potentialAction\":[{\"@type\":\"ReadAction\",\"target\":[\"https:\/\/www.ghostysky.com\/product\/rayneo-x3-pro-aiar-smart-glasses\/\"]}]},{\"@type\":\"ImageObject\",\"inLanguage\":\"fr-FR\",\"@id\":\"https:\/\/www.ghostysky.com\/product\/rayneo-x3-pro-aiar-smart-glasses\/#primaryimage\",\"url\":\"https:\/\/www.ghostysky.com\/wp-content\/uploads\/2026\/04\/GH_RayNeo-X3-Pro-AIAR-Smart-Glasses_1.webp\",\"contentUrl\":\"https:\/\/www.ghostysky.com\/wp-content\/uploads\/2026\/04\/GH_RayNeo-X3-Pro-AIAR-Smart-Glasses_1.webp\",\"width\":728,\"height\":728},{\"@type\":\"BreadcrumbList\",\"@id\":\"https:\/\/www.ghostysky.com\/product\/rayneo-x3-pro-aiar-smart-glasses\/#breadcrumb\",\"itemListElement\":[{\"@type\":\"ListItem\",\"position\":1,\"name\":\"Home\",\"item\":\"https:\/\/www.ghostysky.com\/\"},{\"@type\":\"ListItem\",\"position\":2,\"name\":\"Shop\",\"item\":\"https:\/\/www.ghostysky.com\/shop\/\"},{\"@type\":\"ListItem\",\"position\":3,\"name\":\"RayNeo X3 Pro AI+AR Smart Glasses\"}]},{\"@type\":\"WebSite\",\"@id\":\"https:\/\/www.ghostysky.com\/#website\",\"url\":\"https:\/\/www.ghostysky.com\/\",\"name\":\"Ghostysky\",\"description\":\"Delivering professional drones and services\",\"publisher\":{\"@id\":\"https:\/\/www.ghostysky.com\/#organization\"},\"potentialAction\":[{\"@type\":\"SearchAction\",\"target\":{\"@type\":\"EntryPoint\",\"urlTemplate\":\"https:\/\/www.ghostysky.com\/?s={search_term_string}\"},\"query-input\":{\"@type\":\"PropertyValueSpecification\",\"valueRequired\":true,\"valueName\":\"search_term_string\"}}],\"inLanguage\":\"fr-FR\"},{\"@type\":\"Organization\",\"@id\":\"https:\/\/www.ghostysky.com\/#organization\",\"name\":\"Ghostysky\",\"url\":\"https:\/\/www.ghostysky.com\/\",\"logo\":{\"@type\":\"ImageObject\",\"inLanguage\":\"fr-FR\",\"@id\":\"https:\/\/www.ghostysky.com\/#\/schema\/logo\/image\/\",\"url\":\"https:\/\/www.ghostysky.com\/wp-content\/uploads\/2020\/06\/cropped-ghostyskylogo_text_white2.png\",\"contentUrl\":\"https:\/\/www.ghostysky.com\/wp-content\/uploads\/2020\/06\/cropped-ghostyskylogo_text_white2.png\",\"width\":169,\"height\":56,\"caption\":\"Ghostysky\"},\"image\":{\"@id\":\"https:\/\/www.ghostysky.com\/#\/schema\/logo\/image\/\"},\"sameAs\":[\"https:\/\/www.facebook.com\/people\/Ghostysky\/100057676170234\/\",\"https:\/\/x.com\/Gh0stysky\",\"https:\/\/www.linkedin.com\/company\/34739653\",\"https:\/\/www.instagram.com\/gh0stysky\"]}]}<\/script>\n<!-- \/ Yoast SEO plugin. -->","yoast_head_json":{"title":"Lunettes intelligentes RayNeo X3 Pro AI+AR - Ghostysky","description":"Les lunettes intelligentes RayNeo X3 Pro AI+AR marquent une avanc\u00e9e majeure dans l&#039;\u00e8re post-smartphone, alliant une monture \u00e9l\u00e9gante (quoique tr\u00e8s technologique) \u00e0 un puissant moteur d&#039;IA multimodal. Contrairement aux lunettes-cam\u00e9ras classiques, elles int\u00e8grent un syst\u00e8me d&#039;affichage binoculaire en couleur, ce qui en fait un v\u00e9ritable dispositif de r\u00e9alit\u00e9 augment\u00e9e (RA) portable.","robots":{"index":"index","follow":"follow","max-snippet":"max-snippet:-1","max-image-preview":"max-image-preview:large","max-video-preview":"max-video-preview:-1"},"canonical":"https:\/\/www.ghostysky.com\/fr\/product\/rayneo-x3-pro-aiar-smart-glasses\/","og_locale":"fr_FR","og_type":"article","og_title":"RayNeo X3 Pro AI+AR Smart Glasses - Ghostysky","og_description":"The RayNeo X3 Pro AI+AR Smart Glasses represent a leap into the \"post-smartphone\" era, combining a stylish (albeit tech-heavy) frame with a powerful multimodal AI engine. Unlike basic camera glasses, these feature a full-color binocular display system, making them a true augmented reality (AR) wearable.","og_url":"https:\/\/www.ghostysky.com\/fr\/product\/rayneo-x3-pro-aiar-smart-glasses\/","og_site_name":"Ghostysky","article_publisher":"https:\/\/www.facebook.com\/people\/Ghostysky\/100057676170234\/","article_modified_time":"2026-04-11T07:26:35+00:00","og_image":[{"width":728,"height":728,"url":"https:\/\/www.ghostysky.com\/wp-content\/uploads\/2026\/04\/GH_RayNeo-X3-Pro-AIAR-Smart-Glasses_1.webp","type":"image\/webp"}],"twitter_card":"summary_large_image","twitter_site":"@Gh0stysky","twitter_misc":{"Dur\u00e9e de lecture estim\u00e9e":"2 minutes"},"schema":{"@context":"https:\/\/schema.org","@graph":[{"@type":"WebPage","@id":"https:\/\/www.ghostysky.com\/product\/rayneo-x3-pro-aiar-smart-glasses\/","url":"https:\/\/www.ghostysky.com\/product\/rayneo-x3-pro-aiar-smart-glasses\/","name":"Lunettes intelligentes RayNeo X3 Pro AI+AR - Ghostysky","isPartOf":{"@id":"https:\/\/www.ghostysky.com\/#website"},"primaryImageOfPage":{"@id":"https:\/\/www.ghostysky.com\/product\/rayneo-x3-pro-aiar-smart-glasses\/#primaryimage"},"image":{"@id":"https:\/\/www.ghostysky.com\/product\/rayneo-x3-pro-aiar-smart-glasses\/#primaryimage"},"thumbnailUrl":"https:\/\/www.ghostysky.com\/wp-content\/uploads\/2026\/04\/GH_RayNeo-X3-Pro-AIAR-Smart-Glasses_1.webp","datePublished":"2026-04-08T16:24:54+00:00","dateModified":"2026-04-11T07:26:35+00:00","description":"Les lunettes intelligentes RayNeo X3 Pro AI+AR marquent une avanc\u00e9e majeure dans l&#039;\u00e8re post-smartphone, alliant une monture \u00e9l\u00e9gante (quoique tr\u00e8s technologique) \u00e0 un puissant moteur d&#039;IA multimodal. Contrairement aux lunettes-cam\u00e9ras classiques, elles int\u00e8grent un syst\u00e8me d&#039;affichage binoculaire en couleur, ce qui en fait un v\u00e9ritable dispositif de r\u00e9alit\u00e9 augment\u00e9e (RA) portable.","breadcrumb":{"@id":"https:\/\/www.ghostysky.com\/product\/rayneo-x3-pro-aiar-smart-glasses\/#breadcrumb"},"inLanguage":"fr-FR","potentialAction":[{"@type":"ReadAction","target":["https:\/\/www.ghostysky.com\/product\/rayneo-x3-pro-aiar-smart-glasses\/"]}]},{"@type":"ImageObject","inLanguage":"fr-FR","@id":"https:\/\/www.ghostysky.com\/product\/rayneo-x3-pro-aiar-smart-glasses\/#primaryimage","url":"https:\/\/www.ghostysky.com\/wp-content\/uploads\/2026\/04\/GH_RayNeo-X3-Pro-AIAR-Smart-Glasses_1.webp","contentUrl":"https:\/\/www.ghostysky.com\/wp-content\/uploads\/2026\/04\/GH_RayNeo-X3-Pro-AIAR-Smart-Glasses_1.webp","width":728,"height":728},{"@type":"BreadcrumbList","@id":"https:\/\/www.ghostysky.com\/product\/rayneo-x3-pro-aiar-smart-glasses\/#breadcrumb","itemListElement":[{"@type":"ListItem","position":1,"name":"Home","item":"https:\/\/www.ghostysky.com\/"},{"@type":"ListItem","position":2,"name":"Shop","item":"https:\/\/www.ghostysky.com\/shop\/"},{"@type":"ListItem","position":3,"name":"RayNeo X3 Pro AI+AR Smart Glasses"}]},{"@type":"WebSite","@id":"https:\/\/www.ghostysky.com\/#website","url":"https:\/\/www.ghostysky.com\/","name":"Ghostysky","description":"Livraison de drones et de services professionnels","publisher":{"@id":"https:\/\/www.ghostysky.com\/#organization"},"potentialAction":[{"@type":"SearchAction","target":{"@type":"EntryPoint","urlTemplate":"https:\/\/www.ghostysky.com\/?s={search_term_string}"},"query-input":{"@type":"PropertyValueSpecification","valueRequired":true,"valueName":"search_term_string"}}],"inLanguage":"fr-FR"},{"@type":"Organization","@id":"https:\/\/www.ghostysky.com\/#organization","name":"Ghostysky","url":"https:\/\/www.ghostysky.com\/","logo":{"@type":"ImageObject","inLanguage":"fr-FR","@id":"https:\/\/www.ghostysky.com\/#\/schema\/logo\/image\/","url":"https:\/\/www.ghostysky.com\/wp-content\/uploads\/2020\/06\/cropped-ghostyskylogo_text_white2.png","contentUrl":"https:\/\/www.ghostysky.com\/wp-content\/uploads\/2020\/06\/cropped-ghostyskylogo_text_white2.png","width":169,"height":56,"caption":"Ghostysky"},"image":{"@id":"https:\/\/www.ghostysky.com\/#\/schema\/logo\/image\/"},"sameAs":["https:\/\/www.facebook.com\/people\/Ghostysky\/100057676170234\/","https:\/\/x.com\/Gh0stysky","https:\/\/www.linkedin.com\/company\/34739653","https:\/\/www.instagram.com\/gh0stysky"]}]}},"_links":{"self":[{"href":"https:\/\/www.ghostysky.com\/fr\/wp-json\/wp\/v2\/product\/25147","targetHints":{"allow":["GET"]}}],"collection":[{"href":"https:\/\/www.ghostysky.com\/fr\/wp-json\/wp\/v2\/product"}],"about":[{"href":"https:\/\/www.ghostysky.com\/fr\/wp-json\/wp\/v2\/types\/product"}],"replies":[{"embeddable":true,"href":"https:\/\/www.ghostysky.com\/fr\/wp-json\/wp\/v2\/comments?post=25147"}],"wp:featuredmedia":[{"embeddable":true,"href":"https:\/\/www.ghostysky.com\/fr\/wp-json\/wp\/v2\/media\/25155"}],"wp:attachment":[{"href":"https:\/\/www.ghostysky.com\/fr\/wp-json\/wp\/v2\/media?parent=25147"}],"wp:term":[{"taxonomy":"product_brand","embeddable":true,"href":"https:\/\/www.ghostysky.com\/fr\/wp-json\/wp\/v2\/product_brand?post=25147"},{"taxonomy":"product_cat","embeddable":true,"href":"https:\/\/www.ghostysky.com\/fr\/wp-json\/wp\/v2\/product_cat?post=25147"},{"taxonomy":"product_tag","embeddable":true,"href":"https:\/\/www.ghostysky.com\/fr\/wp-json\/wp\/v2\/product_tag?post=25147"}],"curies":[{"name":"wp","href":"https:\/\/api.w.org\/{rel}","templated":true}]}}