{"id":25169,"date":"2026-04-11T07:31:51","date_gmt":"2026-04-11T07:31:51","guid":{"rendered":"https:\/\/www.ghostysky.com\/?post_type=product&#038;p=25169"},"modified":"2026-04-11T07:41:41","modified_gmt":"2026-04-11T07:41:41","slug":"rayneo-pocket-tv","status":"publish","type":"product","link":"https:\/\/www.ghostysky.com\/fr\/product\/rayneo-pocket-tv\/","title":{"rendered":"T\u00e9l\u00e9viseur de poche RayNeo"},"content":{"rendered":"<h3 data-path-to-node=\"2\"><b data-path-to-node=\"2\" data-index-in-node=\"0\">Fonctionnalit\u00e9s principales<\/b><\/h3>\n<ul data-path-to-node=\"3\">\n<li>\n<p id=\"p-rc_beefce5c2951e144-20\" data-path-to-node=\"3,0,0\"><b data-path-to-node=\"3,0,0\" data-index-in-node=\"0\"><span class=\"citation-14\">Google TV int\u00e9gr\u00e9\u00a0:<\/span><\/b><span class=\"citation-14 citation-end-14\"> Contrairement \u00e0 la duplication d&#039;\u00e9cran classique d&#039;un t\u00e9l\u00e9phone, la Pocket TV fonctionne nativement avec Google TV.<\/span> <span class=\"citation-13\">Cela vous donne un acc\u00e8s direct \u00e0 plus de <\/span><b data-path-to-node=\"3,0,0\" data-index-in-node=\"141\"><span class=\"citation-13\">10 000 applications<\/span><\/b><span class=\"citation-13 citation-end-13\">, notamment Netflix, Disney+, YouTube et Prime Video, optimis\u00e9s pour une exp\u00e9rience sur grand \u00e9cran.<\/span><\/p>\n<\/li>\n<li>\n<p id=\"p-rc_beefce5c2951e144-21\" data-path-to-node=\"3,1,0\"><b data-path-to-node=\"3,1,0\" data-index-in-node=\"0\"><span class=\"citation-12\">Cin\u00e9ma virtuel mobile\u00a0:<\/span><\/b><span class=\"citation-12 citation-end-12\"> Une fois branch\u00e9 sur les lunettes RayNeo XR, il projette un \u00e9cran virtuel massif (jusqu&#039;\u00e0 201 pouces, selon le mod\u00e8le de lunettes), transformant ainsi n&#039;importe quel si\u00e8ge en salle de cin\u00e9ma priv\u00e9e.<\/span><\/p>\n<\/li>\n<li>\n<p id=\"p-rc_beefce5c2951e144-22\" data-path-to-node=\"3,2,0\"><b data-path-to-node=\"3,2,0\" data-index-in-node=\"0\"><span class=\"citation-11\">Autonomie de batterie exceptionnelle\u00a0:<\/span><\/b><span class=\"citation-11\"> Equip\u00e9 d&#039;un <\/span><b data-path-to-node=\"3,2,0\" data-index-in-node=\"38\"><span class=\"citation-11\">Batterie de 6 500 mAh<\/span><\/b><span class=\"citation-11\">, il fournit jusqu&#039;\u00e0 <\/span><b data-path-to-node=\"3,2,0\" data-index-in-node=\"74\"><span class=\"citation-11\">5,5 heures<\/span><\/b><span class=\"citation-11 citation-end-11\"> de lecture continue \u2013 largement suffisant pour deux longs m\u00e9trages ou un long vol.<\/span><\/p>\n<\/li>\n<li>\n<p id=\"p-rc_beefce5c2951e144-23\" data-path-to-node=\"3,3,0\"><b data-path-to-node=\"3,3,0\" data-index-in-node=\"0\"><span class=\"citation-10\">Stockage extensible\u00a0:<\/span><\/b><span class=\"citation-10\"> Bien qu&#039;il soit livr\u00e9 avec <\/span><b data-path-to-node=\"3,3,0\" data-index-in-node=\"40\"><span class=\"citation-10\">64 Go<\/span><\/b><span class=\"citation-10\"> Outre sa m\u00e9moire interne, il dispose d&#039;un emplacement pour carte microSD prenant en charge jusqu&#039;\u00e0 <\/span><b data-path-to-node=\"3,3,0\" data-index-in-node=\"118\"><span class=\"citation-10\">2 To<\/span><\/b><span class=\"citation-10 citation-end-10\">, vous permettant de t\u00e9l\u00e9charger des saisons enti\u00e8res de s\u00e9ries pour les visionner hors ligne.<\/span><\/p>\n<p>&nbsp;<\/li>\n<\/ul>\n<h3 data-path-to-node=\"5\"><b data-path-to-node=\"5\" data-index-in-node=\"0\">Sp\u00e9cifications techniques<\/b><\/h3>\n<table data-path-to-node=\"6\">\n<thead>\n<tr>\n<td><strong>Fonctionnalit\u00e9<\/strong><\/td>\n<td><strong>Sp\u00e9cification<\/strong><\/td>\n<\/tr>\n<\/thead>\n<tbody>\n<tr>\n<td><span data-path-to-node=\"6,1,0,0\"><b data-path-to-node=\"6,1,0,0\" data-index-in-node=\"0\">Syst\u00e8me op\u00e9rateur<\/b><\/span><\/td>\n<td><span data-path-to-node=\"6,1,1,0\">Google TV (bas\u00e9 sur Android 11\/13)<\/span><\/td>\n<\/tr>\n<tr>\n<td><span data-path-to-node=\"6,2,0,0\"><b data-path-to-node=\"6,2,0,0\" data-index-in-node=\"0\">Processeur<\/b><\/span><\/td>\n<td><span data-path-to-node=\"6,2,1,0\">Octa-core<\/span><\/td>\n<\/tr>\n<tr>\n<td><span data-path-to-node=\"6,3,0,0\"><b data-path-to-node=\"6,3,0,0\" data-index-in-node=\"0\">M\u00e9moire\/Stockage<\/b><\/span><\/td>\n<td><span data-path-to-node=\"6,3,1,0\">3 Go de RAM + 64 Go de ROM (extensible jusqu&#039;\u00e0 2 To)<\/span><\/td>\n<\/tr>\n<tr>\n<td><span data-path-to-node=\"6,4,0,0\"><b data-path-to-node=\"6,4,0,0\" data-index-in-node=\"0\">Batterie<\/b><\/span><\/td>\n<td><span data-path-to-node=\"6,4,1,0\">6 500 mAh (autonomie d&#039;environ 5,5 heures)<\/span><\/td>\n<\/tr>\n<tr>\n<td><span data-path-to-node=\"6,5,0,0\"><b data-path-to-node=\"6,5,0,0\" data-index-in-node=\"0\">Connectivit\u00e9<\/b><\/span><\/td>\n<td><span data-path-to-node=\"6,5,1,0\">Wi-Fi 6, Bluetooth 5.2, USB-C (DisplayPort)<\/span><\/td>\n<\/tr>\n<tr>\n<td><span data-path-to-node=\"6,6,0,0\"><b data-path-to-node=\"6,6,0,0\" data-index-in-node=\"0\">Compatibilit\u00e9<\/b><\/span><\/td>\n<td><span data-path-to-node=\"6,6,1,0\">RayNeo Air 2, Air 2S, Air 3S (Non compatible avec X2)<\/span><\/td>\n<\/tr>\n<\/tbody>\n<\/table>\n<p>&nbsp;<\/p>\n<h3 data-path-to-node=\"8\"><b data-path-to-node=\"8\" data-index-in-node=\"0\">Pourquoi c&#039;est important<\/b><\/h3>\n<p id=\"p-rc_beefce5c2951e144-24\" data-path-to-node=\"9\">La plupart des lunettes de r\u00e9alit\u00e9 augment\u00e9e d\u00e9pendent d&#039;un smartphone pour le contenu, ce qui peut vider la batterie de votre t\u00e9l\u00e9phone et \u00eatre interrompu par des notifications. La Pocket TV r\u00e9sout ce probl\u00e8me en \u00e9tant un <b data-path-to-node=\"9\" data-index-in-node=\"162\">appareil autonome<\/b>. <span class=\"citation-9 citation-end-9\">Il comprend des boutons physiques pour la navigation et le volume, ce qui le rend beaucoup plus facile \u00e0 contr\u00f4ler \u00e0 l&#039;aveugle lorsqu&#039;on porte des lunettes qu&#039;un t\u00e9l\u00e9phone \u00e0 \u00e9cran tactile.<\/span><\/p>\n<blockquote data-path-to-node=\"10\">\n<p id=\"p-rc_beefce5c2951e144-25\" data-path-to-node=\"10,0\"><b data-path-to-node=\"10,0\" data-index-in-node=\"0\"><span class=\"citation-8\">Note:<\/span><\/b><span class=\"citation-8 citation-end-8\"> Bien qu&#039;il utilise une connexion USB-C, il est principalement optimis\u00e9 pour les produits RayNeo.<\/span> Il se peut qu&#039;il ne fonctionne pas de mani\u00e8re fiable avec d&#039;autres marques de lunettes AR en raison d&#039;exigences de protocole sp\u00e9cifiques.<\/p>\n<\/blockquote>","protected":false},"excerpt":{"rendered":"<p><span class=\"citation-15\">Le <\/span><b data-path-to-node=\"0\" data-index-in-node=\"4\"><span class=\"citation-15\">T\u00e9l\u00e9viseur de poche RayNeo<\/span><\/b><span class=\"citation-15 citation-end-15\"> est un bo\u00eetier multim\u00e9dia portable certifi\u00e9 Google TV, con\u00e7u sp\u00e9cifiquement pour \u00eatre associ\u00e9 aux lunettes AR de RayNeo (comme les Air 2 et Air 2S).<\/span> Il fait office de plateforme d\u00e9di\u00e9e, offrant une interface de t\u00e9l\u00e9vision connect\u00e9e famili\u00e8re directement dans votre champ de vision virtuel.<\/p>","protected":false},"featured_media":25173,"comment_status":"open","ping_status":"closed","template":"","meta":[],"product_brand":[1414],"product_cat":[1341,1413],"product_tag":[1416,1417],"class_list":{"0":"post-25169","1":"product","2":"type-product","3":"status-publish","4":"has-post-thumbnail","6":"product_brand-rayneo","7":"product_cat-ar-vr","8":"product_cat-rayneo","9":"product_tag-rayneo","10":"product_tag-rayneo-glasses-accessories","12":"first","13":"onbackorder","14":"taxable","15":"shipping-taxable","16":"purchasable","17":"product-type-simple"},"yoast_head":"<!-- This site is optimized with the Yoast SEO plugin v27.4 - https:\/\/yoast.com\/product\/yoast-seo-wordpress\/ -->\n<title>RayNeo Pocket TV - Ghostysky<\/title>\n<meta name=\"description\" content=\"The RayNeo Pocket TV is a portable, Google TV-certified streaming media box designed specifically to pair with RayNeo\u2019s AR glasses (like the Air 2 and Air 2S). It acts as a dedicated hub, providing a familiar smart TV interface directly within your virtual field of view.\" \/>\n<meta name=\"robots\" content=\"index, follow, max-snippet:-1, max-image-preview:large, max-video-preview:-1\" \/>\n<link rel=\"canonical\" href=\"https:\/\/www.ghostysky.com\/fr\/product\/rayneo-pocket-tv\/\" \/>\n<meta property=\"og:locale\" content=\"fr_FR\" \/>\n<meta property=\"og:type\" content=\"article\" \/>\n<meta property=\"og:title\" content=\"RayNeo Pocket TV - Ghostysky\" \/>\n<meta property=\"og:description\" content=\"The RayNeo Pocket TV is a portable, Google TV-certified streaming media box designed specifically to pair with RayNeo\u2019s AR glasses (like the Air 2 and Air 2S). It acts as a dedicated hub, providing a familiar smart TV interface directly within your virtual field of view.\" \/>\n<meta property=\"og:url\" content=\"https:\/\/www.ghostysky.com\/fr\/product\/rayneo-pocket-tv\/\" \/>\n<meta property=\"og:site_name\" content=\"Ghostysky\" \/>\n<meta property=\"article:publisher\" content=\"https:\/\/www.facebook.com\/people\/Ghostysky\/100057676170234\/\" \/>\n<meta property=\"article:modified_time\" content=\"2026-04-11T07:41:41+00:00\" \/>\n<meta property=\"og:image\" content=\"https:\/\/www.ghostysky.com\/wp-content\/uploads\/2026\/04\/GH_RayNeo_PocketTV_1.webp\" \/>\n\t<meta property=\"og:image:width\" content=\"600\" \/>\n\t<meta property=\"og:image:height\" content=\"600\" \/>\n\t<meta property=\"og:image:type\" content=\"image\/webp\" \/>\n<meta name=\"twitter:card\" content=\"summary_large_image\" \/>\n<meta name=\"twitter:site\" content=\"@Gh0stysky\" \/>\n<meta name=\"twitter:label1\" content=\"Dur\u00e9e de lecture estim\u00e9e\" \/>\n\t<meta name=\"twitter:data1\" content=\"2 minutes\" \/>\n<script type=\"application\/ld+json\" class=\"yoast-schema-graph\">{\"@context\":\"https:\\\/\\\/schema.org\",\"@graph\":[{\"@type\":\"WebPage\",\"@id\":\"https:\\\/\\\/www.ghostysky.com\\\/product\\\/rayneo-pocket-tv\\\/\",\"url\":\"https:\\\/\\\/www.ghostysky.com\\\/product\\\/rayneo-pocket-tv\\\/\",\"name\":\"RayNeo Pocket TV - Ghostysky\",\"isPartOf\":{\"@id\":\"https:\\\/\\\/www.ghostysky.com\\\/#website\"},\"primaryImageOfPage\":{\"@id\":\"https:\\\/\\\/www.ghostysky.com\\\/product\\\/rayneo-pocket-tv\\\/#primaryimage\"},\"image\":{\"@id\":\"https:\\\/\\\/www.ghostysky.com\\\/product\\\/rayneo-pocket-tv\\\/#primaryimage\"},\"thumbnailUrl\":\"https:\\\/\\\/www.ghostysky.com\\\/wp-content\\\/uploads\\\/2026\\\/04\\\/GH_RayNeo_PocketTV_1.webp\",\"datePublished\":\"2026-04-11T07:31:51+00:00\",\"dateModified\":\"2026-04-11T07:41:41+00:00\",\"description\":\"The RayNeo Pocket TV is a portable, Google TV-certified streaming media box designed specifically to pair with RayNeo\u2019s AR glasses (like the Air 2 and Air 2S). It acts as a dedicated hub, providing a familiar smart TV interface directly within your virtual field of view.\",\"breadcrumb\":{\"@id\":\"https:\\\/\\\/www.ghostysky.com\\\/product\\\/rayneo-pocket-tv\\\/#breadcrumb\"},\"inLanguage\":\"fr-FR\",\"potentialAction\":[{\"@type\":\"ReadAction\",\"target\":[\"https:\\\/\\\/www.ghostysky.com\\\/product\\\/rayneo-pocket-tv\\\/\"]}]},{\"@type\":\"ImageObject\",\"inLanguage\":\"fr-FR\",\"@id\":\"https:\\\/\\\/www.ghostysky.com\\\/product\\\/rayneo-pocket-tv\\\/#primaryimage\",\"url\":\"https:\\\/\\\/www.ghostysky.com\\\/wp-content\\\/uploads\\\/2026\\\/04\\\/GH_RayNeo_PocketTV_1.webp\",\"contentUrl\":\"https:\\\/\\\/www.ghostysky.com\\\/wp-content\\\/uploads\\\/2026\\\/04\\\/GH_RayNeo_PocketTV_1.webp\",\"width\":600,\"height\":600},{\"@type\":\"BreadcrumbList\",\"@id\":\"https:\\\/\\\/www.ghostysky.com\\\/product\\\/rayneo-pocket-tv\\\/#breadcrumb\",\"itemListElement\":[{\"@type\":\"ListItem\",\"position\":1,\"name\":\"Home\",\"item\":\"https:\\\/\\\/www.ghostysky.com\\\/\"},{\"@type\":\"ListItem\",\"position\":2,\"name\":\"Shop\",\"item\":\"https:\\\/\\\/www.ghostysky.com\\\/shop\\\/\"},{\"@type\":\"ListItem\",\"position\":3,\"name\":\"RayNeo Pocket TV\"}]},{\"@type\":\"WebSite\",\"@id\":\"https:\\\/\\\/www.ghostysky.com\\\/#website\",\"url\":\"https:\\\/\\\/www.ghostysky.com\\\/\",\"name\":\"Ghostysky\",\"description\":\"Delivering professional drones and services\",\"publisher\":{\"@id\":\"https:\\\/\\\/www.ghostysky.com\\\/#organization\"},\"potentialAction\":[{\"@type\":\"SearchAction\",\"target\":{\"@type\":\"EntryPoint\",\"urlTemplate\":\"https:\\\/\\\/www.ghostysky.com\\\/?s={search_term_string}\"},\"query-input\":{\"@type\":\"PropertyValueSpecification\",\"valueRequired\":true,\"valueName\":\"search_term_string\"}}],\"inLanguage\":\"fr-FR\"},{\"@type\":\"Organization\",\"@id\":\"https:\\\/\\\/www.ghostysky.com\\\/#organization\",\"name\":\"Ghostysky\",\"url\":\"https:\\\/\\\/www.ghostysky.com\\\/\",\"logo\":{\"@type\":\"ImageObject\",\"inLanguage\":\"fr-FR\",\"@id\":\"https:\\\/\\\/www.ghostysky.com\\\/#\\\/schema\\\/logo\\\/image\\\/\",\"url\":\"https:\\\/\\\/www.ghostysky.com\\\/wp-content\\\/uploads\\\/2020\\\/06\\\/cropped-ghostyskylogo_text_white2.png\",\"contentUrl\":\"https:\\\/\\\/www.ghostysky.com\\\/wp-content\\\/uploads\\\/2020\\\/06\\\/cropped-ghostyskylogo_text_white2.png\",\"width\":169,\"height\":56,\"caption\":\"Ghostysky\"},\"image\":{\"@id\":\"https:\\\/\\\/www.ghostysky.com\\\/#\\\/schema\\\/logo\\\/image\\\/\"},\"sameAs\":[\"https:\\\/\\\/www.facebook.com\\\/people\\\/Ghostysky\\\/100057676170234\\\/\",\"https:\\\/\\\/x.com\\\/Gh0stysky\",\"https:\\\/\\\/www.linkedin.com\\\/company\\\/34739653\",\"https:\\\/\\\/www.instagram.com\\\/gh0stysky\"]}]}<\/script>\n<!-- \/ Yoast SEO plugin. -->","yoast_head_json":{"title":"T\u00e9l\u00e9viseur de poche RayNeo - Ghostysky","description":"Le RayNeo Pocket TV est un bo\u00eetier multim\u00e9dia portable certifi\u00e9 Google TV, con\u00e7u sp\u00e9cifiquement pour \u00eatre utilis\u00e9 avec les lunettes de r\u00e9alit\u00e9 augment\u00e9e RayNeo (comme les Air 2 et Air 2S). Il fait office de hub d\u00e9di\u00e9, offrant une interface de t\u00e9l\u00e9vision connect\u00e9e famili\u00e8re directement dans votre champ de vision virtuel.","robots":{"index":"index","follow":"follow","max-snippet":"max-snippet:-1","max-image-preview":"max-image-preview:large","max-video-preview":"max-video-preview:-1"},"canonical":"https:\/\/www.ghostysky.com\/fr\/product\/rayneo-pocket-tv\/","og_locale":"fr_FR","og_type":"article","og_title":"RayNeo Pocket TV - Ghostysky","og_description":"The RayNeo Pocket TV is a portable, Google TV-certified streaming media box designed specifically to pair with RayNeo\u2019s AR glasses (like the Air 2 and Air 2S). It acts as a dedicated hub, providing a familiar smart TV interface directly within your virtual field of view.","og_url":"https:\/\/www.ghostysky.com\/fr\/product\/rayneo-pocket-tv\/","og_site_name":"Ghostysky","article_publisher":"https:\/\/www.facebook.com\/people\/Ghostysky\/100057676170234\/","article_modified_time":"2026-04-11T07:41:41+00:00","og_image":[{"width":600,"height":600,"url":"https:\/\/www.ghostysky.com\/wp-content\/uploads\/2026\/04\/GH_RayNeo_PocketTV_1.webp","type":"image\/webp"}],"twitter_card":"summary_large_image","twitter_site":"@Gh0stysky","twitter_misc":{"Dur\u00e9e de lecture estim\u00e9e":"2 minutes"},"schema":{"@context":"https:\/\/schema.org","@graph":[{"@type":"WebPage","@id":"https:\/\/www.ghostysky.com\/product\/rayneo-pocket-tv\/","url":"https:\/\/www.ghostysky.com\/product\/rayneo-pocket-tv\/","name":"T\u00e9l\u00e9viseur de poche RayNeo - Ghostysky","isPartOf":{"@id":"https:\/\/www.ghostysky.com\/#website"},"primaryImageOfPage":{"@id":"https:\/\/www.ghostysky.com\/product\/rayneo-pocket-tv\/#primaryimage"},"image":{"@id":"https:\/\/www.ghostysky.com\/product\/rayneo-pocket-tv\/#primaryimage"},"thumbnailUrl":"https:\/\/www.ghostysky.com\/wp-content\/uploads\/2026\/04\/GH_RayNeo_PocketTV_1.webp","datePublished":"2026-04-11T07:31:51+00:00","dateModified":"2026-04-11T07:41:41+00:00","description":"Le RayNeo Pocket TV est un bo\u00eetier multim\u00e9dia portable certifi\u00e9 Google TV, con\u00e7u sp\u00e9cifiquement pour \u00eatre utilis\u00e9 avec les lunettes de r\u00e9alit\u00e9 augment\u00e9e RayNeo (comme les Air 2 et Air 2S). Il fait office de hub d\u00e9di\u00e9, offrant une interface de t\u00e9l\u00e9vision connect\u00e9e famili\u00e8re directement dans votre champ de vision virtuel.","breadcrumb":{"@id":"https:\/\/www.ghostysky.com\/product\/rayneo-pocket-tv\/#breadcrumb"},"inLanguage":"fr-FR","potentialAction":[{"@type":"ReadAction","target":["https:\/\/www.ghostysky.com\/product\/rayneo-pocket-tv\/"]}]},{"@type":"ImageObject","inLanguage":"fr-FR","@id":"https:\/\/www.ghostysky.com\/product\/rayneo-pocket-tv\/#primaryimage","url":"https:\/\/www.ghostysky.com\/wp-content\/uploads\/2026\/04\/GH_RayNeo_PocketTV_1.webp","contentUrl":"https:\/\/www.ghostysky.com\/wp-content\/uploads\/2026\/04\/GH_RayNeo_PocketTV_1.webp","width":600,"height":600},{"@type":"BreadcrumbList","@id":"https:\/\/www.ghostysky.com\/product\/rayneo-pocket-tv\/#breadcrumb","itemListElement":[{"@type":"ListItem","position":1,"name":"Home","item":"https:\/\/www.ghostysky.com\/"},{"@type":"ListItem","position":2,"name":"Shop","item":"https:\/\/www.ghostysky.com\/shop\/"},{"@type":"ListItem","position":3,"name":"RayNeo Pocket TV"}]},{"@type":"WebSite","@id":"https:\/\/www.ghostysky.com\/#website","url":"https:\/\/www.ghostysky.com\/","name":"Ghostysky","description":"Livraison de drones et de services professionnels","publisher":{"@id":"https:\/\/www.ghostysky.com\/#organization"},"potentialAction":[{"@type":"SearchAction","target":{"@type":"EntryPoint","urlTemplate":"https:\/\/www.ghostysky.com\/?s={search_term_string}"},"query-input":{"@type":"PropertyValueSpecification","valueRequired":true,"valueName":"search_term_string"}}],"inLanguage":"fr-FR"},{"@type":"Organization","@id":"https:\/\/www.ghostysky.com\/#organization","name":"Ghostysky","url":"https:\/\/www.ghostysky.com\/","logo":{"@type":"ImageObject","inLanguage":"fr-FR","@id":"https:\/\/www.ghostysky.com\/#\/schema\/logo\/image\/","url":"https:\/\/www.ghostysky.com\/wp-content\/uploads\/2020\/06\/cropped-ghostyskylogo_text_white2.png","contentUrl":"https:\/\/www.ghostysky.com\/wp-content\/uploads\/2020\/06\/cropped-ghostyskylogo_text_white2.png","width":169,"height":56,"caption":"Ghostysky"},"image":{"@id":"https:\/\/www.ghostysky.com\/#\/schema\/logo\/image\/"},"sameAs":["https:\/\/www.facebook.com\/people\/Ghostysky\/100057676170234\/","https:\/\/x.com\/Gh0stysky","https:\/\/www.linkedin.com\/company\/34739653","https:\/\/www.instagram.com\/gh0stysky"]}]}},"_links":{"self":[{"href":"https:\/\/www.ghostysky.com\/fr\/wp-json\/wp\/v2\/product\/25169","targetHints":{"allow":["GET"]}}],"collection":[{"href":"https:\/\/www.ghostysky.com\/fr\/wp-json\/wp\/v2\/product"}],"about":[{"href":"https:\/\/www.ghostysky.com\/fr\/wp-json\/wp\/v2\/types\/product"}],"replies":[{"embeddable":true,"href":"https:\/\/www.ghostysky.com\/fr\/wp-json\/wp\/v2\/comments?post=25169"}],"wp:featuredmedia":[{"embeddable":true,"href":"https:\/\/www.ghostysky.com\/fr\/wp-json\/wp\/v2\/media\/25173"}],"wp:attachment":[{"href":"https:\/\/www.ghostysky.com\/fr\/wp-json\/wp\/v2\/media?parent=25169"}],"wp:term":[{"taxonomy":"product_brand","embeddable":true,"href":"https:\/\/www.ghostysky.com\/fr\/wp-json\/wp\/v2\/product_brand?post=25169"},{"taxonomy":"product_cat","embeddable":true,"href":"https:\/\/www.ghostysky.com\/fr\/wp-json\/wp\/v2\/product_cat?post=25169"},{"taxonomy":"product_tag","embeddable":true,"href":"https:\/\/www.ghostysky.com\/fr\/wp-json\/wp\/v2\/product_tag?post=25169"}],"curies":[{"name":"wp","href":"https:\/\/api.w.org\/{rel}","templated":true}]}}