{"id":25185,"date":"2026-04-11T08:41:01","date_gmt":"2026-04-11T08:41:01","guid":{"rendered":"https:\/\/www.ghostysky.com\/?post_type=product&#038;p=25185"},"modified":"2026-04-11T09:03:40","modified_gmt":"2026-04-11T09:03:40","slug":"rayneo-joydock","status":"publish","type":"product","link":"https:\/\/www.ghostysky.com\/fr\/product\/rayneo-joydock\/","title":{"rendered":"RayNeo Joydock"},"content":{"rendered":"<h3 data-path-to-node=\"1\"><b data-path-to-node=\"1\" data-index-in-node=\"0\">Caract\u00e9ristiques principales<\/b><\/h3>\n<ul data-path-to-node=\"2\">\n<li>\n<p id=\"p-rc_e11394956f9c694e-33\" data-path-to-node=\"2,0,0\"><b data-path-to-node=\"2,0,0\" data-index-in-node=\"0\"><span class=\"citation-61 citation-end-61\">\u00c9cran virtuel de 201 pouces\u00a0:<\/span><\/b><span class=\"citation-60 citation-end-60\"> En activant le \u201c mode TV \u201d pour la Switch sans station d&#039;accueil encombrante, le Joydock vous permet de projeter vos jeux sur un \u00e9cran virtuel massif (\u00e9quivalent \u00e0 201 pouces \u00e0 6 m\u00e8tres) lorsqu&#039;il est associ\u00e9 \u00e0 des lunettes RayNeo.<\/span><\/p>\n<\/li>\n<li>\n<p id=\"p-rc_e11394956f9c694e-34\" data-path-to-node=\"2,1,0\"><b data-path-to-node=\"2,1,0\" data-index-in-node=\"0\">Haute performance :<\/b><span class=\"citation-59\"> Prend en charge un <\/span><b data-path-to-node=\"2,1,0\" data-index-in-node=\"29\"><span class=\"citation-59\">Fr\u00e9quence de rafra\u00eechissement de 120 Hz<\/span><\/b><span class=\"citation-59\"> et <\/span><b data-path-to-node=\"2,1,0\" data-index-in-node=\"52\"><span class=\"citation-59\">r\u00e9solution 1080p<\/span><\/b><span class=\"citation-59 citation-end-59\">, garantissant ainsi que les jeux rapides restent fluides et sans latence.<\/span><\/p>\n<\/li>\n<li>\n<p id=\"p-rc_e11394956f9c694e-35\" data-path-to-node=\"2,2,0\"><b data-path-to-node=\"2,2,0\" data-index-in-node=\"0\">Autonomie de batterie exceptionnelle\u00a0:<\/b><span class=\"citation-58\"> Comprend un <\/span><b data-path-to-node=\"2,2,0\" data-index-in-node=\"33\"><span class=\"citation-58\">10 000 mAh (38 Wh)<\/span><\/b><span class=\"citation-58 citation-end-58\"> batterie interne.<\/span> <span class=\"citation-57\">Il peut recharger simultan\u00e9ment votre Switch et vos lunettes AR, prolongeant ainsi votre temps de jeu jusqu&#039;\u00e0 <\/span><b data-path-to-node=\"2,2,0\" data-index-in-node=\"168\"><span class=\"citation-57\">5 \u00e0 6 heures<\/span><\/b><span class=\"citation-57 citation-end-57\">.<\/span><\/p>\n<\/li>\n<li>\n<p id=\"p-rc_e11394956f9c694e-36\" data-path-to-node=\"2,3,0\"><b data-path-to-node=\"2,3,0\" data-index-in-node=\"0\"><span class=\"citation-56\">Conception ergonomique :<\/span><\/b><span class=\"citation-56 citation-end-56\"> La station d&#039;accueil est dot\u00e9e d&#039;un syst\u00e8me de rails coulissants unique qui se fixe \u00e0 l&#039;arri\u00e8re de votre Switch, ce qui permet de conserver une configuration compacte et \u00e9quilibr\u00e9e et de ne pas \u00eatre limit\u00e9 \u00e0 une table.<\/span><\/p>\n<\/li>\n<li>\n<p id=\"p-rc_e11394956f9c694e-37\" data-path-to-node=\"2,4,0\"><b data-path-to-node=\"2,4,0\" data-index-in-node=\"0\">Pr\u00eat \u00e0 l&#039;emploi :<\/b><span class=\"citation-55 citation-end-55\"> Aucune installation logicielle complexe n&#039;est requise.<\/span> <span class=\"citation-54 citation-end-54\">Il s&#039;allume automatiquement lorsqu&#039;il est branch\u00e9 et s&#039;\u00e9teint lorsqu&#039;il est d\u00e9branch\u00e9.<\/span><\/p>\n<\/li>\n<\/ul>\n<h3 data-path-to-node=\"3\"><b data-path-to-node=\"3\" data-index-in-node=\"0\">Sp\u00e9cifications techniques<\/b><\/h3>\n<table data-path-to-node=\"4\">\n<thead>\n<tr>\n<td><strong>Fonctionnalit\u00e9<\/strong><\/td>\n<td><strong>D\u00e9tail<\/strong><\/td>\n<\/tr>\n<\/thead>\n<tbody>\n<tr>\n<td><span data-path-to-node=\"4,1,0,0\"><b data-path-to-node=\"4,1,0,0\" data-index-in-node=\"0\">Compatibilit\u00e9<\/b><\/span><\/td>\n<td><span data-path-to-node=\"4,1,1,0\">Nintendo Switch (Standard\/OLED), Switch 2 (avec mise \u00e0 jour du firmware)<\/span><\/td>\n<\/tr>\n<tr>\n<td><span data-path-to-node=\"4,2,0,0\"><b data-path-to-node=\"4,2,0,0\" data-index-in-node=\"0\">Capacit\u00e9 de la batterie<\/b><\/span><\/td>\n<td><span data-path-to-node=\"4,2,1,0\">10\u00a0000 mAh \/ 38 Wh<\/span><\/td>\n<\/tr>\n<tr>\n<td><span data-path-to-node=\"4,3,0,0\"><b data-path-to-node=\"4,3,0,0\" data-index-in-node=\"0\">Sortie vid\u00e9o<\/b><\/span><\/td>\n<td><span data-path-to-node=\"4,3,1,0\">1080p \u00e0 60 Hz\/120 Hz (via DisplayPort USB-C)<\/span><\/td>\n<\/tr>\n<tr>\n<td><span data-path-to-node=\"4,4,0,0\"><b data-path-to-node=\"4,4,0,0\" data-index-in-node=\"0\">Vitesse de charge<\/b><\/span><\/td>\n<td><span data-path-to-node=\"4,4,1,0\">Puissance de sortie PD jusqu&#039;\u00e0 20 W pour la console<\/span><\/td>\n<\/tr>\n<tr>\n<td><span data-path-to-node=\"4,5,0,0\"><b data-path-to-node=\"4,5,0,0\" data-index-in-node=\"0\">Dimensions<\/b><\/span><\/td>\n<td><span data-path-to-node=\"4,5,1,0\">150 x 102,6 x 16 mm<\/span><\/td>\n<\/tr>\n<tr>\n<td><span data-path-to-node=\"4,6,0,0\"><b data-path-to-node=\"4,6,0,0\" data-index-in-node=\"0\">Poids<\/b><\/span><\/td>\n<td><span data-path-to-node=\"4,6,1,0\">~282 g<\/span><\/td>\n<\/tr>\n<\/tbody>\n<\/table>\n<h3 data-path-to-node=\"5\"><b data-path-to-node=\"5\" data-index-in-node=\"0\">Pourquoi vous le voudriez<\/b><\/h3>\n<p data-path-to-node=\"6\">Si vous avez d\u00e9j\u00e0 essay\u00e9 d&#039;utiliser des lunettes de r\u00e9alit\u00e9 augment\u00e9e avec une Switch, vous connaissez le probl\u00e8me\u00a0: la Switch n\u00e9cessite une connexion sp\u00e9cifique pour la diffusion vid\u00e9o, connexion que les c\u00e2bles USB-C standard ne peuvent pas assurer. Le Joydock r\u00e9sout ce probl\u00e8me tout en \u00e9vitant les douleurs cervicales li\u00e9es \u00e0 l&#039;utilisation d&#039;une console portable et en pr\u00e9venant la consommation excessive de batterie due \u00e0 l&#039;alimentation d&#039;un \u00e9cran secondaire.<\/p>\n<blockquote data-path-to-node=\"7\">\n<p id=\"p-rc_e11394956f9c694e-38\" data-path-to-node=\"7,0\"><b data-path-to-node=\"7,0\" data-index-in-node=\"0\">Note:<\/b><span class=\"citation-53\"> Le Joydock est principalement con\u00e7u pour la Nintendo Switch et est <\/span><b data-path-to-node=\"7,0\" data-index-in-node=\"71\"><span class=\"citation-53\">pas<\/span><\/b><span class=\"citation-53 citation-end-53\"> compatible avec la Nintendo Switch Lite (car ce mod\u00e8le ne dispose pas de mat\u00e9riel de sortie vid\u00e9o).<\/span><\/p>\n<\/blockquote>","protected":false},"excerpt":{"rendered":"<p><span class=\"citation-63\">Le <\/span><b data-path-to-node=\"0\" data-index-in-node=\"4\"><span class=\"citation-63\">RayNeo Joydock<\/span><\/b><span class=\"citation-63 citation-end-63\"> est un hub d&#039;alimentation et de connexion 3 en 1 sp\u00e9cialement con\u00e7u pour combler le foss\u00e9 entre votre Nintendo Switch et vos lunettes AR RayNeo (comme les Air 2 ou Air 3).<\/span> <span class=\"citation-62 citation-end-62\">Il fait office de pont, de batterie et de syst\u00e8me de montage, transformant votre console portable en une exp\u00e9rience cin\u00e9matographique sur \u00e9cran g\u00e9ant.<\/span><\/p>","protected":false},"featured_media":25194,"comment_status":"open","ping_status":"closed","template":"","meta":[],"product_brand":[1414],"product_cat":[1341,1413],"product_tag":[1416,1417],"class_list":{"0":"post-25185","1":"product","2":"type-product","3":"status-publish","4":"has-post-thumbnail","6":"product_brand-rayneo","7":"product_cat-ar-vr","8":"product_cat-rayneo","9":"product_tag-rayneo","10":"product_tag-rayneo-glasses-accessories","12":"first","13":"onbackorder","14":"taxable","15":"shipping-taxable","16":"purchasable","17":"product-type-simple"},"yoast_head":"<!-- This site is optimized with the Yoast SEO plugin v27.1.1 - https:\/\/yoast.com\/product\/yoast-seo-wordpress\/ -->\n<title>RayNeo Joydock - Ghostysky<\/title>\n<meta name=\"description\" content=\"The RayNeo Joydock is a 3-in-1 power and connection hub specifically engineered to bridge the gap between your Nintendo Switch and RayNeo AR glasses (like the Air 2 or Air 3s). It acts as a bridge, a battery, and a mounting system, transforming your handheld console into a giant-screen cinematic experience.\" \/>\n<meta name=\"robots\" content=\"index, follow, max-snippet:-1, max-image-preview:large, max-video-preview:-1\" \/>\n<link rel=\"canonical\" href=\"https:\/\/www.ghostysky.com\/fr\/product\/rayneo-joydock\/\" \/>\n<meta property=\"og:locale\" content=\"fr_FR\" \/>\n<meta property=\"og:type\" content=\"article\" \/>\n<meta property=\"og:title\" content=\"RayNeo Joydock - Ghostysky\" \/>\n<meta property=\"og:description\" content=\"The RayNeo Joydock is a 3-in-1 power and connection hub specifically engineered to bridge the gap between your Nintendo Switch and RayNeo AR glasses (like the Air 2 or Air 3s). It acts as a bridge, a battery, and a mounting system, transforming your handheld console into a giant-screen cinematic experience.\" \/>\n<meta property=\"og:url\" content=\"https:\/\/www.ghostysky.com\/fr\/product\/rayneo-joydock\/\" \/>\n<meta property=\"og:site_name\" content=\"Ghostysky\" \/>\n<meta property=\"article:publisher\" content=\"https:\/\/www.facebook.com\/people\/Ghostysky\/100057676170234\/\" \/>\n<meta property=\"article:modified_time\" content=\"2026-04-11T09:03:40+00:00\" \/>\n<meta property=\"og:image\" content=\"https:\/\/www.ghostysky.com\/wp-content\/uploads\/2026\/04\/GH_RayNeo_1.webp\" \/>\n\t<meta property=\"og:image:width\" content=\"600\" \/>\n\t<meta property=\"og:image:height\" content=\"600\" \/>\n\t<meta property=\"og:image:type\" content=\"image\/webp\" \/>\n<meta name=\"twitter:card\" content=\"summary_large_image\" \/>\n<meta name=\"twitter:site\" content=\"@Gh0stysky\" \/>\n<meta name=\"twitter:label1\" content=\"Dur\u00e9e de lecture estim\u00e9e\" \/>\n\t<meta name=\"twitter:data1\" content=\"2 minutes\" \/>\n<script type=\"application\/ld+json\" class=\"yoast-schema-graph\">{\"@context\":\"https:\/\/schema.org\",\"@graph\":[{\"@type\":\"WebPage\",\"@id\":\"https:\/\/www.ghostysky.com\/product\/rayneo-joydock\/\",\"url\":\"https:\/\/www.ghostysky.com\/product\/rayneo-joydock\/\",\"name\":\"RayNeo Joydock - Ghostysky\",\"isPartOf\":{\"@id\":\"https:\/\/www.ghostysky.com\/#website\"},\"primaryImageOfPage\":{\"@id\":\"https:\/\/www.ghostysky.com\/product\/rayneo-joydock\/#primaryimage\"},\"image\":{\"@id\":\"https:\/\/www.ghostysky.com\/product\/rayneo-joydock\/#primaryimage\"},\"thumbnailUrl\":\"https:\/\/www.ghostysky.com\/wp-content\/uploads\/2026\/04\/GH_RayNeo_1.webp\",\"datePublished\":\"2026-04-11T08:41:01+00:00\",\"dateModified\":\"2026-04-11T09:03:40+00:00\",\"description\":\"The RayNeo Joydock is a 3-in-1 power and connection hub specifically engineered to bridge the gap between your Nintendo Switch and RayNeo AR glasses (like the Air 2 or Air 3s). It acts as a bridge, a battery, and a mounting system, transforming your handheld console into a giant-screen cinematic experience.\",\"breadcrumb\":{\"@id\":\"https:\/\/www.ghostysky.com\/product\/rayneo-joydock\/#breadcrumb\"},\"inLanguage\":\"fr-FR\",\"potentialAction\":[{\"@type\":\"ReadAction\",\"target\":[\"https:\/\/www.ghostysky.com\/product\/rayneo-joydock\/\"]}]},{\"@type\":\"ImageObject\",\"inLanguage\":\"fr-FR\",\"@id\":\"https:\/\/www.ghostysky.com\/product\/rayneo-joydock\/#primaryimage\",\"url\":\"https:\/\/www.ghostysky.com\/wp-content\/uploads\/2026\/04\/GH_RayNeo_1.webp\",\"contentUrl\":\"https:\/\/www.ghostysky.com\/wp-content\/uploads\/2026\/04\/GH_RayNeo_1.webp\",\"width\":600,\"height\":600},{\"@type\":\"BreadcrumbList\",\"@id\":\"https:\/\/www.ghostysky.com\/product\/rayneo-joydock\/#breadcrumb\",\"itemListElement\":[{\"@type\":\"ListItem\",\"position\":1,\"name\":\"Home\",\"item\":\"https:\/\/www.ghostysky.com\/\"},{\"@type\":\"ListItem\",\"position\":2,\"name\":\"Shop\",\"item\":\"https:\/\/www.ghostysky.com\/shop\/\"},{\"@type\":\"ListItem\",\"position\":3,\"name\":\"RayNeo Joydock\"}]},{\"@type\":\"WebSite\",\"@id\":\"https:\/\/www.ghostysky.com\/#website\",\"url\":\"https:\/\/www.ghostysky.com\/\",\"name\":\"Ghostysky\",\"description\":\"Delivering professional drones and services\",\"publisher\":{\"@id\":\"https:\/\/www.ghostysky.com\/#organization\"},\"potentialAction\":[{\"@type\":\"SearchAction\",\"target\":{\"@type\":\"EntryPoint\",\"urlTemplate\":\"https:\/\/www.ghostysky.com\/?s={search_term_string}\"},\"query-input\":{\"@type\":\"PropertyValueSpecification\",\"valueRequired\":true,\"valueName\":\"search_term_string\"}}],\"inLanguage\":\"fr-FR\"},{\"@type\":\"Organization\",\"@id\":\"https:\/\/www.ghostysky.com\/#organization\",\"name\":\"Ghostysky\",\"url\":\"https:\/\/www.ghostysky.com\/\",\"logo\":{\"@type\":\"ImageObject\",\"inLanguage\":\"fr-FR\",\"@id\":\"https:\/\/www.ghostysky.com\/#\/schema\/logo\/image\/\",\"url\":\"https:\/\/www.ghostysky.com\/wp-content\/uploads\/2020\/06\/cropped-ghostyskylogo_text_white2.png\",\"contentUrl\":\"https:\/\/www.ghostysky.com\/wp-content\/uploads\/2020\/06\/cropped-ghostyskylogo_text_white2.png\",\"width\":169,\"height\":56,\"caption\":\"Ghostysky\"},\"image\":{\"@id\":\"https:\/\/www.ghostysky.com\/#\/schema\/logo\/image\/\"},\"sameAs\":[\"https:\/\/www.facebook.com\/people\/Ghostysky\/100057676170234\/\",\"https:\/\/x.com\/Gh0stysky\",\"https:\/\/www.linkedin.com\/company\/34739653\",\"https:\/\/www.instagram.com\/gh0stysky\"]}]}<\/script>\n<!-- \/ Yoast SEO plugin. -->","yoast_head_json":{"title":"RayNeo Joydock - Ghostysky","description":"Le RayNeo Joydock est un hub d&#039;alimentation et de connexion 3-en-1 con\u00e7u sp\u00e9cifiquement pour faire le lien entre votre Nintendo Switch et vos lunettes de r\u00e9alit\u00e9 augment\u00e9e RayNeo (comme les Air 2 ou Air 3). Il sert \u00e0 la fois de pont, de batterie et de syst\u00e8me de fixation, transformant votre console portable en une exp\u00e9rience cin\u00e9matographique sur \u00e9cran g\u00e9ant.","robots":{"index":"index","follow":"follow","max-snippet":"max-snippet:-1","max-image-preview":"max-image-preview:large","max-video-preview":"max-video-preview:-1"},"canonical":"https:\/\/www.ghostysky.com\/fr\/product\/rayneo-joydock\/","og_locale":"fr_FR","og_type":"article","og_title":"RayNeo Joydock - Ghostysky","og_description":"The RayNeo Joydock is a 3-in-1 power and connection hub specifically engineered to bridge the gap between your Nintendo Switch and RayNeo AR glasses (like the Air 2 or Air 3s). It acts as a bridge, a battery, and a mounting system, transforming your handheld console into a giant-screen cinematic experience.","og_url":"https:\/\/www.ghostysky.com\/fr\/product\/rayneo-joydock\/","og_site_name":"Ghostysky","article_publisher":"https:\/\/www.facebook.com\/people\/Ghostysky\/100057676170234\/","article_modified_time":"2026-04-11T09:03:40+00:00","og_image":[{"width":600,"height":600,"url":"https:\/\/www.ghostysky.com\/wp-content\/uploads\/2026\/04\/GH_RayNeo_1.webp","type":"image\/webp"}],"twitter_card":"summary_large_image","twitter_site":"@Gh0stysky","twitter_misc":{"Dur\u00e9e de lecture estim\u00e9e":"2 minutes"},"schema":{"@context":"https:\/\/schema.org","@graph":[{"@type":"WebPage","@id":"https:\/\/www.ghostysky.com\/product\/rayneo-joydock\/","url":"https:\/\/www.ghostysky.com\/product\/rayneo-joydock\/","name":"RayNeo Joydock - Ghostysky","isPartOf":{"@id":"https:\/\/www.ghostysky.com\/#website"},"primaryImageOfPage":{"@id":"https:\/\/www.ghostysky.com\/product\/rayneo-joydock\/#primaryimage"},"image":{"@id":"https:\/\/www.ghostysky.com\/product\/rayneo-joydock\/#primaryimage"},"thumbnailUrl":"https:\/\/www.ghostysky.com\/wp-content\/uploads\/2026\/04\/GH_RayNeo_1.webp","datePublished":"2026-04-11T08:41:01+00:00","dateModified":"2026-04-11T09:03:40+00:00","description":"Le RayNeo Joydock est un hub d&#039;alimentation et de connexion 3-en-1 con\u00e7u sp\u00e9cifiquement pour faire le lien entre votre Nintendo Switch et vos lunettes de r\u00e9alit\u00e9 augment\u00e9e RayNeo (comme les Air 2 ou Air 3). Il sert \u00e0 la fois de pont, de batterie et de syst\u00e8me de fixation, transformant votre console portable en une exp\u00e9rience cin\u00e9matographique sur \u00e9cran g\u00e9ant.","breadcrumb":{"@id":"https:\/\/www.ghostysky.com\/product\/rayneo-joydock\/#breadcrumb"},"inLanguage":"fr-FR","potentialAction":[{"@type":"ReadAction","target":["https:\/\/www.ghostysky.com\/product\/rayneo-joydock\/"]}]},{"@type":"ImageObject","inLanguage":"fr-FR","@id":"https:\/\/www.ghostysky.com\/product\/rayneo-joydock\/#primaryimage","url":"https:\/\/www.ghostysky.com\/wp-content\/uploads\/2026\/04\/GH_RayNeo_1.webp","contentUrl":"https:\/\/www.ghostysky.com\/wp-content\/uploads\/2026\/04\/GH_RayNeo_1.webp","width":600,"height":600},{"@type":"BreadcrumbList","@id":"https:\/\/www.ghostysky.com\/product\/rayneo-joydock\/#breadcrumb","itemListElement":[{"@type":"ListItem","position":1,"name":"Home","item":"https:\/\/www.ghostysky.com\/"},{"@type":"ListItem","position":2,"name":"Shop","item":"https:\/\/www.ghostysky.com\/shop\/"},{"@type":"ListItem","position":3,"name":"RayNeo Joydock"}]},{"@type":"WebSite","@id":"https:\/\/www.ghostysky.com\/#website","url":"https:\/\/www.ghostysky.com\/","name":"Ghostysky","description":"Livraison de drones et de services professionnels","publisher":{"@id":"https:\/\/www.ghostysky.com\/#organization"},"potentialAction":[{"@type":"SearchAction","target":{"@type":"EntryPoint","urlTemplate":"https:\/\/www.ghostysky.com\/?s={search_term_string}"},"query-input":{"@type":"PropertyValueSpecification","valueRequired":true,"valueName":"search_term_string"}}],"inLanguage":"fr-FR"},{"@type":"Organization","@id":"https:\/\/www.ghostysky.com\/#organization","name":"Ghostysky","url":"https:\/\/www.ghostysky.com\/","logo":{"@type":"ImageObject","inLanguage":"fr-FR","@id":"https:\/\/www.ghostysky.com\/#\/schema\/logo\/image\/","url":"https:\/\/www.ghostysky.com\/wp-content\/uploads\/2020\/06\/cropped-ghostyskylogo_text_white2.png","contentUrl":"https:\/\/www.ghostysky.com\/wp-content\/uploads\/2020\/06\/cropped-ghostyskylogo_text_white2.png","width":169,"height":56,"caption":"Ghostysky"},"image":{"@id":"https:\/\/www.ghostysky.com\/#\/schema\/logo\/image\/"},"sameAs":["https:\/\/www.facebook.com\/people\/Ghostysky\/100057676170234\/","https:\/\/x.com\/Gh0stysky","https:\/\/www.linkedin.com\/company\/34739653","https:\/\/www.instagram.com\/gh0stysky"]}]}},"_links":{"self":[{"href":"https:\/\/www.ghostysky.com\/fr\/wp-json\/wp\/v2\/product\/25185","targetHints":{"allow":["GET"]}}],"collection":[{"href":"https:\/\/www.ghostysky.com\/fr\/wp-json\/wp\/v2\/product"}],"about":[{"href":"https:\/\/www.ghostysky.com\/fr\/wp-json\/wp\/v2\/types\/product"}],"replies":[{"embeddable":true,"href":"https:\/\/www.ghostysky.com\/fr\/wp-json\/wp\/v2\/comments?post=25185"}],"wp:featuredmedia":[{"embeddable":true,"href":"https:\/\/www.ghostysky.com\/fr\/wp-json\/wp\/v2\/media\/25194"}],"wp:attachment":[{"href":"https:\/\/www.ghostysky.com\/fr\/wp-json\/wp\/v2\/media?parent=25185"}],"wp:term":[{"taxonomy":"product_brand","embeddable":true,"href":"https:\/\/www.ghostysky.com\/fr\/wp-json\/wp\/v2\/product_brand?post=25185"},{"taxonomy":"product_cat","embeddable":true,"href":"https:\/\/www.ghostysky.com\/fr\/wp-json\/wp\/v2\/product_cat?post=25185"},{"taxonomy":"product_tag","embeddable":true,"href":"https:\/\/www.ghostysky.com\/fr\/wp-json\/wp\/v2\/product_tag?post=25185"}],"curies":[{"name":"wp","href":"https:\/\/api.w.org\/{rel}","templated":true}]}}