{"id":25239,"date":"2026-04-12T07:47:55","date_gmt":"2026-04-12T07:47:55","guid":{"rendered":"https:\/\/www.ghostysky.com\/?post_type=product&#038;p=25239"},"modified":"2026-04-12T07:57:53","modified_gmt":"2026-04-12T07:57:53","slug":"yuhesen-fr-max-40ah","status":"publish","type":"product","link":"https:\/\/www.ghostysky.com\/fr\/product\/yuhesen-fr-max-40ah\/","title":{"rendered":"Yuhesen FR-Max (40AH)"},"content":{"rendered":"<h3 data-path-to-node=\"3\"><b data-path-to-node=\"3\" data-index-in-node=\"0\">Pr\u00e9sentation du produit<\/b><\/h3>\n<p id=\"p-rc_c73c750243ca966f-19\" data-path-to-node=\"4\">Le <b data-path-to-node=\"4\" data-index-in-node=\"4\">FR-max<\/b> Il s&#039;agit d&#039;un ch\u00e2ssis de robot de qualit\u00e9 industrielle, con\u00e7u pour la polyvalence et la robustesse. <span class=\"citation-9\">Avec son <\/span><b data-path-to-node=\"4\" data-index-in-node=\"95\"><span class=\"citation-9\">Batterie haute capacit\u00e9 48 V 40 Ah<\/span><\/b><span class=\"citation-9 citation-end-9\">, Il est con\u00e7u pour combler le foss\u00e9 entre la logistique int\u00e9rieure et l&#039;exploration ext\u00e9rieure exigeante.<\/span> Son gabarit imposant et son syst\u00e8me d&#039;entra\u00eenement renforc\u00e9 en font un choix de premier ordre pour l&#039;inspection autonome, l&#039;automatisation agricole et le d\u00e9veloppement de solutions d&#039;intervention d&#039;urgence.<\/p>\n<p>&nbsp;<\/p>\n<h3 data-path-to-node=\"6\"><b data-path-to-node=\"6\" data-index-in-node=\"0\">Caract\u00e9ristiques principales<\/b><\/h3>\n<ul data-path-to-node=\"7\">\n<li>\n<p id=\"p-rc_c73c750243ca966f-20\" data-path-to-node=\"7,0,0\"><b data-path-to-node=\"7,0,0\" data-index-in-node=\"0\"><span class=\"citation-8\">Endurance de mission prolong\u00e9e\u00a0:<\/span><\/b><span class=\"citation-8\"> Equip\u00e9 d&#039;un <\/span><b data-path-to-node=\"7,0,0\" data-index-in-node=\"44\"><span class=\"citation-8\">Batterie 48V 40Ah<\/span><\/b><span class=\"citation-8 citation-end-8\">, doublant ainsi la capacit\u00e9 standard de la s\u00e9rie \u201c interm\u00e9diaire \u201d.<\/span> Cela permet des dur\u00e9es de fonctionnement nettement plus longues, couvrant jusqu&#039;\u00e0 <b data-path-to-node=\"7,0,0\" data-index-in-node=\"183\">45 km et plus<\/b> sur une seule charge (\u00e0 vide).<\/p>\n<\/li>\n<li>\n<p id=\"p-rc_c73c750243ca966f-21\" data-path-to-node=\"7,1,0\"><b data-path-to-node=\"7,1,0\" data-index-in-node=\"0\">Contr\u00f4le de mouvement industriel :<\/b><span class=\"citation-7\"> En utilisant un <\/span><b data-path-to-node=\"7,1,0\" data-index-in-node=\"39\"><span class=\"citation-7\">Syst\u00e8me d&#039;entra\u00eenement haute puissance de 1000 W<\/span><\/b><span class=\"citation-7 citation-end-7\">, le FR-max assure une maniabilit\u00e9 pr\u00e9cise gr\u00e2ce \u00e0 une structure de direction Ackermann (ou des variantes \u00e0 double entra\u00eenement selon la configuration), offrant une stabilit\u00e9 de qualit\u00e9 automobile \u00e0 des vitesses plus \u00e9lev\u00e9es.<\/span><\/p>\n<\/li>\n<li>\n<p id=\"p-rc_c73c750243ca966f-22\" data-path-to-node=\"7,2,0\"><b data-path-to-node=\"7,2,0\" data-index-in-node=\"0\"><span class=\"citation-6\">Capacit\u00e9 tout-terrain :<\/span><\/b><span class=\"citation-6\"> Dot\u00e9 d&#039;une garde au sol \u00e9lev\u00e9e et de pneus de grand diam\u00e8tre, il peut franchir des obstacles jusqu&#039;\u00e0 <\/span><b data-path-to-node=\"7,2,0\" data-index-in-node=\"116\"><span class=\"citation-6\">90 mm<\/span><\/b><span class=\"citation-6\"> et g\u00e9rer des pentes jusqu&#039;\u00e0 <\/span><b data-path-to-node=\"7,2,0\" data-index-in-node=\"148\"><span class=\"citation-6\">20\u00b0<\/span><\/b><span class=\"citation-6 citation-end-6\">.<\/span><\/p>\n<\/li>\n<li>\n<p data-path-to-node=\"7,3,0\"><b data-path-to-node=\"7,3,0\" data-index-in-node=\"0\">S\u00e9curit\u00e9 multiniveaux\u00a0:<\/b> Protection mat\u00e9rielle et logicielle int\u00e9gr\u00e9e comprenant des arr\u00eats d&#039;urgence physiques, des interverrouillages de s\u00e9curit\u00e9 logiques et une gestion de batterie (BMS) de qualit\u00e9 automobile.<\/p>\n<\/li>\n<li>\n<p data-path-to-node=\"7,4,0\"><b data-path-to-node=\"7,4,0\" data-index-in-node=\"0\">SDK ouvert et conception modulaire\u00a0:<\/b> Compatible avec les packages de pilotage ROS\/ROS2, cette plateforme \u201c plug-and-play \u201d permet aux d\u00e9veloppeurs d&#039;ajouter des LiDAR, des cam\u00e9ras ou des bras robotiques.<\/p>\n<\/li>\n<\/ul>\n<p>&nbsp;<\/p>\n<h3 data-path-to-node=\"9\"><b data-path-to-node=\"9\" data-index-in-node=\"0\">Sp\u00e9cifications techniques<\/b><\/h3>\n<table data-path-to-node=\"10\">\n<thead>\n<tr>\n<td><strong>Fonctionnalit\u00e9<\/strong><\/td>\n<td><strong>Sp\u00e9cification<\/strong><\/td>\n<\/tr>\n<\/thead>\n<tbody>\n<tr>\n<td><span data-path-to-node=\"10,1,0,0\"><b data-path-to-node=\"10,1,0,0\" data-index-in-node=\"0\">Dimensions<\/b><\/span><\/td>\n<td><span data-path-to-node=\"10,1,1,0\">1600 mm \u00d7 820 mm \u00d7 520 mm (environ)<\/span><\/td>\n<\/tr>\n<tr>\n<td><span data-path-to-node=\"10,2,0,0\"><b data-path-to-node=\"10,2,0,0\" data-index-in-node=\"0\">Capacit\u00e9 de la batterie<\/b><\/span><\/td>\n<td><span data-path-to-node=\"10,2,1,0\">48V \/ 40Ah (Lithium haute capacit\u00e9)<\/span><\/td>\n<\/tr>\n<tr>\n<td><span data-path-to-node=\"10,3,0,0\"><b data-path-to-node=\"10,3,0,0\" data-index-in-node=\"0\">Vitesse maximale<\/b><\/span><\/td>\n<td><span data-path-to-node=\"10,3,1,0\">~8,0 km\/h<\/span><\/td>\n<\/tr>\n<tr>\n<td><span data-path-to-node=\"10,4,0,0\"><b data-path-to-node=\"10,4,0,0\" data-index-in-node=\"0\">Capacit\u00e9 de charge utile<\/b><\/span><\/td>\n<td><span data-path-to-node=\"10,4,1,0\">100 kg et plus (Terrain plat)<\/span><\/td>\n<\/tr>\n<tr>\n<td><span data-path-to-node=\"10,5,0,0\"><b data-path-to-node=\"10,5,0,0\" data-index-in-node=\"0\">Temps de charge<\/b><\/span><\/td>\n<td><span data-path-to-node=\"10,5,1,0\">3 \u00e0 5 heures (avec adaptateur 10A)<\/span><\/td>\n<\/tr>\n<tr>\n<td><span data-path-to-node=\"10,6,0,0\"><b data-path-to-node=\"10,6,0,0\" data-index-in-node=\"0\">Communication<\/b><\/span><\/td>\n<td><span data-path-to-node=\"10,6,1,0\">CAN 2.0B \/ Port s\u00e9rie<\/span><\/td>\n<\/tr>\n<tr>\n<td><span data-path-to-node=\"10,7,0,0\"><b data-path-to-node=\"10,7,0,0\" data-index-in-node=\"0\">Indice de protection IP<\/b><\/span><\/td>\n<td><span data-path-to-node=\"10,7,1,0\">IP44 (R\u00e9sistant \u00e0 la poussi\u00e8re et aux \u00e9claboussures)<\/span><\/td>\n<\/tr>\n<tr>\n<td><span data-path-to-node=\"10,8,0,0\"><b data-path-to-node=\"10,8,0,0\" data-index-in-node=\"0\">Temp\u00e9rature de fonctionnement<\/b><\/span><\/td>\n<td><span data-path-to-node=\"10,8,1,0\">-20\u00b0C \u00e0 50\u00b0C<\/span><\/td>\n<\/tr>\n<\/tbody>\n<\/table>\n<p>&nbsp;<\/p>\n<h3 data-path-to-node=\"12\"><b data-path-to-node=\"12\" data-index-in-node=\"0\">Applications principales<\/b><\/h3>\n<ul data-path-to-node=\"13\">\n<li>\n<p data-path-to-node=\"13,0,0\"><b data-path-to-node=\"13,0,0\" data-index-in-node=\"0\">Inspection industrielle :<\/b> Transport de lourds ensembles de capteurs (LiDAR, cam\u00e9ras thermiques) pour les centrales \u00e9lectriques ou les installations p\u00e9troli\u00e8res et gazi\u00e8res.<\/p>\n<\/li>\n<li>\n<p data-path-to-node=\"13,1,0\"><b data-path-to-node=\"13,1,0\" data-index-in-node=\"0\">Logistique et livraison :<\/b> D\u00e9veloppement de solutions de livraison du dernier kilom\u00e8tre ou de transport interne \u00e0 l&#039;usine.<\/p>\n<\/li>\n<li>\n<p data-path-to-node=\"13,2,0\"><b data-path-to-node=\"13,2,0\" data-index-in-node=\"0\">Agriculture:<\/b> \u00c0 utiliser comme base pour la pulv\u00e9risation, le semis ou la surveillance des cultures autonomes.<\/p>\n<\/li>\n<li>\n<p data-path-to-node=\"13,3,0\"><b data-path-to-node=\"13,3,0\" data-index-in-node=\"0\">Recherche et \u00e9ducation :<\/b> Une plateforme robuste pour les universit\u00e9s et les laboratoires sp\u00e9cialis\u00e9s dans le SLAM, la planification de trajectoires et l&#039;IA.<\/p>\n<\/li>\n<\/ul>\n<blockquote data-path-to-node=\"14\">\n<p id=\"p-rc_c73c750243ca966f-23\" data-path-to-node=\"14,0\"><b data-path-to-node=\"14,0\" data-index-in-node=\"0\">Note:<\/b> \u00c9tant donn\u00e9 que Yuhesen met constamment \u00e0 jour sa gamme de ch\u00e2ssis, certains composants internes (comme la puissance exacte du moteur ou le diam\u00e8tre des roues) peuvent varier l\u00e9g\u00e8rement en fonction du dernier lot de production. <span class=\"citation-5\">Il est hautement compatible avec les produits Yuhesen. <\/span><b data-path-to-node=\"14,0\" data-index-in-node=\"235\"><span class=\"citation-5\">NV-magic<\/span><\/b><span class=\"citation-5\"> et <\/span><b data-path-to-node=\"14,0\" data-index-in-node=\"248\"><span class=\"citation-5\">OS-mate<\/span><\/b><span class=\"citation-5 citation-end-5\"> kits pour des capacit\u00e9s de navigation autonome instantan\u00e9es.<\/span><\/p>\n<\/blockquote>\n<h3 data-path-to-node=\"9\"><b data-path-to-node=\"9\" data-index-in-node=\"0\">Sp\u00e9cifications techniques (d\u00e9taill\u00e9es)<\/b><\/h3>\n<p><a href=\"https:\/\/www.ghostysky.com\/wp-content\/uploads\/2026\/04\/GH_Yuhesen_FR-max\uff0840AH\uff09_Descp_1-scaled.png\"><img fetchpriority=\"high\" decoding=\"async\" class=\"alignnone wp-image-25241 size-full lazyload\" src=\"data:image\/gif;base64,R0lGODlhAQABAAAAACH5BAEKAAEALAAAAAABAAEAAAICTAEAOw==\" alt=\"\" width=\"1088\" height=\"2438\" sizes=\"(max-width: 1088px) 100vw, 1088px\" data-src=\"data:image\/gif;base64,R0lGODlhAQABAAAAACH5BAEKAAEALAAAAAABAAEAAAICTAEAOw==\" data-srcset=\"\" srcset=\"\"><\/a><\/p>","protected":false},"excerpt":{"rendered":"<p data-path-to-node=\"0\">Le <b data-path-to-node=\"0\" data-index-in-node=\"4\">Yuhesen FR-max (40Ah)<\/b> Il s&#039;agit d&#039;un ch\u00e2ssis de v\u00e9hicule terrestre sans pilote (UGV) haute performance et robuste, con\u00e7u pour les applications industrielles exigeantes. D\u00e9velopp\u00e9e par Shenzhen Yuhesen Technology, cette version \u201c\u00a0max\u00a0\u201d repr\u00e9sente le segment sup\u00e9rieur, \u00e0 haute capacit\u00e9, de leur gamme de robots mobiles, optimis\u00e9 pour les missions de longue dur\u00e9e et les charges utiles importantes.<\/p>","protected":false},"featured_media":25240,"comment_status":"open","ping_status":"closed","template":"","meta":[],"product_brand":[1389],"product_cat":[1042,1037,1384,1385],"product_tag":[1432,1395,1387,1390],"class_list":{"0":"post-25239","1":"product","2":"type-product","3":"status-publish","4":"has-post-thumbnail","6":"product_brand-yuhesen","7":"product_cat-chassis","8":"product_cat-robotics","9":"product_cat-yuhesen","10":"product_cat-yuhesen-ugv-chassis","11":"product_tag-ackermann-steering-ugv","12":"product_tag-mik-mid","13":"product_tag-ugv","14":"product_tag-yuhesen-ugv-chassis","16":"first","17":"onbackorder","18":"taxable","19":"shipping-taxable","20":"purchasable","21":"product-type-simple"},"yoast_head":"<!-- This site is optimized with the Yoast SEO plugin v27.4 - https:\/\/yoast.com\/product\/yoast-seo-wordpress\/ -->\n<title>Yuhesen FR-Max (40AH) - Ghostysky<\/title>\n<meta name=\"description\" content=\"The Yuhesen FR-max (40Ah) is a high-performance, heavy-duty Unmanned Ground Vehicle (UGV) chassis designed for demanding industrial applications. Engineered by Shenzhen Yuhesen Technology, this &quot;max&quot; variant represents the larger, high-capacity tier of their mobile robotics lineup, specifically optimized for long-duration missions and heavy payloads.\" \/>\n<meta name=\"robots\" content=\"index, follow, max-snippet:-1, max-image-preview:large, max-video-preview:-1\" \/>\n<link rel=\"canonical\" href=\"https:\/\/www.ghostysky.com\/fr\/product\/yuhesen-fr-max-40ah\/\" \/>\n<meta property=\"og:locale\" content=\"fr_FR\" \/>\n<meta property=\"og:type\" content=\"article\" \/>\n<meta property=\"og:title\" content=\"Yuhesen FR-Max (40AH) - Ghostysky\" \/>\n<meta property=\"og:description\" content=\"The Yuhesen FR-max (40Ah) is a high-performance, heavy-duty Unmanned Ground Vehicle (UGV) chassis designed for demanding industrial applications. Engineered by Shenzhen Yuhesen Technology, this &quot;max&quot; variant represents the larger, high-capacity tier of their mobile robotics lineup, specifically optimized for long-duration missions and heavy payloads.\" \/>\n<meta property=\"og:url\" content=\"https:\/\/www.ghostysky.com\/fr\/product\/yuhesen-fr-max-40ah\/\" \/>\n<meta property=\"og:site_name\" content=\"Ghostysky\" \/>\n<meta property=\"article:publisher\" content=\"https:\/\/www.facebook.com\/people\/Ghostysky\/100057676170234\/\" \/>\n<meta property=\"article:modified_time\" content=\"2026-04-12T07:57:53+00:00\" \/>\n<meta property=\"og:image\" content=\"https:\/\/www.ghostysky.com\/wp-content\/uploads\/2026\/04\/GH_FR-max\uff0840AH\uff09_1.png\" \/>\n\t<meta property=\"og:image:width\" content=\"300\" \/>\n\t<meta property=\"og:image:height\" content=\"240\" \/>\n\t<meta property=\"og:image:type\" content=\"image\/png\" \/>\n<meta name=\"twitter:card\" content=\"summary_large_image\" \/>\n<meta name=\"twitter:site\" content=\"@Gh0stysky\" \/>\n<meta name=\"twitter:label1\" content=\"Dur\u00e9e de lecture estim\u00e9e\" \/>\n\t<meta name=\"twitter:data1\" content=\"2 minutes\" \/>\n<script type=\"application\/ld+json\" class=\"yoast-schema-graph\">{\"@context\":\"https:\\\/\\\/schema.org\",\"@graph\":[{\"@type\":\"WebPage\",\"@id\":\"https:\\\/\\\/www.ghostysky.com\\\/product\\\/yuhesen-fr-max-40ah\\\/\",\"url\":\"https:\\\/\\\/www.ghostysky.com\\\/product\\\/yuhesen-fr-max-40ah\\\/\",\"name\":\"Yuhesen FR-Max (40AH) - Ghostysky\",\"isPartOf\":{\"@id\":\"https:\\\/\\\/www.ghostysky.com\\\/#website\"},\"primaryImageOfPage\":{\"@id\":\"https:\\\/\\\/www.ghostysky.com\\\/product\\\/yuhesen-fr-max-40ah\\\/#primaryimage\"},\"image\":{\"@id\":\"https:\\\/\\\/www.ghostysky.com\\\/product\\\/yuhesen-fr-max-40ah\\\/#primaryimage\"},\"thumbnailUrl\":\"https:\\\/\\\/www.ghostysky.com\\\/wp-content\\\/uploads\\\/2026\\\/04\\\/GH_FR-max\uff0840AH\uff09_1.png\",\"datePublished\":\"2026-04-12T07:47:55+00:00\",\"dateModified\":\"2026-04-12T07:57:53+00:00\",\"description\":\"The Yuhesen FR-max (40Ah) is a high-performance, heavy-duty Unmanned Ground Vehicle (UGV) chassis designed for demanding industrial applications. Engineered by Shenzhen Yuhesen Technology, this \\\"max\\\" variant represents the larger, high-capacity tier of their mobile robotics lineup, specifically optimized for long-duration missions and heavy payloads.\",\"breadcrumb\":{\"@id\":\"https:\\\/\\\/www.ghostysky.com\\\/product\\\/yuhesen-fr-max-40ah\\\/#breadcrumb\"},\"inLanguage\":\"fr-FR\",\"potentialAction\":[{\"@type\":\"ReadAction\",\"target\":[\"https:\\\/\\\/www.ghostysky.com\\\/product\\\/yuhesen-fr-max-40ah\\\/\"]}]},{\"@type\":\"ImageObject\",\"inLanguage\":\"fr-FR\",\"@id\":\"https:\\\/\\\/www.ghostysky.com\\\/product\\\/yuhesen-fr-max-40ah\\\/#primaryimage\",\"url\":\"https:\\\/\\\/www.ghostysky.com\\\/wp-content\\\/uploads\\\/2026\\\/04\\\/GH_FR-max\uff0840AH\uff09_1.png\",\"contentUrl\":\"https:\\\/\\\/www.ghostysky.com\\\/wp-content\\\/uploads\\\/2026\\\/04\\\/GH_FR-max\uff0840AH\uff09_1.png\",\"width\":300,\"height\":240},{\"@type\":\"BreadcrumbList\",\"@id\":\"https:\\\/\\\/www.ghostysky.com\\\/product\\\/yuhesen-fr-max-40ah\\\/#breadcrumb\",\"itemListElement\":[{\"@type\":\"ListItem\",\"position\":1,\"name\":\"Home\",\"item\":\"https:\\\/\\\/www.ghostysky.com\\\/\"},{\"@type\":\"ListItem\",\"position\":2,\"name\":\"Shop\",\"item\":\"https:\\\/\\\/www.ghostysky.com\\\/shop\\\/\"},{\"@type\":\"ListItem\",\"position\":3,\"name\":\"Yuhesen FR-Max (40AH)\"}]},{\"@type\":\"WebSite\",\"@id\":\"https:\\\/\\\/www.ghostysky.com\\\/#website\",\"url\":\"https:\\\/\\\/www.ghostysky.com\\\/\",\"name\":\"Ghostysky\",\"description\":\"Delivering professional drones and services\",\"publisher\":{\"@id\":\"https:\\\/\\\/www.ghostysky.com\\\/#organization\"},\"potentialAction\":[{\"@type\":\"SearchAction\",\"target\":{\"@type\":\"EntryPoint\",\"urlTemplate\":\"https:\\\/\\\/www.ghostysky.com\\\/?s={search_term_string}\"},\"query-input\":{\"@type\":\"PropertyValueSpecification\",\"valueRequired\":true,\"valueName\":\"search_term_string\"}}],\"inLanguage\":\"fr-FR\"},{\"@type\":\"Organization\",\"@id\":\"https:\\\/\\\/www.ghostysky.com\\\/#organization\",\"name\":\"Ghostysky\",\"url\":\"https:\\\/\\\/www.ghostysky.com\\\/\",\"logo\":{\"@type\":\"ImageObject\",\"inLanguage\":\"fr-FR\",\"@id\":\"https:\\\/\\\/www.ghostysky.com\\\/#\\\/schema\\\/logo\\\/image\\\/\",\"url\":\"https:\\\/\\\/www.ghostysky.com\\\/wp-content\\\/uploads\\\/2020\\\/06\\\/cropped-ghostyskylogo_text_white2.png\",\"contentUrl\":\"https:\\\/\\\/www.ghostysky.com\\\/wp-content\\\/uploads\\\/2020\\\/06\\\/cropped-ghostyskylogo_text_white2.png\",\"width\":169,\"height\":56,\"caption\":\"Ghostysky\"},\"image\":{\"@id\":\"https:\\\/\\\/www.ghostysky.com\\\/#\\\/schema\\\/logo\\\/image\\\/\"},\"sameAs\":[\"https:\\\/\\\/www.facebook.com\\\/people\\\/Ghostysky\\\/100057676170234\\\/\",\"https:\\\/\\\/x.com\\\/Gh0stysky\",\"https:\\\/\\\/www.linkedin.com\\\/company\\\/34739653\",\"https:\\\/\\\/www.instagram.com\\\/gh0stysky\"]}]}<\/script>\n<!-- \/ Yoast SEO plugin. -->","yoast_head_json":{"title":"Yuhesen FR-Max (40AH) - Ghostysky","description":"Le ch\u00e2ssis Yuhesen FR-max (40 Ah) est un ch\u00e2ssis de v\u00e9hicule terrestre sans pilote (UGV) haute performance et robuste, con\u00e7u pour les applications industrielles exigeantes. D\u00e9velopp\u00e9e par Shenzhen Yuhesen Technology, cette version \"\u00a0max\u00a0\" repr\u00e9sente le segment haut de gamme de leur gamme de robots mobiles, optimis\u00e9 pour les missions de longue dur\u00e9e et les charges utiles importantes.","robots":{"index":"index","follow":"follow","max-snippet":"max-snippet:-1","max-image-preview":"max-image-preview:large","max-video-preview":"max-video-preview:-1"},"canonical":"https:\/\/www.ghostysky.com\/fr\/product\/yuhesen-fr-max-40ah\/","og_locale":"fr_FR","og_type":"article","og_title":"Yuhesen FR-Max (40AH) - Ghostysky","og_description":"The Yuhesen FR-max (40Ah) is a high-performance, heavy-duty Unmanned Ground Vehicle (UGV) chassis designed for demanding industrial applications. Engineered by Shenzhen Yuhesen Technology, this \"max\" variant represents the larger, high-capacity tier of their mobile robotics lineup, specifically optimized for long-duration missions and heavy payloads.","og_url":"https:\/\/www.ghostysky.com\/fr\/product\/yuhesen-fr-max-40ah\/","og_site_name":"Ghostysky","article_publisher":"https:\/\/www.facebook.com\/people\/Ghostysky\/100057676170234\/","article_modified_time":"2026-04-12T07:57:53+00:00","og_image":[{"width":300,"height":240,"url":"https:\/\/www.ghostysky.com\/wp-content\/uploads\/2026\/04\/GH_FR-max\uff0840AH\uff09_1.png","type":"image\/png"}],"twitter_card":"summary_large_image","twitter_site":"@Gh0stysky","twitter_misc":{"Dur\u00e9e de lecture estim\u00e9e":"2 minutes"},"schema":{"@context":"https:\/\/schema.org","@graph":[{"@type":"WebPage","@id":"https:\/\/www.ghostysky.com\/product\/yuhesen-fr-max-40ah\/","url":"https:\/\/www.ghostysky.com\/product\/yuhesen-fr-max-40ah\/","name":"Yuhesen FR-Max (40AH) - Ghostysky","isPartOf":{"@id":"https:\/\/www.ghostysky.com\/#website"},"primaryImageOfPage":{"@id":"https:\/\/www.ghostysky.com\/product\/yuhesen-fr-max-40ah\/#primaryimage"},"image":{"@id":"https:\/\/www.ghostysky.com\/product\/yuhesen-fr-max-40ah\/#primaryimage"},"thumbnailUrl":"https:\/\/www.ghostysky.com\/wp-content\/uploads\/2026\/04\/GH_FR-max\uff0840AH\uff09_1.png","datePublished":"2026-04-12T07:47:55+00:00","dateModified":"2026-04-12T07:57:53+00:00","description":"Le ch\u00e2ssis Yuhesen FR-max (40 Ah) est un ch\u00e2ssis de v\u00e9hicule terrestre sans pilote (UGV) haute performance et robuste, con\u00e7u pour les applications industrielles exigeantes. D\u00e9velopp\u00e9e par Shenzhen Yuhesen Technology, cette version \"\u00a0max\u00a0\" repr\u00e9sente le segment haut de gamme de leur gamme de robots mobiles, optimis\u00e9 pour les missions de longue dur\u00e9e et les charges utiles importantes.","breadcrumb":{"@id":"https:\/\/www.ghostysky.com\/product\/yuhesen-fr-max-40ah\/#breadcrumb"},"inLanguage":"fr-FR","potentialAction":[{"@type":"ReadAction","target":["https:\/\/www.ghostysky.com\/product\/yuhesen-fr-max-40ah\/"]}]},{"@type":"ImageObject","inLanguage":"fr-FR","@id":"https:\/\/www.ghostysky.com\/product\/yuhesen-fr-max-40ah\/#primaryimage","url":"https:\/\/www.ghostysky.com\/wp-content\/uploads\/2026\/04\/GH_FR-max\uff0840AH\uff09_1.png","contentUrl":"https:\/\/www.ghostysky.com\/wp-content\/uploads\/2026\/04\/GH_FR-max\uff0840AH\uff09_1.png","width":300,"height":240},{"@type":"BreadcrumbList","@id":"https:\/\/www.ghostysky.com\/product\/yuhesen-fr-max-40ah\/#breadcrumb","itemListElement":[{"@type":"ListItem","position":1,"name":"Home","item":"https:\/\/www.ghostysky.com\/"},{"@type":"ListItem","position":2,"name":"Shop","item":"https:\/\/www.ghostysky.com\/shop\/"},{"@type":"ListItem","position":3,"name":"Yuhesen FR-Max (40AH)"}]},{"@type":"WebSite","@id":"https:\/\/www.ghostysky.com\/#website","url":"https:\/\/www.ghostysky.com\/","name":"Ghostysky","description":"Livraison de drones et de services professionnels","publisher":{"@id":"https:\/\/www.ghostysky.com\/#organization"},"potentialAction":[{"@type":"SearchAction","target":{"@type":"EntryPoint","urlTemplate":"https:\/\/www.ghostysky.com\/?s={search_term_string}"},"query-input":{"@type":"PropertyValueSpecification","valueRequired":true,"valueName":"search_term_string"}}],"inLanguage":"fr-FR"},{"@type":"Organization","@id":"https:\/\/www.ghostysky.com\/#organization","name":"Ghostysky","url":"https:\/\/www.ghostysky.com\/","logo":{"@type":"ImageObject","inLanguage":"fr-FR","@id":"https:\/\/www.ghostysky.com\/#\/schema\/logo\/image\/","url":"https:\/\/www.ghostysky.com\/wp-content\/uploads\/2020\/06\/cropped-ghostyskylogo_text_white2.png","contentUrl":"https:\/\/www.ghostysky.com\/wp-content\/uploads\/2020\/06\/cropped-ghostyskylogo_text_white2.png","width":169,"height":56,"caption":"Ghostysky"},"image":{"@id":"https:\/\/www.ghostysky.com\/#\/schema\/logo\/image\/"},"sameAs":["https:\/\/www.facebook.com\/people\/Ghostysky\/100057676170234\/","https:\/\/x.com\/Gh0stysky","https:\/\/www.linkedin.com\/company\/34739653","https:\/\/www.instagram.com\/gh0stysky"]}]}},"_links":{"self":[{"href":"https:\/\/www.ghostysky.com\/fr\/wp-json\/wp\/v2\/product\/25239","targetHints":{"allow":["GET"]}}],"collection":[{"href":"https:\/\/www.ghostysky.com\/fr\/wp-json\/wp\/v2\/product"}],"about":[{"href":"https:\/\/www.ghostysky.com\/fr\/wp-json\/wp\/v2\/types\/product"}],"replies":[{"embeddable":true,"href":"https:\/\/www.ghostysky.com\/fr\/wp-json\/wp\/v2\/comments?post=25239"}],"version-history":[{"count":0,"href":"https:\/\/www.ghostysky.com\/fr\/wp-json\/wp\/v2\/product\/25239\/revisions"}],"wp:featuredmedia":[{"embeddable":true,"href":"https:\/\/www.ghostysky.com\/fr\/wp-json\/wp\/v2\/media\/25240"}],"wp:attachment":[{"href":"https:\/\/www.ghostysky.com\/fr\/wp-json\/wp\/v2\/media?parent=25239"}],"wp:term":[{"taxonomy":"product_brand","embeddable":true,"href":"https:\/\/www.ghostysky.com\/fr\/wp-json\/wp\/v2\/product_brand?post=25239"},{"taxonomy":"product_cat","embeddable":true,"href":"https:\/\/www.ghostysky.com\/fr\/wp-json\/wp\/v2\/product_cat?post=25239"},{"taxonomy":"product_tag","embeddable":true,"href":"https:\/\/www.ghostysky.com\/fr\/wp-json\/wp\/v2\/product_tag?post=25239"}],"curies":[{"name":"wp","href":"https:\/\/api.w.org\/{rel}","templated":true}]}}