{"id":25750,"date":"2026-04-24T06:04:58","date_gmt":"2026-04-24T06:04:58","guid":{"rendered":"https:\/\/www.ghostysky.com\/?post_type=product&#038;p=25750"},"modified":"2026-04-24T06:07:52","modified_gmt":"2026-04-24T06:07:52","slug":"dji-lito-1","status":"publish","type":"product","link":"https:\/\/www.ghostysky.com\/fr\/product\/dji-lito-1\/","title":{"rendered":"DJI Lito 1"},"content":{"rendered":"<h3 class=\"\" data-path-to-node=\"5\"><b data-path-to-node=\"5\" data-index-in-node=\"0\">Caract\u00e9ristiques principales<\/b><\/h3>\n<ul data-path-to-node=\"6\">\n<li>\n<p data-path-to-node=\"6,0,0\"><b class=\"\" data-path-to-node=\"6,0,0\" data-index-in-node=\"0\">Ultra-l\u00e9ger et pliable :<\/b><span class=\"\"> Avec un poids inf\u00e9rieur \u00e0 249 g,<\/span><span class=\"\"> Il tient dans une poche de veste et est pr\u00eat \u00e0 voyager sans paperasse.<\/span><\/p>\n<\/li>\n<li>\n<p data-path-to-node=\"6,1,0\"><b class=\"\" data-path-to-node=\"6,1,0\" data-index-in-node=\"0\">Imagerie 4K Ultra HD\u00a0:<\/b><span class=\"\"> UN <\/span><b class=\"\" data-path-to-node=\"6,1,0\" data-index-in-node=\"23\">Capteur CMOS 1\/2 pouce<\/b><span class=\"\"> Capture des photos \u00e9poustouflantes de 48 MP et des vid\u00e9os 4K \u00e0 60 images par seconde.<\/span><span class=\"\"> Pour les amateurs d&#039;action,<\/span><span class=\"\"> il soutient <\/span><b class=\"\" data-path-to-node=\"6,1,0\" data-index-in-node=\"128\">Ralenti 4K \u00e0 100 images par seconde<\/b><span class=\"\">.<\/span><\/p>\n<\/li>\n<li>\n<p data-path-to-node=\"6,2,0\"><b class=\"\" data-path-to-node=\"6,2,0\" data-index-in-node=\"0\">S\u00e9curit\u00e9 \u00e0 360\u00b0 :<\/b><span class=\"\"> Dot\u00e9 d&#039;un syst\u00e8me de vision omnidirectionnelle,<\/span><span class=\"\"> Le Lito 1 d\u00e9tecte les obstacles dans toutes les directions.,<\/span><span class=\"\"> ce qui le rend quasiment \u201c \u00e0 l&#039;\u00e9preuve des accidents \u201d pour les nouveaux pilotes.<\/span><\/p>\n<\/li>\n<li>\n<p data-path-to-node=\"6,3,0\"><b class=\"\" data-path-to-node=\"6,3,0\" data-index-in-node=\"0\">Prise de vue verticale adapt\u00e9e aux r\u00e9seaux sociaux\u00a0:<\/b><span class=\"\"> Comprend un syst\u00e8me d\u00e9di\u00e9 <\/span><b class=\"\" data-path-to-node=\"6,3,0\" data-index-in-node=\"53\">Mode vertical 2,7K<\/b><span class=\"\">,<\/span><span class=\"\"> vous permettant de capturer du contenu de haute qualit\u00e9, parfaitement cadr\u00e9 pour TikTok et Instagram, sans recadrage.<\/span><\/p>\n<\/li>\n<li>\n<p data-path-to-node=\"6,4,0\"><b class=\"\" data-path-to-node=\"6,4,0\" data-index-in-node=\"0\">Dur\u00e9e de vol prolong\u00e9e :<\/b><span class=\"\"> Volez plus longtemps avec jusqu&#039;\u00e0 <\/span><b class=\"\" data-path-to-node=\"6,4,0\" data-index-in-node=\"44\">36 minutes<\/b><span class=\"\"> Autonomie de la batterie par charge.<\/span><\/p>\n<\/li>\n<li>\n<p data-path-to-node=\"6,5,0\"><b class=\"\" data-path-to-node=\"6,5,0\" data-index-in-node=\"0\">Transmission vid\u00e9o O4\u00a0:<\/b><span class=\"\"> Profitez d&#039;un flux vid\u00e9o en direct d&#039;une nettet\u00e9 exceptionnelle en 1080p\/60 images par seconde jusqu&#039;\u00e0 <\/span><b class=\"\" data-path-to-node=\"6,5,0\" data-index-in-node=\"78\">15 km<\/b><span class=\"\"> loin (FCC),<\/span><span class=\"\"> assurer une connexion stable m\u00eame dans des environnements complexes.<\/span><\/p>\n<\/li>\n<\/ul>\n<h3 data-path-to-node=\"8\"><\/h3>\n<h3 class=\"\" data-path-to-node=\"8\"><b data-path-to-node=\"8\" data-index-in-node=\"0\">Sp\u00e9cifications en bref<\/b><\/h3>\n<table data-path-to-node=\"9\">\n<thead>\n<tr>\n<td><strong>Fonctionnalit\u00e9<\/strong><\/td>\n<td><strong>Sp\u00e9cification<\/strong><\/td>\n<\/tr>\n<\/thead>\n<tbody>\n<tr>\n<td><span data-path-to-node=\"9,1,0,0\"><b data-path-to-node=\"9,1,0,0\" data-index-in-node=\"0\">Poids<\/b><\/span><\/td>\n<td><span data-path-to-node=\"9,1,1,0\">&lt; 249 g<\/span><\/td>\n<\/tr>\n<tr>\n<td><span data-path-to-node=\"9,2,0,0\"><b data-path-to-node=\"9,2,0,0\" data-index-in-node=\"0\">Capteur<\/b><\/span><\/td>\n<td><span data-path-to-node=\"9,2,1,0\">CMOS 1\/2 pouce<\/span><\/td>\n<\/tr>\n<tr>\n<td><span data-path-to-node=\"9,3,0,0\"><b data-path-to-node=\"9,3,0,0\" data-index-in-node=\"0\">R\u00e9solution photo<\/b><\/span><\/td>\n<td><span data-path-to-node=\"9,3,1,0\">48 MP<\/span><\/td>\n<\/tr>\n<tr>\n<td><span data-path-to-node=\"9,4,0,0\"><b data-path-to-node=\"9,4,0,0\" data-index-in-node=\"0\">Vid\u00e9o<\/b><\/span><\/td>\n<td><span data-path-to-node=\"9,4,1,0\">4K \u00e0 60\/100 images\/s (ralenti)<\/span><\/td>\n<\/tr>\n<tr>\n<td><span data-path-to-node=\"9,5,0,0\"><b data-path-to-node=\"9,5,0,0\" data-index-in-node=\"0\">Temps de vol maximal<\/b><\/span><\/td>\n<td><span data-path-to-node=\"9,5,1,0\">36 minutes<\/span><\/td>\n<\/tr>\n<tr>\n<td><span data-path-to-node=\"9,6,0,0\"><b data-path-to-node=\"9,6,0,0\" data-index-in-node=\"0\">D\u00e9tection d&#039;obstacles<\/b><\/span><\/td>\n<td><span data-path-to-node=\"9,6,1,0\">Omnidirectionnel (Toutes les directions)<\/span><\/td>\n<\/tr>\n<tr>\n<td><span data-path-to-node=\"9,7,0,0\"><b data-path-to-node=\"9,7,0,0\" data-index-in-node=\"0\">Suivi<\/b><\/span><\/td>\n<td><span data-path-to-node=\"9,7,1,0\">ActiveTrack 360\u00b0<\/span><\/td>\n<\/tr>\n<tr>\n<td><span data-path-to-node=\"9,8,0,0\"><b data-path-to-node=\"9,8,0,0\" data-index-in-node=\"0\">Transmission<\/b><\/span><\/td>\n<td><span data-path-to-node=\"9,8,1,0\">DJI O4 (1080p\/60fps)<\/span><\/td>\n<\/tr>\n<\/tbody>\n<\/table>\n<p>&nbsp;<\/p>\n<h3 data-path-to-node=\"11\"><\/h3>\n<h3 class=\"\" data-path-to-node=\"11\"><b data-path-to-node=\"11\" data-index-in-node=\"0\">Pourquoi choisir le Lito 1 ?<\/b><\/h3>\n<p data-path-to-node=\"12\"><span class=\"\">Tandis que le haut de gamme <\/span><b class=\"\" data-path-to-node=\"12\" data-index-in-node=\"21\">Lito X1<\/b><span class=\"\"> offre un capteur plus grand et la technologie LiDAR,<\/span><span class=\"\"> le <\/span><b class=\"\" data-path-to-node=\"12\" data-index-in-node=\"78\">Lito 1<\/b><span class=\"\"> est le choix le plus judicieux pour ceux qui veulent le meilleur rapport qualit\u00e9-prix.<\/span><span class=\"\">\u201d Il inclut les fonctionnalit\u00e9s automatis\u00e9es les plus populaires de DJI, comme\u2026 \u00bb <\/span><b class=\"\" data-path-to-node=\"12\" data-index-in-node=\"213\">MasterShots<\/b><span class=\"\"> (qui cr\u00e9e pour vous un montage cin\u00e9matographique) et <\/span><b class=\"\" data-path-to-node=\"12\" data-index-in-node=\"270\">QuickShots<\/b><span class=\"\"> (Dronie,<\/span><span class=\"\"> Fus\u00e9e,<\/span><span class=\"\"> Cercle),<\/span><span class=\"\"> ce qui en fait une solution cl\u00e9 en main pour la narration a\u00e9rienne de haute qualit\u00e9.<\/span><\/p>\n<blockquote class=\"\" data-path-to-node=\"13\">\n<p data-path-to-node=\"13,0\"><b data-path-to-node=\"13,0\" data-index-in-node=\"0\">Note:<\/b> Depuis avril 2026, la s\u00e9rie Lito est disponible dans le monde entier, bien que sa disponibilit\u00e9 sur le march\u00e9 am\u00e9ricain soit actuellement soumise \u00e0 l&#039;autorisation des autorit\u00e9s r\u00e9glementaires.<\/p>\n<\/blockquote>","protected":false},"excerpt":{"rendered":"<p><span class=\"\">Le DJI Lito 1 red\u00e9finit les capacit\u00e9s d&#039;un drone \u201c d\u00e9butant \u201d.<\/span><span class=\"\"> Pesant moins de <\/span><b class=\"\" data-path-to-node=\"4\" data-index-in-node=\"78\">249 g<\/b><span class=\"\">,<\/span><span class=\"\"> Il permet de s&#039;affranchir de l&#039;obligation d&#039;enregistrement dans de nombreuses r\u00e9gions tout en int\u00e9grant des fonctionnalit\u00e9s avanc\u00e9es. <\/span><b class=\"\" data-path-to-node=\"4\" data-index-in-node=\"161\">D\u00e9tection d&#039;obstacles omnidirectionnelle<\/b><span class=\"\">\u2014 une caract\u00e9ristique auparavant r\u00e9serv\u00e9e aux mod\u00e8les beaucoup plus chers.<\/span><span class=\"\"> Que vous vous frayiez un chemin \u00e0 travers une for\u00eat ou que vous naviguiez dans un jardin,<\/span><span class=\"\"> Le Lito 1 veille sur vous (\u00e0 l&#039;arri\u00e8re et \u00e0 l&#039;avant).,<\/span><span class=\"\"> et accompagnements) pour vous.<\/span><\/p>","protected":false},"featured_media":25755,"comment_status":"open","ping_status":"closed","template":"","meta":[],"product_brand":[1031],"product_cat":[752,37,1436,1437],"product_tag":[1438,1439],"class_list":{"0":"post-25750","1":"product","2":"type-product","3":"status-publish","4":"has-post-thumbnail","6":"product_brand-dji","7":"product_cat-aerial-photography","8":"product_cat-dji","9":"product_cat-dji-lito","10":"product_cat-lito-drones","11":"product_tag-dji-lito-1","12":"product_tag-dji-lito-drones","14":"first","15":"onbackorder","16":"taxable","17":"shipping-taxable","18":"purchasable","19":"product-type-simple"},"yoast_head":"<!-- This site is optimized with the Yoast SEO plugin v27.4 - https:\/\/yoast.com\/product\/yoast-seo-wordpress\/ -->\n<title>DJI Lito 1 - Ghostysky<\/title>\n<meta name=\"description\" content=\"The DJI Lito 1 redefines what a &quot;beginner&quot; drone can do. Weighing in at under 249g, it bypasses the need for registration in many regions while packing advanced Omnidirectional Obstacle Sensing\u2014a feature previously reserved for much more expensive models. Whether you\u2019re weaving through a forest or navigating a backyard, the Lito 1 watches your back (and front, and sides) for you.\" \/>\n<meta name=\"robots\" content=\"index, follow, max-snippet:-1, max-image-preview:large, max-video-preview:-1\" \/>\n<link rel=\"canonical\" href=\"https:\/\/www.ghostysky.com\/fr\/product\/dji-lito-1\/\" \/>\n<meta property=\"og:locale\" content=\"fr_FR\" \/>\n<meta property=\"og:type\" content=\"article\" \/>\n<meta property=\"og:title\" content=\"DJI Lito 1 - Ghostysky\" \/>\n<meta property=\"og:description\" content=\"The DJI Lito 1 redefines what a &quot;beginner&quot; drone can do. Weighing in at under 249g, it bypasses the need for registration in many regions while packing advanced Omnidirectional Obstacle Sensing\u2014a feature previously reserved for much more expensive models. Whether you\u2019re weaving through a forest or navigating a backyard, the Lito 1 watches your back (and front, and sides) for you.\" \/>\n<meta property=\"og:url\" content=\"https:\/\/www.ghostysky.com\/fr\/product\/dji-lito-1\/\" \/>\n<meta property=\"og:site_name\" content=\"Ghostysky\" \/>\n<meta property=\"article:publisher\" content=\"https:\/\/www.facebook.com\/people\/Ghostysky\/100057676170234\/\" \/>\n<meta property=\"article:modified_time\" content=\"2026-04-24T06:07:52+00:00\" \/>\n<meta property=\"og:image\" content=\"https:\/\/www.ghostysky.com\/wp-content\/uploads\/2026\/04\/GH_DJI_Lito_1.jpg\" \/>\n\t<meta property=\"og:image:width\" content=\"1308\" \/>\n\t<meta property=\"og:image:height\" content=\"1308\" \/>\n\t<meta property=\"og:image:type\" content=\"image\/jpeg\" \/>\n<meta name=\"twitter:card\" content=\"summary_large_image\" \/>\n<meta name=\"twitter:site\" content=\"@Gh0stysky\" \/>\n<meta name=\"twitter:label1\" content=\"Dur\u00e9e de lecture estim\u00e9e\" \/>\n\t<meta name=\"twitter:data1\" content=\"2 minutes\" \/>\n<script type=\"application\/ld+json\" class=\"yoast-schema-graph\">{\"@context\":\"https:\\\/\\\/schema.org\",\"@graph\":[{\"@type\":\"WebPage\",\"@id\":\"https:\\\/\\\/www.ghostysky.com\\\/product\\\/dji-lito-1\\\/\",\"url\":\"https:\\\/\\\/www.ghostysky.com\\\/product\\\/dji-lito-1\\\/\",\"name\":\"DJI Lito 1 - Ghostysky\",\"isPartOf\":{\"@id\":\"https:\\\/\\\/www.ghostysky.com\\\/#website\"},\"primaryImageOfPage\":{\"@id\":\"https:\\\/\\\/www.ghostysky.com\\\/product\\\/dji-lito-1\\\/#primaryimage\"},\"image\":{\"@id\":\"https:\\\/\\\/www.ghostysky.com\\\/product\\\/dji-lito-1\\\/#primaryimage\"},\"thumbnailUrl\":\"https:\\\/\\\/www.ghostysky.com\\\/wp-content\\\/uploads\\\/2026\\\/04\\\/GH_DJI_Lito_1.jpg\",\"datePublished\":\"2026-04-24T06:04:58+00:00\",\"dateModified\":\"2026-04-24T06:07:52+00:00\",\"description\":\"The DJI Lito 1 redefines what a \\\"beginner\\\" drone can do. Weighing in at under 249g, it bypasses the need for registration in many regions while packing advanced Omnidirectional Obstacle Sensing\u2014a feature previously reserved for much more expensive models. Whether you\u2019re weaving through a forest or navigating a backyard, the Lito 1 watches your back (and front, and sides) for you.\",\"breadcrumb\":{\"@id\":\"https:\\\/\\\/www.ghostysky.com\\\/product\\\/dji-lito-1\\\/#breadcrumb\"},\"inLanguage\":\"fr-FR\",\"potentialAction\":[{\"@type\":\"ReadAction\",\"target\":[\"https:\\\/\\\/www.ghostysky.com\\\/product\\\/dji-lito-1\\\/\"]}]},{\"@type\":\"ImageObject\",\"inLanguage\":\"fr-FR\",\"@id\":\"https:\\\/\\\/www.ghostysky.com\\\/product\\\/dji-lito-1\\\/#primaryimage\",\"url\":\"https:\\\/\\\/www.ghostysky.com\\\/wp-content\\\/uploads\\\/2026\\\/04\\\/GH_DJI_Lito_1.jpg\",\"contentUrl\":\"https:\\\/\\\/www.ghostysky.com\\\/wp-content\\\/uploads\\\/2026\\\/04\\\/GH_DJI_Lito_1.jpg\",\"width\":1308,\"height\":1308},{\"@type\":\"BreadcrumbList\",\"@id\":\"https:\\\/\\\/www.ghostysky.com\\\/product\\\/dji-lito-1\\\/#breadcrumb\",\"itemListElement\":[{\"@type\":\"ListItem\",\"position\":1,\"name\":\"Home\",\"item\":\"https:\\\/\\\/www.ghostysky.com\\\/\"},{\"@type\":\"ListItem\",\"position\":2,\"name\":\"Shop\",\"item\":\"https:\\\/\\\/www.ghostysky.com\\\/shop\\\/\"},{\"@type\":\"ListItem\",\"position\":3,\"name\":\"DJI Lito 1\"}]},{\"@type\":\"WebSite\",\"@id\":\"https:\\\/\\\/www.ghostysky.com\\\/#website\",\"url\":\"https:\\\/\\\/www.ghostysky.com\\\/\",\"name\":\"Ghostysky\",\"description\":\"Delivering professional drones and robotics solutions\",\"publisher\":{\"@id\":\"https:\\\/\\\/www.ghostysky.com\\\/#organization\"},\"potentialAction\":[{\"@type\":\"SearchAction\",\"target\":{\"@type\":\"EntryPoint\",\"urlTemplate\":\"https:\\\/\\\/www.ghostysky.com\\\/?s={search_term_string}\"},\"query-input\":{\"@type\":\"PropertyValueSpecification\",\"valueRequired\":true,\"valueName\":\"search_term_string\"}}],\"inLanguage\":\"fr-FR\"},{\"@type\":\"Organization\",\"@id\":\"https:\\\/\\\/www.ghostysky.com\\\/#organization\",\"name\":\"Ghostysky\",\"url\":\"https:\\\/\\\/www.ghostysky.com\\\/\",\"logo\":{\"@type\":\"ImageObject\",\"inLanguage\":\"fr-FR\",\"@id\":\"https:\\\/\\\/www.ghostysky.com\\\/#\\\/schema\\\/logo\\\/image\\\/\",\"url\":\"https:\\\/\\\/www.ghostysky.com\\\/wp-content\\\/uploads\\\/2020\\\/06\\\/cropped-ghostyskylogo_text_white2.png\",\"contentUrl\":\"https:\\\/\\\/www.ghostysky.com\\\/wp-content\\\/uploads\\\/2020\\\/06\\\/cropped-ghostyskylogo_text_white2.png\",\"width\":169,\"height\":56,\"caption\":\"Ghostysky\"},\"image\":{\"@id\":\"https:\\\/\\\/www.ghostysky.com\\\/#\\\/schema\\\/logo\\\/image\\\/\"},\"sameAs\":[\"https:\\\/\\\/www.facebook.com\\\/people\\\/Ghostysky\\\/100057676170234\\\/\",\"https:\\\/\\\/x.com\\\/Gh0stysky\",\"https:\\\/\\\/www.linkedin.com\\\/company\\\/34739653\",\"https:\\\/\\\/www.instagram.com\\\/gh0stysky\"]}]}<\/script>\n<!-- \/ Yoast SEO plugin. -->","yoast_head_json":{"title":"DJI Lito 1 - Ghostysky","description":"Le DJI Lito 1 red\u00e9finit les possibilit\u00e9s d&#039;un drone \"\u00a0pour d\u00e9butants\u00a0\". Avec un poids inf\u00e9rieur \u00e0 249\u00a0g, il dispense de l&#039;enregistrement dans de nombreuses r\u00e9gions tout en int\u00e9grant un syst\u00e8me de d\u00e9tection d&#039;obstacles omnidirectionnel avanc\u00e9, une fonctionnalit\u00e9 auparavant r\u00e9serv\u00e9e \u00e0 des mod\u00e8les beaucoup plus on\u00e9reux. Que vous naviguiez en for\u00eat ou dans votre jardin, le Lito 1 veille sur vous.","robots":{"index":"index","follow":"follow","max-snippet":"max-snippet:-1","max-image-preview":"max-image-preview:large","max-video-preview":"max-video-preview:-1"},"canonical":"https:\/\/www.ghostysky.com\/fr\/product\/dji-lito-1\/","og_locale":"fr_FR","og_type":"article","og_title":"DJI Lito 1 - Ghostysky","og_description":"The DJI Lito 1 redefines what a \"beginner\" drone can do. Weighing in at under 249g, it bypasses the need for registration in many regions while packing advanced Omnidirectional Obstacle Sensing\u2014a feature previously reserved for much more expensive models. Whether you\u2019re weaving through a forest or navigating a backyard, the Lito 1 watches your back (and front, and sides) for you.","og_url":"https:\/\/www.ghostysky.com\/fr\/product\/dji-lito-1\/","og_site_name":"Ghostysky","article_publisher":"https:\/\/www.facebook.com\/people\/Ghostysky\/100057676170234\/","article_modified_time":"2026-04-24T06:07:52+00:00","og_image":[{"width":1308,"height":1308,"url":"https:\/\/www.ghostysky.com\/wp-content\/uploads\/2026\/04\/GH_DJI_Lito_1.jpg","type":"image\/jpeg"}],"twitter_card":"summary_large_image","twitter_site":"@Gh0stysky","twitter_misc":{"Dur\u00e9e de lecture estim\u00e9e":"2 minutes"},"schema":{"@context":"https:\/\/schema.org","@graph":[{"@type":"WebPage","@id":"https:\/\/www.ghostysky.com\/product\/dji-lito-1\/","url":"https:\/\/www.ghostysky.com\/product\/dji-lito-1\/","name":"DJI Lito 1 - Ghostysky","isPartOf":{"@id":"https:\/\/www.ghostysky.com\/#website"},"primaryImageOfPage":{"@id":"https:\/\/www.ghostysky.com\/product\/dji-lito-1\/#primaryimage"},"image":{"@id":"https:\/\/www.ghostysky.com\/product\/dji-lito-1\/#primaryimage"},"thumbnailUrl":"https:\/\/www.ghostysky.com\/wp-content\/uploads\/2026\/04\/GH_DJI_Lito_1.jpg","datePublished":"2026-04-24T06:04:58+00:00","dateModified":"2026-04-24T06:07:52+00:00","description":"Le DJI Lito 1 red\u00e9finit les possibilit\u00e9s d&#039;un drone \"\u00a0pour d\u00e9butants\u00a0\". Avec un poids inf\u00e9rieur \u00e0 249\u00a0g, il dispense de l&#039;enregistrement dans de nombreuses r\u00e9gions tout en int\u00e9grant un syst\u00e8me de d\u00e9tection d&#039;obstacles omnidirectionnel avanc\u00e9, une fonctionnalit\u00e9 auparavant r\u00e9serv\u00e9e \u00e0 des mod\u00e8les beaucoup plus on\u00e9reux. Que vous naviguiez en for\u00eat ou dans votre jardin, le Lito 1 veille sur vous.","breadcrumb":{"@id":"https:\/\/www.ghostysky.com\/product\/dji-lito-1\/#breadcrumb"},"inLanguage":"fr-FR","potentialAction":[{"@type":"ReadAction","target":["https:\/\/www.ghostysky.com\/product\/dji-lito-1\/"]}]},{"@type":"ImageObject","inLanguage":"fr-FR","@id":"https:\/\/www.ghostysky.com\/product\/dji-lito-1\/#primaryimage","url":"https:\/\/www.ghostysky.com\/wp-content\/uploads\/2026\/04\/GH_DJI_Lito_1.jpg","contentUrl":"https:\/\/www.ghostysky.com\/wp-content\/uploads\/2026\/04\/GH_DJI_Lito_1.jpg","width":1308,"height":1308},{"@type":"BreadcrumbList","@id":"https:\/\/www.ghostysky.com\/product\/dji-lito-1\/#breadcrumb","itemListElement":[{"@type":"ListItem","position":1,"name":"Home","item":"https:\/\/www.ghostysky.com\/"},{"@type":"ListItem","position":2,"name":"Shop","item":"https:\/\/www.ghostysky.com\/shop\/"},{"@type":"ListItem","position":3,"name":"DJI Lito 1"}]},{"@type":"WebSite","@id":"https:\/\/www.ghostysky.com\/#website","url":"https:\/\/www.ghostysky.com\/","name":"Ghostysky","description":"Fourniture de solutions professionnelles en mati\u00e8re de drones et de robotique","publisher":{"@id":"https:\/\/www.ghostysky.com\/#organization"},"potentialAction":[{"@type":"SearchAction","target":{"@type":"EntryPoint","urlTemplate":"https:\/\/www.ghostysky.com\/?s={search_term_string}"},"query-input":{"@type":"PropertyValueSpecification","valueRequired":true,"valueName":"search_term_string"}}],"inLanguage":"fr-FR"},{"@type":"Organization","@id":"https:\/\/www.ghostysky.com\/#organization","name":"Ghostysky","url":"https:\/\/www.ghostysky.com\/","logo":{"@type":"ImageObject","inLanguage":"fr-FR","@id":"https:\/\/www.ghostysky.com\/#\/schema\/logo\/image\/","url":"https:\/\/www.ghostysky.com\/wp-content\/uploads\/2020\/06\/cropped-ghostyskylogo_text_white2.png","contentUrl":"https:\/\/www.ghostysky.com\/wp-content\/uploads\/2020\/06\/cropped-ghostyskylogo_text_white2.png","width":169,"height":56,"caption":"Ghostysky"},"image":{"@id":"https:\/\/www.ghostysky.com\/#\/schema\/logo\/image\/"},"sameAs":["https:\/\/www.facebook.com\/people\/Ghostysky\/100057676170234\/","https:\/\/x.com\/Gh0stysky","https:\/\/www.linkedin.com\/company\/34739653","https:\/\/www.instagram.com\/gh0stysky"]}]}},"_links":{"self":[{"href":"https:\/\/www.ghostysky.com\/fr\/wp-json\/wp\/v2\/product\/25750","targetHints":{"allow":["GET"]}}],"collection":[{"href":"https:\/\/www.ghostysky.com\/fr\/wp-json\/wp\/v2\/product"}],"about":[{"href":"https:\/\/www.ghostysky.com\/fr\/wp-json\/wp\/v2\/types\/product"}],"replies":[{"embeddable":true,"href":"https:\/\/www.ghostysky.com\/fr\/wp-json\/wp\/v2\/comments?post=25750"}],"version-history":[{"count":1,"href":"https:\/\/www.ghostysky.com\/fr\/wp-json\/wp\/v2\/product\/25750\/revisions"}],"predecessor-version":[{"id":25756,"href":"https:\/\/www.ghostysky.com\/fr\/wp-json\/wp\/v2\/product\/25750\/revisions\/25756"}],"wp:featuredmedia":[{"embeddable":true,"href":"https:\/\/www.ghostysky.com\/fr\/wp-json\/wp\/v2\/media\/25755"}],"wp:attachment":[{"href":"https:\/\/www.ghostysky.com\/fr\/wp-json\/wp\/v2\/media?parent=25750"}],"wp:term":[{"taxonomy":"product_brand","embeddable":true,"href":"https:\/\/www.ghostysky.com\/fr\/wp-json\/wp\/v2\/product_brand?post=25750"},{"taxonomy":"product_cat","embeddable":true,"href":"https:\/\/www.ghostysky.com\/fr\/wp-json\/wp\/v2\/product_cat?post=25750"},{"taxonomy":"product_tag","embeddable":true,"href":"https:\/\/www.ghostysky.com\/fr\/wp-json\/wp\/v2\/product_tag?post=25750"}],"curies":[{"name":"wp","href":"https:\/\/api.w.org\/{rel}","templated":true}]}}