{"id":25762,"date":"2026-04-24T15:14:56","date_gmt":"2026-04-24T15:14:56","guid":{"rendered":"https:\/\/www.ghostysky.com\/?post_type=product&#038;p=25762"},"modified":"2026-04-24T15:16:52","modified_gmt":"2026-04-24T15:16:52","slug":"dji-lito-x1","status":"publish","type":"product","link":"https:\/\/www.ghostysky.com\/fr\/product\/dji-lito-x1\/","title":{"rendered":"DJI Lito X1"},"content":{"rendered":"<h3 data-path-to-node=\"2\"><b data-path-to-node=\"2\" data-index-in-node=\"0\">Principales caract\u00e9ristiques et sp\u00e9cifications<\/b><\/h3>\n<h3 data-path-to-node=\"3\"><b data-path-to-node=\"3\" data-index-in-node=\"0\">Syst\u00e8me d&#039;imagerie de niveau professionnel<\/b><\/h3>\n<p id=\"p-rc_971cf6a02bbdb38b-52\" data-path-to-node=\"4\"><span class=\"citation-93 citation-end-93\">Le Lito X1 offre des performances remarquables gr\u00e2ce \u00e0 son module cam\u00e9ra, r\u00e9pondant ainsi aux besoins des cr\u00e9ateurs qui souhaitent plus que de simples prises de vue a\u00e9riennes\u00a0:<\/span><\/p>\n<ul data-path-to-node=\"5\">\n<li>\n<p id=\"p-rc_971cf6a02bbdb38b-53\" data-path-to-node=\"5,0,0\"><b data-path-to-node=\"5,0,0\" data-index-in-node=\"0\"><span class=\"citation-92 citation-end-92\">Capteur CMOS 1\/1,3 pouce\u00a0:<\/span><\/b><span class=\"citation-91 citation-end-91\"> Equip\u00e9 d&#039;un <\/span><span class=\"math-inline\" data-math=\"f\/1.7\" data-index-in-node=\"41\">f\/1.7<\/span><span class=\"citation-90 citation-end-90\">\u00a0ouverture pour des performances exceptionnelles en faible luminosit\u00e9.<\/span><\/p>\n<\/li>\n<li>\n<p id=\"p-rc_971cf6a02bbdb38b-54\" data-path-to-node=\"5,1,0\"><b data-path-to-node=\"5,1,0\" data-index-in-node=\"0\"><span class=\"citation-89\">Sortie haute r\u00e9solution :<\/span><\/b><span class=\"citation-89\"> Captures <\/span><b data-path-to-node=\"5,1,0\" data-index-in-node=\"33\"><span class=\"citation-89\">48MP<\/span><\/b><span class=\"citation-89\"> photos et <\/span><b data-path-to-node=\"5,1,0\" data-index-in-node=\"49\"><span class=\"citation-89\">4K\/60 ips HDR<\/span><\/b><span class=\"citation-89 citation-end-89\"> Vid\u00e9o avec une plage dynamique de 14 diaphragmes.<\/span><\/p>\n<\/li>\n<li>\n<p id=\"p-rc_971cf6a02bbdb38b-55\" data-path-to-node=\"5,2,0\"><b data-path-to-node=\"5,2,0\" data-index-in-node=\"0\">Flexibilit\u00e9 cr\u00e9ative :<\/b><span class=\"citation-88\"> Soutient <\/span><b data-path-to-node=\"5,2,0\" data-index-in-node=\"31\"><span class=\"citation-88\">D-Log M 10 bits<\/span><\/b><span class=\"citation-88\"> profilage des couleurs pour la post-production professionnelle et <\/span><b data-path-to-node=\"5,2,0\" data-index-in-node=\"99\"><span class=\"citation-88\">4K\/100 ips<\/span><\/b><span class=\"citation-88 citation-end-88\"> pour les ralentis cin\u00e9matographiques.<\/span><\/p>\n<\/li>\n<li>\n<p id=\"p-rc_971cf6a02bbdb38b-56\" data-path-to-node=\"5,3,0\"><b data-path-to-node=\"5,3,0\" data-index-in-node=\"0\">Pr\u00eat pour les r\u00e9seaux sociaux\u00a0:<\/b><span class=\"citation-87\"> Comprend <\/span><b data-path-to-node=\"5,3,0\" data-index-in-node=\"23\"><span class=\"citation-87\">Prise de vue verticale native 2,7K<\/span><\/b><span class=\"citation-87 citation-end-87\">, vous permettant de capturer du contenu optimis\u00e9 pour TikTok et Instagram sans perte de qualit\u00e9 lors du recadrage.<\/span><\/p>\n<p>&nbsp;<\/li>\n<\/ul>\n<h3 data-path-to-node=\"6\"><b data-path-to-node=\"6\" data-index-in-node=\"0\">S\u00e9curit\u00e9 et renseignement a\u00e9riens avanc\u00e9s<\/b><\/h3>\n<p id=\"p-rc_971cf6a02bbdb38b-57\" data-path-to-node=\"7\"><span class=\"citation-86 citation-end-86\">DJI a introduit de nouvelles technologies de s\u00e9curit\u00e9 pour que les pilotes novices se sentent comme des experts\u00a0:<\/span><\/p>\n<ul data-path-to-node=\"8\">\n<li>\n<p id=\"p-rc_971cf6a02bbdb38b-58\" data-path-to-node=\"8,0,0\"><b data-path-to-node=\"8,0,0\" data-index-in-node=\"0\">D\u00e9tection d&#039;obstacles omnidirectionnelle :<\/b><span class=\"citation-85 citation-end-85\"> Un syst\u00e8me de vision multicouche prot\u00e8ge le drone sous tous les angles.<\/span><\/p>\n<\/li>\n<li>\n<p id=\"p-rc_971cf6a02bbdb38b-59\" data-path-to-node=\"8,1,0\"><b data-path-to-node=\"8,1,0\" data-index-in-node=\"0\"><span class=\"citation-84\">LiDAR frontal :<\/span><\/b><span class=\"citation-84 citation-end-84\"> Un accessoire haut de gamme qui offre une perception tr\u00e8s pr\u00e9cise et une capacit\u00e9 d&#039;\u00e9vitement des obstacles dans des environnements complexes comme les for\u00eats ou les zones urbaines.<\/span><\/p>\n<\/li>\n<li>\n<p id=\"p-rc_971cf6a02bbdb38b-60\" data-path-to-node=\"8,2,0\"><b data-path-to-node=\"8,2,0\" data-index-in-node=\"0\">ActiveTrack (jusqu&#039;\u00e0 12 m\/s)\u00a0:<\/b><span class=\"citation-83 citation-end-83\"> Il suit sans effort les sujets m\u00eame \u00e0 grande vitesse, en les gardant parfaitement cadr\u00e9s.<\/span><\/p>\n<\/li>\n<li>\n<p id=\"p-rc_971cf6a02bbdb38b-61\" data-path-to-node=\"8,3,0\"><b data-path-to-node=\"8,3,0\" data-index-in-node=\"0\"><span class=\"citation-82\">Transmission O4 :<\/span><\/b><span class=\"citation-82\"> Fournit une stabilit\u00e9 <\/span><b data-path-to-node=\"8,3,0\" data-index-in-node=\"35\"><span class=\"citation-82\">1080p\/60fps<\/span><\/b><span class=\"citation-82\"> diffusion en direct \u00e0 une port\u00e9e allant jusqu&#039;\u00e0 <\/span><b data-path-to-node=\"8,3,0\" data-index-in-node=\"77\"><span class=\"citation-82\">15 km<\/span><\/b><span class=\"citation-82 citation-end-82\">.<\/span><\/p>\n<p>&nbsp;<\/li>\n<\/ul>\n<h3 data-path-to-node=\"9\"><b data-path-to-node=\"9\" data-index-in-node=\"0\">Performances et portabilit\u00e9<\/b><\/h3>\n<ul data-path-to-node=\"10\">\n<li>\n<p id=\"p-rc_971cf6a02bbdb38b-62\" data-path-to-node=\"10,0,0\"><b data-path-to-node=\"10,0,0\" data-index-in-node=\"0\">Poids:<\/b><span class=\"citation-81\"> Sous <\/span><b data-path-to-node=\"10,0,0\" data-index-in-node=\"14\"><span class=\"citation-81\">249 g<\/span><\/b><span class=\"citation-81 citation-end-81\">, ce qui signifie qu&#039;il permet de contourner la plupart des exigences d&#039;inscription et d&#039;examen dans de nombreuses r\u00e9gions.<\/span><\/p>\n<\/li>\n<li>\n<p id=\"p-rc_971cf6a02bbdb38b-63\" data-path-to-node=\"10,1,0\"><b data-path-to-node=\"10,1,0\" data-index-in-node=\"0\">Dur\u00e9e du vol :<\/b><span class=\"citation-80\"> Jusqu&#039;\u00e0 <\/span><b data-path-to-node=\"10,1,0\" data-index-in-node=\"19\"><span class=\"citation-80\">36 minutes<\/span><\/b><span class=\"citation-80\"> avec la batterie standard, et jusqu&#039;\u00e0 <\/span><b data-path-to-node=\"10,1,0\" data-index-in-node=\"67\"><span class=\"citation-80\">52 minutes<\/span><\/b><span class=\"citation-80 citation-end-80\"> avec la batterie de vol intelligente Plus.<\/span><\/p>\n<\/li>\n<li>\n<p id=\"p-rc_971cf6a02bbdb38b-64\" data-path-to-node=\"10,2,0\"><b data-path-to-node=\"10,2,0\" data-index-in-node=\"0\">Stockage:<\/b><span class=\"citation-79\"> Comprend <\/span><b data-path-to-node=\"10,2,0\" data-index-in-node=\"18\"><span class=\"citation-79\">42 Go de stockage interne<\/span><\/b><span class=\"citation-79 citation-end-79\">, Vous pouvez donc continuer \u00e0 filmer m\u00eame si vous oubliez votre carte microSD.<\/span><\/p>\n<\/li>\n<\/ul>\n<p>&nbsp;<\/p>\n<h3 data-path-to-node=\"1\"><b data-path-to-node=\"1\" data-index-in-node=\"0\">Sp\u00e9cifications de base<\/b><\/h3>\n<table data-path-to-node=\"2\">\n<thead>\n<tr>\n<td><strong>Fonctionnalit\u00e9<\/strong><\/td>\n<td><strong>D\u00e9tail<\/strong><\/td>\n<\/tr>\n<\/thead>\n<tbody>\n<tr>\n<td><span data-path-to-node=\"2,1,0,0\"><b data-path-to-node=\"2,1,0,0\" data-index-in-node=\"0\">Poids<\/b><\/span><\/td>\n<td><span data-path-to-node=\"2,1,1,0\">&lt; 249 g (batterie standard)<\/span><\/td>\n<\/tr>\n<tr>\n<td><span data-path-to-node=\"2,2,0,0\"><b data-path-to-node=\"2,2,0,0\" data-index-in-node=\"0\">Capteur<\/b><\/span><\/td>\n<td><span data-path-to-node=\"2,2,1,0\">Capteur CMOS 1\/1,3 pouce, 48 MP<\/span><\/td>\n<\/tr>\n<tr>\n<td><span data-path-to-node=\"2,3,0,0\"><b data-path-to-node=\"2,3,0,0\" data-index-in-node=\"0\">Vid\u00e9o<\/b><\/span><\/td>\n<td><span data-path-to-node=\"2,3,1,0\">4K\/60 ips HDR, 4K\/100 ips Ralenti<\/span><\/td>\n<\/tr>\n<tr>\n<td><span data-path-to-node=\"2,4,0,0\"><b data-path-to-node=\"2,4,0,0\" data-index-in-node=\"0\">Temps de vol<\/b><\/span><\/td>\n<td><span data-path-to-node=\"2,4,1,0\">36 min (Standard) \/ 52 min (Batterie suppl\u00e9mentaire)<\/span><\/td>\n<\/tr>\n<tr>\n<td><span data-path-to-node=\"2,5,0,0\"><b data-path-to-node=\"2,5,0,0\" data-index-in-node=\"0\">Transmission<\/b><\/span><\/td>\n<td><span data-path-to-node=\"2,5,1,0\">DJI O4 (port\u00e9e de 15 km, flux vid\u00e9o 1080p\/60 ips)<\/span><\/td>\n<\/tr>\n<tr>\n<td><span data-path-to-node=\"2,6,0,0\"><b data-path-to-node=\"2,6,0,0\" data-index-in-node=\"0\">Stockage interne<\/b><\/span><\/td>\n<td><span data-path-to-node=\"2,6,1,0\">42 Go<\/span><\/td>\n<\/tr>\n<\/tbody>\n<\/table>","protected":false},"excerpt":{"rendered":"<p>Le <b data-path-to-node=\"0\" data-index-in-node=\"4\">DJI Lito X1<\/b>, Ce drone d&#039;entr\u00e9e de gamme haut de gamme se positionne entre le Lito 1, abordable, et la s\u00e9rie Mini Pro, tr\u00e8s performante. Pesant moins de 250 g, il s&#039;adresse aux d\u00e9butants et aux cr\u00e9ateurs de contenu qui recherchent des fonctionnalit\u00e9s de s\u00e9curit\u00e9 avanc\u00e9es et une imagerie de haute qualit\u00e9, sans la complexit\u00e9 des \u00e9quipements professionnels.<\/p>","protected":false},"featured_media":25768,"comment_status":"open","ping_status":"closed","template":"","meta":[],"product_brand":[1031],"product_cat":[752,37,1436,1437],"product_tag":[1438,1439],"class_list":{"0":"post-25762","1":"product","2":"type-product","3":"status-publish","4":"has-post-thumbnail","6":"product_brand-dji","7":"product_cat-aerial-photography","8":"product_cat-dji","9":"product_cat-dji-lito","10":"product_cat-lito-drones","11":"product_tag-dji-lito-1","12":"product_tag-dji-lito-drones","14":"first","15":"onbackorder","16":"taxable","17":"shipping-taxable","18":"purchasable","19":"product-type-simple"},"yoast_head":"<!-- This site is optimized with the Yoast SEO plugin v27.4 - https:\/\/yoast.com\/product\/yoast-seo-wordpress\/ -->\n<title>DJI Lito X1 - Ghostysky<\/title>\n<meta name=\"description\" content=\"The DJI Lito X1, is a premium entry-level drone designed to sit between the budget-friendly Lito 1 and the high-performance Mini Pro series. It is a sub-250g drone aimed at beginners and content creators who want advanced safety features and high-quality imaging without the complexity of professional rigs.\" \/>\n<meta name=\"robots\" content=\"index, follow, max-snippet:-1, max-image-preview:large, max-video-preview:-1\" \/>\n<link rel=\"canonical\" href=\"https:\/\/www.ghostysky.com\/fr\/product\/dji-lito-x1\/\" \/>\n<meta property=\"og:locale\" content=\"fr_FR\" \/>\n<meta property=\"og:type\" content=\"article\" \/>\n<meta property=\"og:title\" content=\"DJI Lito X1 - Ghostysky\" \/>\n<meta property=\"og:description\" content=\"The DJI Lito X1, is a premium entry-level drone designed to sit between the budget-friendly Lito 1 and the high-performance Mini Pro series. It is a sub-250g drone aimed at beginners and content creators who want advanced safety features and high-quality imaging without the complexity of professional rigs.\" \/>\n<meta property=\"og:url\" content=\"https:\/\/www.ghostysky.com\/fr\/product\/dji-lito-x1\/\" \/>\n<meta property=\"og:site_name\" content=\"Ghostysky\" \/>\n<meta property=\"article:publisher\" content=\"https:\/\/www.facebook.com\/people\/Ghostysky\/100057676170234\/\" \/>\n<meta property=\"article:modified_time\" content=\"2026-04-24T15:16:52+00:00\" \/>\n<meta property=\"og:image\" content=\"https:\/\/www.ghostysky.com\/wp-content\/uploads\/2026\/04\/DJI_Lito_X1_1.jpg\" \/>\n\t<meta property=\"og:image:width\" content=\"688\" \/>\n\t<meta property=\"og:image:height\" content=\"688\" \/>\n\t<meta property=\"og:image:type\" content=\"image\/jpeg\" \/>\n<meta name=\"twitter:card\" content=\"summary_large_image\" \/>\n<meta name=\"twitter:site\" content=\"@Gh0stysky\" \/>\n<meta name=\"twitter:label1\" content=\"Dur\u00e9e de lecture estim\u00e9e\" \/>\n\t<meta name=\"twitter:data1\" content=\"2 minutes\" \/>\n<script type=\"application\/ld+json\" class=\"yoast-schema-graph\">{\"@context\":\"https:\\\/\\\/schema.org\",\"@graph\":[{\"@type\":\"WebPage\",\"@id\":\"https:\\\/\\\/www.ghostysky.com\\\/product\\\/dji-lito-x1\\\/\",\"url\":\"https:\\\/\\\/www.ghostysky.com\\\/product\\\/dji-lito-x1\\\/\",\"name\":\"DJI Lito X1 - Ghostysky\",\"isPartOf\":{\"@id\":\"https:\\\/\\\/www.ghostysky.com\\\/#website\"},\"primaryImageOfPage\":{\"@id\":\"https:\\\/\\\/www.ghostysky.com\\\/product\\\/dji-lito-x1\\\/#primaryimage\"},\"image\":{\"@id\":\"https:\\\/\\\/www.ghostysky.com\\\/product\\\/dji-lito-x1\\\/#primaryimage\"},\"thumbnailUrl\":\"https:\\\/\\\/www.ghostysky.com\\\/wp-content\\\/uploads\\\/2026\\\/04\\\/DJI_Lito_X1_1.jpg\",\"datePublished\":\"2026-04-24T15:14:56+00:00\",\"dateModified\":\"2026-04-24T15:16:52+00:00\",\"description\":\"The DJI Lito X1, is a premium entry-level drone designed to sit between the budget-friendly Lito 1 and the high-performance Mini Pro series. It is a sub-250g drone aimed at beginners and content creators who want advanced safety features and high-quality imaging without the complexity of professional rigs.\",\"breadcrumb\":{\"@id\":\"https:\\\/\\\/www.ghostysky.com\\\/product\\\/dji-lito-x1\\\/#breadcrumb\"},\"inLanguage\":\"fr-FR\",\"potentialAction\":[{\"@type\":\"ReadAction\",\"target\":[\"https:\\\/\\\/www.ghostysky.com\\\/product\\\/dji-lito-x1\\\/\"]}]},{\"@type\":\"ImageObject\",\"inLanguage\":\"fr-FR\",\"@id\":\"https:\\\/\\\/www.ghostysky.com\\\/product\\\/dji-lito-x1\\\/#primaryimage\",\"url\":\"https:\\\/\\\/www.ghostysky.com\\\/wp-content\\\/uploads\\\/2026\\\/04\\\/DJI_Lito_X1_1.jpg\",\"contentUrl\":\"https:\\\/\\\/www.ghostysky.com\\\/wp-content\\\/uploads\\\/2026\\\/04\\\/DJI_Lito_X1_1.jpg\",\"width\":688,\"height\":688},{\"@type\":\"BreadcrumbList\",\"@id\":\"https:\\\/\\\/www.ghostysky.com\\\/product\\\/dji-lito-x1\\\/#breadcrumb\",\"itemListElement\":[{\"@type\":\"ListItem\",\"position\":1,\"name\":\"Home\",\"item\":\"https:\\\/\\\/www.ghostysky.com\\\/\"},{\"@type\":\"ListItem\",\"position\":2,\"name\":\"Shop\",\"item\":\"https:\\\/\\\/www.ghostysky.com\\\/shop\\\/\"},{\"@type\":\"ListItem\",\"position\":3,\"name\":\"DJI Lito X1\"}]},{\"@type\":\"WebSite\",\"@id\":\"https:\\\/\\\/www.ghostysky.com\\\/#website\",\"url\":\"https:\\\/\\\/www.ghostysky.com\\\/\",\"name\":\"Ghostysky\",\"description\":\"Delivering professional drones and robotics solutions\",\"publisher\":{\"@id\":\"https:\\\/\\\/www.ghostysky.com\\\/#organization\"},\"potentialAction\":[{\"@type\":\"SearchAction\",\"target\":{\"@type\":\"EntryPoint\",\"urlTemplate\":\"https:\\\/\\\/www.ghostysky.com\\\/?s={search_term_string}\"},\"query-input\":{\"@type\":\"PropertyValueSpecification\",\"valueRequired\":true,\"valueName\":\"search_term_string\"}}],\"inLanguage\":\"fr-FR\"},{\"@type\":\"Organization\",\"@id\":\"https:\\\/\\\/www.ghostysky.com\\\/#organization\",\"name\":\"Ghostysky\",\"url\":\"https:\\\/\\\/www.ghostysky.com\\\/\",\"logo\":{\"@type\":\"ImageObject\",\"inLanguage\":\"fr-FR\",\"@id\":\"https:\\\/\\\/www.ghostysky.com\\\/#\\\/schema\\\/logo\\\/image\\\/\",\"url\":\"https:\\\/\\\/www.ghostysky.com\\\/wp-content\\\/uploads\\\/2020\\\/06\\\/cropped-ghostyskylogo_text_white2.png\",\"contentUrl\":\"https:\\\/\\\/www.ghostysky.com\\\/wp-content\\\/uploads\\\/2020\\\/06\\\/cropped-ghostyskylogo_text_white2.png\",\"width\":169,\"height\":56,\"caption\":\"Ghostysky\"},\"image\":{\"@id\":\"https:\\\/\\\/www.ghostysky.com\\\/#\\\/schema\\\/logo\\\/image\\\/\"},\"sameAs\":[\"https:\\\/\\\/www.facebook.com\\\/people\\\/Ghostysky\\\/100057676170234\\\/\",\"https:\\\/\\\/x.com\\\/Gh0stysky\",\"https:\\\/\\\/www.linkedin.com\\\/company\\\/34739653\",\"https:\\\/\\\/www.instagram.com\\\/gh0stysky\"]}]}<\/script>\n<!-- \/ Yoast SEO plugin. -->","yoast_head_json":{"title":"DJI Lito X1 - Ghostysky","description":"Le DJI Lito X1 est un drone d&#039;entr\u00e9e de gamme de qualit\u00e9 sup\u00e9rieure, con\u00e7u pour se positionner entre le Lito 1, plus abordable, et la s\u00e9rie Mini Pro, plus performante. Ce drone de moins de 250 g s&#039;adresse aux d\u00e9butants et aux cr\u00e9ateurs de contenu qui recherchent des fonctionnalit\u00e9s de s\u00e9curit\u00e9 avanc\u00e9es et une imagerie de haute qualit\u00e9, sans la complexit\u00e9 des \u00e9quipements professionnels.","robots":{"index":"index","follow":"follow","max-snippet":"max-snippet:-1","max-image-preview":"max-image-preview:large","max-video-preview":"max-video-preview:-1"},"canonical":"https:\/\/www.ghostysky.com\/fr\/product\/dji-lito-x1\/","og_locale":"fr_FR","og_type":"article","og_title":"DJI Lito X1 - Ghostysky","og_description":"The DJI Lito X1, is a premium entry-level drone designed to sit between the budget-friendly Lito 1 and the high-performance Mini Pro series. It is a sub-250g drone aimed at beginners and content creators who want advanced safety features and high-quality imaging without the complexity of professional rigs.","og_url":"https:\/\/www.ghostysky.com\/fr\/product\/dji-lito-x1\/","og_site_name":"Ghostysky","article_publisher":"https:\/\/www.facebook.com\/people\/Ghostysky\/100057676170234\/","article_modified_time":"2026-04-24T15:16:52+00:00","og_image":[{"width":688,"height":688,"url":"https:\/\/www.ghostysky.com\/wp-content\/uploads\/2026\/04\/DJI_Lito_X1_1.jpg","type":"image\/jpeg"}],"twitter_card":"summary_large_image","twitter_site":"@Gh0stysky","twitter_misc":{"Dur\u00e9e de lecture estim\u00e9e":"2 minutes"},"schema":{"@context":"https:\/\/schema.org","@graph":[{"@type":"WebPage","@id":"https:\/\/www.ghostysky.com\/product\/dji-lito-x1\/","url":"https:\/\/www.ghostysky.com\/product\/dji-lito-x1\/","name":"DJI Lito X1 - Ghostysky","isPartOf":{"@id":"https:\/\/www.ghostysky.com\/#website"},"primaryImageOfPage":{"@id":"https:\/\/www.ghostysky.com\/product\/dji-lito-x1\/#primaryimage"},"image":{"@id":"https:\/\/www.ghostysky.com\/product\/dji-lito-x1\/#primaryimage"},"thumbnailUrl":"https:\/\/www.ghostysky.com\/wp-content\/uploads\/2026\/04\/DJI_Lito_X1_1.jpg","datePublished":"2026-04-24T15:14:56+00:00","dateModified":"2026-04-24T15:16:52+00:00","description":"Le DJI Lito X1 est un drone d&#039;entr\u00e9e de gamme de qualit\u00e9 sup\u00e9rieure, con\u00e7u pour se positionner entre le Lito 1, plus abordable, et la s\u00e9rie Mini Pro, plus performante. Ce drone de moins de 250 g s&#039;adresse aux d\u00e9butants et aux cr\u00e9ateurs de contenu qui recherchent des fonctionnalit\u00e9s de s\u00e9curit\u00e9 avanc\u00e9es et une imagerie de haute qualit\u00e9, sans la complexit\u00e9 des \u00e9quipements professionnels.","breadcrumb":{"@id":"https:\/\/www.ghostysky.com\/product\/dji-lito-x1\/#breadcrumb"},"inLanguage":"fr-FR","potentialAction":[{"@type":"ReadAction","target":["https:\/\/www.ghostysky.com\/product\/dji-lito-x1\/"]}]},{"@type":"ImageObject","inLanguage":"fr-FR","@id":"https:\/\/www.ghostysky.com\/product\/dji-lito-x1\/#primaryimage","url":"https:\/\/www.ghostysky.com\/wp-content\/uploads\/2026\/04\/DJI_Lito_X1_1.jpg","contentUrl":"https:\/\/www.ghostysky.com\/wp-content\/uploads\/2026\/04\/DJI_Lito_X1_1.jpg","width":688,"height":688},{"@type":"BreadcrumbList","@id":"https:\/\/www.ghostysky.com\/product\/dji-lito-x1\/#breadcrumb","itemListElement":[{"@type":"ListItem","position":1,"name":"Home","item":"https:\/\/www.ghostysky.com\/"},{"@type":"ListItem","position":2,"name":"Shop","item":"https:\/\/www.ghostysky.com\/shop\/"},{"@type":"ListItem","position":3,"name":"DJI Lito X1"}]},{"@type":"WebSite","@id":"https:\/\/www.ghostysky.com\/#website","url":"https:\/\/www.ghostysky.com\/","name":"Ghostysky","description":"Fourniture de solutions professionnelles en mati\u00e8re de drones et de robotique","publisher":{"@id":"https:\/\/www.ghostysky.com\/#organization"},"potentialAction":[{"@type":"SearchAction","target":{"@type":"EntryPoint","urlTemplate":"https:\/\/www.ghostysky.com\/?s={search_term_string}"},"query-input":{"@type":"PropertyValueSpecification","valueRequired":true,"valueName":"search_term_string"}}],"inLanguage":"fr-FR"},{"@type":"Organization","@id":"https:\/\/www.ghostysky.com\/#organization","name":"Ghostysky","url":"https:\/\/www.ghostysky.com\/","logo":{"@type":"ImageObject","inLanguage":"fr-FR","@id":"https:\/\/www.ghostysky.com\/#\/schema\/logo\/image\/","url":"https:\/\/www.ghostysky.com\/wp-content\/uploads\/2020\/06\/cropped-ghostyskylogo_text_white2.png","contentUrl":"https:\/\/www.ghostysky.com\/wp-content\/uploads\/2020\/06\/cropped-ghostyskylogo_text_white2.png","width":169,"height":56,"caption":"Ghostysky"},"image":{"@id":"https:\/\/www.ghostysky.com\/#\/schema\/logo\/image\/"},"sameAs":["https:\/\/www.facebook.com\/people\/Ghostysky\/100057676170234\/","https:\/\/x.com\/Gh0stysky","https:\/\/www.linkedin.com\/company\/34739653","https:\/\/www.instagram.com\/gh0stysky"]}]}},"_links":{"self":[{"href":"https:\/\/www.ghostysky.com\/fr\/wp-json\/wp\/v2\/product\/25762","targetHints":{"allow":["GET"]}}],"collection":[{"href":"https:\/\/www.ghostysky.com\/fr\/wp-json\/wp\/v2\/product"}],"about":[{"href":"https:\/\/www.ghostysky.com\/fr\/wp-json\/wp\/v2\/types\/product"}],"replies":[{"embeddable":true,"href":"https:\/\/www.ghostysky.com\/fr\/wp-json\/wp\/v2\/comments?post=25762"}],"version-history":[{"count":3,"href":"https:\/\/www.ghostysky.com\/fr\/wp-json\/wp\/v2\/product\/25762\/revisions"}],"predecessor-version":[{"id":25772,"href":"https:\/\/www.ghostysky.com\/fr\/wp-json\/wp\/v2\/product\/25762\/revisions\/25772"}],"wp:featuredmedia":[{"embeddable":true,"href":"https:\/\/www.ghostysky.com\/fr\/wp-json\/wp\/v2\/media\/25768"}],"wp:attachment":[{"href":"https:\/\/www.ghostysky.com\/fr\/wp-json\/wp\/v2\/media?parent=25762"}],"wp:term":[{"taxonomy":"product_brand","embeddable":true,"href":"https:\/\/www.ghostysky.com\/fr\/wp-json\/wp\/v2\/product_brand?post=25762"},{"taxonomy":"product_cat","embeddable":true,"href":"https:\/\/www.ghostysky.com\/fr\/wp-json\/wp\/v2\/product_cat?post=25762"},{"taxonomy":"product_tag","embeddable":true,"href":"https:\/\/www.ghostysky.com\/fr\/wp-json\/wp\/v2\/product_tag?post=25762"}],"curies":[{"name":"wp","href":"https:\/\/api.w.org\/{rel}","templated":true}]}}