{"id":25781,"date":"2026-04-24T16:00:13","date_gmt":"2026-04-24T16:00:13","guid":{"rendered":"https:\/\/www.ghostysky.com\/?post_type=product&#038;p=25781"},"modified":"2026-04-24T16:13:16","modified_gmt":"2026-04-24T16:13:16","slug":"dji-lito-x1-fly-more-combo-plus-dji-rc-2","status":"publish","type":"product","link":"https:\/\/www.ghostysky.com\/fr\/product\/dji-lito-x1-fly-more-combo-plus-dji-rc-2\/","title":{"rendered":"DJI Lito X1 Fly More Combo Plus (DJI RC 2)"},"content":{"rendered":"<h3 data-path-to-node=\"1\"><b data-path-to-node=\"1\" data-index-in-node=\"0\">Points forts du produit<\/b><\/h3>\n<ul data-path-to-node=\"2\">\n<li>\n<p id=\"p-rc_76c1ca511b65a9a1-122\" data-path-to-node=\"2,0,0\"><b data-path-to-node=\"2,0,0\" data-index-in-node=\"0\"><span class=\"citation-337\">Ultral\u00e9ger et conforme \u00e0 la r\u00e9glementation :<\/span><\/b><span class=\"citation-337\"> Pesant \u00e0 <\/span><b data-path-to-node=\"2,0,0\" data-index-in-node=\"49\"><span class=\"citation-337\">moins de 249 g<\/span><\/b><span class=\"citation-337 citation-end-337\"> (Avec la batterie standard), elle \u00e9vite le besoin d&#039;examens de pilote ou d&#039;enregistrement dans de nombreuses r\u00e9gions, ce qui la rend parfaitement portable pour les voyages.<\/span><\/p>\n<\/li>\n<li>\n<p id=\"p-rc_76c1ca511b65a9a1-123\" data-path-to-node=\"2,1,0\"><b data-path-to-node=\"2,1,0\" data-index-in-node=\"0\">Imagerie de niveau professionnel\u00a0:<\/b><span class=\"citation-336\"> Comprend un <\/span><b data-path-to-node=\"2,1,0\" data-index-in-node=\"30\"><span class=\"citation-336\">Capteur CMOS 1\/1,3 pouce<\/span><\/b><span class=\"citation-336\"> avec un <\/span><b data-path-to-node=\"2,1,0\" data-index-in-node=\"61\"><span class=\"citation-336\">ouverture f\/1,7<\/span><\/b><span class=\"citation-336\">, capable de capturer <\/span><b data-path-to-node=\"2,1,0\" data-index-in-node=\"98\"><span class=\"citation-336\">4K\/60 ips HDR<\/span><\/b><span class=\"citation-336\"> vid\u00e9o et \u00e9poustouflant <\/span><b data-path-to-node=\"2,1,0\" data-index-in-node=\"130\"><span class=\"citation-336\">48MP<\/span><\/b><span class=\"citation-336 citation-end-336\"> photos.<\/span><\/p>\n<\/li>\n<li>\n<p id=\"p-rc_76c1ca511b65a9a1-124\" data-path-to-node=\"2,2,0\"><b data-path-to-node=\"2,2,0\" data-index-in-node=\"0\"><span class=\"citation-335\">Vol sans peur gr\u00e2ce au LiDAR\u00a0:<\/span><\/b><span class=\"citation-335\"> Pour la premi\u00e8re fois dans cette cat\u00e9gorie, le X1 comprend <\/span><b data-path-to-node=\"2,2,0\" data-index-in-node=\"71\"><span class=\"citation-335\">D\u00e9tection d&#039;obstacles omnidirectionnelle<\/span><\/b><span class=\"citation-335\"> compl\u00e9t\u00e9 par <\/span><b data-path-to-node=\"2,2,0\" data-index-in-node=\"120\"><span class=\"citation-335\">LiDAR orient\u00e9 vers l&#039;avant<\/span><\/b><span class=\"citation-335 citation-end-335\">, offrant une pr\u00e9cision sans pr\u00e9c\u00e9dent pour \u00e9viter les obstacles tels que les branches fines et les fils \u00e9lectriques.<\/span><\/p>\n<\/li>\n<li>\n<p id=\"p-rc_76c1ca511b65a9a1-125\" data-path-to-node=\"2,3,0\"><b data-path-to-node=\"2,3,0\" data-index-in-node=\"0\">\u201c Suivez-moi \u201d au cin\u00e9ma :<\/b><span class=\"citation-334\"> \u00c9quip\u00e9 de <\/span><b data-path-to-node=\"2,3,0\" data-index-in-node=\"37\"><span class=\"citation-334\">ActiveTrack<\/span><\/b><span class=\"citation-334\"> et <\/span><b data-path-to-node=\"2,3,0\" data-index-in-node=\"53\"><span class=\"citation-334\">MasterShots<\/span><\/b><span class=\"citation-334\">, le drone peut suivre automatiquement des sujets \u00e0 des vitesses allant jusqu&#039;\u00e0 <\/span><b data-path-to-node=\"2,3,0\" data-index-in-node=\"126\"><span class=\"citation-334\">12 m\/s<\/span><\/b><span class=\"citation-334 citation-end-334\"> tout en effectuant des man\u0153uvres complexes de la cam\u00e9ra.<\/span><\/p>\n<\/li>\n<li>\n<p id=\"p-rc_76c1ca511b65a9a1-126\" data-path-to-node=\"2,4,0\"><b data-path-to-node=\"2,4,0\" data-index-in-node=\"0\">Contr\u00f4leur DJI RC 2 :<\/b><span class=\"citation-333\"> Comprend la t\u00e9l\u00e9commande avec un <\/span><b data-path-to-node=\"2,4,0\" data-index-in-node=\"57\"><span class=\"citation-333\">\u00c9cran FHD de 5,5 pouces<\/span><\/b><span class=\"citation-333 citation-end-333\">, \u00e9liminant ainsi le besoin de connecter un smartphone et garantissant une vue claire et lumineuse m\u00eame en plein soleil.<\/span><\/p>\n<div class=\"source-inline-chip-container ng-star-inserted\"><\/div>\n<p>&nbsp;<\/li>\n<\/ul>\n<h3 data-path-to-node=\"4\"><b data-path-to-node=\"4\" data-index-in-node=\"0\">Sp\u00e9cifications techniques<\/b><\/h3>\n<table data-path-to-node=\"5\">\n<thead>\n<tr>\n<td><strong>Fonctionnalit\u00e9<\/strong><\/td>\n<td><strong>Sp\u00e9cification<\/strong><\/td>\n<\/tr>\n<\/thead>\n<tbody>\n<tr>\n<td><span data-path-to-node=\"5,1,0,0\"><b data-path-to-node=\"5,1,0,0\" data-index-in-node=\"0\">Temps de vol maximal<\/b><\/span><\/td>\n<td><span data-path-to-node=\"5,1,1,0\"><b data-path-to-node=\"5,1,1,0\" data-index-in-node=\"0\">52 minutes<\/b> (avec batterie de vol intelligente Plus)<\/span><\/td>\n<\/tr>\n<tr>\n<td><span data-path-to-node=\"5,2,0,0\"><b data-path-to-node=\"5,2,0,0\" data-index-in-node=\"0\">Transmission vid\u00e9o<\/b><\/span><\/td>\n<td><span data-path-to-node=\"5,2,1,0\">Syst\u00e8me DJI O4 (jusqu&#039;\u00e0 <b data-path-to-node=\"5,2,1,0\" data-index-in-node=\"21\">15 km<\/b> port\u00e9e \u00e0 1080p\/60fps)<\/span><\/td>\n<\/tr>\n<tr>\n<td><span data-path-to-node=\"5,3,0,0\"><b data-path-to-node=\"5,3,0,0\" data-index-in-node=\"0\">Stockage interne<\/b><\/span><\/td>\n<td><span data-path-to-node=\"5,3,1,0\"><b data-path-to-node=\"5,3,1,0\" data-index-in-node=\"0\">42 Go<\/b> (Suffisant pour des prises de vue improvis\u00e9es sans carte SD)<\/span><\/td>\n<\/tr>\n<tr>\n<td><span data-path-to-node=\"5,4,0,0\"><b data-path-to-node=\"5,4,0,0\" data-index-in-node=\"0\">Profils de couleur<\/b><\/span><\/td>\n<td><span data-path-to-node=\"5,4,1,0\"><b data-path-to-node=\"5,4,1,0\" data-index-in-node=\"0\">D-Log M 10 bits<\/b> pour l&#039;\u00e9talonnage professionnel en post-production<\/span><\/td>\n<\/tr>\n<tr>\n<td><span data-path-to-node=\"5,5,0,0\"><b data-path-to-node=\"5,5,0,0\" data-index-in-node=\"0\">Ralenti<\/b><\/span><\/td>\n<td><span data-path-to-node=\"5,5,1,0\"><b data-path-to-node=\"5,5,1,0\" data-index-in-node=\"0\">4K\/100 ips<\/b> et FHD\/200fps<\/span><\/td>\n<\/tr>\n<tr>\n<td><span data-path-to-node=\"5,6,0,0\"><b data-path-to-node=\"5,6,0,0\" data-index-in-node=\"0\">Prise de vue verticale<\/b><\/span><\/td>\n<td><span data-path-to-node=\"5,6,1,0\">Indig\u00e8ne <b data-path-to-node=\"5,6,1,0\" data-index-in-node=\"7\">Enregistrement vertical 2,7K<\/b> pour les r\u00e9seaux sociaux<\/span><\/td>\n<\/tr>\n<tr>\n<td><span data-path-to-node=\"5,7,0,0\"><b data-path-to-node=\"5,7,0,0\" data-index-in-node=\"0\">R\u00e9sistance au vent<\/b><\/span><\/td>\n<td><span data-path-to-node=\"5,7,1,0\">Jusqu&#039;\u00e0 <b data-path-to-node=\"5,7,1,0\" data-index-in-node=\"6\">10,7 m\/s<\/b> (Niveau 5)<\/span><\/td>\n<\/tr>\n<\/tbody>\n<\/table>\n<p>&nbsp;<\/p>\n<p>&nbsp;<\/p>\n<h3 data-path-to-node=\"7\"><b data-path-to-node=\"7\" data-index-in-node=\"0\">Que contient la bo\u00eete \u201c Fly More Combo Plus \u201d ?<\/b><\/h3>\n<p data-path-to-node=\"8\">Ce pack sp\u00e9cifique est la version la plus compl\u00e8te disponible, ax\u00e9e sur une endurance et une commodit\u00e9 maximales\u00a0:<\/p>\n<ol start=\"1\" data-path-to-node=\"9\">\n<li>\n<p data-path-to-node=\"9,0,0\"><b data-path-to-node=\"9,0,0\" data-index-in-node=\"0\">Avion DJI Lito X1<\/b> \u00d7 1<\/p>\n<\/li>\n<li>\n<p id=\"p-rc_76c1ca511b65a9a1-127\" data-path-to-node=\"9,1,0\"><b data-path-to-node=\"9,1,0\" data-index-in-node=\"0\"><span class=\"citation-332\">T\u00e9l\u00e9commande DJI RC 2<\/span><\/b><span class=\"citation-332 citation-end-332\"> \u00d7 1 (\u00c9cran int\u00e9gr\u00e9)<\/span><\/p>\n<\/li>\n<li>\n<p id=\"p-rc_76c1ca511b65a9a1-128\" data-path-to-node=\"9,2,0\"><b data-path-to-node=\"9,2,0\" data-index-in-node=\"0\"><span class=\"citation-331\">Batterie de vol intelligente Plus<\/span><\/b><span class=\"citation-331 citation-end-331\"> \u00d7 3 (Offrant un total de 156 minutes de vol)<\/span><\/p>\n<\/li>\n<li>\n<p id=\"p-rc_76c1ca511b65a9a1-129\" data-path-to-node=\"9,3,0\"><b data-path-to-node=\"9,3,0\" data-index-in-node=\"0\"><span class=\"citation-330\">Station de charge bidirectionnelle<\/span><\/b><span class=\"citation-330 citation-end-330\"> \u00d7 1 (Charge trois batteries en s\u00e9quence)<\/span><\/p>\n<\/li>\n<li>\n<p data-path-to-node=\"9,4,0\"><b data-path-to-node=\"9,4,0\" data-index-in-node=\"0\">Sac bandouli\u00e8re<\/b> \u00d7 1<\/p>\n<\/li>\n<li>\n<p id=\"p-rc_76c1ca511b65a9a1-130\" data-path-to-node=\"9,5,0\"><b data-path-to-node=\"9,5,0\" data-index-in-node=\"0\"><span class=\"citation-329\">H\u00e9lices de rechange<\/span><\/b><span class=\"citation-329 citation-end-329\"> \u00d7 3 paires<\/span><\/p>\n<\/li>\n<li>\n<p id=\"p-rc_76c1ca511b65a9a1-131\" data-path-to-node=\"9,6,0\"><b data-path-to-node=\"9,6,0\" data-index-in-node=\"0\"><span class=\"citation-328\">Protecteur de cardan<\/span><\/b><span class=\"citation-328 citation-end-328\"> \u00d7 1<\/span><\/p>\n<\/li>\n<li>\n<p data-path-to-node=\"9,7,0\"><b data-path-to-node=\"9,7,0\" data-index-in-node=\"0\">C\u00e2bles USB-C et tournevis<\/b><\/p>\n<\/li>\n<\/ol>","protected":false},"excerpt":{"rendered":"<p id=\"p-rc_820ccf255cea4fbf-109\" data-path-to-node=\"0\"><span class=\"citation-338\">Le <\/span><b data-path-to-node=\"0\" data-index-in-node=\"4\"><span class=\"citation-338\">DJI Lito X1 Fly More Combo Plus (DJI RC 2)<\/span><\/b><span class=\"citation-338 citation-end-338\"> est le fleuron haut de gamme de la nouvelle s\u00e9rie Lito de DJI, lanc\u00e9e en avril 2026.<\/span> Con\u00e7u pour combler le foss\u00e9 entre l&#039;accessibilit\u00e9 pour d\u00e9butants et les performances de niveau professionnel, ce drone est le package \u201c pr\u00eat \u00e0 voler \u201d par excellence pour les cr\u00e9ateurs exigeant des fonctionnalit\u00e9s de s\u00e9curit\u00e9 haut de gamme et une autonomie de vol prolong\u00e9e.<\/p>","protected":false},"featured_media":25755,"comment_status":"open","ping_status":"closed","template":"","meta":[],"product_brand":[1031],"product_cat":[752,37,1436,1437],"product_tag":[1438,1439],"class_list":{"0":"post-25781","1":"product","2":"type-product","3":"status-publish","4":"has-post-thumbnail","6":"product_brand-dji","7":"product_cat-aerial-photography","8":"product_cat-dji","9":"product_cat-dji-lito","10":"product_cat-lito-drones","11":"product_tag-dji-lito-1","12":"product_tag-dji-lito-drones","14":"first","15":"onbackorder","16":"taxable","17":"shipping-taxable","18":"purchasable","19":"product-type-simple"},"yoast_head":"<!-- This site is optimized with the Yoast SEO plugin v27.4 - https:\/\/yoast.com\/product\/yoast-seo-wordpress\/ -->\n<title>DJI Lito X1 Fly More Combo Plus (DJI RC 2) - Ghostysky<\/title>\n<meta name=\"description\" content=\"The DJI Lito X1 Fly More Combo Plus (DJI RC 2) is the premium flagship of DJI&#039;s new Lito series, launched in April 2026. Designed to bridge the gap between entry-level accessibility and professional-grade performance, this drone is the ultimate &quot;ready-to-fly&quot; package for creators who demand high-end safety features and extended airtime.\" \/>\n<meta name=\"robots\" content=\"index, follow, max-snippet:-1, max-image-preview:large, max-video-preview:-1\" \/>\n<link rel=\"canonical\" href=\"https:\/\/www.ghostysky.com\/fr\/product\/dji-lito-x1-fly-more-combo-plus-dji-rc-2\/\" \/>\n<meta property=\"og:locale\" content=\"fr_FR\" \/>\n<meta property=\"og:type\" content=\"article\" \/>\n<meta property=\"og:title\" content=\"DJI Lito X1 Fly More Combo Plus (DJI RC 2) - Ghostysky\" \/>\n<meta property=\"og:description\" content=\"The DJI Lito X1 Fly More Combo Plus (DJI RC 2) is the premium flagship of DJI&#039;s new Lito series, launched in April 2026. Designed to bridge the gap between entry-level accessibility and professional-grade performance, this drone is the ultimate &quot;ready-to-fly&quot; package for creators who demand high-end safety features and extended airtime.\" \/>\n<meta property=\"og:url\" content=\"https:\/\/www.ghostysky.com\/fr\/product\/dji-lito-x1-fly-more-combo-plus-dji-rc-2\/\" \/>\n<meta property=\"og:site_name\" content=\"Ghostysky\" \/>\n<meta property=\"article:publisher\" content=\"https:\/\/www.facebook.com\/people\/Ghostysky\/100057676170234\/\" \/>\n<meta property=\"article:modified_time\" content=\"2026-04-24T16:13:16+00:00\" \/>\n<meta property=\"og:image\" content=\"https:\/\/www.ghostysky.com\/wp-content\/uploads\/2026\/04\/GH_DJI_Lito_1.jpg\" \/>\n\t<meta property=\"og:image:width\" content=\"1308\" \/>\n\t<meta property=\"og:image:height\" content=\"1308\" \/>\n\t<meta property=\"og:image:type\" content=\"image\/jpeg\" \/>\n<meta name=\"twitter:card\" content=\"summary_large_image\" \/>\n<meta name=\"twitter:site\" content=\"@Gh0stysky\" \/>\n<meta name=\"twitter:label1\" content=\"Dur\u00e9e de lecture estim\u00e9e\" \/>\n\t<meta name=\"twitter:data1\" content=\"2 minutes\" \/>\n<script type=\"application\/ld+json\" class=\"yoast-schema-graph\">{\"@context\":\"https:\\\/\\\/schema.org\",\"@graph\":[{\"@type\":\"WebPage\",\"@id\":\"https:\\\/\\\/www.ghostysky.com\\\/product\\\/dji-lito-x1-fly-more-combo-plus-dji-rc-2\\\/\",\"url\":\"https:\\\/\\\/www.ghostysky.com\\\/product\\\/dji-lito-x1-fly-more-combo-plus-dji-rc-2\\\/\",\"name\":\"DJI Lito X1 Fly More Combo Plus (DJI RC 2) - Ghostysky\",\"isPartOf\":{\"@id\":\"https:\\\/\\\/www.ghostysky.com\\\/#website\"},\"primaryImageOfPage\":{\"@id\":\"https:\\\/\\\/www.ghostysky.com\\\/product\\\/dji-lito-x1-fly-more-combo-plus-dji-rc-2\\\/#primaryimage\"},\"image\":{\"@id\":\"https:\\\/\\\/www.ghostysky.com\\\/product\\\/dji-lito-x1-fly-more-combo-plus-dji-rc-2\\\/#primaryimage\"},\"thumbnailUrl\":\"https:\\\/\\\/www.ghostysky.com\\\/wp-content\\\/uploads\\\/2026\\\/04\\\/GH_DJI_Lito_1.jpg\",\"datePublished\":\"2026-04-24T16:00:13+00:00\",\"dateModified\":\"2026-04-24T16:13:16+00:00\",\"description\":\"The DJI Lito X1 Fly More Combo Plus (DJI RC 2) is the premium flagship of DJI's new Lito series, launched in April 2026. Designed to bridge the gap between entry-level accessibility and professional-grade performance, this drone is the ultimate \\\"ready-to-fly\\\" package for creators who demand high-end safety features and extended airtime.\",\"breadcrumb\":{\"@id\":\"https:\\\/\\\/www.ghostysky.com\\\/product\\\/dji-lito-x1-fly-more-combo-plus-dji-rc-2\\\/#breadcrumb\"},\"inLanguage\":\"fr-FR\",\"potentialAction\":[{\"@type\":\"ReadAction\",\"target\":[\"https:\\\/\\\/www.ghostysky.com\\\/product\\\/dji-lito-x1-fly-more-combo-plus-dji-rc-2\\\/\"]}]},{\"@type\":\"ImageObject\",\"inLanguage\":\"fr-FR\",\"@id\":\"https:\\\/\\\/www.ghostysky.com\\\/product\\\/dji-lito-x1-fly-more-combo-plus-dji-rc-2\\\/#primaryimage\",\"url\":\"https:\\\/\\\/www.ghostysky.com\\\/wp-content\\\/uploads\\\/2026\\\/04\\\/GH_DJI_Lito_1.jpg\",\"contentUrl\":\"https:\\\/\\\/www.ghostysky.com\\\/wp-content\\\/uploads\\\/2026\\\/04\\\/GH_DJI_Lito_1.jpg\",\"width\":1308,\"height\":1308},{\"@type\":\"BreadcrumbList\",\"@id\":\"https:\\\/\\\/www.ghostysky.com\\\/product\\\/dji-lito-x1-fly-more-combo-plus-dji-rc-2\\\/#breadcrumb\",\"itemListElement\":[{\"@type\":\"ListItem\",\"position\":1,\"name\":\"Home\",\"item\":\"https:\\\/\\\/www.ghostysky.com\\\/\"},{\"@type\":\"ListItem\",\"position\":2,\"name\":\"Shop\",\"item\":\"https:\\\/\\\/www.ghostysky.com\\\/shop\\\/\"},{\"@type\":\"ListItem\",\"position\":3,\"name\":\"DJI Lito X1 Fly More Combo Plus (DJI RC 2)\"}]},{\"@type\":\"WebSite\",\"@id\":\"https:\\\/\\\/www.ghostysky.com\\\/#website\",\"url\":\"https:\\\/\\\/www.ghostysky.com\\\/\",\"name\":\"Ghostysky\",\"description\":\"Delivering professional drones and robotics solutions\",\"publisher\":{\"@id\":\"https:\\\/\\\/www.ghostysky.com\\\/#organization\"},\"potentialAction\":[{\"@type\":\"SearchAction\",\"target\":{\"@type\":\"EntryPoint\",\"urlTemplate\":\"https:\\\/\\\/www.ghostysky.com\\\/?s={search_term_string}\"},\"query-input\":{\"@type\":\"PropertyValueSpecification\",\"valueRequired\":true,\"valueName\":\"search_term_string\"}}],\"inLanguage\":\"fr-FR\"},{\"@type\":\"Organization\",\"@id\":\"https:\\\/\\\/www.ghostysky.com\\\/#organization\",\"name\":\"Ghostysky\",\"url\":\"https:\\\/\\\/www.ghostysky.com\\\/\",\"logo\":{\"@type\":\"ImageObject\",\"inLanguage\":\"fr-FR\",\"@id\":\"https:\\\/\\\/www.ghostysky.com\\\/#\\\/schema\\\/logo\\\/image\\\/\",\"url\":\"https:\\\/\\\/www.ghostysky.com\\\/wp-content\\\/uploads\\\/2020\\\/06\\\/cropped-ghostyskylogo_text_white2.png\",\"contentUrl\":\"https:\\\/\\\/www.ghostysky.com\\\/wp-content\\\/uploads\\\/2020\\\/06\\\/cropped-ghostyskylogo_text_white2.png\",\"width\":169,\"height\":56,\"caption\":\"Ghostysky\"},\"image\":{\"@id\":\"https:\\\/\\\/www.ghostysky.com\\\/#\\\/schema\\\/logo\\\/image\\\/\"},\"sameAs\":[\"https:\\\/\\\/www.facebook.com\\\/people\\\/Ghostysky\\\/100057676170234\\\/\",\"https:\\\/\\\/x.com\\\/Gh0stysky\",\"https:\\\/\\\/www.linkedin.com\\\/company\\\/34739653\",\"https:\\\/\\\/www.instagram.com\\\/gh0stysky\"]}]}<\/script>\n<!-- \/ Yoast SEO plugin. -->","yoast_head_json":{"title":"DJI Lito X1 Fly More Combo Plus (DJI RC 2) - Ghostysky","description":"Le DJI Lito X1 Fly More Combo Plus (DJI RC 2) est le fleuron premium de la nouvelle s\u00e9rie Lito de DJI, lanc\u00e9e en avril 2026. Con\u00e7u pour combler le foss\u00e9 entre l&#039;accessibilit\u00e9 de niveau d\u00e9butant et les performances de niveau professionnel, ce drone est le package \" pr\u00eat \u00e0 voler \" ultime pour les cr\u00e9ateurs qui exigent des fonctionnalit\u00e9s de s\u00e9curit\u00e9 haut de gamme et une autonomie de vol prolong\u00e9e.","robots":{"index":"index","follow":"follow","max-snippet":"max-snippet:-1","max-image-preview":"max-image-preview:large","max-video-preview":"max-video-preview:-1"},"canonical":"https:\/\/www.ghostysky.com\/fr\/product\/dji-lito-x1-fly-more-combo-plus-dji-rc-2\/","og_locale":"fr_FR","og_type":"article","og_title":"DJI Lito X1 Fly More Combo Plus (DJI RC 2) - Ghostysky","og_description":"The DJI Lito X1 Fly More Combo Plus (DJI RC 2) is the premium flagship of DJI's new Lito series, launched in April 2026. Designed to bridge the gap between entry-level accessibility and professional-grade performance, this drone is the ultimate \"ready-to-fly\" package for creators who demand high-end safety features and extended airtime.","og_url":"https:\/\/www.ghostysky.com\/fr\/product\/dji-lito-x1-fly-more-combo-plus-dji-rc-2\/","og_site_name":"Ghostysky","article_publisher":"https:\/\/www.facebook.com\/people\/Ghostysky\/100057676170234\/","article_modified_time":"2026-04-24T16:13:16+00:00","og_image":[{"width":1308,"height":1308,"url":"https:\/\/www.ghostysky.com\/wp-content\/uploads\/2026\/04\/GH_DJI_Lito_1.jpg","type":"image\/jpeg"}],"twitter_card":"summary_large_image","twitter_site":"@Gh0stysky","twitter_misc":{"Dur\u00e9e de lecture estim\u00e9e":"2 minutes"},"schema":{"@context":"https:\/\/schema.org","@graph":[{"@type":"WebPage","@id":"https:\/\/www.ghostysky.com\/product\/dji-lito-x1-fly-more-combo-plus-dji-rc-2\/","url":"https:\/\/www.ghostysky.com\/product\/dji-lito-x1-fly-more-combo-plus-dji-rc-2\/","name":"DJI Lito X1 Fly More Combo Plus (DJI RC 2) - Ghostysky","isPartOf":{"@id":"https:\/\/www.ghostysky.com\/#website"},"primaryImageOfPage":{"@id":"https:\/\/www.ghostysky.com\/product\/dji-lito-x1-fly-more-combo-plus-dji-rc-2\/#primaryimage"},"image":{"@id":"https:\/\/www.ghostysky.com\/product\/dji-lito-x1-fly-more-combo-plus-dji-rc-2\/#primaryimage"},"thumbnailUrl":"https:\/\/www.ghostysky.com\/wp-content\/uploads\/2026\/04\/GH_DJI_Lito_1.jpg","datePublished":"2026-04-24T16:00:13+00:00","dateModified":"2026-04-24T16:13:16+00:00","description":"Le DJI Lito X1 Fly More Combo Plus (DJI RC 2) est le fleuron premium de la nouvelle s\u00e9rie Lito de DJI, lanc\u00e9e en avril 2026. Con\u00e7u pour combler le foss\u00e9 entre l&#039;accessibilit\u00e9 de niveau d\u00e9butant et les performances de niveau professionnel, ce drone est le package \" pr\u00eat \u00e0 voler \" ultime pour les cr\u00e9ateurs qui exigent des fonctionnalit\u00e9s de s\u00e9curit\u00e9 haut de gamme et une autonomie de vol prolong\u00e9e.","breadcrumb":{"@id":"https:\/\/www.ghostysky.com\/product\/dji-lito-x1-fly-more-combo-plus-dji-rc-2\/#breadcrumb"},"inLanguage":"fr-FR","potentialAction":[{"@type":"ReadAction","target":["https:\/\/www.ghostysky.com\/product\/dji-lito-x1-fly-more-combo-plus-dji-rc-2\/"]}]},{"@type":"ImageObject","inLanguage":"fr-FR","@id":"https:\/\/www.ghostysky.com\/product\/dji-lito-x1-fly-more-combo-plus-dji-rc-2\/#primaryimage","url":"https:\/\/www.ghostysky.com\/wp-content\/uploads\/2026\/04\/GH_DJI_Lito_1.jpg","contentUrl":"https:\/\/www.ghostysky.com\/wp-content\/uploads\/2026\/04\/GH_DJI_Lito_1.jpg","width":1308,"height":1308},{"@type":"BreadcrumbList","@id":"https:\/\/www.ghostysky.com\/product\/dji-lito-x1-fly-more-combo-plus-dji-rc-2\/#breadcrumb","itemListElement":[{"@type":"ListItem","position":1,"name":"Home","item":"https:\/\/www.ghostysky.com\/"},{"@type":"ListItem","position":2,"name":"Shop","item":"https:\/\/www.ghostysky.com\/shop\/"},{"@type":"ListItem","position":3,"name":"DJI Lito X1 Fly More Combo Plus (DJI RC 2)"}]},{"@type":"WebSite","@id":"https:\/\/www.ghostysky.com\/#website","url":"https:\/\/www.ghostysky.com\/","name":"Ghostysky","description":"Fourniture de solutions professionnelles en mati\u00e8re de drones et de robotique","publisher":{"@id":"https:\/\/www.ghostysky.com\/#organization"},"potentialAction":[{"@type":"SearchAction","target":{"@type":"EntryPoint","urlTemplate":"https:\/\/www.ghostysky.com\/?s={search_term_string}"},"query-input":{"@type":"PropertyValueSpecification","valueRequired":true,"valueName":"search_term_string"}}],"inLanguage":"fr-FR"},{"@type":"Organization","@id":"https:\/\/www.ghostysky.com\/#organization","name":"Ghostysky","url":"https:\/\/www.ghostysky.com\/","logo":{"@type":"ImageObject","inLanguage":"fr-FR","@id":"https:\/\/www.ghostysky.com\/#\/schema\/logo\/image\/","url":"https:\/\/www.ghostysky.com\/wp-content\/uploads\/2020\/06\/cropped-ghostyskylogo_text_white2.png","contentUrl":"https:\/\/www.ghostysky.com\/wp-content\/uploads\/2020\/06\/cropped-ghostyskylogo_text_white2.png","width":169,"height":56,"caption":"Ghostysky"},"image":{"@id":"https:\/\/www.ghostysky.com\/#\/schema\/logo\/image\/"},"sameAs":["https:\/\/www.facebook.com\/people\/Ghostysky\/100057676170234\/","https:\/\/x.com\/Gh0stysky","https:\/\/www.linkedin.com\/company\/34739653","https:\/\/www.instagram.com\/gh0stysky"]}]}},"_links":{"self":[{"href":"https:\/\/www.ghostysky.com\/fr\/wp-json\/wp\/v2\/product\/25781","targetHints":{"allow":["GET"]}}],"collection":[{"href":"https:\/\/www.ghostysky.com\/fr\/wp-json\/wp\/v2\/product"}],"about":[{"href":"https:\/\/www.ghostysky.com\/fr\/wp-json\/wp\/v2\/types\/product"}],"replies":[{"embeddable":true,"href":"https:\/\/www.ghostysky.com\/fr\/wp-json\/wp\/v2\/comments?post=25781"}],"version-history":[{"count":1,"href":"https:\/\/www.ghostysky.com\/fr\/wp-json\/wp\/v2\/product\/25781\/revisions"}],"predecessor-version":[{"id":25786,"href":"https:\/\/www.ghostysky.com\/fr\/wp-json\/wp\/v2\/product\/25781\/revisions\/25786"}],"wp:featuredmedia":[{"embeddable":true,"href":"https:\/\/www.ghostysky.com\/fr\/wp-json\/wp\/v2\/media\/25755"}],"wp:attachment":[{"href":"https:\/\/www.ghostysky.com\/fr\/wp-json\/wp\/v2\/media?parent=25781"}],"wp:term":[{"taxonomy":"product_brand","embeddable":true,"href":"https:\/\/www.ghostysky.com\/fr\/wp-json\/wp\/v2\/product_brand?post=25781"},{"taxonomy":"product_cat","embeddable":true,"href":"https:\/\/www.ghostysky.com\/fr\/wp-json\/wp\/v2\/product_cat?post=25781"},{"taxonomy":"product_tag","embeddable":true,"href":"https:\/\/www.ghostysky.com\/fr\/wp-json\/wp\/v2\/product_tag?post=25781"}],"curies":[{"name":"wp","href":"https:\/\/api.w.org\/{rel}","templated":true}]}}