{"id":25994,"date":"2026-05-03T08:31:39","date_gmt":"2026-05-03T08:31:39","guid":{"rendered":"https:\/\/www.ghostysky.com\/?post_type=product&#038;p=25994"},"modified":"2026-05-08T16:06:42","modified_gmt":"2026-05-08T16:06:42","slug":"geosun-gs-2000r","status":"publish","type":"product","link":"https:\/\/www.ghostysky.com\/fr\/product\/geosun-gs-2000r\/","title":{"rendered":"Geosun GS-2000R"},"content":{"rendered":"<h3 data-path-to-node=\"3\">Principales caract\u00e9ristiques et performances<\/h3>\n<ul data-path-to-node=\"4\">\n<li>\n<p id=\"p-rc_f7b00e2edd2842cd-31\" data-path-to-node=\"4,0,0\"><b data-path-to-node=\"4,0,0\" data-index-in-node=\"0\"><span class=\"citation-20\">Pr\u00e9cision de niveau topographique :<\/span><\/b><span class=\"citation-20\"> Propuls\u00e9 par un <\/span><b data-path-to-node=\"4,0,0\" data-index-in-node=\"37\"><span class=\"citation-20\">RIEGL VUX-1LR<\/span><\/b><span class=\"citation-20\"> (ou un capteur haut de gamme similaire), il offre une pr\u00e9cision de port\u00e9e de <\/span><b data-path-to-node=\"4,0,0\" data-index-in-node=\"111\"><span class=\"citation-20\">15 mm<\/span><\/b><span class=\"citation-20 citation-end-20\">, en veillant \u00e0 ce que m\u00eame les plus petits d\u00e9tails topographiques soient captur\u00e9s.<\/span><\/p>\n<\/li>\n<li>\n<p id=\"p-rc_f7b00e2edd2842cd-32\" data-path-to-node=\"4,1,0\"><b data-path-to-node=\"4,1,0\" data-index-in-node=\"0\"><span class=\"citation-19\">Port\u00e9e extr\u00eamement longue :<\/span><\/b><span class=\"citation-19\"> Avec une plage de mesure allant jusqu&#039;\u00e0 <\/span><b data-path-to-node=\"4,1,0\" data-index-in-node=\"52\"><span class=\"citation-19\">1 845 m\u00e8tres<\/span><\/b><span class=\"citation-19 citation-end-19\">, Ce syst\u00e8me permet des vols \u00e0 haute altitude, ce qui accro\u00eet la s\u00e9curit\u00e9 en terrain montagneux et couvre une plus grande distance par vol.<\/span><\/p>\n<\/li>\n<li>\n<p id=\"p-rc_f7b00e2edd2842cd-33\" data-path-to-node=\"4,2,0\"><b data-path-to-node=\"4,2,0\" data-index-in-node=\"0\"><span class=\"citation-18\">P\u00e9n\u00e9tration sup\u00e9rieure :<\/span><\/b><span class=\"citation-18 citation-end-18\"> Gr\u00e2ce \u00e0 sa capacit\u00e9 multi-cible (num\u00e9risation par \u00e9cho), il peut p\u00e9n\u00e9trer une v\u00e9g\u00e9tation dense pour fournir des mod\u00e8les num\u00e9riques d&#039;\u00e9l\u00e9vation au sol (MNE) pr\u00e9cis.<\/span><\/p>\n<\/li>\n<li>\n<p id=\"p-rc_f7b00e2edd2842cd-34\" data-path-to-node=\"4,3,0\"><b data-path-to-node=\"4,3,0\" data-index-in-node=\"0\">Imagerie int\u00e9gr\u00e9e\u00a0:<\/b><span class=\"citation-17\"> Il est \u00e9quip\u00e9 d&#039;un syst\u00e8me int\u00e9gr\u00e9 <\/span><b data-path-to-node=\"4,3,0\" data-index-in-node=\"51\"><span class=\"citation-17\">Appareil photo plein format de 45 MP<\/span><\/b><span class=\"citation-17 citation-end-17\">, permettant la g\u00e9n\u00e9ration de nuages de points 3D haute r\u00e9solution et en couleurs r\u00e9elles.<\/span><\/p>\n<\/li>\n<li>\n<p id=\"p-rc_f7b00e2edd2842cd-35\" data-path-to-node=\"4,4,0\"><b data-path-to-node=\"4,4,0\" data-index-in-node=\"0\"><span class=\"citation-16\">Syst\u00e8me de point de vente industriel\u00a0:<\/span><\/b><span class=\"citation-16\"> Il est dot\u00e9 d&#039;une centrale inertielle de haute pr\u00e9cision (<\/span><b data-path-to-node=\"4,4,0\" data-index-in-node=\"54\"><span class=\"citation-16\">gSpin 410<\/span><\/b><span class=\"citation-16\">) et unit\u00e9 GNSS, fournissant des donn\u00e9es d&#039;attitude et de positionnement stables avec une pr\u00e9cision horizontale de <\/span><b data-path-to-node=\"4,4,0\" data-index-in-node=\"157\"><span class=\"citation-16\">0,02 m<\/span><\/b><span class=\"citation-16 citation-end-16\">.<\/span><\/p>\n<div class=\"source-inline-chip-container ng-star-inserted\"><\/div>\n<p>&nbsp;<\/li>\n<\/ul>\n<h3 data-path-to-node=\"6\">Sp\u00e9cifications techniques<\/h3>\n<table data-path-to-node=\"7\">\n<thead>\n<tr>\n<td><strong>Fonctionnalit\u00e9<\/strong><\/td>\n<td><strong>Sp\u00e9cification<\/strong><\/td>\n<\/tr>\n<\/thead>\n<tbody>\n<tr>\n<td><span data-path-to-node=\"7,1,0,0\"><b data-path-to-node=\"7,1,0,0\" data-index-in-node=\"0\">Capteur laser<\/b><\/span><\/td>\n<td><span data-path-to-node=\"7,1,1,0\">Capteur laser RIEGL<\/span><\/td>\n<\/tr>\n<tr>\n<td><span data-path-to-node=\"7,2,0,0\"><b data-path-to-node=\"7,2,0,0\" data-index-in-node=\"0\">Plage de mesure<\/b><\/span><\/td>\n<td><span data-path-to-node=\"7,2,1,0\">Jusqu&#039;\u00e0 1 845 m<\/span><\/td>\n<\/tr>\n<tr>\n<td><span data-path-to-node=\"7,3,0,0\"><b data-path-to-node=\"7,3,0,0\" data-index-in-node=\"0\">Pr\u00e9cision de la port\u00e9e<\/b><\/span><\/td>\n<td><span data-path-to-node=\"7,3,1,0\">15 mm<\/span><\/td>\n<\/tr>\n<tr>\n<td><span data-path-to-node=\"7,4,0,0\"><b data-path-to-node=\"7,4,0,0\" data-index-in-node=\"0\">Fr\u00e9quence de balayage<\/b><\/span><\/td>\n<td><span data-path-to-node=\"7,4,1,0\">10 Hz \u2013 200 Hz<\/span><\/td>\n<\/tr>\n<tr>\n<td><span data-path-to-node=\"7,5,0,0\"><b data-path-to-node=\"7,5,0,0\" data-index-in-node=\"0\">Champ de vision (FOV)<\/b><\/span><\/td>\n<td><span data-path-to-node=\"7,5,1,0\">360\u00b0<\/span><\/td>\n<\/tr>\n<tr>\n<td><span data-path-to-node=\"7,6,0,0\"><b data-path-to-node=\"7,6,0,0\" data-index-in-node=\"0\">R\u00e9solution de l&#039;appareil photo<\/b><\/span><\/td>\n<td><span data-path-to-node=\"7,6,1,0\">45 m\u00e9gapixels (plein format)<\/span><\/td>\n<\/tr>\n<tr>\n<td><span data-path-to-node=\"7,7,0,0\"><b data-path-to-node=\"7,7,0,0\" data-index-in-node=\"0\">Poids du syst\u00e8me<\/b><\/span><\/td>\n<td><span data-path-to-node=\"7,7,1,0\">4,5 kg<\/span><\/td>\n<\/tr>\n<tr>\n<td><span data-path-to-node=\"7,8,0,0\"><b data-path-to-node=\"7,8,0,0\" data-index-in-node=\"0\">Stockage<\/b><\/span><\/td>\n<td><span data-path-to-node=\"7,8,1,0\">SSD interne de 512 Go<\/span><\/td>\n<\/tr>\n<tr>\n<td><span data-path-to-node=\"7,9,0,0\"><b data-path-to-node=\"7,9,0,0\" data-index-in-node=\"0\">Consommation d&#039;\u00e9nergie<\/b><\/span><\/td>\n<td><span data-path-to-node=\"7,9,1,0\">75 W<\/span><\/td>\n<\/tr>\n<tr>\n<td><span data-path-to-node=\"7,10,0,0\"><b data-path-to-node=\"7,10,0,0\" data-index-in-node=\"0\">Plateformes prises en charge<\/b><\/span><\/td>\n<td><span data-path-to-node=\"7,10,1,0\">DJI M300\/M350, a\u00e9ronefs \u00e0 d\u00e9collage et atterrissage verticaux (VTOL) \u00e0 voilure fixe<\/span><\/td>\n<\/tr>\n<\/tbody>\n<\/table>\n<p>&nbsp;<\/p>\n<p>&nbsp;<\/p>\n<h3 data-path-to-node=\"9\">Applications<\/h3>\n<ul data-path-to-node=\"10\">\n<li>\n<p id=\"p-rc_f7b00e2edd2842cd-36\" data-path-to-node=\"10,0,0\"><b data-path-to-node=\"10,0,0\" data-index-in-node=\"0\"><span class=\"citation-15\">Inspection des lignes \u00e9lectriques :<\/span><\/b><span class=\"citation-15 citation-end-15\"> Cartographie d\u00e9taill\u00e9e de la fl\u00e8che des c\u00e2bles et des structures de pyl\u00f4nes avec une densit\u00e9 de points \u00e9lev\u00e9e.<\/span><\/p>\n<\/li>\n<li>\n<p id=\"p-rc_f7b00e2edd2842cd-37\" data-path-to-node=\"10,1,0\"><b data-path-to-node=\"10,1,0\" data-index-in-node=\"0\"><span class=\"citation-14\">Gestion foresti\u00e8re :<\/span><\/b><span class=\"citation-14 citation-end-14\"> Mesure de la hauteur de la canop\u00e9e et du terrain sous-jacent \u00e0 travers un feuillage dense.<\/span><\/p>\n<\/li>\n<li>\n<p id=\"p-rc_f7b00e2edd2842cd-38\" data-path-to-node=\"10,2,0\"><b data-path-to-node=\"10,2,0\" data-index-in-node=\"0\">Arpentage minier :<\/b><span class=\"citation-13 citation-end-13\"> Calculs rapides des volumes et surveillance de la s\u00e9curit\u00e9 des mines \u00e0 ciel ouvert.<\/span><\/p>\n<\/li>\n<li>\n<p data-path-to-node=\"10,3,0\"><b data-path-to-node=\"10,3,0\" data-index-in-node=\"0\">Cartographie topographique :<\/b> Cartographie \u00e0 grande \u00e9chelle (\u00e9chelle 1:500 ou 1:1000) pour l&#039;urbanisme et la construction.<\/p>\n<\/li>\n<\/ul>\n<p>&nbsp;<\/p>\n<p>&nbsp;<\/p>\n<h3 data-path-to-node=\"12\">\u00c9cosyst\u00e8me logiciel<\/h3>\n<p data-path-to-node=\"13\">Le syst\u00e8me comprend <b data-path-to-node=\"13\" data-index-in-node=\"20\">gAirHawk 5.0<\/b> (ou la derni\u00e8re version) pour le pr\u00e9traitement. Ce logiciel simplifie le flux de travail en\u00a0:<\/p>\n<ol start=\"1\" data-path-to-node=\"14\">\n<li>\n<p id=\"p-rc_f7b00e2edd2842cd-39\" data-path-to-node=\"14,0,0\"><span class=\"citation-12 citation-end-12\">Int\u00e9gration des donn\u00e9es GNSS et IMU pour calculer les trajectoires.<\/span><\/p>\n<\/li>\n<li>\n<p data-path-to-node=\"14,1,0\">Fusion des donn\u00e9es de trajectoire avec les scans bruts LiDAR.<\/p>\n<\/li>\n<li>\n<p data-path-to-node=\"14,2,0\">Application de la colorisation RVB de la cam\u00e9ra interne au nuage de points pour obtenir un r\u00e9sultat de \u201c jumeau num\u00e9rique \u201d.<\/p>\n<\/li>\n<\/ol>","protected":false},"excerpt":{"rendered":"<p id=\"p-rc_f7b00e2edd2842cd-29\" data-path-to-node=\"0\"><span class=\"citation-23\">Le <\/span><b data-path-to-node=\"0\" data-index-in-node=\"4\"><span class=\"citation-23\">Geosun gAirHawk GS-2000R<\/span><\/b><span class=\"citation-23 citation-end-23\"> est un syst\u00e8me de balayage LiDAR haute performance et longue port\u00e9e con\u00e7u pour les lev\u00e9s a\u00e9riens de qualit\u00e9 professionnelle.<\/span> <span class=\"citation-22\">C&#039;est le mod\u00e8le phare de la s\u00e9rie gAirHawk, int\u00e9grant un <\/span><b data-path-to-node=\"0\" data-index-in-node=\"194\"><span class=\"citation-22\">Capteur laser RIEGL<\/span><\/b><span class=\"citation-22 citation-end-22\"> pour fournir une pr\u00e9cision de niveau topographique m\u00eame \u00e0 haute altitude et \u00e0 grande vitesse.<\/span><\/p>\n<p id=\"p-rc_f7b00e2edd2842cd-30\" data-path-to-node=\"1\"><span class=\"citation-21 citation-end-21\">Que vous cartographiez des for\u00eats denses, des lignes \u00e9lectriques complexes ou de vastes infrastructures urbaines, le GS-2000R est con\u00e7u pour g\u00e9rer des projets de grande envergure exigeant \u00e0 la fois pr\u00e9cision et efficacit\u00e9.<\/span><\/p>","protected":false},"featured_media":26059,"comment_status":"open","ping_status":"closed","template":"","meta":[],"product_brand":[],"product_cat":[650,705],"product_tag":[651,1451,401],"class_list":{"0":"post-25994","1":"product","2":"type-product","3":"status-publish","4":"has-post-thumbnail","6":"product_cat-geosun","7":"product_cat-sensors","8":"product_tag-geosun","9":"product_tag-gs-2000r","10":"product_tag-lidar","12":"first","13":"onbackorder","14":"taxable","15":"shipping-taxable","16":"product-type-simple"},"yoast_head":"<!-- This site is optimized with the Yoast SEO plugin v27.4 - https:\/\/yoast.com\/product\/yoast-seo-wordpress\/ -->\n<title>Geosun GS-2000R - Ghostysky<\/title>\n<meta name=\"description\" content=\"The Geosun gAirHawk GS-2000R is a high-performance, long-range LiDAR scanning system designed for professional-grade aerial surveying. It is the powerhouse of the gAirHawk series, integrating a RIEGL laser sensor to deliver survey-grade accuracy even at high altitudes and speeds.Whether you are mapping dense forestry, complex power lines, or expansive urban infrastructure, the GS-2000R is built to handle large-scale projects that demand both precision and efficiency.\" \/>\n<meta name=\"robots\" content=\"index, follow, max-snippet:-1, max-image-preview:large, max-video-preview:-1\" \/>\n<link rel=\"canonical\" href=\"https:\/\/www.ghostysky.com\/fr\/product\/geosun-gs-2000r\/\" \/>\n<meta property=\"og:locale\" content=\"fr_FR\" \/>\n<meta property=\"og:type\" content=\"article\" \/>\n<meta property=\"og:title\" content=\"Geosun GS-2000R - Ghostysky\" \/>\n<meta property=\"og:description\" content=\"The Geosun gAirHawk GS-2000R is a high-performance, long-range LiDAR scanning system designed for professional-grade aerial surveying. It is the powerhouse of the gAirHawk series, integrating a RIEGL laser sensor to deliver survey-grade accuracy even at high altitudes and speeds.Whether you are mapping dense forestry, complex power lines, or expansive urban infrastructure, the GS-2000R is built to handle large-scale projects that demand both precision and efficiency.\" \/>\n<meta property=\"og:url\" content=\"https:\/\/www.ghostysky.com\/fr\/product\/geosun-gs-2000r\/\" \/>\n<meta property=\"og:site_name\" content=\"Ghostysky\" \/>\n<meta property=\"article:publisher\" content=\"https:\/\/www.facebook.com\/people\/Ghostysky\/100057676170234\/\" \/>\n<meta property=\"article:modified_time\" content=\"2026-05-08T16:06:42+00:00\" \/>\n<meta property=\"og:image\" content=\"https:\/\/www.ghostysky.com\/wp-content\/uploads\/2026\/05\/GH_Geosun-GS-2000R.png\" \/>\n\t<meta property=\"og:image:width\" content=\"1200\" \/>\n\t<meta property=\"og:image:height\" content=\"844\" \/>\n\t<meta property=\"og:image:type\" content=\"image\/png\" \/>\n<meta name=\"twitter:card\" content=\"summary_large_image\" \/>\n<meta name=\"twitter:site\" content=\"@Gh0stysky\" \/>\n<meta name=\"twitter:label1\" content=\"Dur\u00e9e de lecture estim\u00e9e\" \/>\n\t<meta name=\"twitter:data1\" content=\"2 minutes\" \/>\n<script type=\"application\/ld+json\" class=\"yoast-schema-graph\">{\"@context\":\"https:\\\/\\\/schema.org\",\"@graph\":[{\"@type\":\"WebPage\",\"@id\":\"https:\\\/\\\/www.ghostysky.com\\\/product\\\/geosun-gs-2000r\\\/\",\"url\":\"https:\\\/\\\/www.ghostysky.com\\\/product\\\/geosun-gs-2000r\\\/\",\"name\":\"Geosun GS-2000R - Ghostysky\",\"isPartOf\":{\"@id\":\"https:\\\/\\\/www.ghostysky.com\\\/#website\"},\"primaryImageOfPage\":{\"@id\":\"https:\\\/\\\/www.ghostysky.com\\\/product\\\/geosun-gs-2000r\\\/#primaryimage\"},\"image\":{\"@id\":\"https:\\\/\\\/www.ghostysky.com\\\/product\\\/geosun-gs-2000r\\\/#primaryimage\"},\"thumbnailUrl\":\"https:\\\/\\\/www.ghostysky.com\\\/wp-content\\\/uploads\\\/2026\\\/05\\\/GH_Geosun-GS-2000R.png\",\"datePublished\":\"2026-05-03T08:31:39+00:00\",\"dateModified\":\"2026-05-08T16:06:42+00:00\",\"description\":\"The Geosun gAirHawk GS-2000R is a high-performance, long-range LiDAR scanning system designed for professional-grade aerial surveying. It is the powerhouse of the gAirHawk series, integrating a RIEGL laser sensor to deliver survey-grade accuracy even at high altitudes and speeds.Whether you are mapping dense forestry, complex power lines, or expansive urban infrastructure, the GS-2000R is built to handle large-scale projects that demand both precision and efficiency.\",\"breadcrumb\":{\"@id\":\"https:\\\/\\\/www.ghostysky.com\\\/product\\\/geosun-gs-2000r\\\/#breadcrumb\"},\"inLanguage\":\"fr-FR\",\"potentialAction\":[{\"@type\":\"ReadAction\",\"target\":[\"https:\\\/\\\/www.ghostysky.com\\\/product\\\/geosun-gs-2000r\\\/\"]}]},{\"@type\":\"ImageObject\",\"inLanguage\":\"fr-FR\",\"@id\":\"https:\\\/\\\/www.ghostysky.com\\\/product\\\/geosun-gs-2000r\\\/#primaryimage\",\"url\":\"https:\\\/\\\/www.ghostysky.com\\\/wp-content\\\/uploads\\\/2026\\\/05\\\/GH_Geosun-GS-2000R.png\",\"contentUrl\":\"https:\\\/\\\/www.ghostysky.com\\\/wp-content\\\/uploads\\\/2026\\\/05\\\/GH_Geosun-GS-2000R.png\",\"width\":1200,\"height\":844},{\"@type\":\"BreadcrumbList\",\"@id\":\"https:\\\/\\\/www.ghostysky.com\\\/product\\\/geosun-gs-2000r\\\/#breadcrumb\",\"itemListElement\":[{\"@type\":\"ListItem\",\"position\":1,\"name\":\"Home\",\"item\":\"https:\\\/\\\/www.ghostysky.com\\\/\"},{\"@type\":\"ListItem\",\"position\":2,\"name\":\"Shop\",\"item\":\"https:\\\/\\\/www.ghostysky.com\\\/shop\\\/\"},{\"@type\":\"ListItem\",\"position\":3,\"name\":\"Geosun GS-2000R\"}]},{\"@type\":\"WebSite\",\"@id\":\"https:\\\/\\\/www.ghostysky.com\\\/#website\",\"url\":\"https:\\\/\\\/www.ghostysky.com\\\/\",\"name\":\"Ghostysky\",\"description\":\"Delivering professional drones and robotics solutions\",\"publisher\":{\"@id\":\"https:\\\/\\\/www.ghostysky.com\\\/#organization\"},\"potentialAction\":[{\"@type\":\"SearchAction\",\"target\":{\"@type\":\"EntryPoint\",\"urlTemplate\":\"https:\\\/\\\/www.ghostysky.com\\\/?s={search_term_string}\"},\"query-input\":{\"@type\":\"PropertyValueSpecification\",\"valueRequired\":true,\"valueName\":\"search_term_string\"}}],\"inLanguage\":\"fr-FR\"},{\"@type\":\"Organization\",\"@id\":\"https:\\\/\\\/www.ghostysky.com\\\/#organization\",\"name\":\"Ghostysky\",\"url\":\"https:\\\/\\\/www.ghostysky.com\\\/\",\"logo\":{\"@type\":\"ImageObject\",\"inLanguage\":\"fr-FR\",\"@id\":\"https:\\\/\\\/www.ghostysky.com\\\/#\\\/schema\\\/logo\\\/image\\\/\",\"url\":\"https:\\\/\\\/www.ghostysky.com\\\/wp-content\\\/uploads\\\/2020\\\/06\\\/cropped-ghostyskylogo_text_white2.png\",\"contentUrl\":\"https:\\\/\\\/www.ghostysky.com\\\/wp-content\\\/uploads\\\/2020\\\/06\\\/cropped-ghostyskylogo_text_white2.png\",\"width\":169,\"height\":56,\"caption\":\"Ghostysky\"},\"image\":{\"@id\":\"https:\\\/\\\/www.ghostysky.com\\\/#\\\/schema\\\/logo\\\/image\\\/\"},\"sameAs\":[\"https:\\\/\\\/www.facebook.com\\\/people\\\/Ghostysky\\\/100057676170234\\\/\",\"https:\\\/\\\/x.com\\\/Gh0stysky\",\"https:\\\/\\\/www.linkedin.com\\\/company\\\/34739653\",\"https:\\\/\\\/www.instagram.com\\\/gh0stysky\"]}]}<\/script>\n<!-- \/ Yoast SEO plugin. -->","yoast_head_json":{"title":"Geosun GS-2000R - Ghostysky","description":"Le Geosun gAirHawk GS-2000R est un syst\u00e8me de balayage LiDAR haute performance \u00e0 longue port\u00e9e, con\u00e7u pour les lev\u00e9s a\u00e9riens professionnels. V\u00e9ritable fleuron de la gamme gAirHawk, il int\u00e8gre un capteur laser RIEGL pour une pr\u00e9cision topographique optimale, m\u00eame \u00e0 haute altitude et \u00e0 grande vitesse. Que vous cartographiez des for\u00eats denses, des lignes \u00e9lectriques complexes ou de vastes infrastructures urbaines, le GS-2000R est con\u00e7u pour g\u00e9rer les projets d&#039;envergure exigeant pr\u00e9cision et efficacit\u00e9.","robots":{"index":"index","follow":"follow","max-snippet":"max-snippet:-1","max-image-preview":"max-image-preview:large","max-video-preview":"max-video-preview:-1"},"canonical":"https:\/\/www.ghostysky.com\/fr\/product\/geosun-gs-2000r\/","og_locale":"fr_FR","og_type":"article","og_title":"Geosun GS-2000R - Ghostysky","og_description":"The Geosun gAirHawk GS-2000R is a high-performance, long-range LiDAR scanning system designed for professional-grade aerial surveying. It is the powerhouse of the gAirHawk series, integrating a RIEGL laser sensor to deliver survey-grade accuracy even at high altitudes and speeds.Whether you are mapping dense forestry, complex power lines, or expansive urban infrastructure, the GS-2000R is built to handle large-scale projects that demand both precision and efficiency.","og_url":"https:\/\/www.ghostysky.com\/fr\/product\/geosun-gs-2000r\/","og_site_name":"Ghostysky","article_publisher":"https:\/\/www.facebook.com\/people\/Ghostysky\/100057676170234\/","article_modified_time":"2026-05-08T16:06:42+00:00","og_image":[{"width":1200,"height":844,"url":"https:\/\/www.ghostysky.com\/wp-content\/uploads\/2026\/05\/GH_Geosun-GS-2000R.png","type":"image\/png"}],"twitter_card":"summary_large_image","twitter_site":"@Gh0stysky","twitter_misc":{"Dur\u00e9e de lecture estim\u00e9e":"2 minutes"},"schema":{"@context":"https:\/\/schema.org","@graph":[{"@type":"WebPage","@id":"https:\/\/www.ghostysky.com\/product\/geosun-gs-2000r\/","url":"https:\/\/www.ghostysky.com\/product\/geosun-gs-2000r\/","name":"Geosun GS-2000R - Ghostysky","isPartOf":{"@id":"https:\/\/www.ghostysky.com\/#website"},"primaryImageOfPage":{"@id":"https:\/\/www.ghostysky.com\/product\/geosun-gs-2000r\/#primaryimage"},"image":{"@id":"https:\/\/www.ghostysky.com\/product\/geosun-gs-2000r\/#primaryimage"},"thumbnailUrl":"https:\/\/www.ghostysky.com\/wp-content\/uploads\/2026\/05\/GH_Geosun-GS-2000R.png","datePublished":"2026-05-03T08:31:39+00:00","dateModified":"2026-05-08T16:06:42+00:00","description":"Le Geosun gAirHawk GS-2000R est un syst\u00e8me de balayage LiDAR haute performance \u00e0 longue port\u00e9e, con\u00e7u pour les lev\u00e9s a\u00e9riens professionnels. V\u00e9ritable fleuron de la gamme gAirHawk, il int\u00e8gre un capteur laser RIEGL pour une pr\u00e9cision topographique optimale, m\u00eame \u00e0 haute altitude et \u00e0 grande vitesse. Que vous cartographiez des for\u00eats denses, des lignes \u00e9lectriques complexes ou de vastes infrastructures urbaines, le GS-2000R est con\u00e7u pour g\u00e9rer les projets d&#039;envergure exigeant pr\u00e9cision et efficacit\u00e9.","breadcrumb":{"@id":"https:\/\/www.ghostysky.com\/product\/geosun-gs-2000r\/#breadcrumb"},"inLanguage":"fr-FR","potentialAction":[{"@type":"ReadAction","target":["https:\/\/www.ghostysky.com\/product\/geosun-gs-2000r\/"]}]},{"@type":"ImageObject","inLanguage":"fr-FR","@id":"https:\/\/www.ghostysky.com\/product\/geosun-gs-2000r\/#primaryimage","url":"https:\/\/www.ghostysky.com\/wp-content\/uploads\/2026\/05\/GH_Geosun-GS-2000R.png","contentUrl":"https:\/\/www.ghostysky.com\/wp-content\/uploads\/2026\/05\/GH_Geosun-GS-2000R.png","width":1200,"height":844},{"@type":"BreadcrumbList","@id":"https:\/\/www.ghostysky.com\/product\/geosun-gs-2000r\/#breadcrumb","itemListElement":[{"@type":"ListItem","position":1,"name":"Home","item":"https:\/\/www.ghostysky.com\/"},{"@type":"ListItem","position":2,"name":"Shop","item":"https:\/\/www.ghostysky.com\/shop\/"},{"@type":"ListItem","position":3,"name":"Geosun GS-2000R"}]},{"@type":"WebSite","@id":"https:\/\/www.ghostysky.com\/#website","url":"https:\/\/www.ghostysky.com\/","name":"Ghostysky","description":"Fourniture de solutions professionnelles en mati\u00e8re de drones et de robotique","publisher":{"@id":"https:\/\/www.ghostysky.com\/#organization"},"potentialAction":[{"@type":"SearchAction","target":{"@type":"EntryPoint","urlTemplate":"https:\/\/www.ghostysky.com\/?s={search_term_string}"},"query-input":{"@type":"PropertyValueSpecification","valueRequired":true,"valueName":"search_term_string"}}],"inLanguage":"fr-FR"},{"@type":"Organization","@id":"https:\/\/www.ghostysky.com\/#organization","name":"Ghostysky","url":"https:\/\/www.ghostysky.com\/","logo":{"@type":"ImageObject","inLanguage":"fr-FR","@id":"https:\/\/www.ghostysky.com\/#\/schema\/logo\/image\/","url":"https:\/\/www.ghostysky.com\/wp-content\/uploads\/2020\/06\/cropped-ghostyskylogo_text_white2.png","contentUrl":"https:\/\/www.ghostysky.com\/wp-content\/uploads\/2020\/06\/cropped-ghostyskylogo_text_white2.png","width":169,"height":56,"caption":"Ghostysky"},"image":{"@id":"https:\/\/www.ghostysky.com\/#\/schema\/logo\/image\/"},"sameAs":["https:\/\/www.facebook.com\/people\/Ghostysky\/100057676170234\/","https:\/\/x.com\/Gh0stysky","https:\/\/www.linkedin.com\/company\/34739653","https:\/\/www.instagram.com\/gh0stysky"]}]}},"_links":{"self":[{"href":"https:\/\/www.ghostysky.com\/fr\/wp-json\/wp\/v2\/product\/25994","targetHints":{"allow":["GET"]}}],"collection":[{"href":"https:\/\/www.ghostysky.com\/fr\/wp-json\/wp\/v2\/product"}],"about":[{"href":"https:\/\/www.ghostysky.com\/fr\/wp-json\/wp\/v2\/types\/product"}],"replies":[{"embeddable":true,"href":"https:\/\/www.ghostysky.com\/fr\/wp-json\/wp\/v2\/comments?post=25994"}],"version-history":[{"count":1,"href":"https:\/\/www.ghostysky.com\/fr\/wp-json\/wp\/v2\/product\/25994\/revisions"}],"predecessor-version":[{"id":26060,"href":"https:\/\/www.ghostysky.com\/fr\/wp-json\/wp\/v2\/product\/25994\/revisions\/26060"}],"wp:featuredmedia":[{"embeddable":true,"href":"https:\/\/www.ghostysky.com\/fr\/wp-json\/wp\/v2\/media\/26059"}],"wp:attachment":[{"href":"https:\/\/www.ghostysky.com\/fr\/wp-json\/wp\/v2\/media?parent=25994"}],"wp:term":[{"taxonomy":"product_brand","embeddable":true,"href":"https:\/\/www.ghostysky.com\/fr\/wp-json\/wp\/v2\/product_brand?post=25994"},{"taxonomy":"product_cat","embeddable":true,"href":"https:\/\/www.ghostysky.com\/fr\/wp-json\/wp\/v2\/product_cat?post=25994"},{"taxonomy":"product_tag","embeddable":true,"href":"https:\/\/www.ghostysky.com\/fr\/wp-json\/wp\/v2\/product_tag?post=25994"}],"curies":[{"name":"wp","href":"https:\/\/api.w.org\/{rel}","templated":true}]}}