{"id":26061,"date":"2026-05-08T16:11:01","date_gmt":"2026-05-08T16:11:01","guid":{"rendered":"https:\/\/www.ghostysky.com\/?post_type=product&#038;p=26061"},"modified":"2026-05-08T17:23:16","modified_gmt":"2026-05-08T17:23:16","slug":"geosun-gcollector-m302","status":"publish","type":"product","link":"https:\/\/www.ghostysky.com\/fr\/product\/geosun-gcollector-m302\/","title":{"rendered":"Geosun gCollector-M302"},"content":{"rendered":"<h3 data-path-to-node=\"3\">Caract\u00e9ristiques et avantages principaux<\/h3>\n<ul data-path-to-node=\"4\">\n<li>\n<p data-path-to-node=\"4,0,0\"><b data-path-to-node=\"4,0,0\" data-index-in-node=\"0\">Polyvalence multiplateforme\u00a0:<\/b> Qu&#039;il soit mont\u00e9 sur un <b data-path-to-node=\"4,0,0\" data-index-in-node=\"49\">UAV (drone)<\/b>, un <b data-path-to-node=\"4,0,0\" data-index-in-node=\"64\">v\u00e9hicule<\/b>, ou utilis\u00e9 comme un <b data-path-to-node=\"4,0,0\" data-index-in-node=\"86\">sac \u00e0 dos\/sac \u00e0 dos<\/b> L&#039;unit\u00e9 M302 s&#039;adapte au terrain et \u00e0 l&#039;\u00e9chelle de votre projet.<\/p>\n<\/li>\n<li>\n<p data-path-to-node=\"4,1,0\"><b data-path-to-node=\"4,1,0\" data-index-in-node=\"0\">Positionnement de haute pr\u00e9cision :<\/b> Dot\u00e9 d&#039;un \u00e9quipement de qualit\u00e9 tactique <b data-path-to-node=\"4,1,0\" data-index-in-node=\"58\">Unit\u00e9 de mesure inertielle (IMU)<\/b> et haut de gamme <b data-path-to-node=\"4,1,0\" data-index-in-node=\"77\">GNSS<\/b> r\u00e9cepteur, garantissant une pr\u00e9cision centim\u00e9trique m\u00eame dans des environnements complexes.<\/p>\n<\/li>\n<li>\n<p data-path-to-node=\"4,2,0\"><b data-path-to-node=\"4,2,0\" data-index-in-node=\"0\">Technologie \u00e0 triple retour\u00a0:<\/b> Sa p\u00e9n\u00e9tration sup\u00e9rieure \u00e0 travers la v\u00e9g\u00e9tation dense en fait un choix id\u00e9al pour la foresterie, les lev\u00e9s topographiques et l&#039;inspection des lignes \u00e9lectriques.<\/p>\n<\/li>\n<li>\n<p data-path-to-node=\"4,3,0\"><b data-path-to-node=\"4,3,0\" data-index-in-node=\"0\">Visualisation des donn\u00e9es en temps r\u00e9el\u00a0:<\/b> Compatible avec la suite logicielle propri\u00e9taire de Geosun, permettant aux op\u00e9rateurs de surveiller la qualit\u00e9 et la couverture du nuage de points pendant la mission.<\/p>\n<\/li>\n<li>\n<p data-path-to-node=\"4,4,0\"><b data-path-to-node=\"4,4,0\" data-index-in-node=\"0\">Imagerie int\u00e9gr\u00e9e\u00a0:<\/b> Prend en charge l&#039;int\u00e9gration de cam\u00e9ras externes pour la production de nuages de points 3D en couleurs r\u00e9elles, ajoutant une couche de contexte visuel \u00e0 vos jumeaux num\u00e9riques.<\/p>\n<\/li>\n<\/ul>\n<p>&nbsp;<\/p>\n<h3 data-path-to-node=\"6\"><\/h3>\n<h3 data-path-to-node=\"6\">Sp\u00e9cifications techniques<\/h3>\n<table class=\"pd-spec-table\">\n<tbody>\n<tr>\n<th>Composant<\/th>\n<th>Sp\u00e9cification<\/th>\n<\/tr>\n<tr>\n<td><strong>Param\u00e8tres de gCollector<\/strong><\/td>\n<td><\/td>\n<\/tr>\n<tr>\n<td>Processeur\/RAM<\/td>\n<td>13e g\u00e9n\u00e9ration Intel i9 \/ 96 Go DDR5<\/td>\n<\/tr>\n<tr>\n<td>Unit\u00e9 de traitement<\/td>\n<td>Prise en charge maximale de la carte graphique Nvidia RTX 4090<\/td>\n<\/tr>\n<tr>\n<td>Interface cam\u00e9ra<\/td>\n<td>Prise en charge maximale de 16 capteurs GMSL de 8 MP<\/td>\n<\/tr>\n<tr>\n<td>Interface LiDAR<\/td>\n<td>D\u00e9bit maximal de 10 connexions simultan\u00e9es \u00e0 1\u00a0000\u00a0Mbps<\/td>\n<\/tr>\n<tr>\n<td>Port s\u00e9rie<\/td>\n<td>Interface bidirectionnelle RS232\/422\/485<\/td>\n<\/tr>\n<tr>\n<td>CAN\/CANfd<\/td>\n<td>8 voies 8 Mbps<\/td>\n<\/tr>\n<tr>\n<td>USB<\/td>\n<td>6 ports USB 3.2<\/td>\n<\/tr>\n<tr>\n<td><strong>Unit\u00e9 LiDAR<\/strong><\/td>\n<td><\/td>\n<\/tr>\n<tr>\n<td>Plage de mesure<\/td>\n<td>Port\u00e9e de d\u00e9tection maximale de 300 m<\/td>\n<\/tr>\n<tr>\n<td>Pr\u00e9cision de la port\u00e9e<\/td>\n<td>1 cm<\/td>\n<\/tr>\n<tr>\n<td>Classe laser<\/td>\n<td>950 nm Classe 1 (IEC 60825-1:2014)<\/td>\n<\/tr>\n<tr>\n<td>Retour<\/td>\n<td>3 \u00c9chos<\/td>\n<\/tr>\n<tr>\n<td>D\u00e9bit de donn\u00e9es<\/td>\n<td>1 920 000,00 pts\/s<\/td>\n<\/tr>\n<tr>\n<td>Champ de vision<\/td>\n<td>360\u00b0\/40,3\u00b0<\/td>\n<\/tr>\n<tr>\n<td><strong>Unit\u00e9 de point de vente<\/strong><\/td>\n<td><\/td>\n<\/tr>\n<tr>\n<td>Fr\u00e9quence de mise \u00e0 jour<\/td>\n<td>200 Hz<\/td>\n<\/tr>\n<tr>\n<td>Pr\u00e9cision du cap<\/td>\n<td>0,008\u00b0<\/td>\n<\/tr>\n<tr>\n<td>Pr\u00e9cision de la hauteur<\/td>\n<td>0,003\u00b0<\/td>\n<\/tr>\n<tr>\n<td>Pr\u00e9cision de roulement<\/td>\n<td>0,003\u00b0<\/td>\n<\/tr>\n<tr>\n<td>Pr\u00e9cision de la position<\/td>\n<td>Horizontal : 0,02 m, Vertical : 0,03 m<\/td>\n<\/tr>\n<tr>\n<td>Type de signal GNSS<\/td>\n<td>GPS L1\/L2\/L5, GLONASS L1\/L2, BDS B1\/B2\/B3, GAL E1\/E5a\/E5b<\/td>\n<\/tr>\n<tr>\n<td>Mod\u00e8le<\/td>\n<td>gSpin 510<\/td>\n<\/tr>\n<tr>\n<td><strong>Cam\u00e9ra<\/strong><\/td>\n<td><\/td>\n<\/tr>\n<tr>\n<td>Pixel effectif<\/td>\n<td>7* 5 m\u00e9gapixels<\/td>\n<\/tr>\n<tr>\n<td>D\u00e9lai d&#039;exposition<\/td>\n<td>25 \u00b5s ~ 2,5 s<\/td>\n<\/tr>\n<tr>\n<td>Fr\u00e9quence d&#039;images maximale<\/td>\n<td>30 images par seconde<\/td>\n<\/tr>\n<\/tbody>\n<\/table>\n<p>&nbsp;<\/p>\n<h3 data-path-to-node=\"9\"><\/h3>\n<h3 data-path-to-node=\"9\">Applications principales<\/h3>\n<blockquote data-path-to-node=\"10\">\n<p data-path-to-node=\"10,0\"><b data-path-to-node=\"10,0\" data-index-in-node=\"0\">\u201c Le gCollector-M302 transforme des heures de lev\u00e9s topographiques traditionnels en quelques minutes de capture num\u00e9rique. \u201d<\/b><\/p>\n<\/blockquote>\n<ol start=\"1\" data-path-to-node=\"11\">\n<li>\n<p data-path-to-node=\"11,0,0\"><b data-path-to-node=\"11,0,0\" data-index-in-node=\"0\">Cartographie topographique :<\/b> G\u00e9n\u00e9rez rapidement des mod\u00e8les num\u00e9riques d&#039;\u00e9l\u00e9vation (MNE) et des mod\u00e8les num\u00e9riques de surface (MNS).<\/p>\n<\/li>\n<li>\n<p data-path-to-node=\"11,1,0\"><b data-path-to-node=\"11,1,0\" data-index-in-node=\"0\">Inspection des infrastructures :<\/b> Mod\u00e9lisation 3D d\u00e9taill\u00e9e des ponts, autoroutes et tunnels pour la maintenance et les flux de travail BIM.<\/p>\n<\/li>\n<li>\n<p data-path-to-node=\"11,2,0\"><b data-path-to-node=\"11,2,0\" data-index-in-node=\"0\">Inspection des lignes \u00e9lectriques :<\/b> Extraction automatique des c\u00e2bles des lignes \u00e9lectriques et analyse des d\u00e9gagements.<\/p>\n<\/li>\n<li>\n<p data-path-to-node=\"11,3,0\"><b data-path-to-node=\"11,3,0\" data-index-in-node=\"0\">Gestion foresti\u00e8re :<\/b> Mesurez la hauteur des arbres, la densit\u00e9 de la canop\u00e9e et la biomasse gr\u00e2ce \u00e0 des impulsions laser \u00e0 haute p\u00e9n\u00e9tration.<\/p>\n<\/li>\n<li>\n<p data-path-to-node=\"11,4,0\"><b data-path-to-node=\"11,4,0\" data-index-in-node=\"0\">Urbanisme :<\/b> Capturez rapidement les donn\u00e9es \u201c telles que construites \u201d pour les initiatives de villes intelligentes et la cartographie des rues.<\/p>\n<\/li>\n<\/ol>\n<p>&nbsp;<\/p>\n<h3 data-path-to-node=\"13\"><\/h3>\n<h3 data-path-to-node=\"13\">Pourquoi choisir le M302 ?<\/h3>\n<p data-path-to-node=\"14\">Le <b data-path-to-node=\"14\" data-index-in-node=\"4\">Geosun gCollector-M302<\/b> se distingue par son <b data-path-to-node=\"14\" data-index-in-node=\"46\">\u00e9quilibre du poids et de la port\u00e9e<\/b>. Alors que de nombreux scanners l\u00e9gers sacrifient la port\u00e9e, le M302 conserve une capacit\u00e9 longue port\u00e9e permettant des altitudes de vol plus \u00e9lev\u00e9es (am\u00e9liorant la s\u00e9curit\u00e9 et la zone de couverture) sans compromettre la densit\u00e9 du nuage de points. C&#039;est un v\u00e9ritable outil de travail pour les g\u00e9om\u00e8tres qui ont besoin d&#039;un instrument fiable et polyvalent pour faire face \u00e0 des environnements vari\u00e9s.<\/p>","protected":false},"excerpt":{"rendered":"<p>Le <b data-path-to-node=\"1\" data-index-in-node=\"4\">Geosun gCollector-M302<\/b> Le M302 est un syst\u00e8me de num\u00e9risation LiDAR mobile multiplateforme de qualit\u00e9 professionnelle, con\u00e7u pour l&#039;acquisition de donn\u00e9es g\u00e9ospatiales haute performance. Alliant portabilit\u00e9 et puissance, le M302 int\u00e8gre la num\u00e9risation laser haute r\u00e9solution, le positionnement pr\u00e9cis et l&#039;imagerie dans une seule unit\u00e9 compacte.<\/p>","protected":false},"featured_media":26062,"comment_status":"open","ping_status":"closed","template":"","meta":[],"product_brand":[],"product_cat":[650,705],"product_tag":[651,1451,401],"class_list":{"0":"post-26061","1":"product","2":"type-product","3":"status-publish","4":"has-post-thumbnail","6":"product_cat-geosun","7":"product_cat-sensors","8":"product_tag-geosun","9":"product_tag-gs-2000r","10":"product_tag-lidar","12":"first","13":"onbackorder","14":"taxable","15":"shipping-taxable","16":"product-type-simple"},"yoast_head":"<!-- This site is optimized with the Yoast SEO plugin v27.4 - https:\/\/yoast.com\/product\/yoast-seo-wordpress\/ -->\n<title>Geosun gCollector-M302 - Ghostysky<\/title>\n<meta name=\"description\" content=\"The Geosun gCollector-M302 is a professional-grade, multi-platform mobile LiDAR scanning system designed for high-efficiency geospatial data acquisition. Engineered to bridge the gap between portability and power, the M302 integrates high-resolution laser scanning, precise positioning, and imaging capabilities into a single, compact unit.\" \/>\n<meta name=\"robots\" content=\"index, follow, max-snippet:-1, max-image-preview:large, max-video-preview:-1\" \/>\n<link rel=\"canonical\" href=\"https:\/\/www.ghostysky.com\/fr\/product\/geosun-gcollector-m302\/\" \/>\n<meta property=\"og:locale\" content=\"fr_FR\" \/>\n<meta property=\"og:type\" content=\"article\" \/>\n<meta property=\"og:title\" content=\"Geosun gCollector-M302 - Ghostysky\" \/>\n<meta property=\"og:description\" content=\"The Geosun gCollector-M302 is a professional-grade, multi-platform mobile LiDAR scanning system designed for high-efficiency geospatial data acquisition. Engineered to bridge the gap between portability and power, the M302 integrates high-resolution laser scanning, precise positioning, and imaging capabilities into a single, compact unit.\" \/>\n<meta property=\"og:url\" content=\"https:\/\/www.ghostysky.com\/fr\/product\/geosun-gcollector-m302\/\" \/>\n<meta property=\"og:site_name\" content=\"Ghostysky\" \/>\n<meta property=\"article:publisher\" content=\"https:\/\/www.facebook.com\/people\/Ghostysky\/100057676170234\/\" \/>\n<meta property=\"article:modified_time\" content=\"2026-05-08T17:23:16+00:00\" \/>\n<meta property=\"og:image\" content=\"https:\/\/www.ghostysky.com\/wp-content\/uploads\/2026\/05\/GH_Geosun_gCollector-M302.webp\" \/>\n\t<meta property=\"og:image:width\" content=\"400\" \/>\n\t<meta property=\"og:image:height\" content=\"400\" \/>\n\t<meta property=\"og:image:type\" content=\"image\/webp\" \/>\n<meta name=\"twitter:card\" content=\"summary_large_image\" \/>\n<meta name=\"twitter:site\" content=\"@Gh0stysky\" \/>\n<meta name=\"twitter:label1\" content=\"Dur\u00e9e de lecture estim\u00e9e\" \/>\n\t<meta name=\"twitter:data1\" content=\"2 minutes\" \/>\n<script type=\"application\/ld+json\" class=\"yoast-schema-graph\">{\"@context\":\"https:\\\/\\\/schema.org\",\"@graph\":[{\"@type\":\"WebPage\",\"@id\":\"https:\\\/\\\/www.ghostysky.com\\\/product\\\/geosun-gcollector-m302\\\/\",\"url\":\"https:\\\/\\\/www.ghostysky.com\\\/product\\\/geosun-gcollector-m302\\\/\",\"name\":\"Geosun gCollector-M302 - Ghostysky\",\"isPartOf\":{\"@id\":\"https:\\\/\\\/www.ghostysky.com\\\/#website\"},\"primaryImageOfPage\":{\"@id\":\"https:\\\/\\\/www.ghostysky.com\\\/product\\\/geosun-gcollector-m302\\\/#primaryimage\"},\"image\":{\"@id\":\"https:\\\/\\\/www.ghostysky.com\\\/product\\\/geosun-gcollector-m302\\\/#primaryimage\"},\"thumbnailUrl\":\"https:\\\/\\\/www.ghostysky.com\\\/wp-content\\\/uploads\\\/2026\\\/05\\\/GH_Geosun_gCollector-M302.webp\",\"datePublished\":\"2026-05-08T16:11:01+00:00\",\"dateModified\":\"2026-05-08T17:23:16+00:00\",\"description\":\"The Geosun gCollector-M302 is a professional-grade, multi-platform mobile LiDAR scanning system designed for high-efficiency geospatial data acquisition. Engineered to bridge the gap between portability and power, the M302 integrates high-resolution laser scanning, precise positioning, and imaging capabilities into a single, compact unit.\",\"breadcrumb\":{\"@id\":\"https:\\\/\\\/www.ghostysky.com\\\/product\\\/geosun-gcollector-m302\\\/#breadcrumb\"},\"inLanguage\":\"fr-FR\",\"potentialAction\":[{\"@type\":\"ReadAction\",\"target\":[\"https:\\\/\\\/www.ghostysky.com\\\/product\\\/geosun-gcollector-m302\\\/\"]}]},{\"@type\":\"ImageObject\",\"inLanguage\":\"fr-FR\",\"@id\":\"https:\\\/\\\/www.ghostysky.com\\\/product\\\/geosun-gcollector-m302\\\/#primaryimage\",\"url\":\"https:\\\/\\\/www.ghostysky.com\\\/wp-content\\\/uploads\\\/2026\\\/05\\\/GH_Geosun_gCollector-M302.webp\",\"contentUrl\":\"https:\\\/\\\/www.ghostysky.com\\\/wp-content\\\/uploads\\\/2026\\\/05\\\/GH_Geosun_gCollector-M302.webp\",\"width\":400,\"height\":400},{\"@type\":\"BreadcrumbList\",\"@id\":\"https:\\\/\\\/www.ghostysky.com\\\/product\\\/geosun-gcollector-m302\\\/#breadcrumb\",\"itemListElement\":[{\"@type\":\"ListItem\",\"position\":1,\"name\":\"Home\",\"item\":\"https:\\\/\\\/www.ghostysky.com\\\/\"},{\"@type\":\"ListItem\",\"position\":2,\"name\":\"Shop\",\"item\":\"https:\\\/\\\/www.ghostysky.com\\\/shop\\\/\"},{\"@type\":\"ListItem\",\"position\":3,\"name\":\"Geosun gCollector-M302\"}]},{\"@type\":\"WebSite\",\"@id\":\"https:\\\/\\\/www.ghostysky.com\\\/#website\",\"url\":\"https:\\\/\\\/www.ghostysky.com\\\/\",\"name\":\"Ghostysky\",\"description\":\"Delivering professional drones and robotics solutions\",\"publisher\":{\"@id\":\"https:\\\/\\\/www.ghostysky.com\\\/#organization\"},\"potentialAction\":[{\"@type\":\"SearchAction\",\"target\":{\"@type\":\"EntryPoint\",\"urlTemplate\":\"https:\\\/\\\/www.ghostysky.com\\\/?s={search_term_string}\"},\"query-input\":{\"@type\":\"PropertyValueSpecification\",\"valueRequired\":true,\"valueName\":\"search_term_string\"}}],\"inLanguage\":\"fr-FR\"},{\"@type\":\"Organization\",\"@id\":\"https:\\\/\\\/www.ghostysky.com\\\/#organization\",\"name\":\"Ghostysky\",\"url\":\"https:\\\/\\\/www.ghostysky.com\\\/\",\"logo\":{\"@type\":\"ImageObject\",\"inLanguage\":\"fr-FR\",\"@id\":\"https:\\\/\\\/www.ghostysky.com\\\/#\\\/schema\\\/logo\\\/image\\\/\",\"url\":\"https:\\\/\\\/www.ghostysky.com\\\/wp-content\\\/uploads\\\/2020\\\/06\\\/cropped-ghostyskylogo_text_white2.png\",\"contentUrl\":\"https:\\\/\\\/www.ghostysky.com\\\/wp-content\\\/uploads\\\/2020\\\/06\\\/cropped-ghostyskylogo_text_white2.png\",\"width\":169,\"height\":56,\"caption\":\"Ghostysky\"},\"image\":{\"@id\":\"https:\\\/\\\/www.ghostysky.com\\\/#\\\/schema\\\/logo\\\/image\\\/\"},\"sameAs\":[\"https:\\\/\\\/www.facebook.com\\\/people\\\/Ghostysky\\\/100057676170234\\\/\",\"https:\\\/\\\/x.com\\\/Gh0stysky\",\"https:\\\/\\\/www.linkedin.com\\\/company\\\/34739653\",\"https:\\\/\\\/www.instagram.com\\\/gh0stysky\"]}]}<\/script>\n<!-- \/ Yoast SEO plugin. -->","yoast_head_json":{"title":"Geosun gCollector-M302 - Ghostysky","description":"Le Geosun gCollector-M302 est un syst\u00e8me de num\u00e9risation LiDAR mobile multiplateforme de qualit\u00e9 professionnelle, con\u00e7u pour l&#039;acquisition de donn\u00e9es g\u00e9ospatiales haute performance. Alliant portabilit\u00e9 et puissance, le M302 int\u00e8gre la num\u00e9risation laser haute r\u00e9solution, le positionnement pr\u00e9cis et l&#039;imagerie dans une seule unit\u00e9 compacte.","robots":{"index":"index","follow":"follow","max-snippet":"max-snippet:-1","max-image-preview":"max-image-preview:large","max-video-preview":"max-video-preview:-1"},"canonical":"https:\/\/www.ghostysky.com\/fr\/product\/geosun-gcollector-m302\/","og_locale":"fr_FR","og_type":"article","og_title":"Geosun gCollector-M302 - Ghostysky","og_description":"The Geosun gCollector-M302 is a professional-grade, multi-platform mobile LiDAR scanning system designed for high-efficiency geospatial data acquisition. Engineered to bridge the gap between portability and power, the M302 integrates high-resolution laser scanning, precise positioning, and imaging capabilities into a single, compact unit.","og_url":"https:\/\/www.ghostysky.com\/fr\/product\/geosun-gcollector-m302\/","og_site_name":"Ghostysky","article_publisher":"https:\/\/www.facebook.com\/people\/Ghostysky\/100057676170234\/","article_modified_time":"2026-05-08T17:23:16+00:00","og_image":[{"width":400,"height":400,"url":"https:\/\/www.ghostysky.com\/wp-content\/uploads\/2026\/05\/GH_Geosun_gCollector-M302.webp","type":"image\/webp"}],"twitter_card":"summary_large_image","twitter_site":"@Gh0stysky","twitter_misc":{"Dur\u00e9e de lecture estim\u00e9e":"2 minutes"},"schema":{"@context":"https:\/\/schema.org","@graph":[{"@type":"WebPage","@id":"https:\/\/www.ghostysky.com\/product\/geosun-gcollector-m302\/","url":"https:\/\/www.ghostysky.com\/product\/geosun-gcollector-m302\/","name":"Geosun gCollector-M302 - Ghostysky","isPartOf":{"@id":"https:\/\/www.ghostysky.com\/#website"},"primaryImageOfPage":{"@id":"https:\/\/www.ghostysky.com\/product\/geosun-gcollector-m302\/#primaryimage"},"image":{"@id":"https:\/\/www.ghostysky.com\/product\/geosun-gcollector-m302\/#primaryimage"},"thumbnailUrl":"https:\/\/www.ghostysky.com\/wp-content\/uploads\/2026\/05\/GH_Geosun_gCollector-M302.webp","datePublished":"2026-05-08T16:11:01+00:00","dateModified":"2026-05-08T17:23:16+00:00","description":"Le Geosun gCollector-M302 est un syst\u00e8me de num\u00e9risation LiDAR mobile multiplateforme de qualit\u00e9 professionnelle, con\u00e7u pour l&#039;acquisition de donn\u00e9es g\u00e9ospatiales haute performance. Alliant portabilit\u00e9 et puissance, le M302 int\u00e8gre la num\u00e9risation laser haute r\u00e9solution, le positionnement pr\u00e9cis et l&#039;imagerie dans une seule unit\u00e9 compacte.","breadcrumb":{"@id":"https:\/\/www.ghostysky.com\/product\/geosun-gcollector-m302\/#breadcrumb"},"inLanguage":"fr-FR","potentialAction":[{"@type":"ReadAction","target":["https:\/\/www.ghostysky.com\/product\/geosun-gcollector-m302\/"]}]},{"@type":"ImageObject","inLanguage":"fr-FR","@id":"https:\/\/www.ghostysky.com\/product\/geosun-gcollector-m302\/#primaryimage","url":"https:\/\/www.ghostysky.com\/wp-content\/uploads\/2026\/05\/GH_Geosun_gCollector-M302.webp","contentUrl":"https:\/\/www.ghostysky.com\/wp-content\/uploads\/2026\/05\/GH_Geosun_gCollector-M302.webp","width":400,"height":400},{"@type":"BreadcrumbList","@id":"https:\/\/www.ghostysky.com\/product\/geosun-gcollector-m302\/#breadcrumb","itemListElement":[{"@type":"ListItem","position":1,"name":"Home","item":"https:\/\/www.ghostysky.com\/"},{"@type":"ListItem","position":2,"name":"Shop","item":"https:\/\/www.ghostysky.com\/shop\/"},{"@type":"ListItem","position":3,"name":"Geosun gCollector-M302"}]},{"@type":"WebSite","@id":"https:\/\/www.ghostysky.com\/#website","url":"https:\/\/www.ghostysky.com\/","name":"Ghostysky","description":"Fourniture de solutions professionnelles en mati\u00e8re de drones et de robotique","publisher":{"@id":"https:\/\/www.ghostysky.com\/#organization"},"potentialAction":[{"@type":"SearchAction","target":{"@type":"EntryPoint","urlTemplate":"https:\/\/www.ghostysky.com\/?s={search_term_string}"},"query-input":{"@type":"PropertyValueSpecification","valueRequired":true,"valueName":"search_term_string"}}],"inLanguage":"fr-FR"},{"@type":"Organization","@id":"https:\/\/www.ghostysky.com\/#organization","name":"Ghostysky","url":"https:\/\/www.ghostysky.com\/","logo":{"@type":"ImageObject","inLanguage":"fr-FR","@id":"https:\/\/www.ghostysky.com\/#\/schema\/logo\/image\/","url":"https:\/\/www.ghostysky.com\/wp-content\/uploads\/2020\/06\/cropped-ghostyskylogo_text_white2.png","contentUrl":"https:\/\/www.ghostysky.com\/wp-content\/uploads\/2020\/06\/cropped-ghostyskylogo_text_white2.png","width":169,"height":56,"caption":"Ghostysky"},"image":{"@id":"https:\/\/www.ghostysky.com\/#\/schema\/logo\/image\/"},"sameAs":["https:\/\/www.facebook.com\/people\/Ghostysky\/100057676170234\/","https:\/\/x.com\/Gh0stysky","https:\/\/www.linkedin.com\/company\/34739653","https:\/\/www.instagram.com\/gh0stysky"]}]}},"_links":{"self":[{"href":"https:\/\/www.ghostysky.com\/fr\/wp-json\/wp\/v2\/product\/26061","targetHints":{"allow":["GET"]}}],"collection":[{"href":"https:\/\/www.ghostysky.com\/fr\/wp-json\/wp\/v2\/product"}],"about":[{"href":"https:\/\/www.ghostysky.com\/fr\/wp-json\/wp\/v2\/types\/product"}],"replies":[{"embeddable":true,"href":"https:\/\/www.ghostysky.com\/fr\/wp-json\/wp\/v2\/comments?post=26061"}],"version-history":[{"count":2,"href":"https:\/\/www.ghostysky.com\/fr\/wp-json\/wp\/v2\/product\/26061\/revisions"}],"predecessor-version":[{"id":26065,"href":"https:\/\/www.ghostysky.com\/fr\/wp-json\/wp\/v2\/product\/26061\/revisions\/26065"}],"wp:featuredmedia":[{"embeddable":true,"href":"https:\/\/www.ghostysky.com\/fr\/wp-json\/wp\/v2\/media\/26062"}],"wp:attachment":[{"href":"https:\/\/www.ghostysky.com\/fr\/wp-json\/wp\/v2\/media?parent=26061"}],"wp:term":[{"taxonomy":"product_brand","embeddable":true,"href":"https:\/\/www.ghostysky.com\/fr\/wp-json\/wp\/v2\/product_brand?post=26061"},{"taxonomy":"product_cat","embeddable":true,"href":"https:\/\/www.ghostysky.com\/fr\/wp-json\/wp\/v2\/product_cat?post=26061"},{"taxonomy":"product_tag","embeddable":true,"href":"https:\/\/www.ghostysky.com\/fr\/wp-json\/wp\/v2\/product_tag?post=26061"}],"curies":[{"name":"wp","href":"https:\/\/api.w.org\/{rel}","templated":true}]}}