{"id":26063,"date":"2026-05-08T17:23:06","date_gmt":"2026-05-08T17:23:06","guid":{"rendered":"https:\/\/www.ghostysky.com\/?post_type=product&#038;p=26063"},"modified":"2026-05-08T17:30:12","modified_gmt":"2026-05-08T17:30:12","slug":"geosun-gcollector-m502","status":"publish","type":"product","link":"https:\/\/www.ghostysky.com\/fr\/product\/geosun-gcollector-m502\/","title":{"rendered":"Geosun gCollector-M502"},"content":{"rendered":"<h3 data-path-to-node=\"3\">Capacit\u00e9s de base<\/h3>\n<ul data-path-to-node=\"4\">\n<li>\n<p id=\"p-rc_a2ba315b96ab76cb-55\" data-path-to-node=\"4,0,0\"><b data-path-to-node=\"4,0,0\" data-index-in-node=\"0\"><span class=\"citation-61\">Pr\u00e9cision au centim\u00e8tre pr\u00e8s :<\/span><\/b><span class=\"citation-61\"> En combinant GNSS, IMU et capteurs de roue (odom\u00e8tres), le syst\u00e8me maintient une pr\u00e9cision horizontale de <\/span><b data-path-to-node=\"4,0,0\" data-index-in-node=\"127\"><span class=\"citation-61\">0,02 m<\/span><\/b><span class=\"citation-61\"> et la pr\u00e9cision verticale de <\/span><b data-path-to-node=\"4,0,0\" data-index-in-node=\"158\"><span class=\"citation-61\">0,03 m<\/span><\/b><span class=\"citation-61 citation-end-61\">, m\u00eame dans les \u201c canyons \u201d urbains difficiles.\u201d<\/span><\/p>\n<\/li>\n<li>\n<p id=\"p-rc_a2ba315b96ab76cb-56\" data-path-to-node=\"4,1,0\"><b data-path-to-node=\"4,1,0\" data-index-in-node=\"0\">Vision et balayage \u00e0 360\u00b0 :<\/b><span class=\"citation-60 citation-end-60\"> Il est dot\u00e9 d&#039;un syst\u00e8me de cam\u00e9ra panoramique de qualit\u00e9 topographique (g\u00e9n\u00e9ralement 7\u00d75 MP) et d&#039;une unit\u00e9 LiDAR avec un champ de vision horizontal de 360\u00b0, garantissant l&#039;absence d&#039;angles morts lors de la collecte.<\/span><\/p>\n<\/li>\n<li>\n<p id=\"p-rc_a2ba315b96ab76cb-57\" data-path-to-node=\"4,2,0\"><b data-path-to-node=\"4,2,0\" data-index-in-node=\"0\">Performances refus\u00e9es par le GNSS\u00a0:<\/b><span class=\"citation-59\"> Il utilise <\/span><b data-path-to-node=\"4,2,0\" data-index-in-node=\"37\"><span class=\"citation-59\">SLAM (localisation et cartographie simultan\u00e9es)<\/span><\/b><span class=\"citation-59 citation-end-59\"> des technologies et des algorithmes intelligents pour assurer une collecte de donn\u00e9es pr\u00e9cise dans les tunnels, les garages souterrains ou sous une \u00e9paisse couverture arbor\u00e9e.<\/span><\/p>\n<\/li>\n<li>\n<p id=\"p-rc_a2ba315b96ab76cb-58\" data-path-to-node=\"4,3,0\"><b data-path-to-node=\"4,3,0\" data-index-in-node=\"0\">Puissance de traitement haut de gamme\u00a0:<\/b><span class=\"citation-58\"> Contrairement \u00e0 de nombreux mod\u00e8les d&#039;entr\u00e9e de gamme, il est \u00e9quip\u00e9 d&#039;un syst\u00e8me embarqu\u00e9. <\/span><b data-path-to-node=\"4,3,0\" data-index-in-node=\"80\"><span class=\"citation-58\">Intel i9 de 13e g\u00e9n\u00e9ration<\/span><\/b><span class=\"citation-58\"> processeur et prend en charge les GPU haut de gamme (comme le <\/span><b data-path-to-node=\"4,3,0\" data-index-in-node=\"145\"><span class=\"citation-58\">RTX 4090<\/span><\/b><span class=\"citation-58 citation-end-58\">) pour le traitement des donn\u00e9es en temps r\u00e9el.<\/span><\/p>\n<div class=\"source-inline-chip-container ng-star-inserted\"><\/div>\n<p>&nbsp;<\/li>\n<\/ul>\n<h3 data-path-to-node=\"6\">Sp\u00e9cifications techniques<\/h3>\n<table class=\"pd-spec-table\">\n<tbody>\n<tr>\n<th>Composant<\/th>\n<th>Sp\u00e9cification<\/th>\n<\/tr>\n<tr>\n<td><strong>Param\u00e8tres de gCollector<\/strong><\/td>\n<td><\/td>\n<\/tr>\n<tr>\n<td>Processeur\/RAM<\/td>\n<td>13e g\u00e9n\u00e9ration Intel i9 \/ 96 Go DDR5<\/td>\n<\/tr>\n<tr>\n<td>Unit\u00e9 de traitement<\/td>\n<td>Prise en charge maximale de la carte graphique Nvidia RTX 4090<\/td>\n<\/tr>\n<tr>\n<td>Interface cam\u00e9ra<\/td>\n<td>Prise en charge maximale de 16 capteurs GMSL de 8 MP<\/td>\n<\/tr>\n<tr>\n<td>Interface LiDAR<\/td>\n<td>D\u00e9bit maximal de 10 connexions simultan\u00e9es \u00e0 1\u00a0000\u00a0Mbps<\/td>\n<\/tr>\n<tr>\n<td>Port s\u00e9rie<\/td>\n<td>Interface bidirectionnelle RS232\/422\/485<\/td>\n<\/tr>\n<tr>\n<td>CAN\/CANfd<\/td>\n<td>8 voies 8 Mbps<\/td>\n<\/tr>\n<tr>\n<td>USB<\/td>\n<td>6 ports USB 3.2<\/td>\n<\/tr>\n<tr>\n<td><strong>Unit\u00e9 LiDAR<\/strong><\/td>\n<td><\/td>\n<\/tr>\n<tr>\n<td>Plage de mesure<\/td>\n<td>Port\u00e9e de d\u00e9tection maximale de 300 m<\/td>\n<\/tr>\n<tr>\n<td>Pr\u00e9cision de la port\u00e9e<\/td>\n<td>1 cm<\/td>\n<\/tr>\n<tr>\n<td>Classe laser<\/td>\n<td>950 nm Classe 1 (IEC 60825-1:2014)<\/td>\n<\/tr>\n<tr>\n<td>Retour<\/td>\n<td>3 \u00c9chos<\/td>\n<\/tr>\n<tr>\n<td>D\u00e9bit de donn\u00e9es<\/td>\n<td>1 920 000,00 pts\/s<\/td>\n<\/tr>\n<tr>\n<td>Champ de vision<\/td>\n<td>360\u00b0\/40,3\u00b0<\/td>\n<\/tr>\n<tr>\n<td><strong>Unit\u00e9 de point de vente<\/strong><\/td>\n<td><\/td>\n<\/tr>\n<tr>\n<td>Fr\u00e9quence de mise \u00e0 jour<\/td>\n<td>200 Hz<\/td>\n<\/tr>\n<tr>\n<td>Pr\u00e9cision du cap<\/td>\n<td>0,008\u00b0<\/td>\n<\/tr>\n<tr>\n<td>Pr\u00e9cision de la hauteur<\/td>\n<td>0,003\u00b0<\/td>\n<\/tr>\n<tr>\n<td>Pr\u00e9cision de roulement<\/td>\n<td>0,003\u00b0<\/td>\n<\/tr>\n<tr>\n<td>Pr\u00e9cision de la position<\/td>\n<td>Horizontal : 0,02 m, Vertical : 0,03 m<\/td>\n<\/tr>\n<tr>\n<td>Type de signal GNSS<\/td>\n<td>GPS L1\/L2\/L5, GLONASS L1\/L2, BDS B1\/B2\/B3, GAL E1\/E5a\/E5b<\/td>\n<\/tr>\n<tr>\n<td>Mod\u00e8le<\/td>\n<td>gSpin 510<\/td>\n<\/tr>\n<tr>\n<td><strong>Cam\u00e9ra<\/strong><\/td>\n<td><\/td>\n<\/tr>\n<tr>\n<td>Pixel effectif<\/td>\n<td>7* 5 m\u00e9gapixels<\/td>\n<\/tr>\n<tr>\n<td>D\u00e9lai d&#039;exposition<\/td>\n<td>25 \u00b5s ~ 2,5 s<\/td>\n<\/tr>\n<tr>\n<td>Fr\u00e9quence d&#039;images maximale<\/td>\n<td>30 images par seconde<\/td>\n<\/tr>\n<\/tbody>\n<\/table>\n<p>&nbsp;<\/p>\n<p>&nbsp;<\/p>\n<h3 data-path-to-node=\"9\">Applications typiques<\/h3>\n<p data-path-to-node=\"10\">La M502 est con\u00e7ue pour les projets \u00e0 grande \u00e9chelle industrielle o\u00f9 la vitesse et la pr\u00e9cision sont non n\u00e9gociables\u00a0:<\/p>\n<ol start=\"1\" data-path-to-node=\"11\">\n<li>\n<p data-path-to-node=\"11,0,0\"><b data-path-to-node=\"11,0,0\" data-index-in-node=\"0\">Mod\u00e9lisation 3D urbaine\u00a0:<\/b> Cr\u00e9ation de jumeaux num\u00e9riques haute fid\u00e9lit\u00e9 d&#039;\u00eelots urbains entiers.<\/p>\n<\/li>\n<li>\n<p id=\"p-rc_a2ba315b96ab76cb-59\" data-path-to-node=\"11,1,0\"><b data-path-to-node=\"11,1,0\" data-index-in-node=\"0\"><span class=\"citation-57\">Recensement du patrimoine routier :<\/span><\/b><span class=\"citation-57 citation-end-57\"> Identification et cartographie automatiques des panneaux de signalisation, des lampadaires et des plaques d&#039;\u00e9gout.<\/span><\/p>\n<\/li>\n<li>\n<p id=\"p-rc_a2ba315b96ab76cb-60\" data-path-to-node=\"11,2,0\"><b data-path-to-node=\"11,2,0\" data-index-in-node=\"0\"><span class=\"citation-56\">Inspection des routes et des voies ferr\u00e9es :<\/span><\/b><span class=\"citation-56 citation-end-56\"> Surveillance de l&#039;\u00e9tat des voies ferr\u00e9es\/routes et d\u00e9tection des d\u00e9formations ou des besoins d&#039;entretien.<\/span><\/p>\n<\/li>\n<li>\n<p data-path-to-node=\"11,3,0\"><b data-path-to-node=\"11,3,0\" data-index-in-node=\"0\">\u00c9valuation des infrastructures :<\/b> Relev\u00e9s topographiques \u00e0 grande vitesse des ponts, des tunnels et des infrastructures de grande envergure.<\/p>\n<\/li>\n<\/ol>\n<p>&nbsp;<\/p>\n<h3 data-path-to-node=\"12\">Flux de travail logiciel<\/h3>\n<p data-path-to-node=\"13\">Le syst\u00e8me est fourni avec la suite logicielle propri\u00e9taire de Geosun\u00a0:<\/p>\n<ul data-path-to-node=\"14\">\n<li>\n<p id=\"p-rc_a2ba315b96ab76cb-61\" data-path-to-node=\"14,0,0\"><b data-path-to-node=\"14,0,0\" data-index-in-node=\"0\">Logiciel de point de vente\u00a0:<\/b><span class=\"citation-55 citation-end-55\"> Pour calculer des trajectoires et des attitudes pr\u00e9cises.<\/span><\/p>\n<\/li>\n<li>\n<p id=\"p-rc_a2ba315b96ab76cb-62\" data-path-to-node=\"14,1,0\"><b data-path-to-node=\"14,1,0\" data-index-in-node=\"0\">Cr\u00e9ateur de nuages de points\u00a0:<\/b><span class=\"citation-54\"> Pour g\u00e9n\u00e9rer et coloriser les nuages de points bruts (prenant en charge les formats standards comme <\/span><b data-path-to-node=\"14,1,0\" data-index-in-node=\"104\"><span class=\"citation-54\">.LAS<\/span><\/b><span class=\"citation-54 citation-end-54\">).<\/span><\/p>\n<\/li>\n<\/ul>","protected":false},"excerpt":{"rendered":"<p><span class=\"citation-63\">Le <\/span><b data-path-to-node=\"0\" data-index-in-node=\"4\"><span class=\"citation-63\">Geosun gCollector-M502<\/span><\/b><span class=\"citation-63 citation-end-63\"> est un syst\u00e8me de capture de r\u00e9alit\u00e9 mobile de qualit\u00e9 professionnelle, con\u00e7u pour la cartographie routi\u00e8re et urbaine de haute pr\u00e9cision.<\/span> <span class=\"citation-62 citation-end-62\">Il s&#039;agit d&#039;un syst\u00e8me ultra-performant \u201c install\u00e9 sur le toit du v\u00e9hicule \u201d qui int\u00e8gre un LiDAR haut de gamme, l&#039;imagerie panoramique et des capteurs de positionnement avanc\u00e9s dans une seule unit\u00e9 mont\u00e9e sur le v\u00e9hicule.<\/span><\/p>","protected":false},"featured_media":26066,"comment_status":"open","ping_status":"closed","template":"","meta":[],"product_brand":[],"product_cat":[650,705],"product_tag":[651,1451,401],"class_list":{"0":"post-26063","1":"product","2":"type-product","3":"status-publish","4":"has-post-thumbnail","6":"product_cat-geosun","7":"product_cat-sensors","8":"product_tag-geosun","9":"product_tag-gs-2000r","10":"product_tag-lidar","12":"first","13":"onbackorder","14":"taxable","15":"shipping-taxable","16":"product-type-simple"},"yoast_head":"<!-- This site is optimized with the Yoast SEO plugin v27.4 - https:\/\/yoast.com\/product\/yoast-seo-wordpress\/ -->\n<title>Geosun gCollector-M502 - Ghostysky<\/title>\n<meta name=\"description\" content=\"The Geosun gCollector-M502 is a professional-grade, mobile reality capture system designed for high-precision road and urban mapping. It is a &quot;top-of-car&quot; powerhouse that integrates high-end LiDAR, panoramic imaging, and advanced positioning sensors into a single, vehicle-mounted unit.\" \/>\n<meta name=\"robots\" content=\"index, follow, max-snippet:-1, max-image-preview:large, max-video-preview:-1\" \/>\n<link rel=\"canonical\" href=\"https:\/\/www.ghostysky.com\/fr\/product\/geosun-gcollector-m502\/\" \/>\n<meta property=\"og:locale\" content=\"fr_FR\" \/>\n<meta property=\"og:type\" content=\"article\" \/>\n<meta property=\"og:title\" content=\"Geosun gCollector-M502 - Ghostysky\" \/>\n<meta property=\"og:description\" content=\"The Geosun gCollector-M502 is a professional-grade, mobile reality capture system designed for high-precision road and urban mapping. It is a &quot;top-of-car&quot; powerhouse that integrates high-end LiDAR, panoramic imaging, and advanced positioning sensors into a single, vehicle-mounted unit.\" \/>\n<meta property=\"og:url\" content=\"https:\/\/www.ghostysky.com\/fr\/product\/geosun-gcollector-m502\/\" \/>\n<meta property=\"og:site_name\" content=\"Ghostysky\" \/>\n<meta property=\"article:publisher\" content=\"https:\/\/www.facebook.com\/people\/Ghostysky\/100057676170234\/\" \/>\n<meta property=\"article:modified_time\" content=\"2026-05-08T17:30:12+00:00\" \/>\n<meta property=\"og:image\" content=\"https:\/\/www.ghostysky.com\/wp-content\/uploads\/2026\/05\/GH_Geosun_gCollector-M502.webp\" \/>\n\t<meta property=\"og:image:width\" content=\"400\" \/>\n\t<meta property=\"og:image:height\" content=\"400\" \/>\n\t<meta property=\"og:image:type\" content=\"image\/webp\" \/>\n<meta name=\"twitter:card\" content=\"summary_large_image\" \/>\n<meta name=\"twitter:site\" content=\"@Gh0stysky\" \/>\n<meta name=\"twitter:label1\" content=\"Dur\u00e9e de lecture estim\u00e9e\" \/>\n\t<meta name=\"twitter:data1\" content=\"2 minutes\" \/>\n<script type=\"application\/ld+json\" class=\"yoast-schema-graph\">{\"@context\":\"https:\\\/\\\/schema.org\",\"@graph\":[{\"@type\":\"WebPage\",\"@id\":\"https:\\\/\\\/www.ghostysky.com\\\/product\\\/geosun-gcollector-m502\\\/\",\"url\":\"https:\\\/\\\/www.ghostysky.com\\\/product\\\/geosun-gcollector-m502\\\/\",\"name\":\"Geosun gCollector-M502 - Ghostysky\",\"isPartOf\":{\"@id\":\"https:\\\/\\\/www.ghostysky.com\\\/#website\"},\"primaryImageOfPage\":{\"@id\":\"https:\\\/\\\/www.ghostysky.com\\\/product\\\/geosun-gcollector-m502\\\/#primaryimage\"},\"image\":{\"@id\":\"https:\\\/\\\/www.ghostysky.com\\\/product\\\/geosun-gcollector-m502\\\/#primaryimage\"},\"thumbnailUrl\":\"https:\\\/\\\/www.ghostysky.com\\\/wp-content\\\/uploads\\\/2026\\\/05\\\/GH_Geosun_gCollector-M502.webp\",\"datePublished\":\"2026-05-08T17:23:06+00:00\",\"dateModified\":\"2026-05-08T17:30:12+00:00\",\"description\":\"The Geosun gCollector-M502 is a professional-grade, mobile reality capture system designed for high-precision road and urban mapping. It is a \\\"top-of-car\\\" powerhouse that integrates high-end LiDAR, panoramic imaging, and advanced positioning sensors into a single, vehicle-mounted unit.\",\"breadcrumb\":{\"@id\":\"https:\\\/\\\/www.ghostysky.com\\\/product\\\/geosun-gcollector-m502\\\/#breadcrumb\"},\"inLanguage\":\"fr-FR\",\"potentialAction\":[{\"@type\":\"ReadAction\",\"target\":[\"https:\\\/\\\/www.ghostysky.com\\\/product\\\/geosun-gcollector-m502\\\/\"]}]},{\"@type\":\"ImageObject\",\"inLanguage\":\"fr-FR\",\"@id\":\"https:\\\/\\\/www.ghostysky.com\\\/product\\\/geosun-gcollector-m502\\\/#primaryimage\",\"url\":\"https:\\\/\\\/www.ghostysky.com\\\/wp-content\\\/uploads\\\/2026\\\/05\\\/GH_Geosun_gCollector-M502.webp\",\"contentUrl\":\"https:\\\/\\\/www.ghostysky.com\\\/wp-content\\\/uploads\\\/2026\\\/05\\\/GH_Geosun_gCollector-M502.webp\",\"width\":400,\"height\":400},{\"@type\":\"BreadcrumbList\",\"@id\":\"https:\\\/\\\/www.ghostysky.com\\\/product\\\/geosun-gcollector-m502\\\/#breadcrumb\",\"itemListElement\":[{\"@type\":\"ListItem\",\"position\":1,\"name\":\"Home\",\"item\":\"https:\\\/\\\/www.ghostysky.com\\\/\"},{\"@type\":\"ListItem\",\"position\":2,\"name\":\"Shop\",\"item\":\"https:\\\/\\\/www.ghostysky.com\\\/shop\\\/\"},{\"@type\":\"ListItem\",\"position\":3,\"name\":\"Geosun gCollector-M502\"}]},{\"@type\":\"WebSite\",\"@id\":\"https:\\\/\\\/www.ghostysky.com\\\/#website\",\"url\":\"https:\\\/\\\/www.ghostysky.com\\\/\",\"name\":\"Ghostysky\",\"description\":\"Delivering professional drones and robotics solutions\",\"publisher\":{\"@id\":\"https:\\\/\\\/www.ghostysky.com\\\/#organization\"},\"potentialAction\":[{\"@type\":\"SearchAction\",\"target\":{\"@type\":\"EntryPoint\",\"urlTemplate\":\"https:\\\/\\\/www.ghostysky.com\\\/?s={search_term_string}\"},\"query-input\":{\"@type\":\"PropertyValueSpecification\",\"valueRequired\":true,\"valueName\":\"search_term_string\"}}],\"inLanguage\":\"fr-FR\"},{\"@type\":\"Organization\",\"@id\":\"https:\\\/\\\/www.ghostysky.com\\\/#organization\",\"name\":\"Ghostysky\",\"url\":\"https:\\\/\\\/www.ghostysky.com\\\/\",\"logo\":{\"@type\":\"ImageObject\",\"inLanguage\":\"fr-FR\",\"@id\":\"https:\\\/\\\/www.ghostysky.com\\\/#\\\/schema\\\/logo\\\/image\\\/\",\"url\":\"https:\\\/\\\/www.ghostysky.com\\\/wp-content\\\/uploads\\\/2020\\\/06\\\/cropped-ghostyskylogo_text_white2.png\",\"contentUrl\":\"https:\\\/\\\/www.ghostysky.com\\\/wp-content\\\/uploads\\\/2020\\\/06\\\/cropped-ghostyskylogo_text_white2.png\",\"width\":169,\"height\":56,\"caption\":\"Ghostysky\"},\"image\":{\"@id\":\"https:\\\/\\\/www.ghostysky.com\\\/#\\\/schema\\\/logo\\\/image\\\/\"},\"sameAs\":[\"https:\\\/\\\/www.facebook.com\\\/people\\\/Ghostysky\\\/100057676170234\\\/\",\"https:\\\/\\\/x.com\\\/Gh0stysky\",\"https:\\\/\\\/www.linkedin.com\\\/company\\\/34739653\",\"https:\\\/\\\/www.instagram.com\\\/gh0stysky\"]}]}<\/script>\n<!-- \/ Yoast SEO plugin. -->","yoast_head_json":{"title":"Geosun gCollector-M502 - Ghostysky","description":"Le Geosun gCollector-M502 est un syst\u00e8me de capture de la r\u00e9alit\u00e9 mobile de qualit\u00e9 professionnelle, con\u00e7u pour la cartographie routi\u00e8re et urbaine de haute pr\u00e9cision. Ce puissant appareil embarqu\u00e9 sur v\u00e9hicule int\u00e8gre un LiDAR haut de gamme, l&#039;imagerie panoramique et des capteurs de positionnement avanc\u00e9s dans une seule unit\u00e9.","robots":{"index":"index","follow":"follow","max-snippet":"max-snippet:-1","max-image-preview":"max-image-preview:large","max-video-preview":"max-video-preview:-1"},"canonical":"https:\/\/www.ghostysky.com\/fr\/product\/geosun-gcollector-m502\/","og_locale":"fr_FR","og_type":"article","og_title":"Geosun gCollector-M502 - Ghostysky","og_description":"The Geosun gCollector-M502 is a professional-grade, mobile reality capture system designed for high-precision road and urban mapping. It is a \"top-of-car\" powerhouse that integrates high-end LiDAR, panoramic imaging, and advanced positioning sensors into a single, vehicle-mounted unit.","og_url":"https:\/\/www.ghostysky.com\/fr\/product\/geosun-gcollector-m502\/","og_site_name":"Ghostysky","article_publisher":"https:\/\/www.facebook.com\/people\/Ghostysky\/100057676170234\/","article_modified_time":"2026-05-08T17:30:12+00:00","og_image":[{"width":400,"height":400,"url":"https:\/\/www.ghostysky.com\/wp-content\/uploads\/2026\/05\/GH_Geosun_gCollector-M502.webp","type":"image\/webp"}],"twitter_card":"summary_large_image","twitter_site":"@Gh0stysky","twitter_misc":{"Dur\u00e9e de lecture estim\u00e9e":"2 minutes"},"schema":{"@context":"https:\/\/schema.org","@graph":[{"@type":"WebPage","@id":"https:\/\/www.ghostysky.com\/product\/geosun-gcollector-m502\/","url":"https:\/\/www.ghostysky.com\/product\/geosun-gcollector-m502\/","name":"Geosun gCollector-M502 - Ghostysky","isPartOf":{"@id":"https:\/\/www.ghostysky.com\/#website"},"primaryImageOfPage":{"@id":"https:\/\/www.ghostysky.com\/product\/geosun-gcollector-m502\/#primaryimage"},"image":{"@id":"https:\/\/www.ghostysky.com\/product\/geosun-gcollector-m502\/#primaryimage"},"thumbnailUrl":"https:\/\/www.ghostysky.com\/wp-content\/uploads\/2026\/05\/GH_Geosun_gCollector-M502.webp","datePublished":"2026-05-08T17:23:06+00:00","dateModified":"2026-05-08T17:30:12+00:00","description":"Le Geosun gCollector-M502 est un syst\u00e8me de capture de la r\u00e9alit\u00e9 mobile de qualit\u00e9 professionnelle, con\u00e7u pour la cartographie routi\u00e8re et urbaine de haute pr\u00e9cision. Ce puissant appareil embarqu\u00e9 sur v\u00e9hicule int\u00e8gre un LiDAR haut de gamme, l&#039;imagerie panoramique et des capteurs de positionnement avanc\u00e9s dans une seule unit\u00e9.","breadcrumb":{"@id":"https:\/\/www.ghostysky.com\/product\/geosun-gcollector-m502\/#breadcrumb"},"inLanguage":"fr-FR","potentialAction":[{"@type":"ReadAction","target":["https:\/\/www.ghostysky.com\/product\/geosun-gcollector-m502\/"]}]},{"@type":"ImageObject","inLanguage":"fr-FR","@id":"https:\/\/www.ghostysky.com\/product\/geosun-gcollector-m502\/#primaryimage","url":"https:\/\/www.ghostysky.com\/wp-content\/uploads\/2026\/05\/GH_Geosun_gCollector-M502.webp","contentUrl":"https:\/\/www.ghostysky.com\/wp-content\/uploads\/2026\/05\/GH_Geosun_gCollector-M502.webp","width":400,"height":400},{"@type":"BreadcrumbList","@id":"https:\/\/www.ghostysky.com\/product\/geosun-gcollector-m502\/#breadcrumb","itemListElement":[{"@type":"ListItem","position":1,"name":"Home","item":"https:\/\/www.ghostysky.com\/"},{"@type":"ListItem","position":2,"name":"Shop","item":"https:\/\/www.ghostysky.com\/shop\/"},{"@type":"ListItem","position":3,"name":"Geosun gCollector-M502"}]},{"@type":"WebSite","@id":"https:\/\/www.ghostysky.com\/#website","url":"https:\/\/www.ghostysky.com\/","name":"Ghostysky","description":"Fourniture de solutions professionnelles en mati\u00e8re de drones et de robotique","publisher":{"@id":"https:\/\/www.ghostysky.com\/#organization"},"potentialAction":[{"@type":"SearchAction","target":{"@type":"EntryPoint","urlTemplate":"https:\/\/www.ghostysky.com\/?s={search_term_string}"},"query-input":{"@type":"PropertyValueSpecification","valueRequired":true,"valueName":"search_term_string"}}],"inLanguage":"fr-FR"},{"@type":"Organization","@id":"https:\/\/www.ghostysky.com\/#organization","name":"Ghostysky","url":"https:\/\/www.ghostysky.com\/","logo":{"@type":"ImageObject","inLanguage":"fr-FR","@id":"https:\/\/www.ghostysky.com\/#\/schema\/logo\/image\/","url":"https:\/\/www.ghostysky.com\/wp-content\/uploads\/2020\/06\/cropped-ghostyskylogo_text_white2.png","contentUrl":"https:\/\/www.ghostysky.com\/wp-content\/uploads\/2020\/06\/cropped-ghostyskylogo_text_white2.png","width":169,"height":56,"caption":"Ghostysky"},"image":{"@id":"https:\/\/www.ghostysky.com\/#\/schema\/logo\/image\/"},"sameAs":["https:\/\/www.facebook.com\/people\/Ghostysky\/100057676170234\/","https:\/\/x.com\/Gh0stysky","https:\/\/www.linkedin.com\/company\/34739653","https:\/\/www.instagram.com\/gh0stysky"]}]}},"_links":{"self":[{"href":"https:\/\/www.ghostysky.com\/fr\/wp-json\/wp\/v2\/product\/26063","targetHints":{"allow":["GET"]}}],"collection":[{"href":"https:\/\/www.ghostysky.com\/fr\/wp-json\/wp\/v2\/product"}],"about":[{"href":"https:\/\/www.ghostysky.com\/fr\/wp-json\/wp\/v2\/types\/product"}],"replies":[{"embeddable":true,"href":"https:\/\/www.ghostysky.com\/fr\/wp-json\/wp\/v2\/comments?post=26063"}],"version-history":[{"count":1,"href":"https:\/\/www.ghostysky.com\/fr\/wp-json\/wp\/v2\/product\/26063\/revisions"}],"predecessor-version":[{"id":26067,"href":"https:\/\/www.ghostysky.com\/fr\/wp-json\/wp\/v2\/product\/26063\/revisions\/26067"}],"wp:featuredmedia":[{"embeddable":true,"href":"https:\/\/www.ghostysky.com\/fr\/wp-json\/wp\/v2\/media\/26066"}],"wp:attachment":[{"href":"https:\/\/www.ghostysky.com\/fr\/wp-json\/wp\/v2\/media?parent=26063"}],"wp:term":[{"taxonomy":"product_brand","embeddable":true,"href":"https:\/\/www.ghostysky.com\/fr\/wp-json\/wp\/v2\/product_brand?post=26063"},{"taxonomy":"product_cat","embeddable":true,"href":"https:\/\/www.ghostysky.com\/fr\/wp-json\/wp\/v2\/product_cat?post=26063"},{"taxonomy":"product_tag","embeddable":true,"href":"https:\/\/www.ghostysky.com\/fr\/wp-json\/wp\/v2\/product_tag?post=26063"}],"curies":[{"name":"wp","href":"https:\/\/api.w.org\/{rel}","templated":true}]}}