{"id":26086,"date":"2026-05-08T17:57:16","date_gmt":"2026-05-08T17:57:16","guid":{"rendered":"https:\/\/www.ghostysky.com\/?post_type=product&#038;p=26086"},"modified":"2026-05-08T18:06:00","modified_gmt":"2026-05-08T18:06:00","slug":"brainco-revo-2-touch-biomimetic-dexterous-left-hand-2","status":"publish","type":"product","link":"https:\/\/www.ghostysky.com\/fr\/product\/brainco-revo-2-touch-biomimetic-dexterous-left-hand-2\/","title":{"rendered":"Main robotique de base BrainCo Revo 3"},"content":{"rendered":"<h3 data-path-to-node=\"3\">Principales caract\u00e9ristiques et sp\u00e9cifications<\/h3>\n<h3 data-path-to-node=\"4\">1. Dext\u00e9rit\u00e9 \u00e9quivalente \u00e0 celle de l&#039;homme<\/h3>\n<p data-path-to-node=\"5\">Avec <b data-path-to-node=\"5\" data-index-in-node=\"5\">21 degr\u00e9s de libert\u00e9<\/b>, Le Revo 3 peut reproduire la quasi-totalit\u00e9 des mouvements d&#039;une main humaine. Cela permet d&#039;effectuer des t\u00e2ches de manipulation complexes qui \u00e9taient auparavant difficiles pour les mains robotis\u00e9es, telles que\u00a0:<\/p>\n<ul data-path-to-node=\"6\">\n<li>\n<p id=\"p-rc_3ea036b0c8ce928a-70\" data-path-to-node=\"6,0,0\"><span class=\"citation-83 citation-end-83\">R\u00e9soudre un Rubik&#039;s Cube.<\/span><\/p>\n<\/li>\n<li>\n<p id=\"p-rc_3ea036b0c8ce928a-71\" data-path-to-node=\"6,1,0\"><span class=\"citation-82 citation-end-82\">R\u00e9aliser des figures complexes avec des cordes et des n\u0153uds.<\/span><\/p>\n<\/li>\n<li>\n<p id=\"p-rc_3ea036b0c8ce928a-72\" data-path-to-node=\"6,2,0\"><span class=\"citation-81 citation-end-81\">Manipulation d\u00e9licate d&#039;outils (par exemple, utilisation de ciseaux ou d&#039;une pipette).<\/span><\/p>\n<\/li>\n<\/ul>\n<h3 data-path-to-node=\"7\">2. Haute performance et durabilit\u00e9<\/h3>\n<ul data-path-to-node=\"8\">\n<li>\n<p data-path-to-node=\"8,0,0\"><b data-path-to-node=\"8,0,0\" data-index-in-node=\"0\">Capacit\u00e9 de charge :<\/b> Capable de <b data-path-to-node=\"8,0,0\" data-index-in-node=\"28\">charge statique de 30 kg<\/b> et une force de pr\u00e9hension manuelle d&#039;environ <b data-path-to-node=\"8,0,0\" data-index-in-node=\"98\">50N<\/b>.<\/p>\n<\/li>\n<li>\n<p data-path-to-node=\"8,1,0\"><b data-path-to-node=\"8,1,0\" data-index-in-node=\"0\">Pr\u00e9cision:<\/b> Pr\u00e9sente une pr\u00e9cision de r\u00e9p\u00e9tabilit\u00e9 de <b data-path-to-node=\"8,1,0\" data-index-in-node=\"48\">0,1 mm<\/b>, ce qui le rend adapt\u00e9 \u00e0 l&#039;assemblage de composants \u00e9lectroniques l\u00e9gers.<\/p>\n<\/li>\n<li>\n<p id=\"p-rc_3ea036b0c8ce928a-73\" data-path-to-node=\"8,2,0\"><b data-path-to-node=\"8,2,0\" data-index-in-node=\"0\">Vitesse:<\/b><span class=\"citation-80\"> Un temps d&#039;ouverture\/fermeture rapide d&#039;environ <\/span><b data-path-to-node=\"8,2,0\" data-index-in-node=\"42\"><span class=\"citation-80\">0,8 seconde<\/span><\/b><span class=\"citation-80 citation-end-80\">, permettant une pr\u00e9hension r\u00e9active.<\/span><\/p>\n<\/li>\n<\/ul>\n<h3 data-path-to-node=\"9\">3. Construction et quincaillerie<\/h3>\n<ul data-path-to-node=\"10\">\n<li>\n<p data-path-to-node=\"10,0,0\"><b data-path-to-node=\"10,0,0\" data-index-in-node=\"0\">Mat\u00e9riels:<\/b> Construit \u00e0 l&#039;aide de <b data-path-to-node=\"10,0,0\" data-index-in-node=\"23\">Alliage d&#039;aluminium de qualit\u00e9 a\u00e9rospatiale<\/b> pour la structure interne et <b data-path-to-node=\"10,0,0\" data-index-in-node=\"85\">Plastique de qualit\u00e9 alimentaire<\/b> pour le bo\u00eetier ext\u00e9rieur.<\/p>\n<\/li>\n<li>\n<p data-path-to-node=\"10,1,0\"><b data-path-to-node=\"10,1,0\" data-index-in-node=\"0\">Syst\u00e8me d&#039;entra\u00eenement :<\/b> Utilise des micromoteurs de haute pr\u00e9cision avec entra\u00eenement direct ou transmission optimis\u00e9e pour maintenir un profil l\u00e9ger (environ. <b data-path-to-node=\"10,1,0\" data-index-in-node=\"138\">540 g<\/b>).<\/p>\n<\/li>\n<li>\n<p data-path-to-node=\"10,2,0\"><b data-path-to-node=\"10,2,0\" data-index-in-node=\"0\">Communication:<\/b> Soutient <b data-path-to-node=\"10,2,0\" data-index-in-node=\"24\">RS485<\/b> et <b data-path-to-node=\"10,2,0\" data-index-in-node=\"34\">CAN\/CANfd<\/b> des protocoles en standard, assurant la compatibilit\u00e9 avec les principaux contr\u00f4leurs de robots et le <b data-path-to-node=\"10,2,0\" data-index-in-node=\"127\">Unitree G1\/H1<\/b> Plateformes humano\u00efdes.<\/p>\n<\/li>\n<\/ul>\n<p>&nbsp;<\/p>\n<p>&nbsp;<\/p>\n<h3 data-path-to-node=\"12\">Tableau technique<\/h3>\n<table data-path-to-node=\"13\">\n<thead>\n<tr>\n<td><strong>Fonctionnalit\u00e9<\/strong><\/td>\n<td><strong>Sp\u00e9cifications (Revo 3 Basic)<\/strong><\/td>\n<\/tr>\n<\/thead>\n<tbody>\n<tr>\n<td><span data-path-to-node=\"13,1,0,0\"><b data-path-to-node=\"13,1,0,0\" data-index-in-node=\"0\">Degr\u00e9s de libert\u00e9<\/b><\/span><\/td>\n<td><span data-path-to-node=\"13,1,1,0\">21 degr\u00e9s de libert\u00e9 (Syst\u00e8me d&#039;articulation bionique)<\/span><\/td>\n<\/tr>\n<tr>\n<td><span data-path-to-node=\"13,2,0,0\"><b data-path-to-node=\"13,2,0,0\" data-index-in-node=\"0\">Poids<\/b><\/span><\/td>\n<td><span data-path-to-node=\"13,2,1,0\">~540 g<\/span><\/td>\n<\/tr>\n<tr>\n<td><span data-path-to-node=\"13,3,0,0\"><b data-path-to-node=\"13,3,0,0\" data-index-in-node=\"0\">Force de pr\u00e9hension (Puissance)<\/b><\/span><\/td>\n<td><span data-path-to-node=\"13,3,1,0\">50N<\/span><\/td>\n<\/tr>\n<tr>\n<td><span data-path-to-node=\"13,4,0,0\"><b data-path-to-node=\"13,4,0,0\" data-index-in-node=\"0\">Chargement \u00e0 un doigt<\/b><\/span><\/td>\n<td><span data-path-to-node=\"13,4,1,0\">Jusqu&#039;\u00e0 8 kg<\/span><\/td>\n<\/tr>\n<tr>\n<td><span data-path-to-node=\"13,5,0,0\"><b data-path-to-node=\"13,5,0,0\" data-index-in-node=\"0\">Plage de tension<\/b><\/span><\/td>\n<td><span data-path-to-node=\"13,5,1,0\">9,5 V \u2013 28 V<\/span><\/td>\n<\/tr>\n<tr>\n<td><span data-path-to-node=\"13,6,0,0\"><b data-path-to-node=\"13,6,0,0\" data-index-in-node=\"0\">Communication<\/b><\/span><\/td>\n<td><span data-path-to-node=\"13,6,1,0\">RS485, CAN, CANfd<\/span><\/td>\n<\/tr>\n<tr>\n<td><span data-path-to-node=\"13,7,0,0\"><b data-path-to-node=\"13,7,0,0\" data-index-in-node=\"0\">Modes de contr\u00f4le<\/b><\/span><\/td>\n<td><span data-path-to-node=\"13,7,1,0\">Contr\u00f4le de position, de vitesse et de courant<\/span><\/td>\n<\/tr>\n<tr>\n<td><span data-path-to-node=\"13,8,0,0\"><b data-path-to-node=\"13,8,0,0\" data-index-in-node=\"0\">Assistance logicielle<\/b><\/span><\/td>\n<td><span data-path-to-node=\"13,8,1,0\">Kit de d\u00e9veloppement logiciel (Python\/C++), ROS 2, Isaac Sim\/MuJoCo<\/span><\/td>\n<\/tr>\n<\/tbody>\n<\/table>\n<p>&nbsp;<\/p>\n<p>&nbsp;<\/p>\n<h3 data-path-to-node=\"15\">Meilleurs cas d&#039;utilisation<\/h3>\n<p data-path-to-node=\"16\">Le <b data-path-to-node=\"16\" data-index-in-node=\"4\">Revo 3 21 Basic<\/b> est sp\u00e9cifiquement positionn\u00e9 pour :<\/p>\n<ul data-path-to-node=\"17\">\n<li>\n<p data-path-to-node=\"17,0,0\"><b data-path-to-node=\"17,0,0\" data-index-in-node=\"0\">Recherche sur l&#039;IA incarn\u00e9e\u00a0:<\/b> Entra\u00eenement de mod\u00e8les d&#039;apprentissage par renforcement n\u00e9cessitant des espaces d&#039;actions \u00e0 grand nombre de degr\u00e9s de libert\u00e9.<\/p>\n<\/li>\n<li>\n<p data-path-to-node=\"17,1,0\"><b data-path-to-node=\"17,1,0\" data-index-in-node=\"0\">D\u00e9veloppement humano\u00efde :<\/b> Servant d&#039;effecteur final pour les humano\u00efdes de recherche.<\/p>\n<\/li>\n<li>\n<p data-path-to-node=\"17,2,0\"><b data-path-to-node=\"17,2,0\" data-index-in-node=\"0\">\u00c9ducation:<\/b> Une plateforme robuste permettant aux universit\u00e9s d&#039;explorer le contr\u00f4le et la cin\u00e9matique bioniques sans les co\u00fbts suppl\u00e9mentaires li\u00e9s aux r\u00e9seaux de capteurs tactiles.<\/p>\n<\/li>\n<\/ul>\n<blockquote data-path-to-node=\"18\">\n<p data-path-to-node=\"18,0\"><b data-path-to-node=\"18,0\" data-index-in-node=\"0\">Note:<\/b> Bien que le Revo 3 Basic comprenne des capteurs de position et de courant pour la protection anti-pincement et anti-chute, il ne poss\u00e8de pas la capacit\u00e9 du mod\u00e8le \u201c Touch \u201d \u00e0 d\u00e9tecter la texture, la friction et la direction de la force.<\/p>\n<\/blockquote>","protected":false},"excerpt":{"rendered":"<p data-path-to-node=\"0\"><span class=\"citation-84\">Le <\/span><b data-path-to-node=\"0\" data-index-in-node=\"4\"><span class=\"citation-84\">BrainCo Revo 3 Basic<\/span><\/b><span class=\"citation-84 citation-end-84\"> Il s&#039;agit d&#039;une main bionique de nouvelle g\u00e9n\u00e9ration, dot\u00e9e d&#039;une grande dext\u00e9rit\u00e9, con\u00e7ue pour la robotique humano\u00efde, la recherche et l&#039;automatisation avanc\u00e9e.<\/span> Sorti d\u00e9but 2026, le \u201c 21 \u201d de son nom fait r\u00e9f\u00e9rence \u00e0 son <b data-path-to-node=\"0\" data-index-in-node=\"197\">21 degr\u00e9s de libert\u00e9 (DoF)<\/b>, ce qui repr\u00e9sente un bond significatif en termes de complexit\u00e9 m\u00e9canique et de mouvements plus proches de ceux de l&#039;homme par rapport \u00e0 la s\u00e9rie Revo 2 \u00e0 11 degr\u00e9s de libert\u00e9.<\/p>\n<p data-path-to-node=\"1\">Le <b data-path-to-node=\"1\" data-index-in-node=\"4\">Basique<\/b> Cette variante sert de point d&#039;entr\u00e9e \u00e0 la gamme Revo 3, offrant toute la gamme m\u00e9canique du syst\u00e8me 21-DoF sans les capteurs tactiles multimodaux co\u00fbteux que l&#039;on trouve sur les mod\u00e8les \u201c Touch \u201d ou \u201c Pro \u201d.<\/p>","protected":false},"featured_media":26092,"comment_status":"open","ping_status":"closed","template":"","meta":[],"product_brand":[1383],"product_cat":[1041,1382,1381,1037],"product_tag":[],"class_list":{"0":"post-26086","1":"product","2":"type-product","3":"status-publish","4":"has-post-thumbnail","6":"product_brand-brainco","7":"product_cat-arms-grippers","8":"product_cat-bionic-dexterous-hands","9":"product_cat-brainco","10":"product_cat-robotics","12":"first","13":"onbackorder","14":"taxable","15":"shipping-taxable","16":"product-type-simple"},"yoast_head":"<!-- This site is optimized with the Yoast SEO plugin v27.4 - https:\/\/yoast.com\/product\/yoast-seo-wordpress\/ -->\n<title>BrainCo Revo 3 Basic Robot Hand - Ghostysky<\/title>\n<meta name=\"description\" content=\"The BrainCo Revo 3 21 Basic is a next-generation bionic dexterous hand designed for humanoid robotics, research, and advanced automation. Released in early 2026, the &quot;21&quot; in its name refers to its 21 Degrees of Freedom (DoF), marking a significant leap in mechanical complexity and human-like movement compared to the 11-DoF Revo 2 series. The Basic variant serves as the entry-point for the Revo 3 lineup, offering the full mechanical range of the 21-DoF system without the high-cost multi-modal tactile sensor skins found on the &quot;Touch&quot; or &quot;Pro&quot; models.\" \/>\n<meta name=\"robots\" content=\"index, follow, max-snippet:-1, max-image-preview:large, max-video-preview:-1\" \/>\n<link rel=\"canonical\" href=\"https:\/\/www.ghostysky.com\/fr\/product\/brainco-revo-2-touch-biomimetic-dexterous-left-hand-2\/\" \/>\n<meta property=\"og:locale\" content=\"fr_FR\" \/>\n<meta property=\"og:type\" content=\"article\" \/>\n<meta property=\"og:title\" content=\"BrainCo Revo 3 Basic Robot Hand - Ghostysky\" \/>\n<meta property=\"og:description\" content=\"The BrainCo Revo 3 21 Basic is a next-generation bionic dexterous hand designed for humanoid robotics, research, and advanced automation. Released in early 2026, the &quot;21&quot; in its name refers to its 21 Degrees of Freedom (DoF), marking a significant leap in mechanical complexity and human-like movement compared to the 11-DoF Revo 2 series. The Basic variant serves as the entry-point for the Revo 3 lineup, offering the full mechanical range of the 21-DoF system without the high-cost multi-modal tactile sensor skins found on the &quot;Touch&quot; or &quot;Pro&quot; models.\" \/>\n<meta property=\"og:url\" content=\"https:\/\/www.ghostysky.com\/fr\/product\/brainco-revo-2-touch-biomimetic-dexterous-left-hand-2\/\" \/>\n<meta property=\"og:site_name\" content=\"Ghostysky\" \/>\n<meta property=\"article:publisher\" content=\"https:\/\/www.facebook.com\/people\/Ghostysky\/100057676170234\/\" \/>\n<meta property=\"article:modified_time\" content=\"2026-05-08T18:06:00+00:00\" \/>\n<meta property=\"og:image\" content=\"https:\/\/www.ghostysky.com\/wp-content\/uploads\/2026\/05\/GH_brainco-revo-3-21-basic-robot-hand-right.jpg\" \/>\n\t<meta property=\"og:image:width\" content=\"700\" \/>\n\t<meta property=\"og:image:height\" content=\"700\" \/>\n\t<meta property=\"og:image:type\" content=\"image\/jpeg\" \/>\n<meta name=\"twitter:card\" content=\"summary_large_image\" \/>\n<meta name=\"twitter:site\" content=\"@Gh0stysky\" \/>\n<meta name=\"twitter:label1\" content=\"Dur\u00e9e de lecture estim\u00e9e\" \/>\n\t<meta name=\"twitter:data1\" content=\"2 minutes\" \/>\n<script type=\"application\/ld+json\" class=\"yoast-schema-graph\">{\"@context\":\"https:\\\/\\\/schema.org\",\"@graph\":[{\"@type\":\"WebPage\",\"@id\":\"https:\\\/\\\/www.ghostysky.com\\\/product\\\/brainco-revo-2-touch-biomimetic-dexterous-left-hand-2\\\/\",\"url\":\"https:\\\/\\\/www.ghostysky.com\\\/product\\\/brainco-revo-2-touch-biomimetic-dexterous-left-hand-2\\\/\",\"name\":\"BrainCo Revo 3 Basic Robot Hand - Ghostysky\",\"isPartOf\":{\"@id\":\"https:\\\/\\\/www.ghostysky.com\\\/#website\"},\"primaryImageOfPage\":{\"@id\":\"https:\\\/\\\/www.ghostysky.com\\\/product\\\/brainco-revo-2-touch-biomimetic-dexterous-left-hand-2\\\/#primaryimage\"},\"image\":{\"@id\":\"https:\\\/\\\/www.ghostysky.com\\\/product\\\/brainco-revo-2-touch-biomimetic-dexterous-left-hand-2\\\/#primaryimage\"},\"thumbnailUrl\":\"https:\\\/\\\/www.ghostysky.com\\\/wp-content\\\/uploads\\\/2026\\\/05\\\/GH_brainco-revo-3-21-basic-robot-hand-right.jpg\",\"datePublished\":\"2026-05-08T17:57:16+00:00\",\"dateModified\":\"2026-05-08T18:06:00+00:00\",\"description\":\"The BrainCo Revo 3 21 Basic is a next-generation bionic dexterous hand designed for humanoid robotics, research, and advanced automation. Released in early 2026, the \\\"21\\\" in its name refers to its 21 Degrees of Freedom (DoF), marking a significant leap in mechanical complexity and human-like movement compared to the 11-DoF Revo 2 series. The Basic variant serves as the entry-point for the Revo 3 lineup, offering the full mechanical range of the 21-DoF system without the high-cost multi-modal tactile sensor skins found on the \\\"Touch\\\" or \\\"Pro\\\" models.\",\"breadcrumb\":{\"@id\":\"https:\\\/\\\/www.ghostysky.com\\\/product\\\/brainco-revo-2-touch-biomimetic-dexterous-left-hand-2\\\/#breadcrumb\"},\"inLanguage\":\"fr-FR\",\"potentialAction\":[{\"@type\":\"ReadAction\",\"target\":[\"https:\\\/\\\/www.ghostysky.com\\\/product\\\/brainco-revo-2-touch-biomimetic-dexterous-left-hand-2\\\/\"]}]},{\"@type\":\"ImageObject\",\"inLanguage\":\"fr-FR\",\"@id\":\"https:\\\/\\\/www.ghostysky.com\\\/product\\\/brainco-revo-2-touch-biomimetic-dexterous-left-hand-2\\\/#primaryimage\",\"url\":\"https:\\\/\\\/www.ghostysky.com\\\/wp-content\\\/uploads\\\/2026\\\/05\\\/GH_brainco-revo-3-21-basic-robot-hand-right.jpg\",\"contentUrl\":\"https:\\\/\\\/www.ghostysky.com\\\/wp-content\\\/uploads\\\/2026\\\/05\\\/GH_brainco-revo-3-21-basic-robot-hand-right.jpg\",\"width\":700,\"height\":700},{\"@type\":\"BreadcrumbList\",\"@id\":\"https:\\\/\\\/www.ghostysky.com\\\/product\\\/brainco-revo-2-touch-biomimetic-dexterous-left-hand-2\\\/#breadcrumb\",\"itemListElement\":[{\"@type\":\"ListItem\",\"position\":1,\"name\":\"Home\",\"item\":\"https:\\\/\\\/www.ghostysky.com\\\/\"},{\"@type\":\"ListItem\",\"position\":2,\"name\":\"Shop\",\"item\":\"https:\\\/\\\/www.ghostysky.com\\\/shop\\\/\"},{\"@type\":\"ListItem\",\"position\":3,\"name\":\"BrainCo Revo 3 Basic Robot Hand\"}]},{\"@type\":\"WebSite\",\"@id\":\"https:\\\/\\\/www.ghostysky.com\\\/#website\",\"url\":\"https:\\\/\\\/www.ghostysky.com\\\/\",\"name\":\"Ghostysky\",\"description\":\"Delivering professional drones and robotics solutions\",\"publisher\":{\"@id\":\"https:\\\/\\\/www.ghostysky.com\\\/#organization\"},\"potentialAction\":[{\"@type\":\"SearchAction\",\"target\":{\"@type\":\"EntryPoint\",\"urlTemplate\":\"https:\\\/\\\/www.ghostysky.com\\\/?s={search_term_string}\"},\"query-input\":{\"@type\":\"PropertyValueSpecification\",\"valueRequired\":true,\"valueName\":\"search_term_string\"}}],\"inLanguage\":\"fr-FR\"},{\"@type\":\"Organization\",\"@id\":\"https:\\\/\\\/www.ghostysky.com\\\/#organization\",\"name\":\"Ghostysky\",\"url\":\"https:\\\/\\\/www.ghostysky.com\\\/\",\"logo\":{\"@type\":\"ImageObject\",\"inLanguage\":\"fr-FR\",\"@id\":\"https:\\\/\\\/www.ghostysky.com\\\/#\\\/schema\\\/logo\\\/image\\\/\",\"url\":\"https:\\\/\\\/www.ghostysky.com\\\/wp-content\\\/uploads\\\/2020\\\/06\\\/cropped-ghostyskylogo_text_white2.png\",\"contentUrl\":\"https:\\\/\\\/www.ghostysky.com\\\/wp-content\\\/uploads\\\/2020\\\/06\\\/cropped-ghostyskylogo_text_white2.png\",\"width\":169,\"height\":56,\"caption\":\"Ghostysky\"},\"image\":{\"@id\":\"https:\\\/\\\/www.ghostysky.com\\\/#\\\/schema\\\/logo\\\/image\\\/\"},\"sameAs\":[\"https:\\\/\\\/www.facebook.com\\\/people\\\/Ghostysky\\\/100057676170234\\\/\",\"https:\\\/\\\/x.com\\\/Gh0stysky\",\"https:\\\/\\\/www.linkedin.com\\\/company\\\/34739653\",\"https:\\\/\\\/www.instagram.com\\\/gh0stysky\"]}]}<\/script>\n<!-- \/ Yoast SEO plugin. -->","yoast_head_json":{"title":"Main robotique basique BrainCo Revo 3 - Ghostysky","description":"La BrainCo Revo 3 21 Basic est une main bionique de nouvelle g\u00e9n\u00e9ration, con\u00e7ue pour la robotique humano\u00efde, la recherche et l&#039;automatisation avanc\u00e9e. Disponible d\u00e9but 2026, son nom, \"\u00a021\u00a0\", fait r\u00e9f\u00e9rence \u00e0 ses 21 degr\u00e9s de libert\u00e9 (DoF), ce qui repr\u00e9sente un progr\u00e8s significatif en termes de complexit\u00e9 m\u00e9canique et de r\u00e9alisme des mouvements par rapport \u00e0 la s\u00e9rie Revo 2 (11 DoF). La version Basic constitue le mod\u00e8le d&#039;entr\u00e9e de gamme de la Revo 3, offrant l&#039;ensemble des capacit\u00e9s m\u00e9caniques du syst\u00e8me 21 DoF sans les capteurs tactiles multimodaux on\u00e9reux pr\u00e9sents sur les mod\u00e8les \"\u00a0Touch\u00a0\" et \"\u00a0Pro\u00a0\".","robots":{"index":"index","follow":"follow","max-snippet":"max-snippet:-1","max-image-preview":"max-image-preview:large","max-video-preview":"max-video-preview:-1"},"canonical":"https:\/\/www.ghostysky.com\/fr\/product\/brainco-revo-2-touch-biomimetic-dexterous-left-hand-2\/","og_locale":"fr_FR","og_type":"article","og_title":"BrainCo Revo 3 Basic Robot Hand - Ghostysky","og_description":"The BrainCo Revo 3 21 Basic is a next-generation bionic dexterous hand designed for humanoid robotics, research, and advanced automation. Released in early 2026, the \"21\" in its name refers to its 21 Degrees of Freedom (DoF), marking a significant leap in mechanical complexity and human-like movement compared to the 11-DoF Revo 2 series. The Basic variant serves as the entry-point for the Revo 3 lineup, offering the full mechanical range of the 21-DoF system without the high-cost multi-modal tactile sensor skins found on the \"Touch\" or \"Pro\" models.","og_url":"https:\/\/www.ghostysky.com\/fr\/product\/brainco-revo-2-touch-biomimetic-dexterous-left-hand-2\/","og_site_name":"Ghostysky","article_publisher":"https:\/\/www.facebook.com\/people\/Ghostysky\/100057676170234\/","article_modified_time":"2026-05-08T18:06:00+00:00","og_image":[{"width":700,"height":700,"url":"https:\/\/www.ghostysky.com\/wp-content\/uploads\/2026\/05\/GH_brainco-revo-3-21-basic-robot-hand-right.jpg","type":"image\/jpeg"}],"twitter_card":"summary_large_image","twitter_site":"@Gh0stysky","twitter_misc":{"Dur\u00e9e de lecture estim\u00e9e":"2 minutes"},"schema":{"@context":"https:\/\/schema.org","@graph":[{"@type":"WebPage","@id":"https:\/\/www.ghostysky.com\/product\/brainco-revo-2-touch-biomimetic-dexterous-left-hand-2\/","url":"https:\/\/www.ghostysky.com\/product\/brainco-revo-2-touch-biomimetic-dexterous-left-hand-2\/","name":"Main robotique basique BrainCo Revo 3 - Ghostysky","isPartOf":{"@id":"https:\/\/www.ghostysky.com\/#website"},"primaryImageOfPage":{"@id":"https:\/\/www.ghostysky.com\/product\/brainco-revo-2-touch-biomimetic-dexterous-left-hand-2\/#primaryimage"},"image":{"@id":"https:\/\/www.ghostysky.com\/product\/brainco-revo-2-touch-biomimetic-dexterous-left-hand-2\/#primaryimage"},"thumbnailUrl":"https:\/\/www.ghostysky.com\/wp-content\/uploads\/2026\/05\/GH_brainco-revo-3-21-basic-robot-hand-right.jpg","datePublished":"2026-05-08T17:57:16+00:00","dateModified":"2026-05-08T18:06:00+00:00","description":"La BrainCo Revo 3 21 Basic est une main bionique de nouvelle g\u00e9n\u00e9ration, con\u00e7ue pour la robotique humano\u00efde, la recherche et l&#039;automatisation avanc\u00e9e. Disponible d\u00e9but 2026, son nom, \"\u00a021\u00a0\", fait r\u00e9f\u00e9rence \u00e0 ses 21 degr\u00e9s de libert\u00e9 (DoF), ce qui repr\u00e9sente un progr\u00e8s significatif en termes de complexit\u00e9 m\u00e9canique et de r\u00e9alisme des mouvements par rapport \u00e0 la s\u00e9rie Revo 2 (11 DoF). La version Basic constitue le mod\u00e8le d&#039;entr\u00e9e de gamme de la Revo 3, offrant l&#039;ensemble des capacit\u00e9s m\u00e9caniques du syst\u00e8me 21 DoF sans les capteurs tactiles multimodaux on\u00e9reux pr\u00e9sents sur les mod\u00e8les \"\u00a0Touch\u00a0\" et \"\u00a0Pro\u00a0\".","breadcrumb":{"@id":"https:\/\/www.ghostysky.com\/product\/brainco-revo-2-touch-biomimetic-dexterous-left-hand-2\/#breadcrumb"},"inLanguage":"fr-FR","potentialAction":[{"@type":"ReadAction","target":["https:\/\/www.ghostysky.com\/product\/brainco-revo-2-touch-biomimetic-dexterous-left-hand-2\/"]}]},{"@type":"ImageObject","inLanguage":"fr-FR","@id":"https:\/\/www.ghostysky.com\/product\/brainco-revo-2-touch-biomimetic-dexterous-left-hand-2\/#primaryimage","url":"https:\/\/www.ghostysky.com\/wp-content\/uploads\/2026\/05\/GH_brainco-revo-3-21-basic-robot-hand-right.jpg","contentUrl":"https:\/\/www.ghostysky.com\/wp-content\/uploads\/2026\/05\/GH_brainco-revo-3-21-basic-robot-hand-right.jpg","width":700,"height":700},{"@type":"BreadcrumbList","@id":"https:\/\/www.ghostysky.com\/product\/brainco-revo-2-touch-biomimetic-dexterous-left-hand-2\/#breadcrumb","itemListElement":[{"@type":"ListItem","position":1,"name":"Home","item":"https:\/\/www.ghostysky.com\/"},{"@type":"ListItem","position":2,"name":"Shop","item":"https:\/\/www.ghostysky.com\/shop\/"},{"@type":"ListItem","position":3,"name":"BrainCo Revo 3 Basic Robot Hand"}]},{"@type":"WebSite","@id":"https:\/\/www.ghostysky.com\/#website","url":"https:\/\/www.ghostysky.com\/","name":"Ghostysky","description":"Fourniture de solutions professionnelles en mati\u00e8re de drones et de robotique","publisher":{"@id":"https:\/\/www.ghostysky.com\/#organization"},"potentialAction":[{"@type":"SearchAction","target":{"@type":"EntryPoint","urlTemplate":"https:\/\/www.ghostysky.com\/?s={search_term_string}"},"query-input":{"@type":"PropertyValueSpecification","valueRequired":true,"valueName":"search_term_string"}}],"inLanguage":"fr-FR"},{"@type":"Organization","@id":"https:\/\/www.ghostysky.com\/#organization","name":"Ghostysky","url":"https:\/\/www.ghostysky.com\/","logo":{"@type":"ImageObject","inLanguage":"fr-FR","@id":"https:\/\/www.ghostysky.com\/#\/schema\/logo\/image\/","url":"https:\/\/www.ghostysky.com\/wp-content\/uploads\/2020\/06\/cropped-ghostyskylogo_text_white2.png","contentUrl":"https:\/\/www.ghostysky.com\/wp-content\/uploads\/2020\/06\/cropped-ghostyskylogo_text_white2.png","width":169,"height":56,"caption":"Ghostysky"},"image":{"@id":"https:\/\/www.ghostysky.com\/#\/schema\/logo\/image\/"},"sameAs":["https:\/\/www.facebook.com\/people\/Ghostysky\/100057676170234\/","https:\/\/x.com\/Gh0stysky","https:\/\/www.linkedin.com\/company\/34739653","https:\/\/www.instagram.com\/gh0stysky"]}]}},"_links":{"self":[{"href":"https:\/\/www.ghostysky.com\/fr\/wp-json\/wp\/v2\/product\/26086","targetHints":{"allow":["GET"]}}],"collection":[{"href":"https:\/\/www.ghostysky.com\/fr\/wp-json\/wp\/v2\/product"}],"about":[{"href":"https:\/\/www.ghostysky.com\/fr\/wp-json\/wp\/v2\/types\/product"}],"replies":[{"embeddable":true,"href":"https:\/\/www.ghostysky.com\/fr\/wp-json\/wp\/v2\/comments?post=26086"}],"version-history":[{"count":3,"href":"https:\/\/www.ghostysky.com\/fr\/wp-json\/wp\/v2\/product\/26086\/revisions"}],"predecessor-version":[{"id":26093,"href":"https:\/\/www.ghostysky.com\/fr\/wp-json\/wp\/v2\/product\/26086\/revisions\/26093"}],"wp:featuredmedia":[{"embeddable":true,"href":"https:\/\/www.ghostysky.com\/fr\/wp-json\/wp\/v2\/media\/26092"}],"wp:attachment":[{"href":"https:\/\/www.ghostysky.com\/fr\/wp-json\/wp\/v2\/media?parent=26086"}],"wp:term":[{"taxonomy":"product_brand","embeddable":true,"href":"https:\/\/www.ghostysky.com\/fr\/wp-json\/wp\/v2\/product_brand?post=26086"},{"taxonomy":"product_cat","embeddable":true,"href":"https:\/\/www.ghostysky.com\/fr\/wp-json\/wp\/v2\/product_cat?post=26086"},{"taxonomy":"product_tag","embeddable":true,"href":"https:\/\/www.ghostysky.com\/fr\/wp-json\/wp\/v2\/product_tag?post=26086"}],"curies":[{"name":"wp","href":"https:\/\/api.w.org\/{rel}","templated":true}]}}